{"id":1015,"date":"2025-07-01T14:16:17","date_gmt":"2025-07-01T14:16:17","guid":{"rendered":"https:\/\/shopvapor.de\/?page_id=1015"},"modified":"2025-07-16T18:32:35","modified_gmt":"2025-07-16T18:32:35","slug":"brandmaerke","status":"publish","type":"page","link":"https:\/\/shopvapor.de\/da\/brandmaerke\/","title":{"rendered":"M\u00e6rker"},"content":{"rendered":"<div data-elementor-type=\"wp-page\" data-elementor-id=\"1015\" class=\"elementor elementor-1015\">\n\t\t\t\t<div class=\"wd-negative-gap elementor-element elementor-element-9e113c0 e-flex e-con-boxed e-con e-parent\" data-id=\"9e113c0\" data-element_type=\"container\">\n\t\t\t\t\t<div class=\"e-con-inner\">\n\t\t\t\t<div class=\"elementor-element elementor-element-91b038f color-scheme-inherit text-left elementor-widget elementor-widget-text-editor\" data-id=\"91b038f\" data-element_type=\"widget\" data-widget_type=\"text-editor.default\">\n\t\t\t\t\t\t\t\t\t<p>I e-cigarets verden arbejder vi med de mest popul\u00e6re m\u00e6rker af vores europ\u00e6iske kunder. Vi tilbyder vores detailkunder mere komfortable shopping og vores grossister billigere k\u00f8bspriser. Vi er begejstrede for e-cigaretmarkedet og f\u00f8lger n\u00f8je de mest popul\u00e6re m\u00e6rker og de nyeste e-cigaretter. Hvis du har brug for et bestemt m\u00e6rke eller produkt, kan du til enhver tid kontakte os. Nedenfor finder du vores m\u00e6rkekategorier.<\/p>\t\t\t\t\t\t\t\t<\/div>\n\t\t\t\t\t<\/div>\n\t\t\t\t<\/div>\n\t\t<div class=\"wd-negative-gap elementor-element elementor-element-300a700 e-flex e-con-boxed e-con e-parent\" data-id=\"300a700\" data-element_type=\"container\">\n\t\t\t\t\t<div class=\"e-con-inner\">\n\t\t\t\t<div class=\"elementor-element elementor-element-a7d5f7a elementor-widget elementor-widget-wd_products_brands\" data-id=\"a7d5f7a\" data-element_type=\"widget\" data-widget_type=\"wd_products_brands.default\">\n\t\t\t\t<div class=\"elementor-widget-container\">\n\t\t\t\t\t\t\t<div class=\"wd-brands brands-widget slider-brands_5621 wd-hover-default wd-style-default wd-layout-grid\" id=\"brands_5621\">\n\t\t\t\n\t\t\t<div class=\"wd-grid-g\" style=\"--wd-col-lg:3;--wd-col-md:3;--wd-col-sm:1;\" >\n\t\t\t\t\n\t\t\t\t\t\t\t\t\t\t\t\t\t\t\t\n\t\t\t\t\t\t<div class=\"wd-col\">\n\t\t\t\t\t\t\t<div class=\"wd-brand-item brand-item\">\n\t\t\t\t\t\t\t\t\t\t\t\t\t\t\t\t\t\t\t\t\t\t\t\t\t\t\t<a title=\"ZOOY\" href=\"https:\/\/shopvapor.de\/da\/maerke\/zooy\/\">\n\t\t\t\t\t\t\t\t\t\n\t\t\t\t\t\t\t\t\tZOOY\n\t\t\t\t\t\t\t\t\t\t\t\t\t\t\t\t\t\t\t<\/a>\n\t\t\t\t\t\t\t\t\t\t\t\t\t\t\t\t\t\t\t\t\t\t\t\t<\/div>\n\t\t\t\t\t\t<\/div>\n\t\t\t\t\t\t\t\t\t\t\t\n\t\t\t\t\t\t<div class=\"wd-col\">\n\t\t\t\t\t\t\t<div class=\"wd-brand-item brand-item\">\n\t\t\t\t\t\t\t\t\t\t\t\t\t\t\t\t\t\t\t\t\t\t\t\t\t\t\t<a title=\"WGA\" href=\"https:\/\/shopvapor.de\/da\/maerke\/wga\/\">\n\t\t\t\t\t\t\t\t\t\n\t\t\t\t\t\t\t\t\tWGA\n\t\t\t\t\t\t\t\t\t\t\t\t\t\t\t\t\t\t\t<\/a>\n\t\t\t\t\t\t\t\t\t\t\t\t\t\t\t\t\t\t\t\t\t\t\t\t<\/div>\n\t\t\t\t\t\t<\/div>\n\t\t\t\t\t\t\t\t\t\t\t\n\t\t\t\t\t\t<div class=\"wd-col\">\n\t\t\t\t\t\t\t<div class=\"wd-brand-item brand-item\">\n\t\t\t\t\t\t\t\t\t\t\t\t\t\t\t\t\t\t\t\t\t\t\t\t\t\t\t<a title=\"WASPE\" href=\"https:\/\/shopvapor.de\/da\/maerke\/hveps\/\">\n\t\t\t\t\t\t\t\t\t\n\t\t\t\t\t\t\t\t\tWASPE\n\t\t\t\t\t\t\t\t\t\t\t\t\t\t\t\t\t\t\t<\/a>\n\t\t\t\t\t\t\t\t\t\t\t\t\t\t\t\t\t\t\t\t\t\t\t\t<\/div>\n\t\t\t\t\t\t<\/div>\n\t\t\t\t\t\t\t\t\t\t\t\n\t\t\t\t\t\t<div class=\"wd-col\">\n\t\t\t\t\t\t\t<div class=\"wd-brand-item brand-item\">\n\t\t\t\t\t\t\t\t\t\t\t\t\t\t\t\t\t\t\t\t\t\t\t\t\t\t\t<a title=\"Vapsolo\" href=\"https:\/\/shopvapor.de\/da\/maerke\/vasolo\/\">\n\t\t\t\t\t\t\t\t\t\n\t\t\t\t\t\t\t\t\tVapsolo\n\t\t\t\t\t\t\t\t\t\t\t\t\t\t\t\t\t\t\t<\/a>\n\t\t\t\t\t\t\t\t\t\t\t\t\t\t\t\t\t\t\t\t\t\t\t\t<\/div>\n\t\t\t\t\t\t<\/div>\n\t\t\t\t\t\t\t\t\t\t\t\n\t\t\t\t\t\t<div class=\"wd-col\">\n\t\t\t\t\t\t\t<div class=\"wd-brand-item brand-item\">\n\t\t\t\t\t\t\t\t\t\t\t\t\t\t\t\t\t\t\t\t\t\t\t\t\t\t\t<a title=\"UZY\" href=\"https:\/\/shopvapor.de\/da\/maerke\/uzy\/\">\n\t\t\t\t\t\t\t\t\t\n\t\t\t\t\t\t\t\t\tUZY\n\t\t\t\t\t\t\t\t\t\t\t\t\t\t\t\t\t\t\t<\/a>\n\t\t\t\t\t\t\t\t\t\t\t\t\t\t\t\t\t\t\t\t\t\t\t\t<\/div>\n\t\t\t\t\t\t<\/div>\n\t\t\t\t\t\t\t\t\t\t\t\n\t\t\t\t\t\t<div class=\"wd-col\">\n\t\t\t\t\t\t\t<div class=\"wd-brand-item brand-item\">\n\t\t\t\t\t\t\t\t\t\t\t\t\t\t\t\t\t\t\t\t\t\t\t\t\t\t\t<a title=\"razzia\" href=\"https:\/\/shopvapor.de\/da\/maerke\/razzia\/\">\n\t\t\t\t\t\t\t\t\t\n\t\t\t\t\t\t\t\t\trazzia\n\t\t\t\t\t\t\t\t\t\t\t\t\t\t\t\t\t\t\t<\/a>\n\t\t\t\t\t\t\t\t\t\t\t\t\t\t\t\t\t\t\t\t\t\t\t\t<\/div>\n\t\t\t\t\t\t<\/div>\n\t\t\t\t\t\t\t\t\t\t\t\n\t\t\t\t\t\t<div class=\"wd-col\">\n\t\t\t\t\t\t\t<div class=\"wd-brand-item brand-item\">\n\t\t\t\t\t\t\t\t\t\t\t\t\t\t\t\t\t\t\t\t\t\t\t\t\t\t\t<a title=\"RandM\" href=\"https:\/\/shopvapor.de\/da\/maerke\/margin\/\">\n\t\t\t\t\t\t\t\t\t\n\t\t\t\t\t\t\t\t\tRandM\n\t\t\t\t\t\t\t\t\t\t\t\t\t\t\t\t\t\t\t<\/a>\n\t\t\t\t\t\t\t\t\t\t\t\t\t\t\t\t\t\t\t\t\t\t\t\t<\/div>\n\t\t\t\t\t\t<\/div>\n\t\t\t\t\t\t\t\t\t\t\t\n\t\t\t\t\t\t<div class=\"wd-col\">\n\t\t\t\t\t\t\t<div class=\"wd-brand-item brand-item\">\n\t\t\t\t\t\t\t\t\t\t\t\t\t\t\t\t\t\t\t\t\t\t\t\t\t\t\t<a title=\"Hr. Goodie\" href=\"https:\/\/shopvapor.de\/da\/maerke\/mr-goodie\/\">\n\t\t\t\t\t\t\t\t\t\n\t\t\t\t\t\t\t\t\tHr. Goodie\n\t\t\t\t\t\t\t\t\t\t\t\t\t\t\t\t\t\t\t<\/a>\n\t\t\t\t\t\t\t\t\t\t\t\t\t\t\t\t\t\t\t\t\t\t\t\t<\/div>\n\t\t\t\t\t\t<\/div>\n\t\t\t\t\t\t\t\t\t\t\t\n\t\t\t\t\t\t<div class=\"wd-col\">\n\t\t\t\t\t\t\t<div class=\"wd-brand-item brand-item\">\n\t\t\t\t\t\t\t\t\t\t\t\t\t\t\t\t\t\t\t\t\t\t\t\t\t\t\t<a title=\"JNR\" href=\"https:\/\/shopvapor.de\/da\/maerke\/jnr\/\">\n\t\t\t\t\t\t\t\t\t\n\t\t\t\t\t\t\t\t\tJNR\n\t\t\t\t\t\t\t\t\t\t\t\t\t\t\t\t\t\t\t<\/a>\n\t\t\t\t\t\t\t\t\t\t\t\t\t\t\t\t\t\t\t\t\t\t\t\t<\/div>\n\t\t\t\t\t\t<\/div>\n\t\t\t\t\t\t\t\t\t\t\t\n\t\t\t\t\t\t<div class=\"wd-col\">\n\t\t\t\t\t\t\t<div class=\"wd-brand-item brand-item\">\n\t\t\t\t\t\t\t\t\t\t\t\t\t\t\t\t\t\t\t\t\t\t\t\t\t\t\t<a title=\"IQTE\" href=\"https:\/\/shopvapor.de\/da\/maerke\/iqte\/\">\n\t\t\t\t\t\t\t\t\t\n\t\t\t\t\t\t\t\t\tIQTE\n\t\t\t\t\t\t\t\t\t\t\t\t\t\t\t\t\t\t\t<\/a>\n\t\t\t\t\t\t\t\t\t\t\t\t\t\t\t\t\t\t\t\t\t\t\t\t<\/div>\n\t\t\t\t\t\t<\/div>\n\t\t\t\t\t\t\t\t\t\t\t\n\t\t\t\t\t\t<div class=\"wd-col\">\n\t\t\t\t\t\t\t<div class=\"wd-brand-item brand-item\">\n\t\t\t\t\t\t\t\t\t\t\t\t\t\t\t\t\t\t\t\t\t\t\t\t\t\t\t<a title=\"krystal\" href=\"https:\/\/shopvapor.de\/da\/maerke\/krystal\/\">\n\t\t\t\t\t\t\t\t\t\n\t\t\t\t\t\t\t\t\tkrystal\n\t\t\t\t\t\t\t\t\t\t\t\t\t\t\t\t\t\t\t<\/a>\n\t\t\t\t\t\t\t\t\t\t\t\t\t\t\t\t\t\t\t\t\t\t\t\t<\/div>\n\t\t\t\t\t\t<\/div>\n\t\t\t\t\t\t\t\t\t\t\t\n\t\t\t\t\t\t<div class=\"wd-col\">\n\t\t\t\t\t\t\t<div class=\"wd-brand-item brand-item\">\n\t\t\t\t\t\t\t\t\t\t\t\t\t\t\t\t\t\t\t\t\t\t\t\t\t\t\t<a title=\"Bang\" href=\"https:\/\/shopvapor.de\/da\/maerke\/bang\/\">\n\t\t\t\t\t\t\t\t\t\n\t\t\t\t\t\t\t\t\tBang\n\t\t\t\t\t\t\t\t\t\t\t\t\t\t\t\t\t\t\t<\/a>\n\t\t\t\t\t\t\t\t\t\t\t\t\t\t\t\t\t\t\t\t\t\t\t\t<\/div>\n\t\t\t\t\t\t<\/div>\n\t\t\t\t\t\t\t\t\t\t\t\t\t\t\t\t<\/div>\n\n\t\t\t\t\t<\/div>\n\t\t\t\t\t\t<\/div>\n\t\t\t\t<\/div>\n\t\t\t\t\t<\/div>\n\t\t\t\t<\/div>\n\t\t\t\t<\/div>","protected":false},"excerpt":{"rendered":"<p>I e-cigarets verden arbejder vi med de mest popul\u00e6re m\u00e6rker af vores europ\u00e6iske kunder. Vi tilbyder vores detailkunder mere komfortable<\/p>","protected":false},"author":1,"featured_media":0,"parent":0,"menu_order":0,"comment_status":"closed","ping_status":"closed","template":"","meta":{"footnotes":""},"class_list":["post-1015","page","type-page","status-publish","hentry"],"yoast_head":"<!-- This site is optimized with the Yoast SEO plugin v25.8 - https:\/\/yoast.com\/wordpress\/plugins\/seo\/ -->\n<title>Marken - ShopVapor<\/title>\n<meta name=\"description\" content=\"In der Welt der E-Zigaretten arbeiten wir mit den beliebtesten Marken unserer europ\u00e4ischen Kunden zusammen. Wir bieten unseren Einzelhandelskunden\" \/>\n<meta name=\"robots\" content=\"index, follow, max-snippet:-1, max-image-preview:large, max-video-preview:-1\" \/>\n<link rel=\"canonical\" href=\"https:\/\/shopvapor.de\/da\/brandmaerke\/\" \/>\n<meta property=\"og:locale\" content=\"da_DK\" \/>\n<meta property=\"og:type\" content=\"article\" \/>\n<meta property=\"og:title\" content=\"Marken - ShopVapor\" \/>\n<meta property=\"og:description\" content=\"In der Welt der E-Zigaretten arbeiten wir mit den beliebtesten Marken unserer europ\u00e4ischen Kunden zusammen. Wir bieten unseren Einzelhandelskunden\" \/>\n<meta property=\"og:url\" content=\"https:\/\/shopvapor.de\/da\/brandmaerke\/\" \/>\n<meta property=\"og:site_name\" content=\"ShopVapor\" \/>\n<meta property=\"article:modified_time\" content=\"2025-07-16T18:32:35+00:00\" \/>\n<meta name=\"twitter:card\" content=\"summary_large_image\" \/>\n<!-- \/ Yoast SEO plugin. -->","yoast_head_json":{"title":"M\u00e6rker - ShopVapor","description":"I e-cigarets verden arbejder vi med de mest popul\u00e6re m\u00e6rker af vores europ\u00e6iske kunder. Vi tilbyder vores detailkunder","robots":{"index":"index","follow":"follow","max-snippet":"max-snippet:-1","max-image-preview":"max-image-preview:large","max-video-preview":"max-video-preview:-1"},"canonical":"https:\/\/shopvapor.de\/da\/brandmaerke\/","og_locale":"da_DK","og_type":"article","og_title":"Marken - ShopVapor","og_description":"In der Welt der E-Zigaretten arbeiten wir mit den beliebtesten Marken unserer europ\u00e4ischen Kunden zusammen. Wir bieten unseren Einzelhandelskunden","og_url":"https:\/\/shopvapor.de\/da\/brandmaerke\/","og_site_name":"ShopVapor","article_modified_time":"2025-07-16T18:32:35+00:00","twitter_card":"summary_large_image","schema":{"@context":"https:\/\/schema.org","@graph":[{"@type":"WebPage","@id":"https:\/\/shopvapor.de\/marken\/","url":"https:\/\/shopvapor.de\/marken\/","name":"M\u00e6rker - ShopVapor","isPartOf":{"@id":"https:\/\/shopvapor.de\/#website"},"datePublished":"2025-07-01T14:16:17+00:00","dateModified":"2025-07-16T18:32:35+00:00","description":"I e-cigarets verden arbejder vi med de mest popul\u00e6re m\u00e6rker af vores europ\u00e6iske kunder. Vi tilbyder vores detailkunder","breadcrumb":{"@id":"https:\/\/shopvapor.de\/marken\/#breadcrumb"},"inLanguage":"da-DK","potentialAction":[{"@type":"ReadAction","target":["https:\/\/shopvapor.de\/marken\/"]}]},{"@type":"BreadcrumbList","@id":"https:\/\/shopvapor.de\/marken\/#breadcrumb","itemListElement":[{"@type":"ListItem","position":1,"name":"Startseite","item":"https:\/\/shopvapor.de\/"},{"@type":"ListItem","position":2,"name":"Marken"}]},{"@type":"WebSite","@id":"https:\/\/shopvapor.de\/#website","url":"https:\/\/shopvapor.de\/","name":"ShopDamp","description":"","potentialAction":[{"@type":"SearchAction","target":{"@type":"EntryPoint","urlTemplate":"https:\/\/shopvapor.de\/?s={search_term_string}"},"query-input":{"@type":"PropertyValueSpecification","valueRequired":true,"valueName":"search_term_string"}}],"inLanguage":"da-DK"}]}},"_links":{"self":[{"href":"https:\/\/shopvapor.de\/da\/wp-json\/wp\/v2\/pages\/1015","targetHints":{"allow":["GET"]}}],"collection":[{"href":"https:\/\/shopvapor.de\/da\/wp-json\/wp\/v2\/pages"}],"about":[{"href":"https:\/\/shopvapor.de\/da\/wp-json\/wp\/v2\/types\/page"}],"author":[{"embeddable":true,"href":"https:\/\/shopvapor.de\/da\/wp-json\/wp\/v2\/users\/1"}],"replies":[{"embeddable":true,"href":"https:\/\/shopvapor.de\/da\/wp-json\/wp\/v2\/comments?post=1015"}],"version-history":[{"count":1,"href":"https:\/\/shopvapor.de\/da\/wp-json\/wp\/v2\/pages\/1015\/revisions"}],"predecessor-version":[{"id":12092,"href":"https:\/\/shopvapor.de\/da\/wp-json\/wp\/v2\/pages\/1015\/revisions\/12092"}],"wp:attachment":[{"href":"https:\/\/shopvapor.de\/da\/wp-json\/wp\/v2\/media?parent=1015"}],"curies":[{"name":"WP","href":"https:\/\/api.w.org\/{rel}","templated":true}]}}