{"id":74,"date":"2025-03-21T13:57:24","date_gmt":"2025-03-21T13:57:24","guid":{"rendered":"https:\/\/dummy.xtemos.com\/woodmart2\/t-shirts-elementor\/?page_id=74"},"modified":"2025-03-21T13:57:24","modified_gmt":"2025-03-21T13:57:24","slug":"aeddelig","status":"publish","type":"page","link":"https:\/\/shopvapor.de\/da\/aeddelig\/","title":{"rendered":"\u00e6ddelig"},"content":{"rendered":"<div data-elementor-type=\"wp-page\" data-elementor-id=\"74\" class=\"elementor elementor-74\">\n\t\t\t\t<div class=\"wd-negative-gap elementor-element elementor-element-ef73eec e-flex e-con-boxed e-con e-parent\" data-id=\"ef73eec\" data-element_type=\"container\">\n\t\t\t\t\t<div class=\"e-con-inner\">\n\t\t\t\t<div class=\"elementor-element elementor-element-53cbc4f elementor-widget elementor-widget-wd_compare\" data-id=\"53cbc4f\" data-element_type=\"widget\" data-widget_type=\"wd_compare.default\">\n\t\t\t\t<div class=\"elementor-widget-container\">\n\t\t\t\t\t\t\t<p class=\"wd-empty-compare wd-empty-page\">\n\t\t\tSammenlign listen er tom.\t\t<\/p>\n\t\t\t\t\t<div class=\"wd-empty-page-text\">\n\t\t\t\tIngen produkter tilf\u00f8jet i sammenligningslisten. Du skal tilf\u00f8je nogle produkter for at sammenligne dem. Du finder en masse interessante produkter p\u00e5 vores \"shop\" side.\t\t\t<\/div>\n\t\t\t\t<p class=\"return-to-shop\">\n\t\t\t<a class=\"button\" href=\"https:\/\/shopvapor.de\/da\/butik\/\">\n\t\t\t\tvende tilbage til butikken\t\t\t<\/a>\n\t\t<\/p>\n\t\t\t\t\t\t<\/div>\n\t\t\t\t<\/div>\n\t\t\t\t\t<\/div>\n\t\t\t\t<\/div>\n\t\t\t\t<\/div>","protected":false},"excerpt":{"rendered":"<p>Sammenlign listen er tom. Ingen produkter tilf\u00f8jet i sammenligningslisten. Du skal tilf\u00f8je nogle produkter for at sammenligne dem. De<\/p>","protected":false},"author":1,"featured_media":0,"parent":0,"menu_order":0,"comment_status":"closed","ping_status":"closed","template":"","meta":{"footnotes":""},"class_list":["post-74","page","type-page","status-publish","hentry"],"yoast_head":"<!-- This site is optimized with the Yoast SEO plugin v25.8 - https:\/\/yoast.com\/wordpress\/plugins\/seo\/ -->\n<title>Compare - ShopVapor<\/title>\n<meta name=\"description\" content=\"Compare list is empty. No products added in the compare list. You must add some products to compare them. You will find a lot of interesting products on\" \/>\n<meta name=\"robots\" content=\"index, follow, max-snippet:-1, max-image-preview:large, max-video-preview:-1\" \/>\n<link rel=\"canonical\" href=\"https:\/\/shopvapor.de\/da\/aeddelig\/\" \/>\n<meta property=\"og:locale\" content=\"da_DK\" \/>\n<meta property=\"og:type\" content=\"article\" \/>\n<meta property=\"og:title\" content=\"Compare - ShopVapor\" \/>\n<meta property=\"og:description\" content=\"Compare list is empty. No products added in the compare list. You must add some products to compare them. You will find a lot of interesting products on\" \/>\n<meta property=\"og:url\" content=\"https:\/\/shopvapor.de\/da\/aeddelig\/\" \/>\n<meta property=\"og:site_name\" content=\"ShopVapor\" \/>\n<meta name=\"twitter:card\" content=\"summary_large_image\" \/>\n<!-- \/ Yoast SEO plugin. -->","yoast_head_json":{"title":"Sammenlign - ShopVapor","description":"Sammenlign listen er tom. Ingen produkter tilf\u00f8jet i sammenligningslisten. Du skal tilf\u00f8je nogle produkter for at sammenligne dem. Du finder en masse interessante produkter p\u00e5","robots":{"index":"index","follow":"follow","max-snippet":"max-snippet:-1","max-image-preview":"max-image-preview:large","max-video-preview":"max-video-preview:-1"},"canonical":"https:\/\/shopvapor.de\/da\/aeddelig\/","og_locale":"da_DK","og_type":"article","og_title":"Compare - ShopVapor","og_description":"Compare list is empty. No products added in the compare list. You must add some products to compare them. You will find a lot of interesting products on","og_url":"https:\/\/shopvapor.de\/da\/aeddelig\/","og_site_name":"ShopVapor","twitter_card":"summary_large_image","schema":{"@context":"https:\/\/schema.org","@graph":[{"@type":"WebPage","@id":"https:\/\/shopvapor.de\/compare\/","url":"https:\/\/shopvapor.de\/compare\/","name":"Sammenlign - ShopVapor","isPartOf":{"@id":"https:\/\/shopvapor.de\/#website"},"datePublished":"2025-03-21T13:57:24+00:00","description":"Sammenlign listen er tom. Ingen produkter tilf\u00f8jet i sammenligningslisten. Du skal tilf\u00f8je nogle produkter for at sammenligne dem. Du finder en masse interessante produkter p\u00e5","breadcrumb":{"@id":"https:\/\/shopvapor.de\/compare\/#breadcrumb"},"inLanguage":"da-DK","potentialAction":[{"@type":"ReadAction","target":["https:\/\/shopvapor.de\/compare\/"]}]},{"@type":"BreadcrumbList","@id":"https:\/\/shopvapor.de\/compare\/#breadcrumb","itemListElement":[{"@type":"ListItem","position":1,"name":"Startseite","item":"https:\/\/shopvapor.de\/"},{"@type":"ListItem","position":2,"name":"Compare"}]},{"@type":"WebSite","@id":"https:\/\/shopvapor.de\/#website","url":"https:\/\/shopvapor.de\/","name":"ShopDamp","description":"","potentialAction":[{"@type":"SearchAction","target":{"@type":"EntryPoint","urlTemplate":"https:\/\/shopvapor.de\/?s={search_term_string}"},"query-input":{"@type":"PropertyValueSpecification","valueRequired":true,"valueName":"search_term_string"}}],"inLanguage":"da-DK"}]}},"_links":{"self":[{"href":"https:\/\/shopvapor.de\/da\/wp-json\/wp\/v2\/pages\/74","targetHints":{"allow":["GET"]}}],"collection":[{"href":"https:\/\/shopvapor.de\/da\/wp-json\/wp\/v2\/pages"}],"about":[{"href":"https:\/\/shopvapor.de\/da\/wp-json\/wp\/v2\/types\/page"}],"author":[{"embeddable":true,"href":"https:\/\/shopvapor.de\/da\/wp-json\/wp\/v2\/users\/1"}],"replies":[{"embeddable":true,"href":"https:\/\/shopvapor.de\/da\/wp-json\/wp\/v2\/comments?post=74"}],"version-history":[{"count":0,"href":"https:\/\/shopvapor.de\/da\/wp-json\/wp\/v2\/pages\/74\/revisions"}],"wp:attachment":[{"href":"https:\/\/shopvapor.de\/da\/wp-json\/wp\/v2\/media?parent=74"}],"curies":[{"name":"WP","href":"https:\/\/api.w.org\/{rel}","templated":true}]}}