{"id":11635,"date":"2025-07-13T11:31:03","date_gmt":"2025-07-13T11:31:03","guid":{"rendered":"https:\/\/shopvapor.de\/?page_id=11635"},"modified":"2025-07-13T11:31:04","modified_gmt":"2025-07-13T11:31:04","slug":"terminos-y-condiciones","status":"publish","type":"page","link":"https:\/\/shopvapor.de\/es\/terminos-y-condiciones\/","title":{"rendered":"Condiciones generales"},"content":{"rendered":"<h1 class=\"wp-block-heading\">T\u00e9rminos y condiciones generales de Shopvapor<\/h1>\n\n\n\n<p><strong>Estado: Julio 2025<\/strong><\/p>\n\n\n\n<h2 class=\"wp-block-heading\">tabla de contenido<\/h2>\n\n\n\n<ol class=\"wp-block-list\">\n<li>amplitud<\/li>\n\n\n\n<li>Conclusi\u00f3n del contrato<\/li>\n\n\n\n<li>derecho de desistimiento<\/li>\n\n\n\n<li>Precios y condiciones de pago<\/li>\n\n\n\n<li>Condiciones de entrega y env\u00edo<\/li>\n\n\n\n<li>Retenci\u00f3n de t\u00edtulo<\/li>\n\n\n\n<li>Responsabilidad por defectos (garant\u00eda)<\/li>\n\n\n\n<li>adhesi\u00f3n<\/li>\n\n\n\n<li>Protecci\u00f3n de menores e instrucciones sanitarias<\/li>\n\n\n\n<li>Redenci\u00f3n de vales<\/li>\n\n\n\n<li>Ley y jurisdicci\u00f3n aplicables<\/li>\n\n\n\n<li>Resoluci\u00f3n alternativa de disputas<\/li>\n<\/ol>\n\n\n\n<h2 class=\"wp-block-heading\">1. Alcance<\/h2>\n\n\n\n<p>1.1 Las presentes Condiciones Generales (en adelante \"GTC\") del Vapor de Shop (en adelante \"Vendedor\") se aplican a todos los contratos de entrega de bienes que un consumidor o empresario (en adelante \"Cliente\") concluye con el vendedor con respecto a los bienes presentados por el vendedor en su tienda online. Esto es en ausencia de los t\u00e9rminos y condiciones del propio cliente, a menos que se acuerde lo contrario.<\/p>\n\n\n\n<p>1.2 Estos T\u00e9rminos y Condiciones se aplican en consecuencia a los contratos de entrega de vales, a menos que se regule algo diferente al respecto.<\/p>\n\n\n\n<p>1.3 Consumidor En el sentido de estos GTC es cualquier persona f\u00edsica que concluya una transacci\u00f3n legal con fines que no se pueda atribuir predominantemente a la actividad profesional ni comercial ni aut\u00f3nomo (\u00a7 13 BGB).<\/p>\n\n\n\n<p>1.4 Los empresarios en el sentido de estos CG son una persona f\u00edsica o jur\u00eddica o una sociedad legalmente competente que act\u00fae en el ejercicio de su actividad profesional comercial o aut\u00f3nomo al concluir una transacci\u00f3n legal (\u00a7 14 BGB).<\/p>\n\n\n\n<p>1.5 La venta de cigarrillos electr\u00f3nicos y productos relacionados desechables est\u00e1 sujeto a las disposiciones de la Ley de Protecci\u00f3n Juvenil (JUSCHG) y de la Directiva sobre productos del tabaco (TPD). La venta se realiza exclusivamente a personas mayores de 18 a\u00f1os. El vendedor se reserva el derecho de exigir una prueba de edad.<\/p>\n\n\n\n<h2 class=\"wp-block-heading\">2. Conclusi\u00f3n del contrato<\/h2>\n\n\n\n<p>2.1 Las descripciones de los productos contenidas en la Tienda Online del Vendedor no constituyen ofertas vinculantes por parte del Vendedor, sino que sirven para presentar una oferta vinculante por parte del Cliente.<\/p>\n\n\n\n<p>2.2 El cliente puede presentar la oferta a trav\u00e9s del formulario de pedido en l\u00ednea integrado en la tienda en l\u00ednea del vendedor. Tras colocar los bienes seleccionados en el carrito de compras virtual y pasar por el proceso de pedido electr\u00f3nico, el cliente presenta una oferta de contrato legalmente vinculante con respecto a los bienes contenidos en el carrito de la compra haciendo clic en el bot\u00f3n que concluye el proceso de pedido. Adem\u00e1s, el cliente tambi\u00e9n puede enviar la oferta al vendedor por correo electr\u00f3nico, correo o mediante formulario de contacto en l\u00ednea.<\/p>\n\n\n\n<p>2.3 El vendedor puede aceptar la oferta del cliente dentro de cinco d\u00edas,<\/p>\n\n\n\n<ul class=\"wp-block-list\">\n<li>enviando una confirmaci\u00f3n de pedido por escrito o una confirmaci\u00f3n de pedido en forma de texto (fax o correo electr\u00f3nico) al cliente, por lo que la recepci\u00f3n de la confirmaci\u00f3n del pedido en el pedido del cliente es decisiva, o<\/li>\n\n\n\n<li>entregando los bienes pedidos al cliente, de modo que el acceso de las mercanc\u00edas al cliente sea decisivo, o<\/li>\n\n\n\n<li>pidiendo al cliente que pague despu\u00e9s de realizar su pedido.<\/li>\n<\/ul>\n\n\n\n<p>Si existen varias de las alternativas antes mencionadas, el contrato se celebra en el momento en que se produce primero una de las alternativas antes mencionadas. El plazo para aceptar la oferta comienza el d\u00eda siguiente a que el cliente haya enviado la oferta a que se ejecute y finaliza al final del quinto d\u00eda, que sigue al env\u00edo de la oferta. Si el Vendedor no acepta la oferta del Cliente dentro del plazo antes mencionado, se considerar\u00e1 que es un rechazo de la Oferta, con el resultado de que el Cliente ya no est\u00e1 obligado por su Declaraci\u00f3n de Intenci\u00f3n.<\/p>\n\n\n\n<p>2.4 Al enviar una oferta a trav\u00e9s del formulario de pedido en l\u00ednea del vendedor, el texto del contrato despu\u00e9s de la celebraci\u00f3n del contrato se guarda por el vendedor y se env\u00eda al cliente en forma de texto (por ejemplo, correo electr\u00f3nico, fax o carta) despu\u00e9s de enviar el pedido al cliente. El vendedor no realiza ning\u00fan otro acceso al texto del contrato.<\/p>\n\n\n\n<p>2.5 Antes de realizar el pedido en un pedido vinculante, el cliente puede utilizar el formulario de pedido en l\u00ednea del vendedor para identificar posibles errores de entrada leyendo cuidadosamente la informaci\u00f3n que se muestra en la pantalla. Un medio t\u00e9cnico eficaz para una mejor detecci\u00f3n de errores de entrada puede ser la funci\u00f3n de ampliaci\u00f3n del navegador, con la ayuda de la cual se ampl\u00eda la pantalla en pantalla. El cliente puede corregir sus entradas como parte del proceso de pedido electr\u00f3nico utilizando las funciones habituales del teclado y del mouse hasta que haga clic en el bot\u00f3n final.<\/p>\n\n\n\n<p>2.6 El idioma alem\u00e1n s\u00f3lo est\u00e1 disponible para la celebraci\u00f3n del contrato.<\/p>\n\n\n\n<p>2.7 El procesamiento y contacto de pedidos se realiza generalmente por correo electr\u00f3nico y procesamiento automatizado de pedidos. El Cliente deber\u00e1 asegurarse de que la direcci\u00f3n de correo electr\u00f3nico que le haya facilitado para el procesamiento del pedido sea correcta, de modo que los correos electr\u00f3nicos enviados por el Vendedor puedan recibirse en esta direcci\u00f3n. En particular, al utilizar filtros de spam, el cliente debe asegurarse de que se puedan entregar todos los correos electr\u00f3nicos enviados por el vendedor o por el vendedor o por terceros encargados de tramitar el pedido.<\/p>\n\n\n\n<h2 class=\"wp-block-heading\">3. derecho de desistimiento<\/h2>\n\n\n\n<p>3.1 Los consumidores generalmente tienen derecho a retirarse del contrato.<\/p>\n\n\n\n<p>3.2 Puede encontrar m\u00e1s informaci\u00f3n sobre el derecho de desistimiento en la pol\u00edtica de cancelaci\u00f3n del vendedor.<\/p>\n\n\n\n<p>3.3 El derecho de desistimiento no se aplica a los consumidores que no pertenezcan a ning\u00fan Estado miembro de la Uni\u00f3n Europea en el momento en que se concluya el contrato y cuyo \u00fanico domicilio y domicilio est\u00e9n fuera de la Uni\u00f3n Europea en el momento en que se celebre el contrato.<\/p>\n\n\n\n<p>3.4 Para productos higi\u00e9nicos como los cigarrillos electr\u00f3nicos desechables que se entregan sellados, el derecho de desistimiento expira si el sello se ha retirado despu\u00e9s de la entrega.<\/p>\n\n\n\n<h2 class=\"wp-block-heading\">4. Precios y condiciones de pago<\/h2>\n\n\n\n<p>4.1 A menos que se indique lo contrario en la descripci\u00f3n del producto del vendedor, los precios cotizados son precios totales que incluyen el impuesto legal sobre las ventas. Cualquier costo adicional de env\u00edo y env\u00edo incurrido se especificar\u00e1 por separado en la descripci\u00f3n del producto respectiva.<\/p>\n\n\n\n<p>4.2 En el caso de entregas a pa\u00edses fuera de la Uni\u00f3n Europea, pueden surgir costes adicionales en los casos individuales de los que el Vendedor no sea responsable y que deban asumido el Cliente. Estos incluyen, por ejemplo, los costos de transferencia de dinero por parte de los bancos (por ejemplo, tarifas de transferencia, tarifas de cambio) o derechos de importaci\u00f3n o impuestos (por ejemplo, derechos de aduana). Tambi\u00e9n se pueden incurrir en dichos costos con respecto a la transmisi\u00f3n de dinero si la entrega no se realiza a un pa\u00eds fuera de la Uni\u00f3n Europea, pero el cliente realiza el pago de un pa\u00eds fuera de la Uni\u00f3n Europea.<\/p>\n\n\n\n<p>4.3 La(s) opci\u00f3n(es) de pago se comunicar\u00e1n al Cliente en la tienda en l\u00ednea del Vendedor.<\/p>\n\n\n\n<p>4.4 Si se acuerda el pago anticipado por transferencia bancaria, el pago se debe inmediatamente despu\u00e9s de la celebraci\u00f3n del contrato, a menos que las partes hayan acordado una fecha de vencimiento posterior.<\/p>\n\n\n\n<p>4.5 Al pagar mediante un m\u00e9todo de pago ofrecido por PayPal, el pago se procesa a trav\u00e9s del proveedor de servicios de pago PayPal (Europa) S.\u00e0 R.L. ET Cie, S.C.A., 22-24 Boulevard Royal, L-2449 Luxemburgo (en adelante \u201cPaypal\u201d), bajo los t\u00e9rminos de PayPal T\u00e9rminos de uso, disponible en <a href=\"https:\/\/www.paypal.com\/de\/webapps\/mpp\/ua\/useragreement-full\" target=\"_blank\" rel=\"noreferrer noopener\">https:\/\/www.paypal.com\/de\/webapps\/mpp\/ua\/useragreement-full<\/a> O bien, si el cliente no tiene una cuenta de PayPal, est\u00e1 sujeto a los t\u00e9rminos de pagos sin una cuenta de PayPal, disponible en <a href=\"https:\/\/www.paypal.com\/de\/webapps\/mpp\/ua\/privacywax-full\" target=\"_blank\" rel=\"noreferrer noopener\">https:\/\/www.paypal.com\/de\/webapps\/mpp\/ua\/privacywax-full<\/a>.<\/p>\n\n\n\n<h2 class=\"wp-block-heading\">5. Condiciones de entrega y env\u00edo<\/h2>\n\n\n\n<p>5.1 Si el Vendedor ofrece los bienes para ser enviados, la entrega se realizar\u00e1 dentro del \u00e1rea de entrega indicada por el Vendedor a la direcci\u00f3n de entrega indicada por el Cliente, salvo acuerdo en contrario. Al procesar la transacci\u00f3n, la direcci\u00f3n de entrega especificada en el procesamiento del pedido del vendedor es decisiva.<\/p>\n\n\n\n<p>5.2 Si la entrega de los Bienes falla por motivos por los que el Cliente es responsable, el Cliente asume los gastos razonables en que incurre el Vendedor. Esto no se aplica con respecto a los gastos de env\u00edo si el cliente ejerce efectivamente su derecho de desistimiento. Para los costos de devoluci\u00f3n, se aplica la normativa realizada en la pol\u00edtica de cancelaci\u00f3n del vendedor si el cliente ejerce efectivamente su derecho de desistimiento.<\/p>\n\n\n\n<p>5.3 El Vendedor se reserva el derecho de rechazar la entrega si el Cliente no puede probar la edad m\u00ednima requerida de 18 a\u00f1os.<\/p>\n\n\n\n<p>5.4 En principio, el riesgo de p\u00e9rdida accidental y deterioro accidental de los bienes vendidos pasa al env\u00edo o al transporter cuando se entrega al cliente, en caso de cobro, con la entrega de las mercanc\u00edas al cliente.<\/p>\n\n\n\n<h2 class=\"wp-block-heading\">6. Retenci\u00f3n de t\u00edtulo<\/h2>\n\n\n\n<p>Si el vendedor realiza el pago por adelantado, se reserva el derecho de poseer los bienes entregados hasta que el precio de compra adeudado se haya pagado en su totalidad.<\/p>\n\n\n\n<h2 class=\"wp-block-heading\">7 Responsabilidad por defectos (garant\u00eda)<\/h2>\n\n\n\n<p>Salvo que se indique lo contrario en las siguientes normas, se aplican las disposiciones de la responsabilidad legal por defectos. Desviando de esto, se aplica lo siguiente a los contratos de entrega de bienes:<\/p>\n\n\n\n<p>7.1 Si el cliente es un empresario,<\/p>\n\n\n\n<ul class=\"wp-block-list\">\n<li>El vendedor tiene que elegir el tipo de bienes;<\/li>\n\n\n\n<li>No se produce ninguna nueva producci\u00f3n;<\/li>\n\n\n\n<li>El plazo de prescripci\u00f3n de defectos en bienes nuevos es de un a\u00f1o a partir de la transferencia de riesgo;<\/li>\n\n\n\n<li>Quedan excluidos los derechos y reclamaciones por defectos de bienes usados;<\/li>\n\n\n\n<li>El estatuto de limitaciones no comienza de nuevo si una entrega de reemplazo se realiza dentro del alcance de la responsabilidad por defectos.<\/li>\n<\/ul>\n\n\n\n<p>7.2 Las limitaciones de responsabilidad y acortamiento del plazo regulado anteriormente no se aplican<\/p>\n\n\n\n<ul class=\"wp-block-list\">\n<li>Para reclamaciones por da\u00f1os y gastos del cliente,<\/li>\n\n\n\n<li>En el caso de que el vendedor haya ocultado fraudulentamente el defecto,<\/li>\n\n\n\n<li>Para bienes que han sido utilizados para un edificio de acuerdo con su uso habitual y causados defectuosidad,<\/li>\n\n\n\n<li>Para cualquier obligaci\u00f3n existente del vendedor de proporcionar actualizaciones de productos digitales, para contratos de entrega de mercanc\u00edas con elementos digitales.<\/li>\n<\/ul>\n\n\n\n<p>7.3 Adem\u00e1s, los empresarios no afectar\u00e1n los plazos de prescripci\u00f3n legales para el derecho de recurso.<\/p>\n\n\n\n<p>7.4 Si el comerciante del cliente I.S.D. \u00a7 1 HGB, est\u00e1 sujeto al examen comercial y notificaci\u00f3n de notificaci\u00f3n de obligaciones de conformidad con \u00a7 377 HGB. Si el cliente no cumple con las obligaciones de notificaci\u00f3n reguladas all\u00ed, los bienes se consideran aprobados.<\/p>\n\n\n\n<p>7.5 Si el cliente es un consumidor, se le pide que se queje al remitente con da\u00f1os evidentes en el transporte y que informe al vendedor de ello. Si el Cliente no cumple con esto, esto no tiene efecto sobre sus reclamaciones legales o contractuales por defectos.<\/p>\n\n\n\n<h2 class=\"wp-block-heading\">8. carga<\/h2>\n\n\n\n<p>El Vendedor es responsable ante el Cliente de todas las reclamaciones contractuales, contractuales y legales, tambi\u00e9n de reclamaciones de da\u00f1os y perjuicios y devoluci\u00f3n de gastos de la siguiente manera:<\/p>\n\n\n\n<p>8.1 El Vendedor es responsable sin restricciones por cualquier motivo legal<\/p>\n\n\n\n<ul class=\"wp-block-list\">\n<li>En caso de intenci\u00f3n o negligencia grave,<\/li>\n\n\n\n<li>En caso de lesi\u00f3n intencional o negligente a la vida, cuerpo o salud,<\/li>\n\n\n\n<li>Sobre la base de una promesa de garant\u00eda, salvo que se regule en otro sentido a este respecto,<\/li>\n\n\n\n<li>por responsabilidad obligatoria, como por la Ley de Responsabilidad del Producto.<\/li>\n<\/ul>\n\n\n\n<p>8.2 Si el Vendedor viola negligentemente una obligaci\u00f3n contractual significativa, la responsabilidad se limita al da\u00f1o previsible, t\u00edpico del contrato, salvo responsabilidad total en virtud del p\u00e1rrafo anterior. Las obligaciones contractuales esenciales son obligaciones que el contrato impone al vendedor seg\u00fan sus contenidos para lograr la finalidad del contrato, cuyo cumplimiento permite la correcta ejecuci\u00f3n del contrato en primer lugar y en cuyo cumplimiento el cliente pueda confiar regularmente.<\/p>\n\n\n\n<p>8.3 De lo contrario, queda excluida la responsabilidad del Vendedor.<\/p>\n\n\n\n<p>8.4 Las normas de responsabilidad arriba mencionadas tambi\u00e9n se aplican con respecto a la responsabilidad del Vendedor por sus agentes vicarios y representantes legales.<\/p>\n\n\n\n<h2 class=\"wp-block-heading\">9. Protecci\u00f3n de menores e instrucciones sanitarias<\/h2>\n\n\n\n<p>9.1 Los cigarrillos electr\u00f3nicos desechables y los productos que contienen nicotina se venden exclusivamente a personas de edad adulta (a partir de los 18 a\u00f1os). El cliente est\u00e1 obligado a probar su edad al realizar el pedido, si es necesario.<\/p>\n\n\n\n<p>9.2 Los cigarrillos electr\u00f3nicos desechables contienen nicotina, una sustancia dependiente. El vendedor se\u00f1ala que el consumo de nicotina puede ser perjudicial para la salud. Los productos no son adecuados para no fumadores, mujeres embarazadas, personas que amamantan o personas con enfermedades cardiovasculares.<\/p>\n\n\n\n<p>9.3 El Vendedor no asume ninguna responsabilidad por da\u00f1os a la salud debido al uso inadecuado de los Productos.<\/p>\n\n\n\n<h2 class=\"wp-block-heading\">10. Redenci\u00f3n de vales<\/h2>\n\n\n\n<p>10.1 Los cupones que emiten de forma gratuita el Vendedor solo pueden ser canjeados en la tienda en l\u00ednea del Vendedor y s\u00f3lo en el per\u00edodo especificado.<\/p>\n\n\n\n<p>10.2 Los vales s\u00f3lo pueden ser redimidos por los consumidores.<\/p>\n\n\n\n<p>10.3 Los productos individuales pueden ser excluidos de la campa\u00f1a de vales, siempre que exista una restricci\u00f3n correspondiente del contenido del comprobante.<\/p>\n\n\n\n<p>10.4 Los cupones deben ser canjeados antes de completar el proceso de pedido. No es posible la liquidaci\u00f3n posterior.<\/p>\n\n\n\n<p>10.5 por pedido solo se puede canjear a la vez.<\/p>\n\n\n\n<p>10.6 El valor de las mercanc\u00edas debe corresponder, al menos, al importe del bono. El cr\u00e9dito restante no ser\u00e1 reembolsado por el vendedor.<\/p>\n\n\n\n<p>10.7 Si el valor del bono no es suficiente para cubrir el pedido, se puede seleccionar uno de los otros m\u00e9todos de pago ofrecidos por el vendedor para pagar la diferencia.<\/p>\n\n\n\n<p>10.8 El cr\u00e9dito de un bono no se paga en efectivo ni con intereses.<\/p>\n\n\n\n<p>10.9 El bono no ser\u00e1 reembolsado si el Cliente devuelve los bienes, que han sido pagados en su totalidad o en parte con el comprobante, dentro del alcance de su derecho contractual de desistimiento.<\/p>\n\n\n\n<p>10.10 El bono es transferible. El vendedor puede pagar al propietario respectivo que canje el cup\u00f3n en la tienda en l\u00ednea del vendedor con un efecto liberador. Esto no se aplica si el vendedor tiene conocimiento o una falta despreocupada de la no elegible, incapacidad o la falta de autoridad para representar al respectivo propietario.<\/p>\n\n\n\n<h2 class=\"wp-block-heading\">11. Ley y jurisdicci\u00f3n aplicables<\/h2>\n\n\n\n<p>11.1 La Ley de la Rep\u00fablica Federal de Alemania se aplica a todas las relaciones legales de las partes, excluyendo las leyes sobre la compra internacional de bienes muebles. Esta elecci\u00f3n de ley se aplica a los consumidores s\u00f3lo en la medida en que la protecci\u00f3n otorgada no se retire por disposiciones obligatorias de la ley del Estado en la que reside habitualmente el consumidor.<\/p>\n\n\n\n<p>11.2 Adem\u00e1s, esta elecci\u00f3n de derecho con respecto al derecho de desistimiento legal no se aplica a los consumidores que no pertenezcan a ning\u00fan Estado miembro de la Uni\u00f3n Europea en el momento de la celebraci\u00f3n del contrato y cuyo domicilio \u00fanico y domicilio de entrega en el momento en que se concluya el contrato quedan fuera de la Uni\u00f3n Europea.<\/p>\n\n\n\n<p>11.3 Si el Cliente es un Comerciante, una Entidad Jur\u00eddica de Derecho P\u00fablico o Fondo Especial de Derecho P\u00fablico con sede en el territorio de la Rep\u00fablica Federal de Alemania, el lugar exclusivo de jurisdicci\u00f3n para todas las disputas que surjan de este contrato es el lugar de negocio del vendedor. Si el cliente se basa fuera del territorio de la Rep\u00fablica Federal de Alemania, el lugar de negocios del vendedor es el lugar exclusivo de jurisdicci\u00f3n para todas las disputas que surjan de este contrato si el contrato o las reclamaciones del contrato pueden atribuirse a la actividad profesional o comercial del cliente. En los casos anteriores, sin embargo, el vendedor tiene derecho en todo caso a apelar ante el tribunal en el domicilio social del cliente.<\/p>\n\n\n\n<h2 class=\"wp-block-heading\">12. Resoluci\u00f3n alternativa de disputas<\/h2>\n\n\n\n<p>12.1 La Comisi\u00f3n de la UE proporciona una plataforma para la resoluci\u00f3n de disputas en l\u00ednea en Internet a trav\u00e9s del siguiente enlace: <a href=\"https:\/\/ec.europa.eu\/consumers\/odr\" target=\"_blank\" rel=\"noreferrer noopener\">https:\/\/ec.europa.eu\/consumers\/odr<\/a><\/p>\n\n\n\n<p>Esta plataforma sirve como punto de contacto para la resoluci\u00f3n extrajudicial de disputas derivadas de contratos de compra o servicios en l\u00ednea que involucran a un consumidor.<\/p>\n\n\n\n<p>12.2 El Vendedor no est\u00e1 obligado ni dispuesto a participar en un procedimiento de soluci\u00f3n de controversias ante una Junta de Arbitraje de Consumidores.<\/p>","protected":false},"excerpt":{"rendered":"<p>Condiciones Generales (GTC) de SHOPVAPOR ESTADO: Julio 2025 \u00cdndice 1. Alcance 1.1 Estos T\u00e9rminos y Condiciones Generales (en adelante \"GTC\") del Vapor Shop (en adelante<\/p>","protected":false},"author":1,"featured_media":0,"parent":0,"menu_order":0,"comment_status":"closed","ping_status":"closed","template":"","meta":{"footnotes":""},"class_list":["post-11635","page","type-page","status-publish","hentry"],"yoast_head":"<!-- This site is optimized with the Yoast SEO plugin v25.8 - https:\/\/yoast.com\/wordpress\/plugins\/seo\/ -->\n<title>Terms and Conditions - ShopVapor<\/title>\n<meta name=\"description\" content=\"Allgemeine Gesch\u00e4ftsbedingungen (AGB) von ShopVapor Stand: Juli 2025 Inhaltsverzeichnis Geltungsbereich Vertragsschluss Widerrufsrecht Preise und\" \/>\n<meta name=\"robots\" content=\"index, follow, max-snippet:-1, max-image-preview:large, max-video-preview:-1\" \/>\n<link rel=\"canonical\" href=\"https:\/\/shopvapor.de\/es\/terminos-y-condiciones\/\" \/>\n<meta property=\"og:locale\" content=\"es_ES\" \/>\n<meta property=\"og:type\" content=\"article\" \/>\n<meta property=\"og:title\" content=\"Terms and Conditions - ShopVapor\" \/>\n<meta property=\"og:description\" content=\"Allgemeine Gesch\u00e4ftsbedingungen (AGB) von ShopVapor Stand: Juli 2025 Inhaltsverzeichnis Geltungsbereich Vertragsschluss Widerrufsrecht Preise und\" \/>\n<meta property=\"og:url\" content=\"https:\/\/shopvapor.de\/es\/terminos-y-condiciones\/\" \/>\n<meta property=\"og:site_name\" content=\"ShopVapor\" \/>\n<meta property=\"article:modified_time\" content=\"2025-07-13T11:31:04+00:00\" \/>\n<meta name=\"twitter:card\" content=\"summary_large_image\" \/>\n<meta name=\"twitter:label1\" content=\"Tiempo de lectura\" \/>\n\t<meta name=\"twitter:data1\" content=\"11 minutos\" \/>\n<!-- \/ Yoast SEO plugin. -->","yoast_head_json":{"title":"T\u00e9rminos y condiciones - Tienda Vapor","description":"Condiciones generales (GTC) de la categor\u00eda de Vapor: Julio 2025 \u00cdndice de contenidos Alcance del contrato de solicitud Conclusi\u00f3n del contrato Derecho de retiro de precios y","robots":{"index":"index","follow":"follow","max-snippet":"max-snippet:-1","max-image-preview":"max-image-preview:large","max-video-preview":"max-video-preview:-1"},"canonical":"https:\/\/shopvapor.de\/es\/terminos-y-condiciones\/","og_locale":"es_ES","og_type":"article","og_title":"Terms and Conditions - ShopVapor","og_description":"Allgemeine Gesch\u00e4ftsbedingungen (AGB) von ShopVapor Stand: Juli 2025 Inhaltsverzeichnis Geltungsbereich Vertragsschluss Widerrufsrecht Preise und","og_url":"https:\/\/shopvapor.de\/es\/terminos-y-condiciones\/","og_site_name":"ShopVapor","article_modified_time":"2025-07-13T11:31:04+00:00","twitter_card":"summary_large_image","twitter_misc":{"Tiempo de lectura":"11 minutos"},"schema":{"@context":"https:\/\/schema.org","@graph":[{"@type":"WebPage","@id":"https:\/\/shopvapor.de\/terms-and-conditions\/","url":"https:\/\/shopvapor.de\/terms-and-conditions\/","name":"T\u00e9rminos y condiciones - Tienda Vapor","isPartOf":{"@id":"https:\/\/shopvapor.de\/#website"},"datePublished":"2025-07-13T11:31:03+00:00","dateModified":"2025-07-13T11:31:04+00:00","description":"Condiciones generales (GTC) de la categor\u00eda de Vapor: Julio 2025 \u00cdndice de contenidos Alcance del contrato de solicitud Conclusi\u00f3n del contrato Derecho de retiro de precios y","breadcrumb":{"@id":"https:\/\/shopvapor.de\/terms-and-conditions\/#breadcrumb"},"inLanguage":"es","potentialAction":[{"@type":"ReadAction","target":["https:\/\/shopvapor.de\/terms-and-conditions\/"]}]},{"@type":"BreadcrumbList","@id":"https:\/\/shopvapor.de\/terms-and-conditions\/#breadcrumb","itemListElement":[{"@type":"ListItem","position":1,"name":"Startseite","item":"https:\/\/shopvapor.de\/"},{"@type":"ListItem","position":2,"name":"Terms and Conditions"}]},{"@type":"WebSite","@id":"https:\/\/shopvapor.de\/#website","url":"https:\/\/shopvapor.de\/","name":"TiendaVapor","description":"","potentialAction":[{"@type":"SearchAction","target":{"@type":"EntryPoint","urlTemplate":"https:\/\/shopvapor.de\/?s={search_term_string}"},"query-input":{"@type":"PropertyValueSpecification","valueRequired":true,"valueName":"search_term_string"}}],"inLanguage":"es"}]}},"_links":{"self":[{"href":"https:\/\/shopvapor.de\/es\/wp-json\/wp\/v2\/pages\/11635","targetHints":{"allow":["GET"]}}],"collection":[{"href":"https:\/\/shopvapor.de\/es\/wp-json\/wp\/v2\/pages"}],"about":[{"href":"https:\/\/shopvapor.de\/es\/wp-json\/wp\/v2\/types\/page"}],"author":[{"embeddable":true,"href":"https:\/\/shopvapor.de\/es\/wp-json\/wp\/v2\/users\/1"}],"replies":[{"embeddable":true,"href":"https:\/\/shopvapor.de\/es\/wp-json\/wp\/v2\/comments?post=11635"}],"version-history":[{"count":1,"href":"https:\/\/shopvapor.de\/es\/wp-json\/wp\/v2\/pages\/11635\/revisions"}],"predecessor-version":[{"id":11636,"href":"https:\/\/shopvapor.de\/es\/wp-json\/wp\/v2\/pages\/11635\/revisions\/11636"}],"wp:attachment":[{"href":"https:\/\/shopvapor.de\/es\/wp-json\/wp\/v2\/media?parent=11635"}],"curies":[{"name":"pp","href":"https:\/\/api.w.org\/{rel}","templated":true}]}}