{"id":11637,"date":"2025-07-13T11:45:03","date_gmt":"2025-07-13T11:45:03","guid":{"rendered":"https:\/\/shopvapor.de\/?page_id=11637"},"modified":"2025-07-13T11:45:03","modified_gmt":"2025-07-13T11:45:03","slug":"informacion-de-envio","status":"publish","type":"page","link":"https:\/\/shopvapor.de\/es\/informacion-de-envio\/","title":{"rendered":"Informaci\u00f3n de env\u00edo"},"content":{"rendered":"<div>\n<p dir=\"auto\">Bienvenido a la p\u00e1gina de informaci\u00f3n de env\u00edo de Shopvapor, su especialista desechable de cigarrillos electr\u00f3nicos. Damos gran importancia a que su pedido se le env\u00ede de forma r\u00e1pida, segura y discreta. A continuaci\u00f3n encontrar\u00e1 todos los detalles importantes sobre nuestras condiciones de env\u00edo. Tenga en cuenta que los cigarrillos electr\u00f3nicos desechables y los productos relacionados est\u00e1n sujetos a requisitos legales en Alemania y la UE, incluidas las restricciones de edad (18 a\u00f1os y m\u00e1s) y las regulaciones de empaquetado seg\u00fan la Ley de Productos de Tabaco (Tabakerzg). Solo enviamos a clientes de tiempo completo y realizamos una verificaci\u00f3n de edad.<\/p>\n<h2 dir=\"auto\">gastos de env\u00edo<\/h2>\n<ul dir=\"auto\">\n<li><strong>Dentro de Alemania<\/strong>: El env\u00edo es gratuito de un valor de pedido de 39 \u20ac. Para pedidos menores de 39 \u20ac, los gastos de env\u00edo son 4,95 \u20ac.<\/li>\n<li><strong>de toda la UE<\/strong>: Los gastos de env\u00edo son 9,95 \u20ac por pedido. Env\u00edo gratis desde 100 \u20ac.<\/li>\n<li><strong>Entregas internacionales fuera de la UE<\/strong>: Actualmente, no hacemos env\u00edos fuera de la UE debido a las restricciones aduaneras y regulatorias sobre los cigarrillos electr\u00f3nicos desechables. Por favor cont\u00e1ctenos para consultas individuales.<\/li>\n<li>Todos los precios incluyen IVA. El comprador lleva aranceles aduaneros o impuestos adicionales en pa\u00edses no pertenecientes a la UE.<\/li>\n<\/ul>\n<p dir=\"auto\">Utilizamos socios confiables como DHL para el env\u00edo para garantizar una entrega segura y rastreable. Los cigarrillos electr\u00f3nicos desechables se env\u00edan en un embalaje neutro y seguro para ni\u00f1os que cumple con los requisitos de la UE (m\u00e1x. 2 ml de volumen de l\u00edquido por dispositivo, m\u00e1x. 20 mg\/ml de concentraci\u00f3n de nicotina).<\/p>\n<h2 dir=\"auto\">tiempos de entrega<\/h2>\n<ul dir=\"auto\">\n<li><strong>Alemania<\/strong>: Los pedidos realizados antes de las 2 p.m. generalmente se env\u00edan el mismo d\u00eda h\u00e1bil. El plazo de entrega es de 1-2 d\u00edas laborables.<\/li>\n<li><strong>Pa\u00edses de la<\/strong>: Plazo de entrega 3-5 d\u00edas laborables, dependiendo del pa\u00eds de destino.<\/li>\n<li>Los d\u00edas festivos y fines de semana pueden extender el tiempo de entrega. Le informaremos sobre el estado de env\u00edo por correo electr\u00f3nico.<\/li>\n<\/ul>\n<p dir=\"auto\">Tenga en cuenta que, debido a las regulaciones para el tabaco y los productos de nicotina (por ejemplo, la regulaci\u00f3n de la bater\u00eda de la UE) los cigarrillos electr\u00f3nicos desechables 2026 podr\u00edan prohibirse. Siempre nos adherimos a las leyes actuales y adaptamos nuestras pautas en consecuencia.<\/p>\n<h2 dir=\"auto\">rastreo<\/h2>\n<p dir=\"auto\">Cada pedido recibir\u00e1 un n\u00famero de seguimiento, que se le enviar\u00e1 por correo electr\u00f3nico. Puedes consultar el estado de tu entrega en cualquier momento en nuestra p\u00e1gina de socios: <a href=\"http:\/\/vapelogistic.com\/\" target=\"_blank\" rel=\"noopener noreferrer nofollow\">http:\/\/vapelogistic.com\/<\/a>. Simplemente ingrese su n\u00famero de seguimiento para obtener actualizaciones en tiempo real.<\/p>\n<h2 dir=\"auto\">Verificaci\u00f3n de edad y avisos legales<\/h2>\n<ul dir=\"auto\">\n<li>Todos los productos de Shopvapor est\u00e1n destinados a personas mayores de 18 a\u00f1os. Durante el parto, el repartidor lleva a cabo una verificaci\u00f3n de edad (por ejemplo, DHL AgeSight).<\/li>\n<li>No enviamos productos a menores ni a pa\u00edses donde est\u00e1 prohibida la importaci\u00f3n de cigarrillos electr\u00f3nicos desechables.<\/li>\n<li>Advertencias de salud: los cigarrillos electr\u00f3nicos desechables contienen nicotina, que es adictiva. El embalaje lleva advertencias obligatorias de acuerdo con las directivas de la UE.<\/li>\n<li>Devoluciones: los productos sin abrir pueden devolverse dentro de los 14 d\u00edas. Los cigarrillos electr\u00f3nicos desechables abiertos est\u00e1n excluidos del intercambio por razones higi\u00e9nicas.<\/li>\n<\/ul>\n<p dir=\"auto\">Si tiene alguna pregunta sobre su env\u00edo, cont\u00e1ctenos en <a href=\"mailto:support@shopvapor.de\" target=\"_blank\" rel=\"noopener noreferrer nofollow\">support@shopvapor.de<\/a> o a trav\u00e9s de nuestro formulario de contacto. \u00a1Gracias por su confianza en Shopvapor - su socio para los cigarrillos electr\u00f3nicos desechables de alta calidad!<\/p>\n<\/div>\n<div>\n<div><\/div>\n<\/div>","protected":false},"excerpt":{"rendered":"<p>Bienvenido a la p\u00e1gina de informaci\u00f3n de env\u00edo de Shopvapor, su especialista desechable de cigarrillos electr\u00f3nicos. Damos gran importancia a su pedido de forma r\u00e1pida y segura<\/p>","protected":false},"author":1,"featured_media":0,"parent":0,"menu_order":0,"comment_status":"closed","ping_status":"closed","template":"","meta":{"footnotes":""},"class_list":["post-11637","page","type-page","status-publish","hentry"],"yoast_head":"<!-- This site is optimized with the Yoast SEO plugin v25.8 - https:\/\/yoast.com\/wordpress\/plugins\/seo\/ -->\n<title>Versandinformationen - ShopVapor<\/title>\n<meta name=\"description\" content=\"Willkommen auf der Versandinformationsseite von ShopVapor, Ihrem Spezialisten f\u00fcr Einweg-E-Zigaretten. Wir legen gro\u00dfen Wert darauf, dass Ihre Bestellung\" \/>\n<meta name=\"robots\" content=\"index, follow, max-snippet:-1, max-image-preview:large, max-video-preview:-1\" \/>\n<link rel=\"canonical\" href=\"https:\/\/shopvapor.de\/es\/informacion-de-envio\/\" \/>\n<meta property=\"og:locale\" content=\"es_ES\" \/>\n<meta property=\"og:type\" content=\"article\" \/>\n<meta property=\"og:title\" content=\"Versandinformationen - ShopVapor\" \/>\n<meta property=\"og:description\" content=\"Willkommen auf der Versandinformationsseite von ShopVapor, Ihrem Spezialisten f\u00fcr Einweg-E-Zigaretten. Wir legen gro\u00dfen Wert darauf, dass Ihre Bestellung\" \/>\n<meta property=\"og:url\" content=\"https:\/\/shopvapor.de\/es\/informacion-de-envio\/\" \/>\n<meta property=\"og:site_name\" content=\"ShopVapor\" \/>\n<meta name=\"twitter:card\" content=\"summary_large_image\" \/>\n<meta name=\"twitter:label1\" content=\"Tiempo de lectura\" \/>\n\t<meta name=\"twitter:data1\" content=\"2 minutos\" \/>\n<!-- \/ Yoast SEO plugin. -->","yoast_head_json":{"title":"Informaci\u00f3n de env\u00edo - Vapor","description":"Bienvenido a la p\u00e1gina de informaci\u00f3n de env\u00edo de Shopvapor, su especialista desechable de cigarrillos electr\u00f3nicos. Damos gran importancia a su pedido","robots":{"index":"index","follow":"follow","max-snippet":"max-snippet:-1","max-image-preview":"max-image-preview:large","max-video-preview":"max-video-preview:-1"},"canonical":"https:\/\/shopvapor.de\/es\/informacion-de-envio\/","og_locale":"es_ES","og_type":"article","og_title":"Versandinformationen - ShopVapor","og_description":"Willkommen auf der Versandinformationsseite von ShopVapor, Ihrem Spezialisten f\u00fcr Einweg-E-Zigaretten. Wir legen gro\u00dfen Wert darauf, dass Ihre Bestellung","og_url":"https:\/\/shopvapor.de\/es\/informacion-de-envio\/","og_site_name":"ShopVapor","twitter_card":"summary_large_image","twitter_misc":{"Tiempo de lectura":"2 minutos"},"schema":{"@context":"https:\/\/schema.org","@graph":[{"@type":"WebPage","@id":"https:\/\/shopvapor.de\/versandinformationen\/","url":"https:\/\/shopvapor.de\/versandinformationen\/","name":"Informaci\u00f3n de env\u00edo - Vapor","isPartOf":{"@id":"https:\/\/shopvapor.de\/#website"},"datePublished":"2025-07-13T11:45:03+00:00","description":"Bienvenido a la p\u00e1gina de informaci\u00f3n de env\u00edo de Shopvapor, su especialista desechable de cigarrillos electr\u00f3nicos. Damos gran importancia a su pedido","breadcrumb":{"@id":"https:\/\/shopvapor.de\/versandinformationen\/#breadcrumb"},"inLanguage":"es","potentialAction":[{"@type":"ReadAction","target":["https:\/\/shopvapor.de\/versandinformationen\/"]}]},{"@type":"BreadcrumbList","@id":"https:\/\/shopvapor.de\/versandinformationen\/#breadcrumb","itemListElement":[{"@type":"ListItem","position":1,"name":"Startseite","item":"https:\/\/shopvapor.de\/"},{"@type":"ListItem","position":2,"name":"Versandinformationen"}]},{"@type":"WebSite","@id":"https:\/\/shopvapor.de\/#website","url":"https:\/\/shopvapor.de\/","name":"TiendaVapor","description":"","potentialAction":[{"@type":"SearchAction","target":{"@type":"EntryPoint","urlTemplate":"https:\/\/shopvapor.de\/?s={search_term_string}"},"query-input":{"@type":"PropertyValueSpecification","valueRequired":true,"valueName":"search_term_string"}}],"inLanguage":"es"}]}},"_links":{"self":[{"href":"https:\/\/shopvapor.de\/es\/wp-json\/wp\/v2\/pages\/11637","targetHints":{"allow":["GET"]}}],"collection":[{"href":"https:\/\/shopvapor.de\/es\/wp-json\/wp\/v2\/pages"}],"about":[{"href":"https:\/\/shopvapor.de\/es\/wp-json\/wp\/v2\/types\/page"}],"author":[{"embeddable":true,"href":"https:\/\/shopvapor.de\/es\/wp-json\/wp\/v2\/users\/1"}],"replies":[{"embeddable":true,"href":"https:\/\/shopvapor.de\/es\/wp-json\/wp\/v2\/comments?post=11637"}],"version-history":[{"count":1,"href":"https:\/\/shopvapor.de\/es\/wp-json\/wp\/v2\/pages\/11637\/revisions"}],"predecessor-version":[{"id":11638,"href":"https:\/\/shopvapor.de\/es\/wp-json\/wp\/v2\/pages\/11637\/revisions\/11638"}],"wp:attachment":[{"href":"https:\/\/shopvapor.de\/es\/wp-json\/wp\/v2\/media?parent=11637"}],"curies":[{"name":"pp","href":"https:\/\/api.w.org\/{rel}","templated":true}]}}