{"id":11639,"date":"2025-07-13T12:05:45","date_gmt":"2025-07-13T12:05:45","guid":{"rendered":"https:\/\/shopvapor.de\/?page_id=11639"},"modified":"2025-07-13T12:05:45","modified_gmt":"2025-07-13T12:05:45","slug":"pago-seguro","status":"publish","type":"page","link":"https:\/\/shopvapor.de\/es\/pago-seguro\/","title":{"rendered":"Pago seguro"},"content":{"rendered":"<div>\n<p dir=\"auto\">Bienvenido a nuestra p\u00e1gina de pago seguro. En Shopvapor, su especialista en cigarrillos electr\u00f3nicos desechables de alta calidad, la seguridad de sus transacciones es la m\u00e1xima prioridad. Sabemos la importancia de proteger sus datos personales y financieros, especialmente en el \u00e1rea de productos de cigarrillos electr\u00f3nicos. Bas\u00e1ndonos en las mejores pr\u00e1cticas comprobadas para pagos seguros en la industria (como el cifrado SSL y el cumplimiento de los est\u00e1ndares PCI DSS), nos aseguramos de que cada compra funcione sin riesgos. Nuestra plataforma cumple con estrictos requisitos normativos, incluida la verificaci\u00f3n de edad, para garantizar que solo los clientes adultos (18+) puedan comprar.<\/p>\n<h4 dir=\"auto\">Nuestros m\u00e9todos de pago<\/h4>\n<p dir=\"auto\">Ofrecemos una selecci\u00f3n de opciones de pago confiables y flexibles adaptadas a sus necesidades. Todos los m\u00e9todos se proporcionan con los m\u00e1s altos est\u00e1ndares de seguridad para evitar el fraude y cifrar sus datos:<\/p>\n<ul dir=\"auto\">\n<li><strong>Paypal<\/strong>: La popular y segura soluci\u00f3n de billetera para pagos r\u00e1pidos. Con PayPal se beneficia de la protecci\u00f3n del comprador y no necesita ning\u00fan detalle de tarjeta de cr\u00e9dito directamente en nuestro sitio. Simplemente inicie sesi\u00f3n y pague: ideal para compras seguras en l\u00ednea de cigarrillos electr\u00f3nicos desechables.<\/li>\n<li><strong>tarjeta de cr\u00e9dito<\/strong>: Aceptamos tarjetas comunes como Visa, MasterCard y American Express. Todas las transacciones se procesan a trav\u00e9s de un proveedor de pago certificado que cumple con PCI-DSS. Los datos de su tarjeta nunca se almacenan en nuestros servidores, sino que se transmiten directamente encriptados.<\/li>\n<li><strong>criptomoneda<\/strong>: Para pagos modernos y an\u00f3nimos, apoyamos monedas virtuales comunes como Bitcoin (BTC) y Ethereum (ETH). Esta opci\u00f3n proporciona privacidad adicional y se procesa a trav\u00e9s de la tecnolog\u00eda blockchain segura. No se requieren detalles bancarios sensibles, perfecto para compras discretas.<\/li>\n<\/ul>\n<h4 dir=\"auto\">\u00bfPor qu\u00e9 nuestro pago es seguro?<\/h4>\n<ul dir=\"auto\">\n<li><strong>cifrado<\/strong>: Cada pago est\u00e1 protegido por un cifrado SSL de 256 bits que protege sus datos de acceso no autorizado. Esto est\u00e1 en l\u00ednea con los m\u00e1s altos est\u00e1ndares en la industria del comercio electr\u00f3nico para productos sensibles como los cigarrillos electr\u00f3nicos desechables.<\/li>\n<li><strong>Verificaci\u00f3n de edad y identidad<\/strong>: De acuerdo con los requisitos legales (por ejemplo, la Ley de Protecci\u00f3n Juvenil), realizamos una verificaci\u00f3n de edad automatizada. Solo los compradores confirmados de 18 a\u00f1os o m\u00e1s pueden completar la compra.<\/li>\n<li><strong>Protecci\u00f3n contra fraudes<\/strong>: Nuestros sistemas monitorean las transacciones en tiempo real para detectar actividades sospechosas. En caso de problemas, nuestro equipo de soporte est\u00e1 disponible las 24 horas del d\u00eda, los 7 d\u00edas de la semana.<\/li>\n<li><strong>soledad<\/strong>: Tratamos sus datos exclusivamente de acuerdo con el RGPD. Lea nuestro <a href=\"https:\/\/www.shopvapor.com\/datenschutz\" target=\"_blank\" rel=\"noopener noreferrer nofollow\">Pol\u00edtica de privacidad<\/a> para informaci\u00f3n detallada. No hay transferencia a terceros sin su consentimiento.<\/li>\n<\/ul>\n<p dir=\"auto\">Si tiene alguna pregunta sobre nuestros m\u00e9todos de pago o necesita ayuda, cont\u00e1ctenos en <a href=\"mailto:support@shopvapor.com\" target=\"_blank\" rel=\"noopener noreferrer nofollow\">support@shopvapor.com<\/a> o a trav\u00e9s del chat. Gracias por confiar en Shopvapor - \u00a1Su pareja para los cigarrillos electr\u00f3nicos desechables seguros y agradables!<\/p>\n<\/div>","protected":false},"excerpt":{"rendered":"<p>Bienvenido a nuestra p\u00e1gina de pago seguro. En Shopvapor, su especialista en cigarrillos electr\u00f3nicos desechables de alta calidad, la seguridad de sus transacciones es la m\u00e1xima prioridad.<\/p>","protected":false},"author":1,"featured_media":0,"parent":0,"menu_order":0,"comment_status":"closed","ping_status":"closed","template":"","meta":{"footnotes":""},"class_list":["post-11639","page","type-page","status-publish","hentry"],"yoast_head":"<!-- This site is optimized with the Yoast SEO plugin v25.8 - https:\/\/yoast.com\/wordpress\/plugins\/seo\/ -->\n<title>Sichere Zahlung - ShopVapor<\/title>\n<meta name=\"description\" content=\"Willkommen auf unserer sicheren Zahlungsseite. Bei ShopVapor, Ihrem Spezialisten f\u00fcr hochwertige Einweg-E-Zigaretten, steht die Sicherheit Ihrer\" \/>\n<meta name=\"robots\" content=\"index, follow, max-snippet:-1, max-image-preview:large, max-video-preview:-1\" \/>\n<link rel=\"canonical\" href=\"https:\/\/shopvapor.de\/es\/pago-seguro\/\" \/>\n<meta property=\"og:locale\" content=\"es_ES\" \/>\n<meta property=\"og:type\" content=\"article\" \/>\n<meta property=\"og:title\" content=\"Sichere Zahlung - ShopVapor\" \/>\n<meta property=\"og:description\" content=\"Willkommen auf unserer sicheren Zahlungsseite. Bei ShopVapor, Ihrem Spezialisten f\u00fcr hochwertige Einweg-E-Zigaretten, steht die Sicherheit Ihrer\" \/>\n<meta property=\"og:url\" content=\"https:\/\/shopvapor.de\/es\/pago-seguro\/\" \/>\n<meta property=\"og:site_name\" content=\"ShopVapor\" \/>\n<meta name=\"twitter:card\" content=\"summary_large_image\" \/>\n<meta name=\"twitter:label1\" content=\"Tiempo de lectura\" \/>\n\t<meta name=\"twitter:data1\" content=\"2 minutos\" \/>\n<!-- \/ Yoast SEO plugin. -->","yoast_head_json":{"title":"Pago seguro - Vapor de la tienda","description":"Bienvenido a nuestra p\u00e1gina de pago seguro. En Shopvapor, su especialista en cigarrillos electr\u00f3nicos desechables de alta calidad, la seguridad de su","robots":{"index":"index","follow":"follow","max-snippet":"max-snippet:-1","max-image-preview":"max-image-preview:large","max-video-preview":"max-video-preview:-1"},"canonical":"https:\/\/shopvapor.de\/es\/pago-seguro\/","og_locale":"es_ES","og_type":"article","og_title":"Sichere Zahlung - ShopVapor","og_description":"Willkommen auf unserer sicheren Zahlungsseite. Bei ShopVapor, Ihrem Spezialisten f\u00fcr hochwertige Einweg-E-Zigaretten, steht die Sicherheit Ihrer","og_url":"https:\/\/shopvapor.de\/es\/pago-seguro\/","og_site_name":"ShopVapor","twitter_card":"summary_large_image","twitter_misc":{"Tiempo de lectura":"2 minutos"},"schema":{"@context":"https:\/\/schema.org","@graph":[{"@type":"WebPage","@id":"https:\/\/shopvapor.de\/sichere-zahlung\/","url":"https:\/\/shopvapor.de\/sichere-zahlung\/","name":"Pago seguro - Vapor de la tienda","isPartOf":{"@id":"https:\/\/shopvapor.de\/#website"},"datePublished":"2025-07-13T12:05:45+00:00","description":"Bienvenido a nuestra p\u00e1gina de pago seguro. En Shopvapor, su especialista en cigarrillos electr\u00f3nicos desechables de alta calidad, la seguridad de su","breadcrumb":{"@id":"https:\/\/shopvapor.de\/sichere-zahlung\/#breadcrumb"},"inLanguage":"es","potentialAction":[{"@type":"ReadAction","target":["https:\/\/shopvapor.de\/sichere-zahlung\/"]}]},{"@type":"BreadcrumbList","@id":"https:\/\/shopvapor.de\/sichere-zahlung\/#breadcrumb","itemListElement":[{"@type":"ListItem","position":1,"name":"Startseite","item":"https:\/\/shopvapor.de\/"},{"@type":"ListItem","position":2,"name":"Sichere Zahlung"}]},{"@type":"WebSite","@id":"https:\/\/shopvapor.de\/#website","url":"https:\/\/shopvapor.de\/","name":"TiendaVapor","description":"","potentialAction":[{"@type":"SearchAction","target":{"@type":"EntryPoint","urlTemplate":"https:\/\/shopvapor.de\/?s={search_term_string}"},"query-input":{"@type":"PropertyValueSpecification","valueRequired":true,"valueName":"search_term_string"}}],"inLanguage":"es"}]}},"_links":{"self":[{"href":"https:\/\/shopvapor.de\/es\/wp-json\/wp\/v2\/pages\/11639","targetHints":{"allow":["GET"]}}],"collection":[{"href":"https:\/\/shopvapor.de\/es\/wp-json\/wp\/v2\/pages"}],"about":[{"href":"https:\/\/shopvapor.de\/es\/wp-json\/wp\/v2\/types\/page"}],"author":[{"embeddable":true,"href":"https:\/\/shopvapor.de\/es\/wp-json\/wp\/v2\/users\/1"}],"replies":[{"embeddable":true,"href":"https:\/\/shopvapor.de\/es\/wp-json\/wp\/v2\/comments?post=11639"}],"version-history":[{"count":1,"href":"https:\/\/shopvapor.de\/es\/wp-json\/wp\/v2\/pages\/11639\/revisions"}],"predecessor-version":[{"id":11640,"href":"https:\/\/shopvapor.de\/es\/wp-json\/wp\/v2\/pages\/11639\/revisions\/11640"}],"wp:attachment":[{"href":"https:\/\/shopvapor.de\/es\/wp-json\/wp\/v2\/media?parent=11639"}],"curies":[{"name":"pp","href":"https:\/\/api.w.org\/{rel}","templated":true}]}}