{"id":10420,"date":"2025-07-02T07:32:12","date_gmt":"2025-07-02T07:32:12","guid":{"rendered":"https:\/\/shopvapor.de\/?post_type=product&#038;p=10420"},"modified":"2025-07-15T04:00:29","modified_gmt":"2025-07-15T04:00:29","slug":"waspe-20000-20k-puffs-caja-de-malla-dual-cigarrillo-e-desechable-original","status":"publish","type":"product","link":"https:\/\/shopvapor.de\/es\/product\/waspe-20000-20k-puffs-caja-de-malla-dual-cigarrillo-e-desechable-original\/","title":{"rendered":"Waspe 20000 20K Puffs caja de malla doble desechable E-cigarrillo Original"},"content":{"rendered":"<h2>Introducci\u00f3n al Cigarro Electr\u00f3nico Desechable WASPE 20000<\/h2>\n<p>El cigarrillo electr\u00f3nico desechable Waspe 20000 Puffs ofrece una impresionante combinaci\u00f3n de longevidad, sabor intenso y dise\u00f1o f\u00e1cil de usar. Con una capacidad de hasta 20.000 trenes y una variedad de sabores, este dispositivo atrae a los usuarios exigentes que valoren la calidad y la comodidad. La marca Waspe significa tecnolog\u00eda innovadora y rendimiento confiable, lo que hace de este producto una opci\u00f3n de primera clase para los conocedores. Gracias a la avanzada tecnolog\u00eda de bobina de malla doble y una bater\u00eda potente, la WASPE 20000 Puffs ofrece una experiencia consistente y de buen gusto hasta el \u00faltimo tren.<\/p>\n<h2>Par\u00e1metros del producto WASP 20000<\/h2>\n<p>El Waspe 20000 Puffs est\u00e1 equipado con caracter\u00edsticas t\u00e9cnicas que garantizan un rendimiento \u00f3ptimo y facilidad de uso. Los par\u00e1metros clave se detallan a continuaci\u00f3n para resaltar las fortalezas de este dispositivo.<\/p>\n<h3>Capacidad: hasta 20.000 trenes<\/h3>\n<p>Con una capacidad de hasta 20.000 trenes, el Waspe 20000 Puffs ofrece una vida \u00fatil excepcionalmente larga. Este elevado n\u00famero de trenes permite que el dispositivo se utilice por un per\u00edodo de tiempo m\u00e1s largo sin necesidad de sustituci\u00f3n. El rendimiento constante garantiza que cada tren ofrezca la misma intensidad y calidad de sabor, lo que distingue a la avispa de otros cigarrillos electr\u00f3nicos desechables.<\/p>\n<h3>Capacidad de e-l\u00edquido: 24ml<\/h3>\n<p>El dispositivo se llena previamente con 24 ml de e-l\u00edquido de alta calidad, que es una cantidad generosa para disfrutarla de larga duraci\u00f3n. Esta capacidad minimiza la necesidad de recargas y soporta el elevado n\u00famero de trenes. El e-l\u00edquido est\u00e1 especialmente formulado para armonizar con las bobinas de malla dual y proporcionar un sabor intenso y puro.<\/p>\n<h3>Fuerza de nicotina: 0 %, 2 %, 3 %, 5 %<\/h3>\n<p>El Waspe 20000 Puffs est\u00e1 disponible en cuatro resistencias de nicotina (0 %, 2 %, 3 %, 5 %) para satisfacer las preferencias individuales de los usuarios. Esta flexibilidad le permite ajustar la intensidad de la nicotina de acuerdo a sus necesidades personales, ya sea para una experiencia sin nicotina o un efecto m\u00e1s fuerte. Cada opci\u00f3n se dosifica con precisi\u00f3n para garantizar una calidad constante.<\/p>\n<h3>Bobinas de malla doble: resistencia de 0,8 \u03a9<\/h3>\n<p>La avanzada tecnolog\u00eda de bobina de malla dual con una resistencia de 0,8 \u03a9 asegura un calentamiento uniforme del e-l\u00edquido, lo que da como resultado un intenso desarrollo de sabor y una suave producci\u00f3n de vapor. Esta tecnolog\u00eda maximiza la eficiencia y prolonga la vida \u00fatil del dispositivo al proporcionar un rendimiento constante durante toda la vida \u00fatil.<\/p>\n<h3>Bater\u00eda: 900 mAh, recargable a trav\u00e9s de Tipo-C<\/h3>\n<p>Una potente bater\u00eda de 900 mAh suministra a las waspe 20000 soplos de energ\u00eda suficiente para la capacidad total del tren. La capacidad de cargar la bater\u00eda de forma r\u00e1pida y eficiente a trav\u00e9s de un puerto tipo C garantiza una m\u00ednima falla y la m\u00e1xima comodidad. El puerto Type-C es moderno y ampliamente utilizado, lo que facilita el manejo.<\/p>\n<h3>Pantalla LCD: informaci\u00f3n en tiempo real<\/h3>\n<p>La pantalla LCD integrada proporciona informaci\u00f3n clara sobre el nivel de la bater\u00eda, la cantidad restante de e-l\u00edquido y el n\u00famero de trenes. Esta funci\u00f3n permite a los usuarios vigilar el estado del dispositivo en todo momento y planificar su uso en consecuencia. La pantalla es intuitiva y f\u00e1cil de usar.<\/p>\n<h2>Avispa 20000 Sabores de bocadillos<\/h2>\n<p>El Waspe 20000 Puffs ofrece una amplia gama de sabores que tienen algo para todos los gustos. Cada sabor est\u00e1 cuidadosamente dise\u00f1ado para proporcionar una experiencia intensa y aut\u00e9ntica. Los sabores disponibles son:<\/p>\n<ul>\n<li>Hielo exuberante: una refrescante combinaci\u00f3n de jugosa sand\u00eda y un final fresco.<\/li>\n<li>Sand\u00eda de fresa: fresas dulces combinadas con sand\u00eda fresca para un regalo afrutado.<\/li>\n<li>Hielo de ar\u00e1ndanos: jugosos ar\u00e1ndanos con un final refrescante y fresco.<\/li>\n<li>Bayas mixtas: una mezcla de diferentes bayas para un sabor afrutado de varias capas.<\/li>\n<li>Hielo de uva: sabor a uva dulce con una nota fresca.<\/li>\n<li>Hielo de melocot\u00f3n: Delicado sabor a melocot\u00f3n con un toque refrescante.<\/li>\n<li>Doble manzana hielo: una mezcla de manzana verde y roja con un acabado fresco.<\/li>\n<li>Fresa Kiwi: Fresas dulces combinadas con kiwi picante.<\/li>\n<li>Dulce de melocot\u00f3n Blueberry Fudge: Mezcla cremosa de melocot\u00f3n y ar\u00e1ndano con un toque de dulce de az\u00facar.<\/li>\n<li>Cereza de frambuesa: frambuesas \u00e1cidas y jugosas cerezas para un sabor equilibrado.<\/li>\n<li>Limonada de frambuesa y ar\u00e1ndano: limonada espumosa con ar\u00e1ndanos y frambuesas.<\/li>\n<li>Guy de sand\u00eda: sand\u00eda dulce con sabor a chicle nost\u00e1lgico.<\/li>\n<\/ul>\n<div id=\"attachment_11814\" style=\"width: 1010px\" class=\"wp-caption alignnone\"><img fetchpriority=\"high\" decoding=\"async\" aria-describedby=\"caption-attachment-11814\" class=\"wp-image-11814 size-full\" title=\"Waspe 20000 20k bocanadas\" src=\"https:\/\/shopvapor.de\/wp-content\/uploads\/2025\/07\/WASPE-20000-20K-Puffs.webp\" alt=\"Waspe 20000 20k bocanadas\" width=\"1000\" height=\"1000\" srcset=\"https:\/\/shopvapor.de\/wp-content\/uploads\/2025\/07\/WASPE-20000-20K-Puffs.webp 1000w, https:\/\/shopvapor.de\/wp-content\/uploads\/2025\/07\/WASPE-20000-20K-Puffs-300x300.webp 300w, https:\/\/shopvapor.de\/wp-content\/uploads\/2025\/07\/WASPE-20000-20K-Puffs-800x800.webp 800w, https:\/\/shopvapor.de\/wp-content\/uploads\/2025\/07\/WASPE-20000-20K-Puffs-150x150.webp 150w, https:\/\/shopvapor.de\/wp-content\/uploads\/2025\/07\/WASPE-20000-20K-Puffs-768x768.webp 768w, https:\/\/shopvapor.de\/wp-content\/uploads\/2025\/07\/WASPE-20000-20K-Puffs-430x430.webp 430w, https:\/\/shopvapor.de\/wp-content\/uploads\/2025\/07\/WASPE-20000-20K-Puffs-700x700.webp 700w, https:\/\/shopvapor.de\/wp-content\/uploads\/2025\/07\/WASPE-20000-20K-Puffs-180x180.webp 180w\" sizes=\"(max-width: 1000px) 100vw, 1000px\" \/><p id=\"caption-attachment-11814\" class=\"wp-caption-text\">\u00a0<\/p><\/div>\n<h2>Preguntas frecuentes (FAQ) Acerca de Waspe 20000 Puffs<\/h2>\n<p>Para atender las preguntas de los usuarios potenciales, hemos recopilado las preocupaciones m\u00e1s comunes espec\u00edficamente sobre las bocanadas de WASPE 20000.<\/p>\n<p><strong>\u00bfCu\u00e1nto dura la avispa 20000 soplos?<\/strong><br \/>\nLa vida \u00fatil depende de la frecuencia de uso. Con uso medio (aprox. 300 -500 trenes por d\u00eda), el dispositivo puede durar varias semanas, ya que ofrece hasta 20.000 trenes.<\/p>\n<p><strong>\u00bfLa bater\u00eda es realmente recargable y con qu\u00e9 frecuencia hay que cargarla?<\/strong><br \/>\nS\u00ed, la bater\u00eda de 900 mAh es recargable a trav\u00e9s de Tipo C. La frecuencia de carga var\u00eda seg\u00fan el uso, pero generalmente una carga es suficiente para varios d\u00edas de uso intensivo.<\/p>\n<p><strong>\u00bfPuedo cambiar el sabor durante el uso?<\/strong><br \/>\nNo, el Waspe 20000 Puffs es un dispositivo desechable con un sabor s\u00f3lido por dispositivo. No existe un sistema de doble sabor como otros modelos.<\/p>\n<p><strong>\u00bfQu\u00e9 sucede si el e-l\u00edquido se agota antes de los 20.000 trenes?<\/strong><br \/>\nLos e-l\u00edquidos de 24 ml est\u00e1n coordinados para apoyar a los 20.000 trenes. Si el e-l\u00edquido se ha utilizado inesperadamente antes, p\u00f3ngase en contacto con el servicio al cliente, ya que podr\u00eda ser un error de producci\u00f3n.<\/p>\n<p><strong>\u00bfLa pantalla LCD est\u00e1 siempre activa y afecta la duraci\u00f3n de la bater\u00eda?<\/strong><br \/>\nLa pantalla LCD solo se activa durante el uso o al comprobar el estado para conservar la bater\u00eda. Tiene un impacto m\u00ednimo en la duraci\u00f3n de la bater\u00eda.<\/p>\n<p><strong>\u00bfTodos los sabores est\u00e1n disponibles en cada fuerza de nicotina?<\/strong><br \/>\nS\u00ed, los 12 sabores est\u00e1n disponibles en nicotina stress 0 %, 2 %, 3 % y 5 % para que pueda elegir su combinaci\u00f3n preferida.<\/p>\n<p><strong>\u00bfC\u00f3mo desecho las bocanadas de Waspe 20000 despu\u00e9s de usarlas?<\/strong><br \/>\nEl dispositivo debe desecharse de acuerdo con las regulaciones locales de residuos electr\u00f3nicos. No retire la bater\u00eda usted mismo, sino que entregue el dispositivo en un punto de recogida de electrodom\u00e9sticos.<\/p>","protected":false},"excerpt":{"rendered":"<p dir=\"auto\">WASP 20000 Puffs E-cigarrillo desechable con hasta 20.000 bocanadas, bobinas de 24 ml de e-l\u00edquido, doble malla, bater\u00eda recargable de 900 mAh y pantalla LCD. Disponible en 12 sabores y fuerzas de nicotina desde 0 % hasta 5 %.<\/p>","protected":false},"featured_media":10424,"comment_status":"open","ping_status":"closed","template":"","meta":[],"product_brand":[1158],"product_cat":[1164],"product_tag":[957,959],"class_list":{"0":"post-10420","1":"product","2":"type-product","3":"status-publish","4":"has-post-thumbnail","6":"product_brand-waspe","7":"product_cat-20000-puffs","8":"product_tag-20k-puffs","9":"product_tag-more-than-10kpuffs","11":"first","12":"instock","13":"sale","14":"shipping-taxable","15":"purchasable","16":"product-type-variable"},"yoast_head":"<!-- This site is optimized with the Yoast SEO plugin v25.8 - https:\/\/yoast.com\/wordpress\/plugins\/seo\/ -->\n<title>WASPE 20000 20K Puffs Dual Mesh Box Einweg-E-Zigarette Original - ShopVapor<\/title>\n<meta name=\"description\" content=\"WASPE 20000 PUFFS Einweg-E-Zigarette mit bis zu 20.000 Z\u00fcgen, 24 ml E-Liquid, Dual-Mesh-Coils, 900 mAh wiederaufladbarem Akku und LCD-Display. Erh\u00e4ltlich in 12 Geschmacksrichtungen und Nikotinst\u00e4rken von 0 % bis 5 %.\" \/>\n<meta name=\"robots\" content=\"index, follow, max-snippet:-1, max-image-preview:large, max-video-preview:-1\" \/>\n<link rel=\"canonical\" href=\"https:\/\/shopvapor.de\/es\/product\/waspe-20000-20k-puffs-caja-de-malla-dual-cigarrillo-e-desechable-original\/\" \/>\n<meta property=\"og:locale\" content=\"es_ES\" \/>\n<meta property=\"og:type\" content=\"article\" \/>\n<meta property=\"og:title\" content=\"WASPE 20000 20K Puffs Dual Mesh Box Einweg-E-Zigarette Original - ShopVapor\" \/>\n<meta property=\"og:description\" content=\"WASPE 20000 PUFFS Einweg-E-Zigarette mit bis zu 20.000 Z\u00fcgen, 24 ml E-Liquid, Dual-Mesh-Coils, 900 mAh wiederaufladbarem Akku und LCD-Display. Erh\u00e4ltlich in 12 Geschmacksrichtungen und Nikotinst\u00e4rken von 0 % bis 5 %.\" \/>\n<meta property=\"og:url\" content=\"https:\/\/shopvapor.de\/es\/product\/waspe-20000-20k-puffs-caja-de-malla-dual-cigarrillo-e-desechable-original\/\" \/>\n<meta property=\"og:site_name\" content=\"ShopVapor\" \/>\n<meta property=\"article:modified_time\" content=\"2025-07-15T04:00:29+00:00\" \/>\n<meta property=\"og:image\" content=\"https:\/\/shopvapor.de\/wp-content\/uploads\/2025\/07\/waspe-20000-20k-puffs-dual-mesh-box-einweg-e-zigarette-original-10.png\" \/>\n\t<meta property=\"og:image:width\" content=\"800\" \/>\n\t<meta property=\"og:image:height\" content=\"610\" \/>\n\t<meta property=\"og:image:type\" content=\"image\/png\" \/>\n<meta name=\"twitter:card\" content=\"summary_large_image\" \/>\n<meta name=\"twitter:label1\" content=\"Tiempo de lectura\" \/>\n\t<meta name=\"twitter:data1\" content=\"5 minutos\" \/>\n<!-- \/ Yoast SEO plugin. -->","yoast_head_json":{"title":"WASPE 20000 20K Puffs Caja de malla doble Desechable E-cigarrillo Original - Shopvapor","description":"WASP 20000 Puffs E-cigarrillo desechable con hasta 20.000 bocanadas, bobinas de 24 ml de e-l\u00edquido, doble malla, bater\u00eda recargable de 900 mAh y pantalla LCD. Disponible en 12 sabores y fuerzas de nicotina desde 0 % hasta 5 %.","robots":{"index":"index","follow":"follow","max-snippet":"max-snippet:-1","max-image-preview":"max-image-preview:large","max-video-preview":"max-video-preview:-1"},"canonical":"https:\/\/shopvapor.de\/es\/product\/waspe-20000-20k-puffs-caja-de-malla-dual-cigarrillo-e-desechable-original\/","og_locale":"es_ES","og_type":"article","og_title":"WASPE 20000 20K Puffs Dual Mesh Box Einweg-E-Zigarette Original - ShopVapor","og_description":"WASPE 20000 PUFFS Einweg-E-Zigarette mit bis zu 20.000 Z\u00fcgen, 24 ml E-Liquid, Dual-Mesh-Coils, 900 mAh wiederaufladbarem Akku und LCD-Display. Erh\u00e4ltlich in 12 Geschmacksrichtungen und Nikotinst\u00e4rken von 0 % bis 5 %.","og_url":"https:\/\/shopvapor.de\/es\/product\/waspe-20000-20k-puffs-caja-de-malla-dual-cigarrillo-e-desechable-original\/","og_site_name":"ShopVapor","article_modified_time":"2025-07-15T04:00:29+00:00","og_image":[{"width":800,"height":610,"url":"https:\/\/shopvapor.de\/wp-content\/uploads\/2025\/07\/waspe-20000-20k-puffs-dual-mesh-box-einweg-e-zigarette-original-10.png","type":"image\/png"}],"twitter_card":"summary_large_image","twitter_misc":{"Tiempo de lectura":"5 minutos"},"schema":{"@context":"https:\/\/schema.org","@graph":[{"@type":"WebPage","@id":"https:\/\/shopvapor.de\/produkt\/waspe-20000-20k-puffs-dual-mesh-box-einweg-e-zigarette-original\/","url":"https:\/\/shopvapor.de\/produkt\/waspe-20000-20k-puffs-dual-mesh-box-einweg-e-zigarette-original\/","name":"WASPE 20000 20K Puffs Caja de malla doble Desechable E-cigarrillo Original - Shopvapor","isPartOf":{"@id":"https:\/\/shopvapor.de\/#website"},"primaryImageOfPage":{"@id":"https:\/\/shopvapor.de\/produkt\/waspe-20000-20k-puffs-dual-mesh-box-einweg-e-zigarette-original\/#primaryimage"},"image":{"@id":"https:\/\/shopvapor.de\/produkt\/waspe-20000-20k-puffs-dual-mesh-box-einweg-e-zigarette-original\/#primaryimage"},"thumbnailUrl":"https:\/\/shopvapor.de\/wp-content\/uploads\/2025\/07\/waspe-20000-20k-puffs-dual-mesh-box-einweg-e-zigarette-original-10.png","datePublished":"2025-07-02T07:32:12+00:00","dateModified":"2025-07-15T04:00:29+00:00","description":"WASP 20000 Puffs E-cigarrillo desechable con hasta 20.000 bocanadas, bobinas de 24 ml de e-l\u00edquido, doble malla, bater\u00eda recargable de 900 mAh y pantalla LCD. Disponible en 12 sabores y fuerzas de nicotina desde 0 % hasta 5 %.","breadcrumb":{"@id":"https:\/\/shopvapor.de\/produkt\/waspe-20000-20k-puffs-dual-mesh-box-einweg-e-zigarette-original\/#breadcrumb"},"inLanguage":"es","potentialAction":[{"@type":"ReadAction","target":["https:\/\/shopvapor.de\/produkt\/waspe-20000-20k-puffs-dual-mesh-box-einweg-e-zigarette-original\/"]}]},{"@type":"ImageObject","inLanguage":"es","@id":"https:\/\/shopvapor.de\/produkt\/waspe-20000-20k-puffs-dual-mesh-box-einweg-e-zigarette-original\/#primaryimage","url":"https:\/\/shopvapor.de\/wp-content\/uploads\/2025\/07\/waspe-20000-20k-puffs-dual-mesh-box-einweg-e-zigarette-original-10.png","contentUrl":"https:\/\/shopvapor.de\/wp-content\/uploads\/2025\/07\/waspe-20000-20k-puffs-dual-mesh-box-einweg-e-zigarette-original-10.png","width":800,"height":610},{"@type":"BreadcrumbList","@id":"https:\/\/shopvapor.de\/produkt\/waspe-20000-20k-puffs-dual-mesh-box-einweg-e-zigarette-original\/#breadcrumb","itemListElement":[{"@type":"ListItem","position":1,"name":"Startseite","item":"https:\/\/shopvapor.de\/"},{"@type":"ListItem","position":2,"name":"Shop","item":"https:\/\/shopvapor.de\/shop\/"},{"@type":"ListItem","position":3,"name":"WASPE 20000 20K Puffs Dual Mesh Box Einweg-E-Zigarette Original"}]},{"@type":"WebSite","@id":"https:\/\/shopvapor.de\/#website","url":"https:\/\/shopvapor.de\/","name":"TiendaVapor","description":"","potentialAction":[{"@type":"SearchAction","target":{"@type":"EntryPoint","urlTemplate":"https:\/\/shopvapor.de\/?s={search_term_string}"},"query-input":{"@type":"PropertyValueSpecification","valueRequired":true,"valueName":"search_term_string"}}],"inLanguage":"es"}]}},"_links":{"self":[{"href":"https:\/\/shopvapor.de\/es\/wp-json\/wp\/v2\/product\/10420","targetHints":{"allow":["GET"]}}],"collection":[{"href":"https:\/\/shopvapor.de\/es\/wp-json\/wp\/v2\/product"}],"about":[{"href":"https:\/\/shopvapor.de\/es\/wp-json\/wp\/v2\/types\/product"}],"replies":[{"embeddable":true,"href":"https:\/\/shopvapor.de\/es\/wp-json\/wp\/v2\/comments?post=10420"}],"version-history":[{"count":3,"href":"https:\/\/shopvapor.de\/es\/wp-json\/wp\/v2\/product\/10420\/revisions"}],"predecessor-version":[{"id":11815,"href":"https:\/\/shopvapor.de\/es\/wp-json\/wp\/v2\/product\/10420\/revisions\/11815"}],"wp:featuredmedia":[{"embeddable":true,"href":"https:\/\/shopvapor.de\/es\/wp-json\/wp\/v2\/media\/10424"}],"wp:attachment":[{"href":"https:\/\/shopvapor.de\/es\/wp-json\/wp\/v2\/media?parent=10420"}],"wp:term":[{"taxonomy":"product_brand","embeddable":true,"href":"https:\/\/shopvapor.de\/es\/wp-json\/wp\/v2\/product_brand?post=10420"},{"taxonomy":"product_cat","embeddable":true,"href":"https:\/\/shopvapor.de\/es\/wp-json\/wp\/v2\/product_cat?post=10420"},{"taxonomy":"product_tag","embeddable":true,"href":"https:\/\/shopvapor.de\/es\/wp-json\/wp\/v2\/product_tag?post=10420"}],"curies":[{"name":"pp","href":"https:\/\/api.w.org\/{rel}","templated":true}]}}