{"id":11037,"date":"2025-07-02T08:17:16","date_gmt":"2025-07-02T08:17:16","guid":{"rendered":"https:\/\/shopvapor.de\/?post_type=product&#038;p=11037"},"modified":"2025-07-15T01:55:37","modified_gmt":"2025-07-15T01:55:37","slug":"zooy-zero-45000-45k-puffs-e-cigarrillo-desechable-dual-mesh-touchscreen","status":"publish","type":"product","link":"https:\/\/shopvapor.de\/es\/product\/zooy-zero-45000-45k-puffs-e-cigarrillo-desechable-dual-mesh-touchscreen\/","title":{"rendered":"ZOOY ZERO 45000 45K Puffs E-cigarrillo desechable Dual-Mesh &amp; Touchscreen"},"content":{"rendered":"<div id=\"tab-description\" class=\"woocommerce-Tabs-panel woocommerce-Tabs-panel--description panel entry-content wc-tab\" role=\"tabpanel\" aria-labelledby=\"tab-title-description\">\n<h2>Especificaciones detalladas del producto<\/h2>\n<p>Las especificaciones t\u00e9cnicas del ZOOY ZERO 45000 lo sit\u00faan a la cabeza de la categor\u00eda de vapeadores desechables. A continuaci\u00f3n encontrar\u00e1 una descripci\u00f3n detallada de los par\u00e1metros que hacen que este dispositivo sea tan especial, as\u00ed como las respectivas ventajas que ofrecen al usuario.<\/p>\n<h3>Capacidad del e-l\u00edquido: 35 ml<\/h3>\n<p>El ZOOY ZERO 45000 est\u00e1 precargado con 35 ml de e-l\u00edquido de alta calidad, lo que permite un uso duradero sin necesidad de rellenarlo.<br \/>\n<strong>Ventajas<\/strong>:<\/p>\n<ul>\n<li><strong>Utilizaci\u00f3n a largo plazo<\/strong>La gran capacidad garantiza que el dispositivo pueda utilizarse durante semanas, incluso con un uso regular.<\/li>\n<li><strong>Sabor uniforme<\/strong>El generoso volumen garantiza una calidad de sabor constante desde la primera hasta la \u00faltima inhalaci\u00f3n.<\/li>\n<li><strong>Pr\u00e1ctico para viajar<\/strong>No es necesario rellenarla, lo que hace que su manejo sea especialmente c\u00f3modo.<\/li>\n<\/ul>\n<h3>Potencia de nicotina: 2 %, 3 %, 5 %<\/h3>\n<p>El dispositivo ofrece potencias de nicotina personalizables de 2 %, 3 % o 5 % para adaptarse a las preferencias de cada usuario.<br \/>\n<strong>Ventajas<\/strong>:<\/p>\n<ul>\n<li><strong>Flexibilidad<\/strong>Los usuarios pueden elegir la potencia de nicotina que se adapte a sus necesidades, desde una experiencia suave a otra m\u00e1s intensa.<\/li>\n<li><strong>Amplio espectro<\/strong>Ideal para usuarios que desean ajustar gradualmente su consumo de nicotina.<\/li>\n<li><strong>Control personalizado<\/strong>Las opciones de selecci\u00f3n aumentan la satisfacci\u00f3n y hacen que el aparato sea vers\u00e1til.<\/li>\n<\/ul>\n<h3>Capacidad de la bater\u00eda: 1000 mAh<\/h3>\n<p>Una potente bater\u00eda recargable de 1000 mAh garantiza una alimentaci\u00f3n fiable del dispositivo.<br \/>\n<strong>Ventajas<\/strong>:<\/p>\n<ul>\n<li><strong>Rendimiento duradero<\/strong>La bater\u00eda soporta miles de trenes sin necesidad de recargas frecuentes.<\/li>\n<li><strong>Carga r\u00e1pida<\/strong>Gracias a la funci\u00f3n de carga r\u00e1pida Type-C, el dispositivo vuelve a estar listo para su uso en un abrir y cerrar de ojos.<\/li>\n<li><strong>fiabilidad<\/strong>Su gran capacidad minimiza las interrupciones, incluso con un uso intensivo.<\/li>\n<\/ul>\n<h3>Bobina de doble malla: 0,6 \u03a9 + 1,5 \u03a9<\/h3>\n<p>La innovadora bobina de doble malla con 0,6 \u03a9 y 1,5 \u03a9 optimiza tanto el sabor como la producci\u00f3n de vapor.<br \/>\n<strong>Ventajas<\/strong>:<\/p>\n<ul>\n<li><strong>Sabor intenso<\/strong>La bobina de 1,5 \u03a9 garantiza caladas suaves y llenas de sabor, ideales para entendidos.<\/li>\n<li><strong>Nubes densas<\/strong>La bobina de 0,6 \u03a9 produce mayores cantidades de vapor, perfecto para los usuarios que prefieren el vapor denso.<\/li>\n<li><strong>Versatilidad<\/strong>El cambio entre las bobinas le permite personalizar su estilo de vapeo.<\/li>\n<\/ul>\n<h3>Pantalla t\u00e1ctil LED inteligente<\/h3>\n<p>El ZOOY ZERO 45000 tiene una pantalla t\u00e1ctil de \u00faltima generaci\u00f3n que muestra informaci\u00f3n en tiempo real como el n\u00famero de caladas, el nivel de bater\u00eda y el nivel de e-l\u00edquido.<br \/>\n<strong>Ventajas<\/strong>:<\/p>\n<ul>\n<li><strong>Facilidad de uso<\/strong>Ajustes como la nicotina y la intensidad del enfriamiento se pueden regular intuitivamente con el tacto.<\/li>\n<li><strong>Transparencia<\/strong>La pantalla informa siempre al usuario del estado del aparato, lo que evita sorpresas como una bater\u00eda descargada.<\/li>\n<li><strong>Dise\u00f1o moderno<\/strong>La pantalla t\u00e1ctil confiere al dispositivo un aspecto futurista y atractivo.<\/li>\n<\/ul>\n<h3>Control del caudal de aire<\/h3>\n<p>La funci\u00f3n de flujo de aire ajustable permite personalizar la intensidad de la corriente de aire.<br \/>\n<strong>Ventajas<\/strong>:<\/p>\n<ul>\n<li><strong>Personalizaci\u00f3n<\/strong>Los usuarios pueden elegir entre una extracci\u00f3n m\u00e1s estrecha (MTL - Mouth to Lung) o m\u00e1s abierta (DTL - Direct to Lung).<\/li>\n<li><strong>Confort<\/strong>El ajuste del flujo de aire garantiza una experiencia agradable, independientemente de las preferencias.<\/li>\n<li><strong>Versatilidad<\/strong>Esta funci\u00f3n hace que el dispositivo resulte atractivo tanto para principiantes como para usuarios experimentados.<\/li>\n<\/ul>\n<h3>Carga r\u00e1pida tipo C<\/h3>\n<p>El dispositivo est\u00e1 equipado con una conexi\u00f3n Type-C, que permite una carga r\u00e1pida y eficiente.<br \/>\n<strong>Ventajas<\/strong>:<\/p>\n<ul>\n<li><strong>Ahorro de tiempo<\/strong>La carga r\u00e1pida reduce los tiempos de espera y mantiene el dispositivo listo para su uso.<\/li>\n<li><strong>Compatibilidad universal<\/strong>Los cables de tipo C est\u00e1n ampliamente disponibles, lo que facilita su uso.<\/li>\n<li><strong>Longevidad<\/strong>La moderna tecnolog\u00eda de carga protege la bater\u00eda y prolonga su vida \u00fatil.<\/li>\n<\/ul>\n<h2>Variedad de sabores<\/h2>\n<p>ZOOY ZERO 45000 ofrece una selecci\u00f3n de diez sabores premium para todos los gustos. Cada sabor ha sido cuidadosamente desarrollado para proporcionar una experiencia intensa y aut\u00e9ntica. Los sabores disponibles son:<\/p>\n<ol>\n<li>Helado de sand\u00eda<\/li>\n<li>Helado de ar\u00e1ndanos<\/li>\n<li>Fresa y sand\u00eda<\/li>\n<li>Lim\u00f3n cola<\/li>\n<li>Fresa kiwi<\/li>\n<li>Uva-Manzana<\/li>\n<li>Pop de fresa y naranja<\/li>\n<li>Helado de frambuesa azul<\/li>\n<li>Sand\u00eda con ar\u00e1ndanos<\/li>\n<li>Mango fruta de la pasi\u00f3n guayaba<\/li>\n<\/ol>\n<p><strong>Ventajas de los sabores<\/strong>:<\/p>\n<ul>\n<li><strong>Diversidad<\/strong>La amplia selecci\u00f3n apela a diferentes sabores, desde afrutados a refrescantes.<\/li>\n<li><strong>calidad<\/strong>Cada sabor est\u00e1 equilibrado con precisi\u00f3n para garantizar una experiencia uniforme.<\/li>\n<li><strong>individualidad<\/strong>: Los usuarios pueden elegir sus sabores favoritos para personalizar la experiencia de vapeo.<\/li>\n<\/ul>\n<p><img fetchpriority=\"high\" decoding=\"async\" class=\"alignnone wp-image-11773 size-full\" title=\"Zooy Zero 45000 45K\" src=\"https:\/\/shopvapor.de\/wp-content\/uploads\/2025\/07\/ZOOY-ZERO-45000-45K-Puffs.avif\" alt=\"Zooy Zero 45000 45K\" width=\"1000\" height=\"1000\" \/><\/p>\n<h2>Preguntas m\u00e1s frecuentes (FAQ)<\/h2>\n<p>A continuaci\u00f3n, respondemos las preguntas m\u00e1s frecuentes espec\u00edficamente sobre Zooy Zero 45000 que pueden ser proporcionadas por los clientes para crear claridad y confianza en el producto.<\/p>\n<p><strong>\u00bfCu\u00e1nto dura la bater\u00eda bajo uso normal?<\/strong><br \/>\nLa bater\u00eda de 1000 mAh del Zooy Zero 45000 dura varios d\u00edas con uso promedio (alrededor de 300-500 trenes por d\u00eda). La duraci\u00f3n exacta depende de la frecuencia de uso y de los ajustes como el flujo de aire o la selecci\u00f3n de bobinas. Gracias a la carga r\u00e1pida tipo C, el dispositivo est\u00e1 listo para usar nuevamente.<\/p>\n<p><strong>\u00bfPuedo cambiar la fuerza de la nicotina mientras lo uso?<\/strong><br \/>\nS\u00ed, el Zooy Zero 45000 le permite ajustar la fuerza de nicotina (2 %, 3 %, 5 %) a trav\u00e9s de la pantalla t\u00e1ctil. Esta funci\u00f3n proporciona flexibilidad para adaptar la experiencia a sus necesidades actuales.<\/p>\n<p><strong>\u00bfC\u00f3mo funciona el control del flujo de aire?<\/strong><br \/>\nEl control de flujo de aire es una v\u00e1lvula ajustable en el dispositivo que le permite ajustar la resistencia de tracci\u00f3n. Gire la v\u00e1lvula para elegir entre un tren m\u00e1s ajustado (MTL) o m\u00e1s abierto (DTL), seg\u00fan sus preferencias.<\/p>\n<p><strong>\u00bfQu\u00e9 ocurre cuando se agota el e-l\u00edquido?<\/strong><br \/>\nDado que el Zooy Zero 45000 es un dispositivo unidireccional, el e-l\u00edquido no se puede rellenar. Tan pronto como se agote el e-l\u00edquido de 35 ml, el dispositivo debe desecharse correctamente. La pantalla LED inteligente muestra el estado de e-l\u00edquido en tiempo real, por lo que siempre est\u00e1 informado.<\/p>\n<p><strong>\u00bfLos sabores tambi\u00e9n est\u00e1n disponibles sin nicotina?<\/strong><br \/>\nActualmente es Zooy Zero 45000 solo disponible con 2 %, 3 % o 5 % de nicotina. Las opciones sin nicotina no est\u00e1n disponibles actualmente, pero la opci\u00f3n 2 % baja ofrece una experiencia suave para los usuarios que prefieren menos nicotina.<\/p>\n<p><strong>\u00bfC\u00f3mo desecho el dispositivo despu\u00e9s de su uso?<\/strong><br \/>\nEl Zooy Zero 45000 debe desecharse de acuerdo con las bater\u00edas y electrodom\u00e9sticos locales. Lleve el dispositivo a un punto de recolecci\u00f3n de residuos electr\u00f3nicos para garantizar una eliminaci\u00f3n respetuosa con el medio ambiente.<\/p>\n<p><strong>\u00bfSe puede ajustar accidentalmente la pantalla t\u00e1ctil durante el uso?<\/strong><br \/>\nLa pantalla t\u00e1ctil est\u00e1 dise\u00f1ada de tal manera que solo reacciona con la operaci\u00f3n dirigida. Es poco probable que los ajustes no deseados, ya que se requiere un toque consciente para cambiar la configuraci\u00f3n.<\/p>\n<p><strong>\u00bfC\u00f3mo s\u00e9 que mi Zooy Zero 45000 es original?<\/strong><br \/>\nPara garantizar la autenticidad, compre el Zooy Zero 45000 solo de distribuidores autorizados o directamente a trav\u00e9s del sitio web oficial de Zoy. Los productos originales est\u00e1n provistos con un n\u00famero de serie y sello de calidad, que se puede verificar en el embalaje.<\/p>\n<\/div>","protected":false},"excerpt":{"rendered":"<p>Especificaciones del producto en detalle Las especificaciones t\u00e9cnicas del ZOOY ZERO 45000 lo convierten en uno de los favoritos en la categor\u00eda de vapeadores desechables.<\/p>","protected":false},"featured_media":11052,"comment_status":"open","ping_status":"closed","template":"","meta":[],"product_brand":[1149],"product_cat":[1150],"product_tag":[1013,1014,1015,1016,1017,1108],"class_list":{"0":"post-11037","1":"product","2":"type-product","3":"status-publish","4":"has-post-thumbnail","6":"product_brand-zooy","7":"product_cat-45000-puffs","8":"product_tag-all-product","9":"product_tag-brand","10":"product_tag-disposable","11":"product_tag-eu-warehouse-vape","12":"product_tag-new-arrival","13":"product_tag-zooy","15":"first","16":"instock","17":"sale","18":"shipping-taxable","19":"purchasable","20":"product-type-variable"},"yoast_head":"<!-- This site is optimized with the Yoast SEO plugin v25.8 - https:\/\/yoast.com\/wordpress\/plugins\/seo\/ -->\n<title>ZOOY ZERO 45000 45K Puffs Einweg E-Zigarette Dual-Mesh &amp; Touchscreen - ShopVapor<\/title>\n<meta name=\"description\" content=\"Produktspezifikationen im Detail Die technischen Spezifikationen des ZOOY ZERO 45000 machen ihn zu einem Spitzenreiter in der Kategorie der Einweg-Vapes.\" \/>\n<meta name=\"robots\" content=\"index, follow, max-snippet:-1, max-image-preview:large, max-video-preview:-1\" \/>\n<link rel=\"canonical\" href=\"https:\/\/shopvapor.de\/es\/product\/zooy-zero-45000-45k-puffs-e-cigarrillo-desechable-dual-mesh-touchscreen\/\" \/>\n<meta property=\"og:locale\" content=\"es_ES\" \/>\n<meta property=\"og:type\" content=\"article\" \/>\n<meta property=\"og:title\" content=\"ZOOY ZERO 45000 45K Puffs Einweg E-Zigarette Dual-Mesh &amp; Touchscreen - ShopVapor\" \/>\n<meta property=\"og:description\" content=\"Produktspezifikationen im Detail Die technischen Spezifikationen des ZOOY ZERO 45000 machen ihn zu einem Spitzenreiter in der Kategorie der Einweg-Vapes.\" \/>\n<meta property=\"og:url\" content=\"https:\/\/shopvapor.de\/es\/product\/zooy-zero-45000-45k-puffs-e-cigarrillo-desechable-dual-mesh-touchscreen\/\" \/>\n<meta property=\"og:site_name\" content=\"ShopVapor\" \/>\n<meta property=\"article:modified_time\" content=\"2025-07-15T01:55:37+00:00\" \/>\n<meta property=\"og:image\" content=\"https:\/\/shopvapor.de\/wp-content\/uploads\/2025\/07\/zooy-zero-45000-45k-puffs-einweg-e-zigarette-dual-mesh-touchscreen-20.jpg\" \/>\n\t<meta property=\"og:image:width\" content=\"800\" \/>\n\t<meta property=\"og:image:height\" content=\"800\" \/>\n\t<meta property=\"og:image:type\" content=\"image\/jpeg\" \/>\n<meta name=\"twitter:card\" content=\"summary_large_image\" \/>\n<meta name=\"twitter:label1\" content=\"Tiempo de lectura\" \/>\n\t<meta name=\"twitter:data1\" content=\"5 minutos\" \/>\n<!-- \/ Yoast SEO plugin. -->","yoast_head_json":{"title":"Zooy Zero 45000 45K Puffs E-cigarrillo desechable de malla dual y pantalla t\u00e1ctil - Shopvapor","description":"Especificaciones del producto en detalle Las especificaciones t\u00e9cnicas del ZOOY ZERO 45000 lo convierten en uno de los favoritos en la categor\u00eda de vapeadores desechables.","robots":{"index":"index","follow":"follow","max-snippet":"max-snippet:-1","max-image-preview":"max-image-preview:large","max-video-preview":"max-video-preview:-1"},"canonical":"https:\/\/shopvapor.de\/es\/product\/zooy-zero-45000-45k-puffs-e-cigarrillo-desechable-dual-mesh-touchscreen\/","og_locale":"es_ES","og_type":"article","og_title":"ZOOY ZERO 45000 45K Puffs Einweg E-Zigarette Dual-Mesh & Touchscreen - ShopVapor","og_description":"Produktspezifikationen im Detail Die technischen Spezifikationen des ZOOY ZERO 45000 machen ihn zu einem Spitzenreiter in der Kategorie der Einweg-Vapes.","og_url":"https:\/\/shopvapor.de\/es\/product\/zooy-zero-45000-45k-puffs-e-cigarrillo-desechable-dual-mesh-touchscreen\/","og_site_name":"ShopVapor","article_modified_time":"2025-07-15T01:55:37+00:00","og_image":[{"width":800,"height":800,"url":"https:\/\/shopvapor.de\/wp-content\/uploads\/2025\/07\/zooy-zero-45000-45k-puffs-einweg-e-zigarette-dual-mesh-touchscreen-20.jpg","type":"image\/jpeg"}],"twitter_card":"summary_large_image","twitter_misc":{"Tiempo de lectura":"5 minutos"},"schema":{"@context":"https:\/\/schema.org","@graph":[{"@type":"WebPage","@id":"https:\/\/shopvapor.de\/produkt\/zooy-zero-45000-45k-puffs-einweg-e-zigarette-dual-mesh-touchscreen\/","url":"https:\/\/shopvapor.de\/produkt\/zooy-zero-45000-45k-puffs-einweg-e-zigarette-dual-mesh-touchscreen\/","name":"Zooy Zero 45000 45K Puffs E-cigarrillo desechable de malla dual y pantalla t\u00e1ctil - Shopvapor","isPartOf":{"@id":"https:\/\/shopvapor.de\/#website"},"primaryImageOfPage":{"@id":"https:\/\/shopvapor.de\/produkt\/zooy-zero-45000-45k-puffs-einweg-e-zigarette-dual-mesh-touchscreen\/#primaryimage"},"image":{"@id":"https:\/\/shopvapor.de\/produkt\/zooy-zero-45000-45k-puffs-einweg-e-zigarette-dual-mesh-touchscreen\/#primaryimage"},"thumbnailUrl":"https:\/\/shopvapor.de\/wp-content\/uploads\/2025\/07\/zooy-zero-45000-45k-puffs-einweg-e-zigarette-dual-mesh-touchscreen-20.jpg","datePublished":"2025-07-02T08:17:16+00:00","dateModified":"2025-07-15T01:55:37+00:00","description":"Especificaciones del producto en detalle Las especificaciones t\u00e9cnicas del ZOOY ZERO 45000 lo convierten en uno de los favoritos en la categor\u00eda de vapeadores desechables.","breadcrumb":{"@id":"https:\/\/shopvapor.de\/produkt\/zooy-zero-45000-45k-puffs-einweg-e-zigarette-dual-mesh-touchscreen\/#breadcrumb"},"inLanguage":"es","potentialAction":[{"@type":"ReadAction","target":["https:\/\/shopvapor.de\/produkt\/zooy-zero-45000-45k-puffs-einweg-e-zigarette-dual-mesh-touchscreen\/"]}]},{"@type":"ImageObject","inLanguage":"es","@id":"https:\/\/shopvapor.de\/produkt\/zooy-zero-45000-45k-puffs-einweg-e-zigarette-dual-mesh-touchscreen\/#primaryimage","url":"https:\/\/shopvapor.de\/wp-content\/uploads\/2025\/07\/zooy-zero-45000-45k-puffs-einweg-e-zigarette-dual-mesh-touchscreen-20.jpg","contentUrl":"https:\/\/shopvapor.de\/wp-content\/uploads\/2025\/07\/zooy-zero-45000-45k-puffs-einweg-e-zigarette-dual-mesh-touchscreen-20.jpg","width":800,"height":800},{"@type":"BreadcrumbList","@id":"https:\/\/shopvapor.de\/produkt\/zooy-zero-45000-45k-puffs-einweg-e-zigarette-dual-mesh-touchscreen\/#breadcrumb","itemListElement":[{"@type":"ListItem","position":1,"name":"Startseite","item":"https:\/\/shopvapor.de\/"},{"@type":"ListItem","position":2,"name":"Shop","item":"https:\/\/shopvapor.de\/shop\/"},{"@type":"ListItem","position":3,"name":"ZOOY ZERO 45000 45K Puffs Einweg E-Zigarette Dual-Mesh &#038; Touchscreen"}]},{"@type":"WebSite","@id":"https:\/\/shopvapor.de\/#website","url":"https:\/\/shopvapor.de\/","name":"TiendaVapor","description":"","potentialAction":[{"@type":"SearchAction","target":{"@type":"EntryPoint","urlTemplate":"https:\/\/shopvapor.de\/?s={search_term_string}"},"query-input":{"@type":"PropertyValueSpecification","valueRequired":true,"valueName":"search_term_string"}}],"inLanguage":"es"}]}},"_links":{"self":[{"href":"https:\/\/shopvapor.de\/es\/wp-json\/wp\/v2\/product\/11037","targetHints":{"allow":["GET"]}}],"collection":[{"href":"https:\/\/shopvapor.de\/es\/wp-json\/wp\/v2\/product"}],"about":[{"href":"https:\/\/shopvapor.de\/es\/wp-json\/wp\/v2\/types\/product"}],"replies":[{"embeddable":true,"href":"https:\/\/shopvapor.de\/es\/wp-json\/wp\/v2\/comments?post=11037"}],"version-history":[{"count":1,"href":"https:\/\/shopvapor.de\/es\/wp-json\/wp\/v2\/product\/11037\/revisions"}],"predecessor-version":[{"id":11774,"href":"https:\/\/shopvapor.de\/es\/wp-json\/wp\/v2\/product\/11037\/revisions\/11774"}],"wp:featuredmedia":[{"embeddable":true,"href":"https:\/\/shopvapor.de\/es\/wp-json\/wp\/v2\/media\/11052"}],"wp:attachment":[{"href":"https:\/\/shopvapor.de\/es\/wp-json\/wp\/v2\/media?parent=11037"}],"wp:term":[{"taxonomy":"product_brand","embeddable":true,"href":"https:\/\/shopvapor.de\/es\/wp-json\/wp\/v2\/product_brand?post=11037"},{"taxonomy":"product_cat","embeddable":true,"href":"https:\/\/shopvapor.de\/es\/wp-json\/wp\/v2\/product_cat?post=11037"},{"taxonomy":"product_tag","embeddable":true,"href":"https:\/\/shopvapor.de\/es\/wp-json\/wp\/v2\/product_tag?post=11037"}],"curies":[{"name":"pp","href":"https:\/\/api.w.org\/{rel}","templated":true}]}}