{"id":5384,"date":"2025-07-02T03:53:28","date_gmt":"2025-07-02T03:53:28","guid":{"rendered":"https:\/\/shopvapor.de\/?post_type=product&#038;p=5384"},"modified":"2025-07-16T18:33:38","modified_gmt":"2025-07-16T18:33:38","slug":"randm-tornado-15000-15k-puffs-e-cigarrillo-desechable-e-original","status":"publish","type":"product","link":"https:\/\/shopvapor.de\/es\/product\/randm-tornado-15000-15k-puffs-e-cigarrillo-desechable-e-original\/","title":{"rendered":"Fringe Tornado 15000 15K Puffs E-cigarrillo desechable Original"},"content":{"rendered":"<h2>Introducci\u00f3n al Tornado RANDM 15000<\/h2>\n<p>El RANDM Tornado 15000 es un dispositivo de cigarrillo electr\u00f3nico desechable de \u00faltima generaci\u00f3n dise\u00f1ado para una experiencia de vapeo intenso y duradero. Con una impresionante capacidad de hasta 15.000 trenes, este dispositivo ofrece una combinaci\u00f3n de tecnolog\u00eda innovadora, materiales de alta calidad y una variedad de sabores. La marca RANDM es sin\u00f3nimo de calidad y fiabilidad, lo que hace de este producto una excelente opci\u00f3n para los usuarios m\u00e1s exigentes.<\/p>\n<h2>Par\u00e1metros del producto de un vistazo<\/h2>\n<p>El RANDM Tornado 15000 combina tecnolog\u00eda avanzada con un dise\u00f1o f\u00e1cil de usar. A continuaci\u00f3n se muestra una lista detallada de los par\u00e1metros m\u00e1s importantes y sus ventajas:<\/p>\n<h3>Sal de nicotina: 2 % o 5 %<\/h3>\n<p>El RANDM Tornado 15000 est\u00e1 disponible con sal de nicotina en dos puntos fuertes: 2 % o 5 %. Esto permite a los usuarios elegir la intensidad de la nicotina seg\u00fan sus preferencias. La ventaja de la sal de nicotina es la inhalaci\u00f3n m\u00e1s suave y la absorci\u00f3n m\u00e1s r\u00e1pida en comparaci\u00f3n con la nicotina convencional, lo que garantiza una experiencia agradable.<\/p>\n<h3>Capacidad de e-l\u00edquido: 25ml<\/h3>\n<p>Con una generosa capacidad de 25 ml de e-l\u00edquido, el Tornado 15000 ofrece una vida \u00fatil excepcionalmente larga. Esta alta capacidad reduce la necesidad de recargas frecuentes y garantiza un disfrute sostenido en muchos trenes.<\/p>\n<h3>Tecnolog\u00eda de bobina de malla<\/h3>\n<p>La tecnolog\u00eda de bobina de malla integrada garantiza que el e-l\u00edquido se calienta uniformemente, lo que resulta en un desarrollo de sabor m\u00e1s intenso y una producci\u00f3n de vapor m\u00e1s densa. Esta tecnolog\u00eda maximiza la eficiencia y garantiza una experiencia de vapeo constante hasta el \u00faltimo tren.<\/p>\n<h3>Bater\u00eda recargable de 850 mAh<\/h3>\n<p>El RANDM Tornado 15000 cuenta con una bater\u00eda integrada de 850 mAh que es recargable. Esto permite que el dispositivo se utilice varias veces hasta que se agote el e-l\u00edquido. La alta capacidad de la bater\u00eda garantiza un rendimiento fiable y minimiza las interrupciones durante el uso.<\/p>\n<h3>Pantalla LED<\/h3>\n<p>La pantalla LED integrada informa a los usuarios sobre el estado de la bater\u00eda y el estado de funcionamiento del dispositivo. Esta pr\u00e1ctica funci\u00f3n aumenta la facilidad de uso al proporcionar sugerencias visuales claras cuando el dispositivo necesita cargarse.<\/p>\n<h3>Embalaje: 10 unidades por caja expositora<\/h3>\n<p>El dispositivo viene en una pr\u00e1ctica caja de exhibici\u00f3n con 10 unidades, lo que facilita el transporte y el almacenamiento. Esto es especialmente beneficioso para los comerciantes y usuarios que desean comprar varios dispositivos a la vez.<\/p>\n<h2>Sabores<\/h2>\n<p>El RANDM Tornado 15000 ofrece una impresionante selecci\u00f3n de 47 sabores que tienen algo para todos los gustos. De notas afrutadas a refrescantes y dulces, aqu\u00ed est\u00e1 la lista completa:<\/p>\n<ul>\n<li>limonada azul razz<\/li>\n<li>Melocot\u00f3n helado<\/li>\n<li>manzana agria<\/li>\n<li>Hielo de sand\u00eda<\/li>\n<li>Ar\u00e1ndano sobre hielo<\/li>\n<li>Ar\u00e1ndano Frambuesa<\/li>\n<li>Hielo de pi\u00f1a<\/li>\n<li>Cereza<\/li>\n<li>Fresa helada<\/li>\n<li>Vimto<\/li>\n<li>Hielo de uva<\/li>\n<li>Cola Ice<\/li>\n<li>Sand\u00eda con fresa<\/li>\n<li>Limonada rosa<\/li>\n<li>Mezcla de bayas<\/li>\n<li>melocot\u00f3n<\/li>\n<li>fruta del drag\u00f3n<\/li>\n<li>uva de fresa<\/li>\n<li>Sr. Azul<\/li>\n<li>Hielo exuberante<\/li>\n<li>Helados<\/li>\n<li>Fresa Kiwi<\/li>\n<li>Kiwi Fruta de la pasi\u00f3n Guayaba<\/li>\n<li>Triple baya<\/li>\n<li>hielo del pl\u00e1tano<\/li>\n<li>Dulce de ar\u00e1ndanos de durazno<\/li>\n<li>pera de melocot\u00f3n de manzana<\/li>\n<li>limonada de bayas<\/li>\n<li>Cereza Razz Azul<\/li>\n<li>chicle de ar\u00e1ndanos<\/li>\n<li>Ar\u00e1ndano Cereza Ar\u00e1ndano<\/li>\n<li>Granada de ar\u00e1ndanos<\/li>\n<li>Frambuesa agria azul<\/li>\n<li>Cereza Cola<\/li>\n<li>Osito de goma<\/li>\n<li>Lim\u00f3n y lima<\/li>\n<li>Mango sobre hielo<\/li>\n<li>Hielo de energ\u00eda roja<\/li>\n<li>Fresa Pl\u00e1tano<\/li>\n<li>fresa red toro<\/li>\n<li>Limonada de sand\u00eda de fresa<\/li>\n<li>hielo t\u00e9 lim\u00f3n hielo<\/li>\n<li>Hielo T\u00e9 Melocot\u00f3n Hielo<\/li>\n<li>Cereza efervescente<\/li>\n<li>Bolos<\/li>\n<li>Menta fresca<\/li>\n<li>Pi\u00f1a Colada<\/li>\n<\/ul>\n<h2>Preguntas m\u00e1s frecuentes (FAQ)<\/h2>\n<p><strong>\u00bfCu\u00e1nto dura la bater\u00eda RANDM Tornado 15000?<\/strong><br \/>\nLa bater\u00eda de 850 mAh es recargable y dura varios d\u00edas dependiendo de su uso. La pantalla LED muestra el nivel de la bater\u00eda para que pueda cargar a tiempo.<\/p>\n<p><strong>\u00bfPuedo cambiar la concentraci\u00f3n de nicotina?<\/strong><br \/>\nEl RANDM Tornado 15000 est\u00e1 disponible en dos puntos de nicotina: 2 % y 5 %. La fuerza se especifica y no se puede cambiar m\u00e1s adelante. Elija la fuerza adecuada al comprar.<\/p>\n<p><strong>\u00bfCu\u00e1ntos trenes puedo hacer con el dispositivo?<\/strong><br \/>\nEl dispositivo ofrece hasta 15.000 movimientos, dependiendo de la duraci\u00f3n e intensidad de cada turno. La capacidad de 25 ml de e-l\u00edquido garantiza una larga vida \u00fatil.<\/p>\n<p><strong>\u00bfQu\u00e9 ocurre cuando se agota el e-l\u00edquido?<\/strong><br \/>\nEl RANDM Tornado 15000 es un dispositivo desechable que debe desecharse despu\u00e9s de que se haya utilizado el e-l\u00edquido. No es rellenable.<\/p>\n<p><strong>\u00bfEl dispositivo es adecuado para el uso diario?<\/strong><br \/>\nS\u00ed, gracias a la alta capacidad de 25 ml de e-l\u00edquido y la bater\u00eda recargable, el Tornado 15000 es ideal para el uso diario.<\/p>\n<p><strong>\u00bfC\u00f3mo funciona la pantalla LED?<\/strong><br \/>\nLa pantalla LED informa sobre el estado de la bater\u00eda y el estado de funcionamiento. Se ilumina cuando el dispositivo est\u00e1 activo y advierte cuando la bater\u00eda est\u00e1 baja para que pueda cargarla a tiempo.<\/p>\n<p><strong>\u00bfLos sabores son muy intensos?<\/strong><br \/>\nS\u00ed, la tecnolog\u00eda de malla de bobina garantiza un desarrollo intenso y uniforme del sabor que se mantiene en cualquier sabor.<\/p>","protected":false},"excerpt":{"rendered":"<p dir=\"auto\">Descubra el cigarrillo electr\u00f3nico RANDM Tornado 15000 desechable con 15.000 abultaduras, 25 ml de e-l\u00edquido, 2 %\/5 % sal de nicotina, bater\u00eda de 850 mAh, tecnolog\u00eda de bobina de malla y pantalla LED.<\/p>","protected":false},"featured_media":3089,"comment_status":"open","ping_status":"closed","template":"","meta":[],"product_brand":[1188],"product_cat":[1157],"product_tag":[963,959],"class_list":{"0":"post-5384","1":"product","2":"type-product","3":"status-publish","4":"has-post-thumbnail","6":"product_brand-randm","7":"product_cat-15000-puffs","8":"product_tag-15k-puffs","9":"product_tag-more-than-10kpuffs","11":"first","12":"instock","13":"shipping-taxable","14":"purchasable","15":"product-type-variable"},"yoast_head":"<!-- This site is optimized with the Yoast SEO plugin v25.8 - https:\/\/yoast.com\/wordpress\/plugins\/seo\/ -->\n<title>RandM Tornado 15000 15K Puffs Einweg-E-Zigarette Original - ShopVapor<\/title>\n<meta name=\"description\" content=\"Entdecken Sie den RandM Tornado 15000\u00a0Einweg-E-Zigarette mit 15.000 Z\u00fcgen, 25 ml E-Liquid, 2 %\/5 % Nikotinsalz, 850-mAh-Akku, Mesh-Coil-Technologie und LED-Anzeige.\" \/>\n<meta name=\"robots\" content=\"index, follow, max-snippet:-1, max-image-preview:large, max-video-preview:-1\" \/>\n<link rel=\"canonical\" href=\"https:\/\/shopvapor.de\/es\/product\/randm-tornado-15000-15k-puffs-e-cigarrillo-desechable-e-original\/\" \/>\n<meta property=\"og:locale\" content=\"es_ES\" \/>\n<meta property=\"og:type\" content=\"article\" \/>\n<meta property=\"og:title\" content=\"RandM Tornado 15000 15K Puffs Einweg-E-Zigarette Original - ShopVapor\" \/>\n<meta property=\"og:description\" content=\"Entdecken Sie den RandM Tornado 15000\u00a0Einweg-E-Zigarette mit 15.000 Z\u00fcgen, 25 ml E-Liquid, 2 %\/5 % Nikotinsalz, 850-mAh-Akku, Mesh-Coil-Technologie und LED-Anzeige.\" \/>\n<meta property=\"og:url\" content=\"https:\/\/shopvapor.de\/es\/product\/randm-tornado-15000-15k-puffs-e-cigarrillo-desechable-e-original\/\" \/>\n<meta property=\"og:site_name\" content=\"ShopVapor\" \/>\n<meta property=\"article:modified_time\" content=\"2025-07-16T18:33:38+00:00\" \/>\n<meta property=\"og:image\" content=\"https:\/\/shopvapor.de\/wp-content\/uploads\/2025\/07\/randm-tornado-15000-puffs-led-display-vape-original-e-cigarette.png\" \/>\n\t<meta property=\"og:image:width\" content=\"1000\" \/>\n\t<meta property=\"og:image:height\" content=\"1000\" \/>\n\t<meta property=\"og:image:type\" content=\"image\/png\" \/>\n<meta name=\"twitter:card\" content=\"summary_large_image\" \/>\n<meta name=\"twitter:label1\" content=\"Tiempo de lectura\" \/>\n\t<meta name=\"twitter:data1\" content=\"4 minutos\" \/>\n<!-- \/ Yoast SEO plugin. -->","yoast_head_json":{"title":"Fringe Tornado 15000 15K Puffs E-cigarrillo desechable Original - Shopvapor","description":"Descubra el cigarrillo electr\u00f3nico RANDM Tornado 15000 desechable con 15.000 abultaduras, 25 ml de e-l\u00edquido, 2 %\/5 % sal de nicotina, bater\u00eda de 850 mAh, tecnolog\u00eda de bobina de malla y pantalla LED.","robots":{"index":"index","follow":"follow","max-snippet":"max-snippet:-1","max-image-preview":"max-image-preview:large","max-video-preview":"max-video-preview:-1"},"canonical":"https:\/\/shopvapor.de\/es\/product\/randm-tornado-15000-15k-puffs-e-cigarrillo-desechable-e-original\/","og_locale":"es_ES","og_type":"article","og_title":"RandM Tornado 15000 15K Puffs Einweg-E-Zigarette Original - ShopVapor","og_description":"Entdecken Sie den RandM Tornado 15000\u00a0Einweg-E-Zigarette mit 15.000 Z\u00fcgen, 25 ml E-Liquid, 2 %\/5 % Nikotinsalz, 850-mAh-Akku, Mesh-Coil-Technologie und LED-Anzeige.","og_url":"https:\/\/shopvapor.de\/es\/product\/randm-tornado-15000-15k-puffs-e-cigarrillo-desechable-e-original\/","og_site_name":"ShopVapor","article_modified_time":"2025-07-16T18:33:38+00:00","og_image":[{"width":1000,"height":1000,"url":"https:\/\/shopvapor.de\/wp-content\/uploads\/2025\/07\/randm-tornado-15000-puffs-led-display-vape-original-e-cigarette.png","type":"image\/png"}],"twitter_card":"summary_large_image","twitter_misc":{"Tiempo de lectura":"4 minutos"},"schema":{"@context":"https:\/\/schema.org","@graph":[{"@type":"WebPage","@id":"https:\/\/shopvapor.de\/produkt\/randm-tornado-15000-15k-puffs-einweg-e-zigarette-original\/","url":"https:\/\/shopvapor.de\/produkt\/randm-tornado-15000-15k-puffs-einweg-e-zigarette-original\/","name":"Fringe Tornado 15000 15K Puffs E-cigarrillo desechable Original - Shopvapor","isPartOf":{"@id":"https:\/\/shopvapor.de\/#website"},"primaryImageOfPage":{"@id":"https:\/\/shopvapor.de\/produkt\/randm-tornado-15000-15k-puffs-einweg-e-zigarette-original\/#primaryimage"},"image":{"@id":"https:\/\/shopvapor.de\/produkt\/randm-tornado-15000-15k-puffs-einweg-e-zigarette-original\/#primaryimage"},"thumbnailUrl":"https:\/\/shopvapor.de\/wp-content\/uploads\/2025\/07\/randm-tornado-15000-puffs-led-display-vape-original-e-cigarette.png","datePublished":"2025-07-02T03:53:28+00:00","dateModified":"2025-07-16T18:33:38+00:00","description":"Descubra el cigarrillo electr\u00f3nico RANDM Tornado 15000 desechable con 15.000 abultaduras, 25 ml de e-l\u00edquido, 2 %\/5 % sal de nicotina, bater\u00eda de 850 mAh, tecnolog\u00eda de bobina de malla y pantalla LED.","breadcrumb":{"@id":"https:\/\/shopvapor.de\/produkt\/randm-tornado-15000-15k-puffs-einweg-e-zigarette-original\/#breadcrumb"},"inLanguage":"es","potentialAction":[{"@type":"ReadAction","target":["https:\/\/shopvapor.de\/produkt\/randm-tornado-15000-15k-puffs-einweg-e-zigarette-original\/"]}]},{"@type":"ImageObject","inLanguage":"es","@id":"https:\/\/shopvapor.de\/produkt\/randm-tornado-15000-15k-puffs-einweg-e-zigarette-original\/#primaryimage","url":"https:\/\/shopvapor.de\/wp-content\/uploads\/2025\/07\/randm-tornado-15000-puffs-led-display-vape-original-e-cigarette.png","contentUrl":"https:\/\/shopvapor.de\/wp-content\/uploads\/2025\/07\/randm-tornado-15000-puffs-led-display-vape-original-e-cigarette.png","width":1000,"height":1000},{"@type":"BreadcrumbList","@id":"https:\/\/shopvapor.de\/produkt\/randm-tornado-15000-15k-puffs-einweg-e-zigarette-original\/#breadcrumb","itemListElement":[{"@type":"ListItem","position":1,"name":"Startseite","item":"https:\/\/shopvapor.de\/"},{"@type":"ListItem","position":2,"name":"Shop","item":"https:\/\/shopvapor.de\/shop\/"},{"@type":"ListItem","position":3,"name":"RandM Tornado 15000 15K Puffs Einweg-E-Zigarette Original"}]},{"@type":"WebSite","@id":"https:\/\/shopvapor.de\/#website","url":"https:\/\/shopvapor.de\/","name":"TiendaVapor","description":"","potentialAction":[{"@type":"SearchAction","target":{"@type":"EntryPoint","urlTemplate":"https:\/\/shopvapor.de\/?s={search_term_string}"},"query-input":{"@type":"PropertyValueSpecification","valueRequired":true,"valueName":"search_term_string"}}],"inLanguage":"es"}]}},"_links":{"self":[{"href":"https:\/\/shopvapor.de\/es\/wp-json\/wp\/v2\/product\/5384","targetHints":{"allow":["GET"]}}],"collection":[{"href":"https:\/\/shopvapor.de\/es\/wp-json\/wp\/v2\/product"}],"about":[{"href":"https:\/\/shopvapor.de\/es\/wp-json\/wp\/v2\/types\/product"}],"replies":[{"embeddable":true,"href":"https:\/\/shopvapor.de\/es\/wp-json\/wp\/v2\/comments?post=5384"}],"version-history":[{"count":3,"href":"https:\/\/shopvapor.de\/es\/wp-json\/wp\/v2\/product\/5384\/revisions"}],"predecessor-version":[{"id":11718,"href":"https:\/\/shopvapor.de\/es\/wp-json\/wp\/v2\/product\/5384\/revisions\/11718"}],"wp:featuredmedia":[{"embeddable":true,"href":"https:\/\/shopvapor.de\/es\/wp-json\/wp\/v2\/media\/3089"}],"wp:attachment":[{"href":"https:\/\/shopvapor.de\/es\/wp-json\/wp\/v2\/media?parent=5384"}],"wp:term":[{"taxonomy":"product_brand","embeddable":true,"href":"https:\/\/shopvapor.de\/es\/wp-json\/wp\/v2\/product_brand?post=5384"},{"taxonomy":"product_cat","embeddable":true,"href":"https:\/\/shopvapor.de\/es\/wp-json\/wp\/v2\/product_cat?post=5384"},{"taxonomy":"product_tag","embeddable":true,"href":"https:\/\/shopvapor.de\/es\/wp-json\/wp\/v2\/product_tag?post=5384"}],"curies":[{"name":"pp","href":"https:\/\/api.w.org\/{rel}","templated":true}]}}