{"id":9237,"date":"2025-07-02T06:47:43","date_gmt":"2025-07-02T06:47:43","guid":{"rendered":"https:\/\/shopvapor.de\/?post_type=product&#038;p=9237"},"modified":"2025-07-15T08:22:37","modified_gmt":"2025-07-15T08:22:37","slug":"jnr-falcon-16000-puffs-22ml-e-cigarrillo-e-desechable-embalaje-dual-carga-de-los-puertos-originales","status":"publish","type":"product","link":"https:\/\/shopvapor.de\/es\/product\/jnr-falcon-16000-puffs-22ml-e-cigarrillo-e-desechable-embalaje-dual-carga-de-los-puertos-originales\/","title":{"rendered":"JNR Falcon 16000 Puffs 22ml E-cigarrillos E-cigarrillos de carga doble Original"},"content":{"rendered":"<h2>JNR Falcon 16000 Puffs: Experiencia de cigarrillos electr\u00f3nicos desechables de alta calidad<\/h2>\n<p>El cigarrillo electr\u00f3nico JNR Falcon 16000 Puffs desechable de JNR es sin\u00f3nimo de calidad y durabilidad. Con una capacidad impresionante de hasta 16.000 trenes, una robusta bater\u00eda de 850 mAh y una innovadora tecnolog\u00eda de malla dual, este dispositivo ofrece una experiencia de sabor intenso. El elegante dise\u00f1o de artesan\u00eda de cristal combina estilo con funcionalidad, mientras que los 28 sabores diversos tienen algo para todos los gustos. Gracias a los puertos de carga duales (Tipo-C y Lightning), el JNR Falcon 16000 Puffs est\u00e1 siempre listo para usar. Con este producto, JNR establece est\u00e1ndares en el mundo de los cigarrillos electr\u00f3nicos desechables al combinar rendimiento, comodidad y est\u00e9tica.<\/p>\n<h2>Par\u00e1metros del producto en detalle<\/h2>\n<p>El JNR Falcon 16000 Puffs impresiona con la sofisticaci\u00f3n t\u00e9cnica y las caracter\u00edsticas bien pensadas. A continuaci\u00f3n se muestra una descripci\u00f3n detallada de los par\u00e1metros que hacen de este dispositivo un producto superior.<\/p>\n<h3>Capacidad de tren: hasta 16.000 trenes<\/h3>\n<p>Con una capacidad de hasta 16.000 trenes, el JNR Falcon 16000 Puffs ofrece una vida \u00fatil excepcionalmente larga. Este elevado n\u00famero de trenes permite semanas de placer sin sustituci\u00f3n frecuente del dispositivo, ideal para usuarios que valoren la durabilidad.<\/p>\n<h3>Capacidad de e-l\u00edquido: 22ml<\/h3>\n<p>La generosa capacidad de e-l\u00edquido de 22 ml garantiza una papila gustativa duradera. Esta capacidad reduce la necesidad de recargas frecuentes y garantiza una calidad de sabor constante hasta el \u00faltimo movimiento.<\/p>\n<h3>Capacidad de la bater\u00eda: 850 mAh<\/h3>\n<p>La bater\u00eda recargable integrada de 850mAh ofrece un rendimiento fiable durante toda la vida \u00fatil del dispositivo. Es compatible con la alta capacidad del tren y permite per\u00edodos de uso m\u00e1s largos sin p\u00e9rdida de energ\u00eda.<\/p>\n<h3>Bobina de malla doble: 1 ohmio<\/h3>\n<p>La innovadora bobina de malla dual con resistencia de 1 ohmio garantiza un calentamiento uniforme del e-l\u00edquido. Esto da como resultado sabores m\u00e1s intensos y vapor denso, lo que hace que cada uno sea una delicia.<\/p>\n<h3>Fuerza de nicotina: 2% o 5%<\/h3>\n<p>Las flexiones de nicotina JNR Falcon 16000 vienen en dos puntos fuertes de nicotina: 2% y 5%, esta flexibilidad permite a los usuarios ajustar la intensidad a sus preferencias individuales, ya sea una experiencia m\u00e1s suave o m\u00e1s potente.<\/p>\n<h3>Puertos de carga: Tipo-C y Lightning<\/h3>\n<p>Los puertos de carga duales (Tipo-C y Lightning) proporcionan la m\u00e1xima compatibilidad y una funci\u00f3n de carga r\u00e1pida. Ya sea que los usuarios de Android o iPhone, el dispositivo se puede cargar de forma r\u00e1pida y sencilla para minimizar las interrupciones.<\/p>\n<h3>Flujo de aire ajustable<\/h3>\n<p>El flujo de aire ajustable permite el ajuste individual de la resistencia a la tracci\u00f3n. Los usuarios pueden elegir entre un tren m\u00e1s apretado, de sabor o un tren m\u00e1s abierto y aireado para optimizar su experiencia.<\/p>\n<h3>Dise\u00f1o de artesan\u00eda de cristal<\/h3>\n<p>El dise\u00f1o de artesan\u00eda de cristal transparente no solo es visualmente atractivo, sino tambi\u00e9n funcional. Permite un f\u00e1cil monitoreo del soporte de e-l\u00edquido y le da al dispositivo una est\u00e9tica moderna y de alta calidad.<\/p>\n<h2>Variedad de sabores de JNR Falcon 16000 Puffs<\/h2>\n<p>El JNR Falcon 16000 Puffs ofrece 28 sabores \u00fanicos que van desde afrutados, frescos a dulces y espumosos. Cada variedad ha sido cuidadosamente dise\u00f1ada para ofrecer un aroma intenso y aut\u00e9ntico. Aqu\u00ed est\u00e1 la descripci\u00f3n general:<\/p>\n<ul>\n<li>Blackberry Red Frambuesa: moras dulces combinadas con jugosa frambuesa roja.<\/li>\n<li>Blue Razz Ice: frambuesa azul con un acabado fresco y escarchado.<\/li>\n<li>Hielo de granada de ar\u00e1ndanos: ar\u00e1ndano y granada con un toque helado.<\/li>\n<li>Frambuesa roja de ar\u00e1ndanos: una mezcla de ar\u00e1ndanos y frambuesa roja.<\/li>\n<li>Fruta de la pasi\u00f3n de mango: mango tropical con maracuy\u00e1 picante.<\/li>\n<li>Kiwi de la maracuy\u00e1: ex\u00f3tica maracuy\u00e1 con kiwi jugoso.<\/li>\n<li>Uva Sakura: uvas dulces con un toque de flor de cerezo.<\/li>\n<li>Strawberry Kiwi: Fresa y kiwi para una delicia afrutada.<\/li>\n<li>Hielo de sand\u00eda de fresa: fresa y sand\u00eda con mentol.<\/li>\n<li>Sand\u00eda melocot\u00f3n mango: sand\u00eda, mango y melocot\u00f3n en armon\u00eda.<\/li>\n<li>Hielo de sand\u00eda: Sand\u00eda fresca con una patada helada.<\/li>\n<li>Berry Burst: mezcla explosiva de varias bayas.<\/li>\n<li>Razz de durazno blanco: melocot\u00f3n blanco con frambuesas.<\/li>\n<li>Hubba Bubba Fresa: sabor a fresa tipo chicle.<\/li>\n<li>Cereza de frambuesa de ar\u00e1ndano: ar\u00e1ndano, frambuesa y cerezas.<\/li>\n<li>Cherry Berry: Cerezas con una mezcla de bayas.<\/li>\n<li>Hielo de fresa: Jugoso fresa con mentol.<\/li>\n<li>Bayas mixtas: Varias combinaciones de bayas.<\/li>\n<li>Bubblegum de sand\u00eda: Sand\u00eda con una nota de chicle.<\/li>\n<li>Fresa Banana: pl\u00e1tano cremoso con fresa dulce.<\/li>\n<li>Cola Ice: Sabor cl\u00e1sico de cola con un acabado fresco.<\/li>\n<li>Kiwi de ar\u00e1ndanos: ar\u00e1ndano y kiwi para aromas frescos.<\/li>\n<li>Blue Razz Cherry: frambuesa azul con cerezas.<\/li>\n<li>Congelado de sand\u00eda de cereza: cerezas y sand\u00eda con hielo.<\/li>\n<li>Cola de cereza gaseosa: Cola de cereza espumosa.<\/li>\n<li>Melocotones jugosos: melocotones intensamente jugosos.<\/li>\n<li>Baya de durazno: Melocot\u00f3n con una mezcla de bayas.<\/li>\n<li>Guayaba kiwi de la maracuy\u00e1: kiwi, maracuy\u00e1 y guayaba.<\/li>\n<\/ul>\n<p><img fetchpriority=\"high\" decoding=\"async\" class=\"wp-image-11922 size-full\" title=\"JNR Falcon 16000 22ml\" src=\"https:\/\/shopvapor.de\/wp-content\/uploads\/2025\/07\/JNR-FALCON-16000-Puffs-22ml.webp\" alt=\"JNR Falcon 16000 22ml\" width=\"1080\" height=\"1080\" srcset=\"https:\/\/shopvapor.de\/wp-content\/uploads\/2025\/07\/JNR-FALCON-16000-Puffs-22ml.webp 1080w, https:\/\/shopvapor.de\/wp-content\/uploads\/2025\/07\/JNR-FALCON-16000-Puffs-22ml-300x300.webp 300w, https:\/\/shopvapor.de\/wp-content\/uploads\/2025\/07\/JNR-FALCON-16000-Puffs-22ml-800x800.webp 800w, https:\/\/shopvapor.de\/wp-content\/uploads\/2025\/07\/JNR-FALCON-16000-Puffs-22ml-150x150.webp 150w, https:\/\/shopvapor.de\/wp-content\/uploads\/2025\/07\/JNR-FALCON-16000-Puffs-22ml-768x768.webp 768w, https:\/\/shopvapor.de\/wp-content\/uploads\/2025\/07\/JNR-FALCON-16000-Puffs-22ml-430x430.webp 430w, https:\/\/shopvapor.de\/wp-content\/uploads\/2025\/07\/JNR-FALCON-16000-Puffs-22ml-700x700.webp 700w, https:\/\/shopvapor.de\/wp-content\/uploads\/2025\/07\/JNR-FALCON-16000-Puffs-22ml-180x180.webp 180w\" sizes=\"(max-width: 1080px) 100vw, 1080px\" \/><\/p>\n<h2>Preguntas m\u00e1s frecuentes (FAQ)<\/h2>\n<p>Aqu\u00ed respondemos las preguntas m\u00e1s frecuentes sobre las 16000 tonter\u00edas JNR Falcon para brindarle la m\u00e1xima claridad.<\/p>\n<p><strong>\u00bfCu\u00e1nto dura el JNR Falcon 16000 bocanadas?<\/strong><br \/>\nLa vida \u00fatil depende de la frecuencia de uso. Con uso medio (aprox. 300 -500 trenes por d\u00eda), el dispositivo puede durar varias semanas gracias a la capacidad de 16.000 trenes.<\/p>\n<p><strong>\u00bfPuedo cambiar la concentraci\u00f3n de nicotina?<\/strong><br \/>\nLas 16000 soplos JNR Falcon est\u00e1n disponibles en 2% o 5% de fuerza de nicotina. No es posible cambiar la fuerza de la nicotina dentro de un dispositivo, pero puedes elegir la fuerza que deseas al comprar.<\/p>\n<p><strong>\u00bfC\u00f3mo cargo las 16000 bofes de JNR Falcon?<\/strong><br \/>\nUtilice un cable tipo C o Lightning para cargar el dispositivo desde una fuente de alimentaci\u00f3n adecuada. El proceso de carga generalmente tarda menos de una hora hasta que la bater\u00eda de 850 mAh est\u00e9 llena.<\/p>\n<p><strong>\u00bfPor qu\u00e9 el sabor a veces var\u00eda ligeramente?<\/strong><br \/>\nLas ligeras diferencias en el gusto pueden resultar de la percepci\u00f3n individual o el almacenamiento del dispositivo. Almacene el dispositivo fresco y seco para mantener la calidad del sabor.<\/p>\n<p><strong>\u00bfQu\u00e9 hago si el flujo de aire no coincide con mis preferencias?<\/strong><br \/>\nEl flujo de aire ajustable le permite ajustar la resistencia de tracci\u00f3n. Gire el regulador de la unidad para que el flujo de aire sea m\u00e1s estrecho o m\u00e1s abierto.<\/p>\n<p><strong>\u00bfEl dise\u00f1o de cristal artesanal es propenso a los ara\u00f1azos?<\/strong><br \/>\nEl dise\u00f1o de cristal artesanal es robusto, pero como ocurre con todas las superficies brillantes, pueden ocurrir ara\u00f1azos si se manipulan de manera incorrecta. Use una funda protectora para conservar el aspecto.<\/p>\n<p><strong>\u00bfPor qu\u00e9 mi dispositivo no se enciende durante la carga?<\/strong><br \/>\nSi no aparece ning\u00fan indicador de carga, verifique el cable y la fuente de alimentaci\u00f3n. Si el problema existe, p\u00f3ngase en contacto con el servicio de atenci\u00f3n al cliente ya que podr\u00eda ser un defecto.<\/p>","protected":false},"excerpt":{"rendered":"<p dir=\"auto\">JNR Falcon 16000 Puffs E-cigarrillo desechable con hasta 16.000 trenes, 22 ml E-l\u00edquido, bater\u00eda de 850 mAh, tecnolog\u00eda de malla doble, 2% o 5% Fuerza de nicotina, puertos de carga tipo C y de carga de rayos, flujo de aire ajustable y dise\u00f1o elegante de cristal. 28 sabores intensos para un disfrute duradero.<\/p>","protected":false},"featured_media":9238,"comment_status":"open","ping_status":"closed","template":"","meta":[],"product_brand":[1170],"product_cat":[1172],"product_tag":[961,1001,959],"class_list":{"0":"post-9237","1":"product","2":"type-product","3":"status-publish","4":"has-post-thumbnail","6":"product_brand-jnr","7":"product_cat-16000-puffs","8":"product_tag-1020kpuffs","9":"product_tag-16k-puffs","10":"product_tag-more-than-10kpuffs","12":"first","13":"instock","14":"sale","15":"shipping-taxable","16":"purchasable","17":"product-type-variable"},"yoast_head":"<!-- This site is optimized with the Yoast SEO plugin v25.8 - https:\/\/yoast.com\/wordpress\/plugins\/seo\/ -->\n<title>JNR FALCON 16000 Puffs 22ml Einweg-E-Zigaretten Dual Charging Ports Original - ShopVapor<\/title>\n<meta name=\"description\" content=\"JNR Falcon 16000 Puffs Einweg-E-Zigarette mit bis zu 16.000 Z\u00fcgen, 22 ml E-Liquid, 850-mAh-Akku, Dual-Mesh-Technologie, 2% oder 5% Nikotinst\u00e4rke, Typ-C- und Lightning-Ladeanschl\u00fcssen, einstellbarem Luftstrom und elegantem Crystal-Craft-Design. 28 intensive Geschmacksrichtungen f\u00fcr langanhaltenden Genuss.\" \/>\n<meta name=\"robots\" content=\"index, follow, max-snippet:-1, max-image-preview:large, max-video-preview:-1\" \/>\n<link rel=\"canonical\" href=\"https:\/\/shopvapor.de\/es\/product\/jnr-falcon-16000-puffs-22ml-e-cigarrillo-e-desechable-embalaje-dual-carga-de-los-puertos-originales\/\" \/>\n<meta property=\"og:locale\" content=\"es_ES\" \/>\n<meta property=\"og:type\" content=\"article\" \/>\n<meta property=\"og:title\" content=\"JNR FALCON 16000 Puffs 22ml Einweg-E-Zigaretten Dual Charging Ports Original - ShopVapor\" \/>\n<meta property=\"og:description\" content=\"JNR Falcon 16000 Puffs Einweg-E-Zigarette mit bis zu 16.000 Z\u00fcgen, 22 ml E-Liquid, 850-mAh-Akku, Dual-Mesh-Technologie, 2% oder 5% Nikotinst\u00e4rke, Typ-C- und Lightning-Ladeanschl\u00fcssen, einstellbarem Luftstrom und elegantem Crystal-Craft-Design. 28 intensive Geschmacksrichtungen f\u00fcr langanhaltenden Genuss.\" \/>\n<meta property=\"og:url\" content=\"https:\/\/shopvapor.de\/es\/product\/jnr-falcon-16000-puffs-22ml-e-cigarrillo-e-desechable-embalaje-dual-carga-de-los-puertos-originales\/\" \/>\n<meta property=\"og:site_name\" content=\"ShopVapor\" \/>\n<meta property=\"article:modified_time\" content=\"2025-07-15T08:22:37+00:00\" \/>\n<meta property=\"og:image\" content=\"https:\/\/shopvapor.de\/wp-content\/uploads\/2025\/07\/jnr-falcon-16000-puffs-22ml-einweg-e-zigaretten-dual-charging-ports-original-9.jpg\" \/>\n\t<meta property=\"og:image:width\" content=\"1000\" \/>\n\t<meta property=\"og:image:height\" content=\"1000\" \/>\n\t<meta property=\"og:image:type\" content=\"image\/jpeg\" \/>\n<meta name=\"twitter:card\" content=\"summary_large_image\" \/>\n<meta name=\"twitter:label1\" content=\"Tiempo de lectura\" \/>\n\t<meta name=\"twitter:data1\" content=\"5 minutos\" \/>\n<!-- \/ Yoast SEO plugin. -->","yoast_head_json":{"title":"JNR Falcon 16000 Puffs 22ml E-cigarrillos de carga doble Puertos de carga Dual Original - Shopvapor","description":"JNR Falcon 16000 Puffs E-cigarrillo desechable con hasta 16.000 trenes, 22 ml E-l\u00edquido, bater\u00eda de 850 mAh, tecnolog\u00eda de malla doble, 2% o 5% Fuerza de nicotina, puertos de carga tipo C y de carga de rayos, flujo de aire ajustable y dise\u00f1o elegante de cristal. 28 sabores intensos para un disfrute duradero.","robots":{"index":"index","follow":"follow","max-snippet":"max-snippet:-1","max-image-preview":"max-image-preview:large","max-video-preview":"max-video-preview:-1"},"canonical":"https:\/\/shopvapor.de\/es\/product\/jnr-falcon-16000-puffs-22ml-e-cigarrillo-e-desechable-embalaje-dual-carga-de-los-puertos-originales\/","og_locale":"es_ES","og_type":"article","og_title":"JNR FALCON 16000 Puffs 22ml Einweg-E-Zigaretten Dual Charging Ports Original - ShopVapor","og_description":"JNR Falcon 16000 Puffs Einweg-E-Zigarette mit bis zu 16.000 Z\u00fcgen, 22 ml E-Liquid, 850-mAh-Akku, Dual-Mesh-Technologie, 2% oder 5% Nikotinst\u00e4rke, Typ-C- und Lightning-Ladeanschl\u00fcssen, einstellbarem Luftstrom und elegantem Crystal-Craft-Design. 28 intensive Geschmacksrichtungen f\u00fcr langanhaltenden Genuss.","og_url":"https:\/\/shopvapor.de\/es\/product\/jnr-falcon-16000-puffs-22ml-e-cigarrillo-e-desechable-embalaje-dual-carga-de-los-puertos-originales\/","og_site_name":"ShopVapor","article_modified_time":"2025-07-15T08:22:37+00:00","og_image":[{"width":1000,"height":1000,"url":"https:\/\/shopvapor.de\/wp-content\/uploads\/2025\/07\/jnr-falcon-16000-puffs-22ml-einweg-e-zigaretten-dual-charging-ports-original-9.jpg","type":"image\/jpeg"}],"twitter_card":"summary_large_image","twitter_misc":{"Tiempo de lectura":"5 minutos"},"schema":{"@context":"https:\/\/schema.org","@graph":[{"@type":"WebPage","@id":"https:\/\/shopvapor.de\/produkt\/jnr-falcon-16000-puffs-22ml-einweg-e-zigaretten-dual-charging-ports-original\/","url":"https:\/\/shopvapor.de\/produkt\/jnr-falcon-16000-puffs-22ml-einweg-e-zigaretten-dual-charging-ports-original\/","name":"JNR Falcon 16000 Puffs 22ml E-cigarrillos de carga doble Puertos de carga Dual Original - Shopvapor","isPartOf":{"@id":"https:\/\/shopvapor.de\/#website"},"primaryImageOfPage":{"@id":"https:\/\/shopvapor.de\/produkt\/jnr-falcon-16000-puffs-22ml-einweg-e-zigaretten-dual-charging-ports-original\/#primaryimage"},"image":{"@id":"https:\/\/shopvapor.de\/produkt\/jnr-falcon-16000-puffs-22ml-einweg-e-zigaretten-dual-charging-ports-original\/#primaryimage"},"thumbnailUrl":"https:\/\/shopvapor.de\/wp-content\/uploads\/2025\/07\/jnr-falcon-16000-puffs-22ml-einweg-e-zigaretten-dual-charging-ports-original-9.jpg","datePublished":"2025-07-02T06:47:43+00:00","dateModified":"2025-07-15T08:22:37+00:00","description":"JNR Falcon 16000 Puffs E-cigarrillo desechable con hasta 16.000 trenes, 22 ml E-l\u00edquido, bater\u00eda de 850 mAh, tecnolog\u00eda de malla doble, 2% o 5% Fuerza de nicotina, puertos de carga tipo C y de carga de rayos, flujo de aire ajustable y dise\u00f1o elegante de cristal. 28 sabores intensos para un disfrute duradero.","breadcrumb":{"@id":"https:\/\/shopvapor.de\/produkt\/jnr-falcon-16000-puffs-22ml-einweg-e-zigaretten-dual-charging-ports-original\/#breadcrumb"},"inLanguage":"es","potentialAction":[{"@type":"ReadAction","target":["https:\/\/shopvapor.de\/produkt\/jnr-falcon-16000-puffs-22ml-einweg-e-zigaretten-dual-charging-ports-original\/"]}]},{"@type":"ImageObject","inLanguage":"es","@id":"https:\/\/shopvapor.de\/produkt\/jnr-falcon-16000-puffs-22ml-einweg-e-zigaretten-dual-charging-ports-original\/#primaryimage","url":"https:\/\/shopvapor.de\/wp-content\/uploads\/2025\/07\/jnr-falcon-16000-puffs-22ml-einweg-e-zigaretten-dual-charging-ports-original-9.jpg","contentUrl":"https:\/\/shopvapor.de\/wp-content\/uploads\/2025\/07\/jnr-falcon-16000-puffs-22ml-einweg-e-zigaretten-dual-charging-ports-original-9.jpg","width":1000,"height":1000},{"@type":"BreadcrumbList","@id":"https:\/\/shopvapor.de\/produkt\/jnr-falcon-16000-puffs-22ml-einweg-e-zigaretten-dual-charging-ports-original\/#breadcrumb","itemListElement":[{"@type":"ListItem","position":1,"name":"Startseite","item":"https:\/\/shopvapor.de\/"},{"@type":"ListItem","position":2,"name":"Shop","item":"https:\/\/shopvapor.de\/shop\/"},{"@type":"ListItem","position":3,"name":"JNR FALCON 16000 Puffs 22ml Einweg-E-Zigaretten Dual Charging Ports Original"}]},{"@type":"WebSite","@id":"https:\/\/shopvapor.de\/#website","url":"https:\/\/shopvapor.de\/","name":"TiendaVapor","description":"","potentialAction":[{"@type":"SearchAction","target":{"@type":"EntryPoint","urlTemplate":"https:\/\/shopvapor.de\/?s={search_term_string}"},"query-input":{"@type":"PropertyValueSpecification","valueRequired":true,"valueName":"search_term_string"}}],"inLanguage":"es"}]}},"_links":{"self":[{"href":"https:\/\/shopvapor.de\/es\/wp-json\/wp\/v2\/product\/9237","targetHints":{"allow":["GET"]}}],"collection":[{"href":"https:\/\/shopvapor.de\/es\/wp-json\/wp\/v2\/product"}],"about":[{"href":"https:\/\/shopvapor.de\/es\/wp-json\/wp\/v2\/types\/product"}],"replies":[{"embeddable":true,"href":"https:\/\/shopvapor.de\/es\/wp-json\/wp\/v2\/comments?post=9237"}],"version-history":[{"count":1,"href":"https:\/\/shopvapor.de\/es\/wp-json\/wp\/v2\/product\/9237\/revisions"}],"predecessor-version":[{"id":11926,"href":"https:\/\/shopvapor.de\/es\/wp-json\/wp\/v2\/product\/9237\/revisions\/11926"}],"wp:featuredmedia":[{"embeddable":true,"href":"https:\/\/shopvapor.de\/es\/wp-json\/wp\/v2\/media\/9238"}],"wp:attachment":[{"href":"https:\/\/shopvapor.de\/es\/wp-json\/wp\/v2\/media?parent=9237"}],"wp:term":[{"taxonomy":"product_brand","embeddable":true,"href":"https:\/\/shopvapor.de\/es\/wp-json\/wp\/v2\/product_brand?post=9237"},{"taxonomy":"product_cat","embeddable":true,"href":"https:\/\/shopvapor.de\/es\/wp-json\/wp\/v2\/product_cat?post=9237"},{"taxonomy":"product_tag","embeddable":true,"href":"https:\/\/shopvapor.de\/es\/wp-json\/wp\/v2\/product_tag?post=9237"}],"curies":[{"name":"pp","href":"https:\/\/api.w.org\/{rel}","templated":true}]}}