{"id":1015,"date":"2025-07-01T14:16:17","date_gmt":"2025-07-01T14:16:17","guid":{"rendered":"https:\/\/shopvapor.de\/?page_id=1015"},"modified":"2025-07-16T18:32:35","modified_gmt":"2025-07-16T18:32:35","slug":"poltinrauta-2","status":"publish","type":"page","link":"https:\/\/shopvapor.de\/fi\/poltinrauta-2\/","title":{"rendered":"Tuotemerkit"},"content":{"rendered":"<div data-elementor-type=\"wp-page\" data-elementor-id=\"1015\" class=\"elementor elementor-1015\">\n\t\t\t\t<div class=\"wd-negative-gap elementor-element elementor-element-9e113c0 e-flex e-con-boxed e-con e-parent\" data-id=\"9e113c0\" data-element_type=\"container\">\n\t\t\t\t\t<div class=\"e-con-inner\">\n\t\t\t\t<div class=\"elementor-element elementor-element-91b038f color-scheme-inherit text-left elementor-widget elementor-widget-text-editor\" data-id=\"91b038f\" data-element_type=\"widget\" data-widget_type=\"text-editor.default\">\n\t\t\t\t\t\t\t\t\t<p>E-savukkeiden maailmassa teemme yhteisty\u00f6t\u00e4 eurooppalaisten asiakkaidemme suosituimpien merkkien kanssa. Tarjoamme v\u00e4hitt\u00e4isasiakkaillemme mukavampia ostoksia ja tukkukauppiaillemme halvempia ostohintoja. Olemme innostuneita e-savukemarkkinoista ja seuraamme tiiviisti suosituimpia merkkej\u00e4 ja uusimpia e-savukkeita. Jos tarvitset tietyn merkin tai tuotteen, voit ottaa meihin yhteytt\u00e4 milloin tahansa. Alta l\u00f6yd\u00e4t merkkikategoriamme.<\/p>\t\t\t\t\t\t\t\t<\/div>\n\t\t\t\t\t<\/div>\n\t\t\t\t<\/div>\n\t\t<div class=\"wd-negative-gap elementor-element elementor-element-300a700 e-flex e-con-boxed e-con e-parent\" data-id=\"300a700\" data-element_type=\"container\">\n\t\t\t\t\t<div class=\"e-con-inner\">\n\t\t\t\t<div class=\"elementor-element elementor-element-a7d5f7a elementor-widget elementor-widget-wd_products_brands\" data-id=\"a7d5f7a\" data-element_type=\"widget\" data-widget_type=\"wd_products_brands.default\">\n\t\t\t\t<div class=\"elementor-widget-container\">\n\t\t\t\t\t\t\t<div class=\"wd-brands brands-widget slider-brands_5559 wd-hover-default wd-style-default wd-layout-grid\" id=\"brands_5559\">\n\t\t\t\n\t\t\t<div class=\"wd-grid-g\" style=\"--wd-col-lg:3;--wd-col-md:3;--wd-col-sm:1;\" >\n\t\t\t\t\n\t\t\t\t\t\t\t\t\t\t\t\t\t\t\t\n\t\t\t\t\t\t<div class=\"wd-col\">\n\t\t\t\t\t\t\t<div class=\"wd-brand-item brand-item\">\n\t\t\t\t\t\t\t\t\t\t\t\t\t\t\t\t\t\t\t\t\t\t\t\t\t\t\t<a title=\"ZOOY\" href=\"https:\/\/shopvapor.de\/fi\/poltinrauta\/elaeintarha\/\">\n\t\t\t\t\t\t\t\t\t\n\t\t\t\t\t\t\t\t\tZOOY\n\t\t\t\t\t\t\t\t\t\t\t\t\t\t\t\t\t\t\t<\/a>\n\t\t\t\t\t\t\t\t\t\t\t\t\t\t\t\t\t\t\t\t\t\t\t\t<\/div>\n\t\t\t\t\t\t<\/div>\n\t\t\t\t\t\t\t\t\t\t\t\n\t\t\t\t\t\t<div class=\"wd-col\">\n\t\t\t\t\t\t\t<div class=\"wd-brand-item brand-item\">\n\t\t\t\t\t\t\t\t\t\t\t\t\t\t\t\t\t\t\t\t\t\t\t\t\t\t\t<a title=\"WGA\" href=\"https:\/\/shopvapor.de\/fi\/poltinrauta\/wga\/\">\n\t\t\t\t\t\t\t\t\t\n\t\t\t\t\t\t\t\t\tWGA\n\t\t\t\t\t\t\t\t\t\t\t\t\t\t\t\t\t\t\t<\/a>\n\t\t\t\t\t\t\t\t\t\t\t\t\t\t\t\t\t\t\t\t\t\t\t\t<\/div>\n\t\t\t\t\t\t<\/div>\n\t\t\t\t\t\t\t\t\t\t\t\n\t\t\t\t\t\t<div class=\"wd-col\">\n\t\t\t\t\t\t\t<div class=\"wd-brand-item brand-item\">\n\t\t\t\t\t\t\t\t\t\t\t\t\t\t\t\t\t\t\t\t\t\t\t\t\t\t\t<a title=\"WASPE\" href=\"https:\/\/shopvapor.de\/fi\/poltinrauta\/ampiainen\/\">\n\t\t\t\t\t\t\t\t\t\n\t\t\t\t\t\t\t\t\tWASPE\n\t\t\t\t\t\t\t\t\t\t\t\t\t\t\t\t\t\t\t<\/a>\n\t\t\t\t\t\t\t\t\t\t\t\t\t\t\t\t\t\t\t\t\t\t\t\t<\/div>\n\t\t\t\t\t\t<\/div>\n\t\t\t\t\t\t\t\t\t\t\t\n\t\t\t\t\t\t<div class=\"wd-col\">\n\t\t\t\t\t\t\t<div class=\"wd-brand-item brand-item\">\n\t\t\t\t\t\t\t\t\t\t\t\t\t\t\t\t\t\t\t\t\t\t\t\t\t\t\t<a title=\"Vapsolo\" href=\"https:\/\/shopvapor.de\/fi\/poltinrauta\/matkia\/\">\n\t\t\t\t\t\t\t\t\t\n\t\t\t\t\t\t\t\t\tVapsolo\n\t\t\t\t\t\t\t\t\t\t\t\t\t\t\t\t\t\t\t<\/a>\n\t\t\t\t\t\t\t\t\t\t\t\t\t\t\t\t\t\t\t\t\t\t\t\t<\/div>\n\t\t\t\t\t\t<\/div>\n\t\t\t\t\t\t\t\t\t\t\t\n\t\t\t\t\t\t<div class=\"wd-col\">\n\t\t\t\t\t\t\t<div class=\"wd-brand-item brand-item\">\n\t\t\t\t\t\t\t\t\t\t\t\t\t\t\t\t\t\t\t\t\t\t\t\t\t\t\t<a title=\"UZY\" href=\"https:\/\/shopvapor.de\/fi\/poltinrauta\/uzy\/\">\n\t\t\t\t\t\t\t\t\t\n\t\t\t\t\t\t\t\t\tUZY\n\t\t\t\t\t\t\t\t\t\t\t\t\t\t\t\t\t\t\t<\/a>\n\t\t\t\t\t\t\t\t\t\t\t\t\t\t\t\t\t\t\t\t\t\t\t\t<\/div>\n\t\t\t\t\t\t<\/div>\n\t\t\t\t\t\t\t\t\t\t\t\n\t\t\t\t\t\t<div class=\"wd-col\">\n\t\t\t\t\t\t\t<div class=\"wd-brand-item brand-item\">\n\t\t\t\t\t\t\t\t\t\t\t\t\t\t\t\t\t\t\t\t\t\t\t\t\t\t\t<a title=\"Razz Bar\" href=\"https:\/\/shopvapor.de\/fi\/poltinrauta\/ryoestaeae\/\">\n\t\t\t\t\t\t\t\t\t\n\t\t\t\t\t\t\t\t\tRazz Bar\n\t\t\t\t\t\t\t\t\t\t\t\t\t\t\t\t\t\t\t<\/a>\n\t\t\t\t\t\t\t\t\t\t\t\t\t\t\t\t\t\t\t\t\t\t\t\t<\/div>\n\t\t\t\t\t\t<\/div>\n\t\t\t\t\t\t\t\t\t\t\t\n\t\t\t\t\t\t<div class=\"wd-col\">\n\t\t\t\t\t\t\t<div class=\"wd-brand-item brand-item\">\n\t\t\t\t\t\t\t\t\t\t\t\t\t\t\t\t\t\t\t\t\t\t\t\t\t\t\t<a title=\"RandM\" href=\"https:\/\/shopvapor.de\/fi\/poltinrauta\/reuna\/\">\n\t\t\t\t\t\t\t\t\t\n\t\t\t\t\t\t\t\t\tRandM\n\t\t\t\t\t\t\t\t\t\t\t\t\t\t\t\t\t\t\t<\/a>\n\t\t\t\t\t\t\t\t\t\t\t\t\t\t\t\t\t\t\t\t\t\t\t\t<\/div>\n\t\t\t\t\t\t<\/div>\n\t\t\t\t\t\t\t\t\t\t\t\n\t\t\t\t\t\t<div class=\"wd-col\">\n\t\t\t\t\t\t\t<div class=\"wd-brand-item brand-item\">\n\t\t\t\t\t\t\t\t\t\t\t\t\t\t\t\t\t\t\t\t\t\t\t\t\t\t\t<a title=\"Herra Goodie\" href=\"https:\/\/shopvapor.de\/fi\/poltinrauta\/herra-goodie\/\">\n\t\t\t\t\t\t\t\t\t\n\t\t\t\t\t\t\t\t\tHerra Goodie\n\t\t\t\t\t\t\t\t\t\t\t\t\t\t\t\t\t\t\t<\/a>\n\t\t\t\t\t\t\t\t\t\t\t\t\t\t\t\t\t\t\t\t\t\t\t\t<\/div>\n\t\t\t\t\t\t<\/div>\n\t\t\t\t\t\t\t\t\t\t\t\n\t\t\t\t\t\t<div class=\"wd-col\">\n\t\t\t\t\t\t\t<div class=\"wd-brand-item brand-item\">\n\t\t\t\t\t\t\t\t\t\t\t\t\t\t\t\t\t\t\t\t\t\t\t\t\t\t\t<a title=\"JNR\" href=\"https:\/\/shopvapor.de\/fi\/poltinrauta\/jnr\/\">\n\t\t\t\t\t\t\t\t\t\n\t\t\t\t\t\t\t\t\tJNR\n\t\t\t\t\t\t\t\t\t\t\t\t\t\t\t\t\t\t\t<\/a>\n\t\t\t\t\t\t\t\t\t\t\t\t\t\t\t\t\t\t\t\t\t\t\t\t<\/div>\n\t\t\t\t\t\t<\/div>\n\t\t\t\t\t\t\t\t\t\t\t\n\t\t\t\t\t\t<div class=\"wd-col\">\n\t\t\t\t\t\t\t<div class=\"wd-brand-item brand-item\">\n\t\t\t\t\t\t\t\t\t\t\t\t\t\t\t\t\t\t\t\t\t\t\t\t\t\t\t<a title=\"IQTE\" href=\"https:\/\/shopvapor.de\/fi\/poltinrauta\/iqte\/\">\n\t\t\t\t\t\t\t\t\t\n\t\t\t\t\t\t\t\t\tIQTE\n\t\t\t\t\t\t\t\t\t\t\t\t\t\t\t\t\t\t\t<\/a>\n\t\t\t\t\t\t\t\t\t\t\t\t\t\t\t\t\t\t\t\t\t\t\t\t<\/div>\n\t\t\t\t\t\t<\/div>\n\t\t\t\t\t\t\t\t\t\t\t\n\t\t\t\t\t\t<div class=\"wd-col\">\n\t\t\t\t\t\t\t<div class=\"wd-brand-item brand-item\">\n\t\t\t\t\t\t\t\t\t\t\t\t\t\t\t\t\t\t\t\t\t\t\t\t\t\t\t<a title=\"kide\" href=\"https:\/\/shopvapor.de\/fi\/poltinrauta\/kide\/\">\n\t\t\t\t\t\t\t\t\t\n\t\t\t\t\t\t\t\t\tkide\n\t\t\t\t\t\t\t\t\t\t\t\t\t\t\t\t\t\t\t<\/a>\n\t\t\t\t\t\t\t\t\t\t\t\t\t\t\t\t\t\t\t\t\t\t\t\t<\/div>\n\t\t\t\t\t\t<\/div>\n\t\t\t\t\t\t\t\t\t\t\t\n\t\t\t\t\t\t<div class=\"wd-col\">\n\t\t\t\t\t\t\t<div class=\"wd-brand-item brand-item\">\n\t\t\t\t\t\t\t\t\t\t\t\t\t\t\t\t\t\t\t\t\t\t\t\t\t\t\t<a title=\"Bang\" href=\"https:\/\/shopvapor.de\/fi\/poltinrauta\/jysky\/\">\n\t\t\t\t\t\t\t\t\t\n\t\t\t\t\t\t\t\t\tBang\n\t\t\t\t\t\t\t\t\t\t\t\t\t\t\t\t\t\t\t<\/a>\n\t\t\t\t\t\t\t\t\t\t\t\t\t\t\t\t\t\t\t\t\t\t\t\t<\/div>\n\t\t\t\t\t\t<\/div>\n\t\t\t\t\t\t\t\t\t\t\t\t\t\t\t\t<\/div>\n\n\t\t\t\t\t<\/div>\n\t\t\t\t\t\t<\/div>\n\t\t\t\t<\/div>\n\t\t\t\t\t<\/div>\n\t\t\t\t<\/div>\n\t\t\t\t<\/div>","protected":false},"excerpt":{"rendered":"<p>E-savukkeiden maailmassa teemme yhteisty\u00f6t\u00e4 eurooppalaisten asiakkaidemme suosituimpien merkkien kanssa. Tarjoamme v\u00e4hitt\u00e4isasiakkaillemme mukavampaa<\/p>","protected":false},"author":1,"featured_media":0,"parent":0,"menu_order":0,"comment_status":"closed","ping_status":"closed","template":"","meta":{"footnotes":""},"class_list":["post-1015","page","type-page","status-publish","hentry"],"yoast_head":"<!-- This site is optimized with the Yoast SEO plugin v25.8 - https:\/\/yoast.com\/wordpress\/plugins\/seo\/ -->\n<title>Marken - ShopVapor<\/title>\n<meta name=\"description\" content=\"In der Welt der E-Zigaretten arbeiten wir mit den beliebtesten Marken unserer europ\u00e4ischen Kunden zusammen. Wir bieten unseren Einzelhandelskunden\" \/>\n<meta name=\"robots\" content=\"index, follow, max-snippet:-1, max-image-preview:large, max-video-preview:-1\" \/>\n<link rel=\"canonical\" href=\"https:\/\/shopvapor.de\/fi\/poltinrauta-2\/\" \/>\n<meta property=\"og:locale\" content=\"fi_FI\" \/>\n<meta property=\"og:type\" content=\"article\" \/>\n<meta property=\"og:title\" content=\"Marken - ShopVapor\" \/>\n<meta property=\"og:description\" content=\"In der Welt der E-Zigaretten arbeiten wir mit den beliebtesten Marken unserer europ\u00e4ischen Kunden zusammen. Wir bieten unseren Einzelhandelskunden\" \/>\n<meta property=\"og:url\" content=\"https:\/\/shopvapor.de\/fi\/poltinrauta-2\/\" \/>\n<meta property=\"og:site_name\" content=\"ShopVapor\" \/>\n<meta property=\"article:modified_time\" content=\"2025-07-16T18:32:35+00:00\" \/>\n<meta name=\"twitter:card\" content=\"summary_large_image\" \/>\n<!-- \/ Yoast SEO plugin. -->","yoast_head_json":{"title":"Tuotemerkit - Shopvapor","description":"E-savukkeiden maailmassa teemme yhteisty\u00f6t\u00e4 eurooppalaisten asiakkaidemme suosituimpien merkkien kanssa. Tarjoamme v\u00e4hitt\u00e4isasiakkaillemme","robots":{"index":"index","follow":"follow","max-snippet":"max-snippet:-1","max-image-preview":"max-image-preview:large","max-video-preview":"max-video-preview:-1"},"canonical":"https:\/\/shopvapor.de\/fi\/poltinrauta-2\/","og_locale":"fi_FI","og_type":"article","og_title":"Marken - ShopVapor","og_description":"In der Welt der E-Zigaretten arbeiten wir mit den beliebtesten Marken unserer europ\u00e4ischen Kunden zusammen. Wir bieten unseren Einzelhandelskunden","og_url":"https:\/\/shopvapor.de\/fi\/poltinrauta-2\/","og_site_name":"ShopVapor","article_modified_time":"2025-07-16T18:32:35+00:00","twitter_card":"summary_large_image","schema":{"@context":"https:\/\/schema.org","@graph":[{"@type":"WebPage","@id":"https:\/\/shopvapor.de\/marken\/","url":"https:\/\/shopvapor.de\/marken\/","name":"Tuotemerkit - Shopvapor","isPartOf":{"@id":"https:\/\/shopvapor.de\/#website"},"datePublished":"2025-07-01T14:16:17+00:00","dateModified":"2025-07-16T18:32:35+00:00","description":"E-savukkeiden maailmassa teemme yhteisty\u00f6t\u00e4 eurooppalaisten asiakkaidemme suosituimpien merkkien kanssa. Tarjoamme v\u00e4hitt\u00e4isasiakkaillemme","breadcrumb":{"@id":"https:\/\/shopvapor.de\/marken\/#breadcrumb"},"inLanguage":"fi","potentialAction":[{"@type":"ReadAction","target":["https:\/\/shopvapor.de\/marken\/"]}]},{"@type":"BreadcrumbList","@id":"https:\/\/shopvapor.de\/marken\/#breadcrumb","itemListElement":[{"@type":"ListItem","position":1,"name":"Startseite","item":"https:\/\/shopvapor.de\/"},{"@type":"ListItem","position":2,"name":"Marken"}]},{"@type":"WebSite","@id":"https:\/\/shopvapor.de\/#website","url":"https:\/\/shopvapor.de\/","name":"ShopVapor","description":"","potentialAction":[{"@type":"SearchAction","target":{"@type":"EntryPoint","urlTemplate":"https:\/\/shopvapor.de\/?s={search_term_string}"},"query-input":{"@type":"PropertyValueSpecification","valueRequired":true,"valueName":"search_term_string"}}],"inLanguage":"fi"}]}},"_links":{"self":[{"href":"https:\/\/shopvapor.de\/fi\/wp-json\/wp\/v2\/pages\/1015","targetHints":{"allow":["GET"]}}],"collection":[{"href":"https:\/\/shopvapor.de\/fi\/wp-json\/wp\/v2\/pages"}],"about":[{"href":"https:\/\/shopvapor.de\/fi\/wp-json\/wp\/v2\/types\/page"}],"author":[{"embeddable":true,"href":"https:\/\/shopvapor.de\/fi\/wp-json\/wp\/v2\/users\/1"}],"replies":[{"embeddable":true,"href":"https:\/\/shopvapor.de\/fi\/wp-json\/wp\/v2\/comments?post=1015"}],"version-history":[{"count":1,"href":"https:\/\/shopvapor.de\/fi\/wp-json\/wp\/v2\/pages\/1015\/revisions"}],"predecessor-version":[{"id":12092,"href":"https:\/\/shopvapor.de\/fi\/wp-json\/wp\/v2\/pages\/1015\/revisions\/12092"}],"wp:attachment":[{"href":"https:\/\/shopvapor.de\/fi\/wp-json\/wp\/v2\/media?parent=1015"}],"curies":[{"name":"pukki","href":"https:\/\/api.w.org\/{rel}","templated":true}]}}