{"id":11635,"date":"2025-07-13T11:31:03","date_gmt":"2025-07-13T11:31:03","guid":{"rendered":"https:\/\/shopvapor.de\/?page_id=11635"},"modified":"2025-07-13T11:31:04","modified_gmt":"2025-07-13T11:31:04","slug":"saeaennoet","status":"publish","type":"page","link":"https:\/\/shopvapor.de\/fi\/saeaennoet\/","title":{"rendered":"Ehdot ja edellytykset"},"content":{"rendered":"<h1 class=\"wp-block-heading\">Shopvaporin yleiset ehdot ja ehdot<\/h1>\n\n\n\n<p><strong>Tila: hein\u00e4kuu 2025<\/strong><\/p>\n\n\n\n<h2 class=\"wp-block-heading\">sis\u00e4llysluettelo<\/h2>\n\n\n\n<ol class=\"wp-block-list\">\n<li>tutkia<\/li>\n\n\n\n<li>sopimuksen tekeminen<\/li>\n\n\n\n<li>peruutusoikeus<\/li>\n\n\n\n<li>Hinnat ja maksuehdot<\/li>\n\n\n\n<li>Toimitus- ja toimitusehdot<\/li>\n\n\n\n<li>Omistusoikeuden s\u00e4ilytt\u00e4minen<\/li>\n\n\n\n<li>vastuu vioista (takuu)<\/li>\n\n\n\n<li>adheesio<\/li>\n\n\n\n<li>Alaik\u00e4isten suojelu ja terveysohjeet<\/li>\n\n\n\n<li>Kuponkien lunastus<\/li>\n\n\n\n<li>sovellettava laki ja laink\u00e4ytt\u00f6valta<\/li>\n\n\n\n<li>Vaihtoehtoinen riidanratkaisu<\/li>\n<\/ol>\n\n\n\n<h2 class=\"wp-block-heading\">1. Soveltamisala<\/h2>\n\n\n\n<p>1.1 N\u00e4m\u00e4 Shopvaporin (j\u00e4ljemp\u00e4n\u00e4 \"Myyj\u00e4\") yleiset ehdot (j\u00e4ljemp\u00e4n\u00e4 \"GTC\") koskevat kaikkia sopimuksia sellaisten tavaroiden toimitusta koskevista sopimuksista, jotka kuluttaja tai yritt\u00e4j\u00e4 (j\u00e4ljemp\u00e4n\u00e4 \"asiakas\") p\u00e4\u00e4tt\u00e4\u00e4 myyj\u00e4n kanssa myyj\u00e4n verkkokaupassa esitt\u00e4mist\u00e4 tavaroista. T\u00e4m\u00e4 on asiakkaan omien ehtojen puuttuessa, ellei toisin ole sovittu.<\/p>\n\n\n\n<p>1.2 N\u00e4it\u00e4 ehtoja sovelletaan vastaavasti tositteiden toimitussopimuksiin, ellei t\u00e4lt\u00e4 osin s\u00e4\u00e4nnell\u00e4 jotain muuta.<\/p>\n\n\n\n<p>1.3 Kuluttaja N\u00e4iden GTC:n merkityksess\u00e4 on jokainen luonnollinen henkil\u00f6, joka tekee tarkoituksenmukaisen oikeustoimia, jonka ei voida katsoa johtuvan p\u00e4\u00e4asiassa kaupallisesta tai itsen\u00e4isest\u00e4 ammatillisesta toiminnasta (\u00a7 13 BGB).<\/p>\n\n\n\n<p>1.4 Yritt\u00e4j\u00e4t, jotka tarkoittavat n\u00e4it\u00e4 GTC:t\u00e4, ovat luonnollinen tai oikeushenkil\u00f6 tai laillisesti toimivaltainen yhti\u00f6, joka toimii kaupallisen tai itsen\u00e4isen ammatillisen toiminnan harjoittamisessa p\u00e4\u00e4tt\u00e4ess\u00e4\u00e4n oikeudellista toimintaa (BGB 14 \u00a7).<\/p>\n\n\n\n<p>1.5 Kertak\u00e4ytt\u00f6isten e-savukkeiden ja niihin liittyvien tuotteiden myyntiin sovelletaan nuorisosuojelulain (JUSCHG) ja tupakkatuotteiden direktiivin (TPD) s\u00e4\u00e4nn\u00f6ksi\u00e4. Myynti tehd\u00e4\u00e4n yksinomaan yli 18-vuotiaille. Myyj\u00e4 varaa oikeuden vaatia todisteita i\u00e4st\u00e4.<\/p>\n\n\n\n<h2 class=\"wp-block-heading\">2. Sopimuksen tekeminen<\/h2>\n\n\n\n<p>2.1 Myyj\u00e4n verkkokaupan tuotekuvaukset eiv\u00e4t ole myyj\u00e4n sitovia tarjouksia, vaan ne tarjoavat asiakkaan sitovan tarjouksen.<\/p>\n\n\n\n<p>2.2 Asiakas voi l\u00e4hett\u00e4\u00e4 tarjouksen verkkokauppaan integroidun verkkotilauslomakkeen kautta. Asetettuaan valitut tavarat virtuaaliseen ostoskoriin ja k\u00e4yty\u00e4\u00e4n l\u00e4pi s\u00e4hk\u00f6isen tilausprosessin, asiakas j\u00e4tt\u00e4\u00e4 laillisesti sitovan sopimustarjouksen ostoskorin sis\u00e4lt\u00e4mist\u00e4 tavaroista napsauttamalla tilausprosessin p\u00e4\u00e4tt\u00e4v\u00e4\u00e4 painiketta. Lis\u00e4ksi asiakas voi l\u00e4hett\u00e4\u00e4 tarjouksen myyj\u00e4lle my\u00f6s s\u00e4hk\u00f6postitse, postitse tai verkkoyhteyslomakkeella.<\/p>\n\n\n\n<p>2.3 Myyj\u00e4 voi hyv\u00e4ksy\u00e4 asiakkaan tarjouksen viiden p\u00e4iv\u00e4n kuluessa,<\/p>\n\n\n\n<ul class=\"wp-block-list\">\n<li>l\u00e4hett\u00e4m\u00e4ll\u00e4 asiakkaalle kirjallisen tilausvahvistuksen tai tilausvahvistuksen tekstilomakkeella (faksi tai s\u00e4hk\u00f6posti), jolloin tilausvahvistuksen vastaanotto asiakkaan tilauksesta on ratkaiseva tai<\/li>\n\n\n\n<li>toimittamalla tilatut tavarat asiakkaalle, jolloin tavaroiden p\u00e4\u00e4sy asiakkaalle on ratkaisevaa tai<\/li>\n\n\n\n<li>pyyt\u00e4m\u00e4ll\u00e4 asiakasta maksamaan tilauksen tekemisen j\u00e4lkeen.<\/li>\n<\/ul>\n\n\n\n<p>Jos edell\u00e4 mainittuja vaihtoehtoja on useita, sopimus tehd\u00e4\u00e4n, kun jokin edell\u00e4 mainituista vaihtoehdoista tapahtuu ensin. Tarjouksen vastaanottoaika alkaa tarjouskilpailun j\u00e4lkeisen\u00e4 p\u00e4iv\u00e4n\u00e4 ja p\u00e4\u00e4ttyy viidennen p\u00e4iv\u00e4n lopussa, mik\u00e4 seuraa tarjouksen l\u00e4hett\u00e4mist\u00e4. Jos Myyj\u00e4 ei hyv\u00e4ksy asiakkaan tarjousta edell\u00e4 mainitun ajan kuluessa, katsotaan t\u00e4m\u00e4n tarjouksen hylk\u00e4\u00e4miseksi, mink\u00e4 seurauksena asiakasta ei en\u00e4\u00e4 sido aieilmoitus.<\/p>\n\n\n\n<p>2.4 Tarjousta teht\u00e4ess\u00e4 Myyj\u00e4n verkkotilauslomakkeella, Myyj\u00e4 tallentaa sopimuksen tekstin sopimuksen tekemisen j\u00e4lkeen ja l\u00e4hett\u00e4\u00e4 asiakkaalle tekstiviestill\u00e4 (esim. s\u00e4hk\u00f6postilla, faksilla tai kirjeell\u00e4) tilauksen l\u00e4hett\u00e4misen j\u00e4lkeen. Myyj\u00e4 ei p\u00e4\u00e4se enemp\u00e4\u00e4 k\u00e4siksi sopimuksen tekstiin.<\/p>\n\n\n\n<p>2.5 Ennen tilauksen tekemist\u00e4 sitovaan tilaukseen asiakas voi k\u00e4ytt\u00e4\u00e4 Myyj\u00e4n verkkotilauslomaketta tunnistaakseen mahdolliset sy\u00f6tt\u00f6virheet lukemalla huolellisesti n\u00e4yt\u00f6ll\u00e4 n\u00e4kyv\u00e4t tiedot. Tehokas tekninen keino sy\u00f6tt\u00f6virheiden havaitsemiseen voi olla selaimen suurennustoiminto, jonka avulla n\u00e4yt\u00f6n n\u00e4ytt\u00f6\u00e4 suurennetaan. Asiakas voi korjata merkint\u00f6j\u00e4\u00e4n osana s\u00e4hk\u00f6ist\u00e4 tilausprosessia tavallisilla n\u00e4pp\u00e4imist\u00f6- ja hiiritoiminnoilla, kunnes h\u00e4n napsauttaa viimeist\u00e4 painiketta.<\/p>\n\n\n\n<p>2.6 Saksan kieli on k\u00e4ytett\u00e4viss\u00e4 vain sopimuksen tekemiseen.<\/p>\n\n\n\n<p>2.7 Tilausten k\u00e4sittely ja yhteydenotto tapahtuu yleens\u00e4 s\u00e4hk\u00f6postitse ja automaattisen tilauksen k\u00e4sittelyn kautta. Asiakkaan tulee varmistaa, ett\u00e4 tilauksen k\u00e4sittelyyn antama s\u00e4hk\u00f6postiosoite on oikea, jotta myyj\u00e4n l\u00e4hett\u00e4m\u00e4t s\u00e4hk\u00f6postit voidaan vastaanottaa t\u00e4h\u00e4n osoitteeseen. Erityisesti roskapostisuodattimia k\u00e4ytett\u00e4ess\u00e4 asiakkaan on varmistettava, ett\u00e4 kaikki tilauksen k\u00e4sittelyyn tilatun Myyj\u00e4n tai Myyj\u00e4n tai Kolmannen osapuolen l\u00e4hett\u00e4m\u00e4t s\u00e4hk\u00f6postit voidaan toimittaa.<\/p>\n\n\n\n<h2 class=\"wp-block-heading\">3. peruutusoikeus<\/h2>\n\n\n\n<p>3.1 Kuluttajilla on yleens\u00e4 oikeus peruuttaa sopimus.<\/p>\n\n\n\n<p>3.2 Lis\u00e4tietoa nosto-oikeudesta l\u00f6ytyy Myyj\u00e4n peruutusk\u00e4yt\u00e4nn\u00f6st\u00e4.<\/p>\n\n\n\n<p>3.3 Peruuttamisoikeus ei koske kuluttajia, jotka eiv\u00e4t kuulu mihink\u00e4\u00e4n Euroopan unionin j\u00e4senvaltioon sopimuksen tekohetkell\u00e4 ja joiden ainoa asuinpaikka ja toimitusosoite ovat Euroopan unionin ulkopuolella sopimuksen tekohetkell\u00e4.<\/p>\n\n\n\n<p>3.4 Hygieenisten tuotteiden, kuten kertak\u00e4ytt\u00f6isten e-savukkeiden, jotka toimitetaan sinet\u00f6ityin\u00e4, nostooikeus vanhenee, jos sinetti on poistettu toimituksen j\u00e4lkeen.<\/p>\n\n\n\n<h2 class=\"wp-block-heading\">4. Hinnat ja maksuehdot<\/h2>\n\n\n\n<p>4.1 Ellei myyj\u00e4n tuotekuvauksessa toisin mainita, ilmoitetut hinnat ovat kokonaishintoja, jotka sis\u00e4lt\u00e4v\u00e4t lakis\u00e4\u00e4teisen liikevaihtoveron. Mahdolliset ylim\u00e4\u00e4r\u00e4iset toimitus- ja toimituskulut m\u00e4\u00e4ritell\u00e4\u00e4n erikseen vastaavassa tuotekuvauksessa.<\/p>\n\n\n\n<p>4.2 Kun toimituksissa Euroopan unionin ulkopuolisiin maihin, voi synty\u00e4 lis\u00e4kustannuksia yksitt\u00e4isiss\u00e4 tapauksissa, joista myyj\u00e4 ei ole vastuussa ja jotka asiakkaan on maksettava. N\u00e4it\u00e4 ovat esimerkiksi pankkien rahansiirtokulut (esim. siirtopalkkiot, valuuttakurssipalkkiot) tai tuontitullit tai verot (esim. tullit). T\u00e4llaisia kustannuksia voi synty\u00e4 my\u00f6s rahansiirrosta, jos toimitusta ei toimiteta Euroopan unionin ulkopuoliseen maahan, vaan asiakas suorittaa maksun Euroopan unionin ulkopuolisesta maasta.<\/p>\n\n\n\n<p>4.3 Maksuvaihtoehto\/-maksut ilmoitetaan asiakkaalle myyj\u00e4n verkkokaupassa.<\/p>\n\n\n\n<p>4.4 Jos ennakkomaksusta sovitaan pankkisiirrolla, maksu er\u00e4\u00e4ntyy v\u00e4litt\u00f6m\u00e4sti sopimuksen tekemisen j\u00e4lkeen, elleiv\u00e4t osapuolet ole sopineet my\u00f6hemp\u00e4\u00e4 er\u00e4p\u00e4iv\u00e4\u00e4.<\/p>\n\n\n\n<p>4.5 Maksattaessa PayPalin tarjoamalla maksutavalla maksu k\u00e4sitell\u00e4\u00e4n maksupalveluntarjoajan PayPalin (Eurooppa) S.\u00e0 R.L. et Cie, S.C.A., 22-24 Boulevard Royal, L-2449 Luxemburg (j\u00e4ljemp\u00e4n\u00e4 \"PayPal\"), PayPalin k\u00e4ytt\u00f6ehtojen mukaisesti, saatavilla osoitteessa <a href=\"https:\/\/www.paypal.com\/de\/webapps\/mpp\/ua\/useragreement-full\" target=\"_blank\" rel=\"noreferrer noopener\">https:\/\/www.paypal.com\/de\/webapps\/mpp\/ua\/useragreement-full<\/a> tai \u2013 jos asiakkaalla ei ole PayPal-tili\u00e4 \u2013 ilman PayPal-tili\u00e4 suoritettavien maksujen ehtoja, saatavilla osoitteessa <a href=\"https:\/\/www.paypal.com\/de\/webapps\/mpp\/ua\/privacywax-full\" target=\"_blank\" rel=\"noreferrer noopener\">https:\/\/www.paypal.com\/de\/webapps\/mpp\/ua\/privacywax-full<\/a>.<\/p>\n\n\n\n<h2 class=\"wp-block-heading\">5. Toimitus- ja toimitusehdot<\/h2>\n\n\n\n<p>5.1 Jos Myyj\u00e4 tarjoaa l\u00e4hetett\u00e4v\u00e4ksi tavaran, toimitus on suoritettava Myyj\u00e4n ilmoittamalla toimitusalueella Asiakkaan ilmoittamaan toimitusosoitteeseen, ellei toisin sovita. Tapahtumaa k\u00e4sitelt\u00e4ess\u00e4 myyj\u00e4n tilauksen k\u00e4sittelyss\u00e4 m\u00e4\u00e4ritetty toimitusosoite on ratkaiseva.<\/p>\n\n\n\n<p>5.2 Jos tavaran toimitus ep\u00e4onnistuu asiakkaan vastuusta syist\u00e4, Asiakas vastaa myyj\u00e4lle aiheutuneista kohtuullisista kustannuksista. T\u00e4m\u00e4 ei koske l\u00e4hetyskuluja, jos asiakas k\u00e4ytt\u00e4\u00e4 tehokkaasti peruuttamisoikeuttaan. Palautuskuluihin sovelletaan Myyj\u00e4n peruutusk\u00e4yt\u00e4nn\u00f6ss\u00e4 annettua asetusta, jos asiakas k\u00e4ytt\u00e4\u00e4 tosiasiallisesti nostooikeuttaan.<\/p>\n\n\n\n<p>5.3 Myyj\u00e4 pid\u00e4tt\u00e4\u00e4 oikeuden ev\u00e4t\u00e4 toimituksen, jos asiakas ei pysty todistamaan vaadittua alaik\u00e4rajaa 18 vuotta.<\/p>\n\n\n\n<p>5.4 Periaatteessa myytyjen tavaroiden vahingossa tapahtuvan katoamisen ja vahingossa tapahtuvan huononemisen riski siirtyy l\u00e4hetyksest\u00e4 tai kuljetushenkil\u00f6lle, kun se luovutetaan asiakkaalle noudon yhteydess\u00e4, kun tavara luovutetaan asiakkaalle.<\/p>\n\n\n\n<h2 class=\"wp-block-heading\">6. Omistusoikeuden s\u00e4ilytt\u00e4minen<\/h2>\n\n\n\n<p>Jos myyj\u00e4 suorittaa ennakkomaksun, h\u00e4n pid\u00e4tt\u00e4\u00e4 oikeuden omistaa toimitetut tavarat, kunnes kokonaisvelkakirja on maksettu kokonaisuudessaan.<\/p>\n\n\n\n<h2 class=\"wp-block-heading\">7 . VASTUU VIoista (TAKUU)<\/h2>\n\n\n\n<p>Ellei seuraavissa m\u00e4\u00e4r\u00e4yksiss\u00e4 toisin mainita, sovelletaan lakis\u00e4\u00e4teisen virheen s\u00e4\u00e4nn\u00f6ksi\u00e4. T\u00e4st\u00e4 poikkeamalla seuraava koskee tavaroiden toimitussopimuksia:<\/p>\n\n\n\n<p>7.1 Jos asiakas on yritt\u00e4j\u00e4,<\/p>\n\n\n\n<ul class=\"wp-block-list\">\n<li>Myyj\u00e4n on valittava tavaran tyyppi;<\/li>\n\n\n\n<li>Uutta tuotantoa ei tapahdu;<\/li>\n\n\n\n<li>Uusien tavaroiden vikojen vanhentumisaika on vuosi riskinsiirrosta;<\/li>\n\n\n\n<li>K\u00e4ytettyjen tavaroiden puutteista johtuvat oikeudet ja vaateet j\u00e4tet\u00e4\u00e4n pois;<\/li>\n\n\n\n<li>Vanhentumisaika ei ala uudelleen, jos korvaava toimitus tapahtuu virhevastuun piiriss\u00e4.<\/li>\n<\/ul>\n\n\n\n<p>7.2 Vastuun rajoitukset ja edell\u00e4 s\u00e4\u00e4nnelty m\u00e4\u00e4r\u00e4ajan lyhent\u00e4minen eiv\u00e4t koske<\/p>\n\n\n\n<ul class=\"wp-block-list\">\n<li>asiakkaan vahingonkorvaus- ja kulukorvauksista,<\/li>\n\n\n\n<li>Mik\u00e4li myyj\u00e4 on vilpillisesti salannut vian,<\/li>\n\n\n\n<li>Tavaroihin, joita on k\u00e4ytetty rakennukseen tavanomaisen k\u00e4yt\u00f6n ja viallisuuden vuoksi,<\/li>\n\n\n\n<li>Myyj\u00e4n olemassa olevista velvollisuuksista toimittaa digitaalisia tuotteita koskevia p\u00e4ivityksi\u00e4, digitaalisia elementtej\u00e4 sis\u00e4lt\u00e4vien tavaroiden toimitussopimuksia.<\/li>\n<\/ul>\n\n\n\n<p>7.3 Lis\u00e4ksi yritt\u00e4j\u00e4t eiv\u00e4t saa vaikuttaa lakis\u00e4\u00e4teisiin takausoikeuden vanhentumisaikaan.<\/p>\n\n\n\n<p>7.4 Jos asiakaskauppias I.S.D. \u00a7 1 HGB, h\u00e4n on HGB:n \u00a7 377 mukaisen velvoitteen kaupallisen tarkastelun ja ilmoituksen alainen. Jos asiakas ei t\u00e4yt\u00e4 siell\u00e4 s\u00e4\u00e4nneltyj\u00e4 ilmoitusvelvollisuuksia, tavarat katsotaan hyv\u00e4ksytyiksi.<\/p>\n\n\n\n<p>7.5 Jos asiakas on kuluttaja, h\u00e4nt\u00e4 pyydet\u00e4\u00e4n valittamaan toimittajalle ilmeisist\u00e4 kuljetusvaurioista ja ilmoittamaan siit\u00e4 myyj\u00e4lle. Jos asiakas ei noudata t\u00e4t\u00e4, t\u00e4ll\u00e4 ei ole vaikutusta h\u00e4nen lakis\u00e4\u00e4teisiin tai sopimukseen perustuviin virhevaatimuksiin.<\/p>\n\n\n\n<h2 class=\"wp-block-heading\">8. velvollisuus<\/h2>\n\n\n\n<p>Myyj\u00e4 on vastuussa Asiakkaalle kaikista sopimuksesta, sopimuksesta ja laillisista, my\u00f6s vahingonkorvausvaatimuksista ja kulujen korvauksista seuraavasti:<\/p>\n\n\n\n<p>8.1 Myyj\u00e4 on vastuussa ilman rajoituksia mist\u00e4\u00e4n oikeudellisesta syyst\u00e4<\/p>\n\n\n\n<ul class=\"wp-block-list\">\n<li>Jos tahto tai t\u00f6rke\u00e4 huolimattomuus,<\/li>\n\n\n\n<li>Jos el\u00e4m\u00e4, keho tai terveys loukkaantuu tahallisesti tai huolimattomasti,<\/li>\n\n\n\n<li>takuulupauksen perusteella, ellei t\u00e4lt\u00e4 osin s\u00e4\u00e4nnell\u00e4,<\/li>\n\n\n\n<li>Johtuen pakollisesta vastuusta, kuten tuotevastuulain nojalla.<\/li>\n<\/ul>\n\n\n\n<p>8.2 Jos Myyj\u00e4 rikkoo huolimattomasti merkitt\u00e4v\u00e4\u00e4 sopimusvelvoitetta, vastuu rajoittuu sopimukseen perustuvaan, ennakoitavissa olevaan vahinkoon, ellei ole t\u00e4ysin vastuussa yll\u00e4 olevan kohdan nojalla. Keskeisi\u00e4 sopimusvelvoitteita ovat velvoitteet, jotka sopimus asettaa Myyj\u00e4lle sen sis\u00e4ll\u00f6n mukaan sopimuksen tarkoituksen saavuttamiseksi, jonka t\u00e4ytt\u00e4minen mahdollistaa sopimuksen asianmukaisen t\u00e4yt\u00e4nt\u00f6\u00f6npanon ja jonka noudattamiseen asiakas voi s\u00e4\u00e4nn\u00f6llisesti luottaa.<\/p>\n\n\n\n<p>8.3 Muuten myyj\u00e4n vastuu on poissuljettu.<\/p>\n\n\n\n<p>8.4 Yll\u00e4 olevat vastuum\u00e4\u00e4r\u00e4ykset koskevat my\u00f6s Myyj\u00e4n vastuuta sijaisagenteistaan ja laillisista edustajistaan.<\/p>\n\n\n\n<h2 class=\"wp-block-heading\">9. Alaik\u00e4isten suojelu ja terveysohjeet<\/h2>\n\n\n\n<p>9.1 Kertak\u00e4ytt\u00f6isi\u00e4 e-savukkeita ja nikotiinipitoisia tuotteita myyd\u00e4\u00e4n yksinomaan aikuisille (18-vuotiaasta alkaen). Asiakas on tarvittaessa velvollinen todistamaan tilauksen yhteydess\u00e4.<\/p>\n\n\n\n<p>9.2 Kertak\u00e4ytt\u00f6iset e-savukkeet sis\u00e4lt\u00e4v\u00e4t nikotiinia, riippuvaista ainetta. Myyj\u00e4 huomauttaa, ett\u00e4 nikotiinin nauttiminen voi olla haitallista terveydelle. Tuotteet eiv\u00e4t sovellu tupakoimattomille, raskaana oleville naisille, imett\u00e4ville ihmisille tai syd\u00e4n- ja verisuonitauteja sairastaville.<\/p>\n\n\n\n<p>9.3 Myyj\u00e4 ei ota vastuuta tuotteiden v\u00e4\u00e4r\u00e4st\u00e4 k\u00e4yt\u00f6st\u00e4 aiheutuneesta terveysvahingosta.<\/p>\n\n\n\n<h2 class=\"wp-block-heading\">10. Kuponkien lunastus<\/h2>\n\n\n\n<p>10.1 Myyj\u00e4n maksutta my\u00f6nt\u00e4m\u00e4t kupongit voidaan lunastaa vain Myyj\u00e4n verkkokaupassa ja vain m\u00e4\u00e4r\u00e4ttyn\u00e4 aikana.<\/p>\n\n\n\n<p>10.2 Vain kuluttajat voivat lunastaa kuponkeja.<\/p>\n\n\n\n<p>10.3 Yksitt\u00e4iset tuotteet voidaan sulkea pois kuponkikampanjasta edellytt\u00e4en, ett\u00e4 tositteen sis\u00e4lt\u00f6 on vastaava rajoitus.<\/p>\n\n\n\n<p>10.4 Kupongit on lunastettava ennen tilausprosessin suorittamista. my\u00f6hempi selvitys ei ole mahdollista.<\/p>\n\n\n\n<p>10,5 per tilaus voidaan lunastaa vain kerrallaan.<\/p>\n\n\n\n<p>10.6 Tavaran arvon on vastattava v\u00e4hint\u00e4\u00e4n tositteen m\u00e4\u00e4r\u00e4\u00e4. Myyj\u00e4 ei korvaa j\u00e4ljell\u00e4 olevaa luottoa.<\/p>\n\n\n\n<p>10.7 Jos tositteen arvo ei riit\u00e4 kattamaan tilausta, voidaan valita maksamaan erotuksen maksamista jokin muu myyj\u00e4n tarjoama maksutapa.<\/p>\n\n\n\n<p>10.8 Lahjakortin hyvityst\u00e4 ei makseta k\u00e4teisell\u00e4 eik\u00e4 korolla.<\/p>\n\n\n\n<p>10.9 Lahjakorttia ei palauteta, jos asiakas palauttaa tavarat, jotka on maksettu kokonaan tai osittain tositteen kanssa, h\u00e4nen sopimusperusteisen nostooikeuden puitteissa.<\/p>\n\n\n\n<p>10.10 Lahjakortti on siirrett\u00e4viss\u00e4. Myyj\u00e4 voi maksaa kupongin myyj\u00e4n verkkokaupassa kupongin lunastavalle omistajalle vapauttavalla vaikutuksella. T\u00e4m\u00e4 ei p\u00e4de, jos myyj\u00e4ll\u00e4 on t\u00f6rke\u00e4sti huolimattomuus kelpaamattomista, kyvytt\u00f6myydest\u00e4 tai valtuuksien puutteesta edustaa vastaavaa omistajaa.<\/p>\n\n\n\n<h2 class=\"wp-block-heading\">11. sovellettava laki ja laink\u00e4ytt\u00f6valta<\/h2>\n\n\n\n<p>11.1 Saksan liittotasavallan laki koskee kaikkia osapuolten oikeussuhteita, lukuun ottamatta irtaintavaran kansainv\u00e4list\u00e4 hankintaa koskevia lakeja. T\u00e4m\u00e4 lainvalinta koskee kuluttajia vain silt\u00e4 osin kuin my\u00f6nnetty\u00e4 suojaa ei peruutettu sen valtion pakollisilla s\u00e4\u00e4nn\u00f6ksill\u00e4, jossa kuluttaja tavallisesti asuu.<\/p>\n\n\n\n<p>11.2 Lis\u00e4ksi t\u00e4m\u00e4 lakis\u00e4\u00e4teist\u00e4 peruuttamisoikeutta koskeva lainvalinta ei koske kuluttajia, jotka eiv\u00e4t kuulu mihink\u00e4\u00e4n Euroopan unionin j\u00e4senvaltioon sopimuksen tekohetkell\u00e4 ja joiden ainoa asuinpaikka ja toimitusosoite sopimuksen tekohetkell\u00e4 ovat Euroopan unionin ulkopuolella.<\/p>\n\n\n\n<p>11.3 Jos asiakas on kauppias, julkisoikeuden mukainen oikeushenkil\u00f6 tai Saksan liittotasavallan alueella sijaitseva julkisoikeudellinen rahasto, kaikkien t\u00e4st\u00e4 sopimuksesta johtuvien riitojen yksinomainen toimivalta on Myyj\u00e4n toiminnan paikka. Jos asiakas sijaitsee Saksan liittotasavallan alueen ulkopuolella, Myyj\u00e4n toimipaikka on yksinomainen toimivalta kaikille t\u00e4st\u00e4 sopimuksesta johtuville riita-asioille, jos sopimus tai sopimukset voidaan katsoa johtuvan asiakkaan ammatillisesta tai kaupallisesta toiminnasta. Yll\u00e4 olevissa tapauksissa myyj\u00e4ll\u00e4 on kuitenkin joka tapauksessa oikeus valittaa tuomioistuimeen asiakkaan kotipaikassa.<\/p>\n\n\n\n<h2 class=\"wp-block-heading\">12. Vaihtoehtoinen riidanratkaisu<\/h2>\n\n\n\n<p>12.1 EU:n komissio tarjoaa alustan online-riitojen ratkaisemiselle Internetiss\u00e4 seuraavan linkin kautta: <a href=\"https:\/\/ec.europa.eu\/consumers\/odr\" target=\"_blank\" rel=\"noreferrer noopener\">https:\/\/ec.europa.eu\/consumers\/odr<\/a><\/p>\n\n\n\n<p>T\u00e4m\u00e4 alusta toimii yhteyspisteen\u00e4 kuluttajan verkko-osto- tai palvelusopimuksista johtuvien riitojen ratkaisemisessa tuomioistuimen ulkopuolisista riitoista.<\/p>\n\n\n\n<p>12.2 Myyj\u00e4 ei ole velvollinen eik\u00e4 halukas osallistumaan riitojenratkaisumenettelyyn kuluttajan v\u00e4limieslautakunnassa.<\/p>","protected":false},"excerpt":{"rendered":"<p>Shopvaporin tilan yleiset ehdot (GTC): Hein\u00e4kuu 2025 Sis\u00e4llysluettelo 1. Soveltamisala 1.1 N\u00e4m\u00e4 Shopvaporin (j\u00e4ljemp\u00e4n\u00e4 \"GTC\") yleiset ehdot (j\u00e4ljemp\u00e4n\u00e4<\/p>","protected":false},"author":1,"featured_media":0,"parent":0,"menu_order":0,"comment_status":"closed","ping_status":"closed","template":"","meta":{"footnotes":""},"class_list":["post-11635","page","type-page","status-publish","hentry"],"yoast_head":"<!-- This site is optimized with the Yoast SEO plugin v25.8 - https:\/\/yoast.com\/wordpress\/plugins\/seo\/ -->\n<title>Terms and Conditions - ShopVapor<\/title>\n<meta name=\"description\" content=\"Allgemeine Gesch\u00e4ftsbedingungen (AGB) von ShopVapor Stand: Juli 2025 Inhaltsverzeichnis Geltungsbereich Vertragsschluss Widerrufsrecht Preise und\" \/>\n<meta name=\"robots\" content=\"index, follow, max-snippet:-1, max-image-preview:large, max-video-preview:-1\" \/>\n<link rel=\"canonical\" href=\"https:\/\/shopvapor.de\/fi\/saeaennoet\/\" \/>\n<meta property=\"og:locale\" content=\"fi_FI\" \/>\n<meta property=\"og:type\" content=\"article\" \/>\n<meta property=\"og:title\" content=\"Terms and Conditions - ShopVapor\" \/>\n<meta property=\"og:description\" content=\"Allgemeine Gesch\u00e4ftsbedingungen (AGB) von ShopVapor Stand: Juli 2025 Inhaltsverzeichnis Geltungsbereich Vertragsschluss Widerrufsrecht Preise und\" \/>\n<meta property=\"og:url\" content=\"https:\/\/shopvapor.de\/fi\/saeaennoet\/\" \/>\n<meta property=\"og:site_name\" content=\"ShopVapor\" \/>\n<meta property=\"article:modified_time\" content=\"2025-07-13T11:31:04+00:00\" \/>\n<meta name=\"twitter:card\" content=\"summary_large_image\" \/>\n<meta name=\"twitter:label1\" content=\"Arvioitu lukuaika\" \/>\n\t<meta name=\"twitter:data1\" content=\"11 minuuttia\" \/>\n<!-- \/ Yoast SEO plugin. -->","yoast_head_json":{"title":"Ehdot - Shopvapor","description":"Shopvaporin tilan yleiset ehdot (GTC): Hein\u00e4kuu 2025 Sis\u00e4llysluettelo Sovelluksen laajuus Sopimuksen tekeminen Sopimuksen tekeminen Oikeus nostaa hinta ja","robots":{"index":"index","follow":"follow","max-snippet":"max-snippet:-1","max-image-preview":"max-image-preview:large","max-video-preview":"max-video-preview:-1"},"canonical":"https:\/\/shopvapor.de\/fi\/saeaennoet\/","og_locale":"fi_FI","og_type":"article","og_title":"Terms and Conditions - ShopVapor","og_description":"Allgemeine Gesch\u00e4ftsbedingungen (AGB) von ShopVapor Stand: Juli 2025 Inhaltsverzeichnis Geltungsbereich Vertragsschluss Widerrufsrecht Preise und","og_url":"https:\/\/shopvapor.de\/fi\/saeaennoet\/","og_site_name":"ShopVapor","article_modified_time":"2025-07-13T11:31:04+00:00","twitter_card":"summary_large_image","twitter_misc":{"Arvioitu lukuaika":"11 minuuttia"},"schema":{"@context":"https:\/\/schema.org","@graph":[{"@type":"WebPage","@id":"https:\/\/shopvapor.de\/terms-and-conditions\/","url":"https:\/\/shopvapor.de\/terms-and-conditions\/","name":"Ehdot - Shopvapor","isPartOf":{"@id":"https:\/\/shopvapor.de\/#website"},"datePublished":"2025-07-13T11:31:03+00:00","dateModified":"2025-07-13T11:31:04+00:00","description":"Shopvaporin tilan yleiset ehdot (GTC): Hein\u00e4kuu 2025 Sis\u00e4llysluettelo Sovelluksen laajuus Sopimuksen tekeminen Sopimuksen tekeminen Oikeus nostaa hinta ja","breadcrumb":{"@id":"https:\/\/shopvapor.de\/terms-and-conditions\/#breadcrumb"},"inLanguage":"fi","potentialAction":[{"@type":"ReadAction","target":["https:\/\/shopvapor.de\/terms-and-conditions\/"]}]},{"@type":"BreadcrumbList","@id":"https:\/\/shopvapor.de\/terms-and-conditions\/#breadcrumb","itemListElement":[{"@type":"ListItem","position":1,"name":"Startseite","item":"https:\/\/shopvapor.de\/"},{"@type":"ListItem","position":2,"name":"Terms and Conditions"}]},{"@type":"WebSite","@id":"https:\/\/shopvapor.de\/#website","url":"https:\/\/shopvapor.de\/","name":"ShopVapor","description":"","potentialAction":[{"@type":"SearchAction","target":{"@type":"EntryPoint","urlTemplate":"https:\/\/shopvapor.de\/?s={search_term_string}"},"query-input":{"@type":"PropertyValueSpecification","valueRequired":true,"valueName":"search_term_string"}}],"inLanguage":"fi"}]}},"_links":{"self":[{"href":"https:\/\/shopvapor.de\/fi\/wp-json\/wp\/v2\/pages\/11635","targetHints":{"allow":["GET"]}}],"collection":[{"href":"https:\/\/shopvapor.de\/fi\/wp-json\/wp\/v2\/pages"}],"about":[{"href":"https:\/\/shopvapor.de\/fi\/wp-json\/wp\/v2\/types\/page"}],"author":[{"embeddable":true,"href":"https:\/\/shopvapor.de\/fi\/wp-json\/wp\/v2\/users\/1"}],"replies":[{"embeddable":true,"href":"https:\/\/shopvapor.de\/fi\/wp-json\/wp\/v2\/comments?post=11635"}],"version-history":[{"count":1,"href":"https:\/\/shopvapor.de\/fi\/wp-json\/wp\/v2\/pages\/11635\/revisions"}],"predecessor-version":[{"id":11636,"href":"https:\/\/shopvapor.de\/fi\/wp-json\/wp\/v2\/pages\/11635\/revisions\/11636"}],"wp:attachment":[{"href":"https:\/\/shopvapor.de\/fi\/wp-json\/wp\/v2\/media?parent=11635"}],"curies":[{"name":"pukki","href":"https:\/\/api.w.org\/{rel}","templated":true}]}}