{"id":11637,"date":"2025-07-13T11:45:03","date_gmt":"2025-07-13T11:45:03","guid":{"rendered":"https:\/\/shopvapor.de\/?page_id=11637"},"modified":"2025-07-13T11:45:03","modified_gmt":"2025-07-13T11:45:03","slug":"toimitustiedot","status":"publish","type":"page","link":"https:\/\/shopvapor.de\/fi\/toimitustiedot\/","title":{"rendered":"Toimitustiedot"},"content":{"rendered":"<div>\n<p dir=\"auto\">Tervetuloa Shopvaporin, kertak\u00e4ytt\u00f6isen e-savukkeen asiantuntijasi, toimitustietosivulle. Pid\u00e4mme eritt\u00e4in t\u00e4rke\u00e4n\u00e4, ett\u00e4 tilauksesi l\u00e4hetet\u00e4\u00e4n sinulle nopeasti, turvallisesti ja huomaamattomasti. Alta l\u00f6yd\u00e4t kaikki t\u00e4rke\u00e4t tiedot toimitusehdoistamme. Huomaa, ett\u00e4 kertak\u00e4ytt\u00f6iset s\u00e4hk\u00f6savukkeet ja niihin liittyv\u00e4t tuotteet ovat Saksan ja EU:n lakis\u00e4\u00e4teisten vaatimusten alaisia, mukaan lukien ik\u00e4rajoitukset (18 vuotta ja vanhemmat) ja tupakkatuotelain (Tabakerzg) mukaiset pakkausm\u00e4\u00e4r\u00e4ykset. Toimitamme vain kokop\u00e4iv\u00e4isille asiakkaille ja teemme ik\u00e4tarkastuksen.<\/p>\n<h2 dir=\"auto\">toimituskulut<\/h2>\n<ul dir=\"auto\">\n<li><strong>Saksan sis\u00e4ll\u00e4<\/strong>: Toimitus on ILMAINEN 39 \u20ac tilauksen arvosta. Alle 39 \u20ac tilauksista toimituskulut ovat 4,95 \u20ac.<\/li>\n<li><strong>EU:n laajuinen<\/strong>: Toimituskulut ovat 9,95 \u20ac per tilaus. Ilmainen toimitus alkaen 100 \u20ac.<\/li>\n<li><strong>Kansainv\u00e4liset toimitukset EU:n ulkopuolella<\/strong>: T\u00e4ll\u00e4 hetkell\u00e4 emme toimita EU:n ulkopuolelle kertak\u00e4ytt\u00f6isten s\u00e4hk\u00f6savukkeiden tulli- ja s\u00e4\u00e4ntelyrajoitusten vuoksi. Ota yhteytt\u00e4 henkil\u00f6kohtaisiin tiedusteluihin.<\/li>\n<li>Kaikki hinnat sis\u00e4lt\u00e4v\u00e4t arvonlis\u00e4veron. Ostaja maksaa ylim\u00e4\u00e4r\u00e4isi\u00e4 tullimaksuja tai veroja EU:n ulkopuolisissa maissa.<\/li>\n<\/ul>\n<p dir=\"auto\">K\u00e4yt\u00e4mme toimitukseen luotettavia kumppaneita, kuten DHL:\u00e4\u00e4, varmistaaksemme turvallisen ja j\u00e4ljitett\u00e4vyyden. Kertak\u00e4ytt\u00f6iset e-savukkeet toimitetaan lasten turvallisissa, neutraaleissa pakkauksissa, jotka t\u00e4ytt\u00e4v\u00e4t EU:n vaatimukset (max. 2 ml nestetilavuutta laitetta kohden, max. 20 mg\/ml nikotiinipitoisuus).<\/p>\n<h2 dir=\"auto\">toimitusajat<\/h2>\n<ul dir=\"auto\">\n<li><strong>Saksa<\/strong>: Klo 14 menness\u00e4 tehdyt tilaukset l\u00e4hetet\u00e4\u00e4n yleens\u00e4 samana ty\u00f6p\u00e4iv\u00e4n\u00e4. Toimitusaika on 1-2 ty\u00f6p\u00e4iv\u00e4\u00e4.<\/li>\n<li><strong>EU-maat<\/strong>: Toimitusaika 3-5 ty\u00f6p\u00e4iv\u00e4\u00e4 kohdemaasta riippuen.<\/li>\n<li>Lomat ja viikonloput voivat pident\u00e4\u00e4 toimitusaikaa. Ilmoitamme sinulle toimituksen tilasta s\u00e4hk\u00f6postitse.<\/li>\n<\/ul>\n<p dir=\"auto\">Huomaa, ett\u00e4 tupakka- ja nikotiinituotteiden (esim. EU:n akkuasetus) s\u00e4\u00e4nn\u00f6sten vuoksi kertak\u00e4ytt\u00f6iset s\u00e4hk\u00f6savukkeet 2026 voidaan mahdollisesti kielt\u00e4\u00e4. Noudatamme aina voimassa olevia lakeja ja mukautamme ohjeitamme sen mukaisesti.<\/p>\n<h2 dir=\"auto\">j\u00e4ljet<\/h2>\n<p dir=\"auto\">Jokainen tilaus saa seurantanumeron, joka l\u00e4hetet\u00e4\u00e4n sinulle s\u00e4hk\u00f6postitse. Voit tarkistaa toimituksesi tilan milloin tahansa kumppanisivultamme: <a href=\"http:\/\/vapelogistic.com\/\" target=\"_blank\" rel=\"noopener noreferrer nofollow\">http:\/\/vapelogistic.com\/<\/a>n. Anna vain seurantanumerosi saadaksesi reaaliaikaisia p\u00e4ivityksi\u00e4.<\/p>\n<h2 dir=\"auto\">Ik\u00e4tarkistus ja oikeudelliset huomautukset<\/h2>\n<ul dir=\"auto\">\n<li>Kaikki Shopvapor-tuotteet on tarkoitettu yli 18-vuotiaille. Toimituksen aikana luovuttaja (esim. DHL Agesight) suorittaa ik\u00e4tarkastuksen.<\/li>\n<li>Emme toimita tuotteita alaik\u00e4isille tai maihin, joissa kertak\u00e4ytt\u00f6isten s\u00e4hk\u00f6savukkeiden tuonti on kielletty.<\/li>\n<li>Terveysvaroitukset: Kertak\u00e4ytt\u00f6iset e-savukkeet sis\u00e4lt\u00e4v\u00e4t nikotiinia, joka aiheuttaa riippuvuutta. Pakkauksissa on EU:n direktiivien mukaisia pakollisia varoituksia.<\/li>\n<li>Palautukset: Avaamattomat tuotteet voidaan palauttaa 14 p\u00e4iv\u00e4n kuluessa. Avoimet kertak\u00e4ytt\u00f6iset e-savukkeet suljetaan pois vaihdosta hygieniasyist\u00e4.<\/li>\n<\/ul>\n<p dir=\"auto\">Jos sinulla on kysytt\u00e4v\u00e4\u00e4 toimituksestasi, ota meihin yhteytt\u00e4 osoitteessa <a href=\"mailto:support@shopvapor.de\" target=\"_blank\" rel=\"noopener noreferrer nofollow\">support@shopvapor.de<\/a> tai yhteydenottolomakkeellamme. Kiitos luottamuksestasi Shopvaporiin - kumppanisi korkealaatuisiin kertak\u00e4ytt\u00f6isiin e-savukkeisiin!<\/p>\n<\/div>\n<div>\n<div><\/div>\n<\/div>","protected":false},"excerpt":{"rendered":"<p>Tervetuloa Shopvaporin, kertak\u00e4ytt\u00f6isen e-savukkeen asiantuntijasi, toimitustietosivulle. Pid\u00e4mme tilauksesi eritt\u00e4in t\u00e4rke\u00e4n\u00e4 nopeasti, turvallisesti<\/p>","protected":false},"author":1,"featured_media":0,"parent":0,"menu_order":0,"comment_status":"closed","ping_status":"closed","template":"","meta":{"footnotes":""},"class_list":["post-11637","page","type-page","status-publish","hentry"],"yoast_head":"<!-- This site is optimized with the Yoast SEO plugin v25.8 - https:\/\/yoast.com\/wordpress\/plugins\/seo\/ -->\n<title>Versandinformationen - ShopVapor<\/title>\n<meta name=\"description\" content=\"Willkommen auf der Versandinformationsseite von ShopVapor, Ihrem Spezialisten f\u00fcr Einweg-E-Zigaretten. Wir legen gro\u00dfen Wert darauf, dass Ihre Bestellung\" \/>\n<meta name=\"robots\" content=\"index, follow, max-snippet:-1, max-image-preview:large, max-video-preview:-1\" \/>\n<link rel=\"canonical\" href=\"https:\/\/shopvapor.de\/fi\/toimitustiedot\/\" \/>\n<meta property=\"og:locale\" content=\"fi_FI\" \/>\n<meta property=\"og:type\" content=\"article\" \/>\n<meta property=\"og:title\" content=\"Versandinformationen - ShopVapor\" \/>\n<meta property=\"og:description\" content=\"Willkommen auf der Versandinformationsseite von ShopVapor, Ihrem Spezialisten f\u00fcr Einweg-E-Zigaretten. Wir legen gro\u00dfen Wert darauf, dass Ihre Bestellung\" \/>\n<meta property=\"og:url\" content=\"https:\/\/shopvapor.de\/fi\/toimitustiedot\/\" \/>\n<meta property=\"og:site_name\" content=\"ShopVapor\" \/>\n<meta name=\"twitter:card\" content=\"summary_large_image\" \/>\n<meta name=\"twitter:label1\" content=\"Arvioitu lukuaika\" \/>\n\t<meta name=\"twitter:data1\" content=\"2 minuuttia\" \/>\n<!-- \/ Yoast SEO plugin. -->","yoast_head_json":{"title":"Toimitustiedot - Shopvapor","description":"Tervetuloa Shopvaporin, kertak\u00e4ytt\u00f6isen e-savukkeen asiantuntijasi, toimitustietosivulle. Pid\u00e4mme tilauksesi eritt\u00e4in t\u00e4rke\u00e4n\u00e4","robots":{"index":"index","follow":"follow","max-snippet":"max-snippet:-1","max-image-preview":"max-image-preview:large","max-video-preview":"max-video-preview:-1"},"canonical":"https:\/\/shopvapor.de\/fi\/toimitustiedot\/","og_locale":"fi_FI","og_type":"article","og_title":"Versandinformationen - ShopVapor","og_description":"Willkommen auf der Versandinformationsseite von ShopVapor, Ihrem Spezialisten f\u00fcr Einweg-E-Zigaretten. Wir legen gro\u00dfen Wert darauf, dass Ihre Bestellung","og_url":"https:\/\/shopvapor.de\/fi\/toimitustiedot\/","og_site_name":"ShopVapor","twitter_card":"summary_large_image","twitter_misc":{"Arvioitu lukuaika":"2 minuuttia"},"schema":{"@context":"https:\/\/schema.org","@graph":[{"@type":"WebPage","@id":"https:\/\/shopvapor.de\/versandinformationen\/","url":"https:\/\/shopvapor.de\/versandinformationen\/","name":"Toimitustiedot - Shopvapor","isPartOf":{"@id":"https:\/\/shopvapor.de\/#website"},"datePublished":"2025-07-13T11:45:03+00:00","description":"Tervetuloa Shopvaporin, kertak\u00e4ytt\u00f6isen e-savukkeen asiantuntijasi, toimitustietosivulle. Pid\u00e4mme tilauksesi eritt\u00e4in t\u00e4rke\u00e4n\u00e4","breadcrumb":{"@id":"https:\/\/shopvapor.de\/versandinformationen\/#breadcrumb"},"inLanguage":"fi","potentialAction":[{"@type":"ReadAction","target":["https:\/\/shopvapor.de\/versandinformationen\/"]}]},{"@type":"BreadcrumbList","@id":"https:\/\/shopvapor.de\/versandinformationen\/#breadcrumb","itemListElement":[{"@type":"ListItem","position":1,"name":"Startseite","item":"https:\/\/shopvapor.de\/"},{"@type":"ListItem","position":2,"name":"Versandinformationen"}]},{"@type":"WebSite","@id":"https:\/\/shopvapor.de\/#website","url":"https:\/\/shopvapor.de\/","name":"ShopVapor","description":"","potentialAction":[{"@type":"SearchAction","target":{"@type":"EntryPoint","urlTemplate":"https:\/\/shopvapor.de\/?s={search_term_string}"},"query-input":{"@type":"PropertyValueSpecification","valueRequired":true,"valueName":"search_term_string"}}],"inLanguage":"fi"}]}},"_links":{"self":[{"href":"https:\/\/shopvapor.de\/fi\/wp-json\/wp\/v2\/pages\/11637","targetHints":{"allow":["GET"]}}],"collection":[{"href":"https:\/\/shopvapor.de\/fi\/wp-json\/wp\/v2\/pages"}],"about":[{"href":"https:\/\/shopvapor.de\/fi\/wp-json\/wp\/v2\/types\/page"}],"author":[{"embeddable":true,"href":"https:\/\/shopvapor.de\/fi\/wp-json\/wp\/v2\/users\/1"}],"replies":[{"embeddable":true,"href":"https:\/\/shopvapor.de\/fi\/wp-json\/wp\/v2\/comments?post=11637"}],"version-history":[{"count":1,"href":"https:\/\/shopvapor.de\/fi\/wp-json\/wp\/v2\/pages\/11637\/revisions"}],"predecessor-version":[{"id":11638,"href":"https:\/\/shopvapor.de\/fi\/wp-json\/wp\/v2\/pages\/11637\/revisions\/11638"}],"wp:attachment":[{"href":"https:\/\/shopvapor.de\/fi\/wp-json\/wp\/v2\/media?parent=11637"}],"curies":[{"name":"pukki","href":"https:\/\/api.w.org\/{rel}","templated":true}]}}