{"id":11639,"date":"2025-07-13T12:05:45","date_gmt":"2025-07-13T12:05:45","guid":{"rendered":"https:\/\/shopvapor.de\/?page_id=11639"},"modified":"2025-07-13T12:05:45","modified_gmt":"2025-07-13T12:05:45","slug":"turvallinen-maksu","status":"publish","type":"page","link":"https:\/\/shopvapor.de\/fi\/turvallinen-maksu\/","title":{"rendered":"Turvallinen maksu"},"content":{"rendered":"<div>\n<p dir=\"auto\">Tervetuloa turvalliselle maksusivullemme. ShopVaporilla, korkealaatuisten kertak\u00e4ytt\u00f6isten e-savukkeiden asiantuntijallasi, maksutapahtumienne turvallisuus on ensisijainen prioriteettimme. Tied\u00e4mme, kuinka t\u00e4rke\u00e4\u00e4 on, ett\u00e4 henkil\u00f6kohtaiset ja taloudelliset tietosi ovat suojattuja, erityisesti kun kyse on s\u00e4hk\u00f6savuketuotteista. Perustuen alan parhaiksi todettuihin turvallisiin maksuk\u00e4yt\u00e4nt\u00f6ihin (kuten SSL-salaukseen ja PCI-DSS-standardien noudattamiseen) varmistamme, ett\u00e4 jokainen ostos on sujuva ja riskit\u00f6n. Alustamme t\u00e4ytt\u00e4\u00e4 tiukat viranomaisvaatimukset, mukaan lukien ik\u00e4varmennus, varmistaaksemme, ett\u00e4 vain t\u00e4ysi-ik\u00e4iset (18-vuotiaat ja sit\u00e4 vanhemmat) asiakkaat voivat tehd\u00e4 ostoksia.<\/p>\n<h4 dir=\"auto\">Maksutapamme<\/h4>\n<p dir=\"auto\">Tarjoamme useita luotettavia ja joustavia maksuvaihtoehtoja, jotka sopivat tarpeisiisi. Kaikki maksutavat on suunniteltu korkeimpia turvallisuusstandardeja noudattaen petosten est\u00e4miseksi ja tietojesi salaamiseksi:<\/p>\n<ul dir=\"auto\">\n<li><strong>PayPal<\/strong>Suosittu ja turvallinen lompakkoratkaisu nopeisiin maksuihin. PayPalin avulla saat ostajan suojan, eik\u00e4 sinun tarvitse sy\u00f6tt\u00e4\u00e4 luottokorttitietojasi suoraan sivustollamme. Kirjaudu vain sis\u00e4\u00e4n ja maksa - ihanteellinen kertak\u00e4ytt\u00f6isten e-savukkeiden turvallisiin verkko-ostoksiin.<\/li>\n<li><strong>Luottokortti<\/strong>Hyv\u00e4ksymme t\u00e4rkeimm\u00e4t kortit, kuten Visa, MasterCard ja American Express. Kaikki maksutapahtumat k\u00e4sitell\u00e4\u00e4n sertifioidun maksupalveluntarjoajan kautta, joka on PCI-DSS-yhteensopiva. Korttitietojasi ei koskaan tallenneta palvelimillemme, vaan ne siirret\u00e4\u00e4n suoraan salatussa muodossa.<\/li>\n<li><strong>Kryptovaluutta<\/strong>Nykyaikaisia ja nimett\u00f6mi\u00e4 maksuja varten tuemme suosittuja virtuaalivaluuttoja, kuten Bitcoinia (BTC) ja Ethereumia (ETH). T\u00e4m\u00e4 vaihtoehto tarjoaa lis\u00e4\u00e4 yksityisyytt\u00e4 ja se k\u00e4sitell\u00e4\u00e4n suojatun lohkoketjuteknologian avulla. Arkaluontoisia pankkitietoja ei tarvita - t\u00e4ydellinen huomaamattomiin ostoksiin.<\/li>\n<\/ul>\n<h4 dir=\"auto\">Miksi maksumme on turvallinen?<\/h4>\n<ul dir=\"auto\">\n<li><strong>Salaus<\/strong>Jokainen maksu on suojattu 256-bittisell\u00e4 SSL-salauksella, joka suojaa tietojasi luvattomalta k\u00e4yt\u00f6lt\u00e4. T\u00e4m\u00e4 t\u00e4ytt\u00e4\u00e4 s\u00e4hk\u00f6isen kaupank\u00e4ynnin alan korkeimmat standardit arkaluonteisille tuotteille, kuten kertak\u00e4ytt\u00f6isille s\u00e4hk\u00f6savukkeille.<\/li>\n<li><strong>I\u00e4n ja henkil\u00f6llisyyden tarkastus<\/strong>Lakis\u00e4\u00e4teisten vaatimusten (esim. nuorisonsuojelulaki) mukaisesti suoritamme automaattisen ik\u00e4varmennuksen. Vain 18 vuotta t\u00e4ytt\u00e4neet ostajat voivat suorittaa ostoksen.<\/li>\n<li><strong>Petostentorjunta<\/strong>J\u00e4rjestelm\u00e4mme valvovat tapahtumia reaaliaikaisesti ep\u00e4ilytt\u00e4v\u00e4n toiminnan varalta. Ongelmatilanteissa tukitiimimme on k\u00e4ytett\u00e4viss\u00e4 ymp\u00e4ri vuorokauden.<\/li>\n<li><strong>Tietosuoja<\/strong>K\u00e4sittelemme tietojasi yksinomaan GDPR:n mukaisesti. Lue <a href=\"https:\/\/www.shopvapor.com\/datenschutz\" target=\"_blank\" rel=\"noopener noreferrer nofollow\">Tietosuojak\u00e4yt\u00e4nt\u00f6<\/a> yksityiskohtaisia tietoja. Tietoja ei luovuteta kolmansille osapuolille ilman suostumustasi.<\/li>\n<\/ul>\n<p dir=\"auto\">Jos sinulla on kysytt\u00e4v\u00e4\u00e4 maksutapoistamme tai tarvitset tukea, ota yhteytt\u00e4 osoitteeseen <a href=\"mailto:support@shopvapor.com\" target=\"_blank\" rel=\"noopener noreferrer nofollow\">support@shopvapor.com<\/a> tai chatin kautta. Kiitos, ett\u00e4 luotat ShopVaporiin - kumppanisi turvallisiin ja miellytt\u00e4viin kertak\u00e4ytt\u00f6isiin e-savukkeisiin!<\/p>\n<\/div>","protected":false},"excerpt":{"rendered":"<p>Tervetuloa suojatulle maksusivullemme. Shopvaporissa, korkealaatuisten kertak\u00e4ytt\u00f6isten e-savukkeiden asiantuntijasi, tapahtumien turvallisuus on etusijalla.<\/p>","protected":false},"author":1,"featured_media":0,"parent":0,"menu_order":0,"comment_status":"closed","ping_status":"closed","template":"","meta":{"footnotes":""},"class_list":["post-11639","page","type-page","status-publish","hentry"],"yoast_head":"<!-- This site is optimized with the Yoast SEO plugin v25.8 - https:\/\/yoast.com\/wordpress\/plugins\/seo\/ -->\n<title>Sichere Zahlung - ShopVapor<\/title>\n<meta name=\"description\" content=\"Willkommen auf unserer sicheren Zahlungsseite. Bei ShopVapor, Ihrem Spezialisten f\u00fcr hochwertige Einweg-E-Zigaretten, steht die Sicherheit Ihrer\" \/>\n<meta name=\"robots\" content=\"index, follow, max-snippet:-1, max-image-preview:large, max-video-preview:-1\" \/>\n<link rel=\"canonical\" href=\"https:\/\/shopvapor.de\/fi\/turvallinen-maksu\/\" \/>\n<meta property=\"og:locale\" content=\"fi_FI\" \/>\n<meta property=\"og:type\" content=\"article\" \/>\n<meta property=\"og:title\" content=\"Sichere Zahlung - ShopVapor\" \/>\n<meta property=\"og:description\" content=\"Willkommen auf unserer sicheren Zahlungsseite. Bei ShopVapor, Ihrem Spezialisten f\u00fcr hochwertige Einweg-E-Zigaretten, steht die Sicherheit Ihrer\" \/>\n<meta property=\"og:url\" content=\"https:\/\/shopvapor.de\/fi\/turvallinen-maksu\/\" \/>\n<meta property=\"og:site_name\" content=\"ShopVapor\" \/>\n<meta name=\"twitter:card\" content=\"summary_large_image\" \/>\n<meta name=\"twitter:label1\" content=\"Arvioitu lukuaika\" \/>\n\t<meta name=\"twitter:data1\" content=\"2 minuuttia\" \/>\n<!-- \/ Yoast SEO plugin. -->","yoast_head_json":{"title":"Turvallinen maksu - ShopVapor","description":"Tervetuloa turvalliselle maksusivullemme. ShopVaporilla, korkealaatuisten kertak\u00e4ytt\u00f6isten e-savukkeiden asiantuntijallasi, sinun turvallisuutesi","robots":{"index":"index","follow":"follow","max-snippet":"max-snippet:-1","max-image-preview":"max-image-preview:large","max-video-preview":"max-video-preview:-1"},"canonical":"https:\/\/shopvapor.de\/fi\/turvallinen-maksu\/","og_locale":"fi_FI","og_type":"article","og_title":"Sichere Zahlung - ShopVapor","og_description":"Willkommen auf unserer sicheren Zahlungsseite. Bei ShopVapor, Ihrem Spezialisten f\u00fcr hochwertige Einweg-E-Zigaretten, steht die Sicherheit Ihrer","og_url":"https:\/\/shopvapor.de\/fi\/turvallinen-maksu\/","og_site_name":"ShopVapor","twitter_card":"summary_large_image","twitter_misc":{"Arvioitu lukuaika":"2 minuuttia"},"schema":{"@context":"https:\/\/schema.org","@graph":[{"@type":"WebPage","@id":"https:\/\/shopvapor.de\/sichere-zahlung\/","url":"https:\/\/shopvapor.de\/sichere-zahlung\/","name":"Turvallinen maksu - ShopVapor","isPartOf":{"@id":"https:\/\/shopvapor.de\/#website"},"datePublished":"2025-07-13T12:05:45+00:00","description":"Tervetuloa turvalliselle maksusivullemme. ShopVaporilla, korkealaatuisten kertak\u00e4ytt\u00f6isten e-savukkeiden asiantuntijallasi, sinun turvallisuutesi","breadcrumb":{"@id":"https:\/\/shopvapor.de\/sichere-zahlung\/#breadcrumb"},"inLanguage":"fi","potentialAction":[{"@type":"ReadAction","target":["https:\/\/shopvapor.de\/sichere-zahlung\/"]}]},{"@type":"BreadcrumbList","@id":"https:\/\/shopvapor.de\/sichere-zahlung\/#breadcrumb","itemListElement":[{"@type":"ListItem","position":1,"name":"Startseite","item":"https:\/\/shopvapor.de\/"},{"@type":"ListItem","position":2,"name":"Sichere Zahlung"}]},{"@type":"WebSite","@id":"https:\/\/shopvapor.de\/#website","url":"https:\/\/shopvapor.de\/","name":"ShopVapor","description":"","potentialAction":[{"@type":"SearchAction","target":{"@type":"EntryPoint","urlTemplate":"https:\/\/shopvapor.de\/?s={search_term_string}"},"query-input":{"@type":"PropertyValueSpecification","valueRequired":true,"valueName":"search_term_string"}}],"inLanguage":"fi"}]}},"_links":{"self":[{"href":"https:\/\/shopvapor.de\/fi\/wp-json\/wp\/v2\/pages\/11639","targetHints":{"allow":["GET"]}}],"collection":[{"href":"https:\/\/shopvapor.de\/fi\/wp-json\/wp\/v2\/pages"}],"about":[{"href":"https:\/\/shopvapor.de\/fi\/wp-json\/wp\/v2\/types\/page"}],"author":[{"embeddable":true,"href":"https:\/\/shopvapor.de\/fi\/wp-json\/wp\/v2\/users\/1"}],"replies":[{"embeddable":true,"href":"https:\/\/shopvapor.de\/fi\/wp-json\/wp\/v2\/comments?post=11639"}],"version-history":[{"count":1,"href":"https:\/\/shopvapor.de\/fi\/wp-json\/wp\/v2\/pages\/11639\/revisions"}],"predecessor-version":[{"id":11640,"href":"https:\/\/shopvapor.de\/fi\/wp-json\/wp\/v2\/pages\/11639\/revisions\/11640"}],"wp:attachment":[{"href":"https:\/\/shopvapor.de\/fi\/wp-json\/wp\/v2\/media?parent=11639"}],"curies":[{"name":"pukki","href":"https:\/\/api.w.org\/{rel}","templated":true}]}}