{"id":79,"date":"2025-03-21T13:57:59","date_gmt":"2025-03-21T13:57:59","guid":{"rendered":"https:\/\/dummy.xtemos.com\/woodmart2\/t-shirts-elementor\/?page_id=79"},"modified":"2025-03-21T13:57:59","modified_gmt":"2025-03-21T13:57:59","slug":"toivelista","status":"publish","type":"page","link":"https:\/\/shopvapor.de\/fi\/toivelista\/","title":{"rendered":"toivelista"},"content":{"rendered":"<div data-elementor-type=\"wp-page\" data-elementor-id=\"79\" class=\"elementor elementor-79\">\n\t\t\t\t<div class=\"wd-negative-gap elementor-element elementor-element-50b2d93 e-flex e-con-boxed e-con e-parent\" data-id=\"50b2d93\" data-element_type=\"container\">\n\t\t\t\t\t<div class=\"e-con-inner\">\n\t\t\t\t<div class=\"elementor-element elementor-element-ee22d6b elementor-widget elementor-widget-wd_wishlist\" data-id=\"ee22d6b\" data-element_type=\"widget\" data-widget_type=\"wd_wishlist.default\">\n\t\t\t\t<div class=\"elementor-widget-container\">\n\t\t\t\t\t\t\t\n\t\t\n\t\t<div class=\"\">\n\t\t\t\t\t\t<div class=\"wd-wishlist-content\">\n\t\t\t\t\t\t\t\t\t\t\t\n\t\t<p class=\"wd-empty-wishlist wd-empty-page\">\n\t\t\tT\u00e4m\u00e4 toivelista on tyhj\u00e4.\t\t<\/p>\n\n\t\t\t\t\t<div class=\"wd-empty-page-text\">\n\t\t\t\tSinulla ei ole viel\u00e4 yht\u00e4\u00e4n tuotetta toivelistalla. L\u00f6yd\u00e4t paljon mielenkiintoisia tuotteita \"Shop\"-sivultamme.\t\t\t<\/div>\n\t\t\n\t\t\n\t\t\t\t\t<p class=\"return-to-shop\">\n\t\t\t\t<a class=\"button\" href=\"https:\/\/shopvapor.de\/fi\/myymaelae\/\">\n\t\t\t\t\tpalata jhk\t\t\t\t<\/a>\n\t\t\t<\/p>\n\t\t\t\t\t\t\t\t\t\t\t<\/div>\n\t\t\t\t<\/div>\n\t\t\t\t\t\t<\/div>\n\t\t\t\t<\/div>\n\t\t\t\t\t<\/div>\n\t\t\t\t<\/div>\n\t\t\t\t<\/div>","protected":false},"excerpt":{"rendered":"<p>Omat tilini Dashboard-tilaukset Lataukset Osoitteet Tilin tiedot Kirjaudu ulos Tuotteiden toivelista Jaa: Poista Valitse kaikki Poista kaikki valinnat<\/p>","protected":false},"author":1,"featured_media":0,"parent":0,"menu_order":0,"comment_status":"closed","ping_status":"closed","template":"","meta":{"footnotes":""},"class_list":["post-79","page","type-page","status-publish","hentry"],"yoast_head":"<!-- This site is optimized with the Yoast SEO plugin v25.8 - https:\/\/yoast.com\/wordpress\/plugins\/seo\/ -->\n<title>Wishlist - ShopVapor<\/title>\n<meta name=\"description\" content=\"My account Dashboard Orders Downloads Addresses Account details Logout Your products wishlist Share: Remove Select all Deselect\" \/>\n<meta name=\"robots\" content=\"index, follow, max-snippet:-1, max-image-preview:large, max-video-preview:-1\" \/>\n<link rel=\"canonical\" href=\"https:\/\/shopvapor.de\/fi\/toivelista\/\" \/>\n<meta property=\"og:locale\" content=\"fi_FI\" \/>\n<meta property=\"og:type\" content=\"article\" \/>\n<meta property=\"og:title\" content=\"Wishlist - ShopVapor\" \/>\n<meta property=\"og:description\" content=\"My account Dashboard Orders Downloads Addresses Account details Logout Your products wishlist Share: Remove Select all Deselect\" \/>\n<meta property=\"og:url\" content=\"https:\/\/shopvapor.de\/fi\/toivelista\/\" \/>\n<meta property=\"og:site_name\" content=\"ShopVapor\" \/>\n<meta name=\"twitter:card\" content=\"summary_large_image\" \/>\n<!-- \/ Yoast SEO plugin. -->","yoast_head_json":{"title":"Toivelista - Shopvapor","description":"Omat tilini Dashboard-tilaukset Lataukset Osoitteet Tilin tiedot Kirjaudu ulos Tuotteesi toivelista Jaa: Poista Valitse kaikki Poista valinta","robots":{"index":"index","follow":"follow","max-snippet":"max-snippet:-1","max-image-preview":"max-image-preview:large","max-video-preview":"max-video-preview:-1"},"canonical":"https:\/\/shopvapor.de\/fi\/toivelista\/","og_locale":"fi_FI","og_type":"article","og_title":"Wishlist - ShopVapor","og_description":"My account Dashboard Orders Downloads Addresses Account details Logout Your products wishlist Share: Remove Select all Deselect","og_url":"https:\/\/shopvapor.de\/fi\/toivelista\/","og_site_name":"ShopVapor","twitter_card":"summary_large_image","schema":{"@context":"https:\/\/schema.org","@graph":[{"@type":"WebPage","@id":"https:\/\/shopvapor.de\/wishlist\/","url":"https:\/\/shopvapor.de\/wishlist\/","name":"Toivelista - Shopvapor","isPartOf":{"@id":"https:\/\/shopvapor.de\/#website"},"datePublished":"2025-03-21T13:57:59+00:00","description":"Omat tilini Dashboard-tilaukset Lataukset Osoitteet Tilin tiedot Kirjaudu ulos Tuotteesi toivelista Jaa: Poista Valitse kaikki Poista valinta","breadcrumb":{"@id":"https:\/\/shopvapor.de\/wishlist\/#breadcrumb"},"inLanguage":"fi","potentialAction":[{"@type":"ReadAction","target":["https:\/\/shopvapor.de\/wishlist\/"]}]},{"@type":"BreadcrumbList","@id":"https:\/\/shopvapor.de\/wishlist\/#breadcrumb","itemListElement":[{"@type":"ListItem","position":1,"name":"Startseite","item":"https:\/\/shopvapor.de\/"},{"@type":"ListItem","position":2,"name":"Wishlist"}]},{"@type":"WebSite","@id":"https:\/\/shopvapor.de\/#website","url":"https:\/\/shopvapor.de\/","name":"ShopVapor","description":"","potentialAction":[{"@type":"SearchAction","target":{"@type":"EntryPoint","urlTemplate":"https:\/\/shopvapor.de\/?s={search_term_string}"},"query-input":{"@type":"PropertyValueSpecification","valueRequired":true,"valueName":"search_term_string"}}],"inLanguage":"fi"}]}},"_links":{"self":[{"href":"https:\/\/shopvapor.de\/fi\/wp-json\/wp\/v2\/pages\/79","targetHints":{"allow":["GET"]}}],"collection":[{"href":"https:\/\/shopvapor.de\/fi\/wp-json\/wp\/v2\/pages"}],"about":[{"href":"https:\/\/shopvapor.de\/fi\/wp-json\/wp\/v2\/types\/page"}],"author":[{"embeddable":true,"href":"https:\/\/shopvapor.de\/fi\/wp-json\/wp\/v2\/users\/1"}],"replies":[{"embeddable":true,"href":"https:\/\/shopvapor.de\/fi\/wp-json\/wp\/v2\/comments?post=79"}],"version-history":[{"count":0,"href":"https:\/\/shopvapor.de\/fi\/wp-json\/wp\/v2\/pages\/79\/revisions"}],"wp:attachment":[{"href":"https:\/\/shopvapor.de\/fi\/wp-json\/wp\/v2\/media?parent=79"}],"curies":[{"name":"pukki","href":"https:\/\/api.w.org\/{rel}","templated":true}]}}