{"id":10170,"date":"2025-07-02T07:30:03","date_gmt":"2025-07-02T07:30:03","guid":{"rendered":"https:\/\/shopvapor.de\/?post_type=product&#038;p=10170"},"modified":"2025-07-15T06:14:27","modified_gmt":"2025-07-15T06:14:27","slug":"waspe-60000-60k-puffs-54ml-kertakaeyttoeiset-e-savukkeet-alkuperaeinen","status":"publish","type":"product","link":"https:\/\/shopvapor.de\/fi\/product\/waspe-60000-60k-puffs-54ml-kertakaeyttoeiset-e-savukkeet-alkuperaeinen\/","title":{"rendered":"waspe 60000 60k puffs 54ml kertak\u00e4ytt\u00f6iset e-savukkeet alkuper\u00e4inen"},"content":{"rendered":"<h2>Johdatus ampiaisiin 60000 60k puffaa<\/h2>\n<p>Waspe 60000 60K Puffs edustaa seuraavan sukupolven kertak\u00e4ytt\u00f6isi\u00e4 e-savukkeita ja tarjoaa vaikuttavan yhdistelm\u00e4n innovatiivista teknologiaa, suurta kapasiteettia ja monipuolista makukokemusta. Jopa 60 000 junan ja ainutlaatuisen kolminkertaisen makuj\u00e4rjestelm\u00e4n kapasiteetin ansiosta t\u00e4m\u00e4 laite on ihanteellinen vaativille k\u00e4ytt\u00e4jille, jotka arvostavat laatua, pitk\u00e4ik\u00e4isyytt\u00e4 ja vaihtelua. Waspe-br\u00e4ndi tarkoittaa luotettavuutta ja tarkkuutta, mik\u00e4 tekee t\u00e4st\u00e4 tuotteesta loistavan valinnan kaikille, jotka etsiv\u00e4t intensiivist\u00e4 ja pitk\u00e4kestoista h\u00f6yrytyskokemusta.<\/p>\n<h2>Tuotteen parametrit yksityiskohtaisesti<\/h2>\n<p>Waspe 60000 60K Puffs vakuuttaa teknisesti kyps\u00e4t parametrit, jotka takaavat saumattoman ja intensiivisen makukokemuksen. Alla on yksityiskohtainen yleiskatsaus teknisist\u00e4 tiedoista ja niiden eduista.<\/p>\n<h3>Junakapasiteetti: Jopa 60 000 junaa<\/h3>\n<p>WAPE 60000, jonka kapasiteetti on jopa 60 000 junaa, tarjoaa poikkeuksellisen pitk\u00e4n k\u00e4ytt\u00f6i\u00e4n. T\u00e4m\u00e4 suuri junien m\u00e4\u00e4r\u00e4 mahdollistaa viikkojen tai jopa kuukausien nautinnon ilman, ett\u00e4 niit\u00e4 tarvitsee vaihtaa. T\u00e4m\u00e4 tekee laitteesta erityisen houkuttelevan usein k\u00e4ytt\u00e4jille, jotka etsiv\u00e4t luotettavaa tuotetta p\u00e4ivitt\u00e4iseen k\u00e4ytt\u00f6\u00f6n.<\/p>\n<h3>Nikotiinin vahvuus: 0%, 2% tai 5%<\/h3>\n<p>Waspe 60000 on saatavana kolmessa nikotiinivahvuudessa - 0%, 2% ja 5% - k\u00e4ytt\u00e4jien yksil\u00f6llisten mieltymysten mukaan. Olipa kyseess\u00e4 nikotiiniton puhdas maku tai nikotiini intensiivisemm\u00e4n kokemuksen saamiseksi, t\u00e4m\u00e4 joustavuus varmistaa, ett\u00e4 jokainen l\u00f6yt\u00e4\u00e4 oikean vaihtoehdon. Tarkka annostus takaa tasaisen laadun jokaisella vedolla.<\/p>\n<h3>E-neste Kapasiteetti: 54 ml<\/h3>\n<p>Laite on varustettu runsaalla 54 ml:n e-nestes\u00e4ili\u00f6ll\u00e4, joka takaa pitk\u00e4kestoisen nautinnon ilman t\u00e4ytt\u00f6\u00e4. T\u00e4m\u00e4 suuri kapasiteetti v\u00e4hent\u00e4\u00e4 toistuvien vaihtojen tarvetta ja mahdollistaa keskeytym\u00e4tt\u00f6m\u00e4n kokemuksen, jopa intensiivisess\u00e4 k\u00e4yt\u00f6ss\u00e4.<\/p>\n<h3>Akku: 650 mAh, ladattava tyypin C kautta<\/h3>\n<p>Integroitu 650 mAh:n akku tarjoaa luotettavan virtal\u00e4hteen koko k\u00e4ytt\u00f6i\u00e4n ajan. Type-C pikalatausominaisuuden avulla akku voidaan ladata nopeasti ja tehokkaasti, mik\u00e4 minimoi seisokit. T\u00e4m\u00e4 moderni latausvaihtoehto takaa maksimaalisen mukavuuden jokap\u00e4iv\u00e4isess\u00e4 el\u00e4m\u00e4ss\u00e4.<\/p>\n<h3>Kelaj\u00e4rjestelm\u00e4: kolminkertaiset 0,9 \u03a9 verkkokelat<\/h3>\n<p>Edistyksellinen kolmiverkkokelaj\u00e4rjestelm\u00e4, jossa on 0,9 ohmin kest\u00e4vyys, tarjoaa tasaisen l\u00e4mmityksen ja intensiivisen maun kehittymisen. Mesh-tekniikka takaa pehme\u00e4n, t\u00e4ytel\u00e4isen h\u00f6yryn ja tasaisen suorituskyvyn jopa pitk\u00e4aikaisessa k\u00e4yt\u00f6ss\u00e4 ja vie makuel\u00e4myksen uudelle tasolle.<\/p>\n<h3>N\u00e4ytt\u00f6: \u00c4lyk\u00e4s LED-n\u00e4ytt\u00f6<\/h3>\n<p>Integroitu LED-n\u00e4ytt\u00f6 n\u00e4ytt\u00e4\u00e4 akun varaustason ja E-nesteen tason reaaliajassa. T\u00e4m\u00e4 ominaisuus mahdollistaa laitteen helpon valvonnan, joten k\u00e4ytt\u00e4j\u00e4t ovat aina tietoisia ja odottamattomia keskeytyksi\u00e4 v\u00e4ltet\u00e4\u00e4n. Kirkas ja kirkas n\u00e4ytt\u00f6 on helppo lukea my\u00f6s heikossa valaistuksessa.<\/p>\n<h3>Maun muutos: Triple Taste System<\/h3>\n<p>Innovatiivinen Triple Taste Systemin avulla voit vaihtaa kolmen eri maun v\u00e4lill\u00e4 yhdess\u00e4 laitteessa ilman, ett\u00e4 sinun tarvitsee ostaa lis\u00e4laitteita. Yksinkertainen k\u00e4\u00e4nt\u00f6mekanismi aktivoi halutun maun, joka tarjoaa vaihtelua ja yksil\u00f6llist\u00e4 kokemusta.<\/p>\n<h2>Erilaisia makuja<\/h2>\n<p>Waspe 60000 60K Puffs tarjoaa valikoiman 12 ainutlaatuista makuyhdistelm\u00e4\u00e4, joissa on jokaiseen makuun. Jokainen yhdistelm\u00e4 koostuu kolmesta mausta, joita voidaan vaihtaa saumattomasti monipuolisen kokemuksen takaamiseksi. Saatavilla olevat maut ovat:<\/p>\n<ul>\n<li>vesimelonij\u00e4\u00e4 &amp; mansikka Kiwi &amp; Lemon Lime<\/li>\n<li>Mansikkavesimeloni &amp; mansikkavadelma karkki ja viiniryp\u00e4lej\u00e4\u00e4<\/li>\n<li>Blueberry Ice &amp; Black Dragon Ice &amp; Fizzy Cherry Ice<\/li>\n<li>Mansikkavadelmakirsikka &amp; rakkaus 666 &amp; kirsikkakarkkij\u00e4\u00e4<\/li>\n<li>Peach Ice &amp; Pineapple Mango Peach &amp; Cranberry Lemon<\/li>\n<li>Red Bull Ice &amp; Strawberry Mango &amp; Mansikka vesimeloni vaahto<\/li>\n<li>Sekoitettuja marjoja &amp; kumikarhuja ja sekoitettuja hedelmi\u00e4<\/li>\n<li>Triple Melon Ice &amp; Rainbow Candy &amp; Blueberry Candy<\/li>\n<li>Grape Ice &amp; Mansikkakarkki &amp; Mansikka Vadelma Kirsikka<\/li>\n<li>Mansikkabanaani &amp; ananas kookosj\u00e4\u00e4 &amp; mangoj\u00e4\u00e4<\/li>\n<li>Cherry Cola Ice &amp; Strawberry Coke &amp; Cola Ice<\/li>\n<li>mustikka vadelma &amp; mustikka hattara &amp; tuplaomena j\u00e4\u00e4<\/li>\n<\/ul>\n<div id=\"attachment_11824\" style=\"width: 810px\" class=\"wp-caption alignnone\"><img fetchpriority=\"high\" decoding=\"async\" aria-describedby=\"caption-attachment-11824\" class=\"wp-image-11824 size-large\" title=\"waspe 60000 60k puffaa\" src=\"https:\/\/shopvapor.de\/wp-content\/uploads\/2025\/07\/Waspe-60000-60K-Puffs-800x800.webp\" alt=\"waspe 60000 60k puffaa\" width=\"800\" height=\"800\" srcset=\"https:\/\/shopvapor.de\/wp-content\/uploads\/2025\/07\/Waspe-60000-60K-Puffs-800x800.webp 800w, https:\/\/shopvapor.de\/wp-content\/uploads\/2025\/07\/Waspe-60000-60K-Puffs-300x300.webp 300w, https:\/\/shopvapor.de\/wp-content\/uploads\/2025\/07\/Waspe-60000-60K-Puffs-150x150.webp 150w, https:\/\/shopvapor.de\/wp-content\/uploads\/2025\/07\/Waspe-60000-60K-Puffs-768x768.webp 768w, https:\/\/shopvapor.de\/wp-content\/uploads\/2025\/07\/Waspe-60000-60K-Puffs-430x430.webp 430w, https:\/\/shopvapor.de\/wp-content\/uploads\/2025\/07\/Waspe-60000-60K-Puffs-700x700.webp 700w, https:\/\/shopvapor.de\/wp-content\/uploads\/2025\/07\/Waspe-60000-60K-Puffs-180x180.webp 180w, https:\/\/shopvapor.de\/wp-content\/uploads\/2025\/07\/Waspe-60000-60K-Puffs.webp 1500w\" sizes=\"(max-width: 800px) 100vw, 800px\" \/><p id=\"caption-attachment-11824\" class=\"wp-caption-text\">\u00a0<\/p><\/div>\n<h2>Usein kysytyt kysymykset (FAQ)<\/h2>\n<p>Jotta saat parhaan mahdollisen kokemuksen WASPE 60000 60K Puffsista, olemme koonneet t\u00e4st\u00e4 tuotteesta useimmin kysytyt kysymykset.<\/p>\n<p><strong>Kuinka kauan ampiainen 60000 kest\u00e4\u00e4 60k puffaa?<\/strong><br \/>\nWaspe 60000 tarjoaa jopa 60 000 junaa, jotka voivat kest\u00e4\u00e4 viikkoja tai jopa kuukausia k\u00e4ytt\u00f6tiheydest\u00e4 riippuen. Tarkka kesto riippuu yksil\u00f6n k\u00e4yt\u00f6st\u00e4.<\/p>\n<p><strong>Kuinka vaihdan makujen v\u00e4lill\u00e4?<\/strong><br \/>\nTriple Taste System mahdollistaa helpon vaihtamisen suukappaletta k\u00e4\u00e4nt\u00e4m\u00e4ll\u00e4. Jokainen asento aktivoi yhden kolmesta mausta, joka toimii nopeasti ja intuitiivisesti.<\/p>\n<p><strong>Kuinka tarkistan akun ja e-nesteen tilan?<\/strong><br \/>\n\u00c4lyk\u00e4s LED-n\u00e4ytt\u00f6 n\u00e4ytt\u00e4\u00e4 nykyisen akun ja e-nesteen tilan reaaliajassa. Nopea katselu riitt\u00e4\u00e4 tarkistamaan laitteen tilan.<\/p>\n<p><strong>Kauanko akun lataus kest\u00e4\u00e4?<\/strong><br \/>\nType-C pikalataustoiminnon ansiosta 650 mAh akku latautuu yleens\u00e4 t\u00e4yteen 30-45 minuutissa k\u00e4ytetyst\u00e4 virtal\u00e4hteest\u00e4 riippuen.<\/p>\n<p><strong>Mit\u00e4 tapahtuu, kun maku on tyhj\u00e4?<\/strong><br \/>\nKolminkertainen makuj\u00e4rjestelm\u00e4 k\u00e4ytt\u00e4\u00e4 erillisi\u00e4 kammioita jokaiselle maulle, mutta se on liitetty samaan 54 ml:n s\u00e4ili\u00f6\u00f6n. Kun e-neste on k\u00e4ytetty loppuun, kaikki maut kuluvat loppuun, mik\u00e4 n\u00e4kyy LED-n\u00e4yt\u00f6ll\u00e4.<\/p>\n<p><strong>Sopiiko waspe 60000 p\u00e4ivitt\u00e4iseen k\u00e4ytt\u00f6\u00f6n?<\/strong><br \/>\nKyll\u00e4, suuri junakapasiteetti, ladattava akku ja kompakti muotoilu tekev\u00e4t Waspe 60000:sta ihanteellisen jokap\u00e4iv\u00e4iseen k\u00e4ytt\u00f6\u00f6n, joko kotona tai tien p\u00e4\u00e4ll\u00e4.<\/p>\n<p><strong>Mik\u00e4 nikotiinivahvuus minun pit\u00e4isi valita?<\/strong><br \/>\nNikotiinin voimakkuuden (0%, 2% tai 5%) valinta riippuu henkil\u00f6kohtaisista mieltymyksist\u00e4si. 0% sopii erinomaisesti nikotiinittomaan nautintoon, kun taas 2% ja 5% sopivat k\u00e4ytt\u00e4jille, jotka haluavat vahvemman kokemuksen.<\/p>","protected":false},"excerpt":{"rendered":"<p dir=\"auto\">Waspe 60000 60K Puffs Kertak\u00e4ytt\u00f6inen e-savuke, jossa on jopa 60 000 siirtoa, 54 ml E-nestett\u00e4, 650 mAh Type-C akku, kolminkertainen verkkokela ja LED-n\u00e4ytt\u00f6. Kolminkertainen makuj\u00e4rjestelm\u00e4 intensiiviseen nautintoon.<\/p>","protected":false},"featured_media":10172,"comment_status":"open","ping_status":"closed","template":"","meta":[],"product_brand":[1158],"product_cat":[1160],"product_tag":[977,973,975,952,951],"class_list":{"0":"post-10170","1":"product","2":"type-product","3":"status-publish","4":"has-post-thumbnail","6":"product_brand-waspe","7":"product_cat-60000-puffs","8":"product_tag-60k-puffs","9":"product_tag-triple-flavors","10":"product_tag-triple-mesh-coil","11":"product_tag-type-c","12":"product_tag-with-display","14":"first","15":"instock","16":"sale","17":"shipping-taxable","18":"purchasable","19":"product-type-variable"},"yoast_head":"<!-- This site is optimized with the Yoast SEO plugin v25.8 - https:\/\/yoast.com\/wordpress\/plugins\/seo\/ -->\n<title>Waspe 60000 60K Puffs 54ml Einweg-E-Zigaretten Original - ShopVapor<\/title>\n<meta name=\"description\" content=\"WASPE 60000 60K Puffs Einweg-E-Zigarette mit bis zu 60.000 Z\u00fcgen, 54 ml E-Liquid, 650 mAh Typ-C-Batterie, Dreifach-Mesh-Coils und LED-Display. Dreifach-Geschmackssystem f\u00fcr intensiven Genuss.\" \/>\n<meta name=\"robots\" content=\"index, follow, max-snippet:-1, max-image-preview:large, max-video-preview:-1\" \/>\n<link rel=\"canonical\" href=\"https:\/\/shopvapor.de\/fi\/product\/waspe-60000-60k-puffs-54ml-kertakaeyttoeiset-e-savukkeet-alkuperaeinen\/\" \/>\n<meta property=\"og:locale\" content=\"fi_FI\" \/>\n<meta property=\"og:type\" content=\"article\" \/>\n<meta property=\"og:title\" content=\"Waspe 60000 60K Puffs 54ml Einweg-E-Zigaretten Original - ShopVapor\" \/>\n<meta property=\"og:description\" content=\"WASPE 60000 60K Puffs Einweg-E-Zigarette mit bis zu 60.000 Z\u00fcgen, 54 ml E-Liquid, 650 mAh Typ-C-Batterie, Dreifach-Mesh-Coils und LED-Display. Dreifach-Geschmackssystem f\u00fcr intensiven Genuss.\" \/>\n<meta property=\"og:url\" content=\"https:\/\/shopvapor.de\/fi\/product\/waspe-60000-60k-puffs-54ml-kertakaeyttoeiset-e-savukkeet-alkuperaeinen\/\" \/>\n<meta property=\"og:site_name\" content=\"ShopVapor\" \/>\n<meta property=\"article:modified_time\" content=\"2025-07-15T06:14:27+00:00\" \/>\n<meta property=\"og:image\" content=\"https:\/\/shopvapor.de\/wp-content\/uploads\/2025\/07\/waspe-60000-60k-puffs-54ml-einweg-e-zigaretten-original-2.jpg\" \/>\n\t<meta property=\"og:image:width\" content=\"1000\" \/>\n\t<meta property=\"og:image:height\" content=\"1000\" \/>\n\t<meta property=\"og:image:type\" content=\"image\/jpeg\" \/>\n<meta name=\"twitter:card\" content=\"summary_large_image\" \/>\n<meta name=\"twitter:label1\" content=\"Arvioitu lukuaika\" \/>\n\t<meta name=\"twitter:data1\" content=\"5 minuuttia\" \/>\n<!-- \/ Yoast SEO plugin. -->","yoast_head_json":{"title":"waspe 60000 60k puffs 54ml kertak\u00e4ytt\u00f6iset e-savukkeet alkuper\u00e4inen - shopvapor","description":"Waspe 60000 60K Puffs Kertak\u00e4ytt\u00f6inen e-savuke, jossa on jopa 60 000 siirtoa, 54 ml E-nestett\u00e4, 650 mAh Type-C akku, kolminkertainen verkkokela ja LED-n\u00e4ytt\u00f6. Kolminkertainen makuj\u00e4rjestelm\u00e4 intensiiviseen nautintoon.","robots":{"index":"index","follow":"follow","max-snippet":"max-snippet:-1","max-image-preview":"max-image-preview:large","max-video-preview":"max-video-preview:-1"},"canonical":"https:\/\/shopvapor.de\/fi\/product\/waspe-60000-60k-puffs-54ml-kertakaeyttoeiset-e-savukkeet-alkuperaeinen\/","og_locale":"fi_FI","og_type":"article","og_title":"Waspe 60000 60K Puffs 54ml Einweg-E-Zigaretten Original - ShopVapor","og_description":"WASPE 60000 60K Puffs Einweg-E-Zigarette mit bis zu 60.000 Z\u00fcgen, 54 ml E-Liquid, 650 mAh Typ-C-Batterie, Dreifach-Mesh-Coils und LED-Display. Dreifach-Geschmackssystem f\u00fcr intensiven Genuss.","og_url":"https:\/\/shopvapor.de\/fi\/product\/waspe-60000-60k-puffs-54ml-kertakaeyttoeiset-e-savukkeet-alkuperaeinen\/","og_site_name":"ShopVapor","article_modified_time":"2025-07-15T06:14:27+00:00","og_image":[{"width":1000,"height":1000,"url":"https:\/\/shopvapor.de\/wp-content\/uploads\/2025\/07\/waspe-60000-60k-puffs-54ml-einweg-e-zigaretten-original-2.jpg","type":"image\/jpeg"}],"twitter_card":"summary_large_image","twitter_misc":{"Arvioitu lukuaika":"5 minuuttia"},"schema":{"@context":"https:\/\/schema.org","@graph":[{"@type":"WebPage","@id":"https:\/\/shopvapor.de\/produkt\/waspe-60000-60k-puffs-54ml-einweg-e-zigaretten-original\/","url":"https:\/\/shopvapor.de\/produkt\/waspe-60000-60k-puffs-54ml-einweg-e-zigaretten-original\/","name":"waspe 60000 60k puffs 54ml kertak\u00e4ytt\u00f6iset e-savukkeet alkuper\u00e4inen - shopvapor","isPartOf":{"@id":"https:\/\/shopvapor.de\/#website"},"primaryImageOfPage":{"@id":"https:\/\/shopvapor.de\/produkt\/waspe-60000-60k-puffs-54ml-einweg-e-zigaretten-original\/#primaryimage"},"image":{"@id":"https:\/\/shopvapor.de\/produkt\/waspe-60000-60k-puffs-54ml-einweg-e-zigaretten-original\/#primaryimage"},"thumbnailUrl":"https:\/\/shopvapor.de\/wp-content\/uploads\/2025\/07\/waspe-60000-60k-puffs-54ml-einweg-e-zigaretten-original-2.jpg","datePublished":"2025-07-02T07:30:03+00:00","dateModified":"2025-07-15T06:14:27+00:00","description":"Waspe 60000 60K Puffs Kertak\u00e4ytt\u00f6inen e-savuke, jossa on jopa 60 000 siirtoa, 54 ml E-nestett\u00e4, 650 mAh Type-C akku, kolminkertainen verkkokela ja LED-n\u00e4ytt\u00f6. Kolminkertainen makuj\u00e4rjestelm\u00e4 intensiiviseen nautintoon.","breadcrumb":{"@id":"https:\/\/shopvapor.de\/produkt\/waspe-60000-60k-puffs-54ml-einweg-e-zigaretten-original\/#breadcrumb"},"inLanguage":"fi","potentialAction":[{"@type":"ReadAction","target":["https:\/\/shopvapor.de\/produkt\/waspe-60000-60k-puffs-54ml-einweg-e-zigaretten-original\/"]}]},{"@type":"ImageObject","inLanguage":"fi","@id":"https:\/\/shopvapor.de\/produkt\/waspe-60000-60k-puffs-54ml-einweg-e-zigaretten-original\/#primaryimage","url":"https:\/\/shopvapor.de\/wp-content\/uploads\/2025\/07\/waspe-60000-60k-puffs-54ml-einweg-e-zigaretten-original-2.jpg","contentUrl":"https:\/\/shopvapor.de\/wp-content\/uploads\/2025\/07\/waspe-60000-60k-puffs-54ml-einweg-e-zigaretten-original-2.jpg","width":1000,"height":1000},{"@type":"BreadcrumbList","@id":"https:\/\/shopvapor.de\/produkt\/waspe-60000-60k-puffs-54ml-einweg-e-zigaretten-original\/#breadcrumb","itemListElement":[{"@type":"ListItem","position":1,"name":"Startseite","item":"https:\/\/shopvapor.de\/"},{"@type":"ListItem","position":2,"name":"Shop","item":"https:\/\/shopvapor.de\/shop\/"},{"@type":"ListItem","position":3,"name":"Waspe 60000 60K Puffs 54ml Einweg-E-Zigaretten Original"}]},{"@type":"WebSite","@id":"https:\/\/shopvapor.de\/#website","url":"https:\/\/shopvapor.de\/","name":"ShopVapor","description":"","potentialAction":[{"@type":"SearchAction","target":{"@type":"EntryPoint","urlTemplate":"https:\/\/shopvapor.de\/?s={search_term_string}"},"query-input":{"@type":"PropertyValueSpecification","valueRequired":true,"valueName":"search_term_string"}}],"inLanguage":"fi"}]}},"_links":{"self":[{"href":"https:\/\/shopvapor.de\/fi\/wp-json\/wp\/v2\/product\/10170","targetHints":{"allow":["GET"]}}],"collection":[{"href":"https:\/\/shopvapor.de\/fi\/wp-json\/wp\/v2\/product"}],"about":[{"href":"https:\/\/shopvapor.de\/fi\/wp-json\/wp\/v2\/types\/product"}],"replies":[{"embeddable":true,"href":"https:\/\/shopvapor.de\/fi\/wp-json\/wp\/v2\/comments?post=10170"}],"version-history":[{"count":3,"href":"https:\/\/shopvapor.de\/fi\/wp-json\/wp\/v2\/product\/10170\/revisions"}],"predecessor-version":[{"id":11825,"href":"https:\/\/shopvapor.de\/fi\/wp-json\/wp\/v2\/product\/10170\/revisions\/11825"}],"wp:featuredmedia":[{"embeddable":true,"href":"https:\/\/shopvapor.de\/fi\/wp-json\/wp\/v2\/media\/10172"}],"wp:attachment":[{"href":"https:\/\/shopvapor.de\/fi\/wp-json\/wp\/v2\/media?parent=10170"}],"wp:term":[{"taxonomy":"product_brand","embeddable":true,"href":"https:\/\/shopvapor.de\/fi\/wp-json\/wp\/v2\/product_brand?post=10170"},{"taxonomy":"product_cat","embeddable":true,"href":"https:\/\/shopvapor.de\/fi\/wp-json\/wp\/v2\/product_cat?post=10170"},{"taxonomy":"product_tag","embeddable":true,"href":"https:\/\/shopvapor.de\/fi\/wp-json\/wp\/v2\/product_tag?post=10170"}],"curies":[{"name":"pukki","href":"https:\/\/api.w.org\/{rel}","templated":true}]}}