{"id":10420,"date":"2025-07-02T07:32:12","date_gmt":"2025-07-02T07:32:12","guid":{"rendered":"https:\/\/shopvapor.de\/?post_type=product&#038;p=10420"},"modified":"2025-07-15T04:00:29","modified_gmt":"2025-07-15T04:00:29","slug":"waspe-20000-20k-puffs-dual-mesh-laatikko-kertakaeyttoeinen-e-savuke-alkuperaeinen","status":"publish","type":"product","link":"https:\/\/shopvapor.de\/fi\/product\/waspe-20000-20k-puffs-dual-mesh-laatikko-kertakaeyttoeinen-e-savuke-alkuperaeinen\/","title":{"rendered":"waspe 20000 20k puffs kaksoisverkko laatikko kertak\u00e4ytt\u00f6inen e-savuke alkuper\u00e4inen"},"content":{"rendered":"<h2>Johdatus ampiaiseen 20000 Puffs Kertak\u00e4ytt\u00f6inen e-savuke<\/h2>\n<p>Waspe 20000 Puffs kertak\u00e4ytt\u00f6inen e-savuke tarjoaa vaikuttavan yhdistelm\u00e4n pitk\u00e4ik\u00e4isyytt\u00e4, intensiivist\u00e4 makua ja k\u00e4ytt\u00e4j\u00e4yst\u00e4v\u00e4llist\u00e4 muotoilua. T\u00e4m\u00e4 laite, jonka kapasiteetti on jopa 20 000 junaa ja erilaisia makuja, vetoaa vaativiin k\u00e4ytt\u00e4jiin, jotka arvostavat laatua ja mukavuutta. Waspe-br\u00e4ndi tarkoittaa innovatiivista teknologiaa ja luotettavaa suorituskyky\u00e4, mik\u00e4 tekee t\u00e4st\u00e4 tuotteesta ensiluokkaisen valinnan yst\u00e4ville. Kehittyneen kaksiverkkoisen kelateknologian ja tehokkaan akun ansiosta Waspe 20000 Puffs tarjoaa yhten\u00e4isen ja tyylikk\u00e4\u00e4n kokemuksen aina viimeiseen junaan asti.<\/p>\n<h2>wasp 20000 puffs tuoteparametrit<\/h2>\n<p>Waspe 20000 Puffs on varustettu teknisill\u00e4 ominaisuuksilla, jotka takaavat optimaalisen suorituskyvyn ja helppok\u00e4ytt\u00f6isyyden. T\u00e4rkeimm\u00e4t parametrit on kuvattu alla t\u00e4m\u00e4n laitteen vahvuuksien korostamiseksi.<\/p>\n<h3>Junakapasiteetti: Jopa 20 000 junaa<\/h3>\n<p>Jopa 20 000 junaa sis\u00e4lt\u00e4v\u00e4 Waspe 20000 Puffs tarjoaa poikkeuksellisen pitk\u00e4n k\u00e4ytt\u00f6i\u00e4n. T\u00e4m\u00e4 suuri junien m\u00e4\u00e4r\u00e4 mahdollistaa laitteen k\u00e4yt\u00f6n pidemm\u00e4n aikaa ilman vaihtoa. Jatkuva suorituskyky varmistaa, ett\u00e4 jokainen juna tarjoaa saman intensiteetin ja maun laadun, mik\u00e4 erottaa ampiaisen muista kertak\u00e4ytt\u00f6isist\u00e4 e-savukkeista.<\/p>\n<h3>E-nesteen kapasiteetti: 24 ml<\/h3>\n<p>Laite on esit\u00e4ytetty 24 ml:lla korkealaatuista e-nestett\u00e4, joka on runsas m\u00e4\u00e4r\u00e4 pitk\u00e4kestoiseen nautintoon. T\u00e4m\u00e4 kapasiteetti minimoi t\u00e4ytt\u00f6tarpeen ja tukee suurta junien m\u00e4\u00e4r\u00e4\u00e4. E-Liquid on erityisesti suunniteltu harmonisoitumaan kaksoisverkkokierteiden kanssa ja antamaan intensiivisen, puhtaan maun.<\/p>\n<h3>Nikotiinin vahvuus: 0 %, 2 %, 3 %, 5 %<\/h3>\n<p>Waspe 20000 Puffs on saatavana nelj\u00e4ll\u00e4 nikotiinivahvuudella (0 %, 2 %, 3 %, 5 %) k\u00e4ytt\u00e4jien yksil\u00f6llisten mieltymysten mukaan. T\u00e4m\u00e4n joustavuuden avulla voit s\u00e4\u00e4t\u00e4\u00e4 nikotiinin voimakkuutta henkil\u00f6kohtaisten tarpeidesi mukaan, olipa kyseess\u00e4 nikotiiniton kokemus tai vahvempi vaikutus. Jokainen vaihtoehto on annosteltu tarkasti tasaisen laadun varmistamiseksi.<\/p>\n<h3>Kaksoisverkkokela: 0,8 \u03a9 resistanssi<\/h3>\n<p>Edistyksellinen kaksiverkkoinen kelateknologia, jonka resistanssi on 0,8 \u03a9, varmistaa E-nesteen tasaisen kuumenemisen, mik\u00e4 johtaa intensiiviseen makukehitykseen ja hell\u00e4varaiseen h\u00f6yryntuotantoon. T\u00e4m\u00e4 tekniikka maksimoi tehokkuuden ja pident\u00e4\u00e4 laitteen k\u00e4ytt\u00f6ik\u00e4\u00e4 tarjoamalla tasaisen suorituskyvyn koko k\u00e4ytt\u00f6i\u00e4n ajan.<\/p>\n<h3>Akku: 900 mAh, ladattava tyypin C kautta<\/h3>\n<p>Tehokas 900 mAh:n akku antaa Waspe 20000 -puvulle riitt\u00e4v\u00e4sti energiaa junan kokonaiskapasiteettiin. Mahdollisuus ladata akku nopeasti ja tehokkaasti Type-C-portin kautta takaa minimaalisen vian ja maksimaalisen mukavuuden. Type-C-portti on moderni ja laajalti k\u00e4ytetty, mik\u00e4 helpottaa k\u00e4sittely\u00e4.<\/p>\n<h3>LCD-n\u00e4ytt\u00f6: reaaliaikaiset tiedot<\/h3>\n<p>Integroitu LCD-n\u00e4ytt\u00f6 tarjoaa selke\u00e4\u00e4 tietoa akun varaustasosta, j\u00e4ljell\u00e4 olevasta E-nesteen m\u00e4\u00e4r\u00e4st\u00e4 ja junien m\u00e4\u00e4r\u00e4st\u00e4. T\u00e4m\u00e4n ominaisuuden avulla k\u00e4ytt\u00e4j\u00e4t voivat aina pit\u00e4\u00e4 silm\u00e4ll\u00e4 laitteen tilaa ja suunnitella niiden k\u00e4ytt\u00f6\u00e4 sen mukaan. N\u00e4ytt\u00f6 on intuitiivinen ja k\u00e4ytt\u00e4j\u00e4yst\u00e4v\u00e4llinen.<\/p>\n<h2>ampiainen 20000 puffs makuja<\/h2>\n<p>Waspe 20000 Puffs tarjoaa laajan valikoiman makuja, joista l\u00f6ytyy jokaiseen makuun. Jokainen maku on huolellisesti suunniteltu tarjoamaan intensiivinen ja aito kokemus. Saatavilla olevat maut ovat:<\/p>\n<ul>\n<li>Lush Ice: Virkist\u00e4v\u00e4 yhdistelm\u00e4 mehukasta vesimelonia ja viile\u00e4\u00e4 lopputulosta.<\/li>\n<li>Mansikkavesimeloni: Makeita mansikoita yhdistettyn\u00e4 makean vesimelonin kanssa hedelm\u00e4iseen herkkuun.<\/li>\n<li>Mustikkaj\u00e4\u00e4: Juicy mustikoita virkist\u00e4v\u00e4ll\u00e4, viile\u00e4ll\u00e4 lopputuloksella.<\/li>\n<li>Sekoitettuja marjoja: Sekoitus erilaisia marjoja monikerroksisen, hedelm\u00e4isen maun saavuttamiseksi.<\/li>\n<li>Ryp\u00e4lej\u00e4\u00e4: Makea ryp\u00e4leen maku viile\u00e4ll\u00e4 nuotilla.<\/li>\n<li>Peach Ice: Herkk\u00e4 persikkamaku virkist\u00e4v\u00e4ll\u00e4 otteella.<\/li>\n<li>Double Apple Ice: Vihre\u00e4n ja punaisen omenan sekoitus viile\u00e4ll\u00e4 viimeistelyll\u00e4.<\/li>\n<li>Mansikka Kiwi: Makeita mansikoita yhdistettyn\u00e4 kirpe\u00e4\u00e4n kiviin.<\/li>\n<li>Peach Blueberry Fudge: Kermainen sekoitus persikkaa ja mustikkaa, jossa on ripaus fudgea.<\/li>\n<li>Vadelmakirsikka: Hapokkaat vadelmat ja mehukkaat kirsikat tasapainoisen maun saavuttamiseksi.<\/li>\n<li>Mustikkavadelmalimonadi: Kuohuva limonadi mustikoiden ja vadelmien kera.<\/li>\n<li>Vesimelonikuppi: Makea vesimeloni, jossa on nostalginen purukumin maku.<\/li>\n<\/ul>\n<div id=\"attachment_11814\" style=\"width: 1010px\" class=\"wp-caption alignnone\"><img fetchpriority=\"high\" decoding=\"async\" aria-describedby=\"caption-attachment-11814\" class=\"wp-image-11814 size-full\" title=\"waspe 20000 20k puffaa\" src=\"https:\/\/shopvapor.de\/wp-content\/uploads\/2025\/07\/WASPE-20000-20K-Puffs.webp\" alt=\"waspe 20000 20k puffaa\" width=\"1000\" height=\"1000\" srcset=\"https:\/\/shopvapor.de\/wp-content\/uploads\/2025\/07\/WASPE-20000-20K-Puffs.webp 1000w, https:\/\/shopvapor.de\/wp-content\/uploads\/2025\/07\/WASPE-20000-20K-Puffs-300x300.webp 300w, https:\/\/shopvapor.de\/wp-content\/uploads\/2025\/07\/WASPE-20000-20K-Puffs-800x800.webp 800w, https:\/\/shopvapor.de\/wp-content\/uploads\/2025\/07\/WASPE-20000-20K-Puffs-150x150.webp 150w, https:\/\/shopvapor.de\/wp-content\/uploads\/2025\/07\/WASPE-20000-20K-Puffs-768x768.webp 768w, https:\/\/shopvapor.de\/wp-content\/uploads\/2025\/07\/WASPE-20000-20K-Puffs-430x430.webp 430w, https:\/\/shopvapor.de\/wp-content\/uploads\/2025\/07\/WASPE-20000-20K-Puffs-700x700.webp 700w, https:\/\/shopvapor.de\/wp-content\/uploads\/2025\/07\/WASPE-20000-20K-Puffs-180x180.webp 180w\" sizes=\"(max-width: 1000px) 100vw, 1000px\" \/><p id=\"caption-attachment-11814\" class=\"wp-caption-text\">\u00a0<\/p><\/div>\n<h2>Usein kysytyt kysymykset (FAQ) noin waspe 20000 puffs<\/h2>\n<p>Vastataksemme mahdollisiin k\u00e4ytt\u00e4jien kysymyksiin olemme koonneet yleisimm\u00e4t huolenaiheet erityisesti WASPE 20000 -puffeista.<\/p>\n<p><strong>Kuinka kauan ampiainen kest\u00e4\u00e4 20000 puffaa?<\/strong><br \/>\nElinik\u00e4 riippuu k\u00e4ytt\u00f6tiheydest\u00e4. keskim\u00e4\u00e4r\u00e4isell\u00e4 k\u00e4yt\u00f6ss\u00e4 (noin 300 -500 junaa p\u00e4iv\u00e4ss\u00e4), laite voi kest\u00e4\u00e4 useita viikkoja, sill\u00e4 se tarjoaa jopa 20 000 junaa.<\/p>\n<p><strong>Onko akku todella ladattava ja kuinka usein se pit\u00e4\u00e4 ladata?<\/strong><br \/>\nKyll\u00e4, 900 mAh akku on ladattavissa Type-C:n kautta. Lataustiheys vaihtelee k\u00e4yt\u00f6n mukaan, mutta yleens\u00e4 yksi lataus riitt\u00e4\u00e4 useiden p\u00e4ivien intensiiviseen k\u00e4ytt\u00f6\u00f6n.<\/p>\n<p><strong>Voinko muuttaa makua k\u00e4yt\u00f6n aikana?<\/strong><br \/>\nEi, Waspe 20000 Puffs on kertak\u00e4ytt\u00f6inen laite, jossa on kiinte\u00e4 maku laitekohtaisesti. Ei ole olemassa kaksoismakuj\u00e4rjestelm\u00e4\u00e4 kuten muut mallit.<\/p>\n<p><strong>Mit\u00e4 tapahtuu, jos e-neste kuluu ennen 20 000 junaa?<\/strong><br \/>\n24 ml:n e-neste on koordinoitu tukemaan 20 000 junaa. Jos e-neste kuluu odottamatta aiemmin, ota yhteytt\u00e4 asiakaspalveluun, sill\u00e4 kyseess\u00e4 voi olla tuotantovirhe.<\/p>\n<p><strong>Onko LCD-n\u00e4ytt\u00f6 aina aktiivinen ja vaikuttaa akun kestoon?<\/strong><br \/>\nLCD-n\u00e4ytt\u00f6 aktivoituu vain k\u00e4yt\u00f6n aikana tai kun tarkistetaan tilaa akun s\u00e4\u00e4st\u00e4miseksi. Sill\u00e4 on minimaalinen vaikutus akun kestoon.<\/p>\n<p><strong>Onko kaikkia makuja saatavilla kaikissa nikotiinivahvuuksissa?<\/strong><br \/>\nKyll\u00e4, kaikki 12 makua ovat saatavilla nikotiinivahvuuksilla 0 %, 2 %, 3 % ja 5 %, jotta voit valita haluamasi yhdistelm\u00e4n.<\/p>\n<p><strong>Kuinka h\u00e4vit\u00e4n waspe 20000 -puvut k\u00e4yt\u00f6n j\u00e4lkeen?<\/strong><br \/>\nLaite tulee h\u00e4vitt\u00e4\u00e4 paikallisten elektroniikkaj\u00e4tem\u00e4\u00e4r\u00e4ysten mukaisesti. \u00c4l\u00e4 irrota akkua itse, vaan luovuta laite s\u00e4hk\u00f6laitteiden ker\u00e4yspisteeseen.<\/p>","protected":false},"excerpt":{"rendered":"<p dir=\"auto\">WASP 20000 Puffs Kertak\u00e4ytt\u00f6inen e-savuke, jossa on jopa 20 000 puffia, 24 ml e-nestett\u00e4, kaksiverkkokeloja, 900 mAh ladattava akku ja LCD-n\u00e4ytt\u00f6. Saatavana 12 maku- ja nikotiinivahvuudeksi 0 % - 5 %.<\/p>","protected":false},"featured_media":10424,"comment_status":"open","ping_status":"closed","template":"","meta":[],"product_brand":[1158],"product_cat":[1164],"product_tag":[957,959],"class_list":{"0":"post-10420","1":"product","2":"type-product","3":"status-publish","4":"has-post-thumbnail","6":"product_brand-waspe","7":"product_cat-20000-puffs","8":"product_tag-20k-puffs","9":"product_tag-more-than-10kpuffs","11":"first","12":"instock","13":"sale","14":"shipping-taxable","15":"purchasable","16":"product-type-variable"},"yoast_head":"<!-- This site is optimized with the Yoast SEO plugin v25.8 - https:\/\/yoast.com\/wordpress\/plugins\/seo\/ -->\n<title>WASPE 20000 20K Puffs Dual Mesh Box Einweg-E-Zigarette Original - ShopVapor<\/title>\n<meta name=\"description\" content=\"WASPE 20000 PUFFS Einweg-E-Zigarette mit bis zu 20.000 Z\u00fcgen, 24 ml E-Liquid, Dual-Mesh-Coils, 900 mAh wiederaufladbarem Akku und LCD-Display. Erh\u00e4ltlich in 12 Geschmacksrichtungen und Nikotinst\u00e4rken von 0 % bis 5 %.\" \/>\n<meta name=\"robots\" content=\"index, follow, max-snippet:-1, max-image-preview:large, max-video-preview:-1\" \/>\n<link rel=\"canonical\" href=\"https:\/\/shopvapor.de\/fi\/product\/waspe-20000-20k-puffs-dual-mesh-laatikko-kertakaeyttoeinen-e-savuke-alkuperaeinen\/\" \/>\n<meta property=\"og:locale\" content=\"fi_FI\" \/>\n<meta property=\"og:type\" content=\"article\" \/>\n<meta property=\"og:title\" content=\"WASPE 20000 20K Puffs Dual Mesh Box Einweg-E-Zigarette Original - ShopVapor\" \/>\n<meta property=\"og:description\" content=\"WASPE 20000 PUFFS Einweg-E-Zigarette mit bis zu 20.000 Z\u00fcgen, 24 ml E-Liquid, Dual-Mesh-Coils, 900 mAh wiederaufladbarem Akku und LCD-Display. Erh\u00e4ltlich in 12 Geschmacksrichtungen und Nikotinst\u00e4rken von 0 % bis 5 %.\" \/>\n<meta property=\"og:url\" content=\"https:\/\/shopvapor.de\/fi\/product\/waspe-20000-20k-puffs-dual-mesh-laatikko-kertakaeyttoeinen-e-savuke-alkuperaeinen\/\" \/>\n<meta property=\"og:site_name\" content=\"ShopVapor\" \/>\n<meta property=\"article:modified_time\" content=\"2025-07-15T04:00:29+00:00\" \/>\n<meta property=\"og:image\" content=\"https:\/\/shopvapor.de\/wp-content\/uploads\/2025\/07\/waspe-20000-20k-puffs-dual-mesh-box-einweg-e-zigarette-original-10.png\" \/>\n\t<meta property=\"og:image:width\" content=\"800\" \/>\n\t<meta property=\"og:image:height\" content=\"610\" \/>\n\t<meta property=\"og:image:type\" content=\"image\/png\" \/>\n<meta name=\"twitter:card\" content=\"summary_large_image\" \/>\n<meta name=\"twitter:label1\" content=\"Arvioitu lukuaika\" \/>\n\t<meta name=\"twitter:data1\" content=\"5 minuuttia\" \/>\n<!-- \/ Yoast SEO plugin. -->","yoast_head_json":{"title":"Waspe 20000 20K Puffs Dual Mesh Box Kertak\u00e4ytt\u00f6inen E-savuke Alkuper\u00e4inen - Shopvapor","description":"WASP 20000 Puffs Kertak\u00e4ytt\u00f6inen e-savuke, jossa on jopa 20 000 puffia, 24 ml e-nestett\u00e4, kaksiverkkokeloja, 900 mAh ladattava akku ja LCD-n\u00e4ytt\u00f6. Saatavana 12 maku- ja nikotiinivahvuudeksi 0 % - 5 %.","robots":{"index":"index","follow":"follow","max-snippet":"max-snippet:-1","max-image-preview":"max-image-preview:large","max-video-preview":"max-video-preview:-1"},"canonical":"https:\/\/shopvapor.de\/fi\/product\/waspe-20000-20k-puffs-dual-mesh-laatikko-kertakaeyttoeinen-e-savuke-alkuperaeinen\/","og_locale":"fi_FI","og_type":"article","og_title":"WASPE 20000 20K Puffs Dual Mesh Box Einweg-E-Zigarette Original - ShopVapor","og_description":"WASPE 20000 PUFFS Einweg-E-Zigarette mit bis zu 20.000 Z\u00fcgen, 24 ml E-Liquid, Dual-Mesh-Coils, 900 mAh wiederaufladbarem Akku und LCD-Display. Erh\u00e4ltlich in 12 Geschmacksrichtungen und Nikotinst\u00e4rken von 0 % bis 5 %.","og_url":"https:\/\/shopvapor.de\/fi\/product\/waspe-20000-20k-puffs-dual-mesh-laatikko-kertakaeyttoeinen-e-savuke-alkuperaeinen\/","og_site_name":"ShopVapor","article_modified_time":"2025-07-15T04:00:29+00:00","og_image":[{"width":800,"height":610,"url":"https:\/\/shopvapor.de\/wp-content\/uploads\/2025\/07\/waspe-20000-20k-puffs-dual-mesh-box-einweg-e-zigarette-original-10.png","type":"image\/png"}],"twitter_card":"summary_large_image","twitter_misc":{"Arvioitu lukuaika":"5 minuuttia"},"schema":{"@context":"https:\/\/schema.org","@graph":[{"@type":"WebPage","@id":"https:\/\/shopvapor.de\/produkt\/waspe-20000-20k-puffs-dual-mesh-box-einweg-e-zigarette-original\/","url":"https:\/\/shopvapor.de\/produkt\/waspe-20000-20k-puffs-dual-mesh-box-einweg-e-zigarette-original\/","name":"Waspe 20000 20K Puffs Dual Mesh Box Kertak\u00e4ytt\u00f6inen E-savuke Alkuper\u00e4inen - Shopvapor","isPartOf":{"@id":"https:\/\/shopvapor.de\/#website"},"primaryImageOfPage":{"@id":"https:\/\/shopvapor.de\/produkt\/waspe-20000-20k-puffs-dual-mesh-box-einweg-e-zigarette-original\/#primaryimage"},"image":{"@id":"https:\/\/shopvapor.de\/produkt\/waspe-20000-20k-puffs-dual-mesh-box-einweg-e-zigarette-original\/#primaryimage"},"thumbnailUrl":"https:\/\/shopvapor.de\/wp-content\/uploads\/2025\/07\/waspe-20000-20k-puffs-dual-mesh-box-einweg-e-zigarette-original-10.png","datePublished":"2025-07-02T07:32:12+00:00","dateModified":"2025-07-15T04:00:29+00:00","description":"WASP 20000 Puffs Kertak\u00e4ytt\u00f6inen e-savuke, jossa on jopa 20 000 puffia, 24 ml e-nestett\u00e4, kaksiverkkokeloja, 900 mAh ladattava akku ja LCD-n\u00e4ytt\u00f6. Saatavana 12 maku- ja nikotiinivahvuudeksi 0 % - 5 %.","breadcrumb":{"@id":"https:\/\/shopvapor.de\/produkt\/waspe-20000-20k-puffs-dual-mesh-box-einweg-e-zigarette-original\/#breadcrumb"},"inLanguage":"fi","potentialAction":[{"@type":"ReadAction","target":["https:\/\/shopvapor.de\/produkt\/waspe-20000-20k-puffs-dual-mesh-box-einweg-e-zigarette-original\/"]}]},{"@type":"ImageObject","inLanguage":"fi","@id":"https:\/\/shopvapor.de\/produkt\/waspe-20000-20k-puffs-dual-mesh-box-einweg-e-zigarette-original\/#primaryimage","url":"https:\/\/shopvapor.de\/wp-content\/uploads\/2025\/07\/waspe-20000-20k-puffs-dual-mesh-box-einweg-e-zigarette-original-10.png","contentUrl":"https:\/\/shopvapor.de\/wp-content\/uploads\/2025\/07\/waspe-20000-20k-puffs-dual-mesh-box-einweg-e-zigarette-original-10.png","width":800,"height":610},{"@type":"BreadcrumbList","@id":"https:\/\/shopvapor.de\/produkt\/waspe-20000-20k-puffs-dual-mesh-box-einweg-e-zigarette-original\/#breadcrumb","itemListElement":[{"@type":"ListItem","position":1,"name":"Startseite","item":"https:\/\/shopvapor.de\/"},{"@type":"ListItem","position":2,"name":"Shop","item":"https:\/\/shopvapor.de\/shop\/"},{"@type":"ListItem","position":3,"name":"WASPE 20000 20K Puffs Dual Mesh Box Einweg-E-Zigarette Original"}]},{"@type":"WebSite","@id":"https:\/\/shopvapor.de\/#website","url":"https:\/\/shopvapor.de\/","name":"ShopVapor","description":"","potentialAction":[{"@type":"SearchAction","target":{"@type":"EntryPoint","urlTemplate":"https:\/\/shopvapor.de\/?s={search_term_string}"},"query-input":{"@type":"PropertyValueSpecification","valueRequired":true,"valueName":"search_term_string"}}],"inLanguage":"fi"}]}},"_links":{"self":[{"href":"https:\/\/shopvapor.de\/fi\/wp-json\/wp\/v2\/product\/10420","targetHints":{"allow":["GET"]}}],"collection":[{"href":"https:\/\/shopvapor.de\/fi\/wp-json\/wp\/v2\/product"}],"about":[{"href":"https:\/\/shopvapor.de\/fi\/wp-json\/wp\/v2\/types\/product"}],"replies":[{"embeddable":true,"href":"https:\/\/shopvapor.de\/fi\/wp-json\/wp\/v2\/comments?post=10420"}],"version-history":[{"count":3,"href":"https:\/\/shopvapor.de\/fi\/wp-json\/wp\/v2\/product\/10420\/revisions"}],"predecessor-version":[{"id":11815,"href":"https:\/\/shopvapor.de\/fi\/wp-json\/wp\/v2\/product\/10420\/revisions\/11815"}],"wp:featuredmedia":[{"embeddable":true,"href":"https:\/\/shopvapor.de\/fi\/wp-json\/wp\/v2\/media\/10424"}],"wp:attachment":[{"href":"https:\/\/shopvapor.de\/fi\/wp-json\/wp\/v2\/media?parent=10420"}],"wp:term":[{"taxonomy":"product_brand","embeddable":true,"href":"https:\/\/shopvapor.de\/fi\/wp-json\/wp\/v2\/product_brand?post=10420"},{"taxonomy":"product_cat","embeddable":true,"href":"https:\/\/shopvapor.de\/fi\/wp-json\/wp\/v2\/product_cat?post=10420"},{"taxonomy":"product_tag","embeddable":true,"href":"https:\/\/shopvapor.de\/fi\/wp-json\/wp\/v2\/product_tag?post=10420"}],"curies":[{"name":"pukki","href":"https:\/\/api.w.org\/{rel}","templated":true}]}}