{"id":10602,"date":"2025-07-02T07:35:29","date_gmt":"2025-07-02T07:35:29","guid":{"rendered":"https:\/\/shopvapor.de\/?post_type=product&#038;p=10602"},"modified":"2025-07-15T03:55:13","modified_gmt":"2025-07-15T03:55:13","slug":"waspe-12000-12k-puffs-20ml-kertakaeyttoeinen-e-savuke-alkuperaeinen","status":"publish","type":"product","link":"https:\/\/shopvapor.de\/fi\/product\/waspe-12000-12k-puffs-20ml-kertakaeyttoeinen-e-savuke-alkuperaeinen\/","title":{"rendered":"ampiainen 12000 12k puffaa 20ml kertak\u00e4ytt\u00f6inen e-savuke alkuper\u00e4inen"},"content":{"rendered":"<h2>Johdatus kertak\u00e4ytt\u00f6iseen ampiaiseen 12000 e-savukkeeseen<\/h2>\n<p>Waspe 12000 kertak\u00e4ytt\u00f6inen e-savuke tarkoittaa laatua ja k\u00e4ytt\u00e4j\u00e4yst\u00e4v\u00e4llisyytt\u00e4, ja se on suunniteltu kaikille, jotka etsiv\u00e4t luotettavaa ja tyylik\u00e4st\u00e4 tupakointikokemusta. T\u00e4m\u00e4 laite, jolla on jopa 12 000 junan vaikuttava kapasiteetti, yhdist\u00e4\u00e4 modernin muotoilun edistyneeseen tekniikkaan, joka palvelee sek\u00e4 aloittelijoita ett\u00e4 kokeneita k\u00e4ytt\u00e4ji\u00e4. Waspe-br\u00e4ndi tunnetaan tarkasta ty\u00f6st\u00e4 ja korkealaatuisten materiaalien k\u00e4yt\u00f6st\u00e4, mik\u00e4 tekee t\u00e4st\u00e4 tuotteesta ensiluokkaisen valinnan kertak\u00e4ytt\u00f6isten s\u00e4hk\u00f6savukkeiden alalla. Olipa kyseess\u00e4 p\u00e4ivitt\u00e4ist\u00e4 k\u00e4ytt\u00f6\u00e4 tai erityisi\u00e4 hetki\u00e4 - Waspe 12000 tarjoaa intensiivisen makuel\u00e4myksen ja maksimaalisen mukavuuden.<\/p>\n<h2>WAPE 12000:n tuoteparametrit<\/h2>\n<p>Waspe 12000 on varustettu teknisill\u00e4 ominaisuuksilla, jotka takaavat pitk\u00e4kestoisen ja tyydytt\u00e4v\u00e4n tupakointikokemuksen. Seuraavat ovat t\u00e4rkeimm\u00e4t parametrit, jotka havainnollistavat t\u00e4m\u00e4n tuotteen vahvuuksia ja etuja.<\/p>\n<h3>E-nesteen kapasiteetti: 20 ml<\/h3>\n<p>Waspe 12000:ssa on runsas 20 ml:n e-nestes\u00e4ili\u00f6. T\u00e4m\u00e4n suuren kapasiteetin ansiosta voit nauttia tuhansista junista ilman t\u00e4ytt\u00f6\u00e4. Edksana on pitk\u00e4 k\u00e4ytt\u00f6ik\u00e4, joka on erityisen k\u00e4yt\u00e4nn\u00f6llinen usein k\u00e4ytt\u00e4jille ja tarjoaa jatkuvan kokemuksen keskeytyksett\u00e4.<\/p>\n<h3>Junakapasiteetti: Jopa 12 000 junaa<\/h3>\n<p>Jopa 12 000 junan kapasiteetti Waspe 12000 asettaa standardeja kertak\u00e4ytt\u00f6isten s\u00e4hk\u00f6savukkeiden kategoriaan. T\u00e4m\u00e4 suuri junien m\u00e4\u00e4r\u00e4 takaa pitk\u00e4aikaisen k\u00e4yt\u00f6n, mik\u00e4 v\u00e4hent\u00e4\u00e4 laitteen vaihtotiheytt\u00e4 ja on siksi sek\u00e4 k\u00e4yt\u00e4nn\u00f6llist\u00e4 ett\u00e4 kustannustehokasta.<\/p>\n<h3>Akun kapasiteetti: 650 mAh tyypin C lataustoiminnolla<\/h3>\n<p>Tehokas 650 mAh akku antaa Waspe 12000:lle luotettavasti energiaa. Integroidun Type-C lataustoiminnon ansiosta akku voidaan ladata nopeasti ja tehokkaasti, mik\u00e4 pident\u00e4\u00e4 k\u00e4ytt\u00f6ik\u00e4\u00e4. Nykyaikainen Type-C-liit\u00e4nt\u00e4 on laajalti k\u00e4yt\u00f6ss\u00e4 ja mahdollistaa mutkattoman latauksen, jopa tien p\u00e4\u00e4ll\u00e4.<\/p>\n<h3>Nikotiinin vahvuus: 0 %, 2 %, 3 %, 5 %<\/h3>\n<p>Waspe 12000 on saatavana eri nikotiinivahvuuksilla (0 %, 2 %, 3 %, 5 %) vastaamaan k\u00e4ytt\u00e4jien yksil\u00f6llisi\u00e4 tarpeita. T\u00e4m\u00e4 joustavuus mahdollistaa sek\u00e4 nikotiinittomia vaihtoehtoja satunnaisille k\u00e4ytt\u00e4jille ett\u00e4 vahvempia muunnelmia kokeneille tupakoitsijoille, mik\u00e4 helpottaa henkil\u00f6kohtaisten mieltymysten mukauttamista.<\/p>\n<h3>Mesh Coil Technology: 0,8 ohmia<\/h3>\n<p>Edistyksellinen 0,8 ohmin verkkokierukkateknologia varmistaa, ett\u00e4 E-neste kuumennetaan tasaisesti, mik\u00e4 johtaa intensiiviseen aromiin ja tihe\u00e4\u00e4n h\u00f6yryntuotantoon. T\u00e4m\u00e4 tekniikka parantaa tehokkuutta ja varmistaa yhten\u00e4isen tupakointikokemuksen jokaisessa junassa.<\/p>\n<h3>RGB-valosuunnittelu<\/h3>\n<p>Ainutlaatuinen RGB-valomuotoilu antaa Waspe 12000:lle modernin ja houkuttelevan ilmeen. V\u00e4rilliset valotehosteet vaihtelevat maun mukaan ja lis\u00e4\u00e4v\u00e4t laitteen esteettist\u00e4 arvoa. T\u00e4m\u00e4 ominaisuus tekee toiminnallisen, mutta my\u00f6s visuaalisesti houkuttelevan k\u00e4yt\u00f6n.<\/p>\n<h3>Junan aktivointi ja MTL-tyyli<\/h3>\n<p>Waspe 12000 on varustettu junalla aktivoidulla tekniikalla, joka mahdollistaa helpon ja intuitiivisen k\u00e4yt\u00f6n ilman painikkeita. Suu-keuhkoihin (MTL) -tyyli simuloi tavanomaisten savukkeiden polttamisen tunnetta, mik\u00e4 on ihanteellinen tupakkatuotteille, jotka siirtyv\u00e4t tupakkatuotteisiin.<\/p>\n<h2>erilaisia makuja ampiainen 12000<\/h2>\n<p>Waspe 12000 tarjoaa laajan valikoiman makuja, joilla on jokaiseen makuun. Jokainen laatikko sis\u00e4lt\u00e4\u00e4 10 yhten\u00e4isen maun omaavaa laitetta, mik\u00e4 mahdollistaa nopean ja mutkattoman toimituksen. Saatavilla olevat maut ovat:<\/p>\n<ul>\n<li>Satunnainen maku (satunnainen valinta)<\/li>\n<li>Mustikka Vadelma<\/li>\n<li>mustikka j\u00e4\u00e4ll\u00e4<\/li>\n<li>mangoj\u00e4\u00e4tel\u00f6<\/li>\n<li>Vesimeloni j\u00e4\u00e4<\/li>\n<li>Grape Ice<\/li>\n<li>Mansikka Kiivi<\/li>\n<li>Mansikka Mango<\/li>\n<li>Mansikka vesimeloni<\/li>\n<li>mehukas persikka ananas<\/li>\n<li>Mansikka Pitaya Limonadi<\/li>\n<li>mansikka vadelma kirsikka<\/li>\n<li>kiiviv\u00e4rinen lime<\/li>\n<\/ul>\n<p>T\u00e4m\u00e4n lajikkeen avulla k\u00e4ytt\u00e4j\u00e4t voivat l\u00f6yt\u00e4\u00e4 uusia makuja tai nauttia suosikkimakuistaan, mik\u00e4 tekee Waspe 12000:sta erityisen monipuolisen.<\/p>\n<div id=\"attachment_11809\" style=\"width: 810px\" class=\"wp-caption alignnone\"><img fetchpriority=\"high\" decoding=\"async\" aria-describedby=\"caption-attachment-11809\" class=\"wp-image-11809 size-full\" title=\"waspe 12000 12k puffaa\" src=\"https:\/\/shopvapor.de\/wp-content\/uploads\/2025\/07\/WASPE-12000-12K-Puffs.jpg\" alt=\"waspe 12000 12k puffaa\" width=\"800\" height=\"800\" srcset=\"https:\/\/shopvapor.de\/wp-content\/uploads\/2025\/07\/WASPE-12000-12K-Puffs.jpg 800w, https:\/\/shopvapor.de\/wp-content\/uploads\/2025\/07\/WASPE-12000-12K-Puffs-300x300.jpg 300w, https:\/\/shopvapor.de\/wp-content\/uploads\/2025\/07\/WASPE-12000-12K-Puffs-150x150.jpg 150w, https:\/\/shopvapor.de\/wp-content\/uploads\/2025\/07\/WASPE-12000-12K-Puffs-768x768.jpg 768w, https:\/\/shopvapor.de\/wp-content\/uploads\/2025\/07\/WASPE-12000-12K-Puffs-430x430.jpg 430w, https:\/\/shopvapor.de\/wp-content\/uploads\/2025\/07\/WASPE-12000-12K-Puffs-700x700.jpg 700w, https:\/\/shopvapor.de\/wp-content\/uploads\/2025\/07\/WASPE-12000-12K-Puffs-180x180.jpg 180w\" sizes=\"(max-width: 800px) 100vw, 800px\" \/><p id=\"caption-attachment-11809\" class=\"wp-caption-text\">\u00a0<\/p><\/div>\n<h2>Usein kysytyt kysymykset (FAQ) ampiais 12000<\/h2>\n<p>T\u00e4ss\u00e4 vastaamme yleisimpiin kysymyksiin, joita asiakkailla voi olla erityisesti Waspe 12000 -saatavien e-savukkeelle, jotta tuotteeseen voidaan luoda selkeytt\u00e4 ja luottamusta.<\/p>\n<p><strong>Kuinka kauan ampiainen 12000 akku kest\u00e4\u00e4?<\/strong><br \/>\nWaspe 12000:n 650 mAh:n akku on suunniteltu kest\u00e4m\u00e4\u00e4n jopa 12 000 junan koko k\u00e4ytt\u00f6ik\u00e4\u00e4 yhdistettyn\u00e4 20 ml:n E-nestekapasiteettiin. Intensiivisessa k\u00e4yt\u00f6ss\u00e4 saattaa olla tarpeen latautua tyypin C portin kautta, mik\u00e4 on nopeaa ja mutkatonta.<\/p>\n<p><strong>Voinko sekoittaa maun laatikon sis\u00e4ll\u00e4?<\/strong><br \/>\nEi, jokainen Waspe 12000:n laatikko sis\u00e4lt\u00e4\u00e4 10 laitetta, joilla on sama maku. T\u00e4m\u00e4 varmistaa tasaisen laadun ja yksinkertaistaa j\u00e4rjestyst\u00e4. Jos haluat kokeilla erilaisia makuja, voit tilata useita laatikoita eri makuisia.<\/p>\n<p><strong>Sopiiko Waspe 12000 aloittelijoille?<\/strong><br \/>\nKyll\u00e4, Waspe 12000 on ihanteellinen aloittelijoille, koska se on junaaktivoitu eik\u00e4 vaadi monimutkaista k\u00e4ytt\u00f6\u00e4. MTL-tyyli ja nikotiinivahvuuksien valikoima, mukaan lukien 0 %, tekev\u00e4t sinusta houkuttelevan sek\u00e4 aloittelijoille ett\u00e4 kokeneille k\u00e4ytt\u00e4jille.<\/p>\n<p><strong>Kuinka h\u00e4vit\u00e4n WASP 12000:n k\u00e4yt\u00f6n j\u00e4lkeen?<\/strong><br \/>\nWAPE 12000 tulee h\u00e4vitt\u00e4\u00e4 paikallisten elektroniikkaj\u00e4tem\u00e4\u00e4r\u00e4ysten mukaisesti, koska se sis\u00e4lt\u00e4\u00e4 akun. Monet myyntipisteet tai kierr\u00e4tyskeskukset tarjoavat ker\u00e4yspisteit\u00e4 kertak\u00e4ytt\u00f6isille e-savukkeille. \u00c4l\u00e4 heit\u00e4 laitetta kotitalousj\u00e4tteisiin.<\/p>\n<p><strong>Miksi RGB-valo ei pala?<\/strong><br \/>\nJos RGB-valo ei toimi, tarkista ensin, onko akku ladattu. Alhainen akun varaustaso voi vaikuttaa valon toimintaan. Jos ongelma jatkuu, ota yhteytt\u00e4 asiakaspalveluun osoitteessa [ s\u00e4hk\u00f6posti suojattu] tuen saamiseksi.<\/p>\n<p><strong>Voinko ottaa ampiaisen 12000 koneeseen?<\/strong><br \/>\nKertak\u00e4ytt\u00f6iset e-savukkeet, kuten WASP 12000, voidaan yleens\u00e4 kuljettaa k\u00e4simatkatavaroissa, mutta ei kirjatuissa matkatavaroissa. Tarkista lentoyhti\u00f6n ja kohdemaan erityiset m\u00e4\u00e4r\u00e4ykset varmistaaksesi, ett\u00e4 noudatat sovellettavia s\u00e4\u00e4nt\u00f6j\u00e4.<\/p>\n<p><strong>Mit\u00e4 tapahtuu, jos e-neste kuluu odotettua nopeammin?<\/strong><br \/>\n12 000 junan junakapasiteetti on arvio, joka voi vaihdella k\u00e4ytt\u00f6k\u00e4ytt\u00e4ytymisen mukaan. S\u00e4\u00e4nn\u00f6lliset tai pidemm\u00e4t junat voivat kuluttaa e-nestett\u00e4 nopeammin. Elinajan maksimoimiseksi on suositeltavaa tehd\u00e4 tasaisia ja maltillisia liikkeit\u00e4.<\/p>","protected":false},"excerpt":{"rendered":"<div>\n<p dir=\"auto\">WASP 12000 Kertak\u00e4ytt\u00f6inen e-savuke, jossa 20 ml e-nestett\u00e4, jopa 12 000 junaa, 650 mAh akku Type-C latauksella, verkkokelatekniikka ja RGB-valorakenne. Saatavana eri nikotiinivahvuuksina ja -makuina, kuten mustikkavadelma, mangoj\u00e4\u00e4 ja mansikkakiivi.<\/p>\n<\/div>\n<section><\/section>\n<section><\/section>","protected":false},"featured_media":10612,"comment_status":"open","ping_status":"closed","template":"","meta":[],"product_brand":[1158],"product_cat":[1179],"product_tag":[962,959],"class_list":{"0":"post-10602","1":"product","2":"type-product","3":"status-publish","4":"has-post-thumbnail","6":"product_brand-waspe","7":"product_cat-12000-puffs","8":"product_tag-12k-puffs","9":"product_tag-more-than-10kpuffs","11":"first","12":"instock","13":"sale","14":"shipping-taxable","15":"purchasable","16":"product-type-variable"},"yoast_head":"<!-- This site is optimized with the Yoast SEO plugin v25.8 - https:\/\/yoast.com\/wordpress\/plugins\/seo\/ -->\n<title>WASPE 12000 12K Puffs 20ml Einweg-E-Zigarette Original - ShopVapor<\/title>\n<meta name=\"description\" content=\"WASPE 12000 Einweg-E-Zigarette mit 20 ml E-Liquid, bis zu 12.000 Z\u00fcgen, 650 mAh Akku mit Typ-C-Ladung, Mesh-Coil-Technologie und RGB-Lichtdesign. Erh\u00e4ltlich in verschiedenen Nikotinst\u00e4rken und Geschmacksrichtungen wie Blueberry Raspberry, Mango Ice und Strawberry Kiwi.\" \/>\n<meta name=\"robots\" content=\"index, follow, max-snippet:-1, max-image-preview:large, max-video-preview:-1\" \/>\n<link rel=\"canonical\" href=\"https:\/\/shopvapor.de\/fi\/product\/waspe-12000-12k-puffs-20ml-kertakaeyttoeinen-e-savuke-alkuperaeinen\/\" \/>\n<meta property=\"og:locale\" content=\"fi_FI\" \/>\n<meta property=\"og:type\" content=\"article\" \/>\n<meta property=\"og:title\" content=\"WASPE 12000 12K Puffs 20ml Einweg-E-Zigarette Original - ShopVapor\" \/>\n<meta property=\"og:description\" content=\"WASPE 12000 Einweg-E-Zigarette mit 20 ml E-Liquid, bis zu 12.000 Z\u00fcgen, 650 mAh Akku mit Typ-C-Ladung, Mesh-Coil-Technologie und RGB-Lichtdesign. Erh\u00e4ltlich in verschiedenen Nikotinst\u00e4rken und Geschmacksrichtungen wie Blueberry Raspberry, Mango Ice und Strawberry Kiwi.\" \/>\n<meta property=\"og:url\" content=\"https:\/\/shopvapor.de\/fi\/product\/waspe-12000-12k-puffs-20ml-kertakaeyttoeinen-e-savuke-alkuperaeinen\/\" \/>\n<meta property=\"og:site_name\" content=\"ShopVapor\" \/>\n<meta property=\"article:modified_time\" content=\"2025-07-15T03:55:13+00:00\" \/>\n<meta property=\"og:image\" content=\"https:\/\/shopvapor.de\/wp-content\/uploads\/2025\/07\/waspe-12000-12k-puffs-20ml-einweg-e-zigarette-original-10.jpg\" \/>\n\t<meta property=\"og:image:width\" content=\"980\" \/>\n\t<meta property=\"og:image:height\" content=\"980\" \/>\n\t<meta property=\"og:image:type\" content=\"image\/jpeg\" \/>\n<meta name=\"twitter:card\" content=\"summary_large_image\" \/>\n<meta name=\"twitter:label1\" content=\"Arvioitu lukuaika\" \/>\n\t<meta name=\"twitter:data1\" content=\"5 minuuttia\" \/>\n<!-- \/ Yoast SEO plugin. -->","yoast_head_json":{"title":"waspe 12000 12k puffs 20ml kertak\u00e4ytt\u00f6inen e-savuke alkuper\u00e4inen - shopvapor","description":"WASP 12000 Kertak\u00e4ytt\u00f6inen e-savuke, jossa 20 ml e-nestett\u00e4, jopa 12 000 junaa, 650 mAh akku Type-C latauksella, verkkokelatekniikka ja RGB-valorakenne. Saatavana eri nikotiinivahvuuksina ja -makuina, kuten mustikkavadelma, mangoj\u00e4\u00e4 ja mansikkakiivi.","robots":{"index":"index","follow":"follow","max-snippet":"max-snippet:-1","max-image-preview":"max-image-preview:large","max-video-preview":"max-video-preview:-1"},"canonical":"https:\/\/shopvapor.de\/fi\/product\/waspe-12000-12k-puffs-20ml-kertakaeyttoeinen-e-savuke-alkuperaeinen\/","og_locale":"fi_FI","og_type":"article","og_title":"WASPE 12000 12K Puffs 20ml Einweg-E-Zigarette Original - ShopVapor","og_description":"WASPE 12000 Einweg-E-Zigarette mit 20 ml E-Liquid, bis zu 12.000 Z\u00fcgen, 650 mAh Akku mit Typ-C-Ladung, Mesh-Coil-Technologie und RGB-Lichtdesign. Erh\u00e4ltlich in verschiedenen Nikotinst\u00e4rken und Geschmacksrichtungen wie Blueberry Raspberry, Mango Ice und Strawberry Kiwi.","og_url":"https:\/\/shopvapor.de\/fi\/product\/waspe-12000-12k-puffs-20ml-kertakaeyttoeinen-e-savuke-alkuperaeinen\/","og_site_name":"ShopVapor","article_modified_time":"2025-07-15T03:55:13+00:00","og_image":[{"width":980,"height":980,"url":"https:\/\/shopvapor.de\/wp-content\/uploads\/2025\/07\/waspe-12000-12k-puffs-20ml-einweg-e-zigarette-original-10.jpg","type":"image\/jpeg"}],"twitter_card":"summary_large_image","twitter_misc":{"Arvioitu lukuaika":"5 minuuttia"},"schema":{"@context":"https:\/\/schema.org","@graph":[{"@type":"WebPage","@id":"https:\/\/shopvapor.de\/produkt\/waspe-12000-12k-puffs-20ml-einweg-e-zigarette-original\/","url":"https:\/\/shopvapor.de\/produkt\/waspe-12000-12k-puffs-20ml-einweg-e-zigarette-original\/","name":"waspe 12000 12k puffs 20ml kertak\u00e4ytt\u00f6inen e-savuke alkuper\u00e4inen - shopvapor","isPartOf":{"@id":"https:\/\/shopvapor.de\/#website"},"primaryImageOfPage":{"@id":"https:\/\/shopvapor.de\/produkt\/waspe-12000-12k-puffs-20ml-einweg-e-zigarette-original\/#primaryimage"},"image":{"@id":"https:\/\/shopvapor.de\/produkt\/waspe-12000-12k-puffs-20ml-einweg-e-zigarette-original\/#primaryimage"},"thumbnailUrl":"https:\/\/shopvapor.de\/wp-content\/uploads\/2025\/07\/waspe-12000-12k-puffs-20ml-einweg-e-zigarette-original-10.jpg","datePublished":"2025-07-02T07:35:29+00:00","dateModified":"2025-07-15T03:55:13+00:00","description":"WASP 12000 Kertak\u00e4ytt\u00f6inen e-savuke, jossa 20 ml e-nestett\u00e4, jopa 12 000 junaa, 650 mAh akku Type-C latauksella, verkkokelatekniikka ja RGB-valorakenne. Saatavana eri nikotiinivahvuuksina ja -makuina, kuten mustikkavadelma, mangoj\u00e4\u00e4 ja mansikkakiivi.","breadcrumb":{"@id":"https:\/\/shopvapor.de\/produkt\/waspe-12000-12k-puffs-20ml-einweg-e-zigarette-original\/#breadcrumb"},"inLanguage":"fi","potentialAction":[{"@type":"ReadAction","target":["https:\/\/shopvapor.de\/produkt\/waspe-12000-12k-puffs-20ml-einweg-e-zigarette-original\/"]}]},{"@type":"ImageObject","inLanguage":"fi","@id":"https:\/\/shopvapor.de\/produkt\/waspe-12000-12k-puffs-20ml-einweg-e-zigarette-original\/#primaryimage","url":"https:\/\/shopvapor.de\/wp-content\/uploads\/2025\/07\/waspe-12000-12k-puffs-20ml-einweg-e-zigarette-original-10.jpg","contentUrl":"https:\/\/shopvapor.de\/wp-content\/uploads\/2025\/07\/waspe-12000-12k-puffs-20ml-einweg-e-zigarette-original-10.jpg","width":980,"height":980},{"@type":"BreadcrumbList","@id":"https:\/\/shopvapor.de\/produkt\/waspe-12000-12k-puffs-20ml-einweg-e-zigarette-original\/#breadcrumb","itemListElement":[{"@type":"ListItem","position":1,"name":"Startseite","item":"https:\/\/shopvapor.de\/"},{"@type":"ListItem","position":2,"name":"Shop","item":"https:\/\/shopvapor.de\/shop\/"},{"@type":"ListItem","position":3,"name":"WASPE 12000 12K Puffs 20ml Einweg-E-Zigarette Original"}]},{"@type":"WebSite","@id":"https:\/\/shopvapor.de\/#website","url":"https:\/\/shopvapor.de\/","name":"ShopVapor","description":"","potentialAction":[{"@type":"SearchAction","target":{"@type":"EntryPoint","urlTemplate":"https:\/\/shopvapor.de\/?s={search_term_string}"},"query-input":{"@type":"PropertyValueSpecification","valueRequired":true,"valueName":"search_term_string"}}],"inLanguage":"fi"}]}},"_links":{"self":[{"href":"https:\/\/shopvapor.de\/fi\/wp-json\/wp\/v2\/product\/10602","targetHints":{"allow":["GET"]}}],"collection":[{"href":"https:\/\/shopvapor.de\/fi\/wp-json\/wp\/v2\/product"}],"about":[{"href":"https:\/\/shopvapor.de\/fi\/wp-json\/wp\/v2\/types\/product"}],"replies":[{"embeddable":true,"href":"https:\/\/shopvapor.de\/fi\/wp-json\/wp\/v2\/comments?post=10602"}],"version-history":[{"count":1,"href":"https:\/\/shopvapor.de\/fi\/wp-json\/wp\/v2\/product\/10602\/revisions"}],"predecessor-version":[{"id":11810,"href":"https:\/\/shopvapor.de\/fi\/wp-json\/wp\/v2\/product\/10602\/revisions\/11810"}],"wp:featuredmedia":[{"embeddable":true,"href":"https:\/\/shopvapor.de\/fi\/wp-json\/wp\/v2\/media\/10612"}],"wp:attachment":[{"href":"https:\/\/shopvapor.de\/fi\/wp-json\/wp\/v2\/media?parent=10602"}],"wp:term":[{"taxonomy":"product_brand","embeddable":true,"href":"https:\/\/shopvapor.de\/fi\/wp-json\/wp\/v2\/product_brand?post=10602"},{"taxonomy":"product_cat","embeddable":true,"href":"https:\/\/shopvapor.de\/fi\/wp-json\/wp\/v2\/product_cat?post=10602"},{"taxonomy":"product_tag","embeddable":true,"href":"https:\/\/shopvapor.de\/fi\/wp-json\/wp\/v2\/product_tag?post=10602"}],"curies":[{"name":"pukki","href":"https:\/\/api.w.org\/{rel}","templated":true}]}}