{"id":10684,"date":"2025-07-02T07:37:42","date_gmt":"2025-07-02T07:37:42","guid":{"rendered":"https:\/\/shopvapor.de\/?post_type=product&#038;p=10684"},"modified":"2025-07-15T03:52:10","modified_gmt":"2025-07-15T03:52:10","slug":"wga-crystal-plus-20000-20k-puffs-double-button-origina-kertakaeyttoeinen-e-savuke","status":"publish","type":"product","link":"https:\/\/shopvapor.de\/fi\/product\/wga-crystal-plus-20000-20k-puffs-double-button-origina-kertakaeyttoeinen-e-savuke\/","title":{"rendered":"WGA Crystal Plus 20000 20K Puffs Double Taste Origina kertak\u00e4ytt\u00f6inen e-savuke"},"content":{"rendered":"<h2>Johdatus WGA Crystal Plus 20000:een<\/h2>\n<p>WGA Crystal Plus 20000 on korkealaatuinen, kertak\u00e4ytt\u00f6inen e-savuke, joka tekee vaikutuksen innovatiivisella tekniikallaan ja vaikuttavalla suorituskyvyll\u00e4\u00e4n. Jopa 20 000 junan kapasiteetti, t\u00e4m\u00e4 laite tarjoaa pitk\u00e4kestoisen k\u00e4yt\u00f6n ja intensiivisen makuel\u00e4myksen. WGA Crystal Plus 20000, joka on suunniteltu vaativille k\u00e4ytt\u00e4jille, jotka arvostavat laatua, mukavuutta ja monipuolisuutta, yhdist\u00e4\u00e4 uusimman teknologian tyylikk\u00e4\u00e4seen muotoiluun. WGA-br\u00e4ndi tarkoittaa luotettavuutta ja tarkkuutta, joten t\u00e4m\u00e4 tuote on ensiluokkainen valinta kaikille, jotka etsiv\u00e4t luotettavaa ja tyylik\u00e4st\u00e4 h\u00f6yrystyst\u00e4.<\/p>\n<h2>Tuoteparametrit yhdell\u00e4 silm\u00e4yksell\u00e4<\/h2>\n<p>WGA Crystal Plus 20000:lle on ominaista sen edistyneet tekniset tiedot, jotka takaavat saumattoman ja tyydytt\u00e4v\u00e4n kokemuksen. Seuraavat ovat t\u00e4rkeimm\u00e4t parametrit yksityiskohtaisesti havainnollistamaan t\u00e4m\u00e4n tuotteen etuja ja korkeaa laatua.<\/p>\n<h3>Junat: jopa 20 000<\/h3>\n<p><strong>Kuvaus ja edut<\/strong>: Jopa 20 000 junan kapasiteetti WGA Crystal Plus 20000 tarjoaa poikkeuksellisen pitk\u00e4n k\u00e4ytt\u00f6i\u00e4n. T\u00e4m\u00e4 tekee niist\u00e4 ihanteellisia k\u00e4ytt\u00e4jille, jotka etsiv\u00e4t kest\u00e4v\u00e4\u00e4 tuotetta ilman toistuvaa vaihtoa. Suuri junien m\u00e4\u00e4r\u00e4 takaa jatkuvan suorituskyvyn pitk\u00e4n ajan kuluessa, mik\u00e4 erottaa WGA Crystal Plus 20000:n muista kertak\u00e4ytt\u00f6isist\u00e4 s\u00e4hk\u00f6savukkeista. WGA-br\u00e4ndi varmistaa, ett\u00e4 jokainen juna on tasainen ja tyylik\u00e4s laadusta tinkim\u00e4tt\u00e4.<\/p>\n<h3>Akku: Ladattava 650 mAh akku USB Type-C -latauksella<\/h3>\n<p><strong>Kuvaus ja edut<\/strong>: WGA Crystal Plus 20000 on varustettu tehokkaalla ladattavalla 650 mAh:n akulla, joka voidaan ladata nopeasti ja tehokkaasti nykyaikaisen USB Type-C -portin kautta. T\u00e4m\u00e4 mahdollistaa luotettavan virransy\u00f6t\u00f6n ja minimoi keskeytykset. USB Type-C -portti ei ole vain k\u00e4ytt\u00e4j\u00e4yst\u00e4v\u00e4llinen, vaan my\u00f6s tulevaisuudenkest\u00e4v\u00e4, sill\u00e4 se tarjoaa nopean latausajan ja vakaan yhteyden. WGA-br\u00e4ndi pit\u00e4\u00e4 eritt\u00e4in t\u00e4rke\u00e4n\u00e4 kest\u00e4vyytt\u00e4 ja k\u00e4ytt\u00f6mukavuutta, mik\u00e4 tekee t\u00e4st\u00e4 akusta ratkaisevan edun.<\/p>\n<h3>E-nestekapasiteetti: 30 ml (2 x 15 ml kaksoismakuun)<\/h3>\n<p><strong>Kuvaus ja edut<\/strong>: Runsas 30 ml:n e-nestekapasiteetti, joka on jaettu kahteen erilliseen 15 ml:n kammioon kaksoismakuj\u00e4rjestelm\u00e4\u00e4 varten, WGA Crystal Plus 20000 tarjoaa joustavan ja monipuolisen k\u00e4yt\u00f6n. T\u00e4m\u00e4 kapasiteetti v\u00e4hent\u00e4\u00e4 toistuvien t\u00e4ytt\u00f6jen tarvetta ja mahdollistaa pitk\u00e4kestoisen h\u00f6yrytyksen. Dual Taste System on ainutlaatuinen myyntivaltti, jonka avulla k\u00e4ytt\u00e4j\u00e4t voivat vaihtaa kahden maun v\u00e4lill\u00e4 ilman, ett\u00e4 tarvitaan useita laitteita. WGA takaa e-nesteen jatkuvasti korkean laadun intensiivisen makuel\u00e4myksen takaamiseksi.<\/p>\n<h3>Dual Mesh Coil -tekniikka<\/h3>\n<p><strong>Kuvaus ja edut<\/strong>: WGA Crystal Plus 20000 k\u00e4ytt\u00e4\u00e4 edistynytt\u00e4 kaksiverkkoinen kelateknologiaa, joka varmistaa tasaisen l\u00e4mpenemisen ja intensiivisen aromin. T\u00e4m\u00e4 tekniikka maksimoi tehokkuuden ja varmistaa tihe\u00e4t, aromaattiset pilvet joka liikkeess\u00e4. Se on optimoitu erityisesti suusta keuhkoihin (MTL) h\u00f6yry\u00e4miseen, ja se tarjoaa hallitun ja tyydytt\u00e4v\u00e4n kokemuksen, joka sopii erityisen hyvin perinteisist\u00e4 savukkeista vaihtaville. WGA-br\u00e4ndi luottaa t\u00e4h\u00e4n innovatiiviseen teknologiaan varmistaakseen ensiluokkaisen h\u00f6yrytyskokemuksen.<\/p>\n<h3>LCD-n\u00e4ytt\u00f6 akulle ja e-nestetilalle<\/h3>\n<p><strong>Kuvaus ja edut<\/strong>: Kristallinkirkas LCD-n\u00e4ytt\u00f6 n\u00e4ytt\u00e4\u00e4 akun varaustason ja e-nesteen tason reaaliajassa, jotta k\u00e4ytt\u00e4jill\u00e4 on aina yleiskuva. T\u00e4m\u00e4 ominaisuus est\u00e4\u00e4 odottamattomat keskeytykset ja lis\u00e4\u00e4 k\u00e4ytt\u00e4j\u00e4yst\u00e4v\u00e4llisyytt\u00e4. N\u00e4ytt\u00f6 on intuitiivinen ja helppolukuinen, mik\u00e4 tekee WGA Crystal Plus 20000:sta erityisen k\u00e4yt\u00e4nn\u00f6llisen. T\u00e4m\u00e4 hyvin harkittu toiminto erottaa WGA:n muista merkeist\u00e4 ja varmistaa, ett\u00e4 k\u00e4ytt\u00e4j\u00e4t ovat aina tietoisia.<\/p>\n<h3>Nikotiini Vahvuudet: 0 %, 2 %, 5 %<\/h3>\n<p><strong>Kuvaus ja edut<\/strong>: WGA Crystal Plus 20000 on saatavana kolmessa nikotiinivahvuudessa - 0 %, 2 % ja 5 % - vastaamaan k\u00e4ytt\u00e4jien yksil\u00f6llisiin tarpeisiin. Olipa kyseess\u00e4 nikotiiniton h\u00f6yrystys tai vahvempi nikotiinin saanti, WGA tarjoaa joustavuutta ja sopeutumiskyky\u00e4. T\u00e4m\u00e4 lajike tekee tuotteesta houkuttelevan sek\u00e4 aloittelijoille ett\u00e4 kokeneille k\u00e4ytt\u00e4jille. Nikotiinin tarkka annostus korostaa WGA-br\u00e4ndin luotettavuutta.<\/p>\n<h3>Junan aktivointi ja MTL-h\u00f6yrystys<\/h3>\n<p><strong>Kuvaus ja edut<\/strong>: WGA Crystal Plus 20000:ssa on junalla aktivoitu mekanismi, joka tekee toiminnasta eritt\u00e4in helppoa - ved\u00e4 ja nauti. T\u00e4m\u00e4 ominaisuus on erityisesti optimoitu suusta keuhkoihin (MTL) h\u00f6yry\u00e4miseen, joka tarjoaa hallitun ja nautinnollisen kokemuksen, joka muistuttaa perinteisen savukkeen tuntua. Intuitiivinen toiminta tekee WGA Crystal Plus 20000:sta ihanteellisen sek\u00e4 aloittelijoille ett\u00e4 kokeneille k\u00e4ytt\u00e4jille. WGA tarkoittaa helppok\u00e4ytt\u00f6isyytt\u00e4 ja laatua, mik\u00e4 tekee t\u00e4st\u00e4 parametrista ratkaisevan edun.<\/p>\n<h2>Monenlaisia makuja jokaiseen makuun<\/h2>\n<p>WGA Crystal Plus 20000 tarjoaa 18 ainutlaatuista makua, joista voi nauttia kahdesti innovatiivisella kaksoismakuj\u00e4rjestelm\u00e4ll\u00e4. Suosittuja yhdistelmi\u00e4 ovat:<\/p>\n<ul>\n<li><strong>sininen vadelmakirsikka &amp; poreileva kirsikka<\/strong>: Hedelm\u00e4inen seos rapealla kirsikkatuoksulla.<\/li>\n<li><strong>Tuore minttu ja kaksoismentoli<\/strong>: Elvytt\u00e4v\u00e4, siisti kokemus mintun yst\u00e4ville.<\/li>\n<li><strong>Triple Mango &amp; Kiwi Passion Fruit Guava<\/strong>: Trooppinen makukokemus eksoottisten hedelmien kanssa.<\/li>\n<li><strong>vesimeloni hubba bubba &amp; mustikka hubba bubba<\/strong>: Nostalgiset, makeat purukumin maut.<\/li>\n<li><strong>Mansikkaj\u00e4\u00e4tel\u00f6 &amp; mustikkakirsikkakarpalo<\/strong>: hedelm\u00e4isen ja tuoreen yhdistelm\u00e4t viile\u00e4ll\u00e4 j\u00e4lkimakulla.<\/li>\n<\/ul>\n<p>Jokainen maku on huolellisesti suunniteltu tarjoamaan intensiivinen ja aito kokemus. Mahdollisuus vaihtaa kahden maun v\u00e4lill\u00e4 tekee WGA Crystal Plus 20000:sta erityisen monipuolisen ja houkuttelevan kaikille, jotka arvostavat monipuolisuutta.<\/p>\n<div id=\"attachment_11807\" style=\"width: 810px\" class=\"wp-caption alignnone\"><img fetchpriority=\"high\" decoding=\"async\" aria-describedby=\"caption-attachment-11807\" class=\"wp-image-11807 size-large\" title=\"WGA Crystal Plus 20000 20K Puffs\" src=\"https:\/\/shopvapor.de\/wp-content\/uploads\/2025\/07\/WGA-Crystal-Plus-20000-20K-Puffs-800x800.webp\" alt=\"WGA Crystal Plus 20000 20K Puffs\" width=\"800\" height=\"800\" srcset=\"https:\/\/shopvapor.de\/wp-content\/uploads\/2025\/07\/WGA-Crystal-Plus-20000-20K-Puffs-800x800.webp 800w, https:\/\/shopvapor.de\/wp-content\/uploads\/2025\/07\/WGA-Crystal-Plus-20000-20K-Puffs-300x300.webp 300w, https:\/\/shopvapor.de\/wp-content\/uploads\/2025\/07\/WGA-Crystal-Plus-20000-20K-Puffs-150x150.webp 150w, https:\/\/shopvapor.de\/wp-content\/uploads\/2025\/07\/WGA-Crystal-Plus-20000-20K-Puffs-768x768.webp 768w, https:\/\/shopvapor.de\/wp-content\/uploads\/2025\/07\/WGA-Crystal-Plus-20000-20K-Puffs-430x430.webp 430w, https:\/\/shopvapor.de\/wp-content\/uploads\/2025\/07\/WGA-Crystal-Plus-20000-20K-Puffs-700x700.webp 700w, https:\/\/shopvapor.de\/wp-content\/uploads\/2025\/07\/WGA-Crystal-Plus-20000-20K-Puffs-180x180.webp 180w, https:\/\/shopvapor.de\/wp-content\/uploads\/2025\/07\/WGA-Crystal-Plus-20000-20K-Puffs.webp 1000w\" sizes=\"(max-width: 800px) 100vw, 800px\" \/><p id=\"caption-attachment-11807\" class=\"wp-caption-text\">\u00a0<\/p><\/div>\n<h2>UKK WGA Crystal Plus 20000:sta<\/h2>\n<p><strong>Miten Dual Taste System toimii?<\/strong><br \/>\nDual Flavor -j\u00e4rjestelm\u00e4n avulla voit vaihtaa kahden eri maun v\u00e4lill\u00e4 liikuttamalla suukappaletta. Jokainen kammio sis\u00e4lt\u00e4\u00e4 15 ml e-nestett\u00e4, joten voit valita makujen v\u00e4lill\u00e4 ilman uutta laitetta.<\/p>\n<p><strong>Kuinka kauan WGA Crystal Plus 20000 -akku kest\u00e4\u00e4?<\/strong><br \/>\n650 mAh akku on suunniteltu pitk\u00e4kestoiseen k\u00e4ytt\u00f6\u00f6n ja se voidaan ladata nopeasti USB Type-C:n kautta. Akun todellinen k\u00e4ytt\u00f6ik\u00e4 riippuu k\u00e4ytt\u00f6tiheydest\u00e4, mutta LCD-n\u00e4ytt\u00f6 ilmoittaa aina nykyisen akun varaustason.<\/p>\n<p><strong>Sopiiko WGA Crystal Plus 20000 aloittelijoille?<\/strong><br \/>\nKyll\u00e4, WGA Crystal Plus 20000 on ihanteellinen aloittelijoille helpon junaaktivoinnin ja k\u00e4ytt\u00e4j\u00e4yst\u00e4v\u00e4llisen suunnittelun ansiosta. MTL-h\u00f6yrystys tarjoaa tutun tunteen, joka sopii erityisen hyvin perinteisist\u00e4 savukkeista vaihtaville.<\/p>\n<p><strong>Voinko vaihtaa nikotiinit\u00e4rkkelyksen oston j\u00e4lkeen?<\/strong><br \/>\nEi, nikotiinin vahvuus (0 %, 2 % tai 5 %) on kiinte\u00e4 eik\u00e4 sit\u00e4 voi muuttaa. Kun ostat, valitse tarpeisiisi sopiva vahvuus.<\/p>\n<p><strong>Mit\u00e4 tapahtuu, kun e-neste tai akku on tyhj\u00e4?<\/strong><br \/>\nWGA Crystal Plus 20000 on kertak\u00e4ytt\u00f6inen e-savuke, joka on h\u00e4vitett\u00e4v\u00e4 sen j\u00e4lkeen, kun E-neste tai akku on k\u00e4ytetty. LCD-n\u00e4ytt\u00f6 varoittaa sinua ajoissa, kun taso on alhainen.<\/p>\n<p><strong>Ovatko maut tasaisesti jakautuneet?<\/strong><br \/>\nKyll\u00e4, kaksoismakukammiot on suunniteltu tekem\u00e4\u00e4n molemmista mauista tasaisesti k\u00e4ytettyj\u00e4. 2 x 15 ml e-neste takaa tasapainoisen k\u00e4yt\u00f6n loppuun asti.<\/p>\n<p><strong>Mist\u00e4 tied\u00e4n, ett\u00e4 saan alkuper\u00e4isen WGA-tuotteen?<\/strong><br \/>\nOsta valtuutetuilta j\u00e4lleenmyyjilt\u00e4 vain varmistaaksesi WGA Crystal Plus 20000:n aitouden. WGA-br\u00e4ndi edustaa laatua ja luotettavuutta, ja alkuper\u00e4iset tuotteet ovat tunnistettavissa korkealaatuisen ty\u00f6n ja pakkauksen ansiosta.<\/p>","protected":false},"excerpt":{"rendered":"<div>\n<p dir=\"auto\">WGA Crystal Plus 20000 kertak\u00e4ytt\u00f6inen e-savuke, jossa on jopa 20 000 siirtoa, 30 ml Dual Flavor -j\u00e4rjestelm\u00e4, 650 mAh akku USB Type-C:ll\u00e4, kaksiverkkokela ja LCD-n\u00e4ytt\u00f6. Saatavana 0 %, 2 %, 5 % nikotiinivahvuuksia intensiiviseen, kest\u00e4v\u00e4\u00e4n h\u00f6yrystykseen.<\/p>\n<\/div>\n<section><\/section>\n<section><\/section>","protected":false},"featured_media":10722,"comment_status":"open","ping_status":"closed","template":"","meta":[],"product_brand":[1155],"product_cat":[1164],"product_tag":[957,959],"class_list":{"0":"post-10684","1":"product","2":"type-product","3":"status-publish","4":"has-post-thumbnail","6":"product_brand-wga","7":"product_cat-20000-puffs","8":"product_tag-20k-puffs","9":"product_tag-more-than-10kpuffs","11":"first","12":"instock","13":"sale","14":"shipping-taxable","15":"purchasable","16":"product-type-variable"},"yoast_head":"<!-- This site is optimized with the Yoast SEO plugin v25.8 - https:\/\/yoast.com\/wordpress\/plugins\/seo\/ -->\n<title>WGA Crystal Plus 20000 20K Puffs Double Taste Origina Einweg-E-Zigarette - ShopVapor<\/title>\n<meta name=\"description\" content=\"WGA Crystal Plus 20000 Einweg-E-Zigarette mit bis zu 20.000 Z\u00fcgen, 30 ml Dual-Geschmackssystem, 650-mAh-Akku mit USB-Typ-C, Dual-Mesh-Coil und LCD-Display. Erh\u00e4ltlich in 0 %, 2 %, 5 % Nikotinst\u00e4rken f\u00fcr intensives, langlebiges Dampfen.\" \/>\n<meta name=\"robots\" content=\"index, follow, max-snippet:-1, max-image-preview:large, max-video-preview:-1\" \/>\n<link rel=\"canonical\" href=\"https:\/\/shopvapor.de\/fi\/product\/wga-crystal-plus-20000-20k-puffs-double-button-origina-kertakaeyttoeinen-e-savuke\/\" \/>\n<meta property=\"og:locale\" content=\"fi_FI\" \/>\n<meta property=\"og:type\" content=\"article\" \/>\n<meta property=\"og:title\" content=\"WGA Crystal Plus 20000 20K Puffs Double Taste Origina Einweg-E-Zigarette - ShopVapor\" \/>\n<meta property=\"og:description\" content=\"WGA Crystal Plus 20000 Einweg-E-Zigarette mit bis zu 20.000 Z\u00fcgen, 30 ml Dual-Geschmackssystem, 650-mAh-Akku mit USB-Typ-C, Dual-Mesh-Coil und LCD-Display. Erh\u00e4ltlich in 0 %, 2 %, 5 % Nikotinst\u00e4rken f\u00fcr intensives, langlebiges Dampfen.\" \/>\n<meta property=\"og:url\" content=\"https:\/\/shopvapor.de\/fi\/product\/wga-crystal-plus-20000-20k-puffs-double-button-origina-kertakaeyttoeinen-e-savuke\/\" \/>\n<meta property=\"og:site_name\" content=\"ShopVapor\" \/>\n<meta property=\"article:modified_time\" content=\"2025-07-15T03:52:10+00:00\" \/>\n<meta property=\"og:image\" content=\"https:\/\/shopvapor.de\/wp-content\/uploads\/2025\/07\/wga-crystal-plus-20000-20k-puffs-double-taste-origina-einweg-e-zigarette.webp\" \/>\n\t<meta property=\"og:image:width\" content=\"800\" \/>\n\t<meta property=\"og:image:height\" content=\"800\" \/>\n\t<meta property=\"og:image:type\" content=\"image\/webp\" \/>\n<meta name=\"twitter:card\" content=\"summary_large_image\" \/>\n<meta name=\"twitter:label1\" content=\"Arvioitu lukuaika\" \/>\n\t<meta name=\"twitter:data1\" content=\"6 minuuttia\" \/>\n<!-- \/ Yoast SEO plugin. -->","yoast_head_json":{"title":"WGA Crystal Plus 20000 20K Puffs Double Button Origina Kertak\u00e4ytt\u00f6inen e-savuke - Shopvapor","description":"WGA Crystal Plus 20000 kertak\u00e4ytt\u00f6inen e-savuke, jossa on jopa 20 000 siirtoa, 30 ml Dual Flavor -j\u00e4rjestelm\u00e4, 650 mAh akku USB Type-C:ll\u00e4, kaksiverkkokela ja LCD-n\u00e4ytt\u00f6. Saatavana 0 %, 2 %, 5 % nikotiinivahvuuksia intensiiviseen, kest\u00e4v\u00e4\u00e4n h\u00f6yrystykseen.","robots":{"index":"index","follow":"follow","max-snippet":"max-snippet:-1","max-image-preview":"max-image-preview:large","max-video-preview":"max-video-preview:-1"},"canonical":"https:\/\/shopvapor.de\/fi\/product\/wga-crystal-plus-20000-20k-puffs-double-button-origina-kertakaeyttoeinen-e-savuke\/","og_locale":"fi_FI","og_type":"article","og_title":"WGA Crystal Plus 20000 20K Puffs Double Taste Origina Einweg-E-Zigarette - ShopVapor","og_description":"WGA Crystal Plus 20000 Einweg-E-Zigarette mit bis zu 20.000 Z\u00fcgen, 30 ml Dual-Geschmackssystem, 650-mAh-Akku mit USB-Typ-C, Dual-Mesh-Coil und LCD-Display. Erh\u00e4ltlich in 0 %, 2 %, 5 % Nikotinst\u00e4rken f\u00fcr intensives, langlebiges Dampfen.","og_url":"https:\/\/shopvapor.de\/fi\/product\/wga-crystal-plus-20000-20k-puffs-double-button-origina-kertakaeyttoeinen-e-savuke\/","og_site_name":"ShopVapor","article_modified_time":"2025-07-15T03:52:10+00:00","og_image":[{"width":800,"height":800,"url":"https:\/\/shopvapor.de\/wp-content\/uploads\/2025\/07\/wga-crystal-plus-20000-20k-puffs-double-taste-origina-einweg-e-zigarette.webp","type":"image\/webp"}],"twitter_card":"summary_large_image","twitter_misc":{"Arvioitu lukuaika":"6 minuuttia"},"schema":{"@context":"https:\/\/schema.org","@graph":[{"@type":"WebPage","@id":"https:\/\/shopvapor.de\/produkt\/wga-crystal-plus-20000-20k-puffs-double-taste-origina-einweg-e-zigarette\/","url":"https:\/\/shopvapor.de\/produkt\/wga-crystal-plus-20000-20k-puffs-double-taste-origina-einweg-e-zigarette\/","name":"WGA Crystal Plus 20000 20K Puffs Double Button Origina Kertak\u00e4ytt\u00f6inen e-savuke - Shopvapor","isPartOf":{"@id":"https:\/\/shopvapor.de\/#website"},"primaryImageOfPage":{"@id":"https:\/\/shopvapor.de\/produkt\/wga-crystal-plus-20000-20k-puffs-double-taste-origina-einweg-e-zigarette\/#primaryimage"},"image":{"@id":"https:\/\/shopvapor.de\/produkt\/wga-crystal-plus-20000-20k-puffs-double-taste-origina-einweg-e-zigarette\/#primaryimage"},"thumbnailUrl":"https:\/\/shopvapor.de\/wp-content\/uploads\/2025\/07\/wga-crystal-plus-20000-20k-puffs-double-taste-origina-einweg-e-zigarette.webp","datePublished":"2025-07-02T07:37:42+00:00","dateModified":"2025-07-15T03:52:10+00:00","description":"WGA Crystal Plus 20000 kertak\u00e4ytt\u00f6inen e-savuke, jossa on jopa 20 000 siirtoa, 30 ml Dual Flavor -j\u00e4rjestelm\u00e4, 650 mAh akku USB Type-C:ll\u00e4, kaksiverkkokela ja LCD-n\u00e4ytt\u00f6. Saatavana 0 %, 2 %, 5 % nikotiinivahvuuksia intensiiviseen, kest\u00e4v\u00e4\u00e4n h\u00f6yrystykseen.","breadcrumb":{"@id":"https:\/\/shopvapor.de\/produkt\/wga-crystal-plus-20000-20k-puffs-double-taste-origina-einweg-e-zigarette\/#breadcrumb"},"inLanguage":"fi","potentialAction":[{"@type":"ReadAction","target":["https:\/\/shopvapor.de\/produkt\/wga-crystal-plus-20000-20k-puffs-double-taste-origina-einweg-e-zigarette\/"]}]},{"@type":"ImageObject","inLanguage":"fi","@id":"https:\/\/shopvapor.de\/produkt\/wga-crystal-plus-20000-20k-puffs-double-taste-origina-einweg-e-zigarette\/#primaryimage","url":"https:\/\/shopvapor.de\/wp-content\/uploads\/2025\/07\/wga-crystal-plus-20000-20k-puffs-double-taste-origina-einweg-e-zigarette.webp","contentUrl":"https:\/\/shopvapor.de\/wp-content\/uploads\/2025\/07\/wga-crystal-plus-20000-20k-puffs-double-taste-origina-einweg-e-zigarette.webp","width":800,"height":800},{"@type":"BreadcrumbList","@id":"https:\/\/shopvapor.de\/produkt\/wga-crystal-plus-20000-20k-puffs-double-taste-origina-einweg-e-zigarette\/#breadcrumb","itemListElement":[{"@type":"ListItem","position":1,"name":"Startseite","item":"https:\/\/shopvapor.de\/"},{"@type":"ListItem","position":2,"name":"Shop","item":"https:\/\/shopvapor.de\/shop\/"},{"@type":"ListItem","position":3,"name":"WGA Crystal Plus 20000 20K Puffs Double Taste Origina Einweg-E-Zigarette"}]},{"@type":"WebSite","@id":"https:\/\/shopvapor.de\/#website","url":"https:\/\/shopvapor.de\/","name":"ShopVapor","description":"","potentialAction":[{"@type":"SearchAction","target":{"@type":"EntryPoint","urlTemplate":"https:\/\/shopvapor.de\/?s={search_term_string}"},"query-input":{"@type":"PropertyValueSpecification","valueRequired":true,"valueName":"search_term_string"}}],"inLanguage":"fi"}]}},"_links":{"self":[{"href":"https:\/\/shopvapor.de\/fi\/wp-json\/wp\/v2\/product\/10684","targetHints":{"allow":["GET"]}}],"collection":[{"href":"https:\/\/shopvapor.de\/fi\/wp-json\/wp\/v2\/product"}],"about":[{"href":"https:\/\/shopvapor.de\/fi\/wp-json\/wp\/v2\/types\/product"}],"replies":[{"embeddable":true,"href":"https:\/\/shopvapor.de\/fi\/wp-json\/wp\/v2\/comments?post=10684"}],"version-history":[{"count":1,"href":"https:\/\/shopvapor.de\/fi\/wp-json\/wp\/v2\/product\/10684\/revisions"}],"predecessor-version":[{"id":11808,"href":"https:\/\/shopvapor.de\/fi\/wp-json\/wp\/v2\/product\/10684\/revisions\/11808"}],"wp:featuredmedia":[{"embeddable":true,"href":"https:\/\/shopvapor.de\/fi\/wp-json\/wp\/v2\/media\/10722"}],"wp:attachment":[{"href":"https:\/\/shopvapor.de\/fi\/wp-json\/wp\/v2\/media?parent=10684"}],"wp:term":[{"taxonomy":"product_brand","embeddable":true,"href":"https:\/\/shopvapor.de\/fi\/wp-json\/wp\/v2\/product_brand?post=10684"},{"taxonomy":"product_cat","embeddable":true,"href":"https:\/\/shopvapor.de\/fi\/wp-json\/wp\/v2\/product_cat?post=10684"},{"taxonomy":"product_tag","embeddable":true,"href":"https:\/\/shopvapor.de\/fi\/wp-json\/wp\/v2\/product_tag?post=10684"}],"curies":[{"name":"pukki","href":"https:\/\/api.w.org\/{rel}","templated":true}]}}