{"id":10983,"date":"2025-07-02T08:16:44","date_gmt":"2025-07-02T08:16:44","guid":{"rendered":"https:\/\/shopvapor.de\/?post_type=product&#038;p=10983"},"modified":"2025-07-15T02:01:33","modified_gmt":"2025-07-15T02:01:33","slug":"zooy-twins-35000-35k-puffs-30ml-double-taste-kertakaeyttoeinen-e-savuke","status":"publish","type":"product","link":"https:\/\/shopvapor.de\/fi\/product\/zooy-twins-35000-35k-puffs-30ml-double-taste-kertakaeyttoeinen-e-savuke\/","title":{"rendered":"Zooy Twins 35000 35K Puffs 30ml Double Taste Kertak\u00e4ytt\u00f6inen e-savuke"},"content":{"rendered":"<div id=\"tab-description\" class=\"woocommerce-Tabs-panel woocommerce-Tabs-panel--description panel entry-content wc-tab\" role=\"tabpanel\" aria-labelledby=\"tab-title-description\">\n<h2>Johdatus Zooy Twins 35000 Kertak\u00e4ytt\u00f6inen e-savuke<\/h2>\n<p>Zooy Twins 35000 Kertak\u00e4ytt\u00f6inen e-savuke edustaa tunnetun Zooy-br\u00e4ndin uusinta innovaatiota, joka tunnetaan korkealaatuisista ja luotettavista kertak\u00e4ytt\u00f6isist\u00e4 e-savukkeistaan. T\u00e4m\u00e4 laite on suunniteltu tarjoamaan pitk\u00e4kestoinen, maukas ja k\u00e4ytt\u00e4j\u00e4yst\u00e4v\u00e4llinen k\u00e4ytt\u00f6kokemus. Zooy Twins 35000, jolla on vaikuttava kapasiteetti, jopa 35 000 junaa ja innovatiivinen kaksoisaromij\u00e4rjestelm\u00e4, eroaa selv\u00e4sti perinteisist\u00e4 kertak\u00e4ytt\u00f6isist\u00e4 s\u00e4hk\u00f6savukkeista. Siin\u00e4 yhdistyv\u00e4t edistynyt tekniikka, kuten verkkokelatekniikka ja \u00e4lyk\u00e4s n\u00e4ytt\u00f6, kompakti, houkutteleva muotoilu, joka on suunniteltu erityisesti vaativille k\u00e4ytt\u00e4jille. Zooy-br\u00e4ndi edustaa laatua ja aitoutta, ja Zooy Twins 35000 jatkaa t\u00e4t\u00e4 standardia pitk\u00e4kestoisella suorituskyvyll\u00e4\u00e4n ja monipuolisilla makuvaihtoehdoilla.<\/p>\n<h2>Tuotteen parametrit ja tiedot<\/h2>\n<p>Zooy Twins 35000 on varustettu uusimmalla tekniikalla optimaalisen h\u00f6yrytyskokemuksen varmistamiseksi. Alla on yksityiskohtainen yleiskatsaus teknisist\u00e4 tiedoista, jotka tekev\u00e4t t\u00e4st\u00e4 laitteesta ensiluokkaisen valinnan.<\/p>\n<h3>Junakapasiteetti: Jopa 35 000 junaa<\/h3>\n<p>Zooy Twins 35000 tarjoaa vaikuttavan jopa 35 000 junan kapasiteetin, mik\u00e4 tekee siit\u00e4 yhden markkinoiden kest\u00e4vimmist\u00e4 kertak\u00e4ytt\u00f6savukkeista. T\u00e4m\u00e4 suuri junien m\u00e4\u00e4r\u00e4 varmistaa, ett\u00e4 k\u00e4ytt\u00e4j\u00e4t voivat nauttia johdonmukaisesta kokemuksesta pitk\u00e4n ajan ilman, ett\u00e4 laitetta tarvitsee vaihtaa usein. Etuna on kustannustehokkuus ja mukavuus, koska vaaditaan v\u00e4hemm\u00e4n uudelleenostoja.<\/p>\n<h3>E-nestekapasiteetti: 30 ml<\/h3>\n<p>30 ml:n e-nestekapasiteetti on Zooy Twins 35000, joka on suunniteltu kest\u00e4m\u00e4\u00e4n pitk\u00e4\u00e4n jopa intensiivisell\u00e4 k\u00e4yt\u00f6ll\u00e4. Runsas tilavuus antaa sinun kokea erilaiset aromit t\u00e4ysin ilman, ett\u00e4 neste kuluu nopeasti. Suuri kapasiteetti v\u00e4hent\u00e4\u00e4 toistuvien uusien ostosten tarvetta ja tarjoaa saumattoman kokemuksen.<\/p>\n<h3>Nikotiinin vahvuudet: 0 %, 2 %, 3 %, 5 %<\/h3>\n<p>Zooy Twins 35000 tarjoaa joustavia nikotiinivahvuuksia (0 %, 2 %, 3 %, 5 %) k\u00e4ytt\u00e4jien yksil\u00f6llisten mieltymysten mukaan. Olipa kyseess\u00e4 nikotiiniton satunnaisille k\u00e4ytt\u00e4jille tai kokeneille vapaille vahvemmat \u2013 t\u00e4m\u00e4 valinta mahdollistaa henkil\u00f6kohtaisen k\u00e4yt\u00f6n. Etuna on sopeutumiskyky, joka sopii sek\u00e4 aloittelijoille ett\u00e4 kokeneille k\u00e4ytt\u00e4jille.<\/p>\n<h3>Akku: 650 mAh USB-C-pikalatauksella<\/h3>\n<p>Integroitu 650 mAh akku tarjoaa luotettavan virtal\u00e4hteen, joka voidaan ladata nopeasti nykyaikaisen USB-C-portin kautta. T\u00e4m\u00e4 tekniikka mahdollistaa lyhyemm\u00e4t latausajat ja helpomman k\u00e4yt\u00f6n, koska k\u00e4\u00e4nnett\u00e4v\u00e4 liit\u00e4nt\u00e4 helpottaa liitt\u00e4mist\u00e4. Etu on minimiodotusaika ja pitk\u00e4kestoinen suorituskyky.<\/p>\n<h3>Kelatekniikka: Dual Mesh -kela (0,1 \u03a9)<\/h3>\n<p>Zooy Twins 35000 k\u00e4ytt\u00e4\u00e4 edistynytt\u00e4 kaksiverkkoista kelateknologiaa, jonka resistanssi on 0,1 \u03a9, mik\u00e4 varmistaa, ett\u00e4 E-neste l\u00e4mmitet\u00e4\u00e4n tasaisesti, mik\u00e4 johtaa intensiivisemp\u00e4\u00e4n makuprofiiliin ja tasaiseen h\u00f6yryntuotantoon. Etu on puhdas ja yhten\u00e4inen kokemus ilman kuivia junia tai ep\u00e4tasaista jakautumista.<\/p>\n<h3>Ilmavirta: s\u00e4\u00e4dett\u00e4v\u00e4<\/h3>\n<p>S\u00e4\u00e4dett\u00e4v\u00e4n ilmavirtaustoiminnon avulla k\u00e4ytt\u00e4j\u00e4t voivat s\u00e4\u00e4t\u00e4\u00e4 vetovastusta mieltymystens\u00e4 mukaan. Olipa l\u00f6ys\u00e4 tai tiukempi juna suositeltava, t\u00e4m\u00e4 toiminto tarjoaa maksimaalisen joustavuuden. Etu on yksil\u00f6llinen sopeutuminen, mik\u00e4 tekee kokemuksesta viel\u00e4kin miellytt\u00e4v\u00e4mm\u00e4n.<\/p>\n<h3>N\u00e4ytt\u00f6: Smart Smart Displa<\/h3>\n<p>Integroitu \u00e4lyn\u00e4ytt\u00f6 n\u00e4ytt\u00e4\u00e4 reaaliaikaiset tiedot, kuten akun varaustason, e-nesteen tason ja junan numeron. T\u00e4m\u00e4 ominaisuus varmistaa t\u00e4yden hallinnan ja l\u00e4pin\u00e4kyvyyden k\u00e4yt\u00f6n aikana. Etuna on yksinkertainen valvonta, joka est\u00e4\u00e4 odottamattomat keskeytykset.<\/p>\n<h3>Valaistus: kolmiv\u00e4riset LGB-valot<\/h3>\n<p>Zooy Twins 35000 on varustettu kolmiv\u00e4risill\u00e4 LGB-valoilla, jotka antavat laitteelle modernin ja houkuttelevan ulkon\u00e4\u00f6n. N\u00e4m\u00e4 valot voivat muuttua tilan tai maun mukaan ja lis\u00e4t\u00e4 esteettist\u00e4 houkuttelevuutta. Etu on tyylik\u00e4s muotoilu, joka saa Zoyn korostaman br\u00e4ndin.<\/p>\n<h3>J\u00e4\u00e4pitoisuus: Kolme s\u00e4\u00e4dett\u00e4v\u00e4\u00e4 tasoa<\/h3>\n<p>Zooy Twins 35000 tarjoaa kolme s\u00e4\u00e4dett\u00e4v\u00e4\u00e4 j\u00e4\u00e4tasoa, jotka mukauttavat makujen viilent\u00e4v\u00e4\u00e4 vaikutusta. K\u00e4ytt\u00e4j\u00e4t voivat valita miedon, keskipitk\u00e4n tai intensiivisen viilent\u00e4v\u00e4n vaikutuksen, jota arvostetaan erityisesti hedelm\u00e4isten tai mentolimaisten makujen osalta. Etuna on mahdollisuus luoda kokemus henkil\u00f6kohtaisen maun mukaan.<\/p>\n<h2>erilaisia makuja Zooy Twins 35000<\/h2>\n<p>Zooy Twins 35000 tarjoaa valikoiman kymment\u00e4 korkealaatuista kaksinkertaista makuyhdistelm\u00e4\u00e4, jotka on erityisesti suunniteltu palvelemaan monenlaisia makumieltymyksi\u00e4. Innovatiivinen kaksoiss\u00e4ili\u00f6j\u00e4rjestelm\u00e4 mahdollistaa saumattoman muutoksen kahden maun v\u00e4lill\u00e4 yhdess\u00e4 laitteessa. Saatavilla olevat maut ovat:<\/p>\n<p><strong>1. Strawberry Ice &amp; Pink Limonade<\/strong><\/p>\n<p><strong>2.love 66 &amp; red bull mansikka<\/strong><\/p>\n<p><strong>3. Mustikkaj\u00e4\u00e4 &amp; ryp\u00e4leen hedelm\u00e4t<\/strong><\/p>\n<p><strong>4. Strawberry Kiwi &amp; Mixed Berry<\/strong><\/p>\n<p><strong>5. Peach Mango Watermelon &amp; Black Dragon Ice<\/strong><\/p>\n<p><strong>6. Blue Razz Lemon &amp; Strawberry Banana<\/strong><\/p>\n<p><strong>7. Watermelon Ice &amp; Cola Ice<\/strong><\/p>\n<p><strong>8. Strawberry Watermelon &amp; Lemon Lime<\/strong><\/p>\n<p><strong>9.Mr. Sininen &amp; Mango Ice<\/strong><\/p>\n<p><strong>10.Peach Ice &amp; Raspberry -vesimeloni<\/strong><\/p>\n<p>Jokainen maku on huolellisesti suunniteltu tarjoamaan intensiivinen ja aito aromi. Dual Tank -j\u00e4rjestelm\u00e4n avulla k\u00e4ytt\u00e4j\u00e4t voivat vaihtaa kahden maun v\u00e4lill\u00e4 vaihtamatta laitetta, mik\u00e4 lis\u00e4\u00e4 monipuolisuutta ja mukavuutta.<\/p>\n<p><img fetchpriority=\"high\" decoding=\"async\" class=\"wp-image-11776 size-full\" title=\"zooy twins 35000 35k puffs\" src=\"https:\/\/shopvapor.de\/wp-content\/uploads\/2025\/07\/ZOOY-TWINS-35000-35K-Puffs.webp\" alt=\"zooy twins 35000 35k puffs\" width=\"800\" height=\"800\" srcset=\"https:\/\/shopvapor.de\/wp-content\/uploads\/2025\/07\/ZOOY-TWINS-35000-35K-Puffs.webp 800w, https:\/\/shopvapor.de\/wp-content\/uploads\/2025\/07\/ZOOY-TWINS-35000-35K-Puffs-300x300.webp 300w, https:\/\/shopvapor.de\/wp-content\/uploads\/2025\/07\/ZOOY-TWINS-35000-35K-Puffs-150x150.webp 150w, https:\/\/shopvapor.de\/wp-content\/uploads\/2025\/07\/ZOOY-TWINS-35000-35K-Puffs-768x768.webp 768w, https:\/\/shopvapor.de\/wp-content\/uploads\/2025\/07\/ZOOY-TWINS-35000-35K-Puffs-430x430.webp 430w, https:\/\/shopvapor.de\/wp-content\/uploads\/2025\/07\/ZOOY-TWINS-35000-35K-Puffs-700x700.webp 700w, https:\/\/shopvapor.de\/wp-content\/uploads\/2025\/07\/ZOOY-TWINS-35000-35K-Puffs-180x180.webp 180w\" sizes=\"(max-width: 800px) 100vw, 800px\" \/><\/p>\n<h2>FAQ Zooy Twins 35000:sta<\/h2>\n<h3>Kuinka kauan Zoy kest\u00e4\u00e4 Twins 35000:ssa keskim\u00e4\u00e4r\u00e4isell\u00e4 k\u00e4yt\u00f6ll\u00e4?<\/h3>\n<p>Zooy Twins 35000 tarjoaa jopa 35 000 junaa, jotka voivat kest\u00e4\u00e4 useista viikoista kuukausiin k\u00e4ytt\u00f6tiheydest\u00e4 riippuen. Keskim\u00e4\u00e4r\u00e4isell\u00e4 k\u00e4yt\u00f6ll\u00e4 (noin 500 junaa p\u00e4iv\u00e4ss\u00e4) laitetta voidaan k\u00e4ytt\u00e4\u00e4 noin 70 p\u00e4iv\u00e4\u00e4.<\/p>\n<h3>Sopiiko Zooy Twins 35000 aloittelijoille?<\/h3>\n<p>Kyll\u00e4, Zooy Twins 35000 on ihanteellinen aloittelijoille, koska se on helppok\u00e4ytt\u00f6inen eik\u00e4 vaadi huoltoa. S\u00e4\u00e4dett\u00e4v\u00e4t nikotiinivahvuudet (mukaan lukien 0 %) ja muokattava ilmavirta tekev\u00e4t sinusta houkuttelevan sek\u00e4 uusille tulokkaille ett\u00e4 kokeneille k\u00e4ytt\u00e4jille.<\/p>\n<h3>Voinko sekoittaa makuja k\u00e4yt\u00f6n aikana?<\/h3>\n<p>Dual Tank -j\u00e4rjestelm\u00e4 mahdollistaa muutoksen kahden maun v\u00e4lill\u00e4, mutta makuja ei sekoiteta, koska ne ovat erillisiss\u00e4 s\u00e4ili\u00f6iss\u00e4. T\u00e4m\u00e4 varmistaa puhtaan makukokemuksen jokaisella muutoksella.<\/p>\n<h3>Kuinka lataan Zooy Twins 35000:n?<\/h3>\n<p>Zooy Twins 35000:ssa on USB-C-portti nopeaa latausta varten. K\u00e4yt\u00e4 yhteensopivaa USB-C-kaapelia ja tavallista lataussovitinta (suositus 5V\/1A). T\u00e4ysi lataus kest\u00e4\u00e4 noin 30-45 minuuttia.<\/p>\n<h3>Mit\u00e4 tapahtuu, kun e-neste tai akku on tyhj\u00e4?<\/h3>\n<p>Kun e-neste tai akku on k\u00e4ytetty loppuun, Zooyn pit\u00e4isi kaksoset 35000 paikallisten elektroniikkaj\u00e4tem\u00e4\u00e4r\u00e4ysten mukaisesti. \u00c4lyk\u00e4s n\u00e4ytt\u00f6 n\u00e4ytt\u00e4\u00e4 tason ja akun keston odottamattomien keskeytysten v\u00e4ltt\u00e4miseksi.<\/p>\n<h3>Ovatko Zoyn tuotteet aitoja?<\/h3>\n<p>Kyll\u00e4, Zooy takaa kaikkien tuotteiden aitouden. Muista ostaa valtuutetuilta j\u00e4lleenmyyjilt\u00e4 v\u00e4ltt\u00e4\u00e4ksesi v\u00e4\u00e4renn\u00f6kset. Alkuper\u00e4iset Zooy-tuotteet toimitetaan sarjanumerolla ja aitoustodistuksella.<\/p>\n<h3>Voinko ottaa zoy mukaan kaksoset 35000 mukaasi lentokoneeseen?<\/h3>\n<p>Kertak\u00e4ytt\u00f6isten e-savukkeiden kuljettaminen k\u00e4simatkatavaroissa on sallittua useimmissa maissa, mutta m\u00e4\u00e4r\u00e4ykset vaihtelevat lentoyhti\u00f6iden ja kohdemaiden mukaan. Tarkista voimassa olevat m\u00e4\u00e4r\u00e4ykset ennen matkan aloittamista. Zooy Twins 35000:n kompakti koko helpottaa kuljetusta.<\/p>\n<\/div>","protected":false},"excerpt":{"rendered":"<p>Johdatus Zooy Twinsiin 35000 Kertak\u00e4ytt\u00f6inen e-savuke Zooy Twins 35000 Kertak\u00e4ytt\u00f6inen e-savuke edustaa tunnetun Zooy-br\u00e4ndin uusinta innovaatiota,<\/p>","protected":false},"featured_media":10984,"comment_status":"open","ping_status":"closed","template":"","meta":[],"product_brand":[1149],"product_cat":[1151],"product_tag":[1013,1014,1015,1016,1017,1108],"class_list":{"0":"post-10983","1":"product","2":"type-product","3":"status-publish","4":"has-post-thumbnail","6":"product_brand-zooy","7":"product_cat-35000-puffs","8":"product_tag-all-product","9":"product_tag-brand","10":"product_tag-disposable","11":"product_tag-eu-warehouse-vape","12":"product_tag-new-arrival","13":"product_tag-zooy","15":"first","16":"instock","17":"sale","18":"shipping-taxable","19":"purchasable","20":"product-type-variable"},"yoast_head":"<!-- This site is optimized with the Yoast SEO plugin v25.8 - https:\/\/yoast.com\/wordpress\/plugins\/seo\/ -->\n<title>ZOOY TWINS 35000 35K Puffs 30ml Doppelgeschmack Einweg-E-Zigarette - ShopVapor<\/title>\n<meta name=\"description\" content=\"Einf\u00fchrung in die ZOOY TWINS 35000 Einweg-E-Zigarette Die ZOOY TWINS 35000 Einweg-E-Zigarette repr\u00e4sentiert die neueste Innovation der renommierten Marke\" \/>\n<meta name=\"robots\" content=\"index, follow, max-snippet:-1, max-image-preview:large, max-video-preview:-1\" \/>\n<link rel=\"canonical\" href=\"https:\/\/shopvapor.de\/fi\/product\/zooy-twins-35000-35k-puffs-30ml-double-taste-kertakaeyttoeinen-e-savuke\/\" \/>\n<meta property=\"og:locale\" content=\"fi_FI\" \/>\n<meta property=\"og:type\" content=\"article\" \/>\n<meta property=\"og:title\" content=\"ZOOY TWINS 35000 35K Puffs 30ml Doppelgeschmack Einweg-E-Zigarette - ShopVapor\" \/>\n<meta property=\"og:description\" content=\"Einf\u00fchrung in die ZOOY TWINS 35000 Einweg-E-Zigarette Die ZOOY TWINS 35000 Einweg-E-Zigarette repr\u00e4sentiert die neueste Innovation der renommierten Marke\" \/>\n<meta property=\"og:url\" content=\"https:\/\/shopvapor.de\/fi\/product\/zooy-twins-35000-35k-puffs-30ml-double-taste-kertakaeyttoeinen-e-savuke\/\" \/>\n<meta property=\"og:site_name\" content=\"ShopVapor\" \/>\n<meta property=\"article:modified_time\" content=\"2025-07-15T02:01:33+00:00\" \/>\n<meta property=\"og:image\" content=\"https:\/\/shopvapor.de\/wp-content\/uploads\/2025\/07\/zooy-twins-35000-35k-puffs-30ml-doppelgeschmack-einweg-e-zigarette-2.png\" \/>\n\t<meta property=\"og:image:width\" content=\"800\" \/>\n\t<meta property=\"og:image:height\" content=\"800\" \/>\n\t<meta property=\"og:image:type\" content=\"image\/png\" \/>\n<meta name=\"twitter:card\" content=\"summary_large_image\" \/>\n<meta name=\"twitter:label1\" content=\"Arvioitu lukuaika\" \/>\n\t<meta name=\"twitter:data1\" content=\"5 minuuttia\" \/>\n<!-- \/ Yoast SEO plugin. -->","yoast_head_json":{"title":"Zooy Twins 35000 35K Puffs 30ml Double Taste Kertak\u00e4ytt\u00f6inen e-savuke - Shopvapor","description":"Johdatus Zooy Twinsiin 35000 Kertak\u00e4ytt\u00f6inen E-savuke Zooy Twins 35000 Kertak\u00e4ytt\u00f6inen e-savuke edustaa tunnetun br\u00e4ndin uusinta innovaatiota","robots":{"index":"index","follow":"follow","max-snippet":"max-snippet:-1","max-image-preview":"max-image-preview:large","max-video-preview":"max-video-preview:-1"},"canonical":"https:\/\/shopvapor.de\/fi\/product\/zooy-twins-35000-35k-puffs-30ml-double-taste-kertakaeyttoeinen-e-savuke\/","og_locale":"fi_FI","og_type":"article","og_title":"ZOOY TWINS 35000 35K Puffs 30ml Doppelgeschmack Einweg-E-Zigarette - ShopVapor","og_description":"Einf\u00fchrung in die ZOOY TWINS 35000 Einweg-E-Zigarette Die ZOOY TWINS 35000 Einweg-E-Zigarette repr\u00e4sentiert die neueste Innovation der renommierten Marke","og_url":"https:\/\/shopvapor.de\/fi\/product\/zooy-twins-35000-35k-puffs-30ml-double-taste-kertakaeyttoeinen-e-savuke\/","og_site_name":"ShopVapor","article_modified_time":"2025-07-15T02:01:33+00:00","og_image":[{"width":800,"height":800,"url":"https:\/\/shopvapor.de\/wp-content\/uploads\/2025\/07\/zooy-twins-35000-35k-puffs-30ml-doppelgeschmack-einweg-e-zigarette-2.png","type":"image\/png"}],"twitter_card":"summary_large_image","twitter_misc":{"Arvioitu lukuaika":"5 minuuttia"},"schema":{"@context":"https:\/\/schema.org","@graph":[{"@type":"WebPage","@id":"https:\/\/shopvapor.de\/produkt\/zooy-twins-35000-35k-puffs-30ml-doppelgeschmack-einweg-e-zigarette\/","url":"https:\/\/shopvapor.de\/produkt\/zooy-twins-35000-35k-puffs-30ml-doppelgeschmack-einweg-e-zigarette\/","name":"Zooy Twins 35000 35K Puffs 30ml Double Taste Kertak\u00e4ytt\u00f6inen e-savuke - Shopvapor","isPartOf":{"@id":"https:\/\/shopvapor.de\/#website"},"primaryImageOfPage":{"@id":"https:\/\/shopvapor.de\/produkt\/zooy-twins-35000-35k-puffs-30ml-doppelgeschmack-einweg-e-zigarette\/#primaryimage"},"image":{"@id":"https:\/\/shopvapor.de\/produkt\/zooy-twins-35000-35k-puffs-30ml-doppelgeschmack-einweg-e-zigarette\/#primaryimage"},"thumbnailUrl":"https:\/\/shopvapor.de\/wp-content\/uploads\/2025\/07\/zooy-twins-35000-35k-puffs-30ml-doppelgeschmack-einweg-e-zigarette-2.png","datePublished":"2025-07-02T08:16:44+00:00","dateModified":"2025-07-15T02:01:33+00:00","description":"Johdatus Zooy Twinsiin 35000 Kertak\u00e4ytt\u00f6inen E-savuke Zooy Twins 35000 Kertak\u00e4ytt\u00f6inen e-savuke edustaa tunnetun br\u00e4ndin uusinta innovaatiota","breadcrumb":{"@id":"https:\/\/shopvapor.de\/produkt\/zooy-twins-35000-35k-puffs-30ml-doppelgeschmack-einweg-e-zigarette\/#breadcrumb"},"inLanguage":"fi","potentialAction":[{"@type":"ReadAction","target":["https:\/\/shopvapor.de\/produkt\/zooy-twins-35000-35k-puffs-30ml-doppelgeschmack-einweg-e-zigarette\/"]}]},{"@type":"ImageObject","inLanguage":"fi","@id":"https:\/\/shopvapor.de\/produkt\/zooy-twins-35000-35k-puffs-30ml-doppelgeschmack-einweg-e-zigarette\/#primaryimage","url":"https:\/\/shopvapor.de\/wp-content\/uploads\/2025\/07\/zooy-twins-35000-35k-puffs-30ml-doppelgeschmack-einweg-e-zigarette-2.png","contentUrl":"https:\/\/shopvapor.de\/wp-content\/uploads\/2025\/07\/zooy-twins-35000-35k-puffs-30ml-doppelgeschmack-einweg-e-zigarette-2.png","width":800,"height":800},{"@type":"BreadcrumbList","@id":"https:\/\/shopvapor.de\/produkt\/zooy-twins-35000-35k-puffs-30ml-doppelgeschmack-einweg-e-zigarette\/#breadcrumb","itemListElement":[{"@type":"ListItem","position":1,"name":"Startseite","item":"https:\/\/shopvapor.de\/"},{"@type":"ListItem","position":2,"name":"Shop","item":"https:\/\/shopvapor.de\/shop\/"},{"@type":"ListItem","position":3,"name":"ZOOY TWINS 35000 35K Puffs 30ml Doppelgeschmack Einweg-E-Zigarette"}]},{"@type":"WebSite","@id":"https:\/\/shopvapor.de\/#website","url":"https:\/\/shopvapor.de\/","name":"ShopVapor","description":"","potentialAction":[{"@type":"SearchAction","target":{"@type":"EntryPoint","urlTemplate":"https:\/\/shopvapor.de\/?s={search_term_string}"},"query-input":{"@type":"PropertyValueSpecification","valueRequired":true,"valueName":"search_term_string"}}],"inLanguage":"fi"}]}},"_links":{"self":[{"href":"https:\/\/shopvapor.de\/fi\/wp-json\/wp\/v2\/product\/10983","targetHints":{"allow":["GET"]}}],"collection":[{"href":"https:\/\/shopvapor.de\/fi\/wp-json\/wp\/v2\/product"}],"about":[{"href":"https:\/\/shopvapor.de\/fi\/wp-json\/wp\/v2\/types\/product"}],"replies":[{"embeddable":true,"href":"https:\/\/shopvapor.de\/fi\/wp-json\/wp\/v2\/comments?post=10983"}],"version-history":[{"count":1,"href":"https:\/\/shopvapor.de\/fi\/wp-json\/wp\/v2\/product\/10983\/revisions"}],"predecessor-version":[{"id":11777,"href":"https:\/\/shopvapor.de\/fi\/wp-json\/wp\/v2\/product\/10983\/revisions\/11777"}],"wp:featuredmedia":[{"embeddable":true,"href":"https:\/\/shopvapor.de\/fi\/wp-json\/wp\/v2\/media\/10984"}],"wp:attachment":[{"href":"https:\/\/shopvapor.de\/fi\/wp-json\/wp\/v2\/media?parent=10983"}],"wp:term":[{"taxonomy":"product_brand","embeddable":true,"href":"https:\/\/shopvapor.de\/fi\/wp-json\/wp\/v2\/product_brand?post=10983"},{"taxonomy":"product_cat","embeddable":true,"href":"https:\/\/shopvapor.de\/fi\/wp-json\/wp\/v2\/product_cat?post=10983"},{"taxonomy":"product_tag","embeddable":true,"href":"https:\/\/shopvapor.de\/fi\/wp-json\/wp\/v2\/product_tag?post=10983"}],"curies":[{"name":"pukki","href":"https:\/\/api.w.org\/{rel}","templated":true}]}}