{"id":11755,"date":"2025-07-14T16:42:42","date_gmt":"2025-07-14T16:42:42","guid":{"rendered":"https:\/\/shopvapor.de\/?post_type=product&#038;p=11755"},"modified":"2025-07-14T16:46:39","modified_gmt":"2025-07-14T16:46:39","slug":"razz-bar-15000-15k-puffs-20ml-kertakaeyttoeinen-e-savuke-alkuperaeinen","status":"publish","type":"product","link":"https:\/\/shopvapor.de\/fi\/product\/razz-bar-15000-15k-puffs-20ml-kertakaeyttoeinen-e-savuke-alkuperaeinen\/","title":{"rendered":"Razz Bar 15000 15K Puffs 20ml Kertak\u00e4ytt\u00f6inen E-savuke alkuper\u00e4inen"},"content":{"rendered":"<h2>Razz Bar 15000 Kertak\u00e4ytt\u00f6isten e-savukkeiden mestariteos<\/h2>\n<p>Razz Bar 15000 on huippuluokan kertak\u00e4ytt\u00f6inen e-savuke, joka tekee vaikutuksen edistyneell\u00e4 tekniikallaan ja houkuttelevalla muotoilullaan. T\u00e4m\u00e4 laite, jolla on jopa 15 000 junan kapasiteetti, tarjoaa pitk\u00e4kestoisen k\u00e4yt\u00f6n ja yhdist\u00e4\u00e4 laadun k\u00e4ytt\u00e4j\u00e4yst\u00e4v\u00e4llisyyteen. Razz Bar -br\u00e4ndi on lyhenne sanoista Precision and Innovation varmistaakseen johdonmukaisen ja tyydytt\u00e4v\u00e4n kokemuksen.<\/p>\n<h2>Tuoteparametrit yhdell\u00e4 silm\u00e4yksell\u00e4<\/h2>\n<p>Razz Bar 15000:lle on ominaista huolellisesti kehitetyt tekniset tiedot, jotka takaavat sek\u00e4 monipuolisuuden ett\u00e4 suorituskyvyn. Alla on yksityiskohtainen luettelo parametreista ja niiden eduista.<\/p>\n<h3>S\u00e4\u00e4dett\u00e4v\u00e4 ilmavirta<\/h3>\n<p>Razz Bar 15000:ssa on s\u00e4\u00e4dett\u00e4v\u00e4 ilmavirtaus kahdella vaiheella, jonka avulla voit mukauttaa vetovastusta. T\u00e4m\u00e4 ominaisuus varmistaa r\u00e4\u00e4t\u00e4l\u00f6idyn kokemuksen, joka sopii sek\u00e4 tiukempiin ett\u00e4 ilmavampiin juniin. Etu on joustavuus, joka vastaa erilaisia mieltymyksi\u00e4 ja mahdollistaa tasaisen h\u00f6yrystyksen.<\/p>\n<h3>l\u00e4pin\u00e4kyv\u00e4 kristalli<\/h3>\n<p>Razz Bar 15000:n tyylik\u00e4s, l\u00e4pin\u00e4kyv\u00e4 kristallimuotoilu erottuu esteettisest\u00e4 ulkon\u00e4\u00f6st\u00e4\u00e4n. Se mahdollistaa tarkan laitteen sis\u00e4ll\u00e4 olevan tarkasti prosessoitujen tekniikoiden tarkastelun, joka ei vain n\u00e4yt\u00e4 houkuttelevalta, vaan my\u00f6s korostaa br\u00e4ndin korkeaa k\u00e4sittelyn laatua. T\u00e4m\u00e4 muotoilu tekee Razz Bar 15000:sta tyylikk\u00e4\u00e4n kumppanin kaikkiin tilaisuuksiin.<\/p>\n<h3>pitk\u00e4 el\u00e4m\u00e4<\/h3>\n<p>Jopa 15 000 junalla Razz Bar 15000 tarjoaa poikkeuksellisen pitk\u00e4n k\u00e4ytt\u00f6i\u00e4n. T\u00e4m\u00e4 suuri kapasiteetti v\u00e4hent\u00e4\u00e4 uusien ostojen tarvetta useammin ja varmistaa jatkuvan tyytyv\u00e4isyyden. Pitk\u00e4ik\u00e4isyys on keskeinen etu k\u00e4ytt\u00e4jille, jotka etsiv\u00e4t luotettavaa laitetta p\u00e4ivitt\u00e4iseen k\u00e4ytt\u00f6\u00f6n.<\/p>\n<h3>650 mAh ladattava akku<\/h3>\n<p>Integroitu 650 mAh:n akku on ladattava ja tukee nopeaa latausta USB Type-C -portin kautta. T\u00e4m\u00e4 runsas akkukapasiteetti varmistaa, ett\u00e4 laite pysyy toiminnassa pitki\u00e4 aikoja, kun taas Type-C-tekniikka mahdollistaa nopean ja tehokkaan latauksen. T\u00e4m\u00e4 tekee Razz Bar 15000:sta erityisen k\u00e4yt\u00e4nn\u00f6llisen mobiilik\u00e4ytt\u00f6\u00f6n.<\/p>\n<h3>verkkokelatekniikka<\/h3>\n<p>Edistyksellinen verkkokierukkatekniikka takaa alhaisen resistanssin, mik\u00e4 mahdollistaa tasaisen l\u00e4mmityksen ja tihe\u00e4n h\u00f6yryn. T\u00e4m\u00e4 tekniikka tehostaa makua ja tarjoaa yhten\u00e4isen kokemuksen jokaisesta liikkeest\u00e4. Etu on optimoitu h\u00f6yryntuotanto ja erinomainen makulaatu, joka erottaa Razz Bar 15000:n.<\/p>\n<h3>Valikoima suolan nikotiinia<\/h3>\n<p>Razz Bar 15000:a on saatavana kahdessa suolanikotiinipitoisuudessa: 2% ja 5%, jonka avulla k\u00e4ytt\u00e4j\u00e4t voivat valita yksil\u00f6llisiin tarpeisiinsa sopivan voiman. Nikotiinipitoisuuden joustavuus tekee laitteesta monipuolisen ja muokattavissa kattamaan monenlaisia mieltymyksi\u00e4.<\/p>\n<h2>erilaisia makuja<\/h2>\n<p>Razz Bar 15000 tarjoaa valikoiman 12 eri makua, jotka tarjoavat vaihtelua ja nautintoa. Hedelm\u00e4isist\u00e4 virkist\u00e4v\u00e4\u00e4n aromiin l\u00f6ytyy jokaiseen makuun jotakin. Makujen valikoima korostaa Razz Bar 15000:aa ja antaa k\u00e4ytt\u00e4jille mahdollisuuden l\u00f6yt\u00e4\u00e4 uusia makuel\u00e4myksi\u00e4.<\/p>\n<ul>\n<li>sininen vadelma<\/li>\n<li>mansikkaj\u00e4\u00e4<\/li>\n<li>mango-persikka<\/li>\n<li>vesimeloni<\/li>\n<li>viiniryp\u00e4le<\/li>\n<li>Sitruuna Lime<\/li>\n<li>Trooppiset hedelm\u00e4t<\/li>\n<li>kirsikkakoksi<\/li>\n<li>ananas kookosp\u00e4hkin\u00e4<\/li>\n<li>omenakaneli<\/li>\n<li>Sekoitettu marja<\/li>\n<li>minttu mojito<\/li>\n<\/ul>\n<p><img fetchpriority=\"high\" decoding=\"async\" class=\"wp-image-11758 size-full\" title=\"Razz Bar 15000 Puffs Flavor List\" src=\"https:\/\/shopvapor.de\/wp-content\/uploads\/2025\/07\/Razz-bar-15000-puffs-Flavor-List.jpg\" alt=\"Razz Bar 15000 Puffs Flavor List\" width=\"800\" height=\"800\" srcset=\"https:\/\/shopvapor.de\/wp-content\/uploads\/2025\/07\/Razz-bar-15000-puffs-Flavor-List.jpg 800w, https:\/\/shopvapor.de\/wp-content\/uploads\/2025\/07\/Razz-bar-15000-puffs-Flavor-List-300x300.jpg 300w, https:\/\/shopvapor.de\/wp-content\/uploads\/2025\/07\/Razz-bar-15000-puffs-Flavor-List-150x150.jpg 150w, https:\/\/shopvapor.de\/wp-content\/uploads\/2025\/07\/Razz-bar-15000-puffs-Flavor-List-768x768.jpg 768w, https:\/\/shopvapor.de\/wp-content\/uploads\/2025\/07\/Razz-bar-15000-puffs-Flavor-List-430x430.jpg 430w, https:\/\/shopvapor.de\/wp-content\/uploads\/2025\/07\/Razz-bar-15000-puffs-Flavor-List-700x700.jpg 700w, https:\/\/shopvapor.de\/wp-content\/uploads\/2025\/07\/Razz-bar-15000-puffs-Flavor-List-180x180.jpg 180w\" sizes=\"(max-width: 800px) 100vw, 800px\" \/><\/p>\n<h2>Usein kysytyt kysymykset (FAQ)<\/h2>\n<p><strong>Kuinka kauan Razz Bar 15000 -akku kest\u00e4\u00e4?<\/strong><br \/>\n650 mAh akku on suunniteltu pitk\u00e4aikaiseen k\u00e4ytt\u00f6\u00f6n ja se voidaan ladata nopeasti USB Type-C:n kautta. Akun todellinen k\u00e4ytt\u00f6ik\u00e4 riippuu k\u00e4ytt\u00f6tiheydest\u00e4 ja ilmavirran asetuksesta.<\/p>\n<p><strong>Voinko muuttaa makua ostaessani laitteen?<\/strong><br \/>\nRazz Bar 15000 on kertak\u00e4ytt\u00f6inen e-savuke, jonka maku on kiinte\u00e4. Nauti erilaisesta mausta tilaaessasi valitsemalla haluamasi maku 12 saatavilla olevasta vaihtoehdosta.<\/p>\n<p><strong>Sopiiko Razz Bar 15000 p\u00e4ivitt\u00e4iseen k\u00e4ytt\u00f6\u00f6n?<\/strong><br \/>\nKyll\u00e4, jopa 15 000 siirrolla ja ladattavalla akulla Razz Bar 15000 on ihanteellinen jokap\u00e4iv\u00e4iseen k\u00e4ytt\u00f6\u00f6n. Suuri kapasiteetti ja helppo k\u00e4sittely tekev\u00e4t siit\u00e4 k\u00e4yt\u00e4nn\u00f6llisen valinnan.<\/p>\n<p><strong>Miten s\u00e4\u00e4dett\u00e4v\u00e4 ilmavirta toimii?<\/strong><br \/>\nIlmavirtaa voidaan s\u00e4\u00e4t\u00e4\u00e4 kahdessa vaiheessa laitteen liukumekanismin avulla. N\u00e4in voit valita tiukemman tai ilmavamman junan v\u00e4lill\u00e4 mieltymystesi mukaan.<\/p>\n<p><strong>Mit\u00e4 tapahtuu, kun 15 000 junaa on k\u00e4ytetty?<\/strong><br \/>\nKun 15 000 junaa tai 20 ml e-nestett\u00e4 on k\u00e4ytetty loppuun, laite on k\u00e4ytetty loppuun ja se tulee h\u00e4vitt\u00e4\u00e4 paikallisten m\u00e4\u00e4r\u00e4ysten mukaisesti. Se ei ole uudelleent\u00e4ytett\u00e4viss\u00e4.<\/p>\n<p><strong>Onko USB Type-C -kaapeli mukana?<\/strong><br \/>\nEi, USB Type-C -kaapeli ei sis\u00e4lly. Voit kuitenkin k\u00e4ytt\u00e4\u00e4 mit\u00e4 tahansa tavallista USB Type-C -kaapelia akun lataamiseen.<\/p>","protected":false},"excerpt":{"rendered":"<p dir=\"auto\">Tutustu Razz Bar 15000:een, korkealaatuiseen kertak\u00e4ytt\u00f6iseen e-savukkeeseen, jossa on jopa 15 000 junaa, s\u00e4\u00e4dett\u00e4v\u00e4 ilmavirta, 650 mAh akku ja 12 makua.<\/p>","protected":false},"featured_media":11756,"comment_status":"open","ping_status":"closed","template":"","meta":[],"product_brand":[1189],"product_cat":[1157],"product_tag":[963,1192],"class_list":{"0":"post-11755","1":"product","2":"type-product","3":"status-publish","4":"has-post-thumbnail","6":"product_brand-razz-bar","7":"product_cat-15000-puffs","8":"product_tag-15k-puffs","9":"product_tag-20ml","11":"first","12":"instock","13":"sale","14":"shipping-taxable","15":"purchasable","16":"product-type-variable"},"yoast_head":"<!-- This site is optimized with the Yoast SEO plugin v25.8 - https:\/\/yoast.com\/wordpress\/plugins\/seo\/ -->\n<title>Razz Bar 15000 15K Puffs 20ml Einweg-E-Zigarette Original - ShopVapor<\/title>\n<meta name=\"description\" content=\"Entdecken Sie die Razz Bar 15000, eine hochwertige Einweg-E-Zigarette mit bis zu 15.000 Z\u00fcgen, verstellbarem Luftstrom, 650 mAh Akku und 12 Geschmacksrichtungen.\" \/>\n<meta name=\"robots\" content=\"index, follow, max-snippet:-1, max-image-preview:large, max-video-preview:-1\" \/>\n<link rel=\"canonical\" href=\"https:\/\/shopvapor.de\/fi\/product\/razz-bar-15000-15k-puffs-20ml-kertakaeyttoeinen-e-savuke-alkuperaeinen\/\" \/>\n<meta property=\"og:locale\" content=\"fi_FI\" \/>\n<meta property=\"og:type\" content=\"article\" \/>\n<meta property=\"og:title\" content=\"Razz Bar 15000 15K Puffs 20ml Einweg-E-Zigarette Original - ShopVapor\" \/>\n<meta property=\"og:description\" content=\"Entdecken Sie die Razz Bar 15000, eine hochwertige Einweg-E-Zigarette mit bis zu 15.000 Z\u00fcgen, verstellbarem Luftstrom, 650 mAh Akku und 12 Geschmacksrichtungen.\" \/>\n<meta property=\"og:url\" content=\"https:\/\/shopvapor.de\/fi\/product\/razz-bar-15000-15k-puffs-20ml-kertakaeyttoeinen-e-savuke-alkuperaeinen\/\" \/>\n<meta property=\"og:site_name\" content=\"ShopVapor\" \/>\n<meta property=\"article:modified_time\" content=\"2025-07-14T16:46:39+00:00\" \/>\n<meta name=\"twitter:card\" content=\"summary_large_image\" \/>\n<meta name=\"twitter:label1\" content=\"Arvioitu lukuaika\" \/>\n\t<meta name=\"twitter:data1\" content=\"4 minuuttia\" \/>\n<!-- \/ Yoast SEO plugin. -->","yoast_head_json":{"title":"Razz Bar 15000 15K Puffs 20ml Kertak\u00e4ytt\u00f6inen E-savuke Alkuper\u00e4inen - Shopvapor","description":"Tutustu Razz Bar 15000:een, korkealaatuiseen kertak\u00e4ytt\u00f6iseen e-savukkeeseen, jossa on jopa 15 000 junaa, s\u00e4\u00e4dett\u00e4v\u00e4 ilmavirta, 650 mAh akku ja 12 makua.","robots":{"index":"index","follow":"follow","max-snippet":"max-snippet:-1","max-image-preview":"max-image-preview:large","max-video-preview":"max-video-preview:-1"},"canonical":"https:\/\/shopvapor.de\/fi\/product\/razz-bar-15000-15k-puffs-20ml-kertakaeyttoeinen-e-savuke-alkuperaeinen\/","og_locale":"fi_FI","og_type":"article","og_title":"Razz Bar 15000 15K Puffs 20ml Einweg-E-Zigarette Original - ShopVapor","og_description":"Entdecken Sie die Razz Bar 15000, eine hochwertige Einweg-E-Zigarette mit bis zu 15.000 Z\u00fcgen, verstellbarem Luftstrom, 650 mAh Akku und 12 Geschmacksrichtungen.","og_url":"https:\/\/shopvapor.de\/fi\/product\/razz-bar-15000-15k-puffs-20ml-kertakaeyttoeinen-e-savuke-alkuperaeinen\/","og_site_name":"ShopVapor","article_modified_time":"2025-07-14T16:46:39+00:00","twitter_card":"summary_large_image","twitter_misc":{"Arvioitu lukuaika":"4 minuuttia"},"schema":{"@context":"https:\/\/schema.org","@graph":[{"@type":"WebPage","@id":"https:\/\/shopvapor.de\/produkt\/razz-bar-15000-15k-puffs-20ml-einweg-e-zigarette-original\/","url":"https:\/\/shopvapor.de\/produkt\/razz-bar-15000-15k-puffs-20ml-einweg-e-zigarette-original\/","name":"Razz Bar 15000 15K Puffs 20ml Kertak\u00e4ytt\u00f6inen E-savuke Alkuper\u00e4inen - Shopvapor","isPartOf":{"@id":"https:\/\/shopvapor.de\/#website"},"primaryImageOfPage":{"@id":"https:\/\/shopvapor.de\/produkt\/razz-bar-15000-15k-puffs-20ml-einweg-e-zigarette-original\/#primaryimage"},"image":{"@id":"https:\/\/shopvapor.de\/produkt\/razz-bar-15000-15k-puffs-20ml-einweg-e-zigarette-original\/#primaryimage"},"thumbnailUrl":"https:\/\/shopvapor.de\/wp-content\/uploads\/2025\/07\/Razz-bar-15000-puffs-Mesh-Coil.avif","datePublished":"2025-07-14T16:42:42+00:00","dateModified":"2025-07-14T16:46:39+00:00","description":"Tutustu Razz Bar 15000:een, korkealaatuiseen kertak\u00e4ytt\u00f6iseen e-savukkeeseen, jossa on jopa 15 000 junaa, s\u00e4\u00e4dett\u00e4v\u00e4 ilmavirta, 650 mAh akku ja 12 makua.","breadcrumb":{"@id":"https:\/\/shopvapor.de\/produkt\/razz-bar-15000-15k-puffs-20ml-einweg-e-zigarette-original\/#breadcrumb"},"inLanguage":"fi","potentialAction":[{"@type":"ReadAction","target":["https:\/\/shopvapor.de\/produkt\/razz-bar-15000-15k-puffs-20ml-einweg-e-zigarette-original\/"]}]},{"@type":"ImageObject","inLanguage":"fi","@id":"https:\/\/shopvapor.de\/produkt\/razz-bar-15000-15k-puffs-20ml-einweg-e-zigarette-original\/#primaryimage","url":"https:\/\/shopvapor.de\/wp-content\/uploads\/2025\/07\/Razz-bar-15000-puffs-Mesh-Coil.avif","contentUrl":"https:\/\/shopvapor.de\/wp-content\/uploads\/2025\/07\/Razz-bar-15000-puffs-Mesh-Coil.avif","width":800,"height":800,"caption":"Razz bar 15000 puffs Mesh Coil"},{"@type":"BreadcrumbList","@id":"https:\/\/shopvapor.de\/produkt\/razz-bar-15000-15k-puffs-20ml-einweg-e-zigarette-original\/#breadcrumb","itemListElement":[{"@type":"ListItem","position":1,"name":"Startseite","item":"https:\/\/shopvapor.de\/"},{"@type":"ListItem","position":2,"name":"Shop","item":"https:\/\/shopvapor.de\/shop\/"},{"@type":"ListItem","position":3,"name":"Razz Bar 15000 15K Puffs 20ml Einweg-E-Zigarette Original"}]},{"@type":"WebSite","@id":"https:\/\/shopvapor.de\/#website","url":"https:\/\/shopvapor.de\/","name":"ShopVapor","description":"","potentialAction":[{"@type":"SearchAction","target":{"@type":"EntryPoint","urlTemplate":"https:\/\/shopvapor.de\/?s={search_term_string}"},"query-input":{"@type":"PropertyValueSpecification","valueRequired":true,"valueName":"search_term_string"}}],"inLanguage":"fi"}]}},"_links":{"self":[{"href":"https:\/\/shopvapor.de\/fi\/wp-json\/wp\/v2\/product\/11755","targetHints":{"allow":["GET"]}}],"collection":[{"href":"https:\/\/shopvapor.de\/fi\/wp-json\/wp\/v2\/product"}],"about":[{"href":"https:\/\/shopvapor.de\/fi\/wp-json\/wp\/v2\/types\/product"}],"replies":[{"embeddable":true,"href":"https:\/\/shopvapor.de\/fi\/wp-json\/wp\/v2\/comments?post=11755"}],"version-history":[{"count":3,"href":"https:\/\/shopvapor.de\/fi\/wp-json\/wp\/v2\/product\/11755\/revisions"}],"predecessor-version":[{"id":12164,"href":"https:\/\/shopvapor.de\/fi\/wp-json\/wp\/v2\/product\/11755\/revisions\/12164"}],"wp:featuredmedia":[{"embeddable":true,"href":"https:\/\/shopvapor.de\/fi\/wp-json\/wp\/v2\/media\/11756"}],"wp:attachment":[{"href":"https:\/\/shopvapor.de\/fi\/wp-json\/wp\/v2\/media?parent=11755"}],"wp:term":[{"taxonomy":"product_brand","embeddable":true,"href":"https:\/\/shopvapor.de\/fi\/wp-json\/wp\/v2\/product_brand?post=11755"},{"taxonomy":"product_cat","embeddable":true,"href":"https:\/\/shopvapor.de\/fi\/wp-json\/wp\/v2\/product_cat?post=11755"},{"taxonomy":"product_tag","embeddable":true,"href":"https:\/\/shopvapor.de\/fi\/wp-json\/wp\/v2\/product_tag?post=11755"}],"curies":[{"name":"pukki","href":"https:\/\/api.w.org\/{rel}","templated":true}]}}