{"id":5384,"date":"2025-07-02T03:53:28","date_gmt":"2025-07-02T03:53:28","guid":{"rendered":"https:\/\/shopvapor.de\/?post_type=product&#038;p=5384"},"modified":"2025-07-16T18:33:38","modified_gmt":"2025-07-16T18:33:38","slug":"randm-tornado-15000-15k-puffs-kertakaeyttoeinen-e-savuke-alkuperaeinen","status":"publish","type":"product","link":"https:\/\/shopvapor.de\/fi\/product\/randm-tornado-15000-15k-puffs-kertakaeyttoeinen-e-savuke-alkuperaeinen\/","title":{"rendered":"Fringe Tornado 15000 15K Puffs Kertak\u00e4ytt\u00f6inen E-savuke alkuper\u00e4inen"},"content":{"rendered":"<h2>Johdatus Randm Tornado 15000:een<\/h2>\n<p>RANDM Tornado 15000 on huippuluokan kertak\u00e4ytt\u00f6inen e-savukelaite, joka on suunniteltu intensiiviseen ja pitk\u00e4kestoiseen h\u00f6yrystykseen. T\u00e4m\u00e4 laite, jolla on jopa 15 000 junan kapasiteetti, tarjoaa yhdistelm\u00e4n innovatiivista tekniikkaa, korkealaatuisia materiaaleja ja erilaisia makuja. RANDM-br\u00e4ndi tarkoittaa laatua ja luotettavuutta, mik\u00e4 tekee t\u00e4st\u00e4 tuotteesta erinomaisen valinnan vaativille k\u00e4ytt\u00e4jille.<\/p>\n<h2>Tuoteparametrit yhdell\u00e4 silm\u00e4yksell\u00e4<\/h2>\n<p>RANDM Tornado 15000 yhdist\u00e4\u00e4 edistyneen teknologian k\u00e4ytt\u00e4j\u00e4yst\u00e4v\u00e4lliseen suunnitteluun. Alla on yksityiskohtainen luettelo t\u00e4rkeimmist\u00e4 parametreista ja niiden eduista:<\/p>\n<h3>Nikotiinisuola: 2 % tai 5 %<\/h3>\n<p>RANDM Tornado 15000 on saatavana nikotiinisuolan kanssa kahdessa vahvuudessa: 2 % tai 5 %. T\u00e4m\u00e4n avulla k\u00e4ytt\u00e4j\u00e4t voivat valita nikotiinin voimakkuuden mieltymystens\u00e4 mukaan. Nikotiinisuolan etuna on hell\u00e4varaisempi sis\u00e4\u00e4nhengitys ja nopeampi imeytyminen verrattuna tavanomaiseen nikotiiniin, mik\u00e4 takaa miellytt\u00e4v\u00e4n kokemuksen.<\/p>\n<h3>E-neste Kapasiteetti: 25 ml<\/h3>\n<p>Runsaalla 25 ml:n e-nestekapasiteetilla Tornado 15000 tarjoaa poikkeuksellisen pitk\u00e4n k\u00e4ytt\u00f6i\u00e4n. T\u00e4m\u00e4 suuri kapasiteetti v\u00e4hent\u00e4\u00e4 toistuvien t\u00e4ytt\u00f6jen tarvetta ja varmistaa jatkuvan nautinnon monissa junissa.<\/p>\n<h3>verkkokelatekniikka<\/h3>\n<p>Integroitu verkkokierukkateknologia varmistaa, ett\u00e4 e-neste kuumennetaan tasaisesti, mik\u00e4 johtaa intensiivisemp\u00e4\u00e4n makukehitykseen ja tihe\u00e4mp\u00e4\u00e4n h\u00f6yryntuotantoon. T\u00e4m\u00e4 tekniikka maksimoi tehokkuuden ja varmistaa tasaisen h\u00f6yrytyskokemuksen viimeiseen junaan asti.<\/p>\n<h3>ladattava 850mAh akku<\/h3>\n<p>RANDM Tornado 15000:ssa on integroitu 850 mAh akku, joka on ladattava. T\u00e4m\u00e4 mahdollistaa laitteen k\u00e4yt\u00f6n useita kertoja, kunnes E-neste on k\u00e4ytetty loppuun. Suuri akun kapasiteetti varmistaa luotettavan suorituskyvyn ja minimoi keskeytykset k\u00e4yt\u00f6n aikana.<\/p>\n<h3>LED-n\u00e4ytt\u00f6<\/h3>\n<p>Sis\u00e4\u00e4nrakennettu LED-n\u00e4ytt\u00f6 ilmoittaa k\u00e4ytt\u00e4jille akun tilasta ja laitteen toimintatilasta. T\u00e4m\u00e4 k\u00e4tev\u00e4 ominaisuus helpottaa k\u00e4ytt\u00f6\u00e4 tarjoamalla selkeit\u00e4 visuaalisia vihjeit\u00e4, kun laite on ladattava.<\/p>\n<h3>Pakkaus: 10 kpl n\u00e4ytt\u00f6laatikkoa kohden<\/h3>\n<p>Laite toimitetaan k\u00e4yt\u00e4nn\u00f6llisess\u00e4 n\u00e4ytt\u00f6laatikossa, jossa on 10 yksikk\u00f6\u00e4, mik\u00e4 helpottaa kuljetusta ja varastointia. T\u00e4m\u00e4 on erityisen hy\u00f6dyllist\u00e4 kauppiaille ja k\u00e4ytt\u00e4jille, jotka haluavat ostaa useita laitteita kerralla.<\/p>\n<h2>makuaineet<\/h2>\n<p>Randm Tornado 15000 tarjoaa vaikuttavan valikoiman 47 makua, joista l\u00f6ytyy jokaiseen makuun. Hedelm\u00e4isist\u00e4 virkist\u00e4v\u00e4\u00e4n ja makeisiin vivahteisiin - t\u00e4ss\u00e4 on t\u00e4ydellinen luettelo:<\/p>\n<ul>\n<li>sininen razzlimonadi<\/li>\n<li>persikkaj\u00e4\u00e4<\/li>\n<li>hapan omena<\/li>\n<li>Vesimeloni j\u00e4\u00e4<\/li>\n<li>mustikka j\u00e4\u00e4ll\u00e4<\/li>\n<li>Mustikka Vadelma<\/li>\n<li>ananasj\u00e4\u00e4<\/li>\n<li>kirsikka<\/li>\n<li>mansikkaj\u00e4\u00e4<\/li>\n<li>vimto<\/li>\n<li>Grape Ice<\/li>\n<li>koksij\u00e4\u00e4tel\u00f6<\/li>\n<li>Mansikka vesimeloni<\/li>\n<li>vaaleanpunainen limonadi<\/li>\n<li>sekoitettu<\/li>\n<li>Persikka Mango<\/li>\n<li>lohik\u00e4\u00e4rmeen hedelm\u00e4<\/li>\n<li>mansikkaryp\u00e4le<\/li>\n<li>Herra Sininen<\/li>\n<li>elotonta<\/li>\n<li>j\u00e4\u00e4ponnista<\/li>\n<li>Mansikka Kiivi<\/li>\n<li>Kiwi-passionhedelm\u00e4guava<\/li>\n<li>kolmimarja<\/li>\n<li>banaanij\u00e4\u00e4<\/li>\n<li>persikka mustikka karkkia<\/li>\n<li>omenapersikkap\u00e4\u00e4ryn\u00e4<\/li>\n<li>marjapuu<\/li>\n<li>sininen razzakirsikka<\/li>\n<li>mustikka<\/li>\n<li>Mustikka Kirsikka Karpalo<\/li>\n<li>granaattiomena<\/li>\n<li>sininen hapan vadelma<\/li>\n<li>kirsikkakoksi<\/li>\n<li>Gummy Bear<\/li>\n<li>sitruuna &amp; lime<\/li>\n<li>Mango j\u00e4\u00e4ll\u00e4<\/li>\n<li>Punaisen energian j\u00e4\u00e4t\u00e4<\/li>\n<li>Mansikka banaani<\/li>\n<li>Mansikka Punainen h\u00e4rk\u00e4<\/li>\n<li>mansikkavesimeloni limonadi<\/li>\n<li>j\u00e4\u00e4tee sitruunaj\u00e4\u00e4t\u00e4<\/li>\n<li>j\u00e4\u00e4teepersikkaj\u00e4\u00e4<\/li>\n<li>Fizzy Cherry<\/li>\n<li>keilapeli<\/li>\n<li>kylm\u00e4 minttu<\/li>\n<li>sikut<\/li>\n<\/ul>\n<h2>Usein kysytyt kysymykset (FAQ)<\/h2>\n<p><strong>Kuinka kauan Randm Tornado 15000 -akku kest\u00e4\u00e4?<\/strong><br \/>\n850 mAh akku on ladattava ja kest\u00e4\u00e4 useita p\u00e4ivi\u00e4 sen k\u00e4yt\u00f6st\u00e4 riippuen. LED-n\u00e4ytt\u00f6 n\u00e4ytt\u00e4\u00e4 akun varaustason, jotta voit ladata ajoissa.<\/p>\n<p><strong>Voinko muuttaa nikotiinin voimakkuutta?<\/strong><br \/>\nRANDM Tornado 15000 on saatavana kahdella nikotiinivahvuudella: 2 % ja 5 %. Vahvuus on m\u00e4\u00e4ritelty, eik\u00e4 sit\u00e4 voi muuttaa my\u00f6hemmin. Valitse oikea vahvuus ostaessasi.<\/p>\n<p><strong>Kuinka monta junaa voin tehd\u00e4 laitteella?<\/strong><br \/>\nLaite tarjoaa jopa 15 000 liikett\u00e4 kunkin kierroksen kestosta ja intensiteetist\u00e4 riippuen. 25 ml:n e-nestekapasiteetti takaa pitk\u00e4n k\u00e4ytt\u00f6i\u00e4n.<\/p>\n<p><strong>Mit\u00e4 tapahtuu, kun e-neste on k\u00e4ytetty?<\/strong><br \/>\nRANDM Tornado 15000 on kertak\u00e4ytt\u00f6inen laite, joka on h\u00e4vitett\u00e4v\u00e4 e-nesteen k\u00e4yt\u00f6n j\u00e4lkeen. Se ei ole uudelleent\u00e4ytett\u00e4viss\u00e4.<\/p>\n<p><strong>Sopiiko laite p\u00e4ivitt\u00e4iseen k\u00e4ytt\u00f6\u00f6n?<\/strong><br \/>\nKyll\u00e4, 25 ml:n e-nestem\u00e4isen suuren kapasiteetin ja ladattavan akun ansiosta Tornado 15000 on ihanteellinen jokap\u00e4iv\u00e4iseen k\u00e4ytt\u00f6\u00f6n.<\/p>\n<p><strong>Miten LED-n\u00e4ytt\u00f6 toimii?<\/strong><br \/>\nLED-n\u00e4ytt\u00f6 kertoo akun tilasta ja k\u00e4ytt\u00f6tilasta. Se syttyy, kun laite on aktiivinen, ja varoittaa, kun akku on v\u00e4hiss\u00e4, jotta voit ladata sen ajoissa.<\/p>\n<p><strong>Ovatko maut eritt\u00e4in intensiivisi\u00e4?<\/strong><br \/>\nKyll\u00e4, verkkokierukkateknologia varmistaa intensiivisen ja tasaisen makukehityksen, joka s\u00e4ilyy miss\u00e4 tahansa maussa.<\/p>","protected":false},"excerpt":{"rendered":"<p dir=\"auto\">Tutustu Randm Tornado 15000 kertak\u00e4ytt\u00f6iseen e-savukkeeseen, jossa on 15 000 puhallusta, 25 ml e-nestett\u00e4, 2 %\/5 % nikotiinisuolaa, 850 mAh akku, verkkokierukkatekniikka ja LED-n\u00e4ytt\u00f6.<\/p>","protected":false},"featured_media":3089,"comment_status":"open","ping_status":"closed","template":"","meta":[],"product_brand":[1188],"product_cat":[1157],"product_tag":[963,959],"class_list":{"0":"post-5384","1":"product","2":"type-product","3":"status-publish","4":"has-post-thumbnail","6":"product_brand-randm","7":"product_cat-15000-puffs","8":"product_tag-15k-puffs","9":"product_tag-more-than-10kpuffs","11":"first","12":"instock","13":"shipping-taxable","14":"purchasable","15":"product-type-variable"},"yoast_head":"<!-- This site is optimized with the Yoast SEO plugin v25.8 - https:\/\/yoast.com\/wordpress\/plugins\/seo\/ -->\n<title>RandM Tornado 15000 15K Puffs Einweg-E-Zigarette Original - ShopVapor<\/title>\n<meta name=\"description\" content=\"Entdecken Sie den RandM Tornado 15000\u00a0Einweg-E-Zigarette mit 15.000 Z\u00fcgen, 25 ml E-Liquid, 2 %\/5 % Nikotinsalz, 850-mAh-Akku, Mesh-Coil-Technologie und LED-Anzeige.\" \/>\n<meta name=\"robots\" content=\"index, follow, max-snippet:-1, max-image-preview:large, max-video-preview:-1\" \/>\n<link rel=\"canonical\" href=\"https:\/\/shopvapor.de\/fi\/product\/randm-tornado-15000-15k-puffs-kertakaeyttoeinen-e-savuke-alkuperaeinen\/\" \/>\n<meta property=\"og:locale\" content=\"fi_FI\" \/>\n<meta property=\"og:type\" content=\"article\" \/>\n<meta property=\"og:title\" content=\"RandM Tornado 15000 15K Puffs Einweg-E-Zigarette Original - ShopVapor\" \/>\n<meta property=\"og:description\" content=\"Entdecken Sie den RandM Tornado 15000\u00a0Einweg-E-Zigarette mit 15.000 Z\u00fcgen, 25 ml E-Liquid, 2 %\/5 % Nikotinsalz, 850-mAh-Akku, Mesh-Coil-Technologie und LED-Anzeige.\" \/>\n<meta property=\"og:url\" content=\"https:\/\/shopvapor.de\/fi\/product\/randm-tornado-15000-15k-puffs-kertakaeyttoeinen-e-savuke-alkuperaeinen\/\" \/>\n<meta property=\"og:site_name\" content=\"ShopVapor\" \/>\n<meta property=\"article:modified_time\" content=\"2025-07-16T18:33:38+00:00\" \/>\n<meta property=\"og:image\" content=\"https:\/\/shopvapor.de\/wp-content\/uploads\/2025\/07\/randm-tornado-15000-puffs-led-display-vape-original-e-cigarette.png\" \/>\n\t<meta property=\"og:image:width\" content=\"1000\" \/>\n\t<meta property=\"og:image:height\" content=\"1000\" \/>\n\t<meta property=\"og:image:type\" content=\"image\/png\" \/>\n<meta name=\"twitter:card\" content=\"summary_large_image\" \/>\n<meta name=\"twitter:label1\" content=\"Arvioitu lukuaika\" \/>\n\t<meta name=\"twitter:data1\" content=\"4 minuuttia\" \/>\n<!-- \/ Yoast SEO plugin. -->","yoast_head_json":{"title":"Fringe Tornado 15000 15K Puffs Kertak\u00e4ytt\u00f6inen E-savuke Alkuper\u00e4inen - Shopvapor","description":"Tutustu Randm Tornado 15000 kertak\u00e4ytt\u00f6iseen e-savukkeeseen, jossa on 15 000 puhallusta, 25 ml e-nestett\u00e4, 2 %\/5 % nikotiinisuolaa, 850 mAh akku, verkkokierukkatekniikka ja LED-n\u00e4ytt\u00f6.","robots":{"index":"index","follow":"follow","max-snippet":"max-snippet:-1","max-image-preview":"max-image-preview:large","max-video-preview":"max-video-preview:-1"},"canonical":"https:\/\/shopvapor.de\/fi\/product\/randm-tornado-15000-15k-puffs-kertakaeyttoeinen-e-savuke-alkuperaeinen\/","og_locale":"fi_FI","og_type":"article","og_title":"RandM Tornado 15000 15K Puffs Einweg-E-Zigarette Original - ShopVapor","og_description":"Entdecken Sie den RandM Tornado 15000\u00a0Einweg-E-Zigarette mit 15.000 Z\u00fcgen, 25 ml E-Liquid, 2 %\/5 % Nikotinsalz, 850-mAh-Akku, Mesh-Coil-Technologie und LED-Anzeige.","og_url":"https:\/\/shopvapor.de\/fi\/product\/randm-tornado-15000-15k-puffs-kertakaeyttoeinen-e-savuke-alkuperaeinen\/","og_site_name":"ShopVapor","article_modified_time":"2025-07-16T18:33:38+00:00","og_image":[{"width":1000,"height":1000,"url":"https:\/\/shopvapor.de\/wp-content\/uploads\/2025\/07\/randm-tornado-15000-puffs-led-display-vape-original-e-cigarette.png","type":"image\/png"}],"twitter_card":"summary_large_image","twitter_misc":{"Arvioitu lukuaika":"4 minuuttia"},"schema":{"@context":"https:\/\/schema.org","@graph":[{"@type":"WebPage","@id":"https:\/\/shopvapor.de\/produkt\/randm-tornado-15000-15k-puffs-einweg-e-zigarette-original\/","url":"https:\/\/shopvapor.de\/produkt\/randm-tornado-15000-15k-puffs-einweg-e-zigarette-original\/","name":"Fringe Tornado 15000 15K Puffs Kertak\u00e4ytt\u00f6inen E-savuke Alkuper\u00e4inen - Shopvapor","isPartOf":{"@id":"https:\/\/shopvapor.de\/#website"},"primaryImageOfPage":{"@id":"https:\/\/shopvapor.de\/produkt\/randm-tornado-15000-15k-puffs-einweg-e-zigarette-original\/#primaryimage"},"image":{"@id":"https:\/\/shopvapor.de\/produkt\/randm-tornado-15000-15k-puffs-einweg-e-zigarette-original\/#primaryimage"},"thumbnailUrl":"https:\/\/shopvapor.de\/wp-content\/uploads\/2025\/07\/randm-tornado-15000-puffs-led-display-vape-original-e-cigarette.png","datePublished":"2025-07-02T03:53:28+00:00","dateModified":"2025-07-16T18:33:38+00:00","description":"Tutustu Randm Tornado 15000 kertak\u00e4ytt\u00f6iseen e-savukkeeseen, jossa on 15 000 puhallusta, 25 ml e-nestett\u00e4, 2 %\/5 % nikotiinisuolaa, 850 mAh akku, verkkokierukkatekniikka ja LED-n\u00e4ytt\u00f6.","breadcrumb":{"@id":"https:\/\/shopvapor.de\/produkt\/randm-tornado-15000-15k-puffs-einweg-e-zigarette-original\/#breadcrumb"},"inLanguage":"fi","potentialAction":[{"@type":"ReadAction","target":["https:\/\/shopvapor.de\/produkt\/randm-tornado-15000-15k-puffs-einweg-e-zigarette-original\/"]}]},{"@type":"ImageObject","inLanguage":"fi","@id":"https:\/\/shopvapor.de\/produkt\/randm-tornado-15000-15k-puffs-einweg-e-zigarette-original\/#primaryimage","url":"https:\/\/shopvapor.de\/wp-content\/uploads\/2025\/07\/randm-tornado-15000-puffs-led-display-vape-original-e-cigarette.png","contentUrl":"https:\/\/shopvapor.de\/wp-content\/uploads\/2025\/07\/randm-tornado-15000-puffs-led-display-vape-original-e-cigarette.png","width":1000,"height":1000},{"@type":"BreadcrumbList","@id":"https:\/\/shopvapor.de\/produkt\/randm-tornado-15000-15k-puffs-einweg-e-zigarette-original\/#breadcrumb","itemListElement":[{"@type":"ListItem","position":1,"name":"Startseite","item":"https:\/\/shopvapor.de\/"},{"@type":"ListItem","position":2,"name":"Shop","item":"https:\/\/shopvapor.de\/shop\/"},{"@type":"ListItem","position":3,"name":"RandM Tornado 15000 15K Puffs Einweg-E-Zigarette Original"}]},{"@type":"WebSite","@id":"https:\/\/shopvapor.de\/#website","url":"https:\/\/shopvapor.de\/","name":"ShopVapor","description":"","potentialAction":[{"@type":"SearchAction","target":{"@type":"EntryPoint","urlTemplate":"https:\/\/shopvapor.de\/?s={search_term_string}"},"query-input":{"@type":"PropertyValueSpecification","valueRequired":true,"valueName":"search_term_string"}}],"inLanguage":"fi"}]}},"_links":{"self":[{"href":"https:\/\/shopvapor.de\/fi\/wp-json\/wp\/v2\/product\/5384","targetHints":{"allow":["GET"]}}],"collection":[{"href":"https:\/\/shopvapor.de\/fi\/wp-json\/wp\/v2\/product"}],"about":[{"href":"https:\/\/shopvapor.de\/fi\/wp-json\/wp\/v2\/types\/product"}],"replies":[{"embeddable":true,"href":"https:\/\/shopvapor.de\/fi\/wp-json\/wp\/v2\/comments?post=5384"}],"version-history":[{"count":3,"href":"https:\/\/shopvapor.de\/fi\/wp-json\/wp\/v2\/product\/5384\/revisions"}],"predecessor-version":[{"id":11718,"href":"https:\/\/shopvapor.de\/fi\/wp-json\/wp\/v2\/product\/5384\/revisions\/11718"}],"wp:featuredmedia":[{"embeddable":true,"href":"https:\/\/shopvapor.de\/fi\/wp-json\/wp\/v2\/media\/3089"}],"wp:attachment":[{"href":"https:\/\/shopvapor.de\/fi\/wp-json\/wp\/v2\/media?parent=5384"}],"wp:term":[{"taxonomy":"product_brand","embeddable":true,"href":"https:\/\/shopvapor.de\/fi\/wp-json\/wp\/v2\/product_brand?post=5384"},{"taxonomy":"product_cat","embeddable":true,"href":"https:\/\/shopvapor.de\/fi\/wp-json\/wp\/v2\/product_cat?post=5384"},{"taxonomy":"product_tag","embeddable":true,"href":"https:\/\/shopvapor.de\/fi\/wp-json\/wp\/v2\/product_tag?post=5384"}],"curies":[{"name":"pukki","href":"https:\/\/api.w.org\/{rel}","templated":true}]}}