{"id":5475,"date":"2025-07-02T03:53:33","date_gmt":"2025-07-02T03:53:33","guid":{"rendered":"https:\/\/shopvapor.de\/?post_type=product&#038;p=5475"},"modified":"2025-07-16T18:33:38","modified_gmt":"2025-07-16T18:33:38","slug":"randm-fumot-tornado-25000-25k-puffs-dual-mesh-kertakaeyttoeiset-e-savukkeet-alkuperaeinen","status":"publish","type":"product","link":"https:\/\/shopvapor.de\/fi\/product\/randm-fumot-tornado-25000-25k-puffs-dual-mesh-kertakaeyttoeiset-e-savukkeet-alkuperaeinen\/","title":{"rendered":"Fringe Fumot Tornado 25000 25K Puffs Dual Mesh Kertak\u00e4ytt\u00f6iset e-savukkeet Alkuper\u00e4inen"},"content":{"rendered":"<h2>Johdatus Fumot Movkin Tornado 25000:een<\/h2>\n<p>Fumot Movkin Tornado 25000 on pitk\u00e4lle kehitetty kertak\u00e4ytt\u00f6inen e-savukelaite, joka vakuuttaa innovatiivisella tekniikalla ja k\u00e4ytt\u00e4j\u00e4yst\u00e4v\u00e4llisell\u00e4 suunnittelulla. Jopa 25 000 liikkeen kapasiteetti, kaksiverkkoinen kela ja intuitiivinen 1,77 tuuman TFT-kosketusn\u00e4ytt\u00f6, t\u00e4m\u00e4 laite tarjoaa vaikuttavan yhdistelm\u00e4n suorituskyky\u00e4, makua ja mukavuutta. Fumot-br\u00e4ndi edustaa laatua ja tarkkuutta e-savuketeollisuudessa, ja Tornado 25000 jatkaa t\u00e4t\u00e4 perinnett\u00e4 yhdist\u00e4m\u00e4ll\u00e4 edistyneit\u00e4 ominaisuuksia monenlaisiin makuihin. T\u00e4m\u00e4 laite on ihanteellinen k\u00e4ytt\u00e4jille, jotka arvostavat pitk\u00e4aikaista k\u00e4ytt\u00f6\u00e4 ja intensiivisi\u00e4 makuel\u00e4myksi\u00e4.<\/p>\n<h2>Tuoteparametrit yhdell\u00e4 silm\u00e4yksell\u00e4<\/h2>\n<p>Fumot Movkin Tornado 25000 on varustettu erilaisilla teknisill\u00e4 ominaisuuksilla, jotka mahdollistavat luotettavan ja mukautettavan h\u00f6yrystyksen. Alla on kuvattu keskeiset parametrit havainnollistamaan t\u00e4m\u00e4n laitteen etuja ja toimintoja.<\/p>\n<h3>Nikotiinivahvuus: 2 % tai 5 %.<\/h3>\n<p>Tornado 25000 on saatavana kahdessa nikotiinivahvuudessa - 2 % ja 5 %. T\u00e4m\u00e4n valinnan avulla k\u00e4ytt\u00e4j\u00e4t voivat s\u00e4\u00e4t\u00e4\u00e4 nikotiinin intensiteetti\u00e4 yksil\u00f6llisten mieltymystens\u00e4 mukaan. 2 % -vaihtoehto sopii k\u00e4ytt\u00e4jille, jotka haluavat miedompaa junaa, kun taas 5 % -versio tarjoaa vahvemman nikotiinilis\u00e4yksen. T\u00e4m\u00e4 joustavuus varmistaa, ett\u00e4 laite sopii sek\u00e4 satunnaisille ett\u00e4 kokeneille k\u00e4ytt\u00e4jille.<\/p>\n<h3>Junakapasiteetti: Jopa 25 000 junaa<\/h3>\n<p>Jopa 25 000 junan vaikuttavalla kapasiteettilla toimiva Fumot Movkin on 25 000 tornado 25 000 markkinoiden kest\u00e4vimpien kertak\u00e4ytt\u00f6isten s\u00e4hk\u00f6savukkeiden omistuksessa. T\u00e4m\u00e4 suuri junien m\u00e4\u00e4r\u00e4 varmistaa pitk\u00e4aikaisen k\u00e4yt\u00f6n ilman laitteen toistuvaa vaihtoa, mik\u00e4 on sek\u00e4 k\u00e4yt\u00e4nn\u00f6llist\u00e4 ett\u00e4 kustannustehokasta. Laitteen k\u00e4ytt\u00f6ik\u00e4 riippuu k\u00e4ytt\u00f6tiheydest\u00e4, mutta tarjoaa luotettavan ratkaisun pitk\u00e4kestoiseen nautintoon.<\/p>\n<h3>kaksiverkko kela<\/h3>\n<p>Tornado 25000:n innovatiivinen kaksiverkkokierukka on valmistettu kahdesta verkkomateriaalista, jotka tarjoavat suuremman pinnan e-nesteen l\u00e4mmitt\u00e4miseen. T\u00e4m\u00e4 tekniikka varmistaa tasaisen kuumennuksen, mik\u00e4 pit\u00e4\u00e4 maun intensiivisemp\u00e4n\u00e4 ja tasaisempana - ensimm\u00e4isest\u00e4 viimeiseen k\u00e4ytt\u00f6\u00f6n. Kaksoisverkkokela mahdollistaa my\u00f6s korkeamman h\u00f6yryntuotannon, mik\u00e4 parantaa kokemusta erityisesti vahvoja junia suosiville k\u00e4ytt\u00e4jille.<\/p>\n<h3>1,77 tuuman TFT-kosketusn\u00e4ytt\u00f6<\/h3>\n<p>Laitteessa on huippuluokan 1,77 tuuman TFT-kosketusn\u00e4ytt\u00f6, joka mahdollistaa intuitiivisen k\u00e4yt\u00f6n. Kaksoisnapautus aktivoi n\u00e4yt\u00f6n, kolminkertainen napautus mahdollistaa tehon s\u00e4\u00e4t\u00e4misen ja nelinkertainen napautus aktivoi ainutlaatuisen pelitilan. T\u00e4m\u00e4 kosketusn\u00e4ytt\u00f6 tarjoaa k\u00e4ytt\u00e4j\u00e4yst\u00e4v\u00e4llisen navigoinnin ja mahdollistaa asetusten mukauttamisen, mik\u00e4 tekee laitteesta erityisen joustavan.<\/p>\n<h3>kosketuskytkin<\/h3>\n<p>Fumot Movkin Touch -kytkin Tornado 25000 mahdollistaa laitteen toimintojen helpon hallinnan. Yksinkertaisesti napauttamalla k\u00e4ytt\u00e4j\u00e4t voivat vaihtaa eri tehotasojen v\u00e4lill\u00e4 tai aktivoida pelitilan. T\u00e4m\u00e4 intuitiivinen toiminta tekee laitteesta erityisen k\u00e4ytt\u00e4j\u00e4yst\u00e4v\u00e4llisen ja erottaa sen perinteisist\u00e4 kertak\u00e4ytt\u00f6isist\u00e4 e-savukkeista.<\/p>\n<h3>LED-n\u00e4ytt\u00f6 akulle ja e-nestetilalle<\/h3>\n<p>Integroitu LED-n\u00e4ytt\u00f6 antaa reaaliaikaista tietoa akun varaustasosta ja j\u00e4ljell\u00e4 olevasta E-nesteen m\u00e4\u00e4r\u00e4st\u00e4. T\u00e4m\u00e4 ominaisuus varmistaa, ett\u00e4 k\u00e4ytt\u00e4j\u00e4t ovat aina tietoisia laitteensa tilasta ja voivat ladata ajoissa ennen kuin e-neste tai akku loppuu. Clear Display lis\u00e4\u00e4 k\u00e4ytett\u00e4vyytt\u00e4 ja est\u00e4\u00e4 odottamattomia keskeytyksi\u00e4.<\/p>\n<h3>Akun kapasiteetti: 700 mAh<\/h3>\n<p>Ladattava Tornado 25000 akku akku mahdollistaa pitk\u00e4aikaisen k\u00e4yt\u00f6n ilman toistuvaa latausta. T\u00e4m\u00e4 akkukapasiteetti on ihanteellinen laitteen suureen junam\u00e4\u00e4r\u00e4\u00e4n ja varmistaa, ett\u00e4 akku ei tyhjene ennenaikaisesti ennen kuin e-neste on kulunut loppuun. Suuren kapasiteetin ja ladattavuuden yhdistelm\u00e4 tekee laitteesta erityisen tehokkaan.<\/p>\n<h3>Type-C pikalataus<\/h3>\n<p>Modernin C-tyypin portin ansiosta Tornado 25000 tarjoaa nopean ja tehokkaan latauksen. T\u00e4m\u00e4 standardi ei ole vain luotettava, vaan my\u00f6s yhteensopiva monien yleisten latauskaapeleiden kanssa, mik\u00e4 tekee siit\u00e4 erityisen k\u00e4yt\u00e4nn\u00f6llisen. Pikalataustoiminto minimoi odotusajat ja antaa k\u00e4ytt\u00e4jille mahdollisuuden jatkaa nopeasti h\u00f6yry\u00e4mist\u00e4.<\/p>\n<h2>makuaineet<\/h2>\n<p>Fumot Movkin Tornado 25000 tarjoaa valikoiman 13 intensiivist\u00e4 makua, jotka tarjoavat vaihtelua. Jokainen maku on huolellisesti suunniteltu tarjoamaan yhten\u00e4inen ja t\u00e4ytel\u00e4inen aromi:<\/p>\n<ul>\n<li>Mansikka vesimeloni<\/li>\n<li>Mustikka Vadelma<\/li>\n<li>musta j\u00e4\u00e4<\/li>\n<li>Vesimeloni j\u00e4\u00e4<\/li>\n<li>Mehukas persikkaj\u00e4\u00e4<\/li>\n<li>vaaleanpunainen limonadi<\/li>\n<li>Mansikka Mango<\/li>\n<li>persikkamango vesimeloni<\/li>\n<li>viiniryp\u00e4le<\/li>\n<li>Trooppinen sateenkaari r\u00e4j\u00e4hdys<\/li>\n<li>kirsikkapommi<\/li>\n<li>Mansikka Mint karkkia<\/li>\n<li>kaksoisomena<\/li>\n<\/ul>\n<h2>Usein kysytyt kysymykset (FAQ)<\/h2>\n<p><strong>Kuinka monta junaa Fumot Movkin Tornado 25000 tarjoaa?<\/strong><br \/>\nTornado 25000 tarjoaa jopa 25 000 liikett\u00e4 riippuen yksitt\u00e4isest\u00e4 k\u00e4ytt\u00f6tiheydest\u00e4 ja valituista tehoasetuksista.<\/p>\n<p><strong>Kuinka voin s\u00e4\u00e4t\u00e4\u00e4 laitteen suorituskyky\u00e4?<\/strong><br \/>\nSuorituskyky\u00e4 voidaan s\u00e4\u00e4t\u00e4\u00e4 napauttamalla kosketusn\u00e4ytt\u00f6\u00e4 kolminkertaisesti, jolloin voit vaihtaa kolmen eri tehotason v\u00e4lill\u00e4.<\/p>\n<p><strong>Mik\u00e4 on pelitila ja miten aktivoin sen?<\/strong><br \/>\nPelitila mahdollistaa yksinkertaisten pelien pelaamisen 1,77 tuuman TFT-kosketusn\u00e4yt\u00f6ll\u00e4. Se aktivoidaan napauttamalla n\u00e4ytt\u00f6\u00e4 nelj\u00e4 kertaa.<\/p>\n<p><strong>Kauanko laitteen lataus kest\u00e4\u00e4?<\/strong><br \/>\nType-C pikalataustoiminnon ansiosta 700 mAh:n akku latautuu t\u00e4yteen lyhyess\u00e4 ajassa, yleens\u00e4 30-60 minuutissa laturista riippuen.<\/p>\n<p><strong>Kuinka tarkistan e-nesteen ja akun varaustason?<\/strong><br \/>\nLED-n\u00e4ytt\u00f6 n\u00e4ytt\u00e4\u00e4 e-nesteen ja akun nykyisen tilan reaaliajassa, jotta olet aina tietoinen.<\/p>\n<p><strong>Sopiiko Fumot Movkin Tornado 25000 p\u00e4ivitt\u00e4iseen k\u00e4ytt\u00f6\u00f6n?<\/strong><br \/>\nKyll\u00e4, suuren vetokapasiteetin, ladattavan akun ja vankan rakenteensa ansiosta laite on ihanteellinen jokap\u00e4iv\u00e4iseen k\u00e4ytt\u00f6\u00f6n.<\/p>\n<p><strong>Voinko vaihtaa makujen v\u00e4lill\u00e4?<\/strong><br \/>\nKoska t\u00e4m\u00e4 on kertak\u00e4ytt\u00f6inen laite, laitteen maun muuttaminen ei ole mahdollista. Voit kuitenkin valita 13 eri mausta mieltymystesi mukaan.<\/p>","protected":false},"excerpt":{"rendered":"<p dir=\"auto\">Tutustu Fumot Movkin Tornado 25000 -savukkeeseen, jossa on jopa 25 000 liikett\u00e4, 2%\/5% nikotiini, kaksiverkkoinen kela, 1,77 tuuman TFT-kosketusn\u00e4ytt\u00f6, Type-C pikalataus ja 700 mAh akku. LED-n\u00e4yt\u00f6ll\u00e4 ja 13 maulla intensiiviseen nautintoon.<\/p>","protected":false},"featured_media":3038,"comment_status":"open","ping_status":"closed","template":"","meta":[],"product_brand":[1188],"product_cat":[1154],"product_tag":[956,954,955,952,951],"class_list":{"0":"post-5475","1":"product","2":"type-product","3":"status-publish","4":"has-post-thumbnail","6":"product_brand-randm","7":"product_cat-25000-puffs","8":"product_tag-25k-puffs","9":"product_tag-dual-mesh-coil","10":"product_tag-touch-control","11":"product_tag-type-c","12":"product_tag-with-display","14":"first","15":"instock","16":"shipping-taxable","17":"purchasable","18":"product-type-variable"},"yoast_head":"<!-- This site is optimized with the Yoast SEO plugin v25.8 - https:\/\/yoast.com\/wordpress\/plugins\/seo\/ -->\n<title>RandM Fumot Tornado 25000 25K Puffs Dual Mesh Einweg-E-Zigaretten Original - ShopVapor<\/title>\n<meta name=\"description\" content=\"Entdecken Sie den Fumot MOVKIN Tornado 25000 Einweg-E-Zigarette mit bis zu 25.000 Z\u00fcgen, 2%\/5% Nikotin, Dual-Mesh-Spule, 1,77-Zoll-TFT-Touchscreen, Typ-C-Schnellladung und 700 mAh Akku. Mit LED-Display und 13 Geschmacksrichtungen f\u00fcr intensiven Genuss.\" \/>\n<meta name=\"robots\" content=\"index, follow, max-snippet:-1, max-image-preview:large, max-video-preview:-1\" \/>\n<link rel=\"canonical\" href=\"https:\/\/shopvapor.de\/fi\/product\/randm-fumot-tornado-25000-25k-puffs-dual-mesh-kertakaeyttoeiset-e-savukkeet-alkuperaeinen\/\" \/>\n<meta property=\"og:locale\" content=\"fi_FI\" \/>\n<meta property=\"og:type\" content=\"article\" \/>\n<meta property=\"og:title\" content=\"RandM Fumot Tornado 25000 25K Puffs Dual Mesh Einweg-E-Zigaretten Original - ShopVapor\" \/>\n<meta property=\"og:description\" content=\"Entdecken Sie den Fumot MOVKIN Tornado 25000 Einweg-E-Zigarette mit bis zu 25.000 Z\u00fcgen, 2%\/5% Nikotin, Dual-Mesh-Spule, 1,77-Zoll-TFT-Touchscreen, Typ-C-Schnellladung und 700 mAh Akku. Mit LED-Display und 13 Geschmacksrichtungen f\u00fcr intensiven Genuss.\" \/>\n<meta property=\"og:url\" content=\"https:\/\/shopvapor.de\/fi\/product\/randm-fumot-tornado-25000-25k-puffs-dual-mesh-kertakaeyttoeiset-e-savukkeet-alkuperaeinen\/\" \/>\n<meta property=\"og:site_name\" content=\"ShopVapor\" \/>\n<meta property=\"article:modified_time\" content=\"2025-07-16T18:33:38+00:00\" \/>\n<meta property=\"og:image\" content=\"https:\/\/shopvapor.de\/wp-content\/uploads\/2025\/07\/randm-fumot-tornado-25k-puffs-vape-dual-mesh-coil-original-e-cigarette.webp\" \/>\n\t<meta property=\"og:image:width\" content=\"1000\" \/>\n\t<meta property=\"og:image:height\" content=\"1000\" \/>\n\t<meta property=\"og:image:type\" content=\"image\/webp\" \/>\n<meta name=\"twitter:card\" content=\"summary_large_image\" \/>\n<meta name=\"twitter:label1\" content=\"Arvioitu lukuaika\" \/>\n\t<meta name=\"twitter:data1\" content=\"5 minuuttia\" \/>\n<!-- \/ Yoast SEO plugin. -->","yoast_head_json":{"title":"Fringe Fumot Tornado 25000 25K Puffs Dual Mesh Kertak\u00e4ytt\u00f6iset e-savukkeet Alkuper\u00e4inen - Shopvapor","description":"Tutustu Fumot Movkin Tornado 25000 -savukkeeseen, jossa on jopa 25 000 liikett\u00e4, 2%\/5% nikotiini, kaksiverkkoinen kela, 1,77 tuuman TFT-kosketusn\u00e4ytt\u00f6, Type-C pikalataus ja 700 mAh akku. LED-n\u00e4yt\u00f6ll\u00e4 ja 13 maulla intensiiviseen nautintoon.","robots":{"index":"index","follow":"follow","max-snippet":"max-snippet:-1","max-image-preview":"max-image-preview:large","max-video-preview":"max-video-preview:-1"},"canonical":"https:\/\/shopvapor.de\/fi\/product\/randm-fumot-tornado-25000-25k-puffs-dual-mesh-kertakaeyttoeiset-e-savukkeet-alkuperaeinen\/","og_locale":"fi_FI","og_type":"article","og_title":"RandM Fumot Tornado 25000 25K Puffs Dual Mesh Einweg-E-Zigaretten Original - ShopVapor","og_description":"Entdecken Sie den Fumot MOVKIN Tornado 25000 Einweg-E-Zigarette mit bis zu 25.000 Z\u00fcgen, 2%\/5% Nikotin, Dual-Mesh-Spule, 1,77-Zoll-TFT-Touchscreen, Typ-C-Schnellladung und 700 mAh Akku. Mit LED-Display und 13 Geschmacksrichtungen f\u00fcr intensiven Genuss.","og_url":"https:\/\/shopvapor.de\/fi\/product\/randm-fumot-tornado-25000-25k-puffs-dual-mesh-kertakaeyttoeiset-e-savukkeet-alkuperaeinen\/","og_site_name":"ShopVapor","article_modified_time":"2025-07-16T18:33:38+00:00","og_image":[{"width":1000,"height":1000,"url":"https:\/\/shopvapor.de\/wp-content\/uploads\/2025\/07\/randm-fumot-tornado-25k-puffs-vape-dual-mesh-coil-original-e-cigarette.webp","type":"image\/webp"}],"twitter_card":"summary_large_image","twitter_misc":{"Arvioitu lukuaika":"5 minuuttia"},"schema":{"@context":"https:\/\/schema.org","@graph":[{"@type":"WebPage","@id":"https:\/\/shopvapor.de\/produkt\/randm-fumot-tornado-25000-25k-puffs-dual-mesh-einweg-e-zigaretten-original\/","url":"https:\/\/shopvapor.de\/produkt\/randm-fumot-tornado-25000-25k-puffs-dual-mesh-einweg-e-zigaretten-original\/","name":"Fringe Fumot Tornado 25000 25K Puffs Dual Mesh Kertak\u00e4ytt\u00f6iset e-savukkeet Alkuper\u00e4inen - Shopvapor","isPartOf":{"@id":"https:\/\/shopvapor.de\/#website"},"primaryImageOfPage":{"@id":"https:\/\/shopvapor.de\/produkt\/randm-fumot-tornado-25000-25k-puffs-dual-mesh-einweg-e-zigaretten-original\/#primaryimage"},"image":{"@id":"https:\/\/shopvapor.de\/produkt\/randm-fumot-tornado-25000-25k-puffs-dual-mesh-einweg-e-zigaretten-original\/#primaryimage"},"thumbnailUrl":"https:\/\/shopvapor.de\/wp-content\/uploads\/2025\/07\/randm-fumot-tornado-25k-puffs-vape-dual-mesh-coil-original-e-cigarette.webp","datePublished":"2025-07-02T03:53:33+00:00","dateModified":"2025-07-16T18:33:38+00:00","description":"Tutustu Fumot Movkin Tornado 25000 -savukkeeseen, jossa on jopa 25 000 liikett\u00e4, 2%\/5% nikotiini, kaksiverkkoinen kela, 1,77 tuuman TFT-kosketusn\u00e4ytt\u00f6, Type-C pikalataus ja 700 mAh akku. LED-n\u00e4yt\u00f6ll\u00e4 ja 13 maulla intensiiviseen nautintoon.","breadcrumb":{"@id":"https:\/\/shopvapor.de\/produkt\/randm-fumot-tornado-25000-25k-puffs-dual-mesh-einweg-e-zigaretten-original\/#breadcrumb"},"inLanguage":"fi","potentialAction":[{"@type":"ReadAction","target":["https:\/\/shopvapor.de\/produkt\/randm-fumot-tornado-25000-25k-puffs-dual-mesh-einweg-e-zigaretten-original\/"]}]},{"@type":"ImageObject","inLanguage":"fi","@id":"https:\/\/shopvapor.de\/produkt\/randm-fumot-tornado-25000-25k-puffs-dual-mesh-einweg-e-zigaretten-original\/#primaryimage","url":"https:\/\/shopvapor.de\/wp-content\/uploads\/2025\/07\/randm-fumot-tornado-25k-puffs-vape-dual-mesh-coil-original-e-cigarette.webp","contentUrl":"https:\/\/shopvapor.de\/wp-content\/uploads\/2025\/07\/randm-fumot-tornado-25k-puffs-vape-dual-mesh-coil-original-e-cigarette.webp","width":1000,"height":1000},{"@type":"BreadcrumbList","@id":"https:\/\/shopvapor.de\/produkt\/randm-fumot-tornado-25000-25k-puffs-dual-mesh-einweg-e-zigaretten-original\/#breadcrumb","itemListElement":[{"@type":"ListItem","position":1,"name":"Startseite","item":"https:\/\/shopvapor.de\/"},{"@type":"ListItem","position":2,"name":"Shop","item":"https:\/\/shopvapor.de\/shop\/"},{"@type":"ListItem","position":3,"name":"RandM Fumot Tornado 25000 25K Puffs Dual Mesh Einweg-E-Zigaretten Original"}]},{"@type":"WebSite","@id":"https:\/\/shopvapor.de\/#website","url":"https:\/\/shopvapor.de\/","name":"ShopVapor","description":"","potentialAction":[{"@type":"SearchAction","target":{"@type":"EntryPoint","urlTemplate":"https:\/\/shopvapor.de\/?s={search_term_string}"},"query-input":{"@type":"PropertyValueSpecification","valueRequired":true,"valueName":"search_term_string"}}],"inLanguage":"fi"}]}},"_links":{"self":[{"href":"https:\/\/shopvapor.de\/fi\/wp-json\/wp\/v2\/product\/5475","targetHints":{"allow":["GET"]}}],"collection":[{"href":"https:\/\/shopvapor.de\/fi\/wp-json\/wp\/v2\/product"}],"about":[{"href":"https:\/\/shopvapor.de\/fi\/wp-json\/wp\/v2\/types\/product"}],"replies":[{"embeddable":true,"href":"https:\/\/shopvapor.de\/fi\/wp-json\/wp\/v2\/comments?post=5475"}],"version-history":[{"count":3,"href":"https:\/\/shopvapor.de\/fi\/wp-json\/wp\/v2\/product\/5475\/revisions"}],"predecessor-version":[{"id":11715,"href":"https:\/\/shopvapor.de\/fi\/wp-json\/wp\/v2\/product\/5475\/revisions\/11715"}],"wp:featuredmedia":[{"embeddable":true,"href":"https:\/\/shopvapor.de\/fi\/wp-json\/wp\/v2\/media\/3038"}],"wp:attachment":[{"href":"https:\/\/shopvapor.de\/fi\/wp-json\/wp\/v2\/media?parent=5475"}],"wp:term":[{"taxonomy":"product_brand","embeddable":true,"href":"https:\/\/shopvapor.de\/fi\/wp-json\/wp\/v2\/product_brand?post=5475"},{"taxonomy":"product_cat","embeddable":true,"href":"https:\/\/shopvapor.de\/fi\/wp-json\/wp\/v2\/product_cat?post=5475"},{"taxonomy":"product_tag","embeddable":true,"href":"https:\/\/shopvapor.de\/fi\/wp-json\/wp\/v2\/product_tag?post=5475"}],"curies":[{"name":"pukki","href":"https:\/\/api.w.org\/{rel}","templated":true}]}}