{"id":5566,"date":"2025-07-02T03:53:38","date_gmt":"2025-07-02T03:53:38","guid":{"rendered":"https:\/\/shopvapor.de\/?post_type=product&#038;p=5566"},"modified":"2025-07-16T18:33:38","modified_gmt":"2025-07-16T18:33:38","slug":"randm-tornado-7000-7k-puffs-kertakaeyttoeinen-e-savuke-alkuperaeinen","status":"publish","type":"product","link":"https:\/\/shopvapor.de\/fi\/product\/randm-tornado-7000-7k-puffs-kertakaeyttoeinen-e-savuke-alkuperaeinen\/","title":{"rendered":"Fringe Tornado 7000 7K Puffs Kertak\u00e4ytt\u00f6inen E-savuke alkuper\u00e4inen"},"content":{"rendered":"<h2>Fringe Tornado 7000 Laadukas kertak\u00e4ytt\u00f6inen e-savuke<\/h2>\n<p>RandM Tornado 7000 on tehokas kertak\u00e4ytt\u00f6inen e-savuke, joka on suunniteltu vaativille k\u00e4ytt\u00e4jille, jotka arvostavat laatua ja monipuolisuutta. T\u00e4m\u00e4 laite tarjoaa intensiivisen ja pitk\u00e4kestoisen h\u00f6yrytyskokemuksen, sill\u00e4 sen kapasiteetti on jopa 7000 junaa, ladattava akku ja erilaisia makuja. RANDM-br\u00e4ndi tarkoittaa innovatiivista teknologiaa ja huolellista ty\u00f6ntekoa, mik\u00e4 tekee Tornado 7000:sta luotettavan valinnan kaikille, jotka arvostavat korkealaatuisia s\u00e4hk\u00f6savukkeita.<\/p>\n<h2>Tuotteen parametrit yksityiskohtaisesti<\/h2>\n<p>RANDM Tornado 7000 yhdist\u00e4\u00e4 edistyneen teknologian k\u00e4ytt\u00e4j\u00e4yst\u00e4v\u00e4lliseen suunnitteluun. Alla on yksityiskohtainen yleiskatsaus teknisist\u00e4 tiedoista ja niiden eduista, jotka ovat ominaisia t\u00e4lle laitteelle.<\/p>\n<h3>850 mAh sis\u00e4\u00e4nrakennettu akku<\/h3>\n<p>Integroitu 850 mAh akku tarjoaa suuren kapasiteetin, mik\u00e4 mahdollistaa pitk\u00e4kestoisen k\u00e4yt\u00f6n. T\u00e4m\u00e4 akun koko varmistaa, ett\u00e4 RANDM Tornado 7000 pysyy luotettavana jopa intensiivisess\u00e4 k\u00e4yt\u00f6ss\u00e4 ilman toistuvaa latausta. Etuna on pitk\u00e4ik\u00e4isyys, joka varmistaa, ett\u00e4 k\u00e4ytt\u00e4j\u00e4t voivat hy\u00f6dynt\u00e4\u00e4 jopa 7000 junan t\u00e4ytt\u00e4 kapasiteettia.<\/p>\n<h3>ladattava toiminto<\/h3>\n<p>Toisin kuin monet muut kertak\u00e4ytt\u00f6iset e-savukkeet, RANDM Tornado 7000 on ladattava. T\u00e4m\u00e4 mahdollistaa t\u00e4yden e-nesteen kapasiteetin t\u00e4ysim\u00e4\u00e4r\u00e4isen hy\u00f6dynt\u00e4misen ilman, ett\u00e4 akku on ennenaikaisesti tyhj\u00e4. Ladattavuus lis\u00e4\u00e4 tehokkuutta ja varmistaa kest\u00e4v\u00e4mm\u00e4n h\u00f6yrytyskokemuksen, sill\u00e4 akkua voidaan k\u00e4ytt\u00e4\u00e4 koko laitteen k\u00e4ytt\u00f6i\u00e4n ajan.<\/p>\n<h3>Tehokas ja jatkuva teho<\/h3>\n<p>Edistyksellinen RandM Tornado 7000 -tekniikka varmistaa tasaisen tehon ja varmistaa tasaisen h\u00f6yrytyskokemuksen. Jokainen juna tarjoaa saman intensiteetin ja maun laadun, mik\u00e4 lis\u00e4\u00e4 k\u00e4ytt\u00e4jien tyytyv\u00e4isyytt\u00e4. T\u00e4m\u00e4 johdonmukaisuus erottaa RANDM-br\u00e4ndin muista, koska se takaa luotettavan suorituskyvyn.<\/p>\n<h3>14 ml esit\u00e4ytetty\u00e4 e-nestett\u00e4<\/h3>\n<p>Runsaalla 14 ml:n e-nestet\u00e4ytteell\u00e4 Tornado 7000 tarjoaa poikkeuksellisen kapasiteetin kertak\u00e4ytt\u00f6iseen e-savukkeeseen. T\u00e4m\u00e4 summa mahdollistaa jopa 7000 siirtoa, mik\u00e4 tekee niist\u00e4 ihanteellisia k\u00e4ytt\u00e4jille, jotka etsiv\u00e4t kest\u00e4v\u00e4\u00e4 tuotetta. Suuri t\u00e4ytt\u00f6m\u00e4\u00e4r\u00e4 v\u00e4hent\u00e4\u00e4 uusien ostosten tarvetta ja tarjoaa erinomaista vastinetta rahalle.<\/p>\n<h3>2 % ja 5 % nikotiinitaso<\/h3>\n<p>RANDM Tornado 7000 on saatavana kahdella nikotiinivahvuudella: 2 % ja 5 %. T\u00e4m\u00e4n valinnan avulla k\u00e4ytt\u00e4j\u00e4t voivat valita itselleen sopivan intensiteetin yksil\u00f6llisist\u00e4 mieltymyksist\u00e4\u00e4n riippuen. Molempien vaihtoehtojen saatavuus korostaa RANDM-br\u00e4ndin joustavuutta eri tarpeiden t\u00e4ytt\u00e4miseksi.<\/p>\n<h3>Jopa 7000 junaa<\/h3>\n<p>L\u00e4hes 7000 junan kapasiteetti tekee Tornado 7000:sta yhden markkinoiden kest\u00e4vimmist\u00e4 kertak\u00e4ytt\u00f6tupakkaista. T\u00e4m\u00e4 suuri junien m\u00e4\u00e4r\u00e4 varmistaa pitk\u00e4aikaisen k\u00e4yt\u00f6n ja v\u00e4hent\u00e4\u00e4 vaihtojen tiheytt\u00e4, mik\u00e4 on sek\u00e4 k\u00e4yt\u00e4nn\u00f6llist\u00e4 ett\u00e4 kustannustehokasta.<\/p>\n<h3>S\u00e4\u00e4dett\u00e4v\u00e4 ilmavirran s\u00e4\u00e4t\u00f6<\/h3>\n<p>S\u00e4\u00e4dett\u00e4v\u00e4n ilmavirran s\u00e4\u00e4d\u00f6n avulla k\u00e4ytt\u00e4j\u00e4t voivat mukauttaa vetovastusta. Olipa l\u00f6ys\u00e4 tai tiukempi juna suositeltava, t\u00e4m\u00e4 ominaisuus tarjoaa maksimaalisen joustavuuden ja henkil\u00f6kohtaisen h\u00f6yrytyskokemuksen. Sopeutuvuus erottaa RANDM Tornado 7000:n tavallisista kertak\u00e4ytt\u00f6laitteista.<\/p>\n<h3>RGB valo<\/h3>\n<p>Integroitu RGB-valo antaa RANDM Tornado 7000:lle modernin ja houkuttelevan muotoilun. Vaihtuvat v\u00e4rit takaavat visuaalisen parannuksen ja tekev\u00e4t laitteesta erityisen houkuttelevan. T\u00e4m\u00e4 ominaisuus korostaa RANDM-br\u00e4ndin innovatiivista suuntausta ja nostaa tuotteen muista kertak\u00e4ytt\u00f6isist\u00e4 s\u00e4hk\u00f6savukkeista.<\/p>\n<h2>Randm Tornado 7000:n maut<\/h2>\n<p>Randm Tornado 7000 tarjoaa laajan valikoiman makuja, joilla on jokaiseen makuun. Hedelm\u00e4isist\u00e4 virkist\u00e4v\u00e4\u00e4n nuottiin - jokainen versio on huolellisesti suunniteltu tarjoamaan intensiivinen makuel\u00e4mys. T\u00e4ss\u00e4 on luettelo saatavilla olevista mauista:<\/p>\n<ul>\n<li>kylm\u00e4 minttu<\/li>\n<li>elotonta<\/li>\n<li>mandariinij\u00e4\u00e4<\/li>\n<li>mansikkamunkki<\/li>\n<li>Gummy Bear<\/li>\n<li>mustikka j\u00e4\u00e4ll\u00e4<\/li>\n<li>Mango j\u00e4\u00e4ll\u00e4<\/li>\n<li>persikkaj\u00e4\u00e4<\/li>\n<li>banaanij\u00e4\u00e4<\/li>\n<li>Grape Ice<\/li>\n<li>vaaleanpunainen limonadi<\/li>\n<li>pina colada rommia<\/li>\n<li>Sekoitettu marja<\/li>\n<li>banaaninpirte\u00e4<\/li>\n<li>Mansikka vesimeloni<\/li>\n<li>Punainen omena sit<\/li>\n<li>ananasj\u00e4\u00e4<\/li>\n<li>hattara<\/li>\n<li>Mansikka banaani<\/li>\n<li>mansikkaj\u00e4\u00e4<\/li>\n<li>Mansikka Kiivi<\/li>\n<li>Punaisen energian j\u00e4\u00e4t\u00e4<\/li>\n<li>sininen razzlimonadi<\/li>\n<li>Punainen omena j\u00e4\u00e4<\/li>\n<li>marjapuu<\/li>\n<li>mustikka<\/li>\n<li>sininen hapan vadelma<\/li>\n<li>Herra Sininen<\/li>\n<li>omenapersikkap\u00e4\u00e4ryn\u00e4<\/li>\n<li>granaattiomena<\/li>\n<li>vimto<\/li>\n<li>Kiwi-passionhedelm\u00e4guava<\/li>\n<li>lastu<\/li>\n<li>hapan omena<\/li>\n<li>mustaherukka mentoli<\/li>\n<li>tiikerinen veri<\/li>\n<li>persikka mustikka karkkia<\/li>\n<li>Persikka Mango<\/li>\n<li>Mansikka Punainen h\u00e4rk\u00e4<\/li>\n<li>mustaheruka<\/li>\n<li>mansikkavesimeloni limonadi<\/li>\n<li>kirsikka<\/li>\n<li>sininen razzakirsikka<\/li>\n<li>keilapeli<\/li>\n<li>Mustikka Vadelma<\/li>\n<li>mansikkaryp\u00e4le<\/li>\n<li>Mustikka Kirsikka Karpalo<\/li>\n<li>Apple Berry Blast<\/li>\n<li>kirsikkakoksi<\/li>\n<li>sitruuna &amp; lime<\/li>\n<\/ul>\n<h2>Usein kysytyt kysymykset (FAQ) noin Randm Tornado 7000<\/h2>\n<p>T\u00e4ss\u00e4 vastaamme Randm Tornado 7000:aa koskeviin useimmin kysyttyihin kysymyksiin, jotta saat selke\u00e4n k\u00e4sityksen tuotteesta.<\/p>\n<p><strong>Kuinka kauan Randm Tornado 7000 -akku kest\u00e4\u00e4?<\/strong><br \/>\n850 mAh akku on suunniteltu tukemaan 14 ml:n e-nesteen kokonaiskapasiteettia, mik\u00e4 mahdollistaa jopa 7000 junaa. Todellinen k\u00e4ytt\u00f6ik\u00e4 riippuu k\u00e4ytt\u00f6tiheydest\u00e4 ja asetetusta ilmavirran s\u00e4\u00e4d\u00f6st\u00e4.<\/p>\n<p><strong>Miten ladattavuus toimii?<\/strong><br \/>\nRandM Tornado 7000:ssa on USB-portti akun lataamista varten. K\u00e4yt\u00e4 tavallista USB-kaapelia akun lataamiseen, kun se on tyhj\u00e4. T\u00e4m\u00e4 varmistaa, ett\u00e4 voit k\u00e4ytt\u00e4\u00e4 E-nesteen t\u00e4ytt\u00e4 kapasiteettia.<\/p>\n<p><strong>Voinko muuttaa nikotiinipitoisuutta?<\/strong><br \/>\nRANDM Tornado 7000 on saatavana kahdella nikotiinivahvuudella: 2 % ja 5 %. Nikotiinipitoisuus on kiinte\u00e4, eik\u00e4 sit\u00e4 voi muuttaa. Valitse tarpeisiisi sopiva versio.<\/p>\n<p><strong>Mit\u00e4 tapahtuu, kun e-neste on tyhj\u00e4?<\/strong><br \/>\nKoska se on kertak\u00e4ytt\u00f6inen e-savuke, e-nestett\u00e4 ei voida t\u00e4ytt\u00e4\u00e4 uudelleen. Kun e-neste on k\u00e4ytetty loppuun, laite tulee h\u00e4vitt\u00e4\u00e4.<\/p>\n<p><strong>Kuinka s\u00e4\u00e4d\u00e4n ilmavirtaa?<\/strong><br \/>\nIlmavirran s\u00e4\u00e4t\u00f6 sijaitsee laitteessa ja sit\u00e4 voidaan s\u00e4\u00e4t\u00e4\u00e4 k\u00e4\u00e4nt\u00e4m\u00e4ll\u00e4 tai liukumalla vaihtamaan vetovastusta toiveidesi mukaan. Tarkemmat ohjeet l\u00f6ytyv\u00e4t pakkauksesta.<\/p>\n<p><strong>Voiko RGB-valo sammuttaa?<\/strong><br \/>\nRGB-valaistus on RandM Tornado 7000:n kiinte\u00e4 ominaisuus, eik\u00e4 sit\u00e4 voi poistaa k\u00e4yt\u00f6st\u00e4. Se aktivoituu automaattisesti vedett\u00e4ess\u00e4 ja antaa laitteelle nykyaikaisen ulkon\u00e4\u00f6n.<\/p>\n<p><strong>Onko makuja saatavilla kaikilla alueilla?<\/strong><br \/>\nTiettyjen makujen saatavuus voi vaihdella alueittain. Tarkista j\u00e4lleenmyyj\u00e4lt\u00e4si, mit\u00e4 makuja on saatavilla.<\/p>\n<p><strong>Kuinka h\u00e4vit\u00e4n Randm Tornado 7000:n?<\/strong><br \/>\nRANDM Tornado 7000 tulee h\u00e4vitt\u00e4\u00e4 paikallisten elektroniikkaj\u00e4tem\u00e4\u00e4r\u00e4ysten mukaisesti, koska se sis\u00e4lt\u00e4\u00e4 akun. \u00c4l\u00e4 heit\u00e4 niit\u00e4 kotitalousj\u00e4tteisiin.<\/p>","protected":false},"excerpt":{"rendered":"<p dir=\"auto\">Fringe Tornado 7000 Kertak\u00e4ytt\u00f6inen e-savuke, jossa on 850 mAh ladattava akku, 14 ml E-neste, jopa 7000 junaa, 2% tai 5% nikotiinia, s\u00e4\u00e4dett\u00e4v\u00e4 ilmavirta ja RGB-valo. Monipuoliset maut intensiiviseen h\u00f6yrytyskokemukseen.<\/p>","protected":false},"featured_media":3165,"comment_status":"open","ping_status":"closed","template":"","meta":[],"product_brand":[1188],"product_cat":[1187],"product_tag":[964,968],"class_list":{"0":"post-5566","1":"product","2":"type-product","3":"status-publish","4":"has-post-thumbnail","6":"product_brand-randm","7":"product_cat-7000-puffs","8":"product_tag-5k9kpuffs","9":"product_tag-7000-puffs","11":"first","12":"instock","13":"shipping-taxable","14":"purchasable","15":"product-type-variable"},"yoast_head":"<!-- This site is optimized with the Yoast SEO plugin v25.8 - https:\/\/yoast.com\/wordpress\/plugins\/seo\/ -->\n<title>RandM Tornado 7000 7K Puffs Einweg-E-Zigarette Original - ShopVapor<\/title>\n<meta name=\"description\" content=\"RandM Tornado 7000 Einweg-E-Zigarette mit 850mAh wiederaufladbarer Batterie, 14ml E-Liquid, bis zu 7000 Z\u00fcgen, 2% oder 5% Nikotin, einstellbarem Luftstrom und RGB-Licht. Vielf\u00e4ltige Geschmacksrichtungen f\u00fcr ein intensives Dampferlebnis.\" \/>\n<meta name=\"robots\" content=\"index, follow, max-snippet:-1, max-image-preview:large, max-video-preview:-1\" \/>\n<link rel=\"canonical\" href=\"https:\/\/shopvapor.de\/fi\/product\/randm-tornado-7000-7k-puffs-kertakaeyttoeinen-e-savuke-alkuperaeinen\/\" \/>\n<meta property=\"og:locale\" content=\"fi_FI\" \/>\n<meta property=\"og:type\" content=\"article\" \/>\n<meta property=\"og:title\" content=\"RandM Tornado 7000 7K Puffs Einweg-E-Zigarette Original - ShopVapor\" \/>\n<meta property=\"og:description\" content=\"RandM Tornado 7000 Einweg-E-Zigarette mit 850mAh wiederaufladbarer Batterie, 14ml E-Liquid, bis zu 7000 Z\u00fcgen, 2% oder 5% Nikotin, einstellbarem Luftstrom und RGB-Licht. Vielf\u00e4ltige Geschmacksrichtungen f\u00fcr ein intensives Dampferlebnis.\" \/>\n<meta property=\"og:url\" content=\"https:\/\/shopvapor.de\/fi\/product\/randm-tornado-7000-7k-puffs-kertakaeyttoeinen-e-savuke-alkuperaeinen\/\" \/>\n<meta property=\"og:site_name\" content=\"ShopVapor\" \/>\n<meta property=\"article:modified_time\" content=\"2025-07-16T18:33:38+00:00\" \/>\n<meta property=\"og:image\" content=\"https:\/\/shopvapor.de\/wp-content\/uploads\/2025\/07\/randm-tornado-7000-puffs-vape-original-e-cigarette.webp\" \/>\n\t<meta property=\"og:image:width\" content=\"800\" \/>\n\t<meta property=\"og:image:height\" content=\"731\" \/>\n\t<meta property=\"og:image:type\" content=\"image\/webp\" \/>\n<meta name=\"twitter:card\" content=\"summary_large_image\" \/>\n<meta name=\"twitter:label1\" content=\"Arvioitu lukuaika\" \/>\n\t<meta name=\"twitter:data1\" content=\"5 minuuttia\" \/>\n<!-- \/ Yoast SEO plugin. -->","yoast_head_json":{"title":"Fringe Tornado 7000 7K Puffs Kertak\u00e4ytt\u00f6inen E-savuke Alkuper\u00e4inen - Shopvapor","description":"Fringe Tornado 7000 Kertak\u00e4ytt\u00f6inen e-savuke, jossa on 850 mAh ladattava akku, 14 ml E-neste, jopa 7000 junaa, 2% tai 5% nikotiinia, s\u00e4\u00e4dett\u00e4v\u00e4 ilmavirta ja RGB-valo. Monipuoliset maut intensiiviseen h\u00f6yrytyskokemukseen.","robots":{"index":"index","follow":"follow","max-snippet":"max-snippet:-1","max-image-preview":"max-image-preview:large","max-video-preview":"max-video-preview:-1"},"canonical":"https:\/\/shopvapor.de\/fi\/product\/randm-tornado-7000-7k-puffs-kertakaeyttoeinen-e-savuke-alkuperaeinen\/","og_locale":"fi_FI","og_type":"article","og_title":"RandM Tornado 7000 7K Puffs Einweg-E-Zigarette Original - ShopVapor","og_description":"RandM Tornado 7000 Einweg-E-Zigarette mit 850mAh wiederaufladbarer Batterie, 14ml E-Liquid, bis zu 7000 Z\u00fcgen, 2% oder 5% Nikotin, einstellbarem Luftstrom und RGB-Licht. Vielf\u00e4ltige Geschmacksrichtungen f\u00fcr ein intensives Dampferlebnis.","og_url":"https:\/\/shopvapor.de\/fi\/product\/randm-tornado-7000-7k-puffs-kertakaeyttoeinen-e-savuke-alkuperaeinen\/","og_site_name":"ShopVapor","article_modified_time":"2025-07-16T18:33:38+00:00","og_image":[{"width":800,"height":731,"url":"https:\/\/shopvapor.de\/wp-content\/uploads\/2025\/07\/randm-tornado-7000-puffs-vape-original-e-cigarette.webp","type":"image\/webp"}],"twitter_card":"summary_large_image","twitter_misc":{"Arvioitu lukuaika":"5 minuuttia"},"schema":{"@context":"https:\/\/schema.org","@graph":[{"@type":"WebPage","@id":"https:\/\/shopvapor.de\/produkt\/randm-tornado-7000-7k-puffs-einweg-e-zigarette-original\/","url":"https:\/\/shopvapor.de\/produkt\/randm-tornado-7000-7k-puffs-einweg-e-zigarette-original\/","name":"Fringe Tornado 7000 7K Puffs Kertak\u00e4ytt\u00f6inen E-savuke Alkuper\u00e4inen - Shopvapor","isPartOf":{"@id":"https:\/\/shopvapor.de\/#website"},"primaryImageOfPage":{"@id":"https:\/\/shopvapor.de\/produkt\/randm-tornado-7000-7k-puffs-einweg-e-zigarette-original\/#primaryimage"},"image":{"@id":"https:\/\/shopvapor.de\/produkt\/randm-tornado-7000-7k-puffs-einweg-e-zigarette-original\/#primaryimage"},"thumbnailUrl":"https:\/\/shopvapor.de\/wp-content\/uploads\/2025\/07\/randm-tornado-7000-puffs-vape-original-e-cigarette.webp","datePublished":"2025-07-02T03:53:38+00:00","dateModified":"2025-07-16T18:33:38+00:00","description":"Fringe Tornado 7000 Kertak\u00e4ytt\u00f6inen e-savuke, jossa on 850 mAh ladattava akku, 14 ml E-neste, jopa 7000 junaa, 2% tai 5% nikotiinia, s\u00e4\u00e4dett\u00e4v\u00e4 ilmavirta ja RGB-valo. Monipuoliset maut intensiiviseen h\u00f6yrytyskokemukseen.","breadcrumb":{"@id":"https:\/\/shopvapor.de\/produkt\/randm-tornado-7000-7k-puffs-einweg-e-zigarette-original\/#breadcrumb"},"inLanguage":"fi","potentialAction":[{"@type":"ReadAction","target":["https:\/\/shopvapor.de\/produkt\/randm-tornado-7000-7k-puffs-einweg-e-zigarette-original\/"]}]},{"@type":"ImageObject","inLanguage":"fi","@id":"https:\/\/shopvapor.de\/produkt\/randm-tornado-7000-7k-puffs-einweg-e-zigarette-original\/#primaryimage","url":"https:\/\/shopvapor.de\/wp-content\/uploads\/2025\/07\/randm-tornado-7000-puffs-vape-original-e-cigarette.webp","contentUrl":"https:\/\/shopvapor.de\/wp-content\/uploads\/2025\/07\/randm-tornado-7000-puffs-vape-original-e-cigarette.webp","width":800,"height":731},{"@type":"BreadcrumbList","@id":"https:\/\/shopvapor.de\/produkt\/randm-tornado-7000-7k-puffs-einweg-e-zigarette-original\/#breadcrumb","itemListElement":[{"@type":"ListItem","position":1,"name":"Startseite","item":"https:\/\/shopvapor.de\/"},{"@type":"ListItem","position":2,"name":"Shop","item":"https:\/\/shopvapor.de\/shop\/"},{"@type":"ListItem","position":3,"name":"RandM Tornado 7000 7K Puffs Einweg-E-Zigarette Original"}]},{"@type":"WebSite","@id":"https:\/\/shopvapor.de\/#website","url":"https:\/\/shopvapor.de\/","name":"ShopVapor","description":"","potentialAction":[{"@type":"SearchAction","target":{"@type":"EntryPoint","urlTemplate":"https:\/\/shopvapor.de\/?s={search_term_string}"},"query-input":{"@type":"PropertyValueSpecification","valueRequired":true,"valueName":"search_term_string"}}],"inLanguage":"fi"}]}},"_links":{"self":[{"href":"https:\/\/shopvapor.de\/fi\/wp-json\/wp\/v2\/product\/5566","targetHints":{"allow":["GET"]}}],"collection":[{"href":"https:\/\/shopvapor.de\/fi\/wp-json\/wp\/v2\/product"}],"about":[{"href":"https:\/\/shopvapor.de\/fi\/wp-json\/wp\/v2\/types\/product"}],"replies":[{"embeddable":true,"href":"https:\/\/shopvapor.de\/fi\/wp-json\/wp\/v2\/comments?post=5566"}],"version-history":[{"count":1,"href":"https:\/\/shopvapor.de\/fi\/wp-json\/wp\/v2\/product\/5566\/revisions"}],"predecessor-version":[{"id":11716,"href":"https:\/\/shopvapor.de\/fi\/wp-json\/wp\/v2\/product\/5566\/revisions\/11716"}],"wp:featuredmedia":[{"embeddable":true,"href":"https:\/\/shopvapor.de\/fi\/wp-json\/wp\/v2\/media\/3165"}],"wp:attachment":[{"href":"https:\/\/shopvapor.de\/fi\/wp-json\/wp\/v2\/media?parent=5566"}],"wp:term":[{"taxonomy":"product_brand","embeddable":true,"href":"https:\/\/shopvapor.de\/fi\/wp-json\/wp\/v2\/product_brand?post=5566"},{"taxonomy":"product_cat","embeddable":true,"href":"https:\/\/shopvapor.de\/fi\/wp-json\/wp\/v2\/product_cat?post=5566"},{"taxonomy":"product_tag","embeddable":true,"href":"https:\/\/shopvapor.de\/fi\/wp-json\/wp\/v2\/product_tag?post=5566"}],"curies":[{"name":"pukki","href":"https:\/\/api.w.org\/{rel}","templated":true}]}}