{"id":6238,"date":"2025-07-02T04:00:40","date_gmt":"2025-07-02T04:00:40","guid":{"rendered":"https:\/\/shopvapor.de\/?post_type=product&#038;p=6238"},"modified":"2025-07-15T09:34:28","modified_gmt":"2025-07-15T09:34:28","slug":"bang-de-60000-60k-puffs-60ml-kertakaeyttoeinen-e-savuke-alkuperaeinen","status":"publish","type":"product","link":"https:\/\/shopvapor.de\/fi\/product\/bang-de-60000-60k-puffs-60ml-kertakaeyttoeinen-e-savuke-alkuperaeinen\/","title":{"rendered":"Bang de 60000 60K Puffs 60ml Kertak\u00e4ytt\u00f6inen E-savuke Alkuper\u00e4inen"},"content":{"rendered":"<h2>Johdatus Bang 40000 40K kertak\u00e4ytt\u00f6iseen vape<\/h2>\n<p>Bang 40000 40K on huippuluokan kertak\u00e4ytt\u00f6inen vape, joka vakuuttaa innovatiivisella tekniikallaan ja vaikuttavalla suorituskyvyll\u00e4\u00e4n. Jopa 60 000 junan kapasiteetti, ainutlaatuinen 3-in-1-makua vaihtava j\u00e4rjestelm\u00e4 ja \u00e4lyk\u00e4s LED-n\u00e4ytt\u00f6, t\u00e4m\u00e4 laite asettaa uudet standardit kertak\u00e4ytt\u00f6isten vapes-kategoriaan. Laatua, mukavuutta ja monipuolisuutta arvostaville k\u00e4ytt\u00e4jille suunniteltu Bang 40000 40K tarjoaa intensiivisen ja luotettavan h\u00f6yrytyskokemuksen, jota tukevat premium-verkkokelatekniikka ja nopea Type-C-lataus. Bang-br\u00e4ndi tarkoittaa Precision and Trustia, mik\u00e4 tekee t\u00e4st\u00e4 tuotteesta ensiluokkaisen valinnan.<\/p>\n<h2>Tuotteen parametrit yksityiskohtaisesti<\/h2>\n<p>Bang 40000 40K tekniset tiedot on suunniteltu tarjoamaan pitk\u00e4kestoinen ja k\u00e4ytt\u00e4j\u00e4yst\u00e4v\u00e4llinen k\u00e4ytt\u00f6kokemus. Alta l\u00f6yd\u00e4t yksityiskohtaisen yleiskatsauksen yksitt\u00e4isist\u00e4 parametreista ja niiden eduista.<\/p>\n<h3>Esit\u00e4ytetty e-nestes\u00e4ili\u00f6 (60 ml)<\/h3>\n<p>Bang 40000 40K on varustettu runsaalla 60 ml:n s\u00e4ili\u00f6ll\u00e4, joka on jo t\u00e4ytetty korkealaatuisella e-nesteell\u00e4. T\u00e4m\u00e4 suuri kapasiteetti varmistaa, ett\u00e4 laitetta voidaan k\u00e4ytt\u00e4\u00e4 pitk\u00e4n ajan ilman t\u00e4ytt\u00f6\u00e4. Etu on k\u00e4ytt\u00f6mukavuus: k\u00e4ytt\u00e4j\u00e4t voivat k\u00e4ytt\u00e4\u00e4 laitetta v\u00e4litt\u00f6m\u00e4sti ja hy\u00f6ty\u00e4 E-Liquidin tasaisesta laadusta, joka on kehitetty erityisesti intensiivisi\u00e4 makuprofiileja varten.<\/p>\n<h3>ladattava 850mAh akku<\/h3>\n<p>Tehokkaan 850 mAh akun ansiosta Bang 40000 40K tarjoaa luotettavan virtal\u00e4hteen Type-C:n pikalataustoiminnolla. T\u00e4m\u00e4 akku mahdollistaa pitk\u00e4kestoisen k\u00e4yt\u00f6n ja on ladattava, mik\u00e4 pident\u00e4\u00e4 merkitt\u00e4v\u00e4sti laitteen k\u00e4ytt\u00f6ik\u00e4\u00e4. Etu on joustavuus: intensiivisess\u00e4 k\u00e4yt\u00f6ss\u00e4 laite pysyy k\u00e4ytt\u00f6valmis ilman toistuvia latausjaksoja.<\/p>\n<h3>3-in-1 maunmuutosj\u00e4rjestelm\u00e4<\/h3>\n<p>Innovatiivinen 3-in-1-arunvaihtoj\u00e4rjestelm\u00e4 mahdollistaa vaihtamisen kolmen eri maun v\u00e4lill\u00e4 vaihtamatta laitetta. T\u00e4m\u00e4 ominaisuus tarjoaa vertaansa vailla olevan monipuolisuuden ja antaa k\u00e4ytt\u00e4jille mahdollisuuden s\u00e4\u00e4t\u00e4\u00e4 mieltymyksi\u00e4\u00e4n mielialansa mukaan. Etu on yksil\u00f6llisyys: useiden laitteiden ostamisen sijaan Bang 40000 40K tarjoaa all-in-one-ratkaisun ensiluokkaisilla makuvaihtoehdoilla.<\/p>\n<h3>Jopa 60 000 junaa<\/h3>\n<p>Bang 40000 40K on 60 000 junan kapasiteetti, ja se on johtaja kertak\u00e4ytt\u00f6isten h\u00f6yryjen luokassa. T\u00e4m\u00e4 poikkeuksellinen kest\u00e4vyys varmistaa, ett\u00e4 laitetta voidaan k\u00e4ytt\u00e4\u00e4 viikkoja tai jopa kuukausia k\u00e4ytt\u00f6tiheydest\u00e4 riippuen. Etu on kustannustehokkuus: k\u00e4ytt\u00e4j\u00e4t saavat laitteen, joka mahdollistaa pitk\u00e4aikaisen k\u00e4yt\u00f6n suorituskyvyst\u00e4 tinkim\u00e4tt\u00e4.<\/p>\n<h3>\u00e4lyk\u00e4s LED-n\u00e4ytt\u00f6<\/h3>\n<p>Integroitu LED-n\u00e4ytt\u00f6 n\u00e4ytt\u00e4\u00e4 t\u00e4rkeit\u00e4 tietoja, kuten akun varaustason, j\u00e4ljell\u00e4 olevan e-nesteen m\u00e4\u00e4r\u00e4n ja nykyisen makutilan. T\u00e4m\u00e4 ominaisuus helpottaa k\u00e4ytt\u00f6\u00e4, koska k\u00e4ytt\u00e4j\u00e4t voivat pit\u00e4\u00e4 silm\u00e4ll\u00e4 laitteensa tilaa aina. Etu on l\u00e4pin\u00e4kyvyys: n\u00e4ytt\u00f6 varmistaa intuitiivisen toiminnan ja est\u00e4\u00e4 odottamattomat keskeytykset.<\/p>\n<h3>premium-verkkokierre<\/h3>\n<p>Ensiluokkainen verkkokierukkateknologia takaa, ett\u00e4 e-neste kuumenee tasaisesti, mik\u00e4 johtaa intensiivisemp\u00e4\u00e4n makuprofiiliin ja korkeampaan h\u00f6yryntuotantoon. T\u00e4m\u00e4 edistynyt kela tarjoaa johdonmukaisen ja tyydytt\u00e4v\u00e4n h\u00f6yrytyskokemuksen jokaisella vedolla. Etu on laatu: Mesh Coil -tekniikka erottaa Bang 40000 40K:n tavallisista kertak\u00e4ytt\u00f6isist\u00e4 h\u00f6yryist\u00e4.<\/p>\n<h3>junalla aktivoitu j\u00e4rjestelm\u00e4<\/h3>\n<p>Junalla aktivoitu j\u00e4rjestelm\u00e4 mahdollistaa helpon ja intuitiivisen k\u00e4yt\u00f6n ilman lis\u00e4painikkeita tai asetuksia. K\u00e4ytt\u00e4jien tarvitsee vain vet\u00e4m\u00e4ll\u00e4 suukappaletta aktivoidakseen laitteen. Etu on k\u00e4ytt\u00e4j\u00e4yst\u00e4v\u00e4llisyys: t\u00e4m\u00e4 j\u00e4rjestelm\u00e4 on ihanteellinen helppok\u00e4ytt\u00f6inen k\u00e4ytt\u00e4j\u00e4n kokemuksesta riippumatta.<\/p>\n<h3>Type-C pikalataus<\/h3>\n<p>Type-C pikalatausominaisuus mahdollistaa nopean ja tehokkaan akun latauksen, mik\u00e4 minimoi seisokit. Universaali Type-C-portti on yhteensopiva useimpien nykyaikaisten latauskaapeleiden kanssa, mik\u00e4 tekee siit\u00e4 entist\u00e4 k\u00e4tev\u00e4mm\u00e4n k\u00e4ytt\u00e4\u00e4. Etu on tehokkuus: k\u00e4ytt\u00e4j\u00e4t voivat saada laitteensa valmiiksi uudelleen k\u00e4ytt\u00f6\u00f6n hetkess\u00e4.<\/p>\n<h2>Saatavilla olevat maut<\/h2>\n<p>Bang 40000 40K tarjoaa laajan valikoiman makuja, jotka voidaan valita yksil\u00f6llisesti 3-in-1-maunmuutosj\u00e4rjestelm\u00e4ll\u00e4. Jokainen yhdistelm\u00e4 on koottu huolellisesti yhteen intensiivisen ja monipuolisen kokemuksen tarjoamiseksi. Saatavilla olevat maut ovat:<\/p>\n<ul>\n<li>Mansikkavesimeloni + kiivin passionhedelm\u00e4guava<\/li>\n<li>Red Bull + mustikkavesimeloni<\/li>\n<li>vesimelonij\u00e4\u00e4 + mustikkaminttu<\/li>\n<li>Mansikkavesimeloni + musta lohik\u00e4\u00e4rme<\/li>\n<li>Mansikka Mango + mansikka Kiwi<\/li>\n<li>Vesimeloni + mustikkakirsikka<\/li>\n<li>mustikka vadelma + viiniryp\u00e4lej\u00e4\u00e4<\/li>\n<li>mustikka vadelma + sekamarja<\/li>\n<li>mustikkaj\u00e4\u00e4 + persikkaj\u00e4\u00e4<\/li>\n<li>Red Bull + mansikka-banaani<\/li>\n<li>Mansikka Mango + vesimeloni purukumi<\/li>\n<li>mustikkaj\u00e4\u00e4 + persikkamango vesimeloni<\/li>\n<\/ul>\n<h2>Usein kysytyt kysymykset (FAQ)<\/h2>\n<p>T\u00e4ss\u00e4 vastaamme useimmin kysyttyihin kysymyksiin Bang 40000 40K kertak\u00e4ytt\u00f6isest\u00e4 vapesta, jotta saat selke\u00e4n k\u00e4sityksen tuotteesta.<\/p>\n<h3>Kuinka vaihdan makujen v\u00e4lill\u00e4?<\/h3>\n<p>3-in-1-maunvaihtoj\u00e4rjestelm\u00e4 on suunniteltu intuitiivisesti. K\u00e4\u00e4nn\u00e4 tai liu'uta laitteen sopivaa mekanismia (mallista riippuen) vaihtaaksesi kolmen saatavilla olevan maun v\u00e4lill\u00e4. LED-n\u00e4ytt\u00f6 n\u00e4ytt\u00e4\u00e4 valitun maun.<\/p>\n<h3>Kuinka kauan akku kest\u00e4\u00e4 normaalik\u00e4yt\u00f6ss\u00e4?<\/h3>\n<p>850 mAh akku kest\u00e4\u00e4 useista p\u00e4ivist\u00e4 viikkoihin k\u00e4ytt\u00f6tiheydest\u00e4 riippuen. Keskim\u00e4\u00e4rin 500 junaa p\u00e4iv\u00e4ss\u00e4, akku kest\u00e4\u00e4 useita latausjaksoja ennen kuin se on ladattava. K\u00e4yt\u00e4 C-tyypin kaapelia pikalataukseen.<\/p>\n<h3>Mit\u00e4 tapahtuu, kun e-nestes\u00e4ili\u00f6 on tyhj\u00e4?<\/h3>\n<p>Bang 40000 40K on kertak\u00e4ytt\u00f6inen h\u00f6yry, mik\u00e4 tarkoittaa, ett\u00e4 E-nestes\u00e4ili\u00f6t\u00e4 ei voida t\u00e4ytt\u00e4\u00e4 uudelleen. Kun s\u00e4ili\u00f6 on tyhj\u00e4, laite tulee h\u00e4vitt\u00e4\u00e4 paikallisten m\u00e4\u00e4r\u00e4ysten mukaisesti. LED-n\u00e4ytt\u00f6 ilmoittaa sinulle hyviss\u00e4 ajoin tasosta.<\/p>\n<h3>Sopiiko laite p\u00e4ivitt\u00e4iseen k\u00e4ytt\u00f6\u00f6n?<\/h3>\n<p>Kyll\u00e4, Bang 40000 40K on suunniteltu p\u00e4ivitt\u00e4iseen k\u00e4ytt\u00f6\u00f6n. Jopa 60 000 junaa, ladattavaa akkua ja vankkaa rakennetta, se on ihanteellinen tavallisille k\u00e4ytt\u00e4jille, jotka etsiv\u00e4t luotettavaa laitetta.<\/p>\n<h3>Voinko k\u00e4ytt\u00e4\u00e4 laitetta latauksen aikana?<\/h3>\n<p>Turvallisuussyist\u00e4 on suositeltavaa olla k\u00e4ytt\u00e4m\u00e4tt\u00e4 laitetta latauksen aikana. Type-C pikalatausprosessi on kuitenkin niin tehokas, ett\u00e4 laite on valmis k\u00e4ytett\u00e4v\u00e4ksi uudelleen lyhyess\u00e4 ajassa.<\/p>\n<h3>Kuinka h\u00e4vit\u00e4n bang 40000 40k?<\/h3>\n<p>Bang 40000 40K sis\u00e4lt\u00e4\u00e4 akun ja e-nesteen, mink\u00e4 vuoksi sit\u00e4 ei saa h\u00e4vitt\u00e4\u00e4 kotitalousj\u00e4tteisiin. Vie laite sopivaan elektronisen tai akkuj\u00e4tteen ker\u00e4yspisteeseen varmistaaksesi ymp\u00e4rist\u00f6yst\u00e4v\u00e4llisen h\u00e4vityksen.<\/p>","protected":false},"excerpt":{"rendered":"<p dir=\"auto\">Bang de 60000 Puffs Kertak\u00e4ytt\u00f6inen e-savuke tarjoaa jopa 60 000 junaa, 56 ml e-nestett\u00e4, joustavat nikotiinivahvuudet (0-5 %), 3-in-1 makutila, kaksiverkkokela, 850 mAh akku type-c pikalatauksella ja \u00e4lyk\u00e4s n\u00e4pp\u00e4in ja nakkula.<\/p>","protected":false},"featured_media":6259,"comment_status":"open","ping_status":"closed","template":"","meta":[],"product_brand":[1180],"product_cat":[1160],"product_tag":[977,954,973,952,951],"class_list":{"0":"post-6238","1":"product","2":"type-product","3":"status-publish","4":"has-post-thumbnail","6":"product_brand-bang","7":"product_cat-60000-puffs","8":"product_tag-60k-puffs","9":"product_tag-dual-mesh-coil","10":"product_tag-triple-flavors","11":"product_tag-type-c","12":"product_tag-with-display","14":"first","15":"instock","16":"sale","17":"shipping-taxable","18":"purchasable","19":"product-type-variable"},"yoast_head":"<!-- This site is optimized with the Yoast SEO plugin v25.8 - https:\/\/yoast.com\/wordpress\/plugins\/seo\/ -->\n<title>BANG DE 60000 60K Puffs 60ml Einweg-E-Zigarette Original - ShopVapor<\/title>\n<meta name=\"description\" content=\"Die BANG DE 60000 Puffs Einweg-E-Zigarette bietet bis zu 60.000 Z\u00fcge, 56 ml E-Liquid, flexible Nikotinst\u00e4rken (0-5 %), 3-in-1-Geschmacksmodus, doppelte Mesh-Spule, 850-mAh-Akku mit Typ-C-Schnellladung und intelligenten Bildschirm f\u00fcr Akku- und E-Liquid-Stand.\" \/>\n<meta name=\"robots\" content=\"index, follow, max-snippet:-1, max-image-preview:large, max-video-preview:-1\" \/>\n<link rel=\"canonical\" href=\"https:\/\/shopvapor.de\/fi\/product\/bang-de-60000-60k-puffs-60ml-kertakaeyttoeinen-e-savuke-alkuperaeinen\/\" \/>\n<meta property=\"og:locale\" content=\"fi_FI\" \/>\n<meta property=\"og:type\" content=\"article\" \/>\n<meta property=\"og:title\" content=\"BANG DE 60000 60K Puffs 60ml Einweg-E-Zigarette Original - ShopVapor\" \/>\n<meta property=\"og:description\" content=\"Die BANG DE 60000 Puffs Einweg-E-Zigarette bietet bis zu 60.000 Z\u00fcge, 56 ml E-Liquid, flexible Nikotinst\u00e4rken (0-5 %), 3-in-1-Geschmacksmodus, doppelte Mesh-Spule, 850-mAh-Akku mit Typ-C-Schnellladung und intelligenten Bildschirm f\u00fcr Akku- und E-Liquid-Stand.\" \/>\n<meta property=\"og:url\" content=\"https:\/\/shopvapor.de\/fi\/product\/bang-de-60000-60k-puffs-60ml-kertakaeyttoeinen-e-savuke-alkuperaeinen\/\" \/>\n<meta property=\"og:site_name\" content=\"ShopVapor\" \/>\n<meta property=\"article:modified_time\" content=\"2025-07-15T09:34:28+00:00\" \/>\n<meta property=\"og:image\" content=\"https:\/\/shopvapor.de\/wp-content\/uploads\/2025\/07\/bang-de-60000-60k-puffs-60ml-einweg-e-zigarette-original-5.webp\" \/>\n\t<meta property=\"og:image:width\" content=\"1000\" \/>\n\t<meta property=\"og:image:height\" content=\"1000\" \/>\n\t<meta property=\"og:image:type\" content=\"image\/webp\" \/>\n<meta name=\"twitter:card\" content=\"summary_large_image\" \/>\n<meta name=\"twitter:label1\" content=\"Arvioitu lukuaika\" \/>\n\t<meta name=\"twitter:data1\" content=\"5 minuuttia\" \/>\n<!-- \/ Yoast SEO plugin. -->","yoast_head_json":{"title":"Bang de 60000 60K Puffs 60ml Kertak\u00e4ytt\u00f6inen E-savuke Alkuper\u00e4inen - Shopvapor","description":"Bang de 60000 Puffs Kertak\u00e4ytt\u00f6inen e-savuke tarjoaa jopa 60 000 junaa, 56 ml e-nestett\u00e4, joustavat nikotiinivahvuudet (0-5 %), 3-in-1 makutila, kaksiverkkokela, 850 mAh akku type-c pikalatauksella ja \u00e4lyk\u00e4s n\u00e4pp\u00e4in ja nakkula.","robots":{"index":"index","follow":"follow","max-snippet":"max-snippet:-1","max-image-preview":"max-image-preview:large","max-video-preview":"max-video-preview:-1"},"canonical":"https:\/\/shopvapor.de\/fi\/product\/bang-de-60000-60k-puffs-60ml-kertakaeyttoeinen-e-savuke-alkuperaeinen\/","og_locale":"fi_FI","og_type":"article","og_title":"BANG DE 60000 60K Puffs 60ml Einweg-E-Zigarette Original - ShopVapor","og_description":"Die BANG DE 60000 Puffs Einweg-E-Zigarette bietet bis zu 60.000 Z\u00fcge, 56 ml E-Liquid, flexible Nikotinst\u00e4rken (0-5 %), 3-in-1-Geschmacksmodus, doppelte Mesh-Spule, 850-mAh-Akku mit Typ-C-Schnellladung und intelligenten Bildschirm f\u00fcr Akku- und E-Liquid-Stand.","og_url":"https:\/\/shopvapor.de\/fi\/product\/bang-de-60000-60k-puffs-60ml-kertakaeyttoeinen-e-savuke-alkuperaeinen\/","og_site_name":"ShopVapor","article_modified_time":"2025-07-15T09:34:28+00:00","og_image":[{"width":1000,"height":1000,"url":"https:\/\/shopvapor.de\/wp-content\/uploads\/2025\/07\/bang-de-60000-60k-puffs-60ml-einweg-e-zigarette-original-5.webp","type":"image\/webp"}],"twitter_card":"summary_large_image","twitter_misc":{"Arvioitu lukuaika":"5 minuuttia"},"schema":{"@context":"https:\/\/schema.org","@graph":[{"@type":"WebPage","@id":"https:\/\/shopvapor.de\/produkt\/bang-de-60000-60k-puffs-60ml-einweg-e-zigarette-original\/","url":"https:\/\/shopvapor.de\/produkt\/bang-de-60000-60k-puffs-60ml-einweg-e-zigarette-original\/","name":"Bang de 60000 60K Puffs 60ml Kertak\u00e4ytt\u00f6inen E-savuke Alkuper\u00e4inen - Shopvapor","isPartOf":{"@id":"https:\/\/shopvapor.de\/#website"},"primaryImageOfPage":{"@id":"https:\/\/shopvapor.de\/produkt\/bang-de-60000-60k-puffs-60ml-einweg-e-zigarette-original\/#primaryimage"},"image":{"@id":"https:\/\/shopvapor.de\/produkt\/bang-de-60000-60k-puffs-60ml-einweg-e-zigarette-original\/#primaryimage"},"thumbnailUrl":"https:\/\/shopvapor.de\/wp-content\/uploads\/2025\/07\/bang-de-60000-60k-puffs-60ml-einweg-e-zigarette-original-5.webp","datePublished":"2025-07-02T04:00:40+00:00","dateModified":"2025-07-15T09:34:28+00:00","description":"Bang de 60000 Puffs Kertak\u00e4ytt\u00f6inen e-savuke tarjoaa jopa 60 000 junaa, 56 ml e-nestett\u00e4, joustavat nikotiinivahvuudet (0-5 %), 3-in-1 makutila, kaksiverkkokela, 850 mAh akku type-c pikalatauksella ja \u00e4lyk\u00e4s n\u00e4pp\u00e4in ja nakkula.","breadcrumb":{"@id":"https:\/\/shopvapor.de\/produkt\/bang-de-60000-60k-puffs-60ml-einweg-e-zigarette-original\/#breadcrumb"},"inLanguage":"fi","potentialAction":[{"@type":"ReadAction","target":["https:\/\/shopvapor.de\/produkt\/bang-de-60000-60k-puffs-60ml-einweg-e-zigarette-original\/"]}]},{"@type":"ImageObject","inLanguage":"fi","@id":"https:\/\/shopvapor.de\/produkt\/bang-de-60000-60k-puffs-60ml-einweg-e-zigarette-original\/#primaryimage","url":"https:\/\/shopvapor.de\/wp-content\/uploads\/2025\/07\/bang-de-60000-60k-puffs-60ml-einweg-e-zigarette-original-5.webp","contentUrl":"https:\/\/shopvapor.de\/wp-content\/uploads\/2025\/07\/bang-de-60000-60k-puffs-60ml-einweg-e-zigarette-original-5.webp","width":1000,"height":1000},{"@type":"BreadcrumbList","@id":"https:\/\/shopvapor.de\/produkt\/bang-de-60000-60k-puffs-60ml-einweg-e-zigarette-original\/#breadcrumb","itemListElement":[{"@type":"ListItem","position":1,"name":"Startseite","item":"https:\/\/shopvapor.de\/"},{"@type":"ListItem","position":2,"name":"Shop","item":"https:\/\/shopvapor.de\/shop\/"},{"@type":"ListItem","position":3,"name":"BANG DE 60000 60K Puffs 60ml Einweg-E-Zigarette Original"}]},{"@type":"WebSite","@id":"https:\/\/shopvapor.de\/#website","url":"https:\/\/shopvapor.de\/","name":"ShopVapor","description":"","potentialAction":[{"@type":"SearchAction","target":{"@type":"EntryPoint","urlTemplate":"https:\/\/shopvapor.de\/?s={search_term_string}"},"query-input":{"@type":"PropertyValueSpecification","valueRequired":true,"valueName":"search_term_string"}}],"inLanguage":"fi"}]}},"_links":{"self":[{"href":"https:\/\/shopvapor.de\/fi\/wp-json\/wp\/v2\/product\/6238","targetHints":{"allow":["GET"]}}],"collection":[{"href":"https:\/\/shopvapor.de\/fi\/wp-json\/wp\/v2\/product"}],"about":[{"href":"https:\/\/shopvapor.de\/fi\/wp-json\/wp\/v2\/types\/product"}],"replies":[{"embeddable":true,"href":"https:\/\/shopvapor.de\/fi\/wp-json\/wp\/v2\/comments?post=6238"}],"version-history":[{"count":1,"href":"https:\/\/shopvapor.de\/fi\/wp-json\/wp\/v2\/product\/6238\/revisions"}],"predecessor-version":[{"id":11439,"href":"https:\/\/shopvapor.de\/fi\/wp-json\/wp\/v2\/product\/6238\/revisions\/11439"}],"wp:featuredmedia":[{"embeddable":true,"href":"https:\/\/shopvapor.de\/fi\/wp-json\/wp\/v2\/media\/6259"}],"wp:attachment":[{"href":"https:\/\/shopvapor.de\/fi\/wp-json\/wp\/v2\/media?parent=6238"}],"wp:term":[{"taxonomy":"product_brand","embeddable":true,"href":"https:\/\/shopvapor.de\/fi\/wp-json\/wp\/v2\/product_brand?post=6238"},{"taxonomy":"product_cat","embeddable":true,"href":"https:\/\/shopvapor.de\/fi\/wp-json\/wp\/v2\/product_cat?post=6238"},{"taxonomy":"product_tag","embeddable":true,"href":"https:\/\/shopvapor.de\/fi\/wp-json\/wp\/v2\/product_tag?post=6238"}],"curies":[{"name":"pukki","href":"https:\/\/api.w.org\/{rel}","templated":true}]}}