{"id":6369,"date":"2025-07-02T04:01:39","date_gmt":"2025-07-02T04:01:39","guid":{"rendered":"https:\/\/shopvapor.de\/?post_type=product&#038;p=6369"},"modified":"2025-07-15T09:31:47","modified_gmt":"2025-07-15T09:31:47","slug":"bang-leader-50k-puffs-dual-flavors-36ml-kertakaeyttoeinen-e-savuke-alkuperaeinen","status":"publish","type":"product","link":"https:\/\/shopvapor.de\/fi\/product\/bang-leader-50k-puffs-dual-flavors-36ml-kertakaeyttoeinen-e-savuke-alkuperaeinen\/","title":{"rendered":"Bang Leader 50K Puffs Dual Flavors 36ml kertak\u00e4ytt\u00f6inen e-savuke alkuper\u00e4inen"},"content":{"rendered":"<h2>Johdatus Bang Leader 50k Puffsiin<\/h2>\n<p>Bang Leader 50K Puffs on korkealaatuinen kertak\u00e4ytt\u00f6inen e-savuketuote, joka tekee vaikutuksen vaikuttavalla suorituskyvyll\u00e4\u00e4n ja innovatiivisella tekniikallaan. Jopa 50 000 junan kapasiteetti, t\u00e4m\u00e4 laite tarjoaa pitk\u00e4kestoisen k\u00e4yt\u00f6n ja intensiivisen makuel\u00e4myksen. Bang Leader -br\u00e4ndi tarkoittaa laatua ja luotettavuutta, ja t\u00e4ss\u00e4 mallissa yhdistyv\u00e4t edistyneet ominaisuudet, kuten kaksoismaku, ladattava akku ja selke\u00e4 n\u00e4ytt\u00f6. BANG Leader 50k on kehitetty vaativille k\u00e4ytt\u00e4jille, jotka arvostavat mukavuutta ja monipuolisuutta, ja se asettaa uudet standardit kertak\u00e4ytt\u00f6isten s\u00e4hk\u00f6savukkeiden kategoriaan.<\/p>\n<h2>Tuotteen parametrit yksityiskohtaisesti<\/h2>\n<p>Bang Leader 50k Puffsin tekniset tiedot on suunniteltu varmistamaan optimaalinen k\u00e4ytt\u00f6kokemus. Alla on yksityiskohtainen yleiskatsaus t\u00e4m\u00e4n laitteen t\u00e4rkeimmist\u00e4 parametreista.<\/p>\n<h3>Junakapasiteetti: Jopa 50 000 junaa<\/h3>\n<p>Jopa 50 000 junan kapasiteetti Bang Leader 50K tarjoaa poikkeuksellisen pitk\u00e4n k\u00e4ytt\u00f6i\u00e4n. T\u00e4m\u00e4 suuri junien m\u00e4\u00e4r\u00e4 minimoi laitteiden toistuvien vaihtojen tarpeen ja varmistaa jatkuvan tyytyv\u00e4isyyden jopa intensiivisess\u00e4 k\u00e4yt\u00f6ss\u00e4.<\/p>\n<h3>E-nestekapasiteetti: 36 ml<\/h3>\n<p>Laitteessa on runsas 36 ml:n e-nestes\u00e4ili\u00f6, joka eliminoi harvinaisten t\u00e4ytt\u00f6pakkausten tarpeen. T\u00e4m\u00e4 kapasiteetti varmistaa tasaisen maun laadun laitteen koko k\u00e4ytt\u00f6i\u00e4n ajan ja tarjoaa huolettoman kokemuksen.<\/p>\n<h3>Akku: 650 mAh, ladattava tyypill\u00e4-C<\/h3>\n<p>Bang Leader 50K on varustettu tehokkaalla 650 mAh akulla, joka voidaan ladata nopeasti ja tehokkaasti Type-C-portin kautta. T\u00e4m\u00e4 toiminto varmistaa luotettavan virransy\u00f6t\u00f6n ja mahdollistaa keskeytym\u00e4tt\u00f6m\u00e4n k\u00e4yt\u00f6n my\u00f6s pitk\u00e4aikaisessa k\u00e4yt\u00f6ss\u00e4.<\/p>\n<h3>Nikotiinin vahvuudet: 0 %, 2 %, 3 %, 5 %<\/h3>\n<p>Laite tarjoaa valikoiman nikotiinivahvuuksia (0 %, 2 %, 3 %, 5 %) vastaamaan k\u00e4ytt\u00e4jien yksil\u00f6llisi\u00e4 tarpeita. Olipa kyseess\u00e4 nikotiiniton nautinto tai vahvempi nikotiinipotku \u2013 Bang Leader 50k mukautuu joustavasti.<\/p>\n<h3>kaksiverkko kela<\/h3>\n<p>Kaksoisverkkokierukka varmistaa e-nesteen tasaisen kuumenemisen, mik\u00e4 johtaa voimakkaampaan makuun ja tihe\u00e4\u00e4n h\u00f6yryyn. T\u00e4m\u00e4 tekniikka takaa johdonmukaisen kokemuksen jokaisessa junassa ja nostaa Bang Leader 50k:n muista tuotteista.<\/p>\n<h3>s\u00e4\u00e4dett\u00e4v\u00e4 teho<\/h3>\n<p>S\u00e4\u00e4dett\u00e4v\u00e4n suorituskyvyn ansiosta k\u00e4ytt\u00e4j\u00e4t voivat muokata kokemustaan. T\u00e4m\u00e4 ominaisuus mahdollistaa maun ja h\u00f6yryntuotannon intensiteetin s\u00e4\u00e4telyn henkil\u00f6kohtaisten mieltymysten mukaan, mik\u00e4 tarjoaa maksimaalisen joustavuuden.<\/p>\n<h3>\u00e4lyk\u00e4s n\u00e4ytt\u00f6<\/h3>\n<p>Integroitu n\u00e4ytt\u00f6 n\u00e4ytt\u00e4\u00e4 akun varaustason ja e-nesteen kulutuksen reaaliajassa. T\u00e4m\u00e4 selke\u00e4 ja k\u00e4ytt\u00e4j\u00e4yst\u00e4v\u00e4llinen n\u00e4ytt\u00f6 mahdollistaa helpon valvonnan ja varmistaa, ett\u00e4 k\u00e4ytt\u00e4j\u00e4t ovat aina tietoisia laitteensa tilasta.<\/p>\n<h3>kaksoismakuj\u00e4rjestelm\u00e4<\/h3>\n<p>Innovatiivinen Dual Flavor -j\u00e4rjestelm\u00e4n avulla voit vaihtaa kahden eri maun v\u00e4lill\u00e4 vaihtamatta laitetta. T\u00e4m\u00e4 ominaisuus tarjoaa vaihtelua ja mukavuutta, ja se on ihanteellinen k\u00e4ytt\u00e4jille, jotka haluavat kokeilla erilaisia makuja.<\/p>\n<h2>erilaisia makuja bang leader 50k puffs<\/h2>\n<p>Bang Leader 50K Puffs tarjoaa laajan valikoiman makuja, joilla on jokaiseen makuun. Yhdistelm\u00e4t on koottu huolellisesti tasapainoisen ja intensiivisen aromin aikaansaamiseksi. Saatavilla olevat maut ovat:<\/p>\n<ul>\n<li>Mansikkavadelma Kirsikka j\u00e4\u00e4 &amp; kirsikka<\/li>\n<li>vesimeloni mansikka ja vesimeloni<\/li>\n<li>Musta viiniryp\u00e4le &amp; vihre\u00e4 viiniryp\u00e4le<\/li>\n<li>Omenap\u00e4\u00e4ryn\u00e4 &amp; Kiwi Passion Fruit Guava<\/li>\n<li>Hapan ananaslimonadi ja sitruunalimetti<\/li>\n<li>Banaanij\u00e4\u00e4 &amp; Mango<\/li>\n<li>mustikka hapan vadelma &amp; mustikka<\/li>\n<li>Kirsikka cola &amp; vaaleanpunainen limonadi<\/li>\n<li>mustikkavadelma-limonadi- ja mansikkavadelmakirsikkaj\u00e4\u00e4<\/li>\n<li>Mansikkakiivi &amp; mansikkaj\u00e4\u00e4<\/li>\n<li>ananaspassionhedelm\u00e4 ja ananasj\u00e4\u00e4<\/li>\n<li>Vadelma mojito &amp; kirsikkavadelma lime<\/li>\n<\/ul>\n<p>Jokainen maku on suunniteltu tarjoamaan ainutlaatuinen kokemus hedelm\u00e4isist\u00e4 ja virkist\u00e4v\u00e4st\u00e4 vivahteesta makeisiin ja virkist\u00e4viin yhdistelmiin.<\/p>\n<h2>Usein kysytyt kysymykset (FAQ)<\/h2>\n<p>Alla vastaamme yleisimpiin Bang Leader 50k Puffs -kysymyksiin, jotka auttavat sinua k\u00e4ytt\u00e4m\u00e4\u00e4n tuotetta.<\/p>\n<p><strong>Kuinka kauan Bang Leader 50k -akku kest\u00e4\u00e4?<\/strong><br \/>\n650 mAh akku on suunniteltu tukemaan 36 ml:n e-nesteen kokonaiskapasiteettia. Todellinen ajoaika riippuu k\u00e4ytt\u00f6taajuudesta ja asetetusta tehosta. Type-C pikalatausominaisuuden avulla voit ladata akun tehokkaasti.<\/p>\n<p><strong>Voinko sekoittaa makuja k\u00e4yt\u00f6n aikana?<\/strong><br \/>\nDual Flavor -j\u00e4rjestelm\u00e4 mahdollistaa helpon vaihdon kahden maun v\u00e4lill\u00e4, mutta niit\u00e4 ei ole sekoitettu. Jokainen maku pysyy puhtaana varmistaakseen kirkkaan aromin.<\/p>\n<p><strong>Miten s\u00e4\u00e4dett\u00e4v\u00e4 teho toimii?<\/strong><br \/>\nS\u00e4\u00e4dett\u00e4v\u00e4n tehon avulla voit s\u00e4\u00e4t\u00e4\u00e4 h\u00f6yryn ja maun voimakkuutta. Voit s\u00e4\u00e4t\u00e4\u00e4 tehoa laitteen k\u00e4ytt\u00f6liittym\u00e4n avulla saadaksesi haluamasi kokemuksen.<\/p>\n<p><strong>Mit\u00e4 tapahtuu, kun e-neste on k\u00e4ytetty?<\/strong><br \/>\nKoska Bang Leader 50K on kertak\u00e4ytt\u00f6tuote, e-nestett\u00e4 ei voi t\u00e4ytt\u00e4\u00e4 uudelleen. Kun e-neste on k\u00e4ytetty loppuun, laite tulee h\u00e4vitt\u00e4\u00e4 asianmukaisesti.<\/p>\n<p><strong>Onko n\u00e4ytt\u00f6 helppo lukea?<\/strong><br \/>\nKyll\u00e4, \u00e4lyk\u00e4s n\u00e4ytt\u00f6 on suunniteltu selke\u00e4ksi ja k\u00e4ytt\u00e4j\u00e4yst\u00e4v\u00e4lliseksi. Se n\u00e4ytt\u00e4\u00e4 akun varaustason ja e-nesteen kulutuksen reaaliajassa, joten seuraat asioita aina.<\/p>\n<p><strong>Mik\u00e4 nikotiinivahvuus sopii minulle?<\/strong><br \/>\nNikotiinin voimakkuuden valinta riippuu henkil\u00f6kohtaisista mieltymyksist\u00e4si. 1TP3 T sopii erinomaisesti nikotiinittomaan nautintoon, kun taas 2 %, 3 % tai 5 % sopivat k\u00e4ytt\u00e4jille, jotka pit\u00e4v\u00e4t nikotiinipotkusta. Testaa eri vahvuuksia l\u00f6yt\u00e4\u00e4ksesi oikean.<\/p>\n<p><strong>Kuinka h\u00e4vit\u00e4n bang leader 50k puffsin?<\/strong><br \/>\nBang Leader 50k tulee h\u00e4vitt\u00e4\u00e4 paikallisten elektroniikkaj\u00e4tem\u00e4\u00e4r\u00e4ysten mukaisesti. Sy\u00f6t\u00e4 laite vastaavaan ker\u00e4yspisteeseen varmistaaksesi ymp\u00e4rist\u00f6yst\u00e4v\u00e4llisen h\u00e4vitt\u00e4misen.<\/p>","protected":false},"excerpt":{"rendered":"<p>Bang Leader 50K Puffs Kertak\u00e4ytt\u00f6inen e-savuke, jossa on jopa 50 000 junaa, 36 ml E-nestett\u00e4, 650 mAh ladattava akku, kaksimakuinen j\u00e4rjestelm\u00e4, s\u00e4\u00e4dett\u00e4v\u00e4 suorituskyky ja \u00e4lyk\u00e4s n\u00e4ytt\u00f6 pitk\u00e4kestoiseen nautintoon.<\/p>","protected":false},"featured_media":6392,"comment_status":"open","ping_status":"closed","template":"","meta":[],"product_brand":[1180],"product_cat":[1166],"product_tag":[980,959,970],"class_list":{"0":"post-6369","1":"product","2":"type-product","3":"status-publish","4":"has-post-thumbnail","6":"product_brand-bang","7":"product_cat-50000-puffs","8":"product_tag-50k-puffs","9":"product_tag-more-than-10kpuffs","10":"product_tag-more-than-30kpuffs","12":"first","13":"instock","14":"sale","15":"shipping-taxable","16":"purchasable","17":"product-type-variable"},"yoast_head":"<!-- This site is optimized with the Yoast SEO plugin v25.8 - https:\/\/yoast.com\/wordpress\/plugins\/seo\/ -->\n<title>Bang Leader 50K Puffs Dual Flavors 36ml Einweg-E-Zigarette Original - ShopVapor<\/title>\n<meta name=\"description\" content=\"Bang Leader 50K Puffs Einweg-E-Zigarette mit bis zu 50.000 Z\u00fcgen, 36 ml E-Liquid, 650 mAh wiederaufladbarer Batterie, dualem Geschmackssystem, einstellbarer Leistung und intelligentem Display f\u00fcr langanhaltenden Genuss.\" \/>\n<meta name=\"robots\" content=\"index, follow, max-snippet:-1, max-image-preview:large, max-video-preview:-1\" \/>\n<link rel=\"canonical\" href=\"https:\/\/shopvapor.de\/fi\/product\/bang-leader-50k-puffs-dual-flavors-36ml-kertakaeyttoeinen-e-savuke-alkuperaeinen\/\" \/>\n<meta property=\"og:locale\" content=\"fi_FI\" \/>\n<meta property=\"og:type\" content=\"article\" \/>\n<meta property=\"og:title\" content=\"Bang Leader 50K Puffs Dual Flavors 36ml Einweg-E-Zigarette Original - ShopVapor\" \/>\n<meta property=\"og:description\" content=\"Bang Leader 50K Puffs Einweg-E-Zigarette mit bis zu 50.000 Z\u00fcgen, 36 ml E-Liquid, 650 mAh wiederaufladbarer Batterie, dualem Geschmackssystem, einstellbarer Leistung und intelligentem Display f\u00fcr langanhaltenden Genuss.\" \/>\n<meta property=\"og:url\" content=\"https:\/\/shopvapor.de\/fi\/product\/bang-leader-50k-puffs-dual-flavors-36ml-kertakaeyttoeinen-e-savuke-alkuperaeinen\/\" \/>\n<meta property=\"og:site_name\" content=\"ShopVapor\" \/>\n<meta property=\"article:modified_time\" content=\"2025-07-15T09:31:47+00:00\" \/>\n<meta property=\"og:image\" content=\"https:\/\/shopvapor.de\/wp-content\/uploads\/2025\/07\/bang-leader-50k-puffs-dual-flavors-36ml-einweg-e-zigarette-original-4.webp\" \/>\n\t<meta property=\"og:image:width\" content=\"1000\" \/>\n\t<meta property=\"og:image:height\" content=\"1000\" \/>\n\t<meta property=\"og:image:type\" content=\"image\/webp\" \/>\n<meta name=\"twitter:card\" content=\"summary_large_image\" \/>\n<meta name=\"twitter:label1\" content=\"Arvioitu lukuaika\" \/>\n\t<meta name=\"twitter:data1\" content=\"4 minuuttia\" \/>\n<!-- \/ Yoast SEO plugin. -->","yoast_head_json":{"title":"Bang Leader 50K Puffs Dual Flavors 36 ml kertak\u00e4ytt\u00f6inen e-savuke alkuper\u00e4inen - Shopvapor","description":"Bang Leader 50K Puffs Kertak\u00e4ytt\u00f6inen e-savuke, jossa on jopa 50 000 junaa, 36 ml E-nestett\u00e4, 650 mAh ladattava akku, kaksimakuinen j\u00e4rjestelm\u00e4, s\u00e4\u00e4dett\u00e4v\u00e4 suorituskyky ja \u00e4lyk\u00e4s n\u00e4ytt\u00f6 pitk\u00e4kestoiseen nautintoon.","robots":{"index":"index","follow":"follow","max-snippet":"max-snippet:-1","max-image-preview":"max-image-preview:large","max-video-preview":"max-video-preview:-1"},"canonical":"https:\/\/shopvapor.de\/fi\/product\/bang-leader-50k-puffs-dual-flavors-36ml-kertakaeyttoeinen-e-savuke-alkuperaeinen\/","og_locale":"fi_FI","og_type":"article","og_title":"Bang Leader 50K Puffs Dual Flavors 36ml Einweg-E-Zigarette Original - ShopVapor","og_description":"Bang Leader 50K Puffs Einweg-E-Zigarette mit bis zu 50.000 Z\u00fcgen, 36 ml E-Liquid, 650 mAh wiederaufladbarer Batterie, dualem Geschmackssystem, einstellbarer Leistung und intelligentem Display f\u00fcr langanhaltenden Genuss.","og_url":"https:\/\/shopvapor.de\/fi\/product\/bang-leader-50k-puffs-dual-flavors-36ml-kertakaeyttoeinen-e-savuke-alkuperaeinen\/","og_site_name":"ShopVapor","article_modified_time":"2025-07-15T09:31:47+00:00","og_image":[{"width":1000,"height":1000,"url":"https:\/\/shopvapor.de\/wp-content\/uploads\/2025\/07\/bang-leader-50k-puffs-dual-flavors-36ml-einweg-e-zigarette-original-4.webp","type":"image\/webp"}],"twitter_card":"summary_large_image","twitter_misc":{"Arvioitu lukuaika":"4 minuuttia"},"schema":{"@context":"https:\/\/schema.org","@graph":[{"@type":"WebPage","@id":"https:\/\/shopvapor.de\/produkt\/bang-leader-50k-puffs-dual-flavors-36ml-einweg-e-zigarette-original\/","url":"https:\/\/shopvapor.de\/produkt\/bang-leader-50k-puffs-dual-flavors-36ml-einweg-e-zigarette-original\/","name":"Bang Leader 50K Puffs Dual Flavors 36 ml kertak\u00e4ytt\u00f6inen e-savuke alkuper\u00e4inen - Shopvapor","isPartOf":{"@id":"https:\/\/shopvapor.de\/#website"},"primaryImageOfPage":{"@id":"https:\/\/shopvapor.de\/produkt\/bang-leader-50k-puffs-dual-flavors-36ml-einweg-e-zigarette-original\/#primaryimage"},"image":{"@id":"https:\/\/shopvapor.de\/produkt\/bang-leader-50k-puffs-dual-flavors-36ml-einweg-e-zigarette-original\/#primaryimage"},"thumbnailUrl":"https:\/\/shopvapor.de\/wp-content\/uploads\/2025\/07\/bang-leader-50k-puffs-dual-flavors-36ml-einweg-e-zigarette-original-4.webp","datePublished":"2025-07-02T04:01:39+00:00","dateModified":"2025-07-15T09:31:47+00:00","description":"Bang Leader 50K Puffs Kertak\u00e4ytt\u00f6inen e-savuke, jossa on jopa 50 000 junaa, 36 ml E-nestett\u00e4, 650 mAh ladattava akku, kaksimakuinen j\u00e4rjestelm\u00e4, s\u00e4\u00e4dett\u00e4v\u00e4 suorituskyky ja \u00e4lyk\u00e4s n\u00e4ytt\u00f6 pitk\u00e4kestoiseen nautintoon.","breadcrumb":{"@id":"https:\/\/shopvapor.de\/produkt\/bang-leader-50k-puffs-dual-flavors-36ml-einweg-e-zigarette-original\/#breadcrumb"},"inLanguage":"fi","potentialAction":[{"@type":"ReadAction","target":["https:\/\/shopvapor.de\/produkt\/bang-leader-50k-puffs-dual-flavors-36ml-einweg-e-zigarette-original\/"]}]},{"@type":"ImageObject","inLanguage":"fi","@id":"https:\/\/shopvapor.de\/produkt\/bang-leader-50k-puffs-dual-flavors-36ml-einweg-e-zigarette-original\/#primaryimage","url":"https:\/\/shopvapor.de\/wp-content\/uploads\/2025\/07\/bang-leader-50k-puffs-dual-flavors-36ml-einweg-e-zigarette-original-4.webp","contentUrl":"https:\/\/shopvapor.de\/wp-content\/uploads\/2025\/07\/bang-leader-50k-puffs-dual-flavors-36ml-einweg-e-zigarette-original-4.webp","width":1000,"height":1000},{"@type":"BreadcrumbList","@id":"https:\/\/shopvapor.de\/produkt\/bang-leader-50k-puffs-dual-flavors-36ml-einweg-e-zigarette-original\/#breadcrumb","itemListElement":[{"@type":"ListItem","position":1,"name":"Startseite","item":"https:\/\/shopvapor.de\/"},{"@type":"ListItem","position":2,"name":"Shop","item":"https:\/\/shopvapor.de\/shop\/"},{"@type":"ListItem","position":3,"name":"Bang Leader 50K Puffs Dual Flavors 36ml Einweg-E-Zigarette Original"}]},{"@type":"WebSite","@id":"https:\/\/shopvapor.de\/#website","url":"https:\/\/shopvapor.de\/","name":"ShopVapor","description":"","potentialAction":[{"@type":"SearchAction","target":{"@type":"EntryPoint","urlTemplate":"https:\/\/shopvapor.de\/?s={search_term_string}"},"query-input":{"@type":"PropertyValueSpecification","valueRequired":true,"valueName":"search_term_string"}}],"inLanguage":"fi"}]}},"_links":{"self":[{"href":"https:\/\/shopvapor.de\/fi\/wp-json\/wp\/v2\/product\/6369","targetHints":{"allow":["GET"]}}],"collection":[{"href":"https:\/\/shopvapor.de\/fi\/wp-json\/wp\/v2\/product"}],"about":[{"href":"https:\/\/shopvapor.de\/fi\/wp-json\/wp\/v2\/types\/product"}],"replies":[{"embeddable":true,"href":"https:\/\/shopvapor.de\/fi\/wp-json\/wp\/v2\/comments?post=6369"}],"version-history":[{"count":1,"href":"https:\/\/shopvapor.de\/fi\/wp-json\/wp\/v2\/product\/6369\/revisions"}],"predecessor-version":[{"id":11437,"href":"https:\/\/shopvapor.de\/fi\/wp-json\/wp\/v2\/product\/6369\/revisions\/11437"}],"wp:featuredmedia":[{"embeddable":true,"href":"https:\/\/shopvapor.de\/fi\/wp-json\/wp\/v2\/media\/6392"}],"wp:attachment":[{"href":"https:\/\/shopvapor.de\/fi\/wp-json\/wp\/v2\/media?parent=6369"}],"wp:term":[{"taxonomy":"product_brand","embeddable":true,"href":"https:\/\/shopvapor.de\/fi\/wp-json\/wp\/v2\/product_brand?post=6369"},{"taxonomy":"product_cat","embeddable":true,"href":"https:\/\/shopvapor.de\/fi\/wp-json\/wp\/v2\/product_cat?post=6369"},{"taxonomy":"product_tag","embeddable":true,"href":"https:\/\/shopvapor.de\/fi\/wp-json\/wp\/v2\/product_tag?post=6369"}],"curies":[{"name":"pukki","href":"https:\/\/api.w.org\/{rel}","templated":true}]}}