{"id":6906,"date":"2025-07-02T04:04:20","date_gmt":"2025-07-02T04:04:20","guid":{"rendered":"https:\/\/shopvapor.de\/?post_type=product&#038;p=6906"},"modified":"2025-07-15T09:24:18","modified_gmt":"2025-07-15T09:24:18","slug":"bang-leader-20000-20k-puffs-kertakaeyttoeinen-e-savuke-alkuperaeinen","status":"publish","type":"product","link":"https:\/\/shopvapor.de\/fi\/product\/bang-leader-20000-20k-puffs-kertakaeyttoeinen-e-savuke-alkuperaeinen\/","title":{"rendered":"Bang Leader 20000 20K Puffs Kertak\u00e4ytt\u00f6inen E-savuke alkuper\u00e4inen"},"content":{"rendered":"<h2>Tuotekuvaus Bang Leader 20000 Puffs Kertak\u00e4ytt\u00f6inen E-savuke<\/h2>\n<p>Kuuluisan Bang-br\u00e4ndin Bang Leader 20000 Puffs kertak\u00e4ytt\u00f6inen e-savuke tarjoaa intensiivisen ja pitk\u00e4kestoisen tupakointikokemuksen vaativille k\u00e4ytt\u00e4jille. T\u00e4m\u00e4 laite, jossa on jopa 20 000 junaa, laadukas ammattitaito ja erilaisia makuja, asettaa uusia standardeja kertak\u00e4ytt\u00f6isten s\u00e4hk\u00f6savukkeiden alalla. Uusimman teknologian, kuten kaksoisverkkokelan ja tehokkaan ladattavan akun ansiosta, Bang Leader 20000 Puffs tarjoaa tasaisen suorituskyvyn ja t\u00e4ytel\u00e4isen maun jokaisessa junassa. Ergonominen muoto ja intuitiivinen toiminta tekev\u00e4t siit\u00e4 ihanteellisen valinnan kaikille, jotka arvostavat laatua ja mukavuutta.<\/p>\n<h2>Tuotteen parametrit yksityiskohtaisesti<\/h2>\n<p>Bang Leader 20000 Puffs Kertak\u00e4ytt\u00f6inen e-savuke yhdist\u00e4\u00e4 edistyneen teknologian hienostuneeseen muotoiluun. Alla on yksityiskohtainen yleiskatsaus t\u00e4lle tuotteelle ominaisista teknisist\u00e4 tiedoista.<\/p>\n<h3>Nikotiinin vahvuus: Joustavuus yksil\u00f6llisiin mieltymyksiin<\/h3>\n<p>Bang Leader 20000 Puffs on saatavana nikotiinivahvuuksina 0 %, 2 %, 3 % ja 5 %. T\u00e4m\u00e4n monimuotoisuuden avulla k\u00e4ytt\u00e4j\u00e4t voivat mukauttaa tupakointikokemuksensa intensiteetti\u00e4. Olipa kyseess\u00e4 nikotiiniton tai korkeampi nikotiinipitoisuus \u2013 tarkka annostus takaa tasaisen ja tyydytt\u00e4v\u00e4n kokemuksen. <strong>Etu:<\/strong> Laaja valikoima nikotiinivahvuuksia tarjoaa maksimaalisen mukautuvuuden ja vetoaa erilaisiin mieltymyksiin maun laadusta tinkim\u00e4tt\u00e4.<\/p>\n<h3>E-nestekapasiteetti: 28 ml pitk\u00e4kestoiseen nautintoon<\/h3>\n<p>Runsaalla 28 ml:n e-nestes\u00e4ili\u00f6ll\u00e4 varustettu Bang Leader 20000 Puffs tarjoaa poikkeuksellisen pitk\u00e4n k\u00e4ytt\u00f6i\u00e4n. T\u00e4m\u00e4 suuri kapasiteetti minimoi toistuvien t\u00e4ytt\u00f6jen tarpeen ja varmistaa, ett\u00e4 k\u00e4ytt\u00e4j\u00e4t nauttivat yhten\u00e4isest\u00e4 tupakointikokemuksesta viikkoja. <strong>Etu:<\/strong> Suuri e-nesteen m\u00e4\u00e4r\u00e4 v\u00e4hent\u00e4\u00e4 keskeytyksi\u00e4 ja varmistaa kest\u00e4v\u00e4n tyytyv\u00e4isyyden, joka on ihanteellinen p\u00e4ivitt\u00e4iseen k\u00e4ytt\u00f6\u00f6n.<\/p>\n<h3>Akku: 650 mAh tyypin C pikalatauksella<\/h3>\n<p>Laite on varustettu ladattavalla 650 mAh:n akulla, joka voidaan ladata nopeasti ja tehokkaasti tyypin C-portin kautta. Suuri akkukapasiteetti takaa luotettavan suorituskyvyn koko k\u00e4ytt\u00f6i\u00e4n ajan. <strong>Etu:<\/strong> Pikalataus ja vankka akun k\u00e4ytt\u00f6ik\u00e4 mahdollistavat keskeytym\u00e4tt\u00f6m\u00e4n nautinnon, jopa intensiivisess\u00e4 k\u00e4yt\u00f6ss\u00e4.<\/p>\n<h3>Kierukkatekniikka: Dual Mesh intensiiviseen makuun<\/h3>\n<p>Bang Leader 20000 Puffsissa on edistynyt kaksoisverkkokela, jonka resistanssi on 0,8 ohmia. T\u00e4m\u00e4 tekniikka varmistaa E-nesteen tasaisen kuumenemisen, mik\u00e4 optimoi maun intensiteetin ja h\u00f6yryntuotannon. <strong>Etu:<\/strong> Kaksoisverkkokela tarjoaa t\u00e4ytel\u00e4isen, kirkkaan maun ja tihe\u00e4n h\u00f6yryn jokaisella vedolla, mik\u00e4 vie tupakointikokemuksen uudelle tasolle.<\/p>\n<h3>Erilaisia makuja: 12 hedelm\u00e4ist\u00e4 makua<\/h3>\n<p>Bang Leader 20000 Puffs on saatavana 12 huolellisesti kehitettyn\u00e4 makuna hedelm\u00e4isist\u00e4 virkist\u00e4v\u00e4\u00e4n nuottiin. Jokainen maku oli tarkasti viritetty antamaan harmoninen ja intensiivinen aromi. <strong>Etu:<\/strong> Makujen valikoima antaa k\u00e4ytt\u00e4jille mahdollisuuden l\u00f6yt\u00e4\u00e4 uusia makuja ja muokata tupakointikokemustaan.<\/p>\n<h3>LED-ilmaisin: Intuitiivinen ohjaus<\/h3>\n<p>Integroitu LED-n\u00e4ytt\u00f6 kertoo k\u00e4ytt\u00e4jille reaaliajassa akun varaustasosta ja e-nesteen tasosta. T\u00e4m\u00e4 ominaisuus lis\u00e4\u00e4 k\u00e4ytt\u00e4j\u00e4yst\u00e4v\u00e4llisyytt\u00e4 ja varmistaa, ettei odottamattomia keskeytyksi\u00e4 tapahdu. <strong>Etu:<\/strong> Clear Display tarjoaa t\u00e4yden hallinnan laitteelle ja est\u00e4\u00e4 yll\u00e4tyksi\u00e4 k\u00e4yt\u00f6n aikana.<\/p>\n<h2>makuaineet<\/h2>\n<p>Bang Leader 20000 Puffs on saatavana seuraavina makuina:<\/p>\n<ul>\n<li>Vesimeloni j\u00e4\u00e4<\/li>\n<li>Mansikka Kiivi<\/li>\n<li>mansikkaj\u00e4\u00e4<\/li>\n<li>mango-persikka<\/li>\n<li>Mustikka Vadelma<\/li>\n<li>mustikka<\/li>\n<li>sekoittaa hedelm\u00e4\u00e4<\/li>\n<li>Mansikka vesimeloni<\/li>\n<li>Grape Ice<\/li>\n<li>vesimeloni<\/li>\n<li>mustikkaj\u00e4\u00e4<\/li>\n<li>persikkaj\u00e4\u00e4<\/li>\n<\/ul>\n<p>Jokainen maku on suunniteltu tarjoamaan intensiivinen ja aito aromi, joka vetoaa aisteihin.<\/p>\n<h2>Usein kysytyt kysymykset (FAQ)<\/h2>\n<p>T\u00e4ss\u00e4 vastaamme yleisimpiin kysymyksiin Bang Leader 20000 Puffs kertak\u00e4ytt\u00f6isest\u00e4 e-savukkeesta antaaksemme sinulle maksimaalisen selkeyden.<\/p>\n<p><strong>Kuinka kauan Bang Leader 20000 Puffs kest\u00e4\u00e4?<\/strong><br \/>\nk\u00e4ytt\u00f6ik\u00e4 riippuu k\u00e4ytt\u00f6tiheydest\u00e4. keskim\u00e4\u00e4r\u00e4isell\u00e4 k\u00e4yt\u00f6ss\u00e4 (noin 300 -500 junaa p\u00e4iv\u00e4ss\u00e4), laite voi kest\u00e4\u00e4 useita viikkoja. 28 ml:n e-neste ja 650 mAh:n akku takaavat pitk\u00e4kestoisen suorituskyvyn.<\/p>\n<p><strong>Voinko muuttaa makua k\u00e4yt\u00f6n aikana?<\/strong><br \/>\nEi, Bang Leader 20000 Puffs on kertak\u00e4ytt\u00f6inen laite, jolla on kiinte\u00e4 maku. Voit kuitenkin valita 12 eri mausta l\u00f6yt\u00e4\u00e4ksesi haluamasi maun.<\/p>\n<p><strong>Onko akku ladattava ja kuinka kauan latautuminen kest\u00e4\u00e4?<\/strong><br \/>\nKyll\u00e4, 650 mAh akku on ladattavissa Type-C-portin kautta. T\u00e4ysi lataus kest\u00e4\u00e4 yleens\u00e4 30-45 minuuttia laturista riippuen.<\/p>\n<p><strong>Mit\u00e4 tapahtuu, kun e-neste on k\u00e4ytetty?<\/strong><br \/>\nKun e-neste on k\u00e4ytetty, laitetta ei voi t\u00e4ytt\u00e4\u00e4 uudelleen. Se on suunniteltu kertak\u00e4ytt\u00f6iseksi e-savukkeeksi ja se tulee h\u00e4vitt\u00e4\u00e4 k\u00e4yt\u00f6n j\u00e4lkeen.<\/p>\n<p><strong>Toimiiko LED-n\u00e4ytt\u00f6 luotettavasti?<\/strong><br \/>\nKyll\u00e4, LED-n\u00e4ytt\u00f6 on tarkka ja n\u00e4ytt\u00e4\u00e4 akun varaustason ja e-nesteen tason reaaliajassa. Jos sinulla on ongelmia, ota yhteytt\u00e4 asiakaspalveluun.<\/p>\n<p><strong>Ovatko maut intensiivisi\u00e4 ja yhdenmukaisia?<\/strong><br \/>\nKaksiverkkokelan ja laadukkaiden e-nesteiden ansiosta Bang Leader 20000 Puffs tarjoaa jatkuvasti intensiivisi\u00e4 ja yhten\u00e4isi\u00e4 makuja jopa pitk\u00e4aikaisessa k\u00e4yt\u00f6ss\u00e4.<\/p>\n<p><strong>Kuinka h\u00e4vit\u00e4n bang leader 20000 -puvut?<\/strong><br \/>\nLaite tulee h\u00e4vitt\u00e4\u00e4 paikallisten s\u00e4hk\u00f6laitteiden m\u00e4\u00e4r\u00e4ysten mukaisesti. K\u00e4yt\u00e4 akkujen ja elektroniikan ker\u00e4yspisteit\u00e4 ymp\u00e4rist\u00f6yst\u00e4v\u00e4llisen h\u00e4vitt\u00e4misen varmistamiseksi.<\/p>","protected":false},"excerpt":{"rendered":"<p dir=\"auto\">Bang Leader 20000 Puffs Kertak\u00e4ytt\u00f6inen e-savuke, jossa 28 ml e-nestett\u00e4, 650 mAh akku, kaksiverkkokela ja LED-n\u00e4ytt\u00f6. Saatavana 12 makua ja nikotiinivahvuuksia 0-5 % intensiiviseen ja pitk\u00e4kestoiseen nautintoon.<\/p>","protected":false},"featured_media":6920,"comment_status":"open","ping_status":"closed","template":"","meta":[],"product_brand":[1180],"product_cat":[1164],"product_tag":[961,957,959],"class_list":{"0":"post-6906","1":"product","2":"type-product","3":"status-publish","4":"has-post-thumbnail","6":"product_brand-bang","7":"product_cat-20000-puffs","8":"product_tag-1020kpuffs","9":"product_tag-20k-puffs","10":"product_tag-more-than-10kpuffs","12":"first","13":"instock","14":"sale","15":"shipping-taxable","16":"purchasable","17":"product-type-variable"},"yoast_head":"<!-- This site is optimized with the Yoast SEO plugin v25.8 - https:\/\/yoast.com\/wordpress\/plugins\/seo\/ -->\n<title>Bang Leader 20000 20K Puffs Einweg-E-Zigarette Original - ShopVapor<\/title>\n<meta name=\"description\" content=\"Bang Leader 20000 Puffs Einweg-E-Zigarette mit 28 ml E-Liquid, 650 mAh Akku, Dual-Mesh-Spule und LED-Anzeige. Erh\u00e4ltlich in 12 Geschmacksrichtungen und Nikotinst\u00e4rken von 0\u20135 % f\u00fcr intensiven, langanhaltenden Genuss.\" \/>\n<meta name=\"robots\" content=\"index, follow, max-snippet:-1, max-image-preview:large, max-video-preview:-1\" \/>\n<link rel=\"canonical\" href=\"https:\/\/shopvapor.de\/fi\/product\/bang-leader-20000-20k-puffs-kertakaeyttoeinen-e-savuke-alkuperaeinen\/\" \/>\n<meta property=\"og:locale\" content=\"fi_FI\" \/>\n<meta property=\"og:type\" content=\"article\" \/>\n<meta property=\"og:title\" content=\"Bang Leader 20000 20K Puffs Einweg-E-Zigarette Original - ShopVapor\" \/>\n<meta property=\"og:description\" content=\"Bang Leader 20000 Puffs Einweg-E-Zigarette mit 28 ml E-Liquid, 650 mAh Akku, Dual-Mesh-Spule und LED-Anzeige. Erh\u00e4ltlich in 12 Geschmacksrichtungen und Nikotinst\u00e4rken von 0\u20135 % f\u00fcr intensiven, langanhaltenden Genuss.\" \/>\n<meta property=\"og:url\" content=\"https:\/\/shopvapor.de\/fi\/product\/bang-leader-20000-20k-puffs-kertakaeyttoeinen-e-savuke-alkuperaeinen\/\" \/>\n<meta property=\"og:site_name\" content=\"ShopVapor\" \/>\n<meta property=\"article:modified_time\" content=\"2025-07-15T09:24:18+00:00\" \/>\n<meta property=\"og:image\" content=\"https:\/\/shopvapor.de\/wp-content\/uploads\/2025\/07\/bang-leader-20000-20k-puffs-einweg-e-zigarette-original-10.webp\" \/>\n\t<meta property=\"og:image:width\" content=\"591\" \/>\n\t<meta property=\"og:image:height\" content=\"591\" \/>\n\t<meta property=\"og:image:type\" content=\"image\/webp\" \/>\n<meta name=\"twitter:card\" content=\"summary_large_image\" \/>\n<meta name=\"twitter:label1\" content=\"Arvioitu lukuaika\" \/>\n\t<meta name=\"twitter:data1\" content=\"4 minuuttia\" \/>\n<!-- \/ Yoast SEO plugin. -->","yoast_head_json":{"title":"Bang Leader 20000 20K Puffs Kertak\u00e4ytt\u00f6inen E-savuke Alkuper\u00e4inen - Shopvapor","description":"Bang Leader 20000 Puffs Kertak\u00e4ytt\u00f6inen e-savuke, jossa 28 ml e-nestett\u00e4, 650 mAh akku, kaksiverkkokela ja LED-n\u00e4ytt\u00f6. Saatavana 12 makua ja nikotiinivahvuuksia 0-5 % intensiiviseen ja pitk\u00e4kestoiseen nautintoon.","robots":{"index":"index","follow":"follow","max-snippet":"max-snippet:-1","max-image-preview":"max-image-preview:large","max-video-preview":"max-video-preview:-1"},"canonical":"https:\/\/shopvapor.de\/fi\/product\/bang-leader-20000-20k-puffs-kertakaeyttoeinen-e-savuke-alkuperaeinen\/","og_locale":"fi_FI","og_type":"article","og_title":"Bang Leader 20000 20K Puffs Einweg-E-Zigarette Original - ShopVapor","og_description":"Bang Leader 20000 Puffs Einweg-E-Zigarette mit 28 ml E-Liquid, 650 mAh Akku, Dual-Mesh-Spule und LED-Anzeige. Erh\u00e4ltlich in 12 Geschmacksrichtungen und Nikotinst\u00e4rken von 0\u20135 % f\u00fcr intensiven, langanhaltenden Genuss.","og_url":"https:\/\/shopvapor.de\/fi\/product\/bang-leader-20000-20k-puffs-kertakaeyttoeinen-e-savuke-alkuperaeinen\/","og_site_name":"ShopVapor","article_modified_time":"2025-07-15T09:24:18+00:00","og_image":[{"width":591,"height":591,"url":"https:\/\/shopvapor.de\/wp-content\/uploads\/2025\/07\/bang-leader-20000-20k-puffs-einweg-e-zigarette-original-10.webp","type":"image\/webp"}],"twitter_card":"summary_large_image","twitter_misc":{"Arvioitu lukuaika":"4 minuuttia"},"schema":{"@context":"https:\/\/schema.org","@graph":[{"@type":"WebPage","@id":"https:\/\/shopvapor.de\/produkt\/bang-leader-20000-20k-puffs-einweg-e-zigarette-original\/","url":"https:\/\/shopvapor.de\/produkt\/bang-leader-20000-20k-puffs-einweg-e-zigarette-original\/","name":"Bang Leader 20000 20K Puffs Kertak\u00e4ytt\u00f6inen E-savuke Alkuper\u00e4inen - Shopvapor","isPartOf":{"@id":"https:\/\/shopvapor.de\/#website"},"primaryImageOfPage":{"@id":"https:\/\/shopvapor.de\/produkt\/bang-leader-20000-20k-puffs-einweg-e-zigarette-original\/#primaryimage"},"image":{"@id":"https:\/\/shopvapor.de\/produkt\/bang-leader-20000-20k-puffs-einweg-e-zigarette-original\/#primaryimage"},"thumbnailUrl":"https:\/\/shopvapor.de\/wp-content\/uploads\/2025\/07\/bang-leader-20000-20k-puffs-einweg-e-zigarette-original-10.webp","datePublished":"2025-07-02T04:04:20+00:00","dateModified":"2025-07-15T09:24:18+00:00","description":"Bang Leader 20000 Puffs Kertak\u00e4ytt\u00f6inen e-savuke, jossa 28 ml e-nestett\u00e4, 650 mAh akku, kaksiverkkokela ja LED-n\u00e4ytt\u00f6. Saatavana 12 makua ja nikotiinivahvuuksia 0-5 % intensiiviseen ja pitk\u00e4kestoiseen nautintoon.","breadcrumb":{"@id":"https:\/\/shopvapor.de\/produkt\/bang-leader-20000-20k-puffs-einweg-e-zigarette-original\/#breadcrumb"},"inLanguage":"fi","potentialAction":[{"@type":"ReadAction","target":["https:\/\/shopvapor.de\/produkt\/bang-leader-20000-20k-puffs-einweg-e-zigarette-original\/"]}]},{"@type":"ImageObject","inLanguage":"fi","@id":"https:\/\/shopvapor.de\/produkt\/bang-leader-20000-20k-puffs-einweg-e-zigarette-original\/#primaryimage","url":"https:\/\/shopvapor.de\/wp-content\/uploads\/2025\/07\/bang-leader-20000-20k-puffs-einweg-e-zigarette-original-10.webp","contentUrl":"https:\/\/shopvapor.de\/wp-content\/uploads\/2025\/07\/bang-leader-20000-20k-puffs-einweg-e-zigarette-original-10.webp","width":591,"height":591},{"@type":"BreadcrumbList","@id":"https:\/\/shopvapor.de\/produkt\/bang-leader-20000-20k-puffs-einweg-e-zigarette-original\/#breadcrumb","itemListElement":[{"@type":"ListItem","position":1,"name":"Startseite","item":"https:\/\/shopvapor.de\/"},{"@type":"ListItem","position":2,"name":"Shop","item":"https:\/\/shopvapor.de\/shop\/"},{"@type":"ListItem","position":3,"name":"Bang Leader 20000 20K Puffs Einweg-E-Zigarette Original"}]},{"@type":"WebSite","@id":"https:\/\/shopvapor.de\/#website","url":"https:\/\/shopvapor.de\/","name":"ShopVapor","description":"","potentialAction":[{"@type":"SearchAction","target":{"@type":"EntryPoint","urlTemplate":"https:\/\/shopvapor.de\/?s={search_term_string}"},"query-input":{"@type":"PropertyValueSpecification","valueRequired":true,"valueName":"search_term_string"}}],"inLanguage":"fi"}]}},"_links":{"self":[{"href":"https:\/\/shopvapor.de\/fi\/wp-json\/wp\/v2\/product\/6906","targetHints":{"allow":["GET"]}}],"collection":[{"href":"https:\/\/shopvapor.de\/fi\/wp-json\/wp\/v2\/product"}],"about":[{"href":"https:\/\/shopvapor.de\/fi\/wp-json\/wp\/v2\/types\/product"}],"replies":[{"embeddable":true,"href":"https:\/\/shopvapor.de\/fi\/wp-json\/wp\/v2\/comments?post=6906"}],"version-history":[{"count":2,"href":"https:\/\/shopvapor.de\/fi\/wp-json\/wp\/v2\/product\/6906\/revisions"}],"predecessor-version":[{"id":12031,"href":"https:\/\/shopvapor.de\/fi\/wp-json\/wp\/v2\/product\/6906\/revisions\/12031"}],"wp:featuredmedia":[{"embeddable":true,"href":"https:\/\/shopvapor.de\/fi\/wp-json\/wp\/v2\/media\/6920"}],"wp:attachment":[{"href":"https:\/\/shopvapor.de\/fi\/wp-json\/wp\/v2\/media?parent=6906"}],"wp:term":[{"taxonomy":"product_brand","embeddable":true,"href":"https:\/\/shopvapor.de\/fi\/wp-json\/wp\/v2\/product_brand?post=6906"},{"taxonomy":"product_cat","embeddable":true,"href":"https:\/\/shopvapor.de\/fi\/wp-json\/wp\/v2\/product_cat?post=6906"},{"taxonomy":"product_tag","embeddable":true,"href":"https:\/\/shopvapor.de\/fi\/wp-json\/wp\/v2\/product_tag?post=6906"}],"curies":[{"name":"pukki","href":"https:\/\/api.w.org\/{rel}","templated":true}]}}