{"id":7601,"date":"2025-07-02T04:09:04","date_gmt":"2025-07-02T04:09:04","guid":{"rendered":"https:\/\/shopvapor.de\/?post_type=product&#038;p=7601"},"modified":"2025-07-15T09:13:27","modified_gmt":"2025-07-15T09:13:27","slug":"bang-pulse-18000-18k-puffs-kertakaeyttoeinen-e-savuke-alkuperaeinen","status":"publish","type":"product","link":"https:\/\/shopvapor.de\/fi\/product\/bang-pulse-18000-18k-puffs-kertakaeyttoeinen-e-savuke-alkuperaeinen\/","title":{"rendered":"Bang Pulse 18000 18K Puffs 26ml kertak\u00e4ytt\u00f6inen E-savuke alkuper\u00e4inen"},"content":{"rendered":"<h2>Bang Pulse 18000: Tehokas, kertak\u00e4ytt\u00f6inen e-savuke pitk\u00e4kestoiseen nautintoon<\/h2>\n<p>Bangvapesin Bang Pulse 18000 edustaa kertak\u00e4ytt\u00f6isten e-savukkeiden tulevaisuutta ja tarjoaa jopa 18 000 puhdasta makua. Uusimman teknologian, tehokkaan akun ja laajan valikoiman intensiivisi\u00e4 makuja t\u00e4m\u00e4 laite on suunniteltu vaativille k\u00e4ytt\u00e4jille, jotka arvostavat laatua ja pitk\u00e4ik\u00e4isyytt\u00e4. Bang Pulse 18000 yhdist\u00e4\u00e4 helppok\u00e4ytt\u00f6isyyden ja vaikuttavan suorituskyvyn ja takaa jatkuvasti tyydytt\u00e4v\u00e4n kokemuksen, jota tukee todistettu Bangvapes-laatu.<\/p>\n<h2>Tuotteen parametrit yksityiskohtaisesti<\/h2>\n<p>Bang Pulse 18000:lle on ominaista tekninen tarkkuus ja hyvin harkittu rakenne. Alla on yksityiskohtainen yleiskatsaus parametreista, jotka tekev\u00e4t t\u00e4st\u00e4 tuotteesta erinomaisen valinnan.<\/p>\n<h3>Junakapasiteetti: Jopa 18 000 junaa.<\/h3>\n<p>Jopa 18 000 junan kapasiteetti Bang Pulse 18000 tarjoaa poikkeuksellisen pitk\u00e4n k\u00e4ytt\u00f6i\u00e4n. T\u00e4m\u00e4 suuri junien m\u00e4\u00e4r\u00e4 minimoi laitteiden toistuvien vaihtojen tarpeen ja antaa sinun nauttia t\u00e4ydest\u00e4 mausta pitk\u00e4n ajan kuluessa. Jatkuva suorituskyky varmistaa, ett\u00e4 jokainen veto pysyy tasaisen voimakkaana alusta loppuun.<\/p>\n<h3>E-neste Kapasiteetti: 26 ml esit\u00e4ytetty e-neste<\/h3>\n<p>Laite on esit\u00e4ytetty 26 ml:lla korkealaatuista e-nestett\u00e4, mik\u00e4 on harvinainen kertak\u00e4ytt\u00f6isten e-savukkeiden kategoriassa. T\u00e4m\u00e4 runsas m\u00e4\u00e4r\u00e4 takaa, ett\u00e4 k\u00e4ytt\u00e4j\u00e4t nauttivat laitteestaan pitk\u00e4\u00e4n ilman, ett\u00e4 heid\u00e4n tarvitsee tinki\u00e4 mausta. E-neste on optimaalisesti sovitettu Bang Pulse 18000 -teknologiaan maksimaalisen maun laadun varmistamiseksi.<\/p>\n<h3>Akku: 650 mAh ladattava tyypin C<\/h3>\n<p>Bang Pulse 18000 on varustettu vankalla 650 mAh akulla, joka voidaan ladata nykyaikaisen Type-C-portin kautta. T\u00e4m\u00e4 kapasiteetti mahdollistaa pidennetyn k\u00e4yt\u00f6n istunnot ilman toistuvaa latausta. Tyypin C portti varmistaa nopean ja tehokkaan latauksen, mik\u00e4 minimoi keskeytykset minimiin ja tekee k\u00e4yt\u00f6st\u00e4 joustavaa.<\/p>\n<h3>Verkkokelatekniikka: 1,0 \u03a9 Dual Mesh -kela<\/h3>\n<p>Bang Pulse 18000:n edistynyt 1,0 \u03a9:n kaksoisverkkokela takaa tasaisen l\u00e4mpenemisen ja optimaalisen maunpoiston. T\u00e4m\u00e4 tekniikka maksimoi aromin voimakkuuden ja puhtauden jokaisessa vedossa. Kaksoisverkkorakenne parantaa my\u00f6s h\u00f6yryntuotantoa, mik\u00e4 mahdollistaa tyydytt\u00e4v\u00e4n suusta keuhkoihin (MTL) -kokemuksen.<\/p>\n<h3>Nikotiinin vahvuus: Muokattavat vaihtoehdot (0 %, 2 %, 3 %, 5 %)<\/h3>\n<p>Bang Pulse 18000 tarjoaa joustavia nikotiinivahvuuksia 0 % - 5 % k\u00e4ytt\u00e4jien yksil\u00f6llisten mieltymysten mukaan. Olipa kyseess\u00e4 nikotiiniton nautinto tai vahvempi nikotiinipotku \u2013 valinta mahdollistaa henkil\u00f6kohtaisen kokemuksen. Tarkka annostelu varmistaa johdonmukaisuuden ja tyytyv\u00e4isyyden jokaisessa k\u00e4yt\u00f6ss\u00e4.<\/p>\n<h3>LED-n\u00e4ytt\u00f6: Reaaliaikaiset tiedot<\/h3>\n<p>Integroitu LED-n\u00e4ytt\u00f6 tarjoaa reaaliaikaisia tietoja akun tilasta ja k\u00e4ytt\u00f6tilasta. T\u00e4m\u00e4 ominaisuus lis\u00e4\u00e4 helppok\u00e4ytt\u00f6isyytt\u00e4, koska k\u00e4ytt\u00e4j\u00e4t seuraavat aina j\u00e4ljell\u00e4 olevaa kapasiteettia. Selke\u00e4 n\u00e4ytt\u00f6 korostaa Bang Pulse 18000:n modernia tekniikkaa ja erottaa sen muista kertak\u00e4ytt\u00f6isist\u00e4 e-savukkeista.<\/p>\n<h3>Ilmavirta: S\u00e4\u00e4dett\u00e4viss\u00e4 yksil\u00f6lliseen nautinnon vuoksi<\/h3>\n<p>S\u00e4\u00e4dett\u00e4v\u00e4 ilmavirtaustoiminto mahdollistaa junan intensiteetin s\u00e4\u00e4t\u00e4misen henkil\u00f6kohtaisten mieltymysten mukaan. T\u00e4m\u00e4 joustavuus takaa r\u00e4\u00e4t\u00e4l\u00f6idyn kokemuksen, joka vastaa yksil\u00f6llisi\u00e4 tarpeita. Ilmavirran tarkka s\u00e4\u00e4tely tukee my\u00f6s optimaalista maun kehittymist\u00e4.<\/p>\n<h2>erilaisia makuja bang pulssi 18000<\/h2>\n<p>Bang Pulse 18000 tarjoaa laajan valikoiman makuja, jotka on suunniteltu huolellisesti tarjoamaan intensiivisen ja monipuolisen makukokemuksen. Jokainen maku on suunniteltu t\u00e4ytt\u00e4m\u00e4\u00e4n Bangvapes-br\u00e4ndin korkeat vaatimukset.<\/p>\n<ul>\n<li><strong>Iloinen pommi<\/strong>: Vahva kirsikka, jolla on intensiivinen maku.<\/li>\n<li><strong>Mehukas persikkaj\u00e4\u00e4<\/strong>: Juicy Peach viile\u00e4ll\u00e4 mentolituoksulla.<\/li>\n<li><strong>Trooppiset hedelm\u00e4t<\/strong>: Monipuoliset trooppiset hedelm\u00e4t intensiiviseen makuun.<\/li>\n<li><strong>Grape Ice<\/strong>: Makeat viiniryp\u00e4leet viile\u00e4ll\u00e4 lopputuloksella.<\/li>\n<li><strong>Persikka Mango<\/strong>: Juicy Peach yhdistettyn\u00e4 trooppiseen mangoon.<\/li>\n<li><strong>Mansikka banaani<\/strong>: Kermainen banaani makeilla mansikoilla.<\/li>\n<li><strong>Mansikka Mango<\/strong>: Mansikat trooppisella mangolla.<\/li>\n<li><strong>Triple Berry Ice<\/strong>: Sekoitus kolmesta marjasta j\u00e4isell\u00e4 nuotilla.<\/li>\n<li><strong>Mansikka vesimeloni<\/strong>: Mansikat ja vesimeloni virkist\u00e4v\u00e4\u00e4n sekoitukseen.<\/li>\n<li><strong>Vesimeloni j\u00e4\u00e4<\/strong>: Makea vesimeloni j\u00e4isell\u00e4 viimeistelyll\u00e4.<\/li>\n<li><strong>Sininen Razz Ice<\/strong>: Makea- ja hapan sininen vadelma, jossa on huurteinen lopputulos.<\/li>\n<li><strong>Hapan omena j\u00e4\u00e4<\/strong>: kuohuvihre\u00e4 omena viile\u00e4ll\u00e4 mentolilla.<\/li>\n<\/ul>\n<h2>Usein kysytyt kysymykset (FAQ) noin bang pulssi 18000<\/h2>\n<p>Jotta saat parhaan mahdollisen kokemuksen Bang Pulse 18000:sta, olemme koonneet asiakkailtamme useimmin kysytyt kysymykset, jotka koskevat erityisesti t\u00e4t\u00e4 tuotetta.<\/p>\n<p><strong>Kuinka kauan Bang Pulse 18000 -akku kest\u00e4\u00e4?<\/strong><br \/>\n650 mAh:n akku mahdollistaa useiden p\u00e4ivien intensiivisen k\u00e4yt\u00f6n junien taajuudesta riippuen. Type-C-portin ansiosta lataus on nopeaa ja tehokasta, joten tarvitset vain lyhyit\u00e4 latausaikoja.<\/p>\n<p><strong>Voinko muuttaa makua tai e-nestett\u00e4?<\/strong><br \/>\nBang Pulse 18000 on kertak\u00e4ytt\u00f6inen e-savuke, jossa on esit\u00e4ytetty e-neste, jota ei voi muuttaa tai t\u00e4ytt\u00e4\u00e4 uudelleen. T\u00e4m\u00e4 varmistaa kuitenkin tasaisen maun laadun ja helpon k\u00e4sittelyn.<\/p>\n<p><strong>Kuinka s\u00e4\u00e4dett\u00e4v\u00e4 ilmavirtaustoiminto toimii?<\/strong><br \/>\nIlmavirran s\u00e4\u00e4t\u00f6 tapahtuu laitteen pienell\u00e4 liukus\u00e4\u00e4timell\u00e4, jonka avulla voit s\u00e4\u00e4t\u00e4\u00e4 junan vastusta. T\u00e4m\u00e4 mahdollistaa tiukemman tai avoimemman tunteen mieltymyksist\u00e4si riippuen.<\/p>\n<p><strong>Mit\u00e4 tapahtuu, jos LED-n\u00e4ytt\u00f6 ei toimi?<\/strong><br \/>\nJos LED-n\u00e4ytt\u00f6 ei toimi odotetulla tavalla, tarkista ensin akun varaustaso. Jos ongelma jatkuu, ota yhteytt\u00e4 Bangvapesin asiakaspalveluun saadaksesi tukea tai vaihtoa.<\/p>\n<p><strong>Kuinka valitsen oikean nikotiinivahvuuden?<\/strong><br \/>\nNikotiinin voimakkuuden valinta riippuu henkil\u00f6kohtaisista mieltymyksist\u00e4si 0 % sopii nikotiinivapaaseen nautintoon, kun taas 2 %, 3 % tai 5 % sopivat k\u00e4ytt\u00e4jille, jotka pit\u00e4v\u00e4t kevyest\u00e4 nikotiinin saannista vahvaa nikotiinia. Testaa eri vahvuuksia l\u00f6yt\u00e4\u00e4ksesi oikean.<\/p>\n<p><strong>Sopiiko Bang Pulse 18000 p\u00e4ivitt\u00e4iseen k\u00e4ytt\u00f6\u00f6n?<\/strong><br \/>\nKyll\u00e4, Bang Pulse 18000 on suunniteltu erityisesti s\u00e4\u00e4nn\u00f6lliseen k\u00e4ytt\u00f6\u00f6n. Suuri vetokapasiteetti, tehokas akku ja vankka rakenne tekev\u00e4t niist\u00e4 ihanteellisia jokap\u00e4iv\u00e4iseen el\u00e4m\u00e4\u00e4n.<\/p>","protected":false},"excerpt":{"rendered":"<p dir=\"auto\">Bang Pulse 18000 kertak\u00e4ytt\u00f6inen e-savuke tarjoaa jopa 18 000 junaa, 26 ml E-nestett\u00e4, 650 mAh ladattava akku Type-C:ll\u00e4, kaksiverkkoinen kelatekniikka, s\u00e4\u00e4dett\u00e4v\u00e4 ilmavirta ja LED-n\u00e4ytt\u00f6 takaavat intensiivisen maun ja kest\u00e4v\u00e4n k\u00e4yt\u00f6n.<\/p>","protected":false},"featured_media":7611,"comment_status":"open","ping_status":"closed","template":"","meta":[],"product_brand":[1180],"product_cat":[1174],"product_tag":[989,959],"class_list":{"0":"post-7601","1":"product","2":"type-product","3":"status-publish","4":"has-post-thumbnail","6":"product_brand-bang","7":"product_cat-18000-puffs","8":"product_tag-18k-puffs","9":"product_tag-more-than-10kpuffs","11":"first","12":"instock","13":"sale","14":"shipping-taxable","15":"purchasable","16":"product-type-variable"},"yoast_head":"<!-- This site is optimized with the Yoast SEO plugin v25.8 - https:\/\/yoast.com\/wordpress\/plugins\/seo\/ -->\n<title>Bang Pulse 18000 18K Puffs 26ml Einweg-E-Zigarette Original - ShopVapor<\/title>\n<meta name=\"description\" content=\"Die Bang Pulse 18000 Einweg-E-Zigarette bietet bis zu 18.000 Z\u00fcge, 26 ml E-Liquid, 650 mAh wiederaufladbaren Akku mit Typ-C, Dual-Mesh-Coil-Technologie, einstellbaren Luftstrom und LED-Anzeige f\u00fcr intensiven Geschmack und langanhaltende Nutzung.\" \/>\n<meta name=\"robots\" content=\"index, follow, max-snippet:-1, max-image-preview:large, max-video-preview:-1\" \/>\n<link rel=\"canonical\" href=\"https:\/\/shopvapor.de\/fi\/product\/bang-pulse-18000-18k-puffs-kertakaeyttoeinen-e-savuke-alkuperaeinen\/\" \/>\n<meta property=\"og:locale\" content=\"fi_FI\" \/>\n<meta property=\"og:type\" content=\"article\" \/>\n<meta property=\"og:title\" content=\"Bang Pulse 18000 18K Puffs 26ml Einweg-E-Zigarette Original - ShopVapor\" \/>\n<meta property=\"og:description\" content=\"Die Bang Pulse 18000 Einweg-E-Zigarette bietet bis zu 18.000 Z\u00fcge, 26 ml E-Liquid, 650 mAh wiederaufladbaren Akku mit Typ-C, Dual-Mesh-Coil-Technologie, einstellbaren Luftstrom und LED-Anzeige f\u00fcr intensiven Geschmack und langanhaltende Nutzung.\" \/>\n<meta property=\"og:url\" content=\"https:\/\/shopvapor.de\/fi\/product\/bang-pulse-18000-18k-puffs-kertakaeyttoeinen-e-savuke-alkuperaeinen\/\" \/>\n<meta property=\"og:site_name\" content=\"ShopVapor\" \/>\n<meta property=\"article:modified_time\" content=\"2025-07-15T09:13:27+00:00\" \/>\n<meta property=\"og:image\" content=\"https:\/\/shopvapor.de\/wp-content\/uploads\/2025\/07\/bang-pulse-18000-18k-puffs-26ml-einweg-e-zigarette-original-1.jpg\" \/>\n\t<meta property=\"og:image:width\" content=\"1000\" \/>\n\t<meta property=\"og:image:height\" content=\"1000\" \/>\n\t<meta property=\"og:image:type\" content=\"image\/jpeg\" \/>\n<meta name=\"twitter:card\" content=\"summary_large_image\" \/>\n<meta name=\"twitter:label1\" content=\"Arvioitu lukuaika\" \/>\n\t<meta name=\"twitter:data1\" content=\"5 minuuttia\" \/>\n<!-- \/ Yoast SEO plugin. -->","yoast_head_json":{"title":"Bang Pulse 18000 18K Puffs 26ml Kertak\u00e4ytt\u00f6inen E-savuke Alkuper\u00e4inen - Shopvapor","description":"Bang Pulse 18000 kertak\u00e4ytt\u00f6inen e-savuke tarjoaa jopa 18 000 junaa, 26 ml E-nestett\u00e4, 650 mAh ladattava akku Type-C:ll\u00e4, kaksiverkkoinen kelatekniikka, s\u00e4\u00e4dett\u00e4v\u00e4 ilmavirta ja LED-n\u00e4ytt\u00f6 takaavat intensiivisen maun ja kest\u00e4v\u00e4n k\u00e4yt\u00f6n.","robots":{"index":"index","follow":"follow","max-snippet":"max-snippet:-1","max-image-preview":"max-image-preview:large","max-video-preview":"max-video-preview:-1"},"canonical":"https:\/\/shopvapor.de\/fi\/product\/bang-pulse-18000-18k-puffs-kertakaeyttoeinen-e-savuke-alkuperaeinen\/","og_locale":"fi_FI","og_type":"article","og_title":"Bang Pulse 18000 18K Puffs 26ml Einweg-E-Zigarette Original - ShopVapor","og_description":"Die Bang Pulse 18000 Einweg-E-Zigarette bietet bis zu 18.000 Z\u00fcge, 26 ml E-Liquid, 650 mAh wiederaufladbaren Akku mit Typ-C, Dual-Mesh-Coil-Technologie, einstellbaren Luftstrom und LED-Anzeige f\u00fcr intensiven Geschmack und langanhaltende Nutzung.","og_url":"https:\/\/shopvapor.de\/fi\/product\/bang-pulse-18000-18k-puffs-kertakaeyttoeinen-e-savuke-alkuperaeinen\/","og_site_name":"ShopVapor","article_modified_time":"2025-07-15T09:13:27+00:00","og_image":[{"width":1000,"height":1000,"url":"https:\/\/shopvapor.de\/wp-content\/uploads\/2025\/07\/bang-pulse-18000-18k-puffs-26ml-einweg-e-zigarette-original-1.jpg","type":"image\/jpeg"}],"twitter_card":"summary_large_image","twitter_misc":{"Arvioitu lukuaika":"5 minuuttia"},"schema":{"@context":"https:\/\/schema.org","@graph":[{"@type":"WebPage","@id":"https:\/\/shopvapor.de\/produkt\/bang-pulse-18000-18k-puffs-einweg-e-zigarette-original\/","url":"https:\/\/shopvapor.de\/produkt\/bang-pulse-18000-18k-puffs-einweg-e-zigarette-original\/","name":"Bang Pulse 18000 18K Puffs 26ml Kertak\u00e4ytt\u00f6inen E-savuke Alkuper\u00e4inen - Shopvapor","isPartOf":{"@id":"https:\/\/shopvapor.de\/#website"},"primaryImageOfPage":{"@id":"https:\/\/shopvapor.de\/produkt\/bang-pulse-18000-18k-puffs-einweg-e-zigarette-original\/#primaryimage"},"image":{"@id":"https:\/\/shopvapor.de\/produkt\/bang-pulse-18000-18k-puffs-einweg-e-zigarette-original\/#primaryimage"},"thumbnailUrl":"https:\/\/shopvapor.de\/wp-content\/uploads\/2025\/07\/bang-pulse-18000-18k-puffs-26ml-einweg-e-zigarette-original-1.jpg","datePublished":"2025-07-02T04:09:04+00:00","dateModified":"2025-07-15T09:13:27+00:00","description":"Bang Pulse 18000 kertak\u00e4ytt\u00f6inen e-savuke tarjoaa jopa 18 000 junaa, 26 ml E-nestett\u00e4, 650 mAh ladattava akku Type-C:ll\u00e4, kaksiverkkoinen kelatekniikka, s\u00e4\u00e4dett\u00e4v\u00e4 ilmavirta ja LED-n\u00e4ytt\u00f6 takaavat intensiivisen maun ja kest\u00e4v\u00e4n k\u00e4yt\u00f6n.","breadcrumb":{"@id":"https:\/\/shopvapor.de\/produkt\/bang-pulse-18000-18k-puffs-einweg-e-zigarette-original\/#breadcrumb"},"inLanguage":"fi","potentialAction":[{"@type":"ReadAction","target":["https:\/\/shopvapor.de\/produkt\/bang-pulse-18000-18k-puffs-einweg-e-zigarette-original\/"]}]},{"@type":"ImageObject","inLanguage":"fi","@id":"https:\/\/shopvapor.de\/produkt\/bang-pulse-18000-18k-puffs-einweg-e-zigarette-original\/#primaryimage","url":"https:\/\/shopvapor.de\/wp-content\/uploads\/2025\/07\/bang-pulse-18000-18k-puffs-26ml-einweg-e-zigarette-original-1.jpg","contentUrl":"https:\/\/shopvapor.de\/wp-content\/uploads\/2025\/07\/bang-pulse-18000-18k-puffs-26ml-einweg-e-zigarette-original-1.jpg","width":1000,"height":1000},{"@type":"BreadcrumbList","@id":"https:\/\/shopvapor.de\/produkt\/bang-pulse-18000-18k-puffs-einweg-e-zigarette-original\/#breadcrumb","itemListElement":[{"@type":"ListItem","position":1,"name":"Startseite","item":"https:\/\/shopvapor.de\/"},{"@type":"ListItem","position":2,"name":"Shop","item":"https:\/\/shopvapor.de\/shop\/"},{"@type":"ListItem","position":3,"name":"Bang Pulse 18000 18K Puffs 26ml Einweg-E-Zigarette Original"}]},{"@type":"WebSite","@id":"https:\/\/shopvapor.de\/#website","url":"https:\/\/shopvapor.de\/","name":"ShopVapor","description":"","potentialAction":[{"@type":"SearchAction","target":{"@type":"EntryPoint","urlTemplate":"https:\/\/shopvapor.de\/?s={search_term_string}"},"query-input":{"@type":"PropertyValueSpecification","valueRequired":true,"valueName":"search_term_string"}}],"inLanguage":"fi"}]}},"_links":{"self":[{"href":"https:\/\/shopvapor.de\/fi\/wp-json\/wp\/v2\/product\/7601","targetHints":{"allow":["GET"]}}],"collection":[{"href":"https:\/\/shopvapor.de\/fi\/wp-json\/wp\/v2\/product"}],"about":[{"href":"https:\/\/shopvapor.de\/fi\/wp-json\/wp\/v2\/types\/product"}],"replies":[{"embeddable":true,"href":"https:\/\/shopvapor.de\/fi\/wp-json\/wp\/v2\/comments?post=7601"}],"version-history":[{"count":2,"href":"https:\/\/shopvapor.de\/fi\/wp-json\/wp\/v2\/product\/7601\/revisions"}],"predecessor-version":[{"id":12006,"href":"https:\/\/shopvapor.de\/fi\/wp-json\/wp\/v2\/product\/7601\/revisions\/12006"}],"wp:featuredmedia":[{"embeddable":true,"href":"https:\/\/shopvapor.de\/fi\/wp-json\/wp\/v2\/media\/7611"}],"wp:attachment":[{"href":"https:\/\/shopvapor.de\/fi\/wp-json\/wp\/v2\/media?parent=7601"}],"wp:term":[{"taxonomy":"product_brand","embeddable":true,"href":"https:\/\/shopvapor.de\/fi\/wp-json\/wp\/v2\/product_brand?post=7601"},{"taxonomy":"product_cat","embeddable":true,"href":"https:\/\/shopvapor.de\/fi\/wp-json\/wp\/v2\/product_cat?post=7601"},{"taxonomy":"product_tag","embeddable":true,"href":"https:\/\/shopvapor.de\/fi\/wp-json\/wp\/v2\/product_tag?post=7601"}],"curies":[{"name":"pukki","href":"https:\/\/api.w.org\/{rel}","templated":true}]}}