{"id":7791,"date":"2025-07-02T04:10:09","date_gmt":"2025-07-02T04:10:09","guid":{"rendered":"https:\/\/shopvapor.de\/?post_type=product&#038;p=7791"},"modified":"2025-07-15T09:10:04","modified_gmt":"2025-07-15T09:10:04","slug":"bang-king-30000-30k-puffs-uusi-kaksoispainike-kertakaeyttoeinen-e-savuke-alkuperaeinen","status":"publish","type":"product","link":"https:\/\/shopvapor.de\/fi\/product\/bang-king-30000-30k-puffs-uusi-kaksoispainike-kertakaeyttoeinen-e-savuke-alkuperaeinen\/","title":{"rendered":"Bang King 30000 30k Puffs Uusi kaksinkertainen maku Kertak\u00e4ytt\u00f6inen E-savuke Original"},"content":{"rendered":"<h2>Bang King 30000 - Laadukas kertak\u00e4ytt\u00f6inen e-savuke vaikuttavalla suorituskyvyll\u00e4<\/h2>\n<p>Bang King 30000 kertak\u00e4ytt\u00f6inen e-savuke asettaa uusia mittareita kertak\u00e4ytt\u00f6isten h\u00f6yryjen alalla vaikuttavan kapasiteetin ja edistyneen teknologian ansiosta. Jopa 30 000 junaa ja runsaan 36 ml:n e-nestekapasiteetin ansiosta t\u00e4m\u00e4 laite tarjoaa pitk\u00e4kestoisen nautinnon ilman t\u00e4ytt\u00f6\u00e4 tai toistuvaa latausta. Tunnetun Bang King -br\u00e4ndin kehitt\u00e4m\u00e4 tuote edustaa laatua ja luotettavuutta. Innovatiivinen kaksoismakutekniikka mahdollistaa vaihtamisen kahden maun v\u00e4lill\u00e4, kun taas digitaalinen LED-n\u00e4ytt\u00f6 pit\u00e4\u00e4 aina kirjaa akun ja e-nesteen tilasta. Bang King 30000, jossa on valikoima nikotiinivahvuuksia ja erilaisia makuja, vetoaa vaativiin k\u00e4ytt\u00e4jiin, jotka arvostavat intensiivist\u00e4 makua ja k\u00e4yt\u00e4nn\u00f6llist\u00e4 k\u00e4sittely\u00e4.<\/p>\n<h2>Tuotteen parametrit yksityiskohtaisesti<\/h2>\n<p>Bang King 30000 yhdist\u00e4\u00e4 uusimman teknologian k\u00e4ytt\u00e4j\u00e4yst\u00e4v\u00e4lliseen suunnitteluun. Alla on yksityiskohtainen yleiskatsaus teknisist\u00e4 tiedoista ja niiden eduista, jotka tekev\u00e4t t\u00e4st\u00e4 laitteesta erinomaisen valinnan.<\/p>\n<h3>Junat: jopa 30 000<\/h3>\n<p>Bang King 30000, jonka kapasiteetti on jopa 30 000 junaa, tarjoaa poikkeuksellisen pitk\u00e4n k\u00e4ytt\u00f6i\u00e4n. T\u00e4m\u00e4 suuri junien m\u00e4\u00e4r\u00e4 varmistaa, ett\u00e4 laitetta voidaan k\u00e4ytt\u00e4\u00e4 viikkoja ilman vaihtoa. T\u00e4m\u00e4 tekee siit\u00e4 erityisen k\u00e4tev\u00e4n k\u00e4ytt\u00e4jille, jotka etsiv\u00e4t kest\u00e4v\u00e4\u00e4 tuotetta ilman usein vaihtoa.<\/p>\n<h3>E-nestekapasiteetti: 36 ml<\/h3>\n<p>Runsas 36 ml:n e-nestekapasiteetti mahdollistaa pitk\u00e4kestoisen k\u00e4yt\u00f6n ilman t\u00e4ytt\u00f6\u00e4. T\u00e4m\u00e4 kapasiteetti varmistaa, ett\u00e4 maku pysyy tasaisena ensimm\u00e4isest\u00e4 viimeiseen k\u00e4ytt\u00f6\u00f6n, ja v\u00e4hent\u00e4\u00e4 merkitt\u00e4v\u00e4sti laitteen yll\u00e4pitoon liittyv\u00e4\u00e4 vaivaa.<\/p>\n<h3>Nikotiinin vahvuudet: 0 %, 2 %, 3 %, 5 %<\/h3>\n<p>Bang King 30000 on saatavana nelj\u00e4ll\u00e4 nikotiinivahvuudella (0 %, 2 %, 3 % ja 5 %) vastaamaan k\u00e4ytt\u00e4jien yksil\u00f6llisi\u00e4 mieltymyksi\u00e4. Olipa kyseess\u00e4 nikotiiniton puhdas maku tai nikotiini intensiivisemm\u00e4n kokemuksen saamiseksi - valikoima mahdollistaa joustavan sopeutumisen henkil\u00f6kohtaisiin tarpeisiin.<\/p>\n<h3>Akku: 550 mAh, ladattava tyypin C kautta<\/h3>\n<p>Integroitu 550 mAh akku on ladattava ja k\u00e4ytt\u00e4\u00e4 modernia tyypin C porttia nopeaan ja tehokkaaseen lataukseen. T\u00e4m\u00e4 varmistaa, ett\u00e4 laite on aina k\u00e4ytt\u00f6valmis ja minimoi seisokit pitkien latausjaksojen aikana.<\/p>\n<h3>Ydin: 1,0 ohmin verkkokela<\/h3>\n<p>Laadukas 1,0 ohmin verkkokierukka varmistaa e-nesteen tasaisen kuumenemisen, mik\u00e4 johtaa intensiiviseen makuun ja tihe\u00e4\u00e4n h\u00f6yryntuotantoon. T\u00e4m\u00e4 tekniikka maksimoi maun laadun ja varmistaa johdonmukaisen kokemuksen jokaisessa junassa.<\/p>\n<h3>Ilmavirta: s\u00e4\u00e4dett\u00e4v\u00e4<\/h3>\n<p>S\u00e4\u00e4dett\u00e4v\u00e4n ilmavirtaustoiminnon avulla k\u00e4ytt\u00e4j\u00e4t voivat s\u00e4\u00e4t\u00e4\u00e4 vetovastusta mieltymystens\u00e4 mukaan. Olipa ilmava tai tiukempi juna, t\u00e4m\u00e4 ominaisuus tarjoaa maksimaalisen joustavuuden ja mukavuuden.<\/p>\n<h3>N\u00e4ytt\u00f6: Digitaalinen LED-ilmaisin<\/h3>\n<p>Integroitu digitaalinen LED-n\u00e4ytt\u00f6 tarjoaa reaaliaikaista tietoa akun varaustasosta ja E-nesteen tasosta. T\u00e4m\u00e4 k\u00e4ytt\u00e4j\u00e4yst\u00e4v\u00e4llinen ominaisuus varmistaa l\u00e4pin\u00e4kyvyyden ja auttaa suunnittelemaan k\u00e4yt\u00f6n optimaalisesti ilman odottamattomia keskeytyksi\u00e4.<\/p>\n<h3>Kaksinkertainen Makutekniikka<\/h3>\n<p>Innovatiivinen kaksoismakutekniikka mahdollistaa vaihtamisen kahden eri maun v\u00e4lill\u00e4 yhden laitteen sis\u00e4ll\u00e4. T\u00e4m\u00e4 ominaisuus tarjoaa vaihtelua ja lis\u00e4\u00e4 nautintoa, koska k\u00e4ytt\u00e4j\u00e4t voivat vaihtaa makujen v\u00e4lill\u00e4 mielialansa mukaan.<\/p>\n<h2>Maut jokaiseen makuun<\/h2>\n<p>Bang King 30000 tarjoaa laajan valikoiman makuja, jotka on huolellisesti suunniteltu vastaamaan erilaisia mieltymyksi\u00e4. Jokainen maku on suunniteltu tarjoamaan intensiivinen ja aito aromi. Alla on saatavilla olevat vaihtoehdot:<\/p>\n<ul>\n<li><strong>Mansikka vesimeloni:<\/strong> Mansikat ja vesimeloni virkist\u00e4v\u00e4\u00e4n sekoitukseen.<\/li>\n<li><strong>mustikkaj\u00e4\u00e4:<\/strong> Mehukkaat mustikat viile\u00e4ll\u00e4 mentolilla.<\/li>\n<li><strong>Tuore minttu:<\/strong> Raikas, kirkas mintun maku virkist\u00e4v\u00e4\u00e4n kokemukseen.<\/li>\n<li><strong>Mansikkaryp\u00e4le:<\/strong> Mansikat ja makeat viiniryp\u00e4leet hedelm\u00e4isen kokemuksen takaamiseksi.<\/li>\n<li><strong>mustikka karpalokirsikka:<\/strong> Mustikat, karpalot ja kirsikat monimutkaiseksi seokseksi.<\/li>\n<li><strong>Vesimeloni:<\/strong> Puhdas vesimelonin maku luonnollisella makeudella.<\/li>\n<li><strong>Mansikka Kiwi:<\/strong> Mansikat mehukkaalla kiivill\u00e4.<\/li>\n<li><strong>Mint Blue Razz:<\/strong> Minttu yhdistettyn\u00e4 hapanimel\u00e4 sininen vadelma.<\/li>\n<li><strong>Kolminkertainen marja:<\/strong> Sekoitetaan kolme marjaa intensiivisen maun saavuttamiseksi.<\/li>\n<li><strong>Vesimelonikirsikka:<\/strong> Vesimeloni mehukkailla kirsikoilla.<\/li>\n<li><strong>Raspberry Dark Sparkle:<\/strong> Kuohuva vadelma tummalla, hedelm\u00e4isell\u00e4 vivahteella.<\/li>\n<li><strong>mustikka vadelma:<\/strong> Mustikat yhdistettyn\u00e4 mehukkaisiin vadelmiin.<\/li>\n<\/ul>\n<h2>Usein kysytyt kysymykset (FAQ) Tietoja Bang King 30000<\/h2>\n<p>T\u00e4ss\u00e4 vastaamme yleisimpiin kertak\u00e4ytt\u00f6isiin Bang King 30000 -e-savukkeita koskeviin kysymyksiin, jotka auttavat sinua laitteen k\u00e4yt\u00f6ss\u00e4 ja yll\u00e4pidossa.<\/p>\n<p><strong>Kuinka kauan Bang King 30000 -akku kest\u00e4\u00e4?<\/strong><br \/>\n550 mAh akku on suunniteltu kest\u00e4m\u00e4\u00e4n useita p\u00e4ivi\u00e4 intensiivist\u00e4 k\u00e4ytt\u00f6\u00e4 k\u00e4ytt\u00f6tiheydest\u00e4 riippuen. Type-C-portin ansiosta akku voidaan ladata nopeasti, jolloin laite on valmis k\u00e4ytett\u00e4v\u00e4ksi hetkess\u00e4.<\/p>\n<p><strong>Voinko valita maut itse kaksimakutilassa?<\/strong><br \/>\nDual Flavor -tilan maut ovat esiasetettuja, eik\u00e4 niit\u00e4 voi mukauttaa. Yhdistelm\u00e4t valittiin kuitenkin huolellisesti harmonisen makuel\u00e4myksen saamiseksi.<\/p>\n<p><strong>Mit\u00e4 tapahtuu, kun e-neste on k\u00e4ytetty?<\/strong><br \/>\nBang King 30000 on kertak\u00e4ytt\u00f6inen e-savuke, jota ei voi t\u00e4ytt\u00e4\u00e4 uudelleen. Kun e-neste on k\u00e4ytetty loppuun, laite tulee h\u00e4vitt\u00e4\u00e4 ja korvata uudella.<\/p>\n<p><strong>Kuinka luotettava LED-n\u00e4ytt\u00f6 on?<\/strong><br \/>\nDigitaalinen LED-n\u00e4ytt\u00f6 on eritt\u00e4in tarkka ja n\u00e4ytt\u00e4\u00e4 nykyisen akun ja e-nesteen tilan reaaliajassa. Se on suunniteltu antamaan k\u00e4ytt\u00e4jille tarkka hallinta laitteen tilasta.<\/p>\n<p><strong>Onko olemassa laatuongelmia, kuten viallisia paristoja?<\/strong><br \/>\nBang King -tuotteisiin sovelletaan tiukkaa laadunvalvontaa. Jos sinulla on edelleen ongelmia, kuten viallinen akku, suosittelemme ottamaan yhteytt\u00e4 asiakaspalveluun. P\u00e4\u00e4s\u00e4\u00e4nt\u00f6isesti korvataan tai hyvitet\u00e4\u00e4n, jos todisteet toimitetaan.<\/p>\n<p><strong>Kuinka h\u00e4vit\u00e4n Bang King 30000:n k\u00e4yt\u00f6n j\u00e4lkeen?<\/strong><br \/>\nBang King 30000 tulee h\u00e4vitt\u00e4\u00e4 paikallisten elektroniikkaj\u00e4tem\u00e4\u00e4r\u00e4ysten mukaisesti. \u00c4l\u00e4 heit\u00e4 laitetta kotitalousj\u00e4tteen sis\u00e4\u00e4n, vaan vie se sopivaan ker\u00e4yspisteeseen.<\/p>","protected":false},"excerpt":{"rendered":"<p dir=\"auto\">Bang King 30000 Kertak\u00e4ytt\u00f6inen 30 000 sian E-savuke, 36 ml E-nestett\u00e4, 550 mAh akku, tyypin C lataus, 1,0 ohmin verkkokela, s\u00e4\u00e4dett\u00e4v\u00e4 ilmavirta, digitaalinen LED-n\u00e4ytt\u00f6 ja kaksimakuinen tekniikka. Nikotiini Vahvuudet: 0 %, 2 %, 3 %, 5 %. Monipuoliset maut intensiiviseen nautintoon.<\/p>","protected":false},"featured_media":7815,"comment_status":"open","ping_status":"closed","template":"","meta":[],"product_brand":[1180],"product_cat":[1167],"product_tag":[960,959],"class_list":{"0":"post-7791","1":"product","2":"type-product","3":"status-publish","4":"has-post-thumbnail","6":"product_brand-bang","7":"product_cat-30000-puffs","8":"product_tag-30k-puffs","9":"product_tag-more-than-10kpuffs","11":"first","12":"instock","13":"sale","14":"shipping-taxable","15":"purchasable","16":"product-type-variable"},"yoast_head":"<!-- This site is optimized with the Yoast SEO plugin v25.8 - https:\/\/yoast.com\/wordpress\/plugins\/seo\/ -->\n<title>Bang King 30000 30k Puffs New Double Taste Einweg-E-Zigarette Original - ShopVapor<\/title>\n<meta name=\"description\" content=\"Bang King 30000 Einweg-E-Zigarette mit 30.000 Z\u00fcgen, 36 ml E-Liquid, 550 mAh Akku, Typ-C-Ladung, 1,0-Ohm-Mesh-Spule, einstellbarem Luftstrom, digitaler LED-Anzeige und Dual-Flavor-Technologie. Nikotinst\u00e4rken: 0 %, 2 %, 3 %, 5 %. Vielf\u00e4ltige Geschmacksrichtungen f\u00fcr intensiven Genuss.\" \/>\n<meta name=\"robots\" content=\"index, follow, max-snippet:-1, max-image-preview:large, max-video-preview:-1\" \/>\n<link rel=\"canonical\" href=\"https:\/\/shopvapor.de\/fi\/product\/bang-king-30000-30k-puffs-uusi-kaksoispainike-kertakaeyttoeinen-e-savuke-alkuperaeinen\/\" \/>\n<meta property=\"og:locale\" content=\"fi_FI\" \/>\n<meta property=\"og:type\" content=\"article\" \/>\n<meta property=\"og:title\" content=\"Bang King 30000 30k Puffs New Double Taste Einweg-E-Zigarette Original - ShopVapor\" \/>\n<meta property=\"og:description\" content=\"Bang King 30000 Einweg-E-Zigarette mit 30.000 Z\u00fcgen, 36 ml E-Liquid, 550 mAh Akku, Typ-C-Ladung, 1,0-Ohm-Mesh-Spule, einstellbarem Luftstrom, digitaler LED-Anzeige und Dual-Flavor-Technologie. Nikotinst\u00e4rken: 0 %, 2 %, 3 %, 5 %. Vielf\u00e4ltige Geschmacksrichtungen f\u00fcr intensiven Genuss.\" \/>\n<meta property=\"og:url\" content=\"https:\/\/shopvapor.de\/fi\/product\/bang-king-30000-30k-puffs-uusi-kaksoispainike-kertakaeyttoeinen-e-savuke-alkuperaeinen\/\" \/>\n<meta property=\"og:site_name\" content=\"ShopVapor\" \/>\n<meta property=\"article:modified_time\" content=\"2025-07-15T09:10:04+00:00\" \/>\n<meta property=\"og:image\" content=\"https:\/\/shopvapor.de\/wp-content\/uploads\/2025\/07\/bang-king-30000-30k-puffs-new-double-taste-einweg-e-zigarette-original-5.webp\" \/>\n\t<meta property=\"og:image:width\" content=\"1000\" \/>\n\t<meta property=\"og:image:height\" content=\"1000\" \/>\n\t<meta property=\"og:image:type\" content=\"image\/webp\" \/>\n<meta name=\"twitter:card\" content=\"summary_large_image\" \/>\n<meta name=\"twitter:label1\" content=\"Arvioitu lukuaika\" \/>\n\t<meta name=\"twitter:data1\" content=\"5 minuuttia\" \/>\n<!-- \/ Yoast SEO plugin. -->","yoast_head_json":{"title":"Bang King 30000 30K Puffs Uusi Kaksoispainike Kertak\u00e4ytt\u00f6inen E-savuke Alkuper\u00e4inen - Shopvapor","description":"Bang King 30000 Kertak\u00e4ytt\u00f6inen 30 000 sian E-savuke, 36 ml E-nestett\u00e4, 550 mAh akku, tyypin C lataus, 1,0 ohmin verkkokela, s\u00e4\u00e4dett\u00e4v\u00e4 ilmavirta, digitaalinen LED-n\u00e4ytt\u00f6 ja kaksimakuinen tekniikka. Nikotiini Vahvuudet: 0 %, 2 %, 3 %, 5 %. Monipuoliset maut intensiiviseen nautintoon.","robots":{"index":"index","follow":"follow","max-snippet":"max-snippet:-1","max-image-preview":"max-image-preview:large","max-video-preview":"max-video-preview:-1"},"canonical":"https:\/\/shopvapor.de\/fi\/product\/bang-king-30000-30k-puffs-uusi-kaksoispainike-kertakaeyttoeinen-e-savuke-alkuperaeinen\/","og_locale":"fi_FI","og_type":"article","og_title":"Bang King 30000 30k Puffs New Double Taste Einweg-E-Zigarette Original - ShopVapor","og_description":"Bang King 30000 Einweg-E-Zigarette mit 30.000 Z\u00fcgen, 36 ml E-Liquid, 550 mAh Akku, Typ-C-Ladung, 1,0-Ohm-Mesh-Spule, einstellbarem Luftstrom, digitaler LED-Anzeige und Dual-Flavor-Technologie. Nikotinst\u00e4rken: 0 %, 2 %, 3 %, 5 %. Vielf\u00e4ltige Geschmacksrichtungen f\u00fcr intensiven Genuss.","og_url":"https:\/\/shopvapor.de\/fi\/product\/bang-king-30000-30k-puffs-uusi-kaksoispainike-kertakaeyttoeinen-e-savuke-alkuperaeinen\/","og_site_name":"ShopVapor","article_modified_time":"2025-07-15T09:10:04+00:00","og_image":[{"width":1000,"height":1000,"url":"https:\/\/shopvapor.de\/wp-content\/uploads\/2025\/07\/bang-king-30000-30k-puffs-new-double-taste-einweg-e-zigarette-original-5.webp","type":"image\/webp"}],"twitter_card":"summary_large_image","twitter_misc":{"Arvioitu lukuaika":"5 minuuttia"},"schema":{"@context":"https:\/\/schema.org","@graph":[{"@type":"WebPage","@id":"https:\/\/shopvapor.de\/produkt\/bang-king-30000-30k-puffs-new-double-taste-einweg-e-zigarette-original\/","url":"https:\/\/shopvapor.de\/produkt\/bang-king-30000-30k-puffs-new-double-taste-einweg-e-zigarette-original\/","name":"Bang King 30000 30K Puffs Uusi Kaksoispainike Kertak\u00e4ytt\u00f6inen E-savuke Alkuper\u00e4inen - Shopvapor","isPartOf":{"@id":"https:\/\/shopvapor.de\/#website"},"primaryImageOfPage":{"@id":"https:\/\/shopvapor.de\/produkt\/bang-king-30000-30k-puffs-new-double-taste-einweg-e-zigarette-original\/#primaryimage"},"image":{"@id":"https:\/\/shopvapor.de\/produkt\/bang-king-30000-30k-puffs-new-double-taste-einweg-e-zigarette-original\/#primaryimage"},"thumbnailUrl":"https:\/\/shopvapor.de\/wp-content\/uploads\/2025\/07\/bang-king-30000-30k-puffs-new-double-taste-einweg-e-zigarette-original-5.webp","datePublished":"2025-07-02T04:10:09+00:00","dateModified":"2025-07-15T09:10:04+00:00","description":"Bang King 30000 Kertak\u00e4ytt\u00f6inen 30 000 sian E-savuke, 36 ml E-nestett\u00e4, 550 mAh akku, tyypin C lataus, 1,0 ohmin verkkokela, s\u00e4\u00e4dett\u00e4v\u00e4 ilmavirta, digitaalinen LED-n\u00e4ytt\u00f6 ja kaksimakuinen tekniikka. Nikotiini Vahvuudet: 0 %, 2 %, 3 %, 5 %. Monipuoliset maut intensiiviseen nautintoon.","breadcrumb":{"@id":"https:\/\/shopvapor.de\/produkt\/bang-king-30000-30k-puffs-new-double-taste-einweg-e-zigarette-original\/#breadcrumb"},"inLanguage":"fi","potentialAction":[{"@type":"ReadAction","target":["https:\/\/shopvapor.de\/produkt\/bang-king-30000-30k-puffs-new-double-taste-einweg-e-zigarette-original\/"]}]},{"@type":"ImageObject","inLanguage":"fi","@id":"https:\/\/shopvapor.de\/produkt\/bang-king-30000-30k-puffs-new-double-taste-einweg-e-zigarette-original\/#primaryimage","url":"https:\/\/shopvapor.de\/wp-content\/uploads\/2025\/07\/bang-king-30000-30k-puffs-new-double-taste-einweg-e-zigarette-original-5.webp","contentUrl":"https:\/\/shopvapor.de\/wp-content\/uploads\/2025\/07\/bang-king-30000-30k-puffs-new-double-taste-einweg-e-zigarette-original-5.webp","width":1000,"height":1000},{"@type":"BreadcrumbList","@id":"https:\/\/shopvapor.de\/produkt\/bang-king-30000-30k-puffs-new-double-taste-einweg-e-zigarette-original\/#breadcrumb","itemListElement":[{"@type":"ListItem","position":1,"name":"Startseite","item":"https:\/\/shopvapor.de\/"},{"@type":"ListItem","position":2,"name":"Shop","item":"https:\/\/shopvapor.de\/shop\/"},{"@type":"ListItem","position":3,"name":"Bang King 30000 30k Puffs New Double Taste Einweg-E-Zigarette Original"}]},{"@type":"WebSite","@id":"https:\/\/shopvapor.de\/#website","url":"https:\/\/shopvapor.de\/","name":"ShopVapor","description":"","potentialAction":[{"@type":"SearchAction","target":{"@type":"EntryPoint","urlTemplate":"https:\/\/shopvapor.de\/?s={search_term_string}"},"query-input":{"@type":"PropertyValueSpecification","valueRequired":true,"valueName":"search_term_string"}}],"inLanguage":"fi"}]}},"_links":{"self":[{"href":"https:\/\/shopvapor.de\/fi\/wp-json\/wp\/v2\/product\/7791","targetHints":{"allow":["GET"]}}],"collection":[{"href":"https:\/\/shopvapor.de\/fi\/wp-json\/wp\/v2\/product"}],"about":[{"href":"https:\/\/shopvapor.de\/fi\/wp-json\/wp\/v2\/types\/product"}],"replies":[{"embeddable":true,"href":"https:\/\/shopvapor.de\/fi\/wp-json\/wp\/v2\/comments?post=7791"}],"version-history":[{"count":1,"href":"https:\/\/shopvapor.de\/fi\/wp-json\/wp\/v2\/product\/7791\/revisions"}],"predecessor-version":[{"id":11414,"href":"https:\/\/shopvapor.de\/fi\/wp-json\/wp\/v2\/product\/7791\/revisions\/11414"}],"wp:featuredmedia":[{"embeddable":true,"href":"https:\/\/shopvapor.de\/fi\/wp-json\/wp\/v2\/media\/7815"}],"wp:attachment":[{"href":"https:\/\/shopvapor.de\/fi\/wp-json\/wp\/v2\/media?parent=7791"}],"wp:term":[{"taxonomy":"product_brand","embeddable":true,"href":"https:\/\/shopvapor.de\/fi\/wp-json\/wp\/v2\/product_brand?post=7791"},{"taxonomy":"product_cat","embeddable":true,"href":"https:\/\/shopvapor.de\/fi\/wp-json\/wp\/v2\/product_cat?post=7791"},{"taxonomy":"product_tag","embeddable":true,"href":"https:\/\/shopvapor.de\/fi\/wp-json\/wp\/v2\/product_tag?post=7791"}],"curies":[{"name":"pukki","href":"https:\/\/api.w.org\/{rel}","templated":true}]}}