{"id":8125,"date":"2025-07-02T04:13:24","date_gmt":"2025-07-02T04:13:24","guid":{"rendered":"https:\/\/shopvapor.de\/?post_type=product&#038;p=8125"},"modified":"2025-07-15T09:05:25","modified_gmt":"2025-07-15T09:05:25","slug":"bang-tn12000-12k-puffs-kettle-kertakaeyttoeinen-e-savuke-alkuperaeinen","status":"publish","type":"product","link":"https:\/\/shopvapor.de\/fi\/product\/bang-tn12000-12k-puffs-kettle-kertakaeyttoeinen-e-savuke-alkuperaeinen\/","title":{"rendered":"Bang TN12000 12K Puffs Kettle Kertak\u00e4ytt\u00f6inen E-savuke alkuper\u00e4inen"},"content":{"rendered":"<h2>Johdatus Bang TN12000 Puffsiin<\/h2>\n<p>Bang TN12000 Puffs on huippuluokan kertak\u00e4ytt\u00f6inen e-savuke, joka tekee vaikutuksen vaikuttavalla suorituskyvyll\u00e4\u00e4n ja monipuolisilla makuillaan. Tunnetun BANG-br\u00e4ndin kehitt\u00e4m\u00e4 laite tarjoaa jopa 12 000 junaa ja yhdist\u00e4\u00e4 innovatiivisen teknologian tyylikk\u00e4\u00e4seen muotoiluun. Bang TN12000 on laaja valikoima nikotiinivahvuuksia ja laaja valikoima makuja, ja se on suunnattu kaikille, jotka etsiv\u00e4t intensiivist\u00e4 ja pitk\u00e4kestoista kokemusta. T\u00e4m\u00e4n tuotteen jokainen yksityiskohta on suunniteltu huolellisesti varmistamaan korkein laatu ja k\u00e4ytt\u00e4j\u00e4yst\u00e4v\u00e4llisyys.<\/p>\n<h2>Tuotteen parametrit yksityiskohtaisesti<\/h2>\n<p>Bang TN12000 PUFFS:lle on ominaista sen edistyneet tekniset tiedot, jotka mahdollistavat luotettavan ja muokattavissa olevan kokemuksen. Alta l\u00f6yd\u00e4t yksityiskohtaisen yleiskatsauksen t\u00e4rkeimmist\u00e4 parametreista ja niiden eduista.<\/p>\n<h3>Junakapasiteetti: Jopa 12 000 junaa<\/h3>\n<p>Jopa 12 000 junan kapasiteetti Bang TN12000 tarjoaa poikkeuksellisen pitk\u00e4n k\u00e4ytt\u00f6i\u00e4n. T\u00e4m\u00e4 suuri junien m\u00e4\u00e4r\u00e4 v\u00e4hent\u00e4\u00e4 s\u00e4\u00e4nn\u00f6llisten laitteiden vaihtoa ja antaa sinun nauttia t\u00e4ydest\u00e4 mausta pidemm\u00e4n ajan. Ihanteellinen k\u00e4ytt\u00e4jille, jotka arvostavat johdonmukaisuutta ja mukavuutta.<\/p>\n<h3>E-nesteen kapasiteetti: 20 ml<\/h3>\n<p>Laite on esit\u00e4ytetty 20 ml:lla korkealaatuista e-nestett\u00e4, joka on runsas m\u00e4\u00e4r\u00e4 pitk\u00e4kestoiseen nautintoon. T\u00e4m\u00e4 kapasiteetti varmistaa, ett\u00e4 et tarvitse t\u00e4ytt\u00f6j\u00e4, ja takaa tasaisen maun laadun ensimm\u00e4isest\u00e4 viimeiseen k\u00e4ytt\u00f6\u00f6n.<\/p>\n<h3>Akku: 650 mAh, ladattava Type-C:ll\u00e4.<\/h3>\n<p>Bang TN12000 on varustettu tehokkaalla 650 mAh akulla, joka voidaan ladata nopeasti nykyaikaisen Type-C-portin kautta. T\u00e4m\u00e4 akun kapasiteetti varmistaa luotettavan suorituskyvyn, kun taas ladattavuus maksimoi laitteen k\u00e4ytt\u00f6i\u00e4n ja pit\u00e4\u00e4 sen valmiina k\u00e4ytett\u00e4v\u00e4ksi koko ajan.<\/p>\n<h3>Nikotiinin vahvuudet: 0 %, 2 %, 3 %, 5 %<\/h3>\n<p>Bang TN12000 tarjoaa maksimaalisen joustavuuden, koska valikoima nikotiinivahvuuksia 0 % - 5 %. Halusitpa sitten nikotiinittoman kokemuksen tai intensiivisemm\u00e4n junan, t\u00e4m\u00e4 laite mukautuu yksil\u00f6llisiin mieltymyksiisi ja mahdollistaa henkil\u00f6kohtaisen k\u00e4yt\u00f6n.<\/p>\n<h3>Materiaali: korkealaatuinen PC-materiaali<\/h3>\n<p>Bang TN12000 -kotelo on valmistettu kest\u00e4v\u00e4st\u00e4 ja kevyest\u00e4 PC-materiaalista, joka takaa sek\u00e4 kest\u00e4vyyden ett\u00e4 miellytt\u00e4v\u00e4n k\u00e4sittelyn. Moderni muotoilu ei ole vain toimiva, vaan my\u00f6s korostaa Bang-br\u00e4ndin korkealaatuista ammattitaitoa.<\/p>\n<h3>verkkokelatekniikka<\/h3>\n<p>Integroitu 0,8 ohmin verkkokierukkateknologia varmistaa, ett\u00e4 E-neste kuumennetaan tasaisesti, mik\u00e4 johtaa voimakkaampaan makuun ja tihe\u00e4mp\u00e4\u00e4n h\u00f6yryntuotantoon. T\u00e4m\u00e4 edistynyt tekniikka erottaa BANG TN12000:n muista kertak\u00e4ytt\u00f6isist\u00e4 e-savukkeista ja tarjoaa optimoidun kokemuksen jokaisessa junassa.<\/p>\n<h3>turvatoiminnot<\/h3>\n<p>Turvallisuus on Bang TN12000:n t\u00e4rkein prioriteetti. Laite on varustettu suojamekanismeilla, kuten ylikuumenemis- ja oikosulkusuojalla, jotka takaavat turvallisen ja huolettoman kokemuksen. N\u00e4m\u00e4 ominaisuudet korostavat Bang-br\u00e4ndin luotettavuutta ja laatua.<\/p>\n<h2>maut bang tn12000 puffs<\/h2>\n<p>Bang TN12000 Puffs tarjoaa monipuolisen valikoiman makuja, joista l\u00f6ytyy jokaiseen makuun. Jokainen maku on huolellisesti suunniteltu tarjoamaan intensiivinen ja aito kokemus. Alta l\u00f6yd\u00e4t saatavilla olevat maut:<\/p>\n<ul>\n<li><strong>mustikka vadelma j\u00e4\u00e4t\u00e4<\/strong>: Mustikat ja vadelmat viile\u00e4ll\u00e4 mentoliviimeistelyll\u00e4.<\/li>\n<li><strong>Mansikka Mango<\/strong>: Mansikat trooppisella mangolla.<\/li>\n<li><strong>Mansikka banaani<\/strong>: Kermainen banaani makeilla mansikoilla.<\/li>\n<li><strong>Vesimeloni j\u00e4\u00e4<\/strong>: Makea vesimeloni j\u00e4isell\u00e4 viimeistelyll\u00e4.<\/li>\n<li><strong>Herra Sininen<\/strong>: Ainutlaatuinen mustikkasekoitus viile\u00e4ll\u00e4 kierteell\u00e4.<\/li>\n<li><strong>Grape Ice<\/strong>: Makeat viiniryp\u00e4leet viile\u00e4ll\u00e4 lopputuloksella.<\/li>\n<li><strong>kylm\u00e4 minttu<\/strong>: Raikas, kirkas mintun maku virkist\u00e4v\u00e4n kokemuksen takaamiseksi.<\/li>\n<li><strong>hedelm\u00e4kautart<\/strong>: Monipuolinen hedelm\u00e4sekoitus intensiivisen maun takaamiseksi.<\/li>\n<li><strong>mansikka litsi<\/strong>: Mansikat eksoottisella litsill\u00e4.<\/li>\n<li><strong>mansikkaj\u00e4\u00e4<\/strong>: Mehukkaat mansikat mentolilla.<\/li>\n<li><strong>persikkaj\u00e4\u00e4<\/strong>: Juicy Peach viile\u00e4ll\u00e4 mentolituoksulla.<\/li>\n<li><strong>vesimelonimansikka<\/strong>: Vesimeloni ja mansikat virkist\u00e4v\u00e4\u00e4n seokseen.<\/li>\n<\/ul>\n<h2>Usein kysytyt kysymykset (FAQ)<\/h2>\n<p>Jotta saat paremman k\u00e4sityksen Bang TN12000 -puffeista, olemme koonneet asiakkailta eniten kysytyt kysymykset erityisesti t\u00e4st\u00e4 tuotteesta.<\/p>\n<p><strong>Kuinka kauan bang tn12000 puffs kest\u00e4\u00e4?<\/strong><br \/>\nBang TN12000 tarjoaa jopa 12 000 junaa k\u00e4ytt\u00f6tiheydest\u00e4 ja junan syvyydest\u00e4 riippuen. Keskim\u00e4\u00e4r\u00e4isell\u00e4 k\u00e4yt\u00f6ll\u00e4 laite voi kest\u00e4\u00e4 useita viikkoja.<\/p>\n<p><strong>Onko bang tn12000 ladattava?<\/strong><br \/>\nKyll\u00e4, laitteessa on 650 mAh akku, joka voidaan ladata tyypin C portin kautta. T\u00e4ysi lataus kest\u00e4\u00e4 yleens\u00e4 noin 30-45 minuuttia.<\/p>\n<p><strong>Voinko vaihtaa nikotiinit\u00e4rkkelyksen oston j\u00e4lkeen?<\/strong><br \/>\nEi, nikotiinin vahvuus on kiinte\u00e4 laitteessa (0 %, 2 %, 3 % tai 5 %). Kun ostat, valitse vahvuus, jonka haluat vastata mieltymyksiisi.<\/p>\n<p><strong>Mit\u00e4 tapahtuu, kun e-neste on k\u00e4ytetty?<\/strong><br \/>\nBang TN12000 on kertak\u00e4ytt\u00f6inen e-savuke, eik\u00e4 sit\u00e4 voi t\u00e4ytt\u00e4\u00e4 uudelleen. Kun e-neste on k\u00e4ytetty loppuun, laite tulee h\u00e4vitt\u00e4\u00e4 asianmukaisesti.<\/p>\n<p><strong>Ovatko maut intensiivisi\u00e4?<\/strong><br \/>\nKyll\u00e4, verkkokelateknologian ansiosta Bang TN12000 tarjoaa intensiivisen ja yhten\u00e4isen maun joka liikkeell\u00e4. Maut on suunniteltu erityisesti tarjoamaan aito kokemus.<\/p>\n<p><strong>Kuinka h\u00e4vit\u00e4n bang tn12000 -puvut?<\/strong><br \/>\nLaite tulee h\u00e4vitt\u00e4\u00e4 paikallisten elektroniikkaj\u00e4tem\u00e4\u00e4r\u00e4ysten mukaisesti. \u00c4l\u00e4 heit\u00e4 sit\u00e4 kotitalousj\u00e4tteisiin, vaan vie se s\u00e4hk\u00f6laitteiden ker\u00e4yspisteeseen.<\/p>\n<p><strong>Toimiiko laite heti pakkauksen purkamisen j\u00e4lkeen?<\/strong><br \/>\nKyll\u00e4, BANG TN12000 on valmis v\u00e4litt\u00f6m\u00e4\u00e4n k\u00e4ytt\u00f6\u00f6n. Irrota vain pakkaus ja aloita hengitt\u00e4minen aktivoidaksesi laite.<\/p>\n<p><strong>Mit\u00e4 tehd\u00e4, jos laite ei toimi?<\/strong><br \/>\nTarkista ensin, onko akku ladattu. Jos ongelma jatkuu, ota yhteytt\u00e4 j\u00e4lleenmyyj\u00e4\u00e4n tai Bangin asiakaspalveluun saadaksesi tukea.<\/p>","protected":false},"excerpt":{"rendered":"<p dir=\"auto\">Bang TN12000 Puffs Kertak\u00e4ytt\u00f6inen e-savuke, jossa on jopa 12 000 junaa, 20 ml e-nestett\u00e4, 650 mAh ladattava akku ja verkkokelatekniikka. Saatavana 0-5 % nikotiinivahvuuksina ja monipuolisina makuina.<\/p>","protected":false},"featured_media":8148,"comment_status":"open","ping_status":"closed","template":"","meta":[],"product_brand":[1180],"product_cat":[1179],"product_tag":[962,959],"class_list":{"0":"post-8125","1":"product","2":"type-product","3":"status-publish","4":"has-post-thumbnail","6":"product_brand-bang","7":"product_cat-12000-puffs","8":"product_tag-12k-puffs","9":"product_tag-more-than-10kpuffs","11":"first","12":"instock","13":"sale","14":"shipping-taxable","15":"purchasable","16":"product-type-variable"},"yoast_head":"<!-- This site is optimized with the Yoast SEO plugin v25.8 - https:\/\/yoast.com\/wordpress\/plugins\/seo\/ -->\n<title>BANG Tn12000 12K Puffs kettle Einweg-E-Zigarette Original - ShopVapor<\/title>\n<meta name=\"description\" content=\"BANG Tn12000 Puffs Einweg-E-Zigarette mit bis zu 12.000 Z\u00fcgen, 20 ml E-Liquid, 650 mAh wiederaufladbarem Akku und Mesh-Coil-Technologie. Erh\u00e4ltlich in 0\u20135 % Nikotinst\u00e4rken und vielf\u00e4ltigen Geschmacksrichtungen.\" \/>\n<meta name=\"robots\" content=\"index, follow, max-snippet:-1, max-image-preview:large, max-video-preview:-1\" \/>\n<link rel=\"canonical\" href=\"https:\/\/shopvapor.de\/fi\/product\/bang-tn12000-12k-puffs-kettle-kertakaeyttoeinen-e-savuke-alkuperaeinen\/\" \/>\n<meta property=\"og:locale\" content=\"fi_FI\" \/>\n<meta property=\"og:type\" content=\"article\" \/>\n<meta property=\"og:title\" content=\"BANG Tn12000 12K Puffs kettle Einweg-E-Zigarette Original - ShopVapor\" \/>\n<meta property=\"og:description\" content=\"BANG Tn12000 Puffs Einweg-E-Zigarette mit bis zu 12.000 Z\u00fcgen, 20 ml E-Liquid, 650 mAh wiederaufladbarem Akku und Mesh-Coil-Technologie. Erh\u00e4ltlich in 0\u20135 % Nikotinst\u00e4rken und vielf\u00e4ltigen Geschmacksrichtungen.\" \/>\n<meta property=\"og:url\" content=\"https:\/\/shopvapor.de\/fi\/product\/bang-tn12000-12k-puffs-kettle-kertakaeyttoeinen-e-savuke-alkuperaeinen\/\" \/>\n<meta property=\"og:site_name\" content=\"ShopVapor\" \/>\n<meta property=\"article:modified_time\" content=\"2025-07-15T09:05:25+00:00\" \/>\n<meta property=\"og:image\" content=\"https:\/\/shopvapor.de\/wp-content\/uploads\/2025\/07\/bang-tn12000-12k-puffs-kettle-einweg-e-zigarette-original-10.jpg\" \/>\n\t<meta property=\"og:image:width\" content=\"1079\" \/>\n\t<meta property=\"og:image:height\" content=\"800\" \/>\n\t<meta property=\"og:image:type\" content=\"image\/jpeg\" \/>\n<meta name=\"twitter:card\" content=\"summary_large_image\" \/>\n<meta name=\"twitter:label1\" content=\"Arvioitu lukuaika\" \/>\n\t<meta name=\"twitter:data1\" content=\"5 minuuttia\" \/>\n<!-- \/ Yoast SEO plugin. -->","yoast_head_json":{"title":"Bang TN12000 12K Puffs Kettle Kertak\u00e4ytt\u00f6inen E-savuke Alkuper\u00e4inen - Shopvapor","description":"Bang TN12000 Puffs Kertak\u00e4ytt\u00f6inen e-savuke, jossa on jopa 12 000 junaa, 20 ml e-nestett\u00e4, 650 mAh ladattava akku ja verkkokelatekniikka. Saatavana 0-5 % nikotiinivahvuuksina ja monipuolisina makuina.","robots":{"index":"index","follow":"follow","max-snippet":"max-snippet:-1","max-image-preview":"max-image-preview:large","max-video-preview":"max-video-preview:-1"},"canonical":"https:\/\/shopvapor.de\/fi\/product\/bang-tn12000-12k-puffs-kettle-kertakaeyttoeinen-e-savuke-alkuperaeinen\/","og_locale":"fi_FI","og_type":"article","og_title":"BANG Tn12000 12K Puffs kettle Einweg-E-Zigarette Original - ShopVapor","og_description":"BANG Tn12000 Puffs Einweg-E-Zigarette mit bis zu 12.000 Z\u00fcgen, 20 ml E-Liquid, 650 mAh wiederaufladbarem Akku und Mesh-Coil-Technologie. Erh\u00e4ltlich in 0\u20135 % Nikotinst\u00e4rken und vielf\u00e4ltigen Geschmacksrichtungen.","og_url":"https:\/\/shopvapor.de\/fi\/product\/bang-tn12000-12k-puffs-kettle-kertakaeyttoeinen-e-savuke-alkuperaeinen\/","og_site_name":"ShopVapor","article_modified_time":"2025-07-15T09:05:25+00:00","og_image":[{"width":1079,"height":800,"url":"https:\/\/shopvapor.de\/wp-content\/uploads\/2025\/07\/bang-tn12000-12k-puffs-kettle-einweg-e-zigarette-original-10.jpg","type":"image\/jpeg"}],"twitter_card":"summary_large_image","twitter_misc":{"Arvioitu lukuaika":"5 minuuttia"},"schema":{"@context":"https:\/\/schema.org","@graph":[{"@type":"WebPage","@id":"https:\/\/shopvapor.de\/produkt\/bang-tn12000-12k-puffs-kettle-einweg-e-zigarette-original\/","url":"https:\/\/shopvapor.de\/produkt\/bang-tn12000-12k-puffs-kettle-einweg-e-zigarette-original\/","name":"Bang TN12000 12K Puffs Kettle Kertak\u00e4ytt\u00f6inen E-savuke Alkuper\u00e4inen - Shopvapor","isPartOf":{"@id":"https:\/\/shopvapor.de\/#website"},"primaryImageOfPage":{"@id":"https:\/\/shopvapor.de\/produkt\/bang-tn12000-12k-puffs-kettle-einweg-e-zigarette-original\/#primaryimage"},"image":{"@id":"https:\/\/shopvapor.de\/produkt\/bang-tn12000-12k-puffs-kettle-einweg-e-zigarette-original\/#primaryimage"},"thumbnailUrl":"https:\/\/shopvapor.de\/wp-content\/uploads\/2025\/07\/bang-tn12000-12k-puffs-kettle-einweg-e-zigarette-original-10.jpg","datePublished":"2025-07-02T04:13:24+00:00","dateModified":"2025-07-15T09:05:25+00:00","description":"Bang TN12000 Puffs Kertak\u00e4ytt\u00f6inen e-savuke, jossa on jopa 12 000 junaa, 20 ml e-nestett\u00e4, 650 mAh ladattava akku ja verkkokelatekniikka. Saatavana 0-5 % nikotiinivahvuuksina ja monipuolisina makuina.","breadcrumb":{"@id":"https:\/\/shopvapor.de\/produkt\/bang-tn12000-12k-puffs-kettle-einweg-e-zigarette-original\/#breadcrumb"},"inLanguage":"fi","potentialAction":[{"@type":"ReadAction","target":["https:\/\/shopvapor.de\/produkt\/bang-tn12000-12k-puffs-kettle-einweg-e-zigarette-original\/"]}]},{"@type":"ImageObject","inLanguage":"fi","@id":"https:\/\/shopvapor.de\/produkt\/bang-tn12000-12k-puffs-kettle-einweg-e-zigarette-original\/#primaryimage","url":"https:\/\/shopvapor.de\/wp-content\/uploads\/2025\/07\/bang-tn12000-12k-puffs-kettle-einweg-e-zigarette-original-10.jpg","contentUrl":"https:\/\/shopvapor.de\/wp-content\/uploads\/2025\/07\/bang-tn12000-12k-puffs-kettle-einweg-e-zigarette-original-10.jpg","width":1079,"height":800},{"@type":"BreadcrumbList","@id":"https:\/\/shopvapor.de\/produkt\/bang-tn12000-12k-puffs-kettle-einweg-e-zigarette-original\/#breadcrumb","itemListElement":[{"@type":"ListItem","position":1,"name":"Startseite","item":"https:\/\/shopvapor.de\/"},{"@type":"ListItem","position":2,"name":"Shop","item":"https:\/\/shopvapor.de\/shop\/"},{"@type":"ListItem","position":3,"name":"BANG Tn12000 12K Puffs kettle Einweg-E-Zigarette Original"}]},{"@type":"WebSite","@id":"https:\/\/shopvapor.de\/#website","url":"https:\/\/shopvapor.de\/","name":"ShopVapor","description":"","potentialAction":[{"@type":"SearchAction","target":{"@type":"EntryPoint","urlTemplate":"https:\/\/shopvapor.de\/?s={search_term_string}"},"query-input":{"@type":"PropertyValueSpecification","valueRequired":true,"valueName":"search_term_string"}}],"inLanguage":"fi"}]}},"_links":{"self":[{"href":"https:\/\/shopvapor.de\/fi\/wp-json\/wp\/v2\/product\/8125","targetHints":{"allow":["GET"]}}],"collection":[{"href":"https:\/\/shopvapor.de\/fi\/wp-json\/wp\/v2\/product"}],"about":[{"href":"https:\/\/shopvapor.de\/fi\/wp-json\/wp\/v2\/types\/product"}],"replies":[{"embeddable":true,"href":"https:\/\/shopvapor.de\/fi\/wp-json\/wp\/v2\/comments?post=8125"}],"version-history":[{"count":1,"href":"https:\/\/shopvapor.de\/fi\/wp-json\/wp\/v2\/product\/8125\/revisions"}],"predecessor-version":[{"id":11410,"href":"https:\/\/shopvapor.de\/fi\/wp-json\/wp\/v2\/product\/8125\/revisions\/11410"}],"wp:featuredmedia":[{"embeddable":true,"href":"https:\/\/shopvapor.de\/fi\/wp-json\/wp\/v2\/media\/8148"}],"wp:attachment":[{"href":"https:\/\/shopvapor.de\/fi\/wp-json\/wp\/v2\/media?parent=8125"}],"wp:term":[{"taxonomy":"product_brand","embeddable":true,"href":"https:\/\/shopvapor.de\/fi\/wp-json\/wp\/v2\/product_brand?post=8125"},{"taxonomy":"product_cat","embeddable":true,"href":"https:\/\/shopvapor.de\/fi\/wp-json\/wp\/v2\/product_cat?post=8125"},{"taxonomy":"product_tag","embeddable":true,"href":"https:\/\/shopvapor.de\/fi\/wp-json\/wp\/v2\/product_tag?post=8125"}],"curies":[{"name":"pukki","href":"https:\/\/api.w.org\/{rel}","templated":true}]}}