{"id":8783,"date":"2025-07-02T04:19:51","date_gmt":"2025-07-02T04:19:51","guid":{"rendered":"https:\/\/shopvapor.de\/?post_type=product&#038;p=8783"},"modified":"2025-07-15T08:52:09","modified_gmt":"2025-07-15T08:52:09","slug":"bang-20000-20k-puffs-smart-screen-29ml-kertakaeyttoeinen-e-savuke-alkuperaeinen","status":"publish","type":"product","link":"https:\/\/shopvapor.de\/fi\/product\/bang-20000-20k-puffs-smart-screen-29ml-kertakaeyttoeinen-e-savuke-alkuperaeinen\/","title":{"rendered":"BANG 20000 20K Puffs Smart Screen 29ml kertak\u00e4ytt\u00f6inen s\u00e4hk\u00f6savuke Original"},"content":{"rendered":"<h2>Johdatus The Bang 20000:een<\/h2>\n<p>Bang 20000 on korkealaatuinen kertak\u00e4ytt\u00f6inen e-savuketuote, joka on suunniteltu intensiiviseen nautintoon ja pitk\u00e4aikaiseen k\u00e4ytt\u00f6\u00f6n. Vaikuttavan kapasiteetin ja huipputeknologian ansiosta t\u00e4m\u00e4 laite tarjoaa luotettavan suorituskyvyn vaativille k\u00e4ytt\u00e4jille. Bang-br\u00e4ndi tarkoittaa laatua ja innovaatioita, ja Bang 20000 yhdist\u00e4\u00e4 n\u00e4m\u00e4 arvot kompaktiin, k\u00e4ytt\u00e4j\u00e4yst\u00e4v\u00e4lliseen muotoiluun. Laajasta makuvalikoimasta vankkaan rakenteeseen t\u00e4m\u00e4 tuote on suunniteltu tarjoamaan vertaansa vailla olevan kokemuksen.<\/p>\n<h2>Tuotteen parametrit yksityiskohtaisesti<\/h2>\n<p>Bang 20000 vakuuttaa teknisill\u00e4 ominaisuuksillaan, jotka on suunniteltu kest\u00e4vyyteen ja k\u00e4ytt\u00f6mukavuuteen. Alla on yksityiskohtainen erittely yksitt\u00e4isist\u00e4 parametreista ja niiden eduista.<\/p>\n<h3>Akun kapasiteetti: 550 mAh<\/h3>\n<p>Integroitu 550 mAh akku tarjoaa luotettavan virtal\u00e4hteen jopa 20 000 junalle. T\u00e4m\u00e4 suuri kapasiteetti varmistaa, ett\u00e4 laite pysyy toiminnassa pitk\u00e4\u00e4n ilman toistuvaa latausta. Tehokkaan energianhallinnan ansiosta suorituskyky pysyy vakiona jopa intensiivisess\u00e4 k\u00e4yt\u00f6ss\u00e4.<\/p>\n<h3>Junat: jopa 20 000<\/h3>\n<p>Bang 20000, jonka kapasiteetti on jopa 20 000 junaa, asettaa uudet standardit kertak\u00e4ytt\u00f6isten s\u00e4hk\u00f6savukkeiden kategoriaan. T\u00e4m\u00e4 valtava m\u00e4\u00e4r\u00e4 junia tekee laitteesta ihanteellisen k\u00e4ytt\u00e4jille, jotka etsiv\u00e4t kest\u00e4v\u00e4\u00e4 tuotetta, jota ei tarvitse jatkuvasti vaihtaa.<\/p>\n<h3>Nestekapasiteetti: 29 ml<\/h3>\n<p>Runsas 29 ml:n e-nestekapasiteetti mahdollistaa pitk\u00e4aikaisen k\u00e4yt\u00f6n ilman t\u00e4ytt\u00f6\u00e4. T\u00e4m\u00e4 m\u00e4\u00e4r\u00e4 on viritetty t\u00e4ydellisesti tukemaan 20 000 junaa ja varmistaa tasaisen maun laadun alusta loppuun.<\/p>\n<h3>Resistanssi: 1,0 ohmia<\/h3>\n<p>Bang 20000 k\u00e4ytt\u00e4\u00e4 1,0 ohmin kelaa, joka tarjoaa optimaalisen tasapainon maun ja h\u00f6yryntuotannon v\u00e4lill\u00e4. T\u00e4m\u00e4 vastus varmistaa E-nesteen tasaisen kuumenemisen, mik\u00e4 johtaa intensiiviseen ja johdonmukaiseen makukokemukseen.<\/p>\n<h3>verkkokelatekniikka<\/h3>\n<p>Edistyksellinen verkkokierukkateknologia parantaa maun siirtoa ja haihtumisen tehokkuutta. Kierukan suurempi pinta l\u00e4mmitt\u00e4\u00e4 e-nestett\u00e4 tasaisemmin, mik\u00e4 lis\u00e4\u00e4 maun intensiteetti\u00e4 ja puhtautta.<\/p>\n<h3>Lataus: Type-C ladattava<\/h3>\n<p>Bang 20000 on varustettu modernilla Type-C-portilla, joka mahdollistaa nopean ja turvallisen latauksen. T\u00e4m\u00e4 tekniikka ei ole vain k\u00e4ytt\u00e4j\u00e4yst\u00e4v\u00e4llinen, vaan my\u00f6s laajalti k\u00e4ytetty, joten yhteensopivia kaapeleita on helposti saatavilla.<\/p>\n<h3>LED-v\u00e4rivalo<\/h3>\n<p>Integroitu LED-v\u00e4rivalo antaa Bang 20000:lle modernin ja houkuttelevan muotoilun. Se ilmaisee toimintatilan ja lis\u00e4\u00e4 esteettisen kosketuksen laitteeseen, mik\u00e4 on erityisen suosittu tyyli\u00e4 arvostavien k\u00e4ytt\u00e4jien keskuudessa.<\/p>\n<h2>makuaineet<\/h2>\n<p>Bang 20000 tarjoaa laajan valikoiman makuja, joista l\u00f6ytyy jokaiseen makuun. Hedelm\u00e4isist\u00e4 virkist\u00e4v\u00e4\u00e4n nuottiin - jokainen versio on huolellisesti suunniteltu tarjoamaan intensiivinen ja aito kokemus. Saatavilla olevat maut ovat:<\/p>\n<ul>\n<li>minttukaramelli<\/li>\n<li>mansikka litsi<\/li>\n<li>Mansikka Kiivi<\/li>\n<li>Mansikka vesimeloni<\/li>\n<li>punah\u00e4rka<\/li>\n<li>hedelm\u00e4sekoitus<\/li>\n<li>mustikkaj\u00e4\u00e4<\/li>\n<li>Mustikka Vadelma<\/li>\n<li>mustikkavesimeloni<\/li>\n<li>Grape Ice<\/li>\n<li>persikkaj\u00e4\u00e4<\/li>\n<li>vesimeloni<\/li>\n<li>vadelma vesimeloni<\/li>\n<li>Mansikka Mango<\/li>\n<li>kaksoisomena<\/li>\n<li>mango persikka vesimeloni<\/li>\n<\/ul>\n<h2>Usein kysytyt kysymykset (FAQ)<\/h2>\n<p>T\u00e4ss\u00e4 vastaamme yleisimpiin kysymyksiin, joita asiakkailla voi olla Bang 20000:sta.<\/p>\n<p><strong>Kuinka kauan Bang 20000 -akku kest\u00e4\u00e4?<\/strong><br \/>\n550 mAh akku on suunniteltu tukemaan jopa 20 000 junaa. Todellinen k\u00e4ytt\u00f6ik\u00e4 riippuu k\u00e4ytt\u00f6tiheydest\u00e4, mutta laite voidaan tarvittaessa ladata nopeasti tyypin C portin kautta.<\/p>\n<p><strong>Sopiiko Bang 20000 p\u00e4ivitt\u00e4iseen k\u00e4ytt\u00f6\u00f6n?<\/strong><br \/>\nKyll\u00e4, Bang 20000 on ihanteellinen p\u00e4ivitt\u00e4iseen k\u00e4ytt\u00f6\u00f6n. Suuren 29 ml:n e-nestekapasiteetin ja jopa 20 000 junan ansiosta se tarjoaa pitk\u00e4kestoisen k\u00e4yt\u00f6n, joka pysyy luotettavana jopa usein k\u00e4yt\u00f6ss\u00e4.<\/p>\n<p><strong>Voinko muuttaa makua?<\/strong><br \/>\nKoska Bang 20000 on kertak\u00e4ytt\u00f6tuote, maku on kiinte\u00e4. Tarjoamme kuitenkin laajan valikoiman makuja, jotta voit l\u00f6yt\u00e4\u00e4 makuun sopivan muunnelman.<\/p>\n<p><strong>Mit\u00e4 tapahtuu, kun e-neste on k\u00e4ytetty?<\/strong><br \/>\nKun e-neste on k\u00e4ytetty loppuun, laitetta ei voi t\u00e4ytt\u00e4\u00e4 uudelleen, koska se on kertak\u00e4ytt\u00f6inen tuote. H\u00e4vit\u00e4 laite paikallisten elektroniikkaj\u00e4tem\u00e4\u00e4r\u00e4ysten mukaisesti.<\/p>\n<p><strong>Onko LED-valo muokattavissa?<\/strong><br \/>\nLED-valoa k\u00e4ytet\u00e4\u00e4n p\u00e4\u00e4asiassa tilan\u00e4yt\u00f6ss\u00e4, eik\u00e4 sit\u00e4 voi muokata. Se antaa laitteelle kuitenkin modernin ulkon\u00e4\u00f6n.<\/p>\n<p><strong>Kuinka h\u00e4vit\u00e4n Bang 20000:n oikein?<\/strong><br \/>\nBang 20000 tulee h\u00e4vitt\u00e4\u00e4 elektroniikkaj\u00e4tteen\u00e4. Vie laite s\u00e4hk\u00f6laitteiden ker\u00e4yspisteeseen tai noudata paikallisia akkujen ja elektroniikan h\u00e4vitt\u00e4misohjeita.<\/p>","protected":false},"excerpt":{"rendered":"<p dir=\"auto\">Bang 20000 Puffs Kertak\u00e4ytt\u00f6inen e-savuke, jossa on jopa 20 000 puffia, 20 ml e-nestett\u00e4, 5 % nikotiinivahvuus, 650 mAh ladattava akku, verkkokelatekniikka ja s\u00e4\u00e4dett\u00e4v\u00e4 ilmavirta. Saatavana 16 intensiivisen\u00e4 makuna pitk\u00e4kestoisen ja laadukkaan kokemuksen saamiseksi.<\/p>","protected":false},"featured_media":8800,"comment_status":"open","ping_status":"closed","template":"","meta":[],"product_brand":[1180],"product_cat":[1164],"product_tag":[957,959],"class_list":{"0":"post-8783","1":"product","2":"type-product","3":"status-publish","4":"has-post-thumbnail","6":"product_brand-bang","7":"product_cat-20000-puffs","8":"product_tag-20k-puffs","9":"product_tag-more-than-10kpuffs","11":"first","12":"instock","13":"sale","14":"shipping-taxable","15":"purchasable","16":"product-type-variable"},"yoast_head":"<!-- This site is optimized with the Yoast SEO plugin v25.8 - https:\/\/yoast.com\/wordpress\/plugins\/seo\/ -->\n<title>BANG 20000 20K Puffs Smart Screen 29ml Einweg-E-Zigarette Original - ShopVapor<\/title>\n<meta name=\"description\" content=\"BANG 20000 Puffs Einweg-E-Zigarette mit bis zu 20.000 Z\u00fcgen, 20 ml E-Liquid, 5 % Nikotinst\u00e4rke, 650 mAh wiederaufladbarer Batterie, Mesh-Coil-Technologie und einstellbarem Luftstrom. Erh\u00e4ltlich in 16 intensiven Geschmacksrichtungen f\u00fcr ein langanhaltendes, hochwertiges Erlebnis.\" \/>\n<meta name=\"robots\" content=\"index, follow, max-snippet:-1, max-image-preview:large, max-video-preview:-1\" \/>\n<link rel=\"canonical\" href=\"https:\/\/shopvapor.de\/fi\/product\/bang-20000-20k-puffs-smart-screen-29ml-kertakaeyttoeinen-e-savuke-alkuperaeinen\/\" \/>\n<meta property=\"og:locale\" content=\"fi_FI\" \/>\n<meta property=\"og:type\" content=\"article\" \/>\n<meta property=\"og:title\" content=\"BANG 20000 20K Puffs Smart Screen 29ml Einweg-E-Zigarette Original - ShopVapor\" \/>\n<meta property=\"og:description\" content=\"BANG 20000 Puffs Einweg-E-Zigarette mit bis zu 20.000 Z\u00fcgen, 20 ml E-Liquid, 5 % Nikotinst\u00e4rke, 650 mAh wiederaufladbarer Batterie, Mesh-Coil-Technologie und einstellbarem Luftstrom. Erh\u00e4ltlich in 16 intensiven Geschmacksrichtungen f\u00fcr ein langanhaltendes, hochwertiges Erlebnis.\" \/>\n<meta property=\"og:url\" content=\"https:\/\/shopvapor.de\/fi\/product\/bang-20000-20k-puffs-smart-screen-29ml-kertakaeyttoeinen-e-savuke-alkuperaeinen\/\" \/>\n<meta property=\"og:site_name\" content=\"ShopVapor\" \/>\n<meta property=\"article:modified_time\" content=\"2025-07-15T08:52:09+00:00\" \/>\n<meta property=\"og:image\" content=\"https:\/\/shopvapor.de\/wp-content\/uploads\/2025\/07\/bang-20000-20k-puffs-smart-screen-29ml-einweg-e-zigarette-original-7.jpg\" \/>\n\t<meta property=\"og:image:width\" content=\"1251\" \/>\n\t<meta property=\"og:image:height\" content=\"1554\" \/>\n\t<meta property=\"og:image:type\" content=\"image\/jpeg\" \/>\n<meta name=\"twitter:card\" content=\"summary_large_image\" \/>\n<meta name=\"twitter:label1\" content=\"Arvioitu lukuaika\" \/>\n\t<meta name=\"twitter:data1\" content=\"4 minuuttia\" \/>\n<!-- \/ Yoast SEO plugin. -->","yoast_head_json":{"title":"Bang 20000 20K Puffs Smart Screen 29ml kertak\u00e4ytt\u00f6inen e-savuke alkuper\u00e4inen - Shopvapor","description":"Bang 20000 Puffs Kertak\u00e4ytt\u00f6inen e-savuke, jossa on jopa 20 000 puffia, 20 ml e-nestett\u00e4, 5 % nikotiinivahvuus, 650 mAh ladattava akku, verkkokelatekniikka ja s\u00e4\u00e4dett\u00e4v\u00e4 ilmavirta. Saatavana 16 intensiivisen\u00e4 makuna pitk\u00e4kestoisen ja laadukkaan kokemuksen saamiseksi.","robots":{"index":"index","follow":"follow","max-snippet":"max-snippet:-1","max-image-preview":"max-image-preview:large","max-video-preview":"max-video-preview:-1"},"canonical":"https:\/\/shopvapor.de\/fi\/product\/bang-20000-20k-puffs-smart-screen-29ml-kertakaeyttoeinen-e-savuke-alkuperaeinen\/","og_locale":"fi_FI","og_type":"article","og_title":"BANG 20000 20K Puffs Smart Screen 29ml Einweg-E-Zigarette Original - ShopVapor","og_description":"BANG 20000 Puffs Einweg-E-Zigarette mit bis zu 20.000 Z\u00fcgen, 20 ml E-Liquid, 5 % Nikotinst\u00e4rke, 650 mAh wiederaufladbarer Batterie, Mesh-Coil-Technologie und einstellbarem Luftstrom. Erh\u00e4ltlich in 16 intensiven Geschmacksrichtungen f\u00fcr ein langanhaltendes, hochwertiges Erlebnis.","og_url":"https:\/\/shopvapor.de\/fi\/product\/bang-20000-20k-puffs-smart-screen-29ml-kertakaeyttoeinen-e-savuke-alkuperaeinen\/","og_site_name":"ShopVapor","article_modified_time":"2025-07-15T08:52:09+00:00","og_image":[{"width":1251,"height":1554,"url":"https:\/\/shopvapor.de\/wp-content\/uploads\/2025\/07\/bang-20000-20k-puffs-smart-screen-29ml-einweg-e-zigarette-original-7.jpg","type":"image\/jpeg"}],"twitter_card":"summary_large_image","twitter_misc":{"Arvioitu lukuaika":"4 minuuttia"},"schema":{"@context":"https:\/\/schema.org","@graph":[{"@type":"WebPage","@id":"https:\/\/shopvapor.de\/produkt\/bang-20000-20k-puffs-smart-screen-29ml-einweg-e-zigarette-original\/","url":"https:\/\/shopvapor.de\/produkt\/bang-20000-20k-puffs-smart-screen-29ml-einweg-e-zigarette-original\/","name":"Bang 20000 20K Puffs Smart Screen 29ml kertak\u00e4ytt\u00f6inen e-savuke alkuper\u00e4inen - Shopvapor","isPartOf":{"@id":"https:\/\/shopvapor.de\/#website"},"primaryImageOfPage":{"@id":"https:\/\/shopvapor.de\/produkt\/bang-20000-20k-puffs-smart-screen-29ml-einweg-e-zigarette-original\/#primaryimage"},"image":{"@id":"https:\/\/shopvapor.de\/produkt\/bang-20000-20k-puffs-smart-screen-29ml-einweg-e-zigarette-original\/#primaryimage"},"thumbnailUrl":"https:\/\/shopvapor.de\/wp-content\/uploads\/2025\/07\/bang-20000-20k-puffs-smart-screen-29ml-einweg-e-zigarette-original-7.jpg","datePublished":"2025-07-02T04:19:51+00:00","dateModified":"2025-07-15T08:52:09+00:00","description":"Bang 20000 Puffs Kertak\u00e4ytt\u00f6inen e-savuke, jossa on jopa 20 000 puffia, 20 ml e-nestett\u00e4, 5 % nikotiinivahvuus, 650 mAh ladattava akku, verkkokelatekniikka ja s\u00e4\u00e4dett\u00e4v\u00e4 ilmavirta. Saatavana 16 intensiivisen\u00e4 makuna pitk\u00e4kestoisen ja laadukkaan kokemuksen saamiseksi.","breadcrumb":{"@id":"https:\/\/shopvapor.de\/produkt\/bang-20000-20k-puffs-smart-screen-29ml-einweg-e-zigarette-original\/#breadcrumb"},"inLanguage":"fi","potentialAction":[{"@type":"ReadAction","target":["https:\/\/shopvapor.de\/produkt\/bang-20000-20k-puffs-smart-screen-29ml-einweg-e-zigarette-original\/"]}]},{"@type":"ImageObject","inLanguage":"fi","@id":"https:\/\/shopvapor.de\/produkt\/bang-20000-20k-puffs-smart-screen-29ml-einweg-e-zigarette-original\/#primaryimage","url":"https:\/\/shopvapor.de\/wp-content\/uploads\/2025\/07\/bang-20000-20k-puffs-smart-screen-29ml-einweg-e-zigarette-original-7.jpg","contentUrl":"https:\/\/shopvapor.de\/wp-content\/uploads\/2025\/07\/bang-20000-20k-puffs-smart-screen-29ml-einweg-e-zigarette-original-7.jpg","width":1251,"height":1554},{"@type":"BreadcrumbList","@id":"https:\/\/shopvapor.de\/produkt\/bang-20000-20k-puffs-smart-screen-29ml-einweg-e-zigarette-original\/#breadcrumb","itemListElement":[{"@type":"ListItem","position":1,"name":"Startseite","item":"https:\/\/shopvapor.de\/"},{"@type":"ListItem","position":2,"name":"Shop","item":"https:\/\/shopvapor.de\/shop\/"},{"@type":"ListItem","position":3,"name":"BANG 20000 20K Puffs Smart Screen 29ml Einweg-E-Zigarette Original"}]},{"@type":"WebSite","@id":"https:\/\/shopvapor.de\/#website","url":"https:\/\/shopvapor.de\/","name":"ShopVapor","description":"","potentialAction":[{"@type":"SearchAction","target":{"@type":"EntryPoint","urlTemplate":"https:\/\/shopvapor.de\/?s={search_term_string}"},"query-input":{"@type":"PropertyValueSpecification","valueRequired":true,"valueName":"search_term_string"}}],"inLanguage":"fi"}]}},"_links":{"self":[{"href":"https:\/\/shopvapor.de\/fi\/wp-json\/wp\/v2\/product\/8783","targetHints":{"allow":["GET"]}}],"collection":[{"href":"https:\/\/shopvapor.de\/fi\/wp-json\/wp\/v2\/product"}],"about":[{"href":"https:\/\/shopvapor.de\/fi\/wp-json\/wp\/v2\/types\/product"}],"replies":[{"embeddable":true,"href":"https:\/\/shopvapor.de\/fi\/wp-json\/wp\/v2\/comments?post=8783"}],"version-history":[{"count":1,"href":"https:\/\/shopvapor.de\/fi\/wp-json\/wp\/v2\/product\/8783\/revisions"}],"predecessor-version":[{"id":11397,"href":"https:\/\/shopvapor.de\/fi\/wp-json\/wp\/v2\/product\/8783\/revisions\/11397"}],"wp:featuredmedia":[{"embeddable":true,"href":"https:\/\/shopvapor.de\/fi\/wp-json\/wp\/v2\/media\/8800"}],"wp:attachment":[{"href":"https:\/\/shopvapor.de\/fi\/wp-json\/wp\/v2\/media?parent=8783"}],"wp:term":[{"taxonomy":"product_brand","embeddable":true,"href":"https:\/\/shopvapor.de\/fi\/wp-json\/wp\/v2\/product_brand?post=8783"},{"taxonomy":"product_cat","embeddable":true,"href":"https:\/\/shopvapor.de\/fi\/wp-json\/wp\/v2\/product_cat?post=8783"},{"taxonomy":"product_tag","embeddable":true,"href":"https:\/\/shopvapor.de\/fi\/wp-json\/wp\/v2\/product_tag?post=8783"}],"curies":[{"name":"pukki","href":"https:\/\/api.w.org\/{rel}","templated":true}]}}