{"id":9140,"date":"2025-07-02T06:46:43","date_gmt":"2025-07-02T06:46:43","guid":{"rendered":"https:\/\/shopvapor.de\/?post_type=product&#038;p=9140"},"modified":"2025-07-15T08:24:42","modified_gmt":"2025-07-15T08:24:42","slug":"jnr-power-mate-30000-puffs-19ml-kertakaeyttoeiset-e-savukkeet-smart-screen-power-bankilla","status":"publish","type":"product","link":"https:\/\/shopvapor.de\/fi\/product\/jnr-power-mate-30000-puffs-19ml-kertakaeyttoeiset-e-savukkeet-smart-screen-power-bankilla\/","title":{"rendered":"Jnr Power Mate 30000 Puffs 19ml kertak\u00e4ytt\u00f6iset e-savukkeet Smart Screen Power Bankilla"},"content":{"rendered":"<h2>Jnr Power Mate 30000 Puffs Innovation and Performance<\/h2>\n<p>JNR Power Mate 30000 Puffs on edistynyt kertak\u00e4ytt\u00f6inen e-savukelaite, joka tekee vaikutuksen suurella kapasiteetillaan ja innovatiivisella tekniikallaan. T\u00e4m\u00e4 laite tarjoaa ainutlaatuisen yhdistelm\u00e4n kest\u00e4vyytt\u00e4 ja k\u00e4yt\u00e4nn\u00f6llist\u00e4 toiminnallisuutta, sill\u00e4 sen k\u00e4ytt\u00f6ik\u00e4 on jopa 30 000 junaa ja integroitu 5000 mAh:n virtapankki. JNR-br\u00e4ndi tarkoittaa laatua ja luotettavuutta, ja t\u00e4m\u00e4 tuote on suunniteltu tarjoamaan yhten\u00e4inen ja tyylik\u00e4s kokemus. Uusimpien tekniikoiden, kuten kaksoisverkkokelan ja \u00e4lykk\u00e4\u00e4n n\u00e4yt\u00f6n ansiosta, JNR Power Mate erottuu selv\u00e4sti muista laitteista.<\/p>\n<h2>Tuoteparametrit yhdell\u00e4 silm\u00e4yksell\u00e4<\/h2>\n<p>JNR Power Mate 30000 Puffs on ominaista sen tekniset tiedot, jotka on suunniteltu maksimaaliseen suorituskykyyn ja helppok\u00e4ytt\u00f6isyyteen. Alla on yksityiskohtainen erittely t\u00e4rkeimmist\u00e4 parametreista, jotka tekev\u00e4t t\u00e4st\u00e4 laitteesta ensiluokkaisen valinnan.<\/p>\n<h3>Junakapasiteetti: Jopa 30 000 junaa.<\/h3>\n<p>JNR Power Mate, jonka kapasiteetti on jopa 30 000 junaa, tarjoaa poikkeuksellisen pitk\u00e4n k\u00e4ytt\u00f6i\u00e4n. T\u00e4m\u00e4 suuri junien m\u00e4\u00e4r\u00e4 mahdollistaa viikkojen hauskanpidon ilman vaihtoa, mik\u00e4 tekee siit\u00e4 ihanteellisen usein k\u00e4ytt\u00e4jille. Tasainen maun laatu s\u00e4ilyy intensiivisess\u00e4 k\u00e4yt\u00f6ss\u00e4.<\/p>\n<h3>E-nestekapasiteetti: 19 ml<\/h3>\n<p>Laite on esit\u00e4ytetty 19 ml:lla korkealaatuista e-nestett\u00e4, joka varmistaa pitk\u00e4kestoisen k\u00e4yt\u00f6n ilman t\u00e4ytt\u00f6\u00e4. T\u00e4m\u00e4 runsas kapasiteetti v\u00e4hent\u00e4\u00e4 keskeytysten esiintymistiheytt\u00e4 ja varmistaa jatkuvasti intensiivisen makukokemuksen, joka pysyy vakiona ensimm\u00e4isest\u00e4 viimeiseen k\u00e4ytt\u00f6\u00f6n.<\/p>\n<h3>Nikotiinin vahvuus: 2 %<\/h3>\n<p>2 %:n nikotiinivahvuus on huolellisesti tasapainotettu, mik\u00e4 tarjoaa lempe\u00e4n mutta tyydytt\u00e4v\u00e4n kokemuksen. T\u00e4m\u00e4 pitoisuus varmistaa tasaisen nikotiinipinnan, joka t\u00e4ytt\u00e4\u00e4 useimpien k\u00e4ytt\u00e4jien tarpeet olematta liian intensiivisi\u00e4.<\/p>\n<h3>Akun kapasiteetti: 5000 mAh virtapankkitoiminnolla<\/h3>\n<p>Integroitu 5000 mAh akku ei ainoastaan anna virtaa itse laitteelle, vaan toimii my\u00f6s muiden elektronisten laitteiden virtapankina. Piilotettu Type-C- ja Lightning-kaapeleilla se tarjoaa yleisen yhteensopivuuden ja mahdollistaa \u00e4lypuhelimien tai muiden laitteiden lataamisen, mik\u00e4 tekee JNR Power Matista monik\u00e4ytt\u00f6isen kumppanin.<\/p>\n<h3>Kelatekniikka: 1,0 \u03a9 Dual Mesh -kela<\/h3>\n<p>Edistynyt 1,0 \u03a9:n kaksoisverkkokela varmistaa, ett\u00e4 E-neste kuumennetaan tasaisesti, mik\u00e4 parantaa maun tuotantoa ja h\u00f6yryn laatua. T\u00e4m\u00e4 tekniikka minimoi ep\u00e4miellytt\u00e4vi\u00e4 kuivia ominaisuuksia ja maksimoi maun intensiteetin laitteen koko k\u00e4ytt\u00f6i\u00e4n ajan.<\/p>\n<h3>Pikalataus: Type-C-portti<\/h3>\n<p>Type-C:n pikalataustekniikan ansiosta akku on valmis k\u00e4ytett\u00e4v\u00e4ksi uudelleen hyvin lyhyess\u00e4 ajassa. T\u00e4m\u00e4 ominaisuus lyhent\u00e4\u00e4 odotusaikoja merkitt\u00e4v\u00e4sti ja varmistaa, ett\u00e4 laitetta voidaan k\u00e4ytt\u00e4\u00e4 nopeasti, jopa intensiivisess\u00e4 k\u00e4yt\u00f6ss\u00e4.<\/p>\n<h3>\u00e4lyn\u00e4ytt\u00f6<\/h3>\n<p>K\u00e4ytt\u00e4j\u00e4yst\u00e4v\u00e4llinen, selke\u00e4 n\u00e4ytt\u00f6 n\u00e4ytt\u00e4\u00e4 t\u00e4rkeit\u00e4 tietoja, kuten akun tilan, e-nesteen tason ja junien m\u00e4\u00e4r\u00e4n reaaliajassa. T\u00e4m\u00e4 ominaisuus mahdollistaa helpon seurannan ja ohjauksen, joten k\u00e4ytt\u00e4j\u00e4t ovat aina tietoisia ja suunnittelevat niiden k\u00e4yt\u00f6n optimaalisesti.<\/p>\n<h3>magneettiliitos<\/h3>\n<p>POD:n ja virtapankin v\u00e4linen magneettinen liit\u00e4nt\u00e4 varmistaa turvallisen ja helpon k\u00e4sittelyn. T\u00e4m\u00e4 muotoilu est\u00e4\u00e4 komponentteja l\u00f6ystym\u00e4st\u00e4 vahingossa ja helpottaa kotelon kiinnitt\u00e4mist\u00e4 tai poistamista, mik\u00e4 lis\u00e4\u00e4 k\u00e4ytt\u00e4j\u00e4yst\u00e4v\u00e4llisyytt\u00e4.<\/p>\n<h2>Monenlaisia makuja jokaiseen makuun<\/h2>\n<p>JNR Power Mate 30000 Puffs tarjoaa laajan valikoiman makuja, jotka tarjoavat vaihtelua ja intensiivist\u00e4 nautintoa. Jokainen maku on huolellisesti suunniteltu tarjoamaan rikas ja johdonmukainen kokemus:<\/p>\n<ul>\n<li><strong>Sininen Razz Ice<\/strong>: Makea sininen vadelma viile\u00e4ll\u00e4, huurteisella viimeistelyll\u00e4.<\/li>\n<li><strong>mansikkaj\u00e4\u00e4<\/strong>: Juicy Mansikka virkist\u00e4v\u00e4ll\u00e4 mentolilla.<\/li>\n<li><strong>Vesimeloni j\u00e4\u00e4<\/strong>: Makea vesimeloni j\u00e4isell\u00e4 potkulla.<\/li>\n<li><strong>Mansikka banaani<\/strong>: Kermainen banaani yhdistettyn\u00e4 makeisiin mansikoihin.<\/li>\n<li><strong>Kirsikkamansikkavadelma<\/strong>: Kirsikoiden, mansikoiden ja vadelmien seos.<\/li>\n<li><strong>persikkamango vesimeloni<\/strong>: Trooppinen yhdistelm\u00e4 persikkaa, mangoa ja vesimelonia.<\/li>\n<li><strong>Mansikka Kiivi<\/strong>: Mansikat ja kiivi hedelm\u00e4iseen herkkuun.<\/li>\n<li><strong>Sekoitettu marja<\/strong>: Monipuolinen marjasekoitus intensiivisen maun takaamiseksi.<\/li>\n<li><strong>poreileva kirsikkakola<\/strong>: Kupliva kirsikka cola viile\u00e4ll\u00e4 viimeistelyll\u00e4.<\/li>\n<li><strong>kiivi vesimeloni j\u00e4\u00e4t\u00e4<\/strong>: Kiivi ja vesimeloni j\u00e4isell\u00e4 nuotilla.<\/li>\n<\/ul>\n<div id=\"attachment_11928\" style=\"width: 810px\" class=\"wp-caption alignnone\"><img fetchpriority=\"high\" decoding=\"async\" aria-describedby=\"caption-attachment-11928\" class=\"wp-image-11928 size-full\" title=\"Jnr Power Mate 30000 Puffs\" src=\"https:\/\/shopvapor.de\/wp-content\/uploads\/2025\/07\/JNR-Power-Mate-30000-Puffs.jpg\" alt=\"Jnr Power Mate 30000 Puffs\" width=\"800\" height=\"800\" srcset=\"https:\/\/shopvapor.de\/wp-content\/uploads\/2025\/07\/JNR-Power-Mate-30000-Puffs.jpg 800w, https:\/\/shopvapor.de\/wp-content\/uploads\/2025\/07\/JNR-Power-Mate-30000-Puffs-300x300.jpg 300w, https:\/\/shopvapor.de\/wp-content\/uploads\/2025\/07\/JNR-Power-Mate-30000-Puffs-150x150.jpg 150w, https:\/\/shopvapor.de\/wp-content\/uploads\/2025\/07\/JNR-Power-Mate-30000-Puffs-768x768.jpg 768w, https:\/\/shopvapor.de\/wp-content\/uploads\/2025\/07\/JNR-Power-Mate-30000-Puffs-430x430.jpg 430w, https:\/\/shopvapor.de\/wp-content\/uploads\/2025\/07\/JNR-Power-Mate-30000-Puffs-700x700.jpg 700w, https:\/\/shopvapor.de\/wp-content\/uploads\/2025\/07\/JNR-Power-Mate-30000-Puffs-180x180.jpg 180w\" sizes=\"(max-width: 800px) 100vw, 800px\" \/><p id=\"caption-attachment-11928\" class=\"wp-caption-text\">\u00a0<\/p><\/div>\n<h2>Usein kysytyt kysymykset (FAQ)<\/h2>\n<p>T\u00e4ss\u00e4 vastaamme yleisimpiin kysymyksiin, jotka kysyt\u00e4\u00e4n erityisesti JNR Power Mate 30000 -puffeista, jotta saat maksimaalisen selkeyden.<\/p>\n<p><strong>Kuinka kauan Jnr Power Mate 30000 Puffs kest\u00e4\u00e4?<\/strong><br \/>\nElinik\u00e4 riippuu k\u00e4ytt\u00f6tiheydest\u00e4, mutta jopa 30 000 junalla ja 19 ml:n e-nesteell\u00e4 laite tarjoaa useiden viikkojen k\u00e4ytt\u00f6i\u00e4n keskim\u00e4\u00e4r\u00e4isell\u00e4 k\u00e4yt\u00f6ll\u00e4.<\/p>\n<p><strong>Voiko virtapankki ladata muita laitteita?<\/strong><br \/>\nKyll\u00e4, integroitu 5000 mAh:n virtapankki voi ladata \u00e4lypuhelimia ja muita laitteita piilotettujen Type-C- ja Lightning-kaapeleiden kautta, mik\u00e4 mahdollistaa monipuolisen k\u00e4yt\u00f6n.<\/p>\n<p><strong>Mit\u00e4 tapahtuu, kun e-neste on k\u00e4ytetty?<\/strong><br \/>\nKun e-neste on k\u00e4ytetty loppuun, kotelo voidaan helposti vaihtaa uuteen, kun taas virtapankkia voidaan edelleen k\u00e4ytt\u00e4\u00e4, mik\u00e4 v\u00e4hent\u00e4\u00e4 k\u00e4ytt\u00f6kustannuksia.<\/p>\n<p><strong>Onko \u00e4lyk\u00e4s n\u00e4ytt\u00f6 helppo lukea?<\/strong><br \/>\nKyll\u00e4, n\u00e4ytt\u00f6 on kirkas, kirkas ja n\u00e4ytt\u00e4\u00e4 akun tilan, e-nesteen tason ja junien m\u00e4\u00e4r\u00e4n reaaliajassa, mik\u00e4 mahdollistaa helpon valvonnan.<\/p>\n<p><strong>Voinko s\u00e4\u00e4t\u00e4\u00e4 nikotiinin voimakkuutta?<\/strong><br \/>\nJNR Power Mate 30000 Puffs on saatavana kiinte\u00e4ll\u00e4 nikotiinivahvuudella 2 %, joka on optimoitu tasapainoiseen kokemukseen.<\/p>\n<p><strong>Miten magneettinen yhteys toimii?<\/strong><br \/>\nMagneettinen liit\u00e4nt\u00e4 varmistaa turvallisen ja helpon POD:n kiinnitt\u00e4misen virtapankkiin. Se napsahtaa paikoilleen automaattisesti ja pysyy vakaana k\u00e4yt\u00f6n aikana.<\/p>\n<p><strong>Kuinka nopeasti tyypin C pikalataus latautuu?<\/strong><br \/>\nType-C pikalataus mahdollistaa 5000 mAh akun latauksen t\u00e4yteen lyhyess\u00e4 ajassa, jolloin laite on nopeasti valmis k\u00e4ytett\u00e4v\u00e4ksi.<\/p>","protected":false},"excerpt":{"rendered":"<p dir=\"auto\">Jnr Power Mate 30000 Puffs Kertak\u00e4ytt\u00f6inen E-savuke, jossa on jopa 30 000 puhallusta, 19 ml e-nestett\u00e4, 2 % nikotiinivahvuus, 5000 mAh Power Bank, Dual Mesh Coil, Type-C -pikalataus ja \u00e4lyk\u00e4s n\u00e4ytt\u00f6 pitk\u00e4kestoisille ja k\u00e4ytt\u00e4j\u00e4yst\u00e4v\u00e4llisille linjoille.<\/p>","protected":false},"featured_media":9162,"comment_status":"open","ping_status":"closed","template":"","meta":[],"product_brand":[1170],"product_cat":[1167],"product_tag":[958,960,959],"class_list":{"0":"post-9140","1":"product","2":"type-product","3":"status-publish","4":"has-post-thumbnail","6":"product_brand-jnr","7":"product_cat-30000-puffs","8":"product_tag-21k30kpuffs","9":"product_tag-30k-puffs","10":"product_tag-more-than-10kpuffs","12":"first","13":"instock","14":"sale","15":"shipping-taxable","16":"purchasable","17":"product-type-variable"},"yoast_head":"<!-- This site is optimized with the Yoast SEO plugin v25.8 - https:\/\/yoast.com\/wordpress\/plugins\/seo\/ -->\n<title>JNR Power Mate 30000 Puffs 19ml Einweg-E-Zigaretten Smart Screen With Power Bank Original - ShopVapor<\/title>\n<meta name=\"description\" content=\"JNR Power Mate 30000 Puffs Einweg-E-Zigarette mit bis zu 30.000 Z\u00fcgen, 19 ml E-Liquid, 2 % Nikotinst\u00e4rke, 5000-mAh-Powerbank, Dual-Mesh-Spule, Typ-C-Schnellladung und intelligentem Bildschirm f\u00fcr langanhaltenden Geschmack und Benutzerfreundlichkeit.\" \/>\n<meta name=\"robots\" content=\"index, follow, max-snippet:-1, max-image-preview:large, max-video-preview:-1\" \/>\n<link rel=\"canonical\" href=\"https:\/\/shopvapor.de\/fi\/product\/jnr-power-mate-30000-puffs-19ml-kertakaeyttoeiset-e-savukkeet-smart-screen-power-bankilla\/\" \/>\n<meta property=\"og:locale\" content=\"fi_FI\" \/>\n<meta property=\"og:type\" content=\"article\" \/>\n<meta property=\"og:title\" content=\"JNR Power Mate 30000 Puffs 19ml Einweg-E-Zigaretten Smart Screen With Power Bank Original - ShopVapor\" \/>\n<meta property=\"og:description\" content=\"JNR Power Mate 30000 Puffs Einweg-E-Zigarette mit bis zu 30.000 Z\u00fcgen, 19 ml E-Liquid, 2 % Nikotinst\u00e4rke, 5000-mAh-Powerbank, Dual-Mesh-Spule, Typ-C-Schnellladung und intelligentem Bildschirm f\u00fcr langanhaltenden Geschmack und Benutzerfreundlichkeit.\" \/>\n<meta property=\"og:url\" content=\"https:\/\/shopvapor.de\/fi\/product\/jnr-power-mate-30000-puffs-19ml-kertakaeyttoeiset-e-savukkeet-smart-screen-power-bankilla\/\" \/>\n<meta property=\"og:site_name\" content=\"ShopVapor\" \/>\n<meta property=\"article:modified_time\" content=\"2025-07-15T08:24:42+00:00\" \/>\n<meta property=\"og:image\" content=\"https:\/\/shopvapor.de\/wp-content\/uploads\/2025\/07\/jnr-power-mate-30000-puffs-19ml-einweg-e-zigaretten-smart-screen-with-power-bank-original-10.webp\" \/>\n\t<meta property=\"og:image:width\" content=\"945\" \/>\n\t<meta property=\"og:image:height\" content=\"948\" \/>\n\t<meta property=\"og:image:type\" content=\"image\/webp\" \/>\n<meta name=\"twitter:card\" content=\"summary_large_image\" \/>\n<meta name=\"twitter:label1\" content=\"Arvioitu lukuaika\" \/>\n\t<meta name=\"twitter:data1\" content=\"4 minuuttia\" \/>\n<!-- \/ Yoast SEO plugin. -->","yoast_head_json":{"title":"Jnr Power Mate 30000 Puffs 19ml Kertak\u00e4ytt\u00f6iset E-Cigarettes Smart Screen Power Bank Alkuper\u00e4inen - Shopvapor","description":"Jnr Power Mate 30000 Puffs Kertak\u00e4ytt\u00f6inen E-savuke, jossa on jopa 30 000 puhallusta, 19 ml e-nestett\u00e4, 2 % nikotiinivahvuus, 5000 mAh Power Bank, Dual Mesh Coil, Type-C -pikalataus ja \u00e4lyk\u00e4s n\u00e4ytt\u00f6 pitk\u00e4kestoisille ja k\u00e4ytt\u00e4j\u00e4yst\u00e4v\u00e4llisille linjoille.","robots":{"index":"index","follow":"follow","max-snippet":"max-snippet:-1","max-image-preview":"max-image-preview:large","max-video-preview":"max-video-preview:-1"},"canonical":"https:\/\/shopvapor.de\/fi\/product\/jnr-power-mate-30000-puffs-19ml-kertakaeyttoeiset-e-savukkeet-smart-screen-power-bankilla\/","og_locale":"fi_FI","og_type":"article","og_title":"JNR Power Mate 30000 Puffs 19ml Einweg-E-Zigaretten Smart Screen With Power Bank Original - ShopVapor","og_description":"JNR Power Mate 30000 Puffs Einweg-E-Zigarette mit bis zu 30.000 Z\u00fcgen, 19 ml E-Liquid, 2 % Nikotinst\u00e4rke, 5000-mAh-Powerbank, Dual-Mesh-Spule, Typ-C-Schnellladung und intelligentem Bildschirm f\u00fcr langanhaltenden Geschmack und Benutzerfreundlichkeit.","og_url":"https:\/\/shopvapor.de\/fi\/product\/jnr-power-mate-30000-puffs-19ml-kertakaeyttoeiset-e-savukkeet-smart-screen-power-bankilla\/","og_site_name":"ShopVapor","article_modified_time":"2025-07-15T08:24:42+00:00","og_image":[{"width":945,"height":948,"url":"https:\/\/shopvapor.de\/wp-content\/uploads\/2025\/07\/jnr-power-mate-30000-puffs-19ml-einweg-e-zigaretten-smart-screen-with-power-bank-original-10.webp","type":"image\/webp"}],"twitter_card":"summary_large_image","twitter_misc":{"Arvioitu lukuaika":"4 minuuttia"},"schema":{"@context":"https:\/\/schema.org","@graph":[{"@type":"WebPage","@id":"https:\/\/shopvapor.de\/produkt\/jnr-power-mate-30000-puffs-19ml-einweg-e-zigaretten-smart-screen-with-power-bank-original\/","url":"https:\/\/shopvapor.de\/produkt\/jnr-power-mate-30000-puffs-19ml-einweg-e-zigaretten-smart-screen-with-power-bank-original\/","name":"Jnr Power Mate 30000 Puffs 19ml Kertak\u00e4ytt\u00f6iset E-Cigarettes Smart Screen Power Bank Alkuper\u00e4inen - Shopvapor","isPartOf":{"@id":"https:\/\/shopvapor.de\/#website"},"primaryImageOfPage":{"@id":"https:\/\/shopvapor.de\/produkt\/jnr-power-mate-30000-puffs-19ml-einweg-e-zigaretten-smart-screen-with-power-bank-original\/#primaryimage"},"image":{"@id":"https:\/\/shopvapor.de\/produkt\/jnr-power-mate-30000-puffs-19ml-einweg-e-zigaretten-smart-screen-with-power-bank-original\/#primaryimage"},"thumbnailUrl":"https:\/\/shopvapor.de\/wp-content\/uploads\/2025\/07\/jnr-power-mate-30000-puffs-19ml-einweg-e-zigaretten-smart-screen-with-power-bank-original-10.webp","datePublished":"2025-07-02T06:46:43+00:00","dateModified":"2025-07-15T08:24:42+00:00","description":"Jnr Power Mate 30000 Puffs Kertak\u00e4ytt\u00f6inen E-savuke, jossa on jopa 30 000 puhallusta, 19 ml e-nestett\u00e4, 2 % nikotiinivahvuus, 5000 mAh Power Bank, Dual Mesh Coil, Type-C -pikalataus ja \u00e4lyk\u00e4s n\u00e4ytt\u00f6 pitk\u00e4kestoisille ja k\u00e4ytt\u00e4j\u00e4yst\u00e4v\u00e4llisille linjoille.","breadcrumb":{"@id":"https:\/\/shopvapor.de\/produkt\/jnr-power-mate-30000-puffs-19ml-einweg-e-zigaretten-smart-screen-with-power-bank-original\/#breadcrumb"},"inLanguage":"fi","potentialAction":[{"@type":"ReadAction","target":["https:\/\/shopvapor.de\/produkt\/jnr-power-mate-30000-puffs-19ml-einweg-e-zigaretten-smart-screen-with-power-bank-original\/"]}]},{"@type":"ImageObject","inLanguage":"fi","@id":"https:\/\/shopvapor.de\/produkt\/jnr-power-mate-30000-puffs-19ml-einweg-e-zigaretten-smart-screen-with-power-bank-original\/#primaryimage","url":"https:\/\/shopvapor.de\/wp-content\/uploads\/2025\/07\/jnr-power-mate-30000-puffs-19ml-einweg-e-zigaretten-smart-screen-with-power-bank-original-10.webp","contentUrl":"https:\/\/shopvapor.de\/wp-content\/uploads\/2025\/07\/jnr-power-mate-30000-puffs-19ml-einweg-e-zigaretten-smart-screen-with-power-bank-original-10.webp","width":945,"height":948},{"@type":"BreadcrumbList","@id":"https:\/\/shopvapor.de\/produkt\/jnr-power-mate-30000-puffs-19ml-einweg-e-zigaretten-smart-screen-with-power-bank-original\/#breadcrumb","itemListElement":[{"@type":"ListItem","position":1,"name":"Startseite","item":"https:\/\/shopvapor.de\/"},{"@type":"ListItem","position":2,"name":"Shop","item":"https:\/\/shopvapor.de\/shop\/"},{"@type":"ListItem","position":3,"name":"JNR Power Mate 30000 Puffs 19ml Einweg-E-Zigaretten Smart Screen With Power Bank Original"}]},{"@type":"WebSite","@id":"https:\/\/shopvapor.de\/#website","url":"https:\/\/shopvapor.de\/","name":"ShopVapor","description":"","potentialAction":[{"@type":"SearchAction","target":{"@type":"EntryPoint","urlTemplate":"https:\/\/shopvapor.de\/?s={search_term_string}"},"query-input":{"@type":"PropertyValueSpecification","valueRequired":true,"valueName":"search_term_string"}}],"inLanguage":"fi"}]}},"_links":{"self":[{"href":"https:\/\/shopvapor.de\/fi\/wp-json\/wp\/v2\/product\/9140","targetHints":{"allow":["GET"]}}],"collection":[{"href":"https:\/\/shopvapor.de\/fi\/wp-json\/wp\/v2\/product"}],"about":[{"href":"https:\/\/shopvapor.de\/fi\/wp-json\/wp\/v2\/types\/product"}],"replies":[{"embeddable":true,"href":"https:\/\/shopvapor.de\/fi\/wp-json\/wp\/v2\/comments?post=9140"}],"version-history":[{"count":3,"href":"https:\/\/shopvapor.de\/fi\/wp-json\/wp\/v2\/product\/9140\/revisions"}],"predecessor-version":[{"id":11929,"href":"https:\/\/shopvapor.de\/fi\/wp-json\/wp\/v2\/product\/9140\/revisions\/11929"}],"wp:featuredmedia":[{"embeddable":true,"href":"https:\/\/shopvapor.de\/fi\/wp-json\/wp\/v2\/media\/9162"}],"wp:attachment":[{"href":"https:\/\/shopvapor.de\/fi\/wp-json\/wp\/v2\/media?parent=9140"}],"wp:term":[{"taxonomy":"product_brand","embeddable":true,"href":"https:\/\/shopvapor.de\/fi\/wp-json\/wp\/v2\/product_brand?post=9140"},{"taxonomy":"product_cat","embeddable":true,"href":"https:\/\/shopvapor.de\/fi\/wp-json\/wp\/v2\/product_cat?post=9140"},{"taxonomy":"product_tag","embeddable":true,"href":"https:\/\/shopvapor.de\/fi\/wp-json\/wp\/v2\/product_tag?post=9140"}],"curies":[{"name":"pukki","href":"https:\/\/api.w.org\/{rel}","templated":true}]}}