{"id":1015,"date":"2025-07-01T14:16:17","date_gmt":"2025-07-01T14:16:17","guid":{"rendered":"https:\/\/shopvapor.de\/?page_id=1015"},"modified":"2025-07-16T18:32:35","modified_gmt":"2025-07-16T18:32:35","slug":"etiquette-2","status":"publish","type":"page","link":"https:\/\/shopvapor.de\/fr\/etiquette-2\/","title":{"rendered":"Marques"},"content":{"rendered":"<div data-elementor-type=\"wp-page\" data-elementor-id=\"1015\" class=\"elementor elementor-1015\">\n\t\t\t\t<div class=\"wd-negative-gap elementor-element elementor-element-9e113c0 e-flex e-con-boxed e-con e-parent\" data-id=\"9e113c0\" data-element_type=\"container\">\n\t\t\t\t\t<div class=\"e-con-inner\">\n\t\t\t\t<div class=\"elementor-element elementor-element-91b038f color-scheme-inherit text-left elementor-widget elementor-widget-text-editor\" data-id=\"91b038f\" data-element_type=\"widget\" data-widget_type=\"text-editor.default\">\n\t\t\t\t\t\t\t\t\t<p>Dans le monde des e-cigarettes, nous travaillons avec les marques les plus populaires de nos clients europ\u00e9ens. Nous offrons \u00e0 nos clients de d\u00e9tail plus de confort d'achat et \u00e0 nos grossistes \u00e0 prix d'achat moins chers. Nous sommes enthousiastes \u00e0 l'\u00e9gard du march\u00e9 de la cigarette \u00e9lectronique et suivons de pr\u00e8s les marques les plus populaires et les derni\u00e8res e-cigarettes. Si vous avez besoin d'une marque ou d'un produit sp\u00e9cifique, vous pouvez nous contacter \u00e0 tout moment. Vous trouverez ci-dessous nos cat\u00e9gories de marques.<\/p>\t\t\t\t\t\t\t\t<\/div>\n\t\t\t\t\t<\/div>\n\t\t\t\t<\/div>\n\t\t<div class=\"wd-negative-gap elementor-element elementor-element-300a700 e-flex e-con-boxed e-con e-parent\" data-id=\"300a700\" data-element_type=\"container\">\n\t\t\t\t\t<div class=\"e-con-inner\">\n\t\t\t\t<div class=\"elementor-element elementor-element-a7d5f7a elementor-widget elementor-widget-wd_products_brands\" data-id=\"a7d5f7a\" data-element_type=\"widget\" data-widget_type=\"wd_products_brands.default\">\n\t\t\t\t<div class=\"elementor-widget-container\">\n\t\t\t\t\t\t\t<div class=\"wd-brands brands-widget slider-brands_1236 wd-hover-default wd-style-default wd-layout-grid\" id=\"brands_1236\">\n\t\t\t\n\t\t\t<div class=\"wd-grid-g\" style=\"--wd-col-lg:3;--wd-col-md:3;--wd-col-sm:1;\" >\n\t\t\t\t\n\t\t\t\t\t\t\t\t\t\t\t\t\t\t\t\n\t\t\t\t\t\t<div class=\"wd-col\">\n\t\t\t\t\t\t\t<div class=\"wd-brand-item brand-item\">\n\t\t\t\t\t\t\t\t\t\t\t\t\t\t\t\t\t\t\t\t\t\t\t\t\t\t\t<a title=\"ZOOY\" href=\"https:\/\/shopvapor.de\/fr\/etiquette\/fantaisiste\/\">\n\t\t\t\t\t\t\t\t\t\n\t\t\t\t\t\t\t\t\tZOOY\n\t\t\t\t\t\t\t\t\t\t\t\t\t\t\t\t\t\t\t<\/a>\n\t\t\t\t\t\t\t\t\t\t\t\t\t\t\t\t\t\t\t\t\t\t\t\t<\/div>\n\t\t\t\t\t\t<\/div>\n\t\t\t\t\t\t\t\t\t\t\t\n\t\t\t\t\t\t<div class=\"wd-col\">\n\t\t\t\t\t\t\t<div class=\"wd-brand-item brand-item\">\n\t\t\t\t\t\t\t\t\t\t\t\t\t\t\t\t\t\t\t\t\t\t\t\t\t\t\t<a title=\"WGA\" href=\"https:\/\/shopvapor.de\/fr\/etiquette\/wga\/\">\n\t\t\t\t\t\t\t\t\t\n\t\t\t\t\t\t\t\t\tWGA\n\t\t\t\t\t\t\t\t\t\t\t\t\t\t\t\t\t\t\t<\/a>\n\t\t\t\t\t\t\t\t\t\t\t\t\t\t\t\t\t\t\t\t\t\t\t\t<\/div>\n\t\t\t\t\t\t<\/div>\n\t\t\t\t\t\t\t\t\t\t\t\n\t\t\t\t\t\t<div class=\"wd-col\">\n\t\t\t\t\t\t\t<div class=\"wd-brand-item brand-item\">\n\t\t\t\t\t\t\t\t\t\t\t\t\t\t\t\t\t\t\t\t\t\t\t\t\t\t\t<a title=\"WASPE\" href=\"https:\/\/shopvapor.de\/fr\/etiquette\/guepe\/\">\n\t\t\t\t\t\t\t\t\t\n\t\t\t\t\t\t\t\t\tWASPE\n\t\t\t\t\t\t\t\t\t\t\t\t\t\t\t\t\t\t\t<\/a>\n\t\t\t\t\t\t\t\t\t\t\t\t\t\t\t\t\t\t\t\t\t\t\t\t<\/div>\n\t\t\t\t\t\t<\/div>\n\t\t\t\t\t\t\t\t\t\t\t\n\t\t\t\t\t\t<div class=\"wd-col\">\n\t\t\t\t\t\t\t<div class=\"wd-brand-item brand-item\">\n\t\t\t\t\t\t\t\t\t\t\t\t\t\t\t\t\t\t\t\t\t\t\t\t\t\t\t<a title=\"Vapsolo\" href=\"https:\/\/shopvapor.de\/fr\/etiquette\/vapsolo\/\">\n\t\t\t\t\t\t\t\t\t\n\t\t\t\t\t\t\t\t\tVapsolo\n\t\t\t\t\t\t\t\t\t\t\t\t\t\t\t\t\t\t\t<\/a>\n\t\t\t\t\t\t\t\t\t\t\t\t\t\t\t\t\t\t\t\t\t\t\t\t<\/div>\n\t\t\t\t\t\t<\/div>\n\t\t\t\t\t\t\t\t\t\t\t\n\t\t\t\t\t\t<div class=\"wd-col\">\n\t\t\t\t\t\t\t<div class=\"wd-brand-item brand-item\">\n\t\t\t\t\t\t\t\t\t\t\t\t\t\t\t\t\t\t\t\t\t\t\t\t\t\t\t<a title=\"UZY\" href=\"https:\/\/shopvapor.de\/fr\/etiquette\/odieux\/\">\n\t\t\t\t\t\t\t\t\t\n\t\t\t\t\t\t\t\t\tUZY\n\t\t\t\t\t\t\t\t\t\t\t\t\t\t\t\t\t\t\t<\/a>\n\t\t\t\t\t\t\t\t\t\t\t\t\t\t\t\t\t\t\t\t\t\t\t\t<\/div>\n\t\t\t\t\t\t<\/div>\n\t\t\t\t\t\t\t\t\t\t\t\n\t\t\t\t\t\t<div class=\"wd-col\">\n\t\t\t\t\t\t\t<div class=\"wd-brand-item brand-item\">\n\t\t\t\t\t\t\t\t\t\t\t\t\t\t\t\t\t\t\t\t\t\t\t\t\t\t\t<a title=\"Razz Bar\" href=\"https:\/\/shopvapor.de\/fr\/etiquette\/faire-une-ra\/\">\n\t\t\t\t\t\t\t\t\t\n\t\t\t\t\t\t\t\t\tRazz Bar\n\t\t\t\t\t\t\t\t\t\t\t\t\t\t\t\t\t\t\t<\/a>\n\t\t\t\t\t\t\t\t\t\t\t\t\t\t\t\t\t\t\t\t\t\t\t\t<\/div>\n\t\t\t\t\t\t<\/div>\n\t\t\t\t\t\t\t\t\t\t\t\n\t\t\t\t\t\t<div class=\"wd-col\">\n\t\t\t\t\t\t\t<div class=\"wd-brand-item brand-item\">\n\t\t\t\t\t\t\t\t\t\t\t\t\t\t\t\t\t\t\t\t\t\t\t\t\t\t\t<a title=\"RandM\" href=\"https:\/\/shopvapor.de\/fr\/etiquette\/bordure\/\">\n\t\t\t\t\t\t\t\t\t\n\t\t\t\t\t\t\t\t\tRandM\n\t\t\t\t\t\t\t\t\t\t\t\t\t\t\t\t\t\t\t<\/a>\n\t\t\t\t\t\t\t\t\t\t\t\t\t\t\t\t\t\t\t\t\t\t\t\t<\/div>\n\t\t\t\t\t\t<\/div>\n\t\t\t\t\t\t\t\t\t\t\t\n\t\t\t\t\t\t<div class=\"wd-col\">\n\t\t\t\t\t\t\t<div class=\"wd-brand-item brand-item\">\n\t\t\t\t\t\t\t\t\t\t\t\t\t\t\t\t\t\t\t\t\t\t\t\t\t\t\t<a title=\"Mr.Goodie\" href=\"https:\/\/shopvapor.de\/fr\/etiquette\/m-goodie\/\">\n\t\t\t\t\t\t\t\t\t\n\t\t\t\t\t\t\t\t\tMr.Goodie\n\t\t\t\t\t\t\t\t\t\t\t\t\t\t\t\t\t\t\t<\/a>\n\t\t\t\t\t\t\t\t\t\t\t\t\t\t\t\t\t\t\t\t\t\t\t\t<\/div>\n\t\t\t\t\t\t<\/div>\n\t\t\t\t\t\t\t\t\t\t\t\n\t\t\t\t\t\t<div class=\"wd-col\">\n\t\t\t\t\t\t\t<div class=\"wd-brand-item brand-item\">\n\t\t\t\t\t\t\t\t\t\t\t\t\t\t\t\t\t\t\t\t\t\t\t\t\t\t\t<a title=\"JNR\" href=\"https:\/\/shopvapor.de\/fr\/etiquette\/jnr\/\">\n\t\t\t\t\t\t\t\t\t\n\t\t\t\t\t\t\t\t\tJNR\n\t\t\t\t\t\t\t\t\t\t\t\t\t\t\t\t\t\t\t<\/a>\n\t\t\t\t\t\t\t\t\t\t\t\t\t\t\t\t\t\t\t\t\t\t\t\t<\/div>\n\t\t\t\t\t\t<\/div>\n\t\t\t\t\t\t\t\t\t\t\t\n\t\t\t\t\t\t<div class=\"wd-col\">\n\t\t\t\t\t\t\t<div class=\"wd-brand-item brand-item\">\n\t\t\t\t\t\t\t\t\t\t\t\t\t\t\t\t\t\t\t\t\t\t\t\t\t\t\t<a title=\"IQTE\" href=\"https:\/\/shopvapor.de\/fr\/etiquette\/iqte\/\">\n\t\t\t\t\t\t\t\t\t\n\t\t\t\t\t\t\t\t\tIQTE\n\t\t\t\t\t\t\t\t\t\t\t\t\t\t\t\t\t\t\t<\/a>\n\t\t\t\t\t\t\t\t\t\t\t\t\t\t\t\t\t\t\t\t\t\t\t\t<\/div>\n\t\t\t\t\t\t<\/div>\n\t\t\t\t\t\t\t\t\t\t\t\n\t\t\t\t\t\t<div class=\"wd-col\">\n\t\t\t\t\t\t\t<div class=\"wd-brand-item brand-item\">\n\t\t\t\t\t\t\t\t\t\t\t\t\t\t\t\t\t\t\t\t\t\t\t\t\t\t\t<a title=\"cristal\" href=\"https:\/\/shopvapor.de\/fr\/etiquette\/cristal\/\">\n\t\t\t\t\t\t\t\t\t\n\t\t\t\t\t\t\t\t\tcristal\n\t\t\t\t\t\t\t\t\t\t\t\t\t\t\t\t\t\t\t<\/a>\n\t\t\t\t\t\t\t\t\t\t\t\t\t\t\t\t\t\t\t\t\t\t\t\t<\/div>\n\t\t\t\t\t\t<\/div>\n\t\t\t\t\t\t\t\t\t\t\t\n\t\t\t\t\t\t<div class=\"wd-col\">\n\t\t\t\t\t\t\t<div class=\"wd-brand-item brand-item\">\n\t\t\t\t\t\t\t\t\t\t\t\t\t\t\t\t\t\t\t\t\t\t\t\t\t\t\t<a title=\"Bang\" href=\"https:\/\/shopvapor.de\/fr\/etiquette\/cogner\/\">\n\t\t\t\t\t\t\t\t\t\n\t\t\t\t\t\t\t\t\tBang\n\t\t\t\t\t\t\t\t\t\t\t\t\t\t\t\t\t\t\t<\/a>\n\t\t\t\t\t\t\t\t\t\t\t\t\t\t\t\t\t\t\t\t\t\t\t\t<\/div>\n\t\t\t\t\t\t<\/div>\n\t\t\t\t\t\t\t\t\t\t\t\t\t\t\t\t<\/div>\n\n\t\t\t\t\t<\/div>\n\t\t\t\t\t\t<\/div>\n\t\t\t\t<\/div>\n\t\t\t\t\t<\/div>\n\t\t\t\t<\/div>\n\t\t\t\t<\/div>","protected":false},"excerpt":{"rendered":"<p>Dans le monde des e-cigarettes, nous travaillons avec les marques les plus populaires de nos clients europ\u00e9ens. Nous offrons \u00e0 nos clients de d\u00e9tail plus confortables<\/p>","protected":false},"author":1,"featured_media":0,"parent":0,"menu_order":0,"comment_status":"closed","ping_status":"closed","template":"","meta":{"footnotes":""},"class_list":["post-1015","page","type-page","status-publish","hentry"],"yoast_head":"<!-- This site is optimized with the Yoast SEO plugin v25.8 - https:\/\/yoast.com\/wordpress\/plugins\/seo\/ -->\n<title>Marken - ShopVapor<\/title>\n<meta name=\"description\" content=\"In der Welt der E-Zigaretten arbeiten wir mit den beliebtesten Marken unserer europ\u00e4ischen Kunden zusammen. Wir bieten unseren Einzelhandelskunden\" \/>\n<meta name=\"robots\" content=\"index, follow, max-snippet:-1, max-image-preview:large, max-video-preview:-1\" \/>\n<link rel=\"canonical\" href=\"https:\/\/shopvapor.de\/fr\/etiquette-2\/\" \/>\n<meta property=\"og:locale\" content=\"fr_FR\" \/>\n<meta property=\"og:type\" content=\"article\" \/>\n<meta property=\"og:title\" content=\"Marken - ShopVapor\" \/>\n<meta property=\"og:description\" content=\"In der Welt der E-Zigaretten arbeiten wir mit den beliebtesten Marken unserer europ\u00e4ischen Kunden zusammen. Wir bieten unseren Einzelhandelskunden\" \/>\n<meta property=\"og:url\" content=\"https:\/\/shopvapor.de\/fr\/etiquette-2\/\" \/>\n<meta property=\"og:site_name\" content=\"ShopVapor\" \/>\n<meta property=\"article:modified_time\" content=\"2025-07-16T18:32:35+00:00\" \/>\n<meta name=\"twitter:card\" content=\"summary_large_image\" \/>\n<!-- \/ Yoast SEO plugin. -->","yoast_head_json":{"title":"Marques - ShopVapor","description":"Dans le monde des e-cigarettes, nous travaillons avec les marques les plus populaires de nos clients europ\u00e9ens. Nous proposons \u00e0 nos clients de d\u00e9tail","robots":{"index":"index","follow":"follow","max-snippet":"max-snippet:-1","max-image-preview":"max-image-preview:large","max-video-preview":"max-video-preview:-1"},"canonical":"https:\/\/shopvapor.de\/fr\/etiquette-2\/","og_locale":"fr_FR","og_type":"article","og_title":"Marken - ShopVapor","og_description":"In der Welt der E-Zigaretten arbeiten wir mit den beliebtesten Marken unserer europ\u00e4ischen Kunden zusammen. Wir bieten unseren Einzelhandelskunden","og_url":"https:\/\/shopvapor.de\/fr\/etiquette-2\/","og_site_name":"ShopVapor","article_modified_time":"2025-07-16T18:32:35+00:00","twitter_card":"summary_large_image","schema":{"@context":"https:\/\/schema.org","@graph":[{"@type":"WebPage","@id":"https:\/\/shopvapor.de\/marken\/","url":"https:\/\/shopvapor.de\/marken\/","name":"Marques - ShopVapor","isPartOf":{"@id":"https:\/\/shopvapor.de\/#website"},"datePublished":"2025-07-01T14:16:17+00:00","dateModified":"2025-07-16T18:32:35+00:00","description":"Dans le monde des e-cigarettes, nous travaillons avec les marques les plus populaires de nos clients europ\u00e9ens. Nous proposons \u00e0 nos clients de d\u00e9tail","breadcrumb":{"@id":"https:\/\/shopvapor.de\/marken\/#breadcrumb"},"inLanguage":"fr-FR","potentialAction":[{"@type":"ReadAction","target":["https:\/\/shopvapor.de\/marken\/"]}]},{"@type":"BreadcrumbList","@id":"https:\/\/shopvapor.de\/marken\/#breadcrumb","itemListElement":[{"@type":"ListItem","position":1,"name":"Startseite","item":"https:\/\/shopvapor.de\/"},{"@type":"ListItem","position":2,"name":"Marken"}]},{"@type":"WebSite","@id":"https:\/\/shopvapor.de\/#website","url":"https:\/\/shopvapor.de\/","name":"ShopVapor","description":"","potentialAction":[{"@type":"SearchAction","target":{"@type":"EntryPoint","urlTemplate":"https:\/\/shopvapor.de\/?s={search_term_string}"},"query-input":{"@type":"PropertyValueSpecification","valueRequired":true,"valueName":"search_term_string"}}],"inLanguage":"fr-FR"}]}},"_links":{"self":[{"href":"https:\/\/shopvapor.de\/fr\/wp-json\/wp\/v2\/pages\/1015","targetHints":{"allow":["GET"]}}],"collection":[{"href":"https:\/\/shopvapor.de\/fr\/wp-json\/wp\/v2\/pages"}],"about":[{"href":"https:\/\/shopvapor.de\/fr\/wp-json\/wp\/v2\/types\/page"}],"author":[{"embeddable":true,"href":"https:\/\/shopvapor.de\/fr\/wp-json\/wp\/v2\/users\/1"}],"replies":[{"embeddable":true,"href":"https:\/\/shopvapor.de\/fr\/wp-json\/wp\/v2\/comments?post=1015"}],"version-history":[{"count":1,"href":"https:\/\/shopvapor.de\/fr\/wp-json\/wp\/v2\/pages\/1015\/revisions"}],"predecessor-version":[{"id":12092,"href":"https:\/\/shopvapor.de\/fr\/wp-json\/wp\/v2\/pages\/1015\/revisions\/12092"}],"wp:attachment":[{"href":"https:\/\/shopvapor.de\/fr\/wp-json\/wp\/v2\/media?parent=1015"}],"curies":[{"name":"WP","href":"https:\/\/api.w.org\/{rel}","templated":true}]}}