{"id":11633,"date":"2025-07-13T11:17:29","date_gmt":"2025-07-13T11:17:29","guid":{"rendered":"https:\/\/shopvapor.de\/?page_id=11633"},"modified":"2025-07-13T11:17:29","modified_gmt":"2025-07-13T11:17:29","slug":"politique-de-confidentialite","status":"publish","type":"page","link":"https:\/\/shopvapor.de\/fr\/politique-de-confidentialite\/","title":{"rendered":"D\u00e9claration de confidentialit\u00e9"},"content":{"rendered":"<h2 class=\"wp-block-heading\">1. Pr\u00e9sentation et coordonn\u00e9es de la personne responsable<\/h2>\n\n\n\n<p>1.1 Nous sommes heureux que vous visitiez notre site Web et vous remercions de votre int\u00e9r\u00eat pour notre boutique en ligne ShopVapor, sp\u00e9cialis\u00e9e dans la vente de cigarettes \u00e9lectroniques jetables. Nous vous informons ci-dessous du traitement de vos donn\u00e9es personnelles lors de l'utilisation de notre site Web. Les donn\u00e9es personnelles sont toutes les donn\u00e9es avec lesquelles vous pouvez \u00eatre personnellement identifi\u00e9. Nous attachons une grande importance \u00e0 la protection de votre vie priv\u00e9e et traitons vos donn\u00e9es exclusivement conform\u00e9ment aux dispositions du R\u00e8glement g\u00e9n\u00e9ral sur la protection des donn\u00e9es (RGPD) et d'autres r\u00e8glements relatifs \u00e0 la protection des donn\u00e9es.<\/p>\n\n\n\n<p>1.2 La personne responsable du traitement des donn\u00e9es sur ce site Web au sens du RGPD est ShopVapor GmbH, Musterstra\u00dfe 123, 12345 Musterstadt, Allemagne, t\u00e9l. : +49\u00a0123\u00a0456789, e-mail\u00a0: <a href=\"mailto:datenschutz@shopvapor.de\" target=\"_blank\" rel=\"noreferrer noopener\">datenschutz@shopvapor.de<\/a>. La personne responsable du traitement des donn\u00e9es personnelles est la personne physique ou morale qui, seule ou avec d'autres, d\u00e9cide des objectifs et des moyens de traitement des donn\u00e9es personnelles.<\/p>\n\n\n\n<p>1.3 Le responsable a nomm\u00e9 un d\u00e9l\u00e9gu\u00e9 \u00e0 la protection des donn\u00e9es, qui peut \u00eatre joint comme suit : \u00ab D\u00e9l\u00e9gu\u00e9 \u00e0 la protection des donn\u00e9es, ShopVapor GmbH, Musterstra\u00dfe 123, 12345 Musterstadt, T\u00e9l. : +49\u00a0123\u00a0456789, e-mail\u00a0: <a href=\"mailto:datenschutz@shopvapor.de\" target=\"_blank\" rel=\"noreferrer noopener\">datenschutz@shopvapor.de<\/a>\u00ab.<\/p>\n\n\n\n<h2 class=\"wp-block-heading\">2. Collecte de donn\u00e9es personnelles<\/h2>\n\n\n\n<p>2.1 Lorsque vous utilisez notre site Web \u00e0 des fins d'information, c'est-\u00e0-dire si vous ne nous enregistrez pas ou ne nous transmettez pas d'informations, nous ne collectons que les donn\u00e9es que votre navigateur transmet \u00e0 notre serveur (appel\u00e9s \"fichiers journaux de serveur\"). Lorsque vous visitez notre site Web, nous collectons les donn\u00e9es suivantes techniquement n\u00e9cessaires pour que nous puissions afficher le site Web\u00a0:<\/p>\n\n\n\n<ul class=\"wp-block-list\">\n<li>Notre site Web visit\u00e9<\/li>\n\n\n\n<li>Date et heure \u00e0 l'heure d'acc\u00e8s<\/li>\n\n\n\n<li>Nombre de donn\u00e9es envoy\u00e9es en octets<\/li>\n\n\n\n<li>Source\/R\u00e9f\u00e9rence \u00e0 partir de laquelle ils sont venus sur la page<\/li>\n\n\n\n<li>Navigateur utilis\u00e9<\/li>\n\n\n\n<li>Syst\u00e8me d'exploitation utilis\u00e9<\/li>\n\n\n\n<li>Adresse IP utilis\u00e9e (si n\u00e9cessaire sous forme anonyme)<\/li>\n<\/ul>\n\n\n\n<p>Le traitement a lieu conform\u00e9ment \u00e0 l'art. 6 par. 1 lit. f RGPD bas\u00e9 sur notre int\u00e9r\u00eat l\u00e9gitime \u00e0 am\u00e9liorer la stabilit\u00e9 et la fonctionnalit\u00e9 de notre site Web. Les donn\u00e9es ne seront pas transmises ou utilis\u00e9es autrement. Cependant, nous nous r\u00e9servons le droit de v\u00e9rifier les fichiers journaux du serveur plus tard si des indications concr\u00e8tes d'utilisation de la loi sont ill\u00e9gales.<\/p>\n\n\n\n<p>2.2 Lorsque vous utilisez notre boutique en ligne pour commander des cigarettes \u00e9lectroniques jetables, nous collectons des donn\u00e9es personnelles que vous nous fournissez volontairement, telles que :<\/p>\n\n\n\n<ul class=\"wp-block-list\">\n<li>Nom, adresse, adresse e-mail et num\u00e9ro de t\u00e9l\u00e9phone (pour le traitement et la livraison des commandes)<\/li>\n\n\n\n<li>Informations de paiement (par exemple, carte de cr\u00e9dit ou donn\u00e9es PayPal)<\/li>\n\n\n\n<li>Preuve d'\u00e2ge (puisque les cigarettes \u00e9lectroniques jetables sont interdites aux mineurs, nous pouvons v\u00e9rifier votre \u00e2ge conform\u00e9ment aux exigences l\u00e9gales)<\/li>\n<\/ul>\n\n\n\n<p>Ces donn\u00e9es sont trait\u00e9es conform\u00e9ment \u00e0 l'art. 6 par. 1 lit. B GDPR trait\u00e9 pour ex\u00e9cuter le contrat avec vous.<\/p>\n\n\n\n<p>2.3 Ce site Web utilise le cryptage SSL ou TLS pour des raisons de s\u00e9curit\u00e9 et pour prot\u00e9ger le transfert de donn\u00e9es personnelles et autres contenus confidentiels (par exemple, des commandes ou des demandes de renseignements au responsable). Vous pouvez reconna\u00eetre une connexion crypt\u00e9e par la cha\u00eene \"https:\/\/\" et l'ic\u00f4ne de verrouillage dans la ligne de votre navigateur.<\/p>\n\n\n\n<h2 class=\"wp-block-heading\">3. Finalit\u00e9s du traitement des donn\u00e9es<\/h2>\n\n\n\n<p>Nous collectons et traitons vos donn\u00e9es personnelles aux fins suivantes :<\/p>\n\n\n\n<ul class=\"wp-block-list\">\n<li>Fourniture de nos services : traitement des commandes, livraison de cigarettes \u00e9lectroniques jetables et traitement des paiements.<\/li>\n\n\n\n<li>Am\u00e9liorez notre site Web : analysez le comportement des utilisateurs pour optimiser l'exp\u00e9rience utilisateur et personnaliser les recommandations de produits.<\/li>\n\n\n\n<li>Marketing : Envoi de newsletters ou d'offres personnalis\u00e9es si vous donnez votre consentement conform\u00e9ment \u00e0 l'art. 6 par. 1 lit. Un RGPD a accord\u00e9.<\/li>\n\n\n\n<li>S\u00e9curit\u00e9 : d\u00e9tection et pr\u00e9vention de la fraude, abus, notamment dans le cas des transactions de paiement.<\/li>\n\n\n\n<li>Respect des obligations l\u00e9gales : respect des r\u00e8glements sur la protection des mineurs et la comptabilit\u00e9.<\/li>\n<\/ul>\n\n\n\n<h2 class=\"wp-block-heading\">4. Divulgation des donn\u00e9es<\/h2>\n\n\n\n<p>Vos donn\u00e9es personnelles ne seront partag\u00e9es que si cela est n\u00e9cessaire pour l'ex\u00e9cution du contrat ou si vous avez consenti \u00e0\u00a0:<\/p>\n\n\n\n<ul class=\"wp-block-list\">\n<li>aux fournisseurs de services d'exp\u00e9dition (par exemple DHL ou UPS) pour la livraison de votre commande.<\/li>\n\n\n\n<li>aux fournisseurs de services de paiement (par exemple, PayPal, Stripe) pour le traitement du paiement.<\/li>\n\n\n\n<li>aux autorit\u00e9s, si la loi l'exige (par exemple, les autorit\u00e9s fiscales ou les activit\u00e9s ill\u00e9gales pr\u00e9sum\u00e9es).<\/li>\n<\/ul>\n\n\n\n<p>Nous ne transmettons pas de donn\u00e9es \u00e0 des tiers dans des pays hors UE\/EEE, sauf s'il existe une d\u00e9cision d'ad\u00e9quation de la Commission europ\u00e9enne ou des garanties appropri\u00e9es (par exemple, des clauses contractuelles standard).<\/p>\n\n\n\n<h2 class=\"wp-block-heading\">5. Cookies et outils d'analyse<\/h2>\n\n\n\n<p>Nous utilisons des cookies pour rendre la visite de notre site Web attrayante et pour permettre l'utilisation de certaines fonctions. Ce sont de petits fichiers texte qui sont stock\u00e9s sur votre appareil. Certains cookies sont supprim\u00e9s apr\u00e8s la fermeture du navigateur (cookies de session), d'autres restent plus longtemps (cookies persistants).<\/p>\n\n\n\n<p>Nous utilisons \u00e9galement des outils d'analyse comme Google Analytics pour analyser le comportement des utilisateurs et am\u00e9liorer notre site Web. Le traitement est bas\u00e9 sur l'art. 6 par. 1 lit. f RGPD ou votre consentement. Vous pouvez refuser les cookies dans les param\u00e8tres de votre navigateur.<\/p>\n\n\n\n<h2 class=\"wp-block-heading\">6. S\u00e9curit\u00e9 des donn\u00e9es<\/h2>\n\n\n\n<p>Nous prenons des mesures techniques et organisationnelles pour prot\u00e9ger vos donn\u00e9es contre la perte, la destruction, l'acc\u00e8s ou le changement par des personnes non autoris\u00e9es. Il s'agit notamment des syst\u00e8mes de pare-feu, du cryptage et des mises \u00e0 jour de s\u00e9curit\u00e9 r\u00e9guli\u00e8res.<\/p>\n\n\n\n<h2 class=\"wp-block-heading\">7 . Vos droits en tant que personne affect\u00e9e<\/h2>\n\n\n\n<p>Vous disposez selon le RGPD des droits suivants :<\/p>\n\n\n\n<ul class=\"wp-block-list\">\n<li>Informations sur vos donn\u00e9es stock\u00e9es (art. 15 RGPD).<\/li>\n\n\n\n<li>Correction de donn\u00e9es incorrectes (art. 16 RGPD).<\/li>\n\n\n\n<li>Suppression de vos donn\u00e9es (\"droit \u00e0 l'oubli\", art. 17 RGPD).<\/li>\n\n\n\n<li>Restriction de traitement (art. 18 RGPD).<\/li>\n\n\n\n<li>Portabilit\u00e9 des donn\u00e9es (art. 20 RGPD).<\/li>\n\n\n\n<li>Objection au traitement (art. 21 RGPD).<\/li>\n\n\n\n<li>R\u00e9vocation du consentement (art. 7 par. 3 RGPD).<\/li>\n<\/ul>\n\n\n\n<p>Pour exercer vos droits, contactez-nous \u00e0 <a href=\"mailto:datenschutz@shopvapor.de\" target=\"_blank\" rel=\"noreferrer noopener\">datenschutz@shopvapor.de<\/a>. Vous avez \u00e9galement le droit de porter plainte aupr\u00e8s d'une autorit\u00e9 de surveillance (par exemple, l'autorit\u00e9 de protection des donn\u00e9es de l'\u00c9tat).<\/p>\n\n\n\n<h2 class=\"wp-block-heading\">8. Modifications de cette politique de confidentialit\u00e9<\/h2>\n\n\n\n<p>Nous nous r\u00e9servons le droit d'adapter cette d\u00e9claration de protection des donn\u00e9es afin de toujours l'adapter aux exigences l\u00e9gales actuelles. La version actuelle est disponible sur notre site Web.<\/p>","protected":false},"excerpt":{"rendered":"<p>1. Pr\u00e9sentation et coordonn\u00e9es de la personne responsable 1.1 Nous sommes heureux que vous visagiez sur notre site Web et vous remercions pour votre<\/p>","protected":false},"author":1,"featured_media":0,"parent":0,"menu_order":0,"comment_status":"closed","ping_status":"closed","template":"","meta":{"footnotes":""},"class_list":["post-11633","page","type-page","status-publish","hentry"],"yoast_head":"<!-- This site is optimized with the Yoast SEO plugin v25.8 - https:\/\/yoast.com\/wordpress\/plugins\/seo\/ -->\n<title>Datenschutzerkl\u00e4rung - ShopVapor<\/title>\n<meta name=\"description\" content=\"1. Einleitung und Kontaktdaten des Verantwortlichen 1.1 Wir freuen uns, dass Sie unsere Website besuchen, und bedanken uns f\u00fcr Ihr Interesse an unserem\" \/>\n<meta name=\"robots\" content=\"index, follow, max-snippet:-1, max-image-preview:large, max-video-preview:-1\" \/>\n<link rel=\"canonical\" href=\"https:\/\/shopvapor.de\/fr\/politique-de-confidentialite\/\" \/>\n<meta property=\"og:locale\" content=\"fr_FR\" \/>\n<meta property=\"og:type\" content=\"article\" \/>\n<meta property=\"og:title\" content=\"Datenschutzerkl\u00e4rung - ShopVapor\" \/>\n<meta property=\"og:description\" content=\"1. Einleitung und Kontaktdaten des Verantwortlichen 1.1 Wir freuen uns, dass Sie unsere Website besuchen, und bedanken uns f\u00fcr Ihr Interesse an unserem\" \/>\n<meta property=\"og:url\" content=\"https:\/\/shopvapor.de\/fr\/politique-de-confidentialite\/\" \/>\n<meta property=\"og:site_name\" content=\"ShopVapor\" \/>\n<meta name=\"twitter:card\" content=\"summary_large_image\" \/>\n<meta name=\"twitter:label1\" content=\"Dur\u00e9e de lecture estim\u00e9e\" \/>\n\t<meta name=\"twitter:data1\" content=\"4 minutes\" \/>\n<!-- \/ Yoast SEO plugin. -->","yoast_head_json":{"title":"Politique de confidentialit\u00e9 - ShopVapor","description":"1. Introduction et coordonn\u00e9es de la personne responsable 1.1 Nous sommes heureux que vous visitiez notre site Web et vous remercions de votre int\u00e9r\u00eat pour notre","robots":{"index":"index","follow":"follow","max-snippet":"max-snippet:-1","max-image-preview":"max-image-preview:large","max-video-preview":"max-video-preview:-1"},"canonical":"https:\/\/shopvapor.de\/fr\/politique-de-confidentialite\/","og_locale":"fr_FR","og_type":"article","og_title":"Datenschutzerkl\u00e4rung - ShopVapor","og_description":"1. Einleitung und Kontaktdaten des Verantwortlichen 1.1 Wir freuen uns, dass Sie unsere Website besuchen, und bedanken uns f\u00fcr Ihr Interesse an unserem","og_url":"https:\/\/shopvapor.de\/fr\/politique-de-confidentialite\/","og_site_name":"ShopVapor","twitter_card":"summary_large_image","twitter_misc":{"Dur\u00e9e de lecture estim\u00e9e":"4 minutes"},"schema":{"@context":"https:\/\/schema.org","@graph":[{"@type":"WebPage","@id":"https:\/\/shopvapor.de\/datenschutzerklaerung\/","url":"https:\/\/shopvapor.de\/datenschutzerklaerung\/","name":"Politique de confidentialit\u00e9 - ShopVapor","isPartOf":{"@id":"https:\/\/shopvapor.de\/#website"},"datePublished":"2025-07-13T11:17:29+00:00","description":"1. Introduction et coordonn\u00e9es de la personne responsable 1.1 Nous sommes heureux que vous visitiez notre site Web et vous remercions de votre int\u00e9r\u00eat pour notre","breadcrumb":{"@id":"https:\/\/shopvapor.de\/datenschutzerklaerung\/#breadcrumb"},"inLanguage":"fr-FR","potentialAction":[{"@type":"ReadAction","target":["https:\/\/shopvapor.de\/datenschutzerklaerung\/"]}]},{"@type":"BreadcrumbList","@id":"https:\/\/shopvapor.de\/datenschutzerklaerung\/#breadcrumb","itemListElement":[{"@type":"ListItem","position":1,"name":"Startseite","item":"https:\/\/shopvapor.de\/"},{"@type":"ListItem","position":2,"name":"Datenschutzerkl\u00e4rung"}]},{"@type":"WebSite","@id":"https:\/\/shopvapor.de\/#website","url":"https:\/\/shopvapor.de\/","name":"ShopVapor","description":"","potentialAction":[{"@type":"SearchAction","target":{"@type":"EntryPoint","urlTemplate":"https:\/\/shopvapor.de\/?s={search_term_string}"},"query-input":{"@type":"PropertyValueSpecification","valueRequired":true,"valueName":"search_term_string"}}],"inLanguage":"fr-FR"}]}},"_links":{"self":[{"href":"https:\/\/shopvapor.de\/fr\/wp-json\/wp\/v2\/pages\/11633","targetHints":{"allow":["GET"]}}],"collection":[{"href":"https:\/\/shopvapor.de\/fr\/wp-json\/wp\/v2\/pages"}],"about":[{"href":"https:\/\/shopvapor.de\/fr\/wp-json\/wp\/v2\/types\/page"}],"author":[{"embeddable":true,"href":"https:\/\/shopvapor.de\/fr\/wp-json\/wp\/v2\/users\/1"}],"replies":[{"embeddable":true,"href":"https:\/\/shopvapor.de\/fr\/wp-json\/wp\/v2\/comments?post=11633"}],"version-history":[{"count":1,"href":"https:\/\/shopvapor.de\/fr\/wp-json\/wp\/v2\/pages\/11633\/revisions"}],"predecessor-version":[{"id":11634,"href":"https:\/\/shopvapor.de\/fr\/wp-json\/wp\/v2\/pages\/11633\/revisions\/11634"}],"wp:attachment":[{"href":"https:\/\/shopvapor.de\/fr\/wp-json\/wp\/v2\/media?parent=11633"}],"curies":[{"name":"WP","href":"https:\/\/api.w.org\/{rel}","templated":true}]}}