{"id":11637,"date":"2025-07-13T11:45:03","date_gmt":"2025-07-13T11:45:03","guid":{"rendered":"https:\/\/shopvapor.de\/?page_id=11637"},"modified":"2025-07-13T11:45:03","modified_gmt":"2025-07-13T11:45:03","slug":"informations-dexpedition","status":"publish","type":"page","link":"https:\/\/shopvapor.de\/fr\/informations-dexpedition\/","title":{"rendered":"Informations sur l'exp\u00e9dition"},"content":{"rendered":"<div>\n<p dir=\"auto\">Bienvenue sur la page d'informations sur l'exp\u00e9dition de ShopVapor, votre sp\u00e9cialiste des cigarettes \u00e9lectroniques jetables. Nous attachons une grande importance \u00e0 votre commande qui vous est envoy\u00e9e rapidement, en toute s\u00e9curit\u00e9 et discr\u00e8tement. Vous trouverez ci-dessous tous les d\u00e9tails importants concernant nos conditions d'exp\u00e9dition. Veuillez noter que les cigarettes \u00e9lectroniques jetables et les produits connexes sont soumis \u00e0 des exigences l\u00e9gales en Allemagne et dans l'UE, y compris les restrictions d'\u00e2ge (18\u00a0ans et plus) et les r\u00e9glementations sur les produits du tabac (Tabakerzg). Nous n'exp\u00e9dions qu'\u00e0 des clients \u00e0 temps plein et effectuons une v\u00e9rification de l'\u00e2ge.<\/p>\n<h2 dir=\"auto\">frais d'exp\u00e9dition<\/h2>\n<ul dir=\"auto\">\n<li><strong>En Allemagne<\/strong>: La livraison est gratuite \u00e0 partir d'une valeur de commande de 39\u00a0\u20ac. Pour les commandes inf\u00e9rieures \u00e0 39\u00a0\u20ac, les frais de port sont de 4,95\u00a0\u20ac.<\/li>\n<li><strong>dans l'ensemble de l'UE<\/strong>: Les frais de port sont de 9,95 \u20ac par commande. Livraison gratuite \u00e0 partir de 100 \u20ac.<\/li>\n<li><strong>Livraisons internationales hors UE<\/strong>: Actuellement, nous n'exp\u00e9dions pas en dehors de l'UE en raison des restrictions douani\u00e8res et r\u00e9glementaires sur les cigarettes \u00e9lectroniques jetables. Veuillez nous contacter pour toute demande individuelle.<\/li>\n<li>Tous les prix incluent la TVA. L'acheteur supporte des frais de douane ou des taxes suppl\u00e9mentaires dans les pays tiers.<\/li>\n<\/ul>\n<p dir=\"auto\">Nous utilisons des partenaires fiables comme DHL pour l'exp\u00e9dition afin d'assurer une livraison s\u00fbre et tra\u00e7able. Les e-cigarettes jetables sont exp\u00e9di\u00e9es dans des emballages neutres et sans danger pour les enfants qui r\u00e9pondent aux exigences de l'UE (max. 2 ml de volume de liquide par appareil, max. 20 mg\/ml de concentration de nicotine).<\/p>\n<h2 dir=\"auto\">d\u00e9lais de livraison<\/h2>\n<ul dir=\"auto\">\n<li><strong>Allemagne<\/strong>: Les commandes pass\u00e9es avant 14 heures sont g\u00e9n\u00e9ralement exp\u00e9di\u00e9es le m\u00eame jour ouvrable. Le d\u00e9lai de livraison est de 1 \u00e0 2 jours ouvrables.<\/li>\n<li><strong>Pays de l'UE<\/strong>: D\u00e9lai de livraison 3-5 jours ouvrables, selon le pays de destination.<\/li>\n<li>Les jours f\u00e9ri\u00e9s et les week-ends peuvent prolonger le d\u00e9lai de livraison. Nous vous informerons sur l'\u00e9tat de l'exp\u00e9dition par e-mail.<\/li>\n<\/ul>\n<p dir=\"auto\">Veuillez noter qu'en raison de la r\u00e9glementation relative aux produits du tabac et \u00e0 la nicotine (par exemple, la r\u00e9glementation sur les batteries de l'UE) les cigarettes \u00e9lectroniques jetables 2026 pourraient \u00eatre interdites. Nous adh\u00e9rons toujours aux lois actuelles et adaptons nos directives en cons\u00e9quence.<\/p>\n<h2 dir=\"auto\">rep\u00e9rage<\/h2>\n<p dir=\"auto\">Chaque commande recevra un num\u00e9ro de suivi, qui vous sera envoy\u00e9 par e-mail. Vous pouvez v\u00e9rifier \u00e0 tout moment l'\u00e9tat de votre livraison sur notre page partenaire\u00a0: <a href=\"http:\/\/vapelogistic.com\/\" target=\"_blank\" rel=\"noopener noreferrer nofollow\">http:\/\/vapelogistic.com\/<\/a>. Entrez simplement votre num\u00e9ro de suivi pour obtenir des mises \u00e0 jour en temps r\u00e9el.<\/p>\n<h2 dir=\"auto\">V\u00e9rification de l'\u00e2ge et mentions l\u00e9gales<\/h2>\n<ul dir=\"auto\">\n<li>Tous les produits ShopVapor sont destin\u00e9s aux personnes de plus de 18 ans. Pendant la livraison, un contr\u00f4le de l'\u00e2ge est effectu\u00e9 par le livreur (par exemple, DHL AgeSight).<\/li>\n<li>Nous n'exp\u00e9dions pas de produits aux mineurs ou aux pays o\u00f9 l'importation de cigarettes \u00e9lectroniques jetables est interdite.<\/li>\n<li>Avertissements sur la sant\u00e9 : Les cigarettes \u00e9lectroniques jetables contiennent de la nicotine, qui cr\u00e9e une d\u00e9pendance. L'emballage est soumis \u00e0 des avertissements obligatoires conform\u00e9ment aux directives de l'UE.<\/li>\n<li>Retours : Les produits non ouverts peuvent \u00eatre retourn\u00e9s dans les 14 jours. Les e-cigarettes jetables ouvertes sont exclues de l'\u00e9change pour des raisons d'hygi\u00e8ne.<\/li>\n<\/ul>\n<p dir=\"auto\">Si vous avez des questions sur votre exp\u00e9dition, veuillez nous contacter au <a href=\"mailto:support@shopvapor.de\" target=\"_blank\" rel=\"noopener noreferrer nofollow\">support@shoppor.de<\/a> ou via notre formulaire de contact. Merci de votre confiance en ShopVapor - votre partenaire pour les e-cigarettes jetables de haute qualit\u00e9 !<\/p>\n<\/div>\n<div>\n<div><\/div>\n<\/div>","protected":false},"excerpt":{"rendered":"<p>Bienvenue sur la page d'informations sur l'exp\u00e9dition de ShopVapor, votre sp\u00e9cialiste des cigarettes \u00e9lectroniques jetables. Nous attachons une grande importance \u00e0 votre commande rapidement, en toute s\u00e9curit\u00e9<\/p>","protected":false},"author":1,"featured_media":0,"parent":0,"menu_order":0,"comment_status":"closed","ping_status":"closed","template":"","meta":{"footnotes":""},"class_list":["post-11637","page","type-page","status-publish","hentry"],"yoast_head":"<!-- This site is optimized with the Yoast SEO plugin v25.8 - https:\/\/yoast.com\/wordpress\/plugins\/seo\/ -->\n<title>Versandinformationen - ShopVapor<\/title>\n<meta name=\"description\" content=\"Willkommen auf der Versandinformationsseite von ShopVapor, Ihrem Spezialisten f\u00fcr Einweg-E-Zigaretten. Wir legen gro\u00dfen Wert darauf, dass Ihre Bestellung\" \/>\n<meta name=\"robots\" content=\"index, follow, max-snippet:-1, max-image-preview:large, max-video-preview:-1\" \/>\n<link rel=\"canonical\" href=\"https:\/\/shopvapor.de\/fr\/informations-dexpedition\/\" \/>\n<meta property=\"og:locale\" content=\"fr_FR\" \/>\n<meta property=\"og:type\" content=\"article\" \/>\n<meta property=\"og:title\" content=\"Versandinformationen - ShopVapor\" \/>\n<meta property=\"og:description\" content=\"Willkommen auf der Versandinformationsseite von ShopVapor, Ihrem Spezialisten f\u00fcr Einweg-E-Zigaretten. Wir legen gro\u00dfen Wert darauf, dass Ihre Bestellung\" \/>\n<meta property=\"og:url\" content=\"https:\/\/shopvapor.de\/fr\/informations-dexpedition\/\" \/>\n<meta property=\"og:site_name\" content=\"ShopVapor\" \/>\n<meta name=\"twitter:card\" content=\"summary_large_image\" \/>\n<meta name=\"twitter:label1\" content=\"Dur\u00e9e de lecture estim\u00e9e\" \/>\n\t<meta name=\"twitter:data1\" content=\"2 minutes\" \/>\n<!-- \/ Yoast SEO plugin. -->","yoast_head_json":{"title":"Informations sur l'exp\u00e9dition - ShopVapor","description":"Bienvenue sur la page d'informations sur l'exp\u00e9dition de ShopVapor, votre sp\u00e9cialiste des cigarettes \u00e9lectroniques jetables. Nous attachons une grande importance \u00e0 votre commande","robots":{"index":"index","follow":"follow","max-snippet":"max-snippet:-1","max-image-preview":"max-image-preview:large","max-video-preview":"max-video-preview:-1"},"canonical":"https:\/\/shopvapor.de\/fr\/informations-dexpedition\/","og_locale":"fr_FR","og_type":"article","og_title":"Versandinformationen - ShopVapor","og_description":"Willkommen auf der Versandinformationsseite von ShopVapor, Ihrem Spezialisten f\u00fcr Einweg-E-Zigaretten. Wir legen gro\u00dfen Wert darauf, dass Ihre Bestellung","og_url":"https:\/\/shopvapor.de\/fr\/informations-dexpedition\/","og_site_name":"ShopVapor","twitter_card":"summary_large_image","twitter_misc":{"Dur\u00e9e de lecture estim\u00e9e":"2 minutes"},"schema":{"@context":"https:\/\/schema.org","@graph":[{"@type":"WebPage","@id":"https:\/\/shopvapor.de\/versandinformationen\/","url":"https:\/\/shopvapor.de\/versandinformationen\/","name":"Informations sur l'exp\u00e9dition - ShopVapor","isPartOf":{"@id":"https:\/\/shopvapor.de\/#website"},"datePublished":"2025-07-13T11:45:03+00:00","description":"Bienvenue sur la page d'informations sur l'exp\u00e9dition de ShopVapor, votre sp\u00e9cialiste des cigarettes \u00e9lectroniques jetables. Nous attachons une grande importance \u00e0 votre commande","breadcrumb":{"@id":"https:\/\/shopvapor.de\/versandinformationen\/#breadcrumb"},"inLanguage":"fr-FR","potentialAction":[{"@type":"ReadAction","target":["https:\/\/shopvapor.de\/versandinformationen\/"]}]},{"@type":"BreadcrumbList","@id":"https:\/\/shopvapor.de\/versandinformationen\/#breadcrumb","itemListElement":[{"@type":"ListItem","position":1,"name":"Startseite","item":"https:\/\/shopvapor.de\/"},{"@type":"ListItem","position":2,"name":"Versandinformationen"}]},{"@type":"WebSite","@id":"https:\/\/shopvapor.de\/#website","url":"https:\/\/shopvapor.de\/","name":"ShopVapor","description":"","potentialAction":[{"@type":"SearchAction","target":{"@type":"EntryPoint","urlTemplate":"https:\/\/shopvapor.de\/?s={search_term_string}"},"query-input":{"@type":"PropertyValueSpecification","valueRequired":true,"valueName":"search_term_string"}}],"inLanguage":"fr-FR"}]}},"_links":{"self":[{"href":"https:\/\/shopvapor.de\/fr\/wp-json\/wp\/v2\/pages\/11637","targetHints":{"allow":["GET"]}}],"collection":[{"href":"https:\/\/shopvapor.de\/fr\/wp-json\/wp\/v2\/pages"}],"about":[{"href":"https:\/\/shopvapor.de\/fr\/wp-json\/wp\/v2\/types\/page"}],"author":[{"embeddable":true,"href":"https:\/\/shopvapor.de\/fr\/wp-json\/wp\/v2\/users\/1"}],"replies":[{"embeddable":true,"href":"https:\/\/shopvapor.de\/fr\/wp-json\/wp\/v2\/comments?post=11637"}],"version-history":[{"count":1,"href":"https:\/\/shopvapor.de\/fr\/wp-json\/wp\/v2\/pages\/11637\/revisions"}],"predecessor-version":[{"id":11638,"href":"https:\/\/shopvapor.de\/fr\/wp-json\/wp\/v2\/pages\/11637\/revisions\/11638"}],"wp:attachment":[{"href":"https:\/\/shopvapor.de\/fr\/wp-json\/wp\/v2\/media?parent=11637"}],"curies":[{"name":"WP","href":"https:\/\/api.w.org\/{rel}","templated":true}]}}