{"id":11639,"date":"2025-07-13T12:05:45","date_gmt":"2025-07-13T12:05:45","guid":{"rendered":"https:\/\/shopvapor.de\/?page_id=11639"},"modified":"2025-07-13T12:05:45","modified_gmt":"2025-07-13T12:05:45","slug":"paiement-securise","status":"publish","type":"page","link":"https:\/\/shopvapor.de\/fr\/paiement-securise\/","title":{"rendered":"Paiement s\u00e9curis\u00e9"},"content":{"rendered":"<div>\n<p dir=\"auto\">Bienvenue sur notre page de paiement s\u00e9curis\u00e9. Chez ShopVapor, votre sp\u00e9cialiste des cigarettes \u00e9lectroniques jetables de haute qualit\u00e9, la s\u00e9curit\u00e9 de vos transactions est la priorit\u00e9 absolue. Nous connaissons l'importance de la protection de vos donn\u00e9es personnelles et financi\u00e8res, en particulier dans le domaine des produits e-cigarette. Bas\u00e9 sur les meilleures pratiques \u00e9prouv\u00e9es pour les paiements s\u00e9curis\u00e9s dans l'industrie (tels que le cryptage SSL et la conformit\u00e9 aux normes PCI DSS), nous nous assurons que chaque achat se d\u00e9roule sans heurts et sans risque. Notre plateforme r\u00e9pond \u00e0 des exigences r\u00e9glementaires strictes, y compris la v\u00e9rification de l'\u00e2ge, pour garantir que seuls les clients adultes (18+) peuvent magasiner.<\/p>\n<h4 dir=\"auto\">Nos modes de paiement<\/h4>\n<p dir=\"auto\">Nous proposons une s\u00e9lection d'options de paiement fiables et flexibles adapt\u00e9es \u00e0 vos besoins. Toutes les m\u00e9thodes sont fournies avec les normes de s\u00e9curit\u00e9 les plus \u00e9lev\u00e9es pour pr\u00e9venir la fraude et crypter vos donn\u00e9es\u00a0:<\/p>\n<ul dir=\"auto\">\n<li><strong>paypal<\/strong>: La solution de portefeuille populaire et s\u00e9curis\u00e9e pour les paiements rapides. Avec PayPal, vous b\u00e9n\u00e9ficiez de la protection de l'acheteur et vous n'avez besoin d'aucune donn\u00e9e de carte de cr\u00e9dit directement sur notre site. Connectez-vous et payez simplement - id\u00e9al pour les achats en ligne s\u00e9curis\u00e9s de cigarettes \u00e9lectroniques jetables.<\/li>\n<li><strong>carte de cr\u00e9dit<\/strong>: Nous acceptons les cartes courantes comme Visa, Mastercard et American Express. Toutes les transactions sont trait\u00e9es par un fournisseur de paiement certifi\u00e9 conforme \u00e0 la norme PCI-DSS. Les donn\u00e9es de votre carte ne sont jamais stock\u00e9es sur nos serveurs, mais transmises directement crypt\u00e9es.<\/li>\n<li><strong>crypto-monnaie<\/strong>: Pour les paiements modernes et anonymes, nous prenons en charge les monnaies virtuelles courantes telles que Bitcoin (BTC) et Ethereum (ETH). Cette option offre une confidentialit\u00e9 suppl\u00e9mentaire et est trait\u00e9e gr\u00e2ce \u00e0 la technologie de blockchain s\u00e9curis\u00e9e. Aucun d\u00e9tail bancaire sensible requis - parfait pour les achats discrets.<\/li>\n<\/ul>\n<h4 dir=\"auto\">Pourquoi notre paiement est-il s\u00e9curis\u00e9 ?<\/h4>\n<ul dir=\"auto\">\n<li><strong>cryptage<\/strong>: Chaque paiement est prot\u00e9g\u00e9 par un cryptage SSL 256 bits qui prot\u00e8ge vos donn\u00e9es contre les acc\u00e8s non autoris\u00e9s. Ceci est conforme aux normes les plus \u00e9lev\u00e9es de l'industrie du commerce \u00e9lectronique pour les produits sensibles tels que les cigarettes \u00e9lectroniques jetables.<\/li>\n<li><strong>V\u00e9rification de l'\u00e2ge et de l<\/strong>: Conform\u00e9ment aux exigences l\u00e9gales (par exemple, la loi sur la protection de la jeunesse), nous effectuons une v\u00e9rification automatis\u00e9e de l'\u00e2ge. Seuls les acheteurs confirm\u00e9s \u00e2g\u00e9s de 18\u00a0ans et plus peuvent terminer l'achat.<\/li>\n<li><strong>Protection contre les fraudes<\/strong>: Nos syst\u00e8mes contr\u00f4lent les transactions en temps r\u00e9el pour des activit\u00e9s suspectes. En cas de probl\u00e8me, notre \u00e9quipe d'assistance est disponible 24h\/24 et 7j\/7.<\/li>\n<li><strong>intimit\u00e9<\/strong>: Nous traitons vos donn\u00e9es exclusivement conform\u00e9ment au RGPD. Lisez notre <a href=\"https:\/\/www.shopvapor.com\/datenschutz\" target=\"_blank\" rel=\"noopener noreferrer nofollow\">D\u00e9claration de confidentialit\u00e9<\/a> Pour des informations d\u00e9taill\u00e9es. Pas de transfert \u00e0 des tiers sans votre consentement.<\/li>\n<\/ul>\n<p dir=\"auto\">Si vous avez des questions sur nos m\u00e9thodes de paiement ou si vous avez besoin d'aide, veuillez nous contacter \u00e0 l'adresse <a href=\"mailto:support@shopvapor.com\" target=\"_blank\" rel=\"noopener noreferrer nofollow\">support@shoppor.com<\/a> ou via le chat. Merci de faire confiance \u00e0 ShopVapor - votre partenaire pour des cigarettes \u00e9lectroniques jetables s\u00fbres et agr\u00e9ables\u00a0!<\/p>\n<\/div>","protected":false},"excerpt":{"rendered":"<p>Bienvenue sur notre page de paiement s\u00e9curis\u00e9. Chez ShopVapor, votre sp\u00e9cialiste des cigarettes \u00e9lectroniques jetables de haute qualit\u00e9, la s\u00e9curit\u00e9 de vos transactions est la priorit\u00e9 absolue.<\/p>","protected":false},"author":1,"featured_media":0,"parent":0,"menu_order":0,"comment_status":"closed","ping_status":"closed","template":"","meta":{"footnotes":""},"class_list":["post-11639","page","type-page","status-publish","hentry"],"yoast_head":"<!-- This site is optimized with the Yoast SEO plugin v25.8 - https:\/\/yoast.com\/wordpress\/plugins\/seo\/ -->\n<title>Sichere Zahlung - ShopVapor<\/title>\n<meta name=\"description\" content=\"Willkommen auf unserer sicheren Zahlungsseite. Bei ShopVapor, Ihrem Spezialisten f\u00fcr hochwertige Einweg-E-Zigaretten, steht die Sicherheit Ihrer\" \/>\n<meta name=\"robots\" content=\"index, follow, max-snippet:-1, max-image-preview:large, max-video-preview:-1\" \/>\n<link rel=\"canonical\" href=\"https:\/\/shopvapor.de\/fr\/paiement-securise\/\" \/>\n<meta property=\"og:locale\" content=\"fr_FR\" \/>\n<meta property=\"og:type\" content=\"article\" \/>\n<meta property=\"og:title\" content=\"Sichere Zahlung - ShopVapor\" \/>\n<meta property=\"og:description\" content=\"Willkommen auf unserer sicheren Zahlungsseite. Bei ShopVapor, Ihrem Spezialisten f\u00fcr hochwertige Einweg-E-Zigaretten, steht die Sicherheit Ihrer\" \/>\n<meta property=\"og:url\" content=\"https:\/\/shopvapor.de\/fr\/paiement-securise\/\" \/>\n<meta property=\"og:site_name\" content=\"ShopVapor\" \/>\n<meta name=\"twitter:card\" content=\"summary_large_image\" \/>\n<meta name=\"twitter:label1\" content=\"Dur\u00e9e de lecture estim\u00e9e\" \/>\n\t<meta name=\"twitter:data1\" content=\"2 minutes\" \/>\n<!-- \/ Yoast SEO plugin. -->","yoast_head_json":{"title":"Paiement s\u00e9curis\u00e9 - ShopVapor","description":"Bienvenue sur notre page de paiement s\u00e9curis\u00e9. Chez ShopVapor, votre sp\u00e9cialiste des cigarettes \u00e9lectroniques jetables de haute qualit\u00e9, la s\u00e9curit\u00e9 de votre","robots":{"index":"index","follow":"follow","max-snippet":"max-snippet:-1","max-image-preview":"max-image-preview:large","max-video-preview":"max-video-preview:-1"},"canonical":"https:\/\/shopvapor.de\/fr\/paiement-securise\/","og_locale":"fr_FR","og_type":"article","og_title":"Sichere Zahlung - ShopVapor","og_description":"Willkommen auf unserer sicheren Zahlungsseite. Bei ShopVapor, Ihrem Spezialisten f\u00fcr hochwertige Einweg-E-Zigaretten, steht die Sicherheit Ihrer","og_url":"https:\/\/shopvapor.de\/fr\/paiement-securise\/","og_site_name":"ShopVapor","twitter_card":"summary_large_image","twitter_misc":{"Dur\u00e9e de lecture estim\u00e9e":"2 minutes"},"schema":{"@context":"https:\/\/schema.org","@graph":[{"@type":"WebPage","@id":"https:\/\/shopvapor.de\/sichere-zahlung\/","url":"https:\/\/shopvapor.de\/sichere-zahlung\/","name":"Paiement s\u00e9curis\u00e9 - ShopVapor","isPartOf":{"@id":"https:\/\/shopvapor.de\/#website"},"datePublished":"2025-07-13T12:05:45+00:00","description":"Bienvenue sur notre page de paiement s\u00e9curis\u00e9. Chez ShopVapor, votre sp\u00e9cialiste des cigarettes \u00e9lectroniques jetables de haute qualit\u00e9, la s\u00e9curit\u00e9 de votre","breadcrumb":{"@id":"https:\/\/shopvapor.de\/sichere-zahlung\/#breadcrumb"},"inLanguage":"fr-FR","potentialAction":[{"@type":"ReadAction","target":["https:\/\/shopvapor.de\/sichere-zahlung\/"]}]},{"@type":"BreadcrumbList","@id":"https:\/\/shopvapor.de\/sichere-zahlung\/#breadcrumb","itemListElement":[{"@type":"ListItem","position":1,"name":"Startseite","item":"https:\/\/shopvapor.de\/"},{"@type":"ListItem","position":2,"name":"Sichere Zahlung"}]},{"@type":"WebSite","@id":"https:\/\/shopvapor.de\/#website","url":"https:\/\/shopvapor.de\/","name":"ShopVapor","description":"","potentialAction":[{"@type":"SearchAction","target":{"@type":"EntryPoint","urlTemplate":"https:\/\/shopvapor.de\/?s={search_term_string}"},"query-input":{"@type":"PropertyValueSpecification","valueRequired":true,"valueName":"search_term_string"}}],"inLanguage":"fr-FR"}]}},"_links":{"self":[{"href":"https:\/\/shopvapor.de\/fr\/wp-json\/wp\/v2\/pages\/11639","targetHints":{"allow":["GET"]}}],"collection":[{"href":"https:\/\/shopvapor.de\/fr\/wp-json\/wp\/v2\/pages"}],"about":[{"href":"https:\/\/shopvapor.de\/fr\/wp-json\/wp\/v2\/types\/page"}],"author":[{"embeddable":true,"href":"https:\/\/shopvapor.de\/fr\/wp-json\/wp\/v2\/users\/1"}],"replies":[{"embeddable":true,"href":"https:\/\/shopvapor.de\/fr\/wp-json\/wp\/v2\/comments?post=11639"}],"version-history":[{"count":1,"href":"https:\/\/shopvapor.de\/fr\/wp-json\/wp\/v2\/pages\/11639\/revisions"}],"predecessor-version":[{"id":11640,"href":"https:\/\/shopvapor.de\/fr\/wp-json\/wp\/v2\/pages\/11639\/revisions\/11640"}],"wp:attachment":[{"href":"https:\/\/shopvapor.de\/fr\/wp-json\/wp\/v2\/media?parent=11639"}],"curies":[{"name":"WP","href":"https:\/\/api.w.org\/{rel}","templated":true}]}}