{"id":10354,"date":"2025-07-02T07:31:39","date_gmt":"2025-07-02T07:31:39","guid":{"rendered":"https:\/\/shopvapor.de\/?post_type=product&#038;p=10354"},"modified":"2025-07-15T04:03:05","modified_gmt":"2025-07-15T04:03:05","slug":"waspe-25000-25k-puffs-double-maille-25-ml-de-cigarette-electronique-jetable","status":"publish","type":"product","link":"https:\/\/shopvapor.de\/fr\/product\/waspe-25000-25k-puffs-double-maille-25-ml-de-cigarette-electronique-jetable\/","title":{"rendered":"Wasp 25000 25K Puffs Dual Mesh 25ml Jetable E-cigarette"},"content":{"rendered":"<h2>Wasp 25000 bouff\u00e9es jetables e-cigarette e-cigarette et long\u00e9vit\u00e9<\/h2>\n<p>La cigarette \u00e9lectronique jetable Waspe 25000 Puffs combine une technologie innovante et une fabrication de haute qualit\u00e9 pour offrir une exp\u00e9rience fiable et de bon go\u00fbt. Avec une capacit\u00e9 impressionnante de 25\u00a0000\u00a0trains, cet appareil est con\u00e7u pour une utilisation \u00e0 long terme. La marque Waspe est synonyme de pr\u00e9cision et de qualit\u00e9, ce qui fait de ce produit un choix de premi\u00e8re classe pour les utilisateurs exigeants. Gr\u00e2ce aux derni\u00e8res technologies telles que les bobines doubles et un \u00e9cran LCD clair, le WASPE 25000 offre une exp\u00e9rience coh\u00e9rente et conviviale, compl\u00e9t\u00e9e par une vari\u00e9t\u00e9 de saveurs.<\/p>\n<h2>Aper\u00e7u des param\u00e8tres du produit<\/h2>\n<p>Le Waspe 25000 est \u00e9quip\u00e9 de fonctions avanc\u00e9es qui assurent \u00e0 la fois des performances et un confort. Vous trouverez ci-dessous un aper\u00e7u d\u00e9taill\u00e9 des sp\u00e9cifications techniques qui caract\u00e9risent cet appareil.<\/p>\n<h3>capacit\u00e9 d'e-liquide : 25 ml<\/h3>\n<p>La capacit\u00e9 g\u00e9n\u00e9reuse de 25 ml de e-liquide permet une utilisation \u00e0 long terme sans recharge. Cette grande capacit\u00e9 garantit aux utilisateurs de profiter du nombre total de 25\u00a0000 trains sans compromettre la qualit\u00e9 du go\u00fbt.<\/p>\n<h3>Forces de la nicotine : 0 %, 2 %, 5 %<\/h3>\n<p>Le WASPE 25000 offre des r\u00e9sistances \u00e0 la nicotine de 0 %, 2 % et 5 % pour r\u00e9pondre aux besoins individuels. Sans nicotine ou avec de la nicotine, la s\u00e9lection permet une utilisation personnalis\u00e9e, qui peut \u00eatre adapt\u00e9e de mani\u00e8re flexible aux pr\u00e9f\u00e9rences de l'utilisateur.<\/p>\n<h3>Batterie : 650 mAh, rechargeable<\/h3>\n<p>Une puissante batterie de 650 mAh fournit une alimentation \u00e9lectrique fiable. La rechargeabilit\u00e9 via un port USB Type-C permet une charge rapide, minimisant les interruptions et l'appareil est toujours pr\u00eat \u00e0 l'emploi.<\/p>\n<h3>Port de charge : Type-C<\/h3>\n<p>Le connecteur de type C moderne permet une charge rapide et efficace. Cette technologie est largement utilis\u00e9e et compatible avec de nombreux chargeurs, ce qui facilite l'utilisation de l'appareil lors de vos d\u00e9placements.<\/p>\n<h3>Bobines double maille<\/h3>\n<p>Les bobines \u00e0 double maille avanc\u00e9es garantissent un chauffage uniforme et maximisent l'intensit\u00e9 des saveurs \u00e0 chaque traction. Cette technologie garantit des performances constantes et un ar\u00f4me riche tout au long de la dur\u00e9e de vie de l'appareil.<\/p>\n<h3>\u00e9cran LCD<\/h3>\n<p>L'\u00e9cran LCD int\u00e9gr\u00e9 affiche en temps r\u00e9el des informations telles que le nombre de trains restants et le niveau de la batterie. Cette fonction permet une surveillance facile et garantit une exp\u00e9rience utilisateur contr\u00f4l\u00e9e.<\/p>\n<h3>Nombre de trains : jusqu'\u00e0 25\u00a0000<\/h3>\n<p>Avec une capacit\u00e9 pouvant atteindre 25\u00a0000 trains, le WASPE 25000 offre une durabilit\u00e9 exceptionnelle. Ce nombre \u00e9lev\u00e9 de trains rend l'appareil id\u00e9al pour les utilisateurs \u00e0 la recherche d'un produit \u00e0 long terme qui n'a pas besoin d'\u00eatre remplac\u00e9 fr\u00e9quemment.<\/p>\n<h2>Vari\u00e9t\u00e9 de saveurs<\/h2>\n<p>Le Waspe 25000 propose une s\u00e9lection de dix saveurs uniques qui offrent de la vari\u00e9t\u00e9 et du plaisir. Chaque saveur a \u00e9t\u00e9 soigneusement con\u00e7ue pour offrir une exp\u00e9rience intense et authentique :<\/p>\n<ul>\n<li>Glace de past\u00e8que : past\u00e8que fra\u00eeche avec une touche froide.<\/li>\n<li>Blueberry on Ice : Bleuets aigre-doux avec une note rafra\u00eechissante.<\/li>\n<li>Past\u00e8que \u00e0 la fraise : un m\u00e9lange harmonieux de fraises et de past\u00e8que.<\/li>\n<li>Limonade de framboises aux bleuets\u00a0: combinaison de myrtilles, de framboises et de limonade.<\/li>\n<li>Glace aux cerises : cerise intense avec une fra\u00eecheur fra\u00eeche.<\/li>\n<li>Past\u00e8que de p\u00eache \u00e0 la mangue : fusion tropicale de p\u00eache, de mangue et de past\u00e8que.<\/li>\n<li>Baies m\u00e9lang\u00e9es : m\u00e9lange de baies polyvalente avec des notes aigre-douce.<\/li>\n<li>P\u00eache Ice : p\u00eache juteuse avec une finale rafra\u00eechissante.<\/li>\n<li>Kiwi \u00e0 la fraise : combinaison fruit\u00e9e de fraise et de kiwi.<\/li>\n<li>Raisin de glace : raisins doux avec une touche cool.<\/li>\n<\/ul>\n<div id=\"attachment_11816\" style=\"width: 810px\" class=\"wp-caption alignnone\"><img fetchpriority=\"high\" decoding=\"async\" aria-describedby=\"caption-attachment-11816\" class=\"wp-image-11816 size-full\" title=\"Gu\u00eape 25000 25k bouff\u00e9es\" src=\"https:\/\/shopvapor.de\/wp-content\/uploads\/2025\/07\/WASPE-25000-25K-Puffs.jpg\" alt=\"Waspe 25000 25k bouff\u00e9es\" width=\"800\" height=\"800\" srcset=\"https:\/\/shopvapor.de\/wp-content\/uploads\/2025\/07\/WASPE-25000-25K-Puffs.jpg 800w, https:\/\/shopvapor.de\/wp-content\/uploads\/2025\/07\/WASPE-25000-25K-Puffs-300x300.jpg 300w, https:\/\/shopvapor.de\/wp-content\/uploads\/2025\/07\/WASPE-25000-25K-Puffs-150x150.jpg 150w, https:\/\/shopvapor.de\/wp-content\/uploads\/2025\/07\/WASPE-25000-25K-Puffs-768x768.jpg 768w, https:\/\/shopvapor.de\/wp-content\/uploads\/2025\/07\/WASPE-25000-25K-Puffs-430x430.jpg 430w, https:\/\/shopvapor.de\/wp-content\/uploads\/2025\/07\/WASPE-25000-25K-Puffs-700x700.jpg 700w, https:\/\/shopvapor.de\/wp-content\/uploads\/2025\/07\/WASPE-25000-25K-Puffs-180x180.jpg 180w\" sizes=\"(max-width: 800px) 100vw, 800px\" \/><p id=\"caption-attachment-11816\" class=\"wp-caption-text\">\u00a0<\/p><\/div>\n<h2>Foire aux questions (FAQ)<\/h2>\n<p><strong>Combien de temps dure la gu\u00eape 25000 ?<\/strong><br \/>\nLa dur\u00e9e de vie d\u00e9pend de la fr\u00e9quence d'utilisation. Avec une utilisation mod\u00e9r\u00e9e, l'appareil peut durer plusieurs semaines, car il offre jusqu'\u00e0 25\u00a0000 trains.<\/p>\n<p><strong>L'appareil est-il rechargeable ?<\/strong><br \/>\nOui, le Waspe 25000 est \u00e9quip\u00e9 d'une batterie de 650 mAh qui peut \u00eatre recharg\u00e9e via le port USB Type-C.<\/p>\n<p><strong>Puis-je modifier le taux de nicotine ?<\/strong><br \/>\nLa force de la nicotine (0 %, 2 % ou 5 %) est sp\u00e9cifi\u00e9e dans l'appareil et ne peut pas \u00eatre modifi\u00e9e. Choisissez la bonne variante lors de l'achat.<\/p>\n<p><strong>Comment savoir quand l'appareil est vide ?<\/strong><br \/>\nL'\u00e9cran LCD affiche le nombre restant de trains. Lorsque le stock de e-liquide est \u00e9puis\u00e9, l'intensit\u00e9 de la saveur diminue et l'appareil produit moins de vapeur.<\/p>\n<p><strong>Toutes les saveurs sont-elles toujours disponibles ?<\/strong><br \/>\nLa disponibilit\u00e9 peut varier selon le concessionnaire. Il est recommand\u00e9 de v\u00e9rifier directement la saveur souhait\u00e9e lors de l'achat.<\/p>\n<p><strong>Comment jeter la gu\u00eape 25000 ?<\/strong><br \/>\nL'appareil doit \u00eatre \u00e9limin\u00e9 conform\u00e9ment aux r\u00e9glementations locales sur les d\u00e9chets, car il contient une batterie.<\/p>","protected":false},"excerpt":{"rendered":"<p dir=\"auto\">Wasp 25000 bouff\u00e9es de cigarettes jetables avec e-liquide de 25 ml, batterie 650 mAh, USB Type-C, bobines double maillage et \u00e9cran LCD. Jusqu'\u00e0 25\u00a0000\u00a0trains, forces nicotine 0\u00a0%, 2\u00a0%, 5\u00a0% et dix saveurs intenses.<\/p>","protected":false},"featured_media":10376,"comment_status":"open","ping_status":"closed","template":"","meta":[],"product_brand":[1158],"product_cat":[1154],"product_tag":[956,959],"class_list":{"0":"post-10354","1":"product","2":"type-product","3":"status-publish","4":"has-post-thumbnail","6":"product_brand-waspe","7":"product_cat-25000-puffs","8":"product_tag-25k-puffs","9":"product_tag-more-than-10kpuffs","11":"first","12":"instock","13":"sale","14":"shipping-taxable","15":"purchasable","16":"product-type-variable"},"yoast_head":"<!-- This site is optimized with the Yoast SEO plugin v25.8 - https:\/\/yoast.com\/wordpress\/plugins\/seo\/ -->\n<title>WASPE 25000 25K Puffs Dual Mesh 25ml Einweg-E-Zigarette Original - ShopVapor<\/title>\n<meta name=\"description\" content=\"WASPE 25000 Puffs Einweg-E-Zigarette mit 25 ml E-Liquid, 650 mAh Akku, USB-Typ-C, Dual-Mesh-Spulen und LCD-Display. Bis zu 25.000 Z\u00fcge, Nikotinst\u00e4rken 0 %, 2 %, 5 % und zehn intensive Geschmacksrichtungen.\" \/>\n<meta name=\"robots\" content=\"index, follow, max-snippet:-1, max-image-preview:large, max-video-preview:-1\" \/>\n<link rel=\"canonical\" href=\"https:\/\/shopvapor.de\/fr\/product\/waspe-25000-25k-puffs-double-maille-25-ml-de-cigarette-electronique-jetable\/\" \/>\n<meta property=\"og:locale\" content=\"fr_FR\" \/>\n<meta property=\"og:type\" content=\"article\" \/>\n<meta property=\"og:title\" content=\"WASPE 25000 25K Puffs Dual Mesh 25ml Einweg-E-Zigarette Original - ShopVapor\" \/>\n<meta property=\"og:description\" content=\"WASPE 25000 Puffs Einweg-E-Zigarette mit 25 ml E-Liquid, 650 mAh Akku, USB-Typ-C, Dual-Mesh-Spulen und LCD-Display. Bis zu 25.000 Z\u00fcge, Nikotinst\u00e4rken 0 %, 2 %, 5 % und zehn intensive Geschmacksrichtungen.\" \/>\n<meta property=\"og:url\" content=\"https:\/\/shopvapor.de\/fr\/product\/waspe-25000-25k-puffs-double-maille-25-ml-de-cigarette-electronique-jetable\/\" \/>\n<meta property=\"og:site_name\" content=\"ShopVapor\" \/>\n<meta property=\"article:modified_time\" content=\"2025-07-15T04:03:05+00:00\" \/>\n<meta property=\"og:image\" content=\"https:\/\/shopvapor.de\/wp-content\/uploads\/2025\/07\/waspe-25000-25k-puffs-dual-mesh-25ml-einweg-e-zigarette-original-10.jpg\" \/>\n\t<meta property=\"og:image:width\" content=\"800\" \/>\n\t<meta property=\"og:image:height\" content=\"800\" \/>\n\t<meta property=\"og:image:type\" content=\"image\/jpeg\" \/>\n<meta name=\"twitter:card\" content=\"summary_large_image\" \/>\n<meta name=\"twitter:label1\" content=\"Dur\u00e9e de lecture estim\u00e9e\" \/>\n\t<meta name=\"twitter:data1\" content=\"3 minutes\" \/>\n<!-- \/ Yoast SEO plugin. -->","yoast_head_json":{"title":"Wasp 25000 25K Puffs Dual Mesh 25ml Jetable E-cigarette original - ShopVapor","description":"Wasp 25000 bouff\u00e9es de cigarettes jetables avec e-liquide de 25 ml, batterie 650 mAh, USB Type-C, bobines double maillage et \u00e9cran LCD. Jusqu'\u00e0 25\u00a0000\u00a0trains, forces nicotine 0\u00a0%, 2\u00a0%, 5\u00a0% et dix saveurs intenses.","robots":{"index":"index","follow":"follow","max-snippet":"max-snippet:-1","max-image-preview":"max-image-preview:large","max-video-preview":"max-video-preview:-1"},"canonical":"https:\/\/shopvapor.de\/fr\/product\/waspe-25000-25k-puffs-double-maille-25-ml-de-cigarette-electronique-jetable\/","og_locale":"fr_FR","og_type":"article","og_title":"WASPE 25000 25K Puffs Dual Mesh 25ml Einweg-E-Zigarette Original - ShopVapor","og_description":"WASPE 25000 Puffs Einweg-E-Zigarette mit 25 ml E-Liquid, 650 mAh Akku, USB-Typ-C, Dual-Mesh-Spulen und LCD-Display. Bis zu 25.000 Z\u00fcge, Nikotinst\u00e4rken 0 %, 2 %, 5 % und zehn intensive Geschmacksrichtungen.","og_url":"https:\/\/shopvapor.de\/fr\/product\/waspe-25000-25k-puffs-double-maille-25-ml-de-cigarette-electronique-jetable\/","og_site_name":"ShopVapor","article_modified_time":"2025-07-15T04:03:05+00:00","og_image":[{"width":800,"height":800,"url":"https:\/\/shopvapor.de\/wp-content\/uploads\/2025\/07\/waspe-25000-25k-puffs-dual-mesh-25ml-einweg-e-zigarette-original-10.jpg","type":"image\/jpeg"}],"twitter_card":"summary_large_image","twitter_misc":{"Dur\u00e9e de lecture estim\u00e9e":"3 minutes"},"schema":{"@context":"https:\/\/schema.org","@graph":[{"@type":"WebPage","@id":"https:\/\/shopvapor.de\/produkt\/waspe-25000-25k-puffs-dual-mesh-25ml-einweg-e-zigarette-original\/","url":"https:\/\/shopvapor.de\/produkt\/waspe-25000-25k-puffs-dual-mesh-25ml-einweg-e-zigarette-original\/","name":"Wasp 25000 25K Puffs Dual Mesh 25ml Jetable E-cigarette original - ShopVapor","isPartOf":{"@id":"https:\/\/shopvapor.de\/#website"},"primaryImageOfPage":{"@id":"https:\/\/shopvapor.de\/produkt\/waspe-25000-25k-puffs-dual-mesh-25ml-einweg-e-zigarette-original\/#primaryimage"},"image":{"@id":"https:\/\/shopvapor.de\/produkt\/waspe-25000-25k-puffs-dual-mesh-25ml-einweg-e-zigarette-original\/#primaryimage"},"thumbnailUrl":"https:\/\/shopvapor.de\/wp-content\/uploads\/2025\/07\/waspe-25000-25k-puffs-dual-mesh-25ml-einweg-e-zigarette-original-10.jpg","datePublished":"2025-07-02T07:31:39+00:00","dateModified":"2025-07-15T04:03:05+00:00","description":"Wasp 25000 bouff\u00e9es de cigarettes jetables avec e-liquide de 25 ml, batterie 650 mAh, USB Type-C, bobines double maillage et \u00e9cran LCD. Jusqu'\u00e0 25\u00a0000\u00a0trains, forces nicotine 0\u00a0%, 2\u00a0%, 5\u00a0% et dix saveurs intenses.","breadcrumb":{"@id":"https:\/\/shopvapor.de\/produkt\/waspe-25000-25k-puffs-dual-mesh-25ml-einweg-e-zigarette-original\/#breadcrumb"},"inLanguage":"fr-FR","potentialAction":[{"@type":"ReadAction","target":["https:\/\/shopvapor.de\/produkt\/waspe-25000-25k-puffs-dual-mesh-25ml-einweg-e-zigarette-original\/"]}]},{"@type":"ImageObject","inLanguage":"fr-FR","@id":"https:\/\/shopvapor.de\/produkt\/waspe-25000-25k-puffs-dual-mesh-25ml-einweg-e-zigarette-original\/#primaryimage","url":"https:\/\/shopvapor.de\/wp-content\/uploads\/2025\/07\/waspe-25000-25k-puffs-dual-mesh-25ml-einweg-e-zigarette-original-10.jpg","contentUrl":"https:\/\/shopvapor.de\/wp-content\/uploads\/2025\/07\/waspe-25000-25k-puffs-dual-mesh-25ml-einweg-e-zigarette-original-10.jpg","width":800,"height":800},{"@type":"BreadcrumbList","@id":"https:\/\/shopvapor.de\/produkt\/waspe-25000-25k-puffs-dual-mesh-25ml-einweg-e-zigarette-original\/#breadcrumb","itemListElement":[{"@type":"ListItem","position":1,"name":"Startseite","item":"https:\/\/shopvapor.de\/"},{"@type":"ListItem","position":2,"name":"Shop","item":"https:\/\/shopvapor.de\/shop\/"},{"@type":"ListItem","position":3,"name":"WASPE 25000 25K Puffs Dual Mesh 25ml Einweg-E-Zigarette Original"}]},{"@type":"WebSite","@id":"https:\/\/shopvapor.de\/#website","url":"https:\/\/shopvapor.de\/","name":"ShopVapor","description":"","potentialAction":[{"@type":"SearchAction","target":{"@type":"EntryPoint","urlTemplate":"https:\/\/shopvapor.de\/?s={search_term_string}"},"query-input":{"@type":"PropertyValueSpecification","valueRequired":true,"valueName":"search_term_string"}}],"inLanguage":"fr-FR"}]}},"_links":{"self":[{"href":"https:\/\/shopvapor.de\/fr\/wp-json\/wp\/v2\/product\/10354","targetHints":{"allow":["GET"]}}],"collection":[{"href":"https:\/\/shopvapor.de\/fr\/wp-json\/wp\/v2\/product"}],"about":[{"href":"https:\/\/shopvapor.de\/fr\/wp-json\/wp\/v2\/types\/product"}],"replies":[{"embeddable":true,"href":"https:\/\/shopvapor.de\/fr\/wp-json\/wp\/v2\/comments?post=10354"}],"version-history":[{"count":3,"href":"https:\/\/shopvapor.de\/fr\/wp-json\/wp\/v2\/product\/10354\/revisions"}],"predecessor-version":[{"id":11817,"href":"https:\/\/shopvapor.de\/fr\/wp-json\/wp\/v2\/product\/10354\/revisions\/11817"}],"wp:featuredmedia":[{"embeddable":true,"href":"https:\/\/shopvapor.de\/fr\/wp-json\/wp\/v2\/media\/10376"}],"wp:attachment":[{"href":"https:\/\/shopvapor.de\/fr\/wp-json\/wp\/v2\/media?parent=10354"}],"wp:term":[{"taxonomy":"product_brand","embeddable":true,"href":"https:\/\/shopvapor.de\/fr\/wp-json\/wp\/v2\/product_brand?post=10354"},{"taxonomy":"product_cat","embeddable":true,"href":"https:\/\/shopvapor.de\/fr\/wp-json\/wp\/v2\/product_cat?post=10354"},{"taxonomy":"product_tag","embeddable":true,"href":"https:\/\/shopvapor.de\/fr\/wp-json\/wp\/v2\/product_tag?post=10354"}],"curies":[{"name":"WP","href":"https:\/\/api.w.org\/{rel}","templated":true}]}}