{"id":10841,"date":"2025-07-02T08:15:27","date_gmt":"2025-07-02T08:15:27","guid":{"rendered":"https:\/\/shopvapor.de\/?post_type=product&#038;p=10841"},"modified":"2025-10-07T08:03:49","modified_gmt":"2025-10-07T08:03:49","slug":"vapsolo-twins-20000-puffs-dual-flavors-25-ml-de-cigarette-electronique-jetable","status":"publish","type":"product","link":"https:\/\/shopvapor.de\/fr\/product\/vapsolo-twins-20000-puffs-dual-flavors-25-ml-de-cigarette-electronique-jetable\/","title":{"rendered":"E-cigarette jetable VapSolo Twins 20000 Puffs Dual Flavors 25ml"},"content":{"rendered":"<h2>Introduction aux jumeaux Vapsolo 20000<\/h2>\n<p>Le Vapsolo Twins 20000 est une e-cigarette jetable r\u00e9volutionnaire qui impressionne avec son syst\u00e8me \u00e0 double r\u00e9servoir et ses impressionnants 20 000 trains. Avec une capacit\u00e9 de 25 ml de liquides \u00e9lectroniques, une batterie rechargeable de 650 mAh et un \u00e9cran intelligent, il offre une exp\u00e9rience de vapotage sans pr\u00e9c\u00e9dent. Cette e-cigarette est id\u00e9ale pour les utilisateurs exigeants qui appr\u00e9cient la qualit\u00e9, la polyvalence et le confort.<\/p>\n<h2>Param\u00e8tres du produit et d\u00e9tails techniques<\/h2>\n<p>Le Vapsolo Twins 20000 allie une technologie de pointe \u00e0 un design convivial. Voici les sp\u00e9cifications techniques compl\u00e8tes :<\/p>\n<ol>\n<li>capacit\u00e9 d'e-liquide : 25 ml<\/li>\n<li>Forces de la nicotine : 2 % et 5 %<\/li>\n<li>Maximum de trains : 20\u00a0000<\/li>\n<li>Batterie : 650 mAh, rechargeable avec Type-C<\/li>\n<li>Bobine de maille : r\u00e9sistance de 1,0 \u03a9<\/li>\n<li>Syst\u00e8me double r\u00e9servoir pour deux saveurs<\/li>\n<li>Affichage LED intelligent<\/li>\n<li>D\u00e9bit d'air r\u00e9glable<\/li>\n<\/ol>\n<h2>Go\u00fbts<\/h2>\n<p>Le Vapolo Twins 20000 offre une large gamme de doubles saveurs soigneusement d\u00e9velopp\u00e9es, qui permettent une exp\u00e9rience de vapotage intense et vari\u00e9e. Voici toutes les combinaisons disponibles :<\/p>\n<ul>\n<li>Ananas Noix de coco et glace de past\u00e8que<\/li>\n<li>Limonade bleue Razz &amp; citron vert<\/li>\n<li>Glace aux myrtilles et cerise p\u00e9tillante<\/li>\n<li>Kiwi aux fraises et fraise framboise Glace aux cerises<\/li>\n<li>Past\u00e8que triple melon et framboise<\/li>\n<li>Glace au raisin et fraise kiwi<\/li>\n<li>Citron au citron et glace \u00e0 la past\u00e8que<\/li>\n<li>Past\u00e8que \u00e0 la mangue et rouge taureau orange<\/li>\n<li>Ananas Noix de coco et banane fraise<\/li>\n<li>Fruit de glace noire de fruits de dragon aux fraises et framboises<\/li>\n<li>Glace \u00e0 la past\u00e8que et baies m\u00e9lang\u00e9es<\/li>\n<li>Coco triple melon et ananas<\/li>\n<li>Glace \u00e0 la fraise et \u00e0 la mangue et \u00e0 la past\u00e8que<\/li>\n<li>Banane et cerise p\u00e9tillante aux fraises<\/li>\n<li>Glace aux cerises et aux raisins de la fraise et de la framboise<\/li>\n<li>Glace et mangue \u00e0 la fraise et \u00e0 la fraise<\/li>\n<\/ul>\n<h2>Propri\u00e9t\u00e9s sp\u00e9ciales<\/h2>\n<h3>capacit\u00e9 d'e-liquide : 25 ml<\/h3>\n<p>La capacit\u00e9 g\u00e9n\u00e9reuse de 25 ml assure une utilisation \u00e0 long terme sans recharge. Le syst\u00e8me \u00e0 double r\u00e9servoir vous permet de profiter de deux saveurs en m\u00eame temps.<\/p>\n<h3>Batterie rechargeable<\/h3>\n<p>La batterie de 650 mAh est rechargeable avec le type C et offre une dur\u00e9e de charge rapide et efficace. Cela garantit que la batterie prend en charge la totalit\u00e9 du montant du e-liquide.<\/p>\n<h3>Affichage LED intelligent<\/h3>\n<p>L'\u00e9cran LED affiche des informations en temps r\u00e9el sur l'\u00e9tat du e-liquide et la dur\u00e9e de vie de la batterie, ce qui permet une utilisation pr\u00e9cise.<\/p>\n<h3>spirale<\/h3>\n<p>La bobine de maille de 1,0 \u03a9 assure un chauffage uniforme du e-liquide et garantit une exp\u00e9rience gustative intense.<\/p>\n<h3>D\u00e9bit d'air r\u00e9glable<\/h3>\n<p>Le flux d'air r\u00e9glable permet aux utilisateurs de personnaliser l'intensit\u00e9 du train, ce qui est id\u00e9al pour les d\u00e9butants et les utilisateurs exp\u00e9riment\u00e9s.<\/p>\n<h2>FAQ<\/h2>\n<p><strong>Combien de temps dure le Vapsolo Twins 20000 ?<\/strong><br \/>\nLa dur\u00e9e de vie d\u00e9pend de l'utilisation. Avec une utilisation mod\u00e9r\u00e9e, l'appareil peut durer jusqu'\u00e0 deux mois.<\/p>\n<p><strong>Puis-je basculer entre les saveurs\u00a0?<\/strong><br \/>\nOui, l'embout buccal rotatif permet de basculer facilement entre les deux saveurs.<\/p>\n<p><strong>Comment recharger la batterie ?<\/strong><br \/>\nLa batterie est rechargeable avec un c\u00e2ble de type C. Une charge compl\u00e8te prend environ 30 \u00e0 45 minutes.<\/p>\n<p><img fetchpriority=\"high\" decoding=\"async\" src=\"https:\/\/shopvapor.de\/wp-content\/uploads\/2025\/07\/VapSolo-Twins-20000-Puffs-scaled.webp\" alt=\"Vapsolo Twins 20000 bouff\u00e9es\" width=\"2560\" height=\"1440\" \/><\/p>","protected":false},"excerpt":{"rendered":"<p>D\u00e9couvrez les Vapsolo Twins 20000 - une cigarette \u00e9lectronique jetable de haute qualit\u00e9 avec 25 ml de e-liquide, 20 000 trains et un syst\u00e8me \u00e0 double r\u00e9servoir. Avec une batterie rechargeable de 650 mAh, un affichage intelligent et des directions de go\u00fbt doubles, il offre une exp\u00e9rience intense et polyvalente. Parfait pour les utilisateurs exigeants qui appr\u00e9cient la qualit\u00e9 et le confort.<\/p>","protected":false},"featured_media":10844,"comment_status":"open","ping_status":"closed","template":"","meta":[],"product_brand":[1152],"product_cat":[1164],"product_tag":[1013,1014,1015,1016,1017,1018],"class_list":{"0":"post-10841","1":"product","2":"type-product","3":"status-publish","4":"has-post-thumbnail","6":"product_brand-vapsolo","7":"product_cat-20000-puffs","8":"product_tag-all-product","9":"product_tag-brand","10":"product_tag-disposable","11":"product_tag-eu-warehouse-vape","12":"product_tag-new-arrival","13":"product_tag-vapsolo","15":"first","16":"instock","17":"sale","18":"shipping-taxable","19":"purchasable","20":"product-type-variable"},"yoast_head":"<!-- This site is optimized with the Yoast SEO plugin v25.8 - https:\/\/yoast.com\/wordpress\/plugins\/seo\/ -->\n<title>VapSolo Twins 20000 Puffs Dual Flavors 25ml Einweg-E-Zigarette - ShopVapor<\/title>\n<meta name=\"description\" content=\"Entdecken Sie die VapSolo Twins 20000 \u2013 eine hochwertige Einweg-E-Zigarette mit 25 ml E-Liquid, 20.000 Z\u00fcgen und Dual-Tank-System. Mit wiederaufladbarem 650-mAh-Akku, intelligentem Display und Doppel-Geschmacksrichtungen bietet sie ein intensives und vielseitiges Erlebnis. Perfekt f\u00fcr anspruchsvolle Nutzer, die Qualit\u00e4t und Komfort sch\u00e4tzen.\" \/>\n<meta name=\"robots\" content=\"index, follow, max-snippet:-1, max-image-preview:large, max-video-preview:-1\" \/>\n<link rel=\"canonical\" href=\"https:\/\/shopvapor.de\/fr\/product\/vapsolo-twins-20000-puffs-dual-flavors-25-ml-de-cigarette-electronique-jetable\/\" \/>\n<meta property=\"og:locale\" content=\"fr_FR\" \/>\n<meta property=\"og:type\" content=\"article\" \/>\n<meta property=\"og:title\" content=\"VapSolo Twins 20000 Puffs Dual Flavors 25ml Einweg-E-Zigarette - ShopVapor\" \/>\n<meta property=\"og:description\" content=\"Entdecken Sie die VapSolo Twins 20000 \u2013 eine hochwertige Einweg-E-Zigarette mit 25 ml E-Liquid, 20.000 Z\u00fcgen und Dual-Tank-System. Mit wiederaufladbarem 650-mAh-Akku, intelligentem Display und Doppel-Geschmacksrichtungen bietet sie ein intensives und vielseitiges Erlebnis. Perfekt f\u00fcr anspruchsvolle Nutzer, die Qualit\u00e4t und Komfort sch\u00e4tzen.\" \/>\n<meta property=\"og:url\" content=\"https:\/\/shopvapor.de\/fr\/product\/vapsolo-twins-20000-puffs-dual-flavors-25-ml-de-cigarette-electronique-jetable\/\" \/>\n<meta property=\"og:site_name\" content=\"ShopVapor\" \/>\n<meta property=\"article:modified_time\" content=\"2025-10-07T08:03:49+00:00\" \/>\n<meta property=\"og:image\" content=\"https:\/\/shopvapor.de\/wp-content\/uploads\/2025\/07\/vapsolo-twins-20000-puffs-dual-flavors-25ml-einweg-e-zigarette-3.jpg\" \/>\n\t<meta property=\"og:image:width\" content=\"800\" \/>\n\t<meta property=\"og:image:height\" content=\"800\" \/>\n\t<meta property=\"og:image:type\" content=\"image\/jpeg\" \/>\n<meta name=\"twitter:card\" content=\"summary_large_image\" \/>\n<meta name=\"twitter:label1\" content=\"Dur\u00e9e de lecture estim\u00e9e\" \/>\n\t<meta name=\"twitter:data1\" content=\"3 minutes\" \/>\n<!-- \/ Yoast SEO plugin. -->","yoast_head_json":{"title":"Vapsolo Twins 20000 Puffs Dual Flavors 25 ml Jetable E-cigarette - ShopVapor","description":"D\u00e9couvrez les Vapsolo Twins 20000 - une cigarette \u00e9lectronique jetable de haute qualit\u00e9 avec 25 ml de e-liquide, 20 000 trains et un syst\u00e8me \u00e0 double r\u00e9servoir. Avec une batterie rechargeable de 650 mAh, un affichage intelligent et des directions de go\u00fbt doubles, il offre une exp\u00e9rience intense et polyvalente. Parfait pour les utilisateurs exigeants qui appr\u00e9cient la qualit\u00e9 et le confort.","robots":{"index":"index","follow":"follow","max-snippet":"max-snippet:-1","max-image-preview":"max-image-preview:large","max-video-preview":"max-video-preview:-1"},"canonical":"https:\/\/shopvapor.de\/fr\/product\/vapsolo-twins-20000-puffs-dual-flavors-25-ml-de-cigarette-electronique-jetable\/","og_locale":"fr_FR","og_type":"article","og_title":"VapSolo Twins 20000 Puffs Dual Flavors 25ml Einweg-E-Zigarette - ShopVapor","og_description":"Entdecken Sie die VapSolo Twins 20000 \u2013 eine hochwertige Einweg-E-Zigarette mit 25 ml E-Liquid, 20.000 Z\u00fcgen und Dual-Tank-System. Mit wiederaufladbarem 650-mAh-Akku, intelligentem Display und Doppel-Geschmacksrichtungen bietet sie ein intensives und vielseitiges Erlebnis. Perfekt f\u00fcr anspruchsvolle Nutzer, die Qualit\u00e4t und Komfort sch\u00e4tzen.","og_url":"https:\/\/shopvapor.de\/fr\/product\/vapsolo-twins-20000-puffs-dual-flavors-25-ml-de-cigarette-electronique-jetable\/","og_site_name":"ShopVapor","article_modified_time":"2025-10-07T08:03:49+00:00","og_image":[{"width":800,"height":800,"url":"https:\/\/shopvapor.de\/wp-content\/uploads\/2025\/07\/vapsolo-twins-20000-puffs-dual-flavors-25ml-einweg-e-zigarette-3.jpg","type":"image\/jpeg"}],"twitter_card":"summary_large_image","twitter_misc":{"Dur\u00e9e de lecture estim\u00e9e":"3 minutes"},"schema":{"@context":"https:\/\/schema.org","@graph":[{"@type":"WebPage","@id":"https:\/\/shopvapor.de\/produkt\/vapsolo-twins-20000-puffs-dual-flavors-25ml-einweg-e-zigarette\/","url":"https:\/\/shopvapor.de\/produkt\/vapsolo-twins-20000-puffs-dual-flavors-25ml-einweg-e-zigarette\/","name":"Vapsolo Twins 20000 Puffs Dual Flavors 25 ml Jetable E-cigarette - ShopVapor","isPartOf":{"@id":"https:\/\/shopvapor.de\/#website"},"primaryImageOfPage":{"@id":"https:\/\/shopvapor.de\/produkt\/vapsolo-twins-20000-puffs-dual-flavors-25ml-einweg-e-zigarette\/#primaryimage"},"image":{"@id":"https:\/\/shopvapor.de\/produkt\/vapsolo-twins-20000-puffs-dual-flavors-25ml-einweg-e-zigarette\/#primaryimage"},"thumbnailUrl":"https:\/\/shopvapor.de\/wp-content\/uploads\/2025\/07\/vapsolo-twins-20000-puffs-dual-flavors-25ml-einweg-e-zigarette-3.jpg","datePublished":"2025-07-02T08:15:27+00:00","dateModified":"2025-10-07T08:03:49+00:00","description":"D\u00e9couvrez les Vapsolo Twins 20000 - une cigarette \u00e9lectronique jetable de haute qualit\u00e9 avec 25 ml de e-liquide, 20 000 trains et un syst\u00e8me \u00e0 double r\u00e9servoir. Avec une batterie rechargeable de 650 mAh, un affichage intelligent et des directions de go\u00fbt doubles, il offre une exp\u00e9rience intense et polyvalente. Parfait pour les utilisateurs exigeants qui appr\u00e9cient la qualit\u00e9 et le confort.","breadcrumb":{"@id":"https:\/\/shopvapor.de\/produkt\/vapsolo-twins-20000-puffs-dual-flavors-25ml-einweg-e-zigarette\/#breadcrumb"},"inLanguage":"fr-FR","potentialAction":[{"@type":"ReadAction","target":["https:\/\/shopvapor.de\/produkt\/vapsolo-twins-20000-puffs-dual-flavors-25ml-einweg-e-zigarette\/"]}]},{"@type":"ImageObject","inLanguage":"fr-FR","@id":"https:\/\/shopvapor.de\/produkt\/vapsolo-twins-20000-puffs-dual-flavors-25ml-einweg-e-zigarette\/#primaryimage","url":"https:\/\/shopvapor.de\/wp-content\/uploads\/2025\/07\/vapsolo-twins-20000-puffs-dual-flavors-25ml-einweg-e-zigarette-3.jpg","contentUrl":"https:\/\/shopvapor.de\/wp-content\/uploads\/2025\/07\/vapsolo-twins-20000-puffs-dual-flavors-25ml-einweg-e-zigarette-3.jpg","width":800,"height":800},{"@type":"BreadcrumbList","@id":"https:\/\/shopvapor.de\/produkt\/vapsolo-twins-20000-puffs-dual-flavors-25ml-einweg-e-zigarette\/#breadcrumb","itemListElement":[{"@type":"ListItem","position":1,"name":"Startseite","item":"https:\/\/shopvapor.de\/"},{"@type":"ListItem","position":2,"name":"Shop","item":"https:\/\/shopvapor.de\/shop\/"},{"@type":"ListItem","position":3,"name":"VapSolo Twins 20000 Puffs Dual Flavors 25ml Einweg-E-Zigarette"}]},{"@type":"WebSite","@id":"https:\/\/shopvapor.de\/#website","url":"https:\/\/shopvapor.de\/","name":"ShopVapor","description":"","potentialAction":[{"@type":"SearchAction","target":{"@type":"EntryPoint","urlTemplate":"https:\/\/shopvapor.de\/?s={search_term_string}"},"query-input":{"@type":"PropertyValueSpecification","valueRequired":true,"valueName":"search_term_string"}}],"inLanguage":"fr-FR"}]}},"_links":{"self":[{"href":"https:\/\/shopvapor.de\/fr\/wp-json\/wp\/v2\/product\/10841","targetHints":{"allow":["GET"]}}],"collection":[{"href":"https:\/\/shopvapor.de\/fr\/wp-json\/wp\/v2\/product"}],"about":[{"href":"https:\/\/shopvapor.de\/fr\/wp-json\/wp\/v2\/types\/product"}],"replies":[{"embeddable":true,"href":"https:\/\/shopvapor.de\/fr\/wp-json\/wp\/v2\/comments?post=10841"}],"version-history":[{"count":3,"href":"https:\/\/shopvapor.de\/fr\/wp-json\/wp\/v2\/product\/10841\/revisions"}],"predecessor-version":[{"id":12169,"href":"https:\/\/shopvapor.de\/fr\/wp-json\/wp\/v2\/product\/10841\/revisions\/12169"}],"wp:featuredmedia":[{"embeddable":true,"href":"https:\/\/shopvapor.de\/fr\/wp-json\/wp\/v2\/media\/10844"}],"wp:attachment":[{"href":"https:\/\/shopvapor.de\/fr\/wp-json\/wp\/v2\/media?parent=10841"}],"wp:term":[{"taxonomy":"product_brand","embeddable":true,"href":"https:\/\/shopvapor.de\/fr\/wp-json\/wp\/v2\/product_brand?post=10841"},{"taxonomy":"product_cat","embeddable":true,"href":"https:\/\/shopvapor.de\/fr\/wp-json\/wp\/v2\/product_cat?post=10841"},{"taxonomy":"product_tag","embeddable":true,"href":"https:\/\/shopvapor.de\/fr\/wp-json\/wp\/v2\/product_tag?post=10841"}],"curies":[{"name":"WP","href":"https:\/\/api.w.org\/{rel}","templated":true}]}}