{"id":10885,"date":"2025-07-02T08:15:40","date_gmt":"2025-07-02T08:15:40","guid":{"rendered":"https:\/\/shopvapor.de\/?post_type=product&#038;p=10885"},"modified":"2025-07-15T02:54:14","modified_gmt":"2025-07-15T02:54:14","slug":"zooy-blaze-25000-25k-puffs-650mah-jetable-cigarette","status":"publish","type":"product","link":"https:\/\/shopvapor.de\/fr\/product\/zooy-blaze-25000-25k-puffs-650mah-jetable-cigarette\/","title":{"rendered":"E-cigarette jetable ZOOY Blaze 25000 25K Puffs 650 mAh"},"content":{"rendered":"<div id=\"tab-description\" class=\"woocommerce-Tabs-panel woocommerce-Tabs-panel--description panel entry-content wc-tab\" role=\"tabpanel\" aria-labelledby=\"tab-title-description\">\n<h2>Introduction au Zooy Blaze 25000<\/h2>\n<p>Zooy Blaze 25000 est une cigarette \u00e9lectronique jetable \u00e0 la pointe de la technologie qui impressionne par ses performances impressionnantes et sa facilit\u00e9 d'utilisation. D\u00e9velopp\u00e9 par Shenzhen Zooy Intelligent Technology Co., Ltd., un fabricant leader avec plus d'une d\u00e9cennie d'exp\u00e9rience dans l'industrie, cet appareil offre une combinaison de technologies de pointe et de conception de haute qualit\u00e9. Avec une capacit\u00e9 de 25\u00a0000 trains, le Zooy est Blaze 25000 id\u00e9al pour les utilisateurs qui appr\u00e9cient la long\u00e9vit\u00e9 et le go\u00fbt intense. La marque Zooy est synonyme de qualit\u00e9 et d'innovation, qui repose sur des contr\u00f4les de qualit\u00e9 stricts et l'utilisation de mat\u00e9riaux de haute qualit\u00e9.<\/p>\n<h2>Sp\u00e9cifications du produit en un coup d'\u0153il<\/h2>\n<p>Les sp\u00e9cifications techniques du ZOY Blaze 25000 en font un produit exceptionnel dans le domaine des cigarettes \u00e9lectroniques jetables. Chaque d\u00e9tail a \u00e9t\u00e9 soigneusement con\u00e7u pour garantir une exp\u00e9rience coh\u00e9rente et satisfaisante. Les d\u00e9tails suivants sont d\u00e9crits en d\u00e9tail pour illustrer les avantages et la pr\u00e9cision de la construction.<\/p>\n<h3>Trains : jusqu'\u00e0 25\u00a0000<\/h3>\n<p>Zooy Blaze 25000 offre une capacit\u00e9 impressionnante pouvant aller jusqu'\u00e0 25 000 trains, selon l'intensit\u00e9 d'utilisation. Ce nombre \u00e9lev\u00e9 de trains garantit que l'appareil peut \u00eatre utilis\u00e9 sur une longue p\u00e9riode sans avoir besoin de remplacement. La long\u00e9vit\u00e9 r\u00e9duit la fr\u00e9quence des nouveaux achats et offre ainsi une exp\u00e9rience pratique et rentable.<\/p>\n<h3>Capacit\u00e9 de e-liquide : 32 ml<\/h3>\n<p>Avec une capacit\u00e9 de e-liquide de 32 ml pr\u00e9remplie, le Zooy est Blaze 25000 con\u00e7u pour une utilisation durable. Le volume g\u00e9n\u00e9reux permet une intensit\u00e9 de saveur constante sur toute la dur\u00e9e de vie de l'appareil. Les ingr\u00e9dients de haute qualit\u00e9 de l'e-liquide, provenant de fournisseurs renomm\u00e9s, garantissent un ar\u00f4me pur et agr\u00e9able \u00e0 chaque mouvement.<\/p>\n<h3>Force de nicotine : 2 % ou 5 %<\/h3>\n<p>Zooy Blaze 25000 est disponible en deux forces : 2 % et 5 %. Cette s\u00e9lection permet aux utilisateurs d'ajuster l'intensit\u00e9 \u00e0 leurs pr\u00e9f\u00e9rences personnelles. L'option 2 % convient aux consommateurs plus l\u00e9gers, tandis que la variante 5 % est destin\u00e9e \u00e0 ceux qui pr\u00e9f\u00e8rent un effet plus fort. Le dosage pr\u00e9cis garantit une exp\u00e9rience contr\u00f4l\u00e9e et agr\u00e9able.<\/p>\n<h3>Batterie : 650 mAh, rechargeable via Type-C<\/h3>\n<p>\u00c9quip\u00e9 d'une batterie de 650 mAh, le Zooy offre \u00e0 Blaze 25000 une source d'alimentation fiable qui est rechargeable via un port de type C. Le port de type C moderne permet une charge rapide et efficace, ce qui maximise la dur\u00e9e de vie de l'appareil. La capacit\u00e9 de la batterie est con\u00e7ue pour prendre en charge la totalit\u00e9 du e-liquide afin d'assurer une utilisation continue.<\/p>\n<h3>Technologie de bobine de maille : bobine double maille<\/h3>\n<p>La technologie de bobine double maille avanc\u00e9e de Zooy Blaze 25000 assure un \u00e9chauffement uniforme de l'e-liquide, ce qui donne un go\u00fbt intense et pur. La construction \u00e0 double maille augmente l'efficacit\u00e9 et la durabilit\u00e9 de la bobine, assurant une exp\u00e9rience coh\u00e9rente sur toute la dur\u00e9e de vie de l'appareil. Cette technologie distingue Zooy des autres marques et souligne la force d'innovation de l'entreprise.<\/p>\n<h3>D\u00e9bit d'air : r\u00e9glable<\/h3>\n<p>La fonction de flux d'air r\u00e9glable permet aux utilisateurs de personnaliser la r\u00e9sistance \u00e0 la traction. Qu'il s'agisse d'un train plus serr\u00e9 pour une sensation de bouch\u00e9e ou d'un train plus ouvert pour les plus gros nuages, le Zooy Blaze 25000 offre une flexibilit\u00e9 adapt\u00e9e aux pr\u00e9f\u00e9rences de chaque utilisateur. Cette adaptabilit\u00e9 rend l'appareil polyvalent et convivial.<\/p>\n<h3>Affichage : informations en temps r\u00e9el<\/h3>\n<p>Un \u00e9cran int\u00e9gr\u00e9 affiche des informations sur le niveau de batterie en temps r\u00e9el, le niveau de liquide, la tension de fonctionnement et le mode de noyau d'\u00e9vaporateur (simple ou double c\u0153ur). Cette transparence donne aux utilisateurs un contr\u00f4le total sur leur appareil et garantit une exp\u00e9rience inform\u00e9e et s\u00fbre. L'affichage clair est intuitif et facile \u00e0 comprendre.<\/p>\n<h3>Mat\u00e9riau : m\u00e9tal de haute qualit\u00e9<\/h3>\n<p>Le bo\u00eetier du Zooy Blaze 25000 est fabriqu\u00e9 en m\u00e9tal robuste, non seulement durable mais \u00e9galement confortable \u00e0 tenir. La conception ergonomique assure une prise en main confortable tandis que la qualit\u00e9 de fabrication de la marque Zooy est positionn\u00e9e comme synonyme de qualit\u00e9 et de fiabilit\u00e9.<\/p>\n<h2>Saveurs du Zooy Blaze 25000<\/h2>\n<p>Zooy Blaze 25000 est disponible en dix saveurs diff\u00e9rentes qui couvrent un large \u00e9ventail de pr\u00e9f\u00e9rences. Chaque saveur a \u00e9t\u00e9 soigneusement con\u00e7ue pour fournir un ar\u00f4me intense et authentique :<\/p>\n<ol>\n<li>Glace de past\u00e8que \ud83c\udf49\u2744\ufe0f<\/li>\n<li>Glace aux myrtilles \ud83d\udd35\u2744\ufe0f<\/li>\n<li>Citron au raisin \ud83c\udf47\ud83c\udf4b<\/li>\n<li>P\u00eache de pomme \ud83c\udf4f\ud83c\udf51<\/li>\n<li>Menthe bleue \ud83d\udd35\ud83c\udf3f<\/li>\n<li>Berry Mixte \ud83c\udf53\ud83c\udf52<\/li>\n<li>Citron de cerise m\u00fbre \ud83c\udf52\ud83c\udf4b<\/li>\n<li>Past\u00e8que aux fraises \ud83c\udf53\ud83c\udf49<\/li>\n<li>Limonade de Razz bleue \ud83d\udd35\ud83c\udf4b<\/li>\n<li>Kiwi aux fraises \ud83c\udf53\ud83e\udd5d<\/li>\n<\/ol>\n<p>Cette vari\u00e9t\u00e9 permet aux utilisateurs de choisir leur saveur pr\u00e9f\u00e9r\u00e9e et de fournir une exp\u00e9rience vari\u00e9e. Les saveurs sont formul\u00e9es pour rester coh\u00e9rentes tout au long de la dur\u00e9e de vie de l'appareil.<\/p>\n<p><img fetchpriority=\"high\" decoding=\"async\" class=\"wp-image-11781 size-full\" title=\"Zooy Blaze 25000 25k bouff\u00e9es\" src=\"https:\/\/shopvapor.de\/wp-content\/uploads\/2025\/07\/ZOOY-Blaze-25000-25K-Puffs.webp\" alt=\"Zooy Blaze 25000 25k bouff\u00e9es\" width=\"2560\" height=\"2099\" srcset=\"https:\/\/shopvapor.de\/wp-content\/uploads\/2025\/07\/ZOOY-Blaze-25000-25K-Puffs.webp 2560w, https:\/\/shopvapor.de\/wp-content\/uploads\/2025\/07\/ZOOY-Blaze-25000-25K-Puffs-366x300.webp 366w, https:\/\/shopvapor.de\/wp-content\/uploads\/2025\/07\/ZOOY-Blaze-25000-25K-Puffs-976x800.webp 976w, https:\/\/shopvapor.de\/wp-content\/uploads\/2025\/07\/ZOOY-Blaze-25000-25K-Puffs-768x630.webp 768w, https:\/\/shopvapor.de\/wp-content\/uploads\/2025\/07\/ZOOY-Blaze-25000-25K-Puffs-1536x1259.webp 1536w, https:\/\/shopvapor.de\/wp-content\/uploads\/2025\/07\/ZOOY-Blaze-25000-25K-Puffs-2048x1679.webp 2048w, https:\/\/shopvapor.de\/wp-content\/uploads\/2025\/07\/ZOOY-Blaze-25000-25K-Puffs-430x353.webp 430w, https:\/\/shopvapor.de\/wp-content\/uploads\/2025\/07\/ZOOY-Blaze-25000-25K-Puffs-700x574.webp 700w, https:\/\/shopvapor.de\/wp-content\/uploads\/2025\/07\/ZOOY-Blaze-25000-25K-Puffs-180x148.webp 180w\" sizes=\"(max-width: 2560px) 100vw, 2560px\" \/><\/p>\n<h2>Foire aux questions (FAQ)<\/h2>\n<h4>Combien de temps le Zoy dure-t-il 25000\u00a0?<\/h4>\n<p>La dur\u00e9e de vie du Zooy Blaze 25000 d\u00e9pend de l'intensit\u00e9 d'utilisation, mais peut atteindre jusqu'\u00e0 25 000 mouvements. Avec une utilisation moyenne, l'appareil peut durer plusieurs semaines. La batterie int\u00e9gr\u00e9e et la capacit\u00e9 de 32 ml de liquide \u00e9lectronique sont con\u00e7ues pour assurer une utilisation durable.<\/p>\n<h4>Le Zooy Blaze 25000 peut-il \u00eatre rempli ?<\/h4>\n<p>Non, le Zooy Blaze 25000 est une cigarette \u00e9lectronique jetable et ne peut pas \u00eatre recharg\u00e9e. L'appareil est con\u00e7u pour \u00eatre \u00e9limin\u00e9 apr\u00e8s que le e-liquide a \u00e9t\u00e9 utilis\u00e9 ou la fin de la dur\u00e9e de vie de la batterie. Cela garantit une hygi\u00e8ne maximale et une convivialit\u00e9.<\/p>\n<h4>La batterie du Zooy Blaze 25000 est-elle rechargeable ?<\/h4>\n<p>Oui, la batterie de 650 mAh est rechargeable via un port de type C. Une charge compl\u00e8te prend g\u00e9n\u00e9ralement moins d'une heure, selon le chargeur utilis\u00e9. Il est recommand\u00e9 d'utiliser un c\u00e2ble compatible de type C pour obtenir des r\u00e9sultats de charge optimaux.<\/p>\n<h4>Les saveurs du Zooy Blaze 25000 sont-elles constantes ?<\/h4>\n<p>Oui, gr\u00e2ce \u00e0 la technologie de double maille et \u00e0 la formulation de haute qualit\u00e9 e-liquide, le go\u00fbt reste coh\u00e9rent tout au long de la dur\u00e9e de vie de l'appareil. Zooy valorise le contr\u00f4le de la qualit\u00e9 pour garantir que chaque train offre le m\u00eame ar\u00f4me intense.<\/p>\n<h4>Puis-je utiliser le Zooy Buy Blaze 25000 lorsque j'ai moins de 18\u00a0ans\u00a0?<\/h4>\n<p>Non, l'achat du Zooy Blaze 25000 est strictement interdit en vertu de l'\u00e2ge minimum l\u00e9gal. Zoy respecte toutes les r\u00e9glementations l\u00e9gales et interdit la vente aux mineurs pour assurer la s\u00e9curit\u00e9 et la responsabilit\u00e9.<\/p>\n<h4>Que se passe-t-il lorsque mon Zooy Blaze 25000 ne fonctionne pas\u00a0?<\/h4>\n<p>Si votre appareil ne fonctionne pas comme pr\u00e9vu, veuillez contacter Shenzhen Zooy Intelligent Technology Co., Ltd. La Soci\u00e9t\u00e9 offre une garantie de 7 jours sur tous les produits, sous r\u00e9serve du respect des conditions d'utilisation. Assurez-vous que l'appareil n'a pas \u00e9t\u00e9 utilis\u00e9 de mani\u00e8re incorrecte ou endommag\u00e9e.<\/p>\n<h4>O\u00f9 puis-je utiliser le Zooy Buy Blaze 25000 ?<\/h4>\n<p>Zooy Blaze 25000 est disponible aupr\u00e8s de revendeurs et grossistes autoris\u00e9s, y compris des entrep\u00f4ts europ\u00e9ens pour une livraison rapide. Visitez le site Web officiel de Zoy ou des plateformes de confiance comme VapesDisposableWholesale.com pour acheter des produits originaux.<\/p>\n<\/div>","protected":false},"excerpt":{"rendered":"<div>\n<p dir=\"auto\">D\u00e9couvrez la Zooy Blaze 25000 : e-cigarette jetable de 25 000 livres, e-liquide, double e-liquide et batterie rechargeable de 650 mAh. Dix saveurs, flux d'air r\u00e9glable et affichage en temps r\u00e9el pour une exp\u00e9rience de haute qualit\u00e9.<\/p>\n<\/div>","protected":false},"featured_media":10930,"comment_status":"open","ping_status":"closed","template":"","meta":[],"product_brand":[1149],"product_cat":[1154],"product_tag":[1013,1014,1015,1016,1017,1108],"class_list":{"0":"post-10885","1":"product","2":"type-product","3":"status-publish","4":"has-post-thumbnail","6":"product_brand-zooy","7":"product_cat-25000-puffs","8":"product_tag-all-product","9":"product_tag-brand","10":"product_tag-disposable","11":"product_tag-eu-warehouse-vape","12":"product_tag-new-arrival","13":"product_tag-zooy","15":"first","16":"instock","17":"sale","18":"shipping-taxable","19":"purchasable","20":"product-type-variable"},"yoast_head":"<!-- This site is optimized with the Yoast SEO plugin v25.8 - https:\/\/yoast.com\/wordpress\/plugins\/seo\/ -->\n<title>ZOOY Blaze 25000 25K Puffs 650 mAh Einweg-E-Zigarette - ShopVapor<\/title>\n<meta name=\"description\" content=\"Entdecken Sie den ZOOY Blaze 25000: Einweg-E-Zigarette mit 25.000 Z\u00fcgen, 32 ml E-Liquid, Dual-Mesh-Coil und wiederaufladbarem 650-mAh-Akku. Zehn Geschmacksrichtungen, einstellbarer Luftstrom und Echtzeit-Display f\u00fcr ein hochwertiges Erlebnis.\" \/>\n<meta name=\"robots\" content=\"index, follow, max-snippet:-1, max-image-preview:large, max-video-preview:-1\" \/>\n<link rel=\"canonical\" href=\"https:\/\/shopvapor.de\/fr\/product\/zooy-blaze-25000-25k-puffs-650mah-jetable-cigarette\/\" \/>\n<meta property=\"og:locale\" content=\"fr_FR\" \/>\n<meta property=\"og:type\" content=\"article\" \/>\n<meta property=\"og:title\" content=\"ZOOY Blaze 25000 25K Puffs 650 mAh Einweg-E-Zigarette - ShopVapor\" \/>\n<meta property=\"og:description\" content=\"Entdecken Sie den ZOOY Blaze 25000: Einweg-E-Zigarette mit 25.000 Z\u00fcgen, 32 ml E-Liquid, Dual-Mesh-Coil und wiederaufladbarem 650-mAh-Akku. Zehn Geschmacksrichtungen, einstellbarer Luftstrom und Echtzeit-Display f\u00fcr ein hochwertiges Erlebnis.\" \/>\n<meta property=\"og:url\" content=\"https:\/\/shopvapor.de\/fr\/product\/zooy-blaze-25000-25k-puffs-650mah-jetable-cigarette\/\" \/>\n<meta property=\"og:site_name\" content=\"ShopVapor\" \/>\n<meta property=\"article:modified_time\" content=\"2025-07-15T02:54:14+00:00\" \/>\n<meta property=\"og:image\" content=\"https:\/\/shopvapor.de\/wp-content\/uploads\/2025\/07\/zooy-blaze-25000-25k-puffs-650-mah-einweg-e-zigarette-9.jpg\" \/>\n\t<meta property=\"og:image:width\" content=\"538\" \/>\n\t<meta property=\"og:image:height\" content=\"538\" \/>\n\t<meta property=\"og:image:type\" content=\"image\/jpeg\" \/>\n<meta name=\"twitter:card\" content=\"summary_large_image\" \/>\n<meta name=\"twitter:label1\" content=\"Dur\u00e9e de lecture estim\u00e9e\" \/>\n\t<meta name=\"twitter:data1\" content=\"5 minutes\" \/>\n<!-- \/ Yoast SEO plugin. -->","yoast_head_json":{"title":"Zooy Blaze 25000 25K Puffs 650mAh Jetable E-cigarette - ShopVapor","description":"D\u00e9couvrez la Zooy Blaze 25000 : e-cigarette jetable de 25 000 livres, e-liquide, double e-liquide et batterie rechargeable de 650 mAh. Dix saveurs, flux d'air r\u00e9glable et affichage en temps r\u00e9el pour une exp\u00e9rience de haute qualit\u00e9.","robots":{"index":"index","follow":"follow","max-snippet":"max-snippet:-1","max-image-preview":"max-image-preview:large","max-video-preview":"max-video-preview:-1"},"canonical":"https:\/\/shopvapor.de\/fr\/product\/zooy-blaze-25000-25k-puffs-650mah-jetable-cigarette\/","og_locale":"fr_FR","og_type":"article","og_title":"ZOOY Blaze 25000 25K Puffs 650 mAh Einweg-E-Zigarette - ShopVapor","og_description":"Entdecken Sie den ZOOY Blaze 25000: Einweg-E-Zigarette mit 25.000 Z\u00fcgen, 32 ml E-Liquid, Dual-Mesh-Coil und wiederaufladbarem 650-mAh-Akku. Zehn Geschmacksrichtungen, einstellbarer Luftstrom und Echtzeit-Display f\u00fcr ein hochwertiges Erlebnis.","og_url":"https:\/\/shopvapor.de\/fr\/product\/zooy-blaze-25000-25k-puffs-650mah-jetable-cigarette\/","og_site_name":"ShopVapor","article_modified_time":"2025-07-15T02:54:14+00:00","og_image":[{"width":538,"height":538,"url":"https:\/\/shopvapor.de\/wp-content\/uploads\/2025\/07\/zooy-blaze-25000-25k-puffs-650-mah-einweg-e-zigarette-9.jpg","type":"image\/jpeg"}],"twitter_card":"summary_large_image","twitter_misc":{"Dur\u00e9e de lecture estim\u00e9e":"5 minutes"},"schema":{"@context":"https:\/\/schema.org","@graph":[{"@type":"WebPage","@id":"https:\/\/shopvapor.de\/produkt\/zooy-blaze-25000-25k-puffs-650-mah-einweg-e-zigarette\/","url":"https:\/\/shopvapor.de\/produkt\/zooy-blaze-25000-25k-puffs-650-mah-einweg-e-zigarette\/","name":"Zooy Blaze 25000 25K Puffs 650mAh Jetable E-cigarette - ShopVapor","isPartOf":{"@id":"https:\/\/shopvapor.de\/#website"},"primaryImageOfPage":{"@id":"https:\/\/shopvapor.de\/produkt\/zooy-blaze-25000-25k-puffs-650-mah-einweg-e-zigarette\/#primaryimage"},"image":{"@id":"https:\/\/shopvapor.de\/produkt\/zooy-blaze-25000-25k-puffs-650-mah-einweg-e-zigarette\/#primaryimage"},"thumbnailUrl":"https:\/\/shopvapor.de\/wp-content\/uploads\/2025\/07\/zooy-blaze-25000-25k-puffs-650-mah-einweg-e-zigarette-9.jpg","datePublished":"2025-07-02T08:15:40+00:00","dateModified":"2025-07-15T02:54:14+00:00","description":"D\u00e9couvrez la Zooy Blaze 25000 : e-cigarette jetable de 25 000 livres, e-liquide, double e-liquide et batterie rechargeable de 650 mAh. Dix saveurs, flux d'air r\u00e9glable et affichage en temps r\u00e9el pour une exp\u00e9rience de haute qualit\u00e9.","breadcrumb":{"@id":"https:\/\/shopvapor.de\/produkt\/zooy-blaze-25000-25k-puffs-650-mah-einweg-e-zigarette\/#breadcrumb"},"inLanguage":"fr-FR","potentialAction":[{"@type":"ReadAction","target":["https:\/\/shopvapor.de\/produkt\/zooy-blaze-25000-25k-puffs-650-mah-einweg-e-zigarette\/"]}]},{"@type":"ImageObject","inLanguage":"fr-FR","@id":"https:\/\/shopvapor.de\/produkt\/zooy-blaze-25000-25k-puffs-650-mah-einweg-e-zigarette\/#primaryimage","url":"https:\/\/shopvapor.de\/wp-content\/uploads\/2025\/07\/zooy-blaze-25000-25k-puffs-650-mah-einweg-e-zigarette-9.jpg","contentUrl":"https:\/\/shopvapor.de\/wp-content\/uploads\/2025\/07\/zooy-blaze-25000-25k-puffs-650-mah-einweg-e-zigarette-9.jpg","width":538,"height":538},{"@type":"BreadcrumbList","@id":"https:\/\/shopvapor.de\/produkt\/zooy-blaze-25000-25k-puffs-650-mah-einweg-e-zigarette\/#breadcrumb","itemListElement":[{"@type":"ListItem","position":1,"name":"Startseite","item":"https:\/\/shopvapor.de\/"},{"@type":"ListItem","position":2,"name":"Shop","item":"https:\/\/shopvapor.de\/shop\/"},{"@type":"ListItem","position":3,"name":"ZOOY Blaze 25000 25K Puffs 650 mAh Einweg-E-Zigarette"}]},{"@type":"WebSite","@id":"https:\/\/shopvapor.de\/#website","url":"https:\/\/shopvapor.de\/","name":"ShopVapor","description":"","potentialAction":[{"@type":"SearchAction","target":{"@type":"EntryPoint","urlTemplate":"https:\/\/shopvapor.de\/?s={search_term_string}"},"query-input":{"@type":"PropertyValueSpecification","valueRequired":true,"valueName":"search_term_string"}}],"inLanguage":"fr-FR"}]}},"_links":{"self":[{"href":"https:\/\/shopvapor.de\/fr\/wp-json\/wp\/v2\/product\/10885","targetHints":{"allow":["GET"]}}],"collection":[{"href":"https:\/\/shopvapor.de\/fr\/wp-json\/wp\/v2\/product"}],"about":[{"href":"https:\/\/shopvapor.de\/fr\/wp-json\/wp\/v2\/types\/product"}],"replies":[{"embeddable":true,"href":"https:\/\/shopvapor.de\/fr\/wp-json\/wp\/v2\/comments?post=10885"}],"version-history":[{"count":3,"href":"https:\/\/shopvapor.de\/fr\/wp-json\/wp\/v2\/product\/10885\/revisions"}],"predecessor-version":[{"id":11783,"href":"https:\/\/shopvapor.de\/fr\/wp-json\/wp\/v2\/product\/10885\/revisions\/11783"}],"wp:featuredmedia":[{"embeddable":true,"href":"https:\/\/shopvapor.de\/fr\/wp-json\/wp\/v2\/media\/10930"}],"wp:attachment":[{"href":"https:\/\/shopvapor.de\/fr\/wp-json\/wp\/v2\/media?parent=10885"}],"wp:term":[{"taxonomy":"product_brand","embeddable":true,"href":"https:\/\/shopvapor.de\/fr\/wp-json\/wp\/v2\/product_brand?post=10885"},{"taxonomy":"product_cat","embeddable":true,"href":"https:\/\/shopvapor.de\/fr\/wp-json\/wp\/v2\/product_cat?post=10885"},{"taxonomy":"product_tag","embeddable":true,"href":"https:\/\/shopvapor.de\/fr\/wp-json\/wp\/v2\/product_tag?post=10885"}],"curies":[{"name":"WP","href":"https:\/\/api.w.org\/{rel}","templated":true}]}}