{"id":11037,"date":"2025-07-02T08:17:16","date_gmt":"2025-07-02T08:17:16","guid":{"rendered":"https:\/\/shopvapor.de\/?post_type=product&#038;p=11037"},"modified":"2025-07-15T01:55:37","modified_gmt":"2025-07-15T01:55:37","slug":"zooy-zero-45000-45k-puffs-ecran-tactile-double-maille","status":"publish","type":"product","link":"https:\/\/shopvapor.de\/fr\/product\/zooy-zero-45000-45k-puffs-ecran-tactile-double-maille\/","title":{"rendered":"ZOOY ZERO 45000 45K Puffs Cigarette \u00e9lectronique jetable double maille &amp; \u00e9cran tactile"},"content":{"rendered":"<div id=\"tab-description\" class=\"woocommerce-Tabs-panel woocommerce-Tabs-panel--description panel entry-content wc-tab\" role=\"tabpanel\" aria-labelledby=\"tab-title-description\">\n<h2>Sp\u00e9cifications du produit en d\u00e9tail<\/h2>\n<p>Les sp\u00e9cifications techniques du Zooy Zero 45000 font de lui un leader dans la cat\u00e9gorie Vapes jetables. Vous trouverez ci-dessous un aper\u00e7u d\u00e9taill\u00e9 des param\u00e8tres qui rendent cet appareil si sp\u00e9cial et des avantages respectifs que vous offrez \u00e0 l'utilisateur.<\/p>\n<h3>Capacit\u00e9 de e-liquide : 35 ml<\/h3>\n<p>Le Zoy Zero 45000 est pr\u00e9-remplie de 35 ml de e-liquide de haute qualit\u00e9, ce qui permet une utilisation durable sans recharge.<br \/>\n<strong>avantages<\/strong>:<\/p>\n<ul>\n<li><strong>Utilisation \u00e0 long terme<\/strong>: La grande capacit\u00e9 garantit que l'appareil peut \u00eatre utilis\u00e9 pendant des semaines, m\u00eame avec une utilisation r\u00e9guli\u00e8re.<\/li>\n<li><strong>Go\u00fbt constant<\/strong>: Le volume g\u00e9n\u00e9reux assure une qualit\u00e9 constante du go\u00fbt de la premi\u00e8re \u00e0 la derni\u00e8re inhalation.<\/li>\n<li><strong>Pratique pour les d\u00e9placements<\/strong>: Aucun remplissage requis, ce qui rend la manipulation particuli\u00e8rement pratique.<\/li>\n<\/ul>\n<h3>Force de nicotine : 2 %, 3 %, 5 %<\/h3>\n<p>L'appareil offre des atouts nicotiniques personnalisables de 2 %, 3 % ou 5 % pour r\u00e9pondre aux pr\u00e9f\u00e9rences individuelles des utilisateurs.<br \/>\n<strong>avantages<\/strong>:<\/p>\n<ul>\n<li><strong>souplesse<\/strong>: Les utilisateurs peuvent choisir la force de nicotine qui convient \u00e0 leurs besoins, d'une exp\u00e9rience l\u00e9g\u00e8re \u00e0 plus intense.<\/li>\n<li><strong>large spectre<\/strong>: Id\u00e9al pour les utilisateurs qui souhaitent ajuster progressivement leur consommation de nicotine.<\/li>\n<li><strong>Contr\u00f4le personnalis\u00e9<\/strong>: Les choix augmentent la satisfaction et rendent l'appareil polyvalent.<\/li>\n<\/ul>\n<h3>Capacit\u00e9 de la batterie : 1\u00a0000 mAh<\/h3>\n<p>Une batterie puissante et rechargeable de 1000 mAh fournit une alimentation fiable \u00e0 l'appareil.<br \/>\n<strong>avantages<\/strong>:<\/p>\n<ul>\n<li><strong>Performances durables<\/strong>: La batterie prend en charge des milliers de trains sans charge fr\u00e9quente.<\/li>\n<li><strong>Recharge rapide<\/strong>: Gr\u00e2ce \u00e0 la fonction de charge rapide de type C, l'appareil est \u00e0 nouveau pr\u00eat \u00e0 \u00eatre r\u00e9utilis\u00e9 dans un d\u00e9lai tr\u00e8s court.<\/li>\n<li><strong>fiabilit\u00e9<\/strong>: La grande capacit\u00e9 minimise les interruptions, m\u00eame avec une utilisation intensive.<\/li>\n<\/ul>\n<h3>Bobine \u00e0 mailles doubles : 0,6 \u03a9 + 1,5 \u03a9<\/h3>\n<p>La bobine innovante \u00e0 double maille avec 0,6 \u03a9 et 1,5 \u03a9 optimise \u00e0 la fois le go\u00fbt et la production de vapeur.<br \/>\n<strong>avantages<\/strong>:<\/p>\n<ul>\n<li><strong>go\u00fbt intense<\/strong>: La bobine de 1,5 \u03a9 assure des caract\u00e9ristiques douces et savoureuses, id\u00e9ales pour les connaisseurs.<\/li>\n<li><strong>Nuages denses<\/strong>: La bobine de 0,6 \u03a9 produit de plus grandes quantit\u00e9s de vapeur, parfaites pour les utilisateurs qui pr\u00e9f\u00e8rent une vapeur dense.<\/li>\n<li><strong>largeur<\/strong>: La commutation entre les bobines permet la personnalisation du style de vapotage.<\/li>\n<\/ul>\n<h3>\u00c9cran tactile LED intelligent<\/h3>\n<p>Le Zoy Zero 45000 dispose d'un \u00e9cran tactile de pointe qui affiche des informations en temps r\u00e9el telles que le nombre de trains, le niveau de batterie et le niveau de e-liquide.<br \/>\n<strong>avantages<\/strong>:<\/p>\n<ul>\n<li><strong>facilit\u00e9 d'utilisation<\/strong>: Les param\u00e8tres tels que la nicotine et l'intensit\u00e9 de refroidissement peuvent \u00eatre ajust\u00e9s de mani\u00e8re intuitive avec un toucher.<\/li>\n<li><strong>transparence<\/strong>: L'\u00e9cran informe toujours les utilisateurs de l'\u00e9tat de l'appareil, ce qui \u00e9vite les surprises telles qu'une batterie vide.<\/li>\n<li><strong>Design moderne<\/strong>: L'\u00e9cran tactile donne \u00e0 l'appareil une apparence futuriste et attrayante.<\/li>\n<\/ul>\n<h3>Contr\u00f4le du flux d'air<\/h3>\n<p>La fonction de flux d'air r\u00e9glable permet de r\u00e9gler l'intensit\u00e9 du train individuellement.<br \/>\n<strong>avantages<\/strong>:<\/p>\n<ul>\n<li><strong>personnalisation<\/strong>: Les utilisateurs peuvent choisir entre un train plus serr\u00e9 (MTL - bouche \u00e0 poumon) ou un train plus ouvert (DTL - directement vers le poumon).<\/li>\n<li><strong>confort<\/strong>: Le r\u00e9glage du flux d'air garantit une exp\u00e9rience agr\u00e9able, quelles que soient les pr\u00e9f\u00e9rences.<\/li>\n<li><strong>largeur<\/strong>: Cette fonctionnalit\u00e9 rend l'appareil attrayant pour les d\u00e9butants et les utilisateurs exp\u00e9riment\u00e9s.<\/li>\n<\/ul>\n<h3>Charge rapide de type C<\/h3>\n<p>L'appareil est \u00e9quip\u00e9 d'un port de type C qui permet une charge rapide et efficace.<br \/>\n<strong>avantages<\/strong>:<\/p>\n<ul>\n<li><strong>Gain de temps<\/strong>: La charge rapide r\u00e9duit les temps d'attente et maintient l'appareil pr\u00eat \u00e0 l'emploi.<\/li>\n<li><strong>Compatibilit\u00e9 universelle<\/strong>: Les c\u00e2bles de type C sont largement utilis\u00e9s, ce qui facilite leur utilisation.<\/li>\n<li><strong>long\u00e9vit\u00e9<\/strong>: La technologie de charge moderne prot\u00e8ge la batterie et prolonge sa dur\u00e9e de vie.<\/li>\n<\/ul>\n<h2>Vari\u00e9t\u00e9 de saveurs<\/h2>\n<p>Le Zoy Zero 45000 propose une s\u00e9lection de dix saveurs premium qui ont quelque chose pour tous les go\u00fbts. Chaque saveur a \u00e9t\u00e9 soigneusement con\u00e7ue pour offrir une exp\u00e9rience intense et authentique. Les saveurs disponibles sont :<\/p>\n<ol>\n<li>glace \u00e0 la past\u00e8que<\/li>\n<li>Glace aux myrtilles<\/li>\n<li>past\u00e8que aux fraises<\/li>\n<li>cola<\/li>\n<li>kiwi aux fraises<\/li>\n<li>pomme<\/li>\n<li>Pop d'orange fraise<\/li>\n<li>Glace \u00e0 la framboise bleue<\/li>\n<li>Past\u00e8que aux myrtilles<\/li>\n<li>Goyave \u00e0 la mangue<\/li>\n<\/ol>\n<p><strong>Avantages des ar\u00f4mes<\/strong>:<\/p>\n<ul>\n<li><strong>vari\u00e9t\u00e9<\/strong>: La large s\u00e9lection s\u00e9duit diff\u00e9rents go\u00fbts, du fruit\u00e9 au rafra\u00eechissant.<\/li>\n<li><strong>qualit\u00e9<\/strong>: Chaque saveur est parfaitement r\u00e9gl\u00e9e pour assurer une exp\u00e9rience coh\u00e9rente.<\/li>\n<li><strong>individualit\u00e9<\/strong>: Les utilisateurs peuvent choisir leurs saveurs pr\u00e9f\u00e9r\u00e9es pour personnaliser l'exp\u00e9rience de vapotage.<\/li>\n<\/ul>\n<p><img fetchpriority=\"high\" decoding=\"async\" class=\"alignnone wp-image-11773 size-full\" title=\"Zooy Zero 45000 45K\" src=\"https:\/\/shopvapor.de\/wp-content\/uploads\/2025\/07\/ZOOY-ZERO-45000-45K-Puffs.avif\" alt=\"Zooy Zero 45000 45K\" width=\"1000\" height=\"1000\" \/><\/p>\n<h2>Foire aux questions (FAQ)<\/h2>\n<p>Ci-dessous, nous r\u00e9pondons aux questions les plus fr\u00e9quemment pos\u00e9es sp\u00e9cifiquement sur Zoy Zero\u00a045\u00a0000. Les clients pourraient leur fournir une clart\u00e9 et une confiance dans le produit.<\/p>\n<p><strong>Combien de temps la batterie dure-t-elle en cas d'utilisation normale\u00a0?<\/strong><br \/>\nLa batterie de 1000 mAh du Zooy Zero 45000 dure plusieurs jours avec une utilisation moyenne (environ 300 \u00e0 500 trains par jour). La dur\u00e9e exacte d\u00e9pend de la fr\u00e9quence d'utilisation et des param\u00e8tres tels que le flux d'air ou la s\u00e9lection de bobine. Gr\u00e2ce \u00e0 la charge rapide de type C, l'appareil est rapidement pr\u00eat \u00e0 \u00eatre utilis\u00e9.<\/p>\n<p><strong>Puis-je changer la force de la nicotine en l'utilisant ?<\/strong><br \/>\nOui, le Zooy Zero 45000 vous permet de r\u00e9gler la force de la nicotine (2 %, 3 %, 5 %) via l'\u00e9cran tactile. Cette fonctionnalit\u00e9 offre une flexibilit\u00e9 pour adapter l'exp\u00e9rience \u00e0 vos besoins actuels.<\/p>\n<p><strong>Comment fonctionne le contr\u00f4le du flux d'air\u00a0?<\/strong><br \/>\nLe contr\u00f4le du flux d'air est une vanne r\u00e9glable sur l'appareil qui vous permet d'ajuster la r\u00e9sistance de traction. Tournez la valve pour choisir entre un train plus serr\u00e9 (MTL) ou plus ouvert (DTL), selon vos pr\u00e9f\u00e9rences.<\/p>\n<p><strong>Que se passe-t-il lorsque l'e-liquide est \u00e9puis\u00e9 ?<\/strong><br \/>\n\u00c9tant donn\u00e9 que le Zoy Zero 45000 est un appareil \u00e0 sens unique, le e-liquide ne peut pas \u00eatre rempli. D\u00e8s que le e-liquide de 35 ml est \u00e9puis\u00e9, l'appareil doit \u00eatre \u00e9limin\u00e9 correctement. L'\u00e9cran LED intelligent affiche l'\u00e9tat du e-liquide en temps r\u00e9el, vous \u00eates donc toujours inform\u00e9.<\/p>\n<p><strong>Les saveurs sont-elles \u00e9galement disponibles sans nicotine ?<\/strong><br \/>\nActuellement, il est Zoy Zero 45000 uniquement disponible avec 2 %, 3 % ou 5 %. Les options sans nicotine ne sont actuellement pas disponibles, mais l'option Low 2 % offre une exp\u00e9rience l\u00e9g\u00e8re aux utilisateurs qui pr\u00e9f\u00e8rent moins de nicotine.<\/p>\n<p><strong>Comment jeter l'appareil apr\u00e8s utilisation ?<\/strong><br \/>\nLe ZOY ZERO 45000 doit \u00eatre \u00e9limin\u00e9 conform\u00e9ment aux appareils \u00e9lectriques et aux batteries locaux. Amenez l'appareil \u00e0 un point de collecte de d\u00e9chets \u00e9lectroniques afin d'assurer une \u00e9limination \u00e9cologique.<\/p>\n<p><strong>L'\u00e9cran tactile peut-il \u00eatre ajust\u00e9 accidentellement lors de l'utilisation\u00a0?<\/strong><br \/>\nL'\u00e9cran tactile est con\u00e7u de telle mani\u00e8re qu'il ne r\u00e9agit qu'avec un fonctionnement cibl\u00e9. Les ajustements ind\u00e9sirables sont peu probables, car un toucher conscient est n\u00e9cessaire pour modifier les param\u00e8tres.<\/p>\n<p><strong>Comment puis-je savoir que mon Zoy Zero 45000 est d'origine ?<\/strong><br \/>\nPour garantir l'authenticit\u00e9, achetez le Zooy Zero 45000 uniquement aupr\u00e8s de revendeurs autoris\u00e9s ou directement sur le site officiel de Zoy. Les produits d'origine sont fournis avec un num\u00e9ro de s\u00e9rie et un sceau de qualit\u00e9, qui peuvent \u00eatre v\u00e9rifi\u00e9s sur l'emballage.<\/p>\n<\/div>","protected":false},"excerpt":{"rendered":"<p>Sp\u00e9cifications du produit en d\u00e9tail Les sp\u00e9cifications techniques du Zooy Zero 45000 font de lui un leader dans la cat\u00e9gorie Vapes jetables.<\/p>","protected":false},"featured_media":11052,"comment_status":"open","ping_status":"closed","template":"","meta":[],"product_brand":[1149],"product_cat":[1150],"product_tag":[1013,1014,1015,1016,1017,1108],"class_list":{"0":"post-11037","1":"product","2":"type-product","3":"status-publish","4":"has-post-thumbnail","6":"product_brand-zooy","7":"product_cat-45000-puffs","8":"product_tag-all-product","9":"product_tag-brand","10":"product_tag-disposable","11":"product_tag-eu-warehouse-vape","12":"product_tag-new-arrival","13":"product_tag-zooy","15":"first","16":"instock","17":"sale","18":"shipping-taxable","19":"purchasable","20":"product-type-variable"},"yoast_head":"<!-- This site is optimized with the Yoast SEO plugin v25.8 - https:\/\/yoast.com\/wordpress\/plugins\/seo\/ -->\n<title>ZOOY ZERO 45000 45K Puffs Einweg E-Zigarette Dual-Mesh &amp; Touchscreen - ShopVapor<\/title>\n<meta name=\"description\" content=\"Produktspezifikationen im Detail Die technischen Spezifikationen des ZOOY ZERO 45000 machen ihn zu einem Spitzenreiter in der Kategorie der Einweg-Vapes.\" \/>\n<meta name=\"robots\" content=\"index, follow, max-snippet:-1, max-image-preview:large, max-video-preview:-1\" \/>\n<link rel=\"canonical\" href=\"https:\/\/shopvapor.de\/fr\/product\/zooy-zero-45000-45k-puffs-ecran-tactile-double-maille\/\" \/>\n<meta property=\"og:locale\" content=\"fr_FR\" \/>\n<meta property=\"og:type\" content=\"article\" \/>\n<meta property=\"og:title\" content=\"ZOOY ZERO 45000 45K Puffs Einweg E-Zigarette Dual-Mesh &amp; Touchscreen - ShopVapor\" \/>\n<meta property=\"og:description\" content=\"Produktspezifikationen im Detail Die technischen Spezifikationen des ZOOY ZERO 45000 machen ihn zu einem Spitzenreiter in der Kategorie der Einweg-Vapes.\" \/>\n<meta property=\"og:url\" content=\"https:\/\/shopvapor.de\/fr\/product\/zooy-zero-45000-45k-puffs-ecran-tactile-double-maille\/\" \/>\n<meta property=\"og:site_name\" content=\"ShopVapor\" \/>\n<meta property=\"article:modified_time\" content=\"2025-07-15T01:55:37+00:00\" \/>\n<meta property=\"og:image\" content=\"https:\/\/shopvapor.de\/wp-content\/uploads\/2025\/07\/zooy-zero-45000-45k-puffs-einweg-e-zigarette-dual-mesh-touchscreen-20.jpg\" \/>\n\t<meta property=\"og:image:width\" content=\"800\" \/>\n\t<meta property=\"og:image:height\" content=\"800\" \/>\n\t<meta property=\"og:image:type\" content=\"image\/jpeg\" \/>\n<meta name=\"twitter:card\" content=\"summary_large_image\" \/>\n<meta name=\"twitter:label1\" content=\"Dur\u00e9e de lecture estim\u00e9e\" \/>\n\t<meta name=\"twitter:data1\" content=\"5 minutes\" \/>\n<!-- \/ Yoast SEO plugin. -->","yoast_head_json":{"title":"Zooy Zero 45000 45K Puffs Jetable E-cigarette Ecran tactile et maille - ShopVapor","description":"Sp\u00e9cifications du produit en d\u00e9tail Les sp\u00e9cifications techniques du Zooy Zero 45000 font de lui un leader dans la cat\u00e9gorie Vapes jetables.","robots":{"index":"index","follow":"follow","max-snippet":"max-snippet:-1","max-image-preview":"max-image-preview:large","max-video-preview":"max-video-preview:-1"},"canonical":"https:\/\/shopvapor.de\/fr\/product\/zooy-zero-45000-45k-puffs-ecran-tactile-double-maille\/","og_locale":"fr_FR","og_type":"article","og_title":"ZOOY ZERO 45000 45K Puffs Einweg E-Zigarette Dual-Mesh & Touchscreen - ShopVapor","og_description":"Produktspezifikationen im Detail Die technischen Spezifikationen des ZOOY ZERO 45000 machen ihn zu einem Spitzenreiter in der Kategorie der Einweg-Vapes.","og_url":"https:\/\/shopvapor.de\/fr\/product\/zooy-zero-45000-45k-puffs-ecran-tactile-double-maille\/","og_site_name":"ShopVapor","article_modified_time":"2025-07-15T01:55:37+00:00","og_image":[{"width":800,"height":800,"url":"https:\/\/shopvapor.de\/wp-content\/uploads\/2025\/07\/zooy-zero-45000-45k-puffs-einweg-e-zigarette-dual-mesh-touchscreen-20.jpg","type":"image\/jpeg"}],"twitter_card":"summary_large_image","twitter_misc":{"Dur\u00e9e de lecture estim\u00e9e":"5 minutes"},"schema":{"@context":"https:\/\/schema.org","@graph":[{"@type":"WebPage","@id":"https:\/\/shopvapor.de\/produkt\/zooy-zero-45000-45k-puffs-einweg-e-zigarette-dual-mesh-touchscreen\/","url":"https:\/\/shopvapor.de\/produkt\/zooy-zero-45000-45k-puffs-einweg-e-zigarette-dual-mesh-touchscreen\/","name":"Zooy Zero 45000 45K Puffs Jetable E-cigarette Ecran tactile et maille - ShopVapor","isPartOf":{"@id":"https:\/\/shopvapor.de\/#website"},"primaryImageOfPage":{"@id":"https:\/\/shopvapor.de\/produkt\/zooy-zero-45000-45k-puffs-einweg-e-zigarette-dual-mesh-touchscreen\/#primaryimage"},"image":{"@id":"https:\/\/shopvapor.de\/produkt\/zooy-zero-45000-45k-puffs-einweg-e-zigarette-dual-mesh-touchscreen\/#primaryimage"},"thumbnailUrl":"https:\/\/shopvapor.de\/wp-content\/uploads\/2025\/07\/zooy-zero-45000-45k-puffs-einweg-e-zigarette-dual-mesh-touchscreen-20.jpg","datePublished":"2025-07-02T08:17:16+00:00","dateModified":"2025-07-15T01:55:37+00:00","description":"Sp\u00e9cifications du produit en d\u00e9tail Les sp\u00e9cifications techniques du Zooy Zero 45000 font de lui un leader dans la cat\u00e9gorie Vapes jetables.","breadcrumb":{"@id":"https:\/\/shopvapor.de\/produkt\/zooy-zero-45000-45k-puffs-einweg-e-zigarette-dual-mesh-touchscreen\/#breadcrumb"},"inLanguage":"fr-FR","potentialAction":[{"@type":"ReadAction","target":["https:\/\/shopvapor.de\/produkt\/zooy-zero-45000-45k-puffs-einweg-e-zigarette-dual-mesh-touchscreen\/"]}]},{"@type":"ImageObject","inLanguage":"fr-FR","@id":"https:\/\/shopvapor.de\/produkt\/zooy-zero-45000-45k-puffs-einweg-e-zigarette-dual-mesh-touchscreen\/#primaryimage","url":"https:\/\/shopvapor.de\/wp-content\/uploads\/2025\/07\/zooy-zero-45000-45k-puffs-einweg-e-zigarette-dual-mesh-touchscreen-20.jpg","contentUrl":"https:\/\/shopvapor.de\/wp-content\/uploads\/2025\/07\/zooy-zero-45000-45k-puffs-einweg-e-zigarette-dual-mesh-touchscreen-20.jpg","width":800,"height":800},{"@type":"BreadcrumbList","@id":"https:\/\/shopvapor.de\/produkt\/zooy-zero-45000-45k-puffs-einweg-e-zigarette-dual-mesh-touchscreen\/#breadcrumb","itemListElement":[{"@type":"ListItem","position":1,"name":"Startseite","item":"https:\/\/shopvapor.de\/"},{"@type":"ListItem","position":2,"name":"Shop","item":"https:\/\/shopvapor.de\/shop\/"},{"@type":"ListItem","position":3,"name":"ZOOY ZERO 45000 45K Puffs Einweg E-Zigarette Dual-Mesh &#038; Touchscreen"}]},{"@type":"WebSite","@id":"https:\/\/shopvapor.de\/#website","url":"https:\/\/shopvapor.de\/","name":"ShopVapor","description":"","potentialAction":[{"@type":"SearchAction","target":{"@type":"EntryPoint","urlTemplate":"https:\/\/shopvapor.de\/?s={search_term_string}"},"query-input":{"@type":"PropertyValueSpecification","valueRequired":true,"valueName":"search_term_string"}}],"inLanguage":"fr-FR"}]}},"_links":{"self":[{"href":"https:\/\/shopvapor.de\/fr\/wp-json\/wp\/v2\/product\/11037","targetHints":{"allow":["GET"]}}],"collection":[{"href":"https:\/\/shopvapor.de\/fr\/wp-json\/wp\/v2\/product"}],"about":[{"href":"https:\/\/shopvapor.de\/fr\/wp-json\/wp\/v2\/types\/product"}],"replies":[{"embeddable":true,"href":"https:\/\/shopvapor.de\/fr\/wp-json\/wp\/v2\/comments?post=11037"}],"version-history":[{"count":1,"href":"https:\/\/shopvapor.de\/fr\/wp-json\/wp\/v2\/product\/11037\/revisions"}],"predecessor-version":[{"id":11774,"href":"https:\/\/shopvapor.de\/fr\/wp-json\/wp\/v2\/product\/11037\/revisions\/11774"}],"wp:featuredmedia":[{"embeddable":true,"href":"https:\/\/shopvapor.de\/fr\/wp-json\/wp\/v2\/media\/11052"}],"wp:attachment":[{"href":"https:\/\/shopvapor.de\/fr\/wp-json\/wp\/v2\/media?parent=11037"}],"wp:term":[{"taxonomy":"product_brand","embeddable":true,"href":"https:\/\/shopvapor.de\/fr\/wp-json\/wp\/v2\/product_brand?post=11037"},{"taxonomy":"product_cat","embeddable":true,"href":"https:\/\/shopvapor.de\/fr\/wp-json\/wp\/v2\/product_cat?post=11037"},{"taxonomy":"product_tag","embeddable":true,"href":"https:\/\/shopvapor.de\/fr\/wp-json\/wp\/v2\/product_tag?post=11037"}],"curies":[{"name":"WP","href":"https:\/\/api.w.org\/{rel}","templated":true}]}}