{"id":5566,"date":"2025-07-02T03:53:38","date_gmt":"2025-07-02T03:53:38","guid":{"rendered":"https:\/\/shopvapor.de\/?post_type=product&#038;p=5566"},"modified":"2025-07-16T18:33:38","modified_gmt":"2025-07-16T18:33:38","slug":"randm-tornado-7000-7k-puffs-jetable-e-cigarette-electronique","status":"publish","type":"product","link":"https:\/\/shopvapor.de\/fr\/product\/randm-tornado-7000-7k-puffs-jetable-e-cigarette-electronique\/","title":{"rendered":"Frange Tornado 7000 7K Puffs Jetable E-cigarette E-cigarette originale"},"content":{"rendered":"<h2>Fringe Tornado 7000 Exp\u00e9rience de cigarette \u00e9lectronique jetable de haute qualit\u00e9<\/h2>\n<p>Le Randm Tornado 7000 est une puissante cigarette \u00e9lectronique jetable con\u00e7ue pour les utilisateurs exigeants qui appr\u00e9cient la qualit\u00e9 et la polyvalence. Avec une capacit\u00e9 impressionnante de 7\u00a0000\u00a0trains, une batterie rechargeable et une vari\u00e9t\u00e9 de saveurs, cet appareil offre une exp\u00e9rience de vapotage intense et durable. La marque RandM est synonyme de technologie innovante et de travail attentif, faisant du Tornado 7000 un choix fiable pour tous ceux qui appr\u00e9cient les cigarettes \u00e9lectroniques de haute qualit\u00e9.<\/p>\n<h2>Param\u00e8tres du produit en d\u00e9tail<\/h2>\n<p>Le RandM Tornado 7000 allie une technologie de pointe \u00e0 une conception conviviale. Vous trouverez ci-dessous un aper\u00e7u d\u00e9taill\u00e9 des sp\u00e9cifications techniques et de leurs avantages qui caract\u00e9risent cet appareil.<\/p>\n<h3>Batterie int\u00e9gr\u00e9e de 850 mAh<\/h3>\n<p>La batterie int\u00e9gr\u00e9e de 850 mAh offre une grande capacit\u00e9, ce qui permet une utilisation durable. Cette taille de batterie garantit que le Randm Tornado 7000 reste fiable m\u00eame avec une utilisation intensive sans charge fr\u00e9quente. L'avantage est la long\u00e9vit\u00e9, qui garantit que les utilisateurs peuvent exploiter la pleine capacit\u00e9 de jusqu'\u00e0 7\u00a0000 trains.<\/p>\n<h3>Fonction rechargeable<\/h3>\n<p>Contrairement \u00e0 de nombreuses autres cigarettes \u00e9lectroniques jetables, la Randm Tornado 7000 est rechargeable. Cela permet \u00e0 la pleine capacit\u00e9 de e-liquide d'\u00eatre pleinement utilis\u00e9e sans que la batterie soit vide pr\u00e9matur\u00e9ment. La rechargeabilit\u00e9 augmente l'efficacit\u00e9 et garantit une exp\u00e9rience de vapotage plus durable, car la batterie peut \u00eatre utilis\u00e9e tout au long de la dur\u00e9e de vie de l'appareil.<\/p>\n<h3>Puissance de sortie efficace et constante<\/h3>\n<p>La technologie avanc\u00e9e RandM Tornado 7000 garantit une puissance de sortie coh\u00e9rente, garantissant une exp\u00e9rience de vapotage coh\u00e9rente. Chaque train offre la m\u00eame intensit\u00e9 et la m\u00eame qualit\u00e9 de go\u00fbt, ce qui augmente la satisfaction des utilisateurs. Cette coh\u00e9rence distingue la marque RandM des autres, car elle garantit des performances fiables.<\/p>\n<h3>14 ml de e-liquide pr\u00e9-remplis<\/h3>\n<p>Avec une g\u00e9n\u00e9reuse garniture de e-liquide de 14 ml, la Tornado 7000 offre une capacit\u00e9 exceptionnelle pour une e-cigarette jetable. Ce montant permet jusqu'\u00e0 7\u00a0000\u00a0d\u00e9placements, ce qui les rend id\u00e9als pour les utilisateurs \u00e0 la recherche d'un produit durable. La grande quantit\u00e9 de remplissage r\u00e9duit le besoin de nouveaux achats et offre un excellent rapport qualit\u00e9-prix.<\/p>\n<h3>2 % et 5 % Niveau de nicotine<\/h3>\n<p>Le Randm Tornado 7000 est disponible en deux atouts : 2 % et 5 %. Cette s\u00e9lection permet aux utilisateurs de choisir l'intensit\u00e9 qui leur convient, en fonction de leurs pr\u00e9f\u00e9rences individuelles. La disponibilit\u00e9 des deux options souligne la flexibilit\u00e9 de la marque RANDM pour r\u00e9pondre \u00e0 diff\u00e9rents besoins.<\/p>\n<h3>Jusqu'\u00e0 7\u00a0000\u00a0trains<\/h3>\n<p>La capacit\u00e9 de pr\u00e8s de 7\u00a0000\u00a0trains fait du Tornado\u00a07000 l'une des cigarettes \u00e9lectroniques jetables les plus durables du march\u00e9. Ce nombre \u00e9lev\u00e9 de trains assure une utilisation \u00e0 long terme et r\u00e9duit la fr\u00e9quence des \u00e9changes, \u00e0 la fois pratique et rentable.<\/p>\n<h3>R\u00e9gulation de d\u00e9bit d'air r\u00e9glable<\/h3>\n<p>La r\u00e9gulation de d\u00e9bit d'air r\u00e9glable permet aux utilisateurs de personnaliser la r\u00e9sistance \u00e0 la traction. Qu'un train l\u00e2che ou plus serr\u00e9 soit pr\u00e9f\u00e9r\u00e9, cette fonctionnalit\u00e9 offre une flexibilit\u00e9 maximale et une exp\u00e9rience de vapotage personnalis\u00e9e. L'adaptabilit\u00e9 distingue le Randm Tornado 7000 des appareils jetables standard.<\/p>\n<h3>Lumi\u00e8re RVB<\/h3>\n<p>La lumi\u00e8re RGB int\u00e9gr\u00e9e donne au Randm Tornado 7000 un design moderne et attrayant. Les couleurs changeantes assurent une am\u00e9lioration visuelle et rendent l'appareil particuli\u00e8rement attrayant. Cette fonctionnalit\u00e9 souligne l'orientation innovante de la marque RandM et l\u00e8ve le produit des autres cigarettes \u00e9lectroniques jetables.<\/p>\n<h2>Saveurs du Randm Tornado 7000<\/h2>\n<p>Le Randm Tornado 7000 offre une large gamme de saveurs qui ont quelque chose pour tous les go\u00fbts. Des notes fruit\u00e9es aux notes rafra\u00eechissantes - chaque variante est soigneusement con\u00e7ue pour offrir une exp\u00e9rience gustative intense. Voici la liste des saveurs disponibles :<\/p>\n<ul>\n<li>Cool Mint<\/li>\n<li>Lush Ice<\/li>\n<li>Glace mandarine<\/li>\n<li>Beignet aux fraises<\/li>\n<li>Gummy Bear<\/li>\n<li>Bleuet sur glace<\/li>\n<li>Mangue sur glace<\/li>\n<li>Glace \u00e0 la p\u00eache<\/li>\n<li>Banana Ice<\/li>\n<li>Glace au raisin<\/li>\n<li>Lemonade rose<\/li>\n<li>Rhum Pina Colada<\/li>\n<li>baies m\u00e9lang\u00e9es<\/li>\n<li>Milk-shake \u00e0 la banane<\/li>\n<li>Past\u00e8que \u00e0 la fraise<\/li>\n<li>citron rouge<\/li>\n<li>Glace au Pineapple<\/li>\n<li>barbe \u00e0 papa<\/li>\n<li>Fraise Banane<\/li>\n<li>Glace \u00e0 la fraise<\/li>\n<li>Kiwi \u00e0 la fraise<\/li>\n<li>Red Energy Ice<\/li>\n<li>Blue Razz Lemonade<\/li>\n<li>Glace de pomme rouge<\/li>\n<li>Lemonade aux baies<\/li>\n<li>Blueberry Bubblegum<\/li>\n<li>Blue Sour Raspberry<\/li>\n<li>Monsieur Bleu<\/li>\n<li>Apple Peach Pear<\/li>\n<li>Blueberry Pomegranate<\/li>\n<li>Vimto<\/li>\n<li>Kiwi Passion Fruit Goyave<\/li>\n<li>cola<\/li>\n<li>Pomme acidul\u00e9e<\/li>\n<li>Menthol de cassis<\/li>\n<li>Sang de tigre<\/li>\n<li>Peach Blueberry Candy<\/li>\n<li>P\u00eache Mangue<\/li>\n<li>Red Bull \u00e0 la fraise<\/li>\n<li>Glace de cassis<\/li>\n<li>Lemonade \u00e0 la fraise et \u00e0 la past\u00e8que<\/li>\n<li>Cherry<\/li>\n<li>Blue Razz Cherry<\/li>\n<li>Skittles<\/li>\n<li>Blueberry Raspberry<\/li>\n<li>Pamplemousse aux fraises<\/li>\n<li>Blueberry Cherry Cranberry<\/li>\n<li>explosion de pommiers<\/li>\n<li>Cola cerise<\/li>\n<li>Citron &amp; Citron vert<\/li>\n<\/ul>\n<h2>Questions fr\u00e9quentes (FAQ) \u00c0 propos de Randm Tornado 7000<\/h2>\n<p>Ici, nous r\u00e9pondons aux questions les plus fr\u00e9quemment pos\u00e9es sur le Randm Tornado 7000 pour vous donner une compr\u00e9hension claire du produit.<\/p>\n<p><strong>Combien de temps dure la batterie Randm Tornado 7000 ?<\/strong><br \/>\nLa batterie de 850 mAh est con\u00e7ue pour supporter la capacit\u00e9 totale de e-liquide de 14 ml, permettant jusqu'\u00e0 7\u00a0000 trains. La dur\u00e9e de vie r\u00e9elle d\u00e9pend de la fr\u00e9quence d'utilisation et de la r\u00e9gulation du d\u00e9bit d'air r\u00e9gl\u00e9e.<\/p>\n<p><strong>Comment fonctionne la recharge ?<\/strong><br \/>\nLe Randm Tornado 7000 dispose d'un port USB pour charger la batterie. Utilisez un c\u00e2ble USB standard pour charger la batterie lorsqu'elle est vide. Cela garantit que vous pouvez utiliser la pleine capacit\u00e9 du e-liquide.<\/p>\n<p><strong>Puis-je changer le contenu de la nicotine\u00a0?<\/strong><br \/>\nLe RandM Tornado 7000 est disponible en deux forces : 2 % et 5 %. La teneur en nicotine est fixe et ne peut \u00eatre modifi\u00e9e. Choisissez la variante qui correspond \u00e0 vos besoins.<\/p>\n<p><strong>Que se passe-t-il lorsque le e-liquide est vide ?<\/strong><br \/>\nComme il s'agit d'une e-cigarette jetable, le e-liquide ne peut pas \u00eatre recharg\u00e9. Une fois que le e-liquide est \u00e9puis\u00e9, l'appareil doit \u00eatre \u00e9limin\u00e9.<\/p>\n<p><strong>Comment ajuster le d\u00e9bit d'air ?<\/strong><br \/>\nLa r\u00e9gulation du flux d'air est situ\u00e9e sur l'appareil et peut \u00eatre ajust\u00e9e en tournant ou en coulissant pour modifier la r\u00e9sistance de traction selon vos souhaits. Des instructions d\u00e9taill\u00e9es peuvent \u00eatre trouv\u00e9es sur l'emballage.<\/p>\n<p><strong>L'\u00e9clairage RGB peut-il \u00eatre d\u00e9sactiv\u00e9 ?<\/strong><br \/>\nL'\u00e9clairage RGB est une fonction fixe du Randm Tornado 7000 et ne peut pas \u00eatre d\u00e9sactiv\u00e9. Il s'active automatiquement lors du glissement et donne \u00e0 l'appareil une apparence moderne.<\/p>\n<p><strong>Les saveurs sont-elles disponibles dans toutes les r\u00e9gions ?<\/strong><br \/>\nLa disponibilit\u00e9 de certaines saveurs peut varier selon la r\u00e9gion. Veuillez v\u00e9rifier aupr\u00e8s de votre revendeur les saveurs disponibles.<\/p>\n<p><strong>Comment disposer du Randm Tornado 7000 ?<\/strong><br \/>\nLe Randm Tornado 7000 doit \u00eatre \u00e9limin\u00e9 conform\u00e9ment aux r\u00e9glementations locales sur les d\u00e9chets, car elle contient une batterie. Ne les jetez pas dans les ordures m\u00e9nag\u00e8res.<\/p>","protected":false},"excerpt":{"rendered":"<p dir=\"auto\">Fringe Tornado 7000 E-cigarette jetable avec batterie rechargeable 850mAh, 14 ml de liquide \u00e9lectronique, jusqu'\u00e0 7\u00a0000 trains, 2% ou 5%, nicotine, flux d'air r\u00e9glables et lumi\u00e8re RGB. Diverses saveurs pour une exp\u00e9rience de vapotage intense.<\/p>","protected":false},"featured_media":3165,"comment_status":"open","ping_status":"closed","template":"","meta":[],"product_brand":[1188],"product_cat":[1187],"product_tag":[964,968],"class_list":{"0":"post-5566","1":"product","2":"type-product","3":"status-publish","4":"has-post-thumbnail","6":"product_brand-randm","7":"product_cat-7000-puffs","8":"product_tag-5k9kpuffs","9":"product_tag-7000-puffs","11":"first","12":"instock","13":"shipping-taxable","14":"purchasable","15":"product-type-variable"},"yoast_head":"<!-- This site is optimized with the Yoast SEO plugin v25.8 - https:\/\/yoast.com\/wordpress\/plugins\/seo\/ -->\n<title>RandM Tornado 7000 7K Puffs Einweg-E-Zigarette Original - ShopVapor<\/title>\n<meta name=\"description\" content=\"RandM Tornado 7000 Einweg-E-Zigarette mit 850mAh wiederaufladbarer Batterie, 14ml E-Liquid, bis zu 7000 Z\u00fcgen, 2% oder 5% Nikotin, einstellbarem Luftstrom und RGB-Licht. Vielf\u00e4ltige Geschmacksrichtungen f\u00fcr ein intensives Dampferlebnis.\" \/>\n<meta name=\"robots\" content=\"index, follow, max-snippet:-1, max-image-preview:large, max-video-preview:-1\" \/>\n<link rel=\"canonical\" href=\"https:\/\/shopvapor.de\/fr\/product\/randm-tornado-7000-7k-puffs-jetable-e-cigarette-electronique\/\" \/>\n<meta property=\"og:locale\" content=\"fr_FR\" \/>\n<meta property=\"og:type\" content=\"article\" \/>\n<meta property=\"og:title\" content=\"RandM Tornado 7000 7K Puffs Einweg-E-Zigarette Original - ShopVapor\" \/>\n<meta property=\"og:description\" content=\"RandM Tornado 7000 Einweg-E-Zigarette mit 850mAh wiederaufladbarer Batterie, 14ml E-Liquid, bis zu 7000 Z\u00fcgen, 2% oder 5% Nikotin, einstellbarem Luftstrom und RGB-Licht. Vielf\u00e4ltige Geschmacksrichtungen f\u00fcr ein intensives Dampferlebnis.\" \/>\n<meta property=\"og:url\" content=\"https:\/\/shopvapor.de\/fr\/product\/randm-tornado-7000-7k-puffs-jetable-e-cigarette-electronique\/\" \/>\n<meta property=\"og:site_name\" content=\"ShopVapor\" \/>\n<meta property=\"article:modified_time\" content=\"2025-07-16T18:33:38+00:00\" \/>\n<meta property=\"og:image\" content=\"https:\/\/shopvapor.de\/wp-content\/uploads\/2025\/07\/randm-tornado-7000-puffs-vape-original-e-cigarette.webp\" \/>\n\t<meta property=\"og:image:width\" content=\"800\" \/>\n\t<meta property=\"og:image:height\" content=\"731\" \/>\n\t<meta property=\"og:image:type\" content=\"image\/webp\" \/>\n<meta name=\"twitter:card\" content=\"summary_large_image\" \/>\n<meta name=\"twitter:label1\" content=\"Dur\u00e9e de lecture estim\u00e9e\" \/>\n\t<meta name=\"twitter:data1\" content=\"5 minutes\" \/>\n<!-- \/ Yoast SEO plugin. -->","yoast_head_json":{"title":"Fringe Tornado 7000 7K Puffs Jetable E-cigarette originale - ShopVapor","description":"Fringe Tornado 7000 E-cigarette jetable avec batterie rechargeable 850mAh, 14 ml de liquide \u00e9lectronique, jusqu'\u00e0 7\u00a0000 trains, 2% ou 5%, nicotine, flux d'air r\u00e9glables et lumi\u00e8re RGB. Diverses saveurs pour une exp\u00e9rience de vapotage intense.","robots":{"index":"index","follow":"follow","max-snippet":"max-snippet:-1","max-image-preview":"max-image-preview:large","max-video-preview":"max-video-preview:-1"},"canonical":"https:\/\/shopvapor.de\/fr\/product\/randm-tornado-7000-7k-puffs-jetable-e-cigarette-electronique\/","og_locale":"fr_FR","og_type":"article","og_title":"RandM Tornado 7000 7K Puffs Einweg-E-Zigarette Original - ShopVapor","og_description":"RandM Tornado 7000 Einweg-E-Zigarette mit 850mAh wiederaufladbarer Batterie, 14ml E-Liquid, bis zu 7000 Z\u00fcgen, 2% oder 5% Nikotin, einstellbarem Luftstrom und RGB-Licht. Vielf\u00e4ltige Geschmacksrichtungen f\u00fcr ein intensives Dampferlebnis.","og_url":"https:\/\/shopvapor.de\/fr\/product\/randm-tornado-7000-7k-puffs-jetable-e-cigarette-electronique\/","og_site_name":"ShopVapor","article_modified_time":"2025-07-16T18:33:38+00:00","og_image":[{"width":800,"height":731,"url":"https:\/\/shopvapor.de\/wp-content\/uploads\/2025\/07\/randm-tornado-7000-puffs-vape-original-e-cigarette.webp","type":"image\/webp"}],"twitter_card":"summary_large_image","twitter_misc":{"Dur\u00e9e de lecture estim\u00e9e":"5 minutes"},"schema":{"@context":"https:\/\/schema.org","@graph":[{"@type":"WebPage","@id":"https:\/\/shopvapor.de\/produkt\/randm-tornado-7000-7k-puffs-einweg-e-zigarette-original\/","url":"https:\/\/shopvapor.de\/produkt\/randm-tornado-7000-7k-puffs-einweg-e-zigarette-original\/","name":"Fringe Tornado 7000 7K Puffs Jetable E-cigarette originale - ShopVapor","isPartOf":{"@id":"https:\/\/shopvapor.de\/#website"},"primaryImageOfPage":{"@id":"https:\/\/shopvapor.de\/produkt\/randm-tornado-7000-7k-puffs-einweg-e-zigarette-original\/#primaryimage"},"image":{"@id":"https:\/\/shopvapor.de\/produkt\/randm-tornado-7000-7k-puffs-einweg-e-zigarette-original\/#primaryimage"},"thumbnailUrl":"https:\/\/shopvapor.de\/wp-content\/uploads\/2025\/07\/randm-tornado-7000-puffs-vape-original-e-cigarette.webp","datePublished":"2025-07-02T03:53:38+00:00","dateModified":"2025-07-16T18:33:38+00:00","description":"Fringe Tornado 7000 E-cigarette jetable avec batterie rechargeable 850mAh, 14 ml de liquide \u00e9lectronique, jusqu'\u00e0 7\u00a0000 trains, 2% ou 5%, nicotine, flux d'air r\u00e9glables et lumi\u00e8re RGB. Diverses saveurs pour une exp\u00e9rience de vapotage intense.","breadcrumb":{"@id":"https:\/\/shopvapor.de\/produkt\/randm-tornado-7000-7k-puffs-einweg-e-zigarette-original\/#breadcrumb"},"inLanguage":"fr-FR","potentialAction":[{"@type":"ReadAction","target":["https:\/\/shopvapor.de\/produkt\/randm-tornado-7000-7k-puffs-einweg-e-zigarette-original\/"]}]},{"@type":"ImageObject","inLanguage":"fr-FR","@id":"https:\/\/shopvapor.de\/produkt\/randm-tornado-7000-7k-puffs-einweg-e-zigarette-original\/#primaryimage","url":"https:\/\/shopvapor.de\/wp-content\/uploads\/2025\/07\/randm-tornado-7000-puffs-vape-original-e-cigarette.webp","contentUrl":"https:\/\/shopvapor.de\/wp-content\/uploads\/2025\/07\/randm-tornado-7000-puffs-vape-original-e-cigarette.webp","width":800,"height":731},{"@type":"BreadcrumbList","@id":"https:\/\/shopvapor.de\/produkt\/randm-tornado-7000-7k-puffs-einweg-e-zigarette-original\/#breadcrumb","itemListElement":[{"@type":"ListItem","position":1,"name":"Startseite","item":"https:\/\/shopvapor.de\/"},{"@type":"ListItem","position":2,"name":"Shop","item":"https:\/\/shopvapor.de\/shop\/"},{"@type":"ListItem","position":3,"name":"RandM Tornado 7000 7K Puffs Einweg-E-Zigarette Original"}]},{"@type":"WebSite","@id":"https:\/\/shopvapor.de\/#website","url":"https:\/\/shopvapor.de\/","name":"ShopVapor","description":"","potentialAction":[{"@type":"SearchAction","target":{"@type":"EntryPoint","urlTemplate":"https:\/\/shopvapor.de\/?s={search_term_string}"},"query-input":{"@type":"PropertyValueSpecification","valueRequired":true,"valueName":"search_term_string"}}],"inLanguage":"fr-FR"}]}},"_links":{"self":[{"href":"https:\/\/shopvapor.de\/fr\/wp-json\/wp\/v2\/product\/5566","targetHints":{"allow":["GET"]}}],"collection":[{"href":"https:\/\/shopvapor.de\/fr\/wp-json\/wp\/v2\/product"}],"about":[{"href":"https:\/\/shopvapor.de\/fr\/wp-json\/wp\/v2\/types\/product"}],"replies":[{"embeddable":true,"href":"https:\/\/shopvapor.de\/fr\/wp-json\/wp\/v2\/comments?post=5566"}],"version-history":[{"count":1,"href":"https:\/\/shopvapor.de\/fr\/wp-json\/wp\/v2\/product\/5566\/revisions"}],"predecessor-version":[{"id":11716,"href":"https:\/\/shopvapor.de\/fr\/wp-json\/wp\/v2\/product\/5566\/revisions\/11716"}],"wp:featuredmedia":[{"embeddable":true,"href":"https:\/\/shopvapor.de\/fr\/wp-json\/wp\/v2\/media\/3165"}],"wp:attachment":[{"href":"https:\/\/shopvapor.de\/fr\/wp-json\/wp\/v2\/media?parent=5566"}],"wp:term":[{"taxonomy":"product_brand","embeddable":true,"href":"https:\/\/shopvapor.de\/fr\/wp-json\/wp\/v2\/product_brand?post=5566"},{"taxonomy":"product_cat","embeddable":true,"href":"https:\/\/shopvapor.de\/fr\/wp-json\/wp\/v2\/product_cat?post=5566"},{"taxonomy":"product_tag","embeddable":true,"href":"https:\/\/shopvapor.de\/fr\/wp-json\/wp\/v2\/product_tag?post=5566"}],"curies":[{"name":"WP","href":"https:\/\/api.w.org\/{rel}","templated":true}]}}