{"id":6542,"date":"2025-07-02T04:02:35","date_gmt":"2025-07-02T04:02:35","guid":{"rendered":"https:\/\/shopvapor.de\/?post_type=product&#038;p=6542"},"modified":"2025-07-15T09:29:42","modified_gmt":"2025-07-15T09:29:42","slug":"bang-blaze-42000-42k-tete-de-narguile-30-ml-jetable-cigarette-electronique","status":"publish","type":"product","link":"https:\/\/shopvapor.de\/fr\/product\/bang-blaze-42000-42k-tete-de-narguile-30-ml-jetable-cigarette-electronique\/","title":{"rendered":"Bang Blaze 42000 42K Puffs Shisha Head 30ml Cigarette \u00e9lectronique jetable originale"},"content":{"rendered":"<h2>Introduction \u00e0 la cigarette \u00e9lectronique jetable Bang Blaze 42000 Trains<\/h2>\n<p>Bang Blaze 42000 Trains Jetables E-cigarette de Bang offre une combinaison impressionnante de haute capacit\u00e9, de saveurs intenses et de maniabilit\u00e9 pratique. Avec une capacit\u00e9 de 42\u00a0000\u00a0trains, cet appareil est id\u00e9al pour tous ceux qui appr\u00e9cient une utilisation durable et des saveurs diverses. Gr\u00e2ce aux derni\u00e8res technologies, telles que la bobine double maille et une batterie rechargeable, le Bang Blaze 42000 offre une exp\u00e9rience coh\u00e9rente et de bon go\u00fbt. La marque Bang est synonyme de qualit\u00e9 et de fiabilit\u00e9, et ce produit est la preuve de l'engagement \u00e0 offrir aux utilisateurs une exp\u00e9rience de premi\u00e8re classe.<\/p>\n<h2>Bang Blaze 42000 Trains les param\u00e8tres du produit<\/h2>\n<p>La cigarette \u00e9lectronique jetable Bang Blaze 42000 Trains est \u00e9quip\u00e9e de fonctionnalit\u00e9s avanc\u00e9es qui vous distinguent des autres appareils. Vous trouverez ci-dessous un aper\u00e7u d\u00e9taill\u00e9 des sp\u00e9cifications techniques qui rendent ce produit si sp\u00e9cial.<\/p>\n<h3>Capacit\u00e9 des trains : jusqu'\u00e0 42\u00a0000 trains<\/h3>\n<p>Avec une capacit\u00e9 impressionnante de 42\u00a0000\u00a0trains, le Bang Blaze\u00a042\u00a0000 permet une utilisation durable sans remplacement fr\u00e9quent. Ce nombre \u00e9lev\u00e9 de trains garantit aux utilisateurs une exp\u00e9rience coh\u00e9rente sur une longue p\u00e9riode, id\u00e9ale pour une utilisation quotidienne.<\/p>\n<h3>Capacit\u00e9 de e-liquide : 30 ml<\/h3>\n<p>L'appareil est pr\u00e9-remplie de 30 ml d'e-liquide de haute qualit\u00e9, qui offre une quantit\u00e9 g\u00e9n\u00e9reuse pour une utilisation intensive. La grande capacit\u00e9 de liquide r\u00e9duit le besoin de recharges et assure une livraison de go\u00fbt uniforme sur toute la dur\u00e9e de vie du produit.<\/p>\n<h3>Force de nicotine : 0 %, 2 %, 3 %, 5 %<\/h3>\n<p>Le Bang Blaze 42000 est disponible dans diff\u00e9rentes forces de nicotine (0 %, 2 %, 3 % et 5 %) pour r\u00e9pondre aux pr\u00e9f\u00e9rences individuelles des utilisateurs. Qu'il s'agisse d'une exp\u00e9rience sans nicotine ou d'une teneur en nicotine plus \u00e9lev\u00e9e, cet appareil offre une flexibilit\u00e9 pour diff\u00e9rents besoins.<\/p>\n<h3>Batterie : 1000 mAh, rechargeable avec Type-C<\/h3>\n<p>Une puissante batterie de 1000 mAh fournit une alimentation \u00e9lectrique fiable. La fonction de charge de type C permet \u00e0 l'appareil d'\u00eatre charg\u00e9 rapidement et efficacement, ce qui permet une utilisation ininterrompue. La rechargeabilit\u00e9 augmente la fonctionnalit\u00e9 au quotidien.<\/p>\n<h3>Technologie de bobine : 0,6 \u03a9 Bobine double maille<\/h3>\n<p>La bobine double maille avanc\u00e9e de 0,6 \u03a9 garantit un d\u00e9veloppement optimal des saveurs et une production uniforme de vapeur. Cette technologie assure un go\u00fbt intense et des nuages denses \u00e0 chaque mouvement, ce qui rend le Bang Blaze 42000 particuli\u00e8rement attrayant.<\/p>\n<h3>Caract\u00e9ristiques de s\u00e9curit\u00e9 : Verrou de s\u00e9curit\u00e9 enfant<\/h3>\n<p>Le Bang Blaze 42000 est \u00e9quip\u00e9 d'un dispositif de s\u00e9curit\u00e9 pour enfants qui garantit une utilisation s\u00fbre de l'appareil. Cette fonctionnalit\u00e9 offre une protection suppl\u00e9mentaire et fait du produit un choix responsable pour tous les utilisateurs.<\/p>\n<h3>Conception : compacte et portable<\/h3>\n<p>Le design mince et l\u00e9ger du Bang Blaze 42000 le rend id\u00e9al pour une utilisation mobile. Il se glisse confortablement dans votre poche ou votre sac \u00e0 main et permet une manipulation facile, o\u00f9 que vous soyez.<\/p>\n<h2>Vari\u00e9t\u00e9 de saveurs des trains Bang Blaze 42000<\/h2>\n<p>Le Bang Blaze 42000 offre une large gamme de saveurs qui ont quelque chose pour tous les go\u00fbts. Des notes fruit\u00e9es aux notes rafra\u00eechissantes - chaque saveur est soigneusement con\u00e7ue pour offrir une exp\u00e9rience intense et agr\u00e9able. Les saveurs disponibles sont :<\/p>\n<ul>\n<li>battre<\/li>\n<li>menthe bleuet<\/li>\n<li>Double pommes<\/li>\n<li>Glace \u00e0 la p\u00eache<\/li>\n<li>Blueberry Raspberry<\/li>\n<li>Glace aux myrtilles<\/li>\n<li>p\u00eache aux myrtilles<\/li>\n<li>past\u00e8que<\/li>\n<li>Past\u00e8que \u00e0 la fraise<\/li>\n<li>Lichi de fraises<\/li>\n<li>menthe<\/li>\n<li>fruit \u00e0 alliage<\/li>\n<\/ul>\n<h2>FAQ sur la cigarette \u00e9lectronique jetable Bang Blaze 42000 Trains<\/h2>\n<p>Ci-dessous, nous r\u00e9pondons aux questions les plus courantes que les clients pourraient avoir sur les cigarettes \u00e9lectroniques jetables de Bang Blaze 42000 pour vous donner un maximum de clart\u00e9.<\/p>\n<p><strong>F : Combien de temps les trains Bang Blaze 42000 durent-ils ?<\/strong><br \/>\nR : La dur\u00e9e de vie d\u00e9pend de la fr\u00e9quence d'utilisation. Avec une utilisation moyenne, l'appareil peut durer plusieurs semaines \u00e0 plusieurs mois gr\u00e2ce \u00e0 ses 42 000 trains.<\/p>\n<p><strong>Q\u00a0: Les trains Bang Blaze\u00a042\u00a0000 sont-ils vraiment rechargeables\u00a0?<\/strong><br \/>\nR : Oui, l'appareil dispose d'une batterie de 1\u00a0000\u00a0mAh qui peut \u00eatre charg\u00e9e rapidement et facilement via un port de type\u00a0C.<\/p>\n<p><strong>F : Puis-je changer l'amidon de nicotine apr\u00e8s avoir achet\u00e9 ?<\/strong><br \/>\nR : Non, la force de la nicotine est fixe et ne peut \u00eatre modifi\u00e9e. Lors de l'achat, choisissez la force souhait\u00e9e (0 %, 2 %, 3 % ou 5 %).<\/p>\n<p><strong>F : Comment fonctionne le contr\u00f4le parental ?<\/strong><br \/>\nR : Le dispositif de s\u00e9curit\u00e9 pour enfants emp\u00eache l'activation de l'appareil de mani\u00e8re involontaire. Pour des instructions plus d\u00e9taill\u00e9es, consultez le manuel d'instructions fourni avec le produit.<\/p>\n<p><strong>Q\u00a0: Toutes les saveurs sont-elles disponibles dans chaque r\u00e9gion\u00a0?<\/strong><br \/>\nR : La disponibilit\u00e9 des saveurs peut varier selon la r\u00e9gion. Veuillez contacter votre revendeur pour confirmer les options disponibles.<\/p>\n<p><strong>Q\u00a0: Que se passe-t-il lorsque le e-liquide est \u00e9puis\u00e9\u00a0?<\/strong><br \/>\nR : Le Bang Blaze 42000 est une cigarette \u00e9lectronique jetable et ne peut pas \u00eatre recharg\u00e9e. Une fois que le e-liquide est \u00e9puis\u00e9, l'appareil doit \u00eatre \u00e9limin\u00e9 conform\u00e9ment aux r\u00e9glementations locales.<\/p>\n<p><strong>Q\u00a0: Un c\u00e2ble de charge de type\u00a0C est-il inclus\u00a0?<\/strong><br \/>\nR : Non, le c\u00e2ble de charge de type C n'est pas inclus. Vous pouvez utiliser n'importe quel c\u00e2ble de type C standard compatible avec l'appareil.<\/p>","protected":false},"excerpt":{"rendered":"<p>Bang Blaze 42000 Trains Jetables \u00e9lectroniques : jusqu'\u00e0 42 000 trains, 30 ml de e-liquide, 0-5 %, r\u00e9sistance \u00e0 la nicotine, batterie type C de 1\u00a0000\u00a0mAh, 0,6\u00a0\u03a9, double maillage, s\u00e9curit\u00e9 enfant. Des saveurs vari\u00e9es pour un plaisir intense.<\/p>","protected":false},"featured_media":6548,"comment_status":"open","ping_status":"closed","template":"","meta":[],"product_brand":[1180],"product_cat":[1184],"product_tag":[983,959,970],"class_list":{"0":"post-6542","1":"product","2":"type-product","3":"status-publish","4":"has-post-thumbnail","6":"product_brand-bang","7":"product_cat-42000-puffs","8":"product_tag-42k-puffs","9":"product_tag-more-than-10kpuffs","10":"product_tag-more-than-30kpuffs","12":"first","13":"instock","14":"sale","15":"shipping-taxable","16":"purchasable","17":"product-type-variable"},"yoast_head":"<!-- This site is optimized with the Yoast SEO plugin v25.8 - https:\/\/yoast.com\/wordpress\/plugins\/seo\/ -->\n<title>Bang Blaze 42000 42K Puffs Shisha Head 30ml Einweg-E-Zigarette Original - ShopVapor<\/title>\n<meta name=\"description\" content=\"Bang Blaze 42000 Z\u00fcge Einweg-E-Zigarette: Bis zu 42.000 Z\u00fcge, 30 ml E-Liquid, 0-5 % Nikotinst\u00e4rke, 1000 mAh Typ-C-Akku, 0,6-\u03a9-Dual-Mesh-Spule, Kindersicherung. Vielf\u00e4ltige Geschmacksrichtungen f\u00fcr intensiven Genuss.\" \/>\n<meta name=\"robots\" content=\"index, follow, max-snippet:-1, max-image-preview:large, max-video-preview:-1\" \/>\n<link rel=\"canonical\" href=\"https:\/\/shopvapor.de\/fr\/product\/bang-blaze-42000-42k-tete-de-narguile-30-ml-jetable-cigarette-electronique\/\" \/>\n<meta property=\"og:locale\" content=\"fr_FR\" \/>\n<meta property=\"og:type\" content=\"article\" \/>\n<meta property=\"og:title\" content=\"Bang Blaze 42000 42K Puffs Shisha Head 30ml Einweg-E-Zigarette Original - ShopVapor\" \/>\n<meta property=\"og:description\" content=\"Bang Blaze 42000 Z\u00fcge Einweg-E-Zigarette: Bis zu 42.000 Z\u00fcge, 30 ml E-Liquid, 0-5 % Nikotinst\u00e4rke, 1000 mAh Typ-C-Akku, 0,6-\u03a9-Dual-Mesh-Spule, Kindersicherung. Vielf\u00e4ltige Geschmacksrichtungen f\u00fcr intensiven Genuss.\" \/>\n<meta property=\"og:url\" content=\"https:\/\/shopvapor.de\/fr\/product\/bang-blaze-42000-42k-tete-de-narguile-30-ml-jetable-cigarette-electronique\/\" \/>\n<meta property=\"og:site_name\" content=\"ShopVapor\" \/>\n<meta property=\"article:modified_time\" content=\"2025-07-15T09:29:42+00:00\" \/>\n<meta property=\"og:image\" content=\"https:\/\/shopvapor.de\/wp-content\/uploads\/2025\/07\/bang-blaze-42000-42k-puffs-shisha-head-30ml-einweg-e-zigarette-original-1.webp\" \/>\n\t<meta property=\"og:image:width\" content=\"800\" \/>\n\t<meta property=\"og:image:height\" content=\"800\" \/>\n\t<meta property=\"og:image:type\" content=\"image\/webp\" \/>\n<meta name=\"twitter:card\" content=\"summary_large_image\" \/>\n<meta name=\"twitter:label1\" content=\"Dur\u00e9e de lecture estim\u00e9e\" \/>\n\t<meta name=\"twitter:data1\" content=\"4 minutes\" \/>\n<!-- \/ Yoast SEO plugin. -->","yoast_head_json":{"title":"Bang Blaze 42000 42K T\u00eate de narguil\u00e9 30 ml Jetable E-cigarette - ShopVapor","description":"Bang Blaze 42000 Trains Jetables \u00e9lectroniques : jusqu'\u00e0 42 000 trains, 30 ml de e-liquide, 0-5 %, r\u00e9sistance \u00e0 la nicotine, batterie type C de 1\u00a0000\u00a0mAh, 0,6\u00a0\u03a9, double maillage, s\u00e9curit\u00e9 enfant. Des saveurs vari\u00e9es pour un plaisir intense.","robots":{"index":"index","follow":"follow","max-snippet":"max-snippet:-1","max-image-preview":"max-image-preview:large","max-video-preview":"max-video-preview:-1"},"canonical":"https:\/\/shopvapor.de\/fr\/product\/bang-blaze-42000-42k-tete-de-narguile-30-ml-jetable-cigarette-electronique\/","og_locale":"fr_FR","og_type":"article","og_title":"Bang Blaze 42000 42K Puffs Shisha Head 30ml Einweg-E-Zigarette Original - ShopVapor","og_description":"Bang Blaze 42000 Z\u00fcge Einweg-E-Zigarette: Bis zu 42.000 Z\u00fcge, 30 ml E-Liquid, 0-5 % Nikotinst\u00e4rke, 1000 mAh Typ-C-Akku, 0,6-\u03a9-Dual-Mesh-Spule, Kindersicherung. Vielf\u00e4ltige Geschmacksrichtungen f\u00fcr intensiven Genuss.","og_url":"https:\/\/shopvapor.de\/fr\/product\/bang-blaze-42000-42k-tete-de-narguile-30-ml-jetable-cigarette-electronique\/","og_site_name":"ShopVapor","article_modified_time":"2025-07-15T09:29:42+00:00","og_image":[{"width":800,"height":800,"url":"https:\/\/shopvapor.de\/wp-content\/uploads\/2025\/07\/bang-blaze-42000-42k-puffs-shisha-head-30ml-einweg-e-zigarette-original-1.webp","type":"image\/webp"}],"twitter_card":"summary_large_image","twitter_misc":{"Dur\u00e9e de lecture estim\u00e9e":"4 minutes"},"schema":{"@context":"https:\/\/schema.org","@graph":[{"@type":"WebPage","@id":"https:\/\/shopvapor.de\/produkt\/bang-blaze-42000-42k-puffs-shisha-head-30ml-einweg-e-zigarette-original\/","url":"https:\/\/shopvapor.de\/produkt\/bang-blaze-42000-42k-puffs-shisha-head-30ml-einweg-e-zigarette-original\/","name":"Bang Blaze 42000 42K T\u00eate de narguil\u00e9 30 ml Jetable E-cigarette - ShopVapor","isPartOf":{"@id":"https:\/\/shopvapor.de\/#website"},"primaryImageOfPage":{"@id":"https:\/\/shopvapor.de\/produkt\/bang-blaze-42000-42k-puffs-shisha-head-30ml-einweg-e-zigarette-original\/#primaryimage"},"image":{"@id":"https:\/\/shopvapor.de\/produkt\/bang-blaze-42000-42k-puffs-shisha-head-30ml-einweg-e-zigarette-original\/#primaryimage"},"thumbnailUrl":"https:\/\/shopvapor.de\/wp-content\/uploads\/2025\/07\/bang-blaze-42000-42k-puffs-shisha-head-30ml-einweg-e-zigarette-original-1.webp","datePublished":"2025-07-02T04:02:35+00:00","dateModified":"2025-07-15T09:29:42+00:00","description":"Bang Blaze 42000 Trains Jetables \u00e9lectroniques : jusqu'\u00e0 42 000 trains, 30 ml de e-liquide, 0-5 %, r\u00e9sistance \u00e0 la nicotine, batterie type C de 1\u00a0000\u00a0mAh, 0,6\u00a0\u03a9, double maillage, s\u00e9curit\u00e9 enfant. Des saveurs vari\u00e9es pour un plaisir intense.","breadcrumb":{"@id":"https:\/\/shopvapor.de\/produkt\/bang-blaze-42000-42k-puffs-shisha-head-30ml-einweg-e-zigarette-original\/#breadcrumb"},"inLanguage":"fr-FR","potentialAction":[{"@type":"ReadAction","target":["https:\/\/shopvapor.de\/produkt\/bang-blaze-42000-42k-puffs-shisha-head-30ml-einweg-e-zigarette-original\/"]}]},{"@type":"ImageObject","inLanguage":"fr-FR","@id":"https:\/\/shopvapor.de\/produkt\/bang-blaze-42000-42k-puffs-shisha-head-30ml-einweg-e-zigarette-original\/#primaryimage","url":"https:\/\/shopvapor.de\/wp-content\/uploads\/2025\/07\/bang-blaze-42000-42k-puffs-shisha-head-30ml-einweg-e-zigarette-original-1.webp","contentUrl":"https:\/\/shopvapor.de\/wp-content\/uploads\/2025\/07\/bang-blaze-42000-42k-puffs-shisha-head-30ml-einweg-e-zigarette-original-1.webp","width":800,"height":800},{"@type":"BreadcrumbList","@id":"https:\/\/shopvapor.de\/produkt\/bang-blaze-42000-42k-puffs-shisha-head-30ml-einweg-e-zigarette-original\/#breadcrumb","itemListElement":[{"@type":"ListItem","position":1,"name":"Startseite","item":"https:\/\/shopvapor.de\/"},{"@type":"ListItem","position":2,"name":"Shop","item":"https:\/\/shopvapor.de\/shop\/"},{"@type":"ListItem","position":3,"name":"Bang Blaze 42000 42K Puffs Shisha Head 30ml Einweg-E-Zigarette Original"}]},{"@type":"WebSite","@id":"https:\/\/shopvapor.de\/#website","url":"https:\/\/shopvapor.de\/","name":"ShopVapor","description":"","potentialAction":[{"@type":"SearchAction","target":{"@type":"EntryPoint","urlTemplate":"https:\/\/shopvapor.de\/?s={search_term_string}"},"query-input":{"@type":"PropertyValueSpecification","valueRequired":true,"valueName":"search_term_string"}}],"inLanguage":"fr-FR"}]}},"_links":{"self":[{"href":"https:\/\/shopvapor.de\/fr\/wp-json\/wp\/v2\/product\/6542","targetHints":{"allow":["GET"]}}],"collection":[{"href":"https:\/\/shopvapor.de\/fr\/wp-json\/wp\/v2\/product"}],"about":[{"href":"https:\/\/shopvapor.de\/fr\/wp-json\/wp\/v2\/types\/product"}],"replies":[{"embeddable":true,"href":"https:\/\/shopvapor.de\/fr\/wp-json\/wp\/v2\/comments?post=6542"}],"version-history":[{"count":2,"href":"https:\/\/shopvapor.de\/fr\/wp-json\/wp\/v2\/product\/6542\/revisions"}],"predecessor-version":[{"id":12047,"href":"https:\/\/shopvapor.de\/fr\/wp-json\/wp\/v2\/product\/6542\/revisions\/12047"}],"wp:featuredmedia":[{"embeddable":true,"href":"https:\/\/shopvapor.de\/fr\/wp-json\/wp\/v2\/media\/6548"}],"wp:attachment":[{"href":"https:\/\/shopvapor.de\/fr\/wp-json\/wp\/v2\/media?parent=6542"}],"wp:term":[{"taxonomy":"product_brand","embeddable":true,"href":"https:\/\/shopvapor.de\/fr\/wp-json\/wp\/v2\/product_brand?post=6542"},{"taxonomy":"product_cat","embeddable":true,"href":"https:\/\/shopvapor.de\/fr\/wp-json\/wp\/v2\/product_cat?post=6542"},{"taxonomy":"product_tag","embeddable":true,"href":"https:\/\/shopvapor.de\/fr\/wp-json\/wp\/v2\/product_tag?post=6542"}],"curies":[{"name":"WP","href":"https:\/\/api.w.org\/{rel}","templated":true}]}}