{"id":7791,"date":"2025-07-02T04:10:09","date_gmt":"2025-07-02T04:10:09","guid":{"rendered":"https:\/\/shopvapor.de\/?post_type=product&#038;p=7791"},"modified":"2025-07-15T09:10:04","modified_gmt":"2025-07-15T09:10:04","slug":"bang-king-30000-30k-bouffees-de-double-bouton-jetable-cigarette-electronique-jetable","status":"publish","type":"product","link":"https:\/\/shopvapor.de\/fr\/product\/bang-king-30000-30k-bouffees-de-double-bouton-jetable-cigarette-electronique-jetable\/","title":{"rendered":"Bang King 30000 30k Puffs New Double Taste Original E-cigarette jetable"},"content":{"rendered":"<h2>Bang King 30000 - Cigarette \u00e9lectronique jetable de haute qualit\u00e9 avec des performances impressionnantes<\/h2>\n<p>La cigarette \u00e9lectronique jetable Bang King 30000 \u00e9tablit de nouvelles r\u00e9f\u00e9rences dans le domaine des vapoteurs jetables gr\u00e2ce \u00e0 sa capacit\u00e9 impressionnante et sa technologie de pointe. Avec jusqu'\u00e0 30\u00a0000\u00a0trains et une g\u00e9n\u00e9reuse capacit\u00e9 de e-liquide de 36\u00a0ml, cet appareil offre un plaisir durable sans recharge ni charge fr\u00e9quente. D\u00e9velopp\u00e9 par la c\u00e9l\u00e8bre marque Bang King, ce produit est synonyme de qualit\u00e9 et de fiabilit\u00e9. La technologie innovante \u00e0 double saveur permet de basculer entre deux saveurs, tandis que l'\u00e9cran LED num\u00e9rique garde toujours une trace de la batterie et de l'\u00e9tat du e-liquide. Avec une s\u00e9lection de forces de nicotine et une vari\u00e9t\u00e9 de saveurs, le Bang King 30000 s\u00e9duit les utilisateurs exigeants qui appr\u00e9cient le go\u00fbt intense et la manipulation pratique.<\/p>\n<h2>Param\u00e8tres du produit en d\u00e9tail<\/h2>\n<p>Le Bang King 30000 combine les derni\u00e8res technologies avec un design convivial. Vous trouverez ci-dessous un aper\u00e7u d\u00e9taill\u00e9 des sp\u00e9cifications techniques et de leurs avantages qui font de cet appareil un choix exceptionnel.<\/p>\n<h3>Trains : jusqu'\u00e0 30\u00a0000<\/h3>\n<p>Avec une capacit\u00e9 pouvant atteindre 30 000 trains, le Bang King 30000 offre une dur\u00e9e de vie exceptionnellement longue. Ce nombre \u00e9lev\u00e9 de trains garantit que l'appareil peut \u00eatre utilis\u00e9 pendant des semaines sans avoir besoin de remplacement. Cela le rend particuli\u00e8rement pratique pour les utilisateurs qui recherchent un produit durable sans remplacement fr\u00e9quent.<\/p>\n<h3>Capacit\u00e9 de e-liquide : 36 ml<\/h3>\n<p>La capacit\u00e9 g\u00e9n\u00e9reuse de 36 ml de e-liquide permet une utilisation durable sans recharge. Cette capacit\u00e9 garantit que le go\u00fbt reste coh\u00e9rent de la premi\u00e8re \u00e0 la derni\u00e8re utilisation et r\u00e9duit consid\u00e9rablement l'effort n\u00e9cessaire \u00e0 l'entretien de l'appareil.<\/p>\n<h3>Taux de nicotine : 0 %, 2 %, 3 %, 5 %<\/h3>\n<p>Le Bang King 30000 est disponible en quatre forces de nicotine (0 %, 2 %, 3 % et 5 %) pour r\u00e9pondre aux pr\u00e9f\u00e9rences individuelles des utilisateurs. Qu'il s'agisse d'une exp\u00e9rience plus intense, sans nicotine ou avec de la nicotine, la s\u00e9lection permet une adaptation flexible aux besoins personnels.<\/p>\n<h3>Batterie : 550 mAh, rechargeable via Type-C<\/h3>\n<p>La batterie int\u00e9gr\u00e9e de 550 mAh est rechargeable et utilise un port de type C moderne pour une charge rapide et efficace. Cela garantit que l'appareil est pr\u00eat \u00e0 \u00eatre utilis\u00e9 \u00e0 tout moment et minimise les temps d'arr\u00eat gr\u00e2ce \u00e0 de longs cycles de charge.<\/p>\n<h3>Noyau : bobine de maille de 1,0 ohm<\/h3>\n<p>Le serpentin en maille de 1,0 ohm de haute qualit\u00e9 assure un chauffage uniforme du e-liquide, ce qui entra\u00eene un go\u00fbt intense et une production de vapeur dense. Cette technologie maximise la qualit\u00e9 du go\u00fbt et assure une exp\u00e9rience coh\u00e9rente dans chaque train.<\/p>\n<h3>D\u00e9bit d'air : r\u00e9glable<\/h3>\n<p>La fonction de flux d'air r\u00e9glable permet aux utilisateurs d'ajuster la r\u00e9sistance de traction en fonction de leurs pr\u00e9f\u00e9rences. Qu'il s'agisse d'un train a\u00e9rien ou d'un train plus serr\u00e9, cette fonctionnalit\u00e9 offre une flexibilit\u00e9 et un confort maximum.<\/p>\n<h3>Affichage : indicateur LED num\u00e9rique<\/h3>\n<p>L'\u00e9cran num\u00e9rique LED int\u00e9gr\u00e9 fournit des informations en temps r\u00e9el sur le niveau de la batterie et le niveau de e-liquide. Cette fonction conviviale assure la transparence et permet de planifier l'utilisation de mani\u00e8re optimale sans interruptions impr\u00e9vues.<\/p>\n<h3>Technologie \u00e0 double saveur<\/h3>\n<p>La technologie innovante \u00e0 double saveur permet de basculer entre deux saveurs diff\u00e9rentes au sein d'un m\u00eame appareil. Cette fonctionnalit\u00e9 offre de la vari\u00e9t\u00e9 et augmente le plaisir, car les utilisateurs peuvent basculer entre les saveurs en fonction de leur humeur.<\/p>\n<h2>Des saveurs pour tous les go\u00fbts<\/h2>\n<p>Le Bang King 30000 offre une large gamme de saveurs con\u00e7ues avec soin pour r\u00e9pondre \u00e0 diverses pr\u00e9f\u00e9rences. Chaque saveur est con\u00e7ue pour offrir un ar\u00f4me intense et authentique. Voici les options disponibles :<\/p>\n<ul>\n<li><strong>Past\u00e8que aux fraises :<\/strong> Fraises et past\u00e8que pour un m\u00e9lange rafra\u00eechissant.<\/li>\n<li><strong>Glace aux bleuets\u00a0:<\/strong> Bleuets juteux avec menthol froid.<\/li>\n<li><strong>Menthe fra\u00eeche :<\/strong> Go\u00fbt frais et clair de menthe pour une exp\u00e9rience vivifiante.<\/li>\n<li><strong>Raisin de fraise :<\/strong> Fraises et raisins sucr\u00e9s pour une exp\u00e9rience fruit\u00e9e.<\/li>\n<li><strong>Cerise aux canneberges aux myrtilles :<\/strong> Bleuets, canneberges et cerises pour un m\u00e9lange complexe.<\/li>\n<li><strong>Past\u00e8que :<\/strong> Saveur de past\u00e8que pure avec une douceur naturelle.<\/li>\n<li><strong>Kiwi aux fraises\u00a0:<\/strong> Fraises avec kiwi juteux.<\/li>\n<li><strong>Razz bleu menthe :<\/strong> Menthe associ\u00e9e \u00e0 la framboise bleue et aigre-douce.<\/li>\n<li><strong>Triple baie\u00a0:<\/strong> M\u00e9lange de trois baies pour un go\u00fbt intense.<\/li>\n<li><strong>Cerise de past\u00e8que :<\/strong> Past\u00e8que avec cerises juteuses.<\/li>\n<li><strong>\u00c9clat fonc\u00e9 de framboise :<\/strong> Framboises p\u00e9tillantes avec une note sombre et fruit\u00e9e.<\/li>\n<li><strong>Framboise de myrtille\u00a0:<\/strong> Les myrtilles combin\u00e9es \u00e0 des framboises juteuses.<\/li>\n<\/ul>\n<h2>Questions fr\u00e9quentes (FAQ) \u00c0 propos de Bang King 30000<\/h2>\n<p>Nous r\u00e9pondons ici aux questions les plus courantes de Bang King 30000 e-cigarette pour vous aider dans l'utilisation et la maintenance de l'appareil.<\/p>\n<p><strong>Combien de temps dure la batterie Bang King 30000 ?<\/strong><br \/>\nLa batterie de 550 mAh est con\u00e7ue pour r\u00e9sister \u00e0 plusieurs jours d'utilisation intensive en fonction de la fr\u00e9quence d'utilisation. Gr\u00e2ce au port Type-C, la batterie peut \u00eatre recharg\u00e9e rapidement, de sorte que l'appareil soit pr\u00eat \u00e0 \u00eatre utilis\u00e9 en un rien de temps.<\/p>\n<p><strong>Puis-je choisir moi-m\u00eame les saveurs en mode double saveur\u00a0?<\/strong><br \/>\nLes saveurs en mode double saveur sont pr\u00e9d\u00e9finies et ne peuvent pas \u00eatre personnalis\u00e9es. Cependant, les combinaisons ont \u00e9t\u00e9 soigneusement choisies pour offrir une exp\u00e9rience gustative harmonieuse.<\/p>\n<p><strong>Que se passe-t-il lorsque l'e-liquide est \u00e9puis\u00e9 ?<\/strong><br \/>\nLe Bang King 30000 est une cigarette \u00e9lectronique jetable et ne peut \u00eatre recharg\u00e9e. Une fois que le e-liquide est \u00e9puis\u00e9, l'appareil doit \u00eatre \u00e9limin\u00e9 et remplac\u00e9 par un nouveau.<\/p>\n<p><strong>Quelle est la fiabilit\u00e9 de l'affichage LED\u00a0?<\/strong><br \/>\nL'\u00e9cran LED num\u00e9rique est tr\u00e8s pr\u00e9cis et affiche en temps r\u00e9el l'\u00e9tat actuel de la batterie et du e-liquide. Il a \u00e9t\u00e9 con\u00e7u pour donner aux utilisateurs un contr\u00f4le pr\u00e9cis de l'\u00e9tat de l'appareil.<\/p>\n<p><strong>Y a-t-il des probl\u00e8mes de qualit\u00e9, tels que des piles d\u00e9fectueuses ?<\/strong><br \/>\nLes produits Bang King sont soumis \u00e0 des contr\u00f4les de qualit\u00e9 stricts. Si vous rencontrez toujours des probl\u00e8mes comme une batterie d\u00e9fectueuse, nous vous recommandons de contacter le service client. En r\u00e8gle g\u00e9n\u00e9rale, un remplacement ou un remboursement est offert si la preuve est fournie.<\/p>\n<p><strong>Comment disposer du Bang King 30000 apr\u00e8s utilisation ?<\/strong><br \/>\nLe Bang King 30000 doit \u00eatre \u00e9limin\u00e9 conform\u00e9ment aux r\u00e9glementations locales sur les d\u00e9chets \u00e9lectroniques. Veuillez ne pas jeter l'appareil dans les ordures m\u00e9nag\u00e8res, mais amenez-le \u00e0 un point de collecte appropri\u00e9.<\/p>","protected":false},"excerpt":{"rendered":"<p dir=\"auto\">Bang King 30000 Jetable 30 000 cloches E-cigarette, 36 ml de e-liquide, batterie 550 mAh, charge de type C, bobine de maille de 1,0 ohm, flux d'air r\u00e9glable, affichage num\u00e9rique \u00e0 LED et technologie \u00e0 double saveur. Forces de nicotine : 0 %, 2 %, 3 %, 5 % Vari\u00e9t\u00e9s de saveurs pour un plaisir intense.<\/p>","protected":false},"featured_media":7815,"comment_status":"open","ping_status":"closed","template":"","meta":[],"product_brand":[1180],"product_cat":[1167],"product_tag":[960,959],"class_list":{"0":"post-7791","1":"product","2":"type-product","3":"status-publish","4":"has-post-thumbnail","6":"product_brand-bang","7":"product_cat-30000-puffs","8":"product_tag-30k-puffs","9":"product_tag-more-than-10kpuffs","11":"first","12":"instock","13":"sale","14":"shipping-taxable","15":"purchasable","16":"product-type-variable"},"yoast_head":"<!-- This site is optimized with the Yoast SEO plugin v25.8 - https:\/\/yoast.com\/wordpress\/plugins\/seo\/ -->\n<title>Bang King 30000 30k Puffs New Double Taste Einweg-E-Zigarette Original - ShopVapor<\/title>\n<meta name=\"description\" content=\"Bang King 30000 Einweg-E-Zigarette mit 30.000 Z\u00fcgen, 36 ml E-Liquid, 550 mAh Akku, Typ-C-Ladung, 1,0-Ohm-Mesh-Spule, einstellbarem Luftstrom, digitaler LED-Anzeige und Dual-Flavor-Technologie. Nikotinst\u00e4rken: 0 %, 2 %, 3 %, 5 %. Vielf\u00e4ltige Geschmacksrichtungen f\u00fcr intensiven Genuss.\" \/>\n<meta name=\"robots\" content=\"index, follow, max-snippet:-1, max-image-preview:large, max-video-preview:-1\" \/>\n<link rel=\"canonical\" href=\"https:\/\/shopvapor.de\/fr\/product\/bang-king-30000-30k-bouffees-de-double-bouton-jetable-cigarette-electronique-jetable\/\" \/>\n<meta property=\"og:locale\" content=\"fr_FR\" \/>\n<meta property=\"og:type\" content=\"article\" \/>\n<meta property=\"og:title\" content=\"Bang King 30000 30k Puffs New Double Taste Einweg-E-Zigarette Original - ShopVapor\" \/>\n<meta property=\"og:description\" content=\"Bang King 30000 Einweg-E-Zigarette mit 30.000 Z\u00fcgen, 36 ml E-Liquid, 550 mAh Akku, Typ-C-Ladung, 1,0-Ohm-Mesh-Spule, einstellbarem Luftstrom, digitaler LED-Anzeige und Dual-Flavor-Technologie. Nikotinst\u00e4rken: 0 %, 2 %, 3 %, 5 %. Vielf\u00e4ltige Geschmacksrichtungen f\u00fcr intensiven Genuss.\" \/>\n<meta property=\"og:url\" content=\"https:\/\/shopvapor.de\/fr\/product\/bang-king-30000-30k-bouffees-de-double-bouton-jetable-cigarette-electronique-jetable\/\" \/>\n<meta property=\"og:site_name\" content=\"ShopVapor\" \/>\n<meta property=\"article:modified_time\" content=\"2025-07-15T09:10:04+00:00\" \/>\n<meta property=\"og:image\" content=\"https:\/\/shopvapor.de\/wp-content\/uploads\/2025\/07\/bang-king-30000-30k-puffs-new-double-taste-einweg-e-zigarette-original-5.webp\" \/>\n\t<meta property=\"og:image:width\" content=\"1000\" \/>\n\t<meta property=\"og:image:height\" content=\"1000\" \/>\n\t<meta property=\"og:image:type\" content=\"image\/webp\" \/>\n<meta name=\"twitter:card\" content=\"summary_large_image\" \/>\n<meta name=\"twitter:label1\" content=\"Dur\u00e9e de lecture estim\u00e9e\" \/>\n\t<meta name=\"twitter:data1\" content=\"5 minutes\" \/>\n<!-- \/ Yoast SEO plugin. -->","yoast_head_json":{"title":"Bang King 30000 30k bouff\u00e9es Nouveau double bouton jetable e-cigarette originale - ShopVapor","description":"Bang King 30000 Jetable 30 000 cloches E-cigarette, 36 ml de e-liquide, batterie 550 mAh, charge de type C, bobine de maille de 1,0 ohm, flux d'air r\u00e9glable, affichage num\u00e9rique \u00e0 LED et technologie \u00e0 double saveur. Forces de nicotine : 0 %, 2 %, 3 %, 5 % Vari\u00e9t\u00e9s de saveurs pour un plaisir intense.","robots":{"index":"index","follow":"follow","max-snippet":"max-snippet:-1","max-image-preview":"max-image-preview:large","max-video-preview":"max-video-preview:-1"},"canonical":"https:\/\/shopvapor.de\/fr\/product\/bang-king-30000-30k-bouffees-de-double-bouton-jetable-cigarette-electronique-jetable\/","og_locale":"fr_FR","og_type":"article","og_title":"Bang King 30000 30k Puffs New Double Taste Einweg-E-Zigarette Original - ShopVapor","og_description":"Bang King 30000 Einweg-E-Zigarette mit 30.000 Z\u00fcgen, 36 ml E-Liquid, 550 mAh Akku, Typ-C-Ladung, 1,0-Ohm-Mesh-Spule, einstellbarem Luftstrom, digitaler LED-Anzeige und Dual-Flavor-Technologie. Nikotinst\u00e4rken: 0 %, 2 %, 3 %, 5 %. Vielf\u00e4ltige Geschmacksrichtungen f\u00fcr intensiven Genuss.","og_url":"https:\/\/shopvapor.de\/fr\/product\/bang-king-30000-30k-bouffees-de-double-bouton-jetable-cigarette-electronique-jetable\/","og_site_name":"ShopVapor","article_modified_time":"2025-07-15T09:10:04+00:00","og_image":[{"width":1000,"height":1000,"url":"https:\/\/shopvapor.de\/wp-content\/uploads\/2025\/07\/bang-king-30000-30k-puffs-new-double-taste-einweg-e-zigarette-original-5.webp","type":"image\/webp"}],"twitter_card":"summary_large_image","twitter_misc":{"Dur\u00e9e de lecture estim\u00e9e":"5 minutes"},"schema":{"@context":"https:\/\/schema.org","@graph":[{"@type":"WebPage","@id":"https:\/\/shopvapor.de\/produkt\/bang-king-30000-30k-puffs-new-double-taste-einweg-e-zigarette-original\/","url":"https:\/\/shopvapor.de\/produkt\/bang-king-30000-30k-puffs-new-double-taste-einweg-e-zigarette-original\/","name":"Bang King 30000 30k bouff\u00e9es Nouveau double bouton jetable e-cigarette originale - ShopVapor","isPartOf":{"@id":"https:\/\/shopvapor.de\/#website"},"primaryImageOfPage":{"@id":"https:\/\/shopvapor.de\/produkt\/bang-king-30000-30k-puffs-new-double-taste-einweg-e-zigarette-original\/#primaryimage"},"image":{"@id":"https:\/\/shopvapor.de\/produkt\/bang-king-30000-30k-puffs-new-double-taste-einweg-e-zigarette-original\/#primaryimage"},"thumbnailUrl":"https:\/\/shopvapor.de\/wp-content\/uploads\/2025\/07\/bang-king-30000-30k-puffs-new-double-taste-einweg-e-zigarette-original-5.webp","datePublished":"2025-07-02T04:10:09+00:00","dateModified":"2025-07-15T09:10:04+00:00","description":"Bang King 30000 Jetable 30 000 cloches E-cigarette, 36 ml de e-liquide, batterie 550 mAh, charge de type C, bobine de maille de 1,0 ohm, flux d'air r\u00e9glable, affichage num\u00e9rique \u00e0 LED et technologie \u00e0 double saveur. Forces de nicotine : 0 %, 2 %, 3 %, 5 % Vari\u00e9t\u00e9s de saveurs pour un plaisir intense.","breadcrumb":{"@id":"https:\/\/shopvapor.de\/produkt\/bang-king-30000-30k-puffs-new-double-taste-einweg-e-zigarette-original\/#breadcrumb"},"inLanguage":"fr-FR","potentialAction":[{"@type":"ReadAction","target":["https:\/\/shopvapor.de\/produkt\/bang-king-30000-30k-puffs-new-double-taste-einweg-e-zigarette-original\/"]}]},{"@type":"ImageObject","inLanguage":"fr-FR","@id":"https:\/\/shopvapor.de\/produkt\/bang-king-30000-30k-puffs-new-double-taste-einweg-e-zigarette-original\/#primaryimage","url":"https:\/\/shopvapor.de\/wp-content\/uploads\/2025\/07\/bang-king-30000-30k-puffs-new-double-taste-einweg-e-zigarette-original-5.webp","contentUrl":"https:\/\/shopvapor.de\/wp-content\/uploads\/2025\/07\/bang-king-30000-30k-puffs-new-double-taste-einweg-e-zigarette-original-5.webp","width":1000,"height":1000},{"@type":"BreadcrumbList","@id":"https:\/\/shopvapor.de\/produkt\/bang-king-30000-30k-puffs-new-double-taste-einweg-e-zigarette-original\/#breadcrumb","itemListElement":[{"@type":"ListItem","position":1,"name":"Startseite","item":"https:\/\/shopvapor.de\/"},{"@type":"ListItem","position":2,"name":"Shop","item":"https:\/\/shopvapor.de\/shop\/"},{"@type":"ListItem","position":3,"name":"Bang King 30000 30k Puffs New Double Taste Einweg-E-Zigarette Original"}]},{"@type":"WebSite","@id":"https:\/\/shopvapor.de\/#website","url":"https:\/\/shopvapor.de\/","name":"ShopVapor","description":"","potentialAction":[{"@type":"SearchAction","target":{"@type":"EntryPoint","urlTemplate":"https:\/\/shopvapor.de\/?s={search_term_string}"},"query-input":{"@type":"PropertyValueSpecification","valueRequired":true,"valueName":"search_term_string"}}],"inLanguage":"fr-FR"}]}},"_links":{"self":[{"href":"https:\/\/shopvapor.de\/fr\/wp-json\/wp\/v2\/product\/7791","targetHints":{"allow":["GET"]}}],"collection":[{"href":"https:\/\/shopvapor.de\/fr\/wp-json\/wp\/v2\/product"}],"about":[{"href":"https:\/\/shopvapor.de\/fr\/wp-json\/wp\/v2\/types\/product"}],"replies":[{"embeddable":true,"href":"https:\/\/shopvapor.de\/fr\/wp-json\/wp\/v2\/comments?post=7791"}],"version-history":[{"count":1,"href":"https:\/\/shopvapor.de\/fr\/wp-json\/wp\/v2\/product\/7791\/revisions"}],"predecessor-version":[{"id":11414,"href":"https:\/\/shopvapor.de\/fr\/wp-json\/wp\/v2\/product\/7791\/revisions\/11414"}],"wp:featuredmedia":[{"embeddable":true,"href":"https:\/\/shopvapor.de\/fr\/wp-json\/wp\/v2\/media\/7815"}],"wp:attachment":[{"href":"https:\/\/shopvapor.de\/fr\/wp-json\/wp\/v2\/media?parent=7791"}],"wp:term":[{"taxonomy":"product_brand","embeddable":true,"href":"https:\/\/shopvapor.de\/fr\/wp-json\/wp\/v2\/product_brand?post=7791"},{"taxonomy":"product_cat","embeddable":true,"href":"https:\/\/shopvapor.de\/fr\/wp-json\/wp\/v2\/product_cat?post=7791"},{"taxonomy":"product_tag","embeddable":true,"href":"https:\/\/shopvapor.de\/fr\/wp-json\/wp\/v2\/product_tag?post=7791"}],"curies":[{"name":"WP","href":"https:\/\/api.w.org\/{rel}","templated":true}]}}