{"id":7865,"date":"2025-07-02T04:10:31","date_gmt":"2025-07-02T04:10:31","guid":{"rendered":"https:\/\/shopvapor.de\/?post_type=product&#038;p=7865"},"modified":"2025-07-15T09:09:07","modified_gmt":"2025-07-15T09:09:07","slug":"bang-30k-pro-30000-bouffees-double-saveur-24-ml-de-cigarette-electronique-jetable","status":"publish","type":"product","link":"https:\/\/shopvapor.de\/fr\/product\/bang-30k-pro-30000-bouffees-double-saveur-24-ml-de-cigarette-electronique-jetable\/","title":{"rendered":"E-cigarette Bang 30K Pro 30000 30K Puffs Double Flavor 24ml jetable Original"},"content":{"rendered":"<h2>Introduction au Bang 30\u00a0000 pour 30\u00a0000 bouff\u00e9es<\/h2>\n<p>Le Bang 30K Pro 30000 Puffs est un produit e-cigarette jetable sophistiqu\u00e9 con\u00e7u pour une exp\u00e9rience gustative intense et durable. Avec les derni\u00e8res technologies et une mise au point sur la qualit\u00e9, la marque Bang propose un appareil qui allie facilit\u00e9 d'utilisation et performances impressionnantes. Ce produit est sp\u00e9cialement con\u00e7u pour les utilisateurs exigeants qui appr\u00e9cient la diversit\u00e9, la fiabilit\u00e9 et une conception robuste. Chaque unit\u00e9 est con\u00e7ue pour fournir jusqu'\u00e0 30\u00a0000\u00a0trains et offre une large gamme de saveurs qui auront quelque chose pour chaque palais.<\/p>\n<h2>Param\u00e8tres du produit en d\u00e9tail<\/h2>\n<p>Les bouff\u00e9es Bang 30K Pro 30000 se caract\u00e9risent par ses sp\u00e9cifications techniques, qui garantissent une exp\u00e9rience coh\u00e9rente et de haute qualit\u00e9. Les d\u00e9tails suivants sont d\u00e9crits en d\u00e9tail pour mettre en \u00e9vidence les points forts du produit.<\/p>\n<h3>Capacit\u00e9 des trains : jusqu'\u00e0 30\u00a0000 trains<\/h3>\n<p>La capacit\u00e9 impressionnante de 30\u00a0000\u00a0trains fait du Bang\u00a030\u00a0K Pro l'une des plus durables des cigarettes \u00e9lectroniques jetables du march\u00e9. Ce nombre \u00e9lev\u00e9 de trains garantit que les utilisateurs peuvent utiliser l'appareil pendant une plus longue p\u00e9riode sans compromettre l'intensit\u00e9 du go\u00fbt. La technologie de pointe \u00e0 l'int\u00e9rieur de l'appareil garantit des performances constantes du d\u00e9but \u00e0 la fin.<\/p>\n<h3>Capacit\u00e9 de e-liquide : 24 ml<\/h3>\n<p>Avec une g\u00e9n\u00e9reuse capacit\u00e9 de 24 ml de liquide \u00e9lectronique, le Bang 30K Pro est con\u00e7u pour offrir une exp\u00e9rience gustative durable. La grande capacit\u00e9 r\u00e9duit le besoin de recharges fr\u00e9quentes et vous permet de profiter des diverses saveurs tout au long de la vie de l'appareil. La qualit\u00e9 du e-liquide est sp\u00e9cialement adapt\u00e9e \u00e0 la technologie des appareils pour garantir une lib\u00e9ration optimale du go\u00fbt.<\/p>\n<h3>Capacit\u00e9 de la batterie : 850 mAh rechargeable<\/h3>\n<p>Le Bang 30K Pro est \u00e9quip\u00e9 d'une batterie rechargeable de 850 mAh qui fournit une alimentation \u00e9lectrique fiable. La possibilit\u00e9 de charger la batterie via un port USB-C augmente la facilit\u00e9 d'utilisation et garantit que l'appareil reste pr\u00eat \u00e0 \u00eatre utilis\u00e9 jusqu'au dernier mouvement. Cette fonctionnalit\u00e9 souligne la durabilit\u00e9 et la praticit\u00e9 du produit.<\/p>\n<h3>Force de nicotine : 5 % (50 mg\/ml)<\/h3>\n<p>La force de nicotine de 5 % (50 mg\/ml) offre une exp\u00e9rience forte et satisfaisante pour les utilisateurs qui pr\u00e9f\u00e8rent une consommation intensive de nicotine. La formulation est optimis\u00e9e pour fournir un coup de gorge doux sans affecter le go\u00fbt. Cela rend le Bang 30K Pro id\u00e9al pour les utilisateurs exp\u00e9riment\u00e9s \u00e0 la recherche d'un \u00e9quilibre entre la nicotine et le go\u00fbt.<\/p>\n<h3>Technologie de bobine : bobine de maille<\/h3>\n<p>L'utilisation de la technologie de bobine de maille garantit que le e-liquide est chauff\u00e9 uniform\u00e9ment, ce qui am\u00e9liore la lib\u00e9ration de saveurs et la production de vapeurs plus dense. Cette technologie de pointe maximise l'efficacit\u00e9 et garantit une exp\u00e9rience coh\u00e9rente sur chaque train, m\u00eame apr\u00e8s des milliers de mouvements.<\/p>\n<h3>Contr\u00f4le du flux d'air : r\u00e9glable<\/h3>\n<p>Le Bang 30K Pro dispose d'un contr\u00f4le de flux d'air r\u00e9glable, qui permet aux utilisateurs d'ajuster le comportement du train en fonction de leurs pr\u00e9f\u00e9rences. Que ce soit un train plus serr\u00e9, semblable \u00e0 une cigarette ou un train plus ouvert et plus a\u00e9r\u00e9, cette fonctionnalit\u00e9 offre une flexibilit\u00e9 et un confort personnalis\u00e9.<\/p>\n<h3>Conception : compacte et ergonomique<\/h3>\n<p>Le design ergonomique du Bang 30K Pro est confortable \u00e0 tenir et est facile \u00e0 transporter. La construction robuste assure une durabilit\u00e9, tandis que l'ext\u00e9rieur \u00e9l\u00e9gant souligne la qualit\u00e9 de fabrication de la frange. L'appareil est sans entretien et pr\u00eat \u00e0 \u00eatre utilis\u00e9 imm\u00e9diatement, ce qui le rend particuli\u00e8rement pratique.<\/p>\n<h2>Saveurs du Bang 30K Pro<\/h2>\n<p>Le Bang 30K Pro propose une gamme vari\u00e9e de saveurs soigneusement con\u00e7ues pour couvrir un large \u00e9ventail de pr\u00e9f\u00e9rences. Chaque saveur allie fruit\u00e9, frais ou doux pour cr\u00e9er une exp\u00e9rience unique. Les saveurs suivantes sont r\u00e9pertori\u00e9es ci-dessous :<\/p>\n<ul>\n<li>Past\u00e8que et menthe bleuet : past\u00e8que fra\u00eeche associ\u00e9e \u00e0 des myrtilles et une touche de menthe.<\/li>\n<li>Banane de glace et de fraise noire : fruit du dragon exotique avec menthol et banane \u00e0 la fraise cr\u00e9meuse.<\/li>\n<li>Pommes aigre et myrtille Framboise : Pommes \u00e9tincelantes avec myrtilles et framboises.<\/li>\n<li>Mangue p\u00eache et banane Ice : Mangue tropicale et p\u00eache avec banane fra\u00eeche.<\/li>\n<li>Red Bull &amp; Strawberry Mango : saveur de boisson \u00e9nergisante avec des fraises et de la mangue.<\/li>\n<li>Double pomme et kiwi \u00e0 la grenade de fruits de la passion : pommes classiques avec kiwi, fruits de la passion et grenade.<\/li>\n<li>Glace au raisin et cola de cerises\u00a0: raisins sucr\u00e9s avec menthol et cerises p\u00e9tillantes.<\/li>\n<li>Glace \u00e0 la menthe poivr\u00e9e et triple baies : menthe fra\u00eeche avec un m\u00e9lange de trois baies.<\/li>\n<li>Glace \u00e0 la p\u00eache et \u00e0 la fraise de la past\u00e8que : p\u00eache au menthol et aux fraises avec past\u00e8que.<\/li>\n<li>Blueberry Cerise Cranberry &amp; Watermelon Berry : myrtilles, cerises et canneberges avec past\u00e8que et baies.<\/li>\n<li>Love66 &amp; Strawberry Kiwi : m\u00e9lange fruit\u00e9 avec fraises et kiwi.<\/li>\n<li>Pineapple Ice &amp; Blue Fusion : Ananas avec menthol et m\u00e9lange de fruits bleus.<\/li>\n<li>Sakura Raisin &amp; Fraise Lychee : Raisins avec fleurs de cerisier et fraises avec litchi.<\/li>\n<li>Purple Rain &amp; Strawberry Framboise Cherry Glace : M\u00e9lange fruit\u00e9 avec fraises, framboises et cerises au menthol.<\/li>\n<li>M\u00e9lange de fruits et de myrtilles : fruits divers avec myrtilles et menthol.<\/li>\n<li>Black Dragon Ice &amp; Mango Ananas P\u00eache : Dragonfruit avec menthol et mangue, ananas et p\u00eache.<\/li>\n<\/ul>\n<h2>Foire aux questions (FAQ)<\/h2>\n<p>Ci-dessous, nous r\u00e9pondons aux questions les plus courantes que les clients pourraient avoir sur les bouff\u00e9es de Bang 30K Pro\u00a030\u00a0000 pour cr\u00e9er de la clart\u00e9 et de la confiance dans le produit.<\/p>\n<h3>Combien de temps dure le Bang 30k Pro ?<\/h3>\n<p>La dur\u00e9e de vie du Bang 30K Pro d\u00e9pend de la fr\u00e9quence d'utilisation, mais avec une utilisation moyenne, l'appareil peut durer de plusieurs semaines \u00e0 un mois, gr\u00e2ce \u00e0 sa capacit\u00e9 de 30\u00a0000 trains.<\/p>\n<h3>Le Bang 30K Pro peut-il \u00eatre rempli ?<\/h3>\n<p>Non, le Bang 30K Pro est un appareil jetable et ne peut pas \u00eatre recharg\u00e9. Le e-liquide est con\u00e7u pour toute la dur\u00e9e de vie de l'appareil, et la capacit\u00e9 de 24 ml assure un plaisir durable.<\/p>\n<h3>La batterie Bang 30K Pro est-elle s\u00fbre ?<\/h3>\n<p>Oui, la batterie de 850 mAh est s\u00fbre et est conforme aux normes de s\u00e9curit\u00e9 actuelles. Il est rechargeable via un port USB-C et il est recommand\u00e9 d'utiliser un chargeur compatible pour maximiser la dur\u00e9e de vie.<\/p>\n<h3>Pourquoi mon bang 30k par go\u00fbt est-il diff\u00e9rent apr\u00e8s quelques jours ?<\/h3>\n<p>Un go\u00fbt modifi\u00e9 peut r\u00e9sulter d'une utilisation intensive ou d'un r\u00e9glage du contr\u00f4le du d\u00e9bit d'air. Il est recommand\u00e9 de v\u00e9rifier le contr\u00f4le du d\u00e9bit d'air et d'utiliser l'appareil de mani\u00e8re uniforme pour assurer une qualit\u00e9 de go\u00fbt coh\u00e9rente.<\/p>\n<h3>Puis-je prendre le Bang 30k Pro dans l'avion ?<\/h3>\n<p>Oui, le Bang 30K Pro peut \u00eatre transport\u00e9 dans des bagages \u00e0 main, mais il est important de v\u00e9rifier les r\u00e9glementations des compagnies a\u00e9riennes et des pays de destination. L'appareil ne doit pas \u00eatre utilis\u00e9 pendant le vol.<\/p>\n<h3>Que dois-je faire si mon Bang 30k Pro cesse de fonctionner ?<\/h3>\n<p>V\u00e9rifiez d'abord si la batterie est charg\u00e9e. Si l'appareil \u00e9choue toujours, contactez le service client du revendeur o\u00f9 vous avez achet\u00e9 le produit pour obtenir de l'aide ou un \u00e9ventuel remplacement.<\/p>","protected":false},"excerpt":{"rendered":"<p dir=\"auto\">Bang 30K Pro 30000 bouff\u00e9es de cigarettes jetables avec e-liquide de 24 ml, batterie rechargeable 850 mAh, r\u00e9sistance \u00e0 la nicotine 5 %, technologie de bobine de maille et contr\u00f4le de flux d'air r\u00e9glable. Jusqu'\u00e0 30\u00a0000\u00a0trains et diverses saveurs pour un plaisir durable.<\/p>","protected":false},"featured_media":7882,"comment_status":"open","ping_status":"closed","template":"","meta":[],"product_brand":[1180],"product_cat":[1167],"product_tag":[960,959,970],"class_list":{"0":"post-7865","1":"product","2":"type-product","3":"status-publish","4":"has-post-thumbnail","6":"product_brand-bang","7":"product_cat-30000-puffs","8":"product_tag-30k-puffs","9":"product_tag-more-than-10kpuffs","10":"product_tag-more-than-30kpuffs","12":"first","13":"instock","14":"sale","15":"shipping-taxable","16":"purchasable","17":"product-type-variable"},"yoast_head":"<!-- This site is optimized with the Yoast SEO plugin v25.8 - https:\/\/yoast.com\/wordpress\/plugins\/seo\/ -->\n<title>Bang 30K Pro 30000 30K Puffs Double Flavor 24ml Einweg-E-Zigarette Original - ShopVapor<\/title>\n<meta name=\"description\" content=\"Bang 30K Pro 30000 Puffs Einweg-E-Zigarette mit 24 ml E-Liquid, 850 mAh wiederaufladbarer Batterie, 5 % Nikotinst\u00e4rke, Mesh-Coil-Technologie und einstellbarer Luftstromkontrolle. Bis zu 30.000 Z\u00fcge und vielf\u00e4ltige Geschmacksrichtungen f\u00fcr langanhaltenden Genuss.\" \/>\n<meta name=\"robots\" content=\"index, follow, max-snippet:-1, max-image-preview:large, max-video-preview:-1\" \/>\n<link rel=\"canonical\" href=\"https:\/\/shopvapor.de\/fr\/product\/bang-30k-pro-30000-bouffees-double-saveur-24-ml-de-cigarette-electronique-jetable\/\" \/>\n<meta property=\"og:locale\" content=\"fr_FR\" \/>\n<meta property=\"og:type\" content=\"article\" \/>\n<meta property=\"og:title\" content=\"Bang 30K Pro 30000 30K Puffs Double Flavor 24ml Einweg-E-Zigarette Original - ShopVapor\" \/>\n<meta property=\"og:description\" content=\"Bang 30K Pro 30000 Puffs Einweg-E-Zigarette mit 24 ml E-Liquid, 850 mAh wiederaufladbarer Batterie, 5 % Nikotinst\u00e4rke, Mesh-Coil-Technologie und einstellbarer Luftstromkontrolle. Bis zu 30.000 Z\u00fcge und vielf\u00e4ltige Geschmacksrichtungen f\u00fcr langanhaltenden Genuss.\" \/>\n<meta property=\"og:url\" content=\"https:\/\/shopvapor.de\/fr\/product\/bang-30k-pro-30000-bouffees-double-saveur-24-ml-de-cigarette-electronique-jetable\/\" \/>\n<meta property=\"og:site_name\" content=\"ShopVapor\" \/>\n<meta property=\"article:modified_time\" content=\"2025-07-15T09:09:07+00:00\" \/>\n<meta property=\"og:image\" content=\"https:\/\/shopvapor.de\/wp-content\/uploads\/2025\/07\/bang-30k-pro-30000-30k-puffs-double-flavor-24ml-einweg-e-zigarette-original-2.webp\" \/>\n\t<meta property=\"og:image:width\" content=\"1000\" \/>\n\t<meta property=\"og:image:height\" content=\"1000\" \/>\n\t<meta property=\"og:image:type\" content=\"image\/webp\" \/>\n<meta name=\"twitter:card\" content=\"summary_large_image\" \/>\n<meta name=\"twitter:label1\" content=\"Dur\u00e9e de lecture estim\u00e9e\" \/>\n\t<meta name=\"twitter:data1\" content=\"6 minutes\" \/>\n<!-- \/ Yoast SEO plugin. -->","yoast_head_json":{"title":"Bang 30K Pro 30000 30K Puffs Double saveur 24ml E-cigarette jetable - Shopvapor","description":"Bang 30K Pro 30000 bouff\u00e9es de cigarettes jetables avec e-liquide de 24 ml, batterie rechargeable 850 mAh, r\u00e9sistance \u00e0 la nicotine 5 %, technologie de bobine de maille et contr\u00f4le de flux d'air r\u00e9glable. Jusqu'\u00e0 30\u00a0000\u00a0trains et diverses saveurs pour un plaisir durable.","robots":{"index":"index","follow":"follow","max-snippet":"max-snippet:-1","max-image-preview":"max-image-preview:large","max-video-preview":"max-video-preview:-1"},"canonical":"https:\/\/shopvapor.de\/fr\/product\/bang-30k-pro-30000-bouffees-double-saveur-24-ml-de-cigarette-electronique-jetable\/","og_locale":"fr_FR","og_type":"article","og_title":"Bang 30K Pro 30000 30K Puffs Double Flavor 24ml Einweg-E-Zigarette Original - ShopVapor","og_description":"Bang 30K Pro 30000 Puffs Einweg-E-Zigarette mit 24 ml E-Liquid, 850 mAh wiederaufladbarer Batterie, 5 % Nikotinst\u00e4rke, Mesh-Coil-Technologie und einstellbarer Luftstromkontrolle. Bis zu 30.000 Z\u00fcge und vielf\u00e4ltige Geschmacksrichtungen f\u00fcr langanhaltenden Genuss.","og_url":"https:\/\/shopvapor.de\/fr\/product\/bang-30k-pro-30000-bouffees-double-saveur-24-ml-de-cigarette-electronique-jetable\/","og_site_name":"ShopVapor","article_modified_time":"2025-07-15T09:09:07+00:00","og_image":[{"width":1000,"height":1000,"url":"https:\/\/shopvapor.de\/wp-content\/uploads\/2025\/07\/bang-30k-pro-30000-30k-puffs-double-flavor-24ml-einweg-e-zigarette-original-2.webp","type":"image\/webp"}],"twitter_card":"summary_large_image","twitter_misc":{"Dur\u00e9e de lecture estim\u00e9e":"6 minutes"},"schema":{"@context":"https:\/\/schema.org","@graph":[{"@type":"WebPage","@id":"https:\/\/shopvapor.de\/produkt\/bang-30k-pro-30000-puffs-double-flavor-24ml-einweg-e-zigarette-original\/","url":"https:\/\/shopvapor.de\/produkt\/bang-30k-pro-30000-puffs-double-flavor-24ml-einweg-e-zigarette-original\/","name":"Bang 30K Pro 30000 30K Puffs Double saveur 24ml E-cigarette jetable - Shopvapor","isPartOf":{"@id":"https:\/\/shopvapor.de\/#website"},"primaryImageOfPage":{"@id":"https:\/\/shopvapor.de\/produkt\/bang-30k-pro-30000-puffs-double-flavor-24ml-einweg-e-zigarette-original\/#primaryimage"},"image":{"@id":"https:\/\/shopvapor.de\/produkt\/bang-30k-pro-30000-puffs-double-flavor-24ml-einweg-e-zigarette-original\/#primaryimage"},"thumbnailUrl":"https:\/\/shopvapor.de\/wp-content\/uploads\/2025\/07\/bang-30k-pro-30000-30k-puffs-double-flavor-24ml-einweg-e-zigarette-original-2.webp","datePublished":"2025-07-02T04:10:31+00:00","dateModified":"2025-07-15T09:09:07+00:00","description":"Bang 30K Pro 30000 bouff\u00e9es de cigarettes jetables avec e-liquide de 24 ml, batterie rechargeable 850 mAh, r\u00e9sistance \u00e0 la nicotine 5 %, technologie de bobine de maille et contr\u00f4le de flux d'air r\u00e9glable. Jusqu'\u00e0 30\u00a0000\u00a0trains et diverses saveurs pour un plaisir durable.","breadcrumb":{"@id":"https:\/\/shopvapor.de\/produkt\/bang-30k-pro-30000-puffs-double-flavor-24ml-einweg-e-zigarette-original\/#breadcrumb"},"inLanguage":"fr-FR","potentialAction":[{"@type":"ReadAction","target":["https:\/\/shopvapor.de\/produkt\/bang-30k-pro-30000-puffs-double-flavor-24ml-einweg-e-zigarette-original\/"]}]},{"@type":"ImageObject","inLanguage":"fr-FR","@id":"https:\/\/shopvapor.de\/produkt\/bang-30k-pro-30000-puffs-double-flavor-24ml-einweg-e-zigarette-original\/#primaryimage","url":"https:\/\/shopvapor.de\/wp-content\/uploads\/2025\/07\/bang-30k-pro-30000-30k-puffs-double-flavor-24ml-einweg-e-zigarette-original-2.webp","contentUrl":"https:\/\/shopvapor.de\/wp-content\/uploads\/2025\/07\/bang-30k-pro-30000-30k-puffs-double-flavor-24ml-einweg-e-zigarette-original-2.webp","width":1000,"height":1000},{"@type":"BreadcrumbList","@id":"https:\/\/shopvapor.de\/produkt\/bang-30k-pro-30000-puffs-double-flavor-24ml-einweg-e-zigarette-original\/#breadcrumb","itemListElement":[{"@type":"ListItem","position":1,"name":"Startseite","item":"https:\/\/shopvapor.de\/"},{"@type":"ListItem","position":2,"name":"Shop","item":"https:\/\/shopvapor.de\/shop\/"},{"@type":"ListItem","position":3,"name":"Bang 30K Pro 30000 30K Puffs Double Flavor 24ml Einweg-E-Zigarette Original"}]},{"@type":"WebSite","@id":"https:\/\/shopvapor.de\/#website","url":"https:\/\/shopvapor.de\/","name":"ShopVapor","description":"","potentialAction":[{"@type":"SearchAction","target":{"@type":"EntryPoint","urlTemplate":"https:\/\/shopvapor.de\/?s={search_term_string}"},"query-input":{"@type":"PropertyValueSpecification","valueRequired":true,"valueName":"search_term_string"}}],"inLanguage":"fr-FR"}]}},"_links":{"self":[{"href":"https:\/\/shopvapor.de\/fr\/wp-json\/wp\/v2\/product\/7865","targetHints":{"allow":["GET"]}}],"collection":[{"href":"https:\/\/shopvapor.de\/fr\/wp-json\/wp\/v2\/product"}],"about":[{"href":"https:\/\/shopvapor.de\/fr\/wp-json\/wp\/v2\/types\/product"}],"replies":[{"embeddable":true,"href":"https:\/\/shopvapor.de\/fr\/wp-json\/wp\/v2\/comments?post=7865"}],"version-history":[{"count":2,"href":"https:\/\/shopvapor.de\/fr\/wp-json\/wp\/v2\/product\/7865\/revisions"}],"predecessor-version":[{"id":11996,"href":"https:\/\/shopvapor.de\/fr\/wp-json\/wp\/v2\/product\/7865\/revisions\/11996"}],"wp:featuredmedia":[{"embeddable":true,"href":"https:\/\/shopvapor.de\/fr\/wp-json\/wp\/v2\/media\/7882"}],"wp:attachment":[{"href":"https:\/\/shopvapor.de\/fr\/wp-json\/wp\/v2\/media?parent=7865"}],"wp:term":[{"taxonomy":"product_brand","embeddable":true,"href":"https:\/\/shopvapor.de\/fr\/wp-json\/wp\/v2\/product_brand?post=7865"},{"taxonomy":"product_cat","embeddable":true,"href":"https:\/\/shopvapor.de\/fr\/wp-json\/wp\/v2\/product_cat?post=7865"},{"taxonomy":"product_tag","embeddable":true,"href":"https:\/\/shopvapor.de\/fr\/wp-json\/wp\/v2\/product_tag?post=7865"}],"curies":[{"name":"WP","href":"https:\/\/api.w.org\/{rel}","templated":true}]}}