{"id":9140,"date":"2025-07-02T06:46:43","date_gmt":"2025-07-02T06:46:43","guid":{"rendered":"https:\/\/shopvapor.de\/?post_type=product&#038;p=9140"},"modified":"2025-07-15T08:24:42","modified_gmt":"2025-07-15T08:24:42","slug":"jnr-power-mate-30000-souffle-sur-les-cigarettes-electroniques-jetables-de-19-ml-avec-la-banque-dalimentation-dorigine","status":"publish","type":"product","link":"https:\/\/shopvapor.de\/fr\/product\/jnr-power-mate-30000-souffle-sur-les-cigarettes-electroniques-jetables-de-19-ml-avec-la-banque-dalimentation-dorigine\/","title":{"rendered":"JNR Power Mate 30000 bouffe 19 ml de 19 ml d'\u00e9cran intelligent e-cigarettes jetables avec Power Bank Original"},"content":{"rendered":"<h2>JNR Power Mate 30000 souffle l'innovation et la performance<\/h2>\n<p>Le JNR Power Mate 30000 Puffs est un appareil de cigarette \u00e9lectronique jetable avanc\u00e9 qui impressionne par sa capacit\u00e9 \u00e9lev\u00e9e et sa technologie innovante. Avec une dur\u00e9e de vie impressionnante pouvant aller jusqu'\u00e0 30\u00a0000\u00a0trains et une batterie externe de 5\u00a0000\u00a0mAh int\u00e9gr\u00e9e, cet appareil offre une combinaison unique de durabilit\u00e9 et de fonctionnalit\u00e9 pratique. La marque JNR est synonyme de qualit\u00e9 et de fiabilit\u00e9, et ce produit est con\u00e7u pour offrir une exp\u00e9rience coh\u00e9rente et de bon go\u00fbt. Gr\u00e2ce aux derni\u00e8res technologies telles que la bobine double maille et un \u00e9cran intelligent, le JNR Power Mate se d\u00e9marque clairement des autres appareils.<\/p>\n<h2>Aper\u00e7u des param\u00e8tres du produit<\/h2>\n<p>Le JNR Power Mate 30000 Puffs se caract\u00e9rise par ses sp\u00e9cifications techniques con\u00e7ues pour une performance maximale et une facilit\u00e9 d'utilisation. Vous trouverez ci-dessous une ventilation d\u00e9taill\u00e9e des param\u00e8tres cl\u00e9s qui font de cet appareil un choix de premi\u00e8re classe.<\/p>\n<h3>Capacit\u00e9 des trains : jusqu'\u00e0 30\u00a0000 trains<\/h3>\n<p>Avec une capacit\u00e9 de 30\u00a0000\u00a0trains, le JNR Power Mate offre une dur\u00e9e de vie exceptionnellement longue. Ce nombre \u00e9lev\u00e9 de trains permet des semaines de plaisir sans avoir besoin d'un \u00e9change, ce qui le rend id\u00e9al pour les utilisateurs fr\u00e9quents. La qualit\u00e9 de go\u00fbt constante est conserv\u00e9e m\u00eame avec une utilisation intensive.<\/p>\n<h3>Capacit\u00e9 de e-liquide : 19 ml<\/h3>\n<p>L'appareil est pr\u00e9-remplie de 19 ml de e-liquide de haute qualit\u00e9, qui garantit une utilisation durable sans recharge. Cette capacit\u00e9 g\u00e9n\u00e9reuse r\u00e9duit la fr\u00e9quence des interruptions et assure une exp\u00e9rience de go\u00fbt intense et constante qui reste constante de la premi\u00e8re \u00e0 la derni\u00e8re utilisation.<\/p>\n<h3>Force de nicotine : 2 %<\/h3>\n<p>La force de nicotine de 2 % est soigneusement \u00e9quilibr\u00e9e pour offrir une exp\u00e9rience douce mais satisfaisante. Cette concentration assure une finition uniforme de la nicotine, qui r\u00e9pond aux besoins de la plupart des utilisateurs sans \u00eatre trop intense.<\/p>\n<h3>Capacit\u00e9 de la batterie : 5000 mAh avec fonction de banque de puissance<\/h3>\n<p>La batterie int\u00e9gr\u00e9e de 5000 mAh alimente non seulement l'appareil lui-m\u00eame, mais sert \u00e9galement de batterie externe pour d'autres appareils \u00e9lectroniques. Avec des c\u00e2bles cach\u00e9s de type C et Lightning, il offre une compatibilit\u00e9 universelle et permet de charger les smartphones ou autres appareils, faisant du JNR Power Mate un compagnon multifonctionnel.<\/p>\n<h3>Technologie de bobine : 1,0 \u03a9 Bobine double maille<\/h3>\n<p>La bobine double maille avanc\u00e9e de 1,0 \u03a9 garantit que le e-liquide est chauff\u00e9 uniform\u00e9ment, ce qui am\u00e9liore la production de saveurs et la qualit\u00e9 constante des vapeurs. Cette technologie minimise les caract\u00e8res secs et d\u00e9sagr\u00e9ables et maximise l'intensit\u00e9 de la saveur pendant toute la dur\u00e9e de vie de l'appareil.<\/p>\n<h3>Charge rapide : port de type C<\/h3>\n<p>Gr\u00e2ce \u00e0 la technologie de charge rapide Type-C, la batterie est \u00e0 nouveau pr\u00eate \u00e0 \u00eatre r\u00e9utilis\u00e9e dans un d\u00e9lai tr\u00e8s court. Cette fonction r\u00e9duit consid\u00e9rablement les temps d'attente et garantit que l'appareil peut \u00eatre utilis\u00e9 rapidement, m\u00eame avec une utilisation intensive.<\/p>\n<h3>\u00c9cran intelligent<\/h3>\n<p>Un \u00e9cran clair et convivial affiche des informations importantes telles que l'\u00e9tat de la batterie, le niveau de e-liquide et le nombre de trains en temps r\u00e9el. Cette fonction permet une surveillance et un contr\u00f4le faciles, afin que les utilisateurs soient toujours inform\u00e9s et planifient leur utilisation de mani\u00e8re optimale.<\/p>\n<h3>Connexion magn\u00e9tique<\/h3>\n<p>La connexion magn\u00e9tique entre le pod et la banque d'alimentation assure une manipulation s\u00fbre et facile. Cette conception emp\u00eache les composants de se desserrer accidentellement et facilite la fixation ou le retrait du pod, ce qui augmente la convivialit\u00e9.<\/p>\n<h2>Vari\u00e9t\u00e9 de saveurs pour tous les go\u00fbts<\/h2>\n<p>Le JNR Power Mate 30000 bouff\u00e9es offre une large gamme de saveurs qui procurent de la vari\u00e9t\u00e9 et un plaisir intense. Chaque saveur a \u00e9t\u00e9 soigneusement con\u00e7ue pour offrir une exp\u00e9rience riche et coh\u00e9rente :<\/p>\n<ul>\n<li><strong>Blue Razz Ice<\/strong>: Framboise bleue douce avec une finale froide et givr\u00e9e.<\/li>\n<li><strong>Glace \u00e0 la fraise<\/strong>: Fraises juteuses avec une note de menthol rafra\u00eechissante.<\/li>\n<li><strong>Glace \u00e0 la past\u00e8que<\/strong>: past\u00e8que fra\u00eeche avec un coup de pied glacial.<\/li>\n<li><strong>Fraise Banane<\/strong>: Banane cr\u00e9meuse combin\u00e9e avec des fraises sucr\u00e9es.<\/li>\n<li><strong>Framboise de cerises<\/strong>: M\u00e9lange de cerises, de fraises et de framboises.<\/li>\n<li><strong>Past\u00e8que de la mangue et p\u00eache<\/strong>: Combinaison tropicale de p\u00eache, de mangue et de past\u00e8que.<\/li>\n<li><strong>Kiwi \u00e0 la fraise<\/strong>: Fraises et kiwi pour une g\u00e2terie fruit\u00e9e.<\/li>\n<li><strong>baies m\u00e9lang\u00e9es<\/strong>: M\u00e9lange de baies divers pour un go\u00fbt intense.<\/li>\n<li><strong>Cola de cerises gazeuses<\/strong>: Cola bouillonnante de cerise avec une finition froide.<\/li>\n<li><strong>Glace de la past\u00e8que Kiwi<\/strong>: Kiwi et past\u00e8que avec une note de glace.<\/li>\n<\/ul>\n<div id=\"attachment_11928\" style=\"width: 810px\" class=\"wp-caption alignnone\"><img fetchpriority=\"high\" decoding=\"async\" aria-describedby=\"caption-attachment-11928\" class=\"wp-image-11928 size-full\" title=\"JNR Power Mate 30000 bouff\u00e9es\" src=\"https:\/\/shopvapor.de\/wp-content\/uploads\/2025\/07\/JNR-Power-Mate-30000-Puffs.jpg\" alt=\"JNR Power Mate 30000 bouff\u00e9es\" width=\"800\" height=\"800\" srcset=\"https:\/\/shopvapor.de\/wp-content\/uploads\/2025\/07\/JNR-Power-Mate-30000-Puffs.jpg 800w, https:\/\/shopvapor.de\/wp-content\/uploads\/2025\/07\/JNR-Power-Mate-30000-Puffs-300x300.jpg 300w, https:\/\/shopvapor.de\/wp-content\/uploads\/2025\/07\/JNR-Power-Mate-30000-Puffs-150x150.jpg 150w, https:\/\/shopvapor.de\/wp-content\/uploads\/2025\/07\/JNR-Power-Mate-30000-Puffs-768x768.jpg 768w, https:\/\/shopvapor.de\/wp-content\/uploads\/2025\/07\/JNR-Power-Mate-30000-Puffs-430x430.jpg 430w, https:\/\/shopvapor.de\/wp-content\/uploads\/2025\/07\/JNR-Power-Mate-30000-Puffs-700x700.jpg 700w, https:\/\/shopvapor.de\/wp-content\/uploads\/2025\/07\/JNR-Power-Mate-30000-Puffs-180x180.jpg 180w\" sizes=\"(max-width: 800px) 100vw, 800px\" \/><p id=\"caption-attachment-11928\" class=\"wp-caption-text\">\u00a0<\/p><\/div>\n<h2>Foire aux questions (FAQ)<\/h2>\n<p>Ici, nous r\u00e9pondons aux questions les plus courantes pos\u00e9es sp\u00e9cifiquement sur les bouff\u00e9es JNR Power Mate 30000 pour vous donner un maximum de clart\u00e9.<\/p>\n<p><strong>Combien de temps les bouff\u00e9es JNR Power Mate 30000 durent-elles ?<\/strong><br \/>\nLa dur\u00e9e de vie d\u00e9pend de la fr\u00e9quence d'utilisation, mais avec jusqu'\u00e0 30 000 trains et 19 ml de e-liquide, l'appareil offre une dur\u00e9e de vie utile de plusieurs semaines avec une utilisation moyenne.<\/p>\n<p><strong>La banque d'alimentation peut-elle recharger d'autres appareils\u00a0?<\/strong><br \/>\nOui, la banque d'alimentation int\u00e9gr\u00e9e de 5\u00a0000\u00a0mAh peut charger des smartphones et autres appareils via les c\u00e2bles cach\u00e9s de type\u00a0C et Lightning, ce qui permet une utilisation polyvalente.<\/p>\n<p><strong>Que se passe-t-il lorsque l'e-liquide est \u00e9puis\u00e9 ?<\/strong><br \/>\nUne fois que le e-liquide est \u00e9puis\u00e9, le pod peut \u00eatre facilement remplac\u00e9 par un nouveau, tandis que la banque d'alimentation peut toujours \u00eatre utilis\u00e9e, ce qui r\u00e9duit les co\u00fbts d'utilisation.<\/p>\n<p><strong>L'\u00e9cran intelligent est-il facile \u00e0 lire ?<\/strong><br \/>\nOui, l'\u00e9cran est clair, lumineux et affiche l'\u00e9tat de la batterie, le niveau de liquide et le nombre de trains en temps r\u00e9el, ce qui permet une surveillance facile.<\/p>\n<p><strong>Puis-je ajuster la force de la nicotine\u00a0?<\/strong><br \/>\nLe JNR Power Mate 30000 bouff\u00e9es est disponible avec une r\u00e9sistance solide \u00e0 la nicotine de 2 %, optimis\u00e9 pour une exp\u00e9rience \u00e9quilibr\u00e9e.<\/p>\n<p><strong>Comment fonctionne la connexion magn\u00e9tique ?<\/strong><br \/>\nLa connexion magn\u00e9tique assure une fixation s\u00fbre et facile du pod sur la banque d'alimentation. Il s'enclenche automatiquement et reste stable pendant l'utilisation.<\/p>\n<p><strong>\u00c0 quelle vitesse le type C charge-t-il rapidement\u00a0?<\/strong><br \/>\nLa charge rapide de type C permet \u00e0 la batterie de 5000 mAh d'\u00eatre compl\u00e8tement charg\u00e9e en peu de temps, afin que l'appareil soit rapidement pr\u00eat \u00e0 \u00eatre utilis\u00e9.<\/p>","protected":false},"excerpt":{"rendered":"<p dir=\"auto\">JNR Power Mate 30000 bouff\u00e9es de e-cigarette jetable avec jusqu'\u00e0 30\u00a0000 bouff\u00e9es, 19\u00a0mL de e-liquide, 2 %, une puissance de nicotine de 5\u00a0000 mAh, une bobine double maille, une charge rapide de type C et un \u00e9cran intelligent pour un go\u00fbt durable et une convivialit\u00e9.<\/p>","protected":false},"featured_media":9162,"comment_status":"open","ping_status":"closed","template":"","meta":[],"product_brand":[1170],"product_cat":[1167],"product_tag":[958,960,959],"class_list":{"0":"post-9140","1":"product","2":"type-product","3":"status-publish","4":"has-post-thumbnail","6":"product_brand-jnr","7":"product_cat-30000-puffs","8":"product_tag-21k30kpuffs","9":"product_tag-30k-puffs","10":"product_tag-more-than-10kpuffs","12":"first","13":"instock","14":"sale","15":"shipping-taxable","16":"purchasable","17":"product-type-variable"},"yoast_head":"<!-- This site is optimized with the Yoast SEO plugin v25.8 - https:\/\/yoast.com\/wordpress\/plugins\/seo\/ -->\n<title>JNR Power Mate 30000 Puffs 19ml Einweg-E-Zigaretten Smart Screen With Power Bank Original - ShopVapor<\/title>\n<meta name=\"description\" content=\"JNR Power Mate 30000 Puffs Einweg-E-Zigarette mit bis zu 30.000 Z\u00fcgen, 19 ml E-Liquid, 2 % Nikotinst\u00e4rke, 5000-mAh-Powerbank, Dual-Mesh-Spule, Typ-C-Schnellladung und intelligentem Bildschirm f\u00fcr langanhaltenden Geschmack und Benutzerfreundlichkeit.\" \/>\n<meta name=\"robots\" content=\"index, follow, max-snippet:-1, max-image-preview:large, max-video-preview:-1\" \/>\n<link rel=\"canonical\" href=\"https:\/\/shopvapor.de\/fr\/product\/jnr-power-mate-30000-souffle-sur-les-cigarettes-electroniques-jetables-de-19-ml-avec-la-banque-dalimentation-dorigine\/\" \/>\n<meta property=\"og:locale\" content=\"fr_FR\" \/>\n<meta property=\"og:type\" content=\"article\" \/>\n<meta property=\"og:title\" content=\"JNR Power Mate 30000 Puffs 19ml Einweg-E-Zigaretten Smart Screen With Power Bank Original - ShopVapor\" \/>\n<meta property=\"og:description\" content=\"JNR Power Mate 30000 Puffs Einweg-E-Zigarette mit bis zu 30.000 Z\u00fcgen, 19 ml E-Liquid, 2 % Nikotinst\u00e4rke, 5000-mAh-Powerbank, Dual-Mesh-Spule, Typ-C-Schnellladung und intelligentem Bildschirm f\u00fcr langanhaltenden Geschmack und Benutzerfreundlichkeit.\" \/>\n<meta property=\"og:url\" content=\"https:\/\/shopvapor.de\/fr\/product\/jnr-power-mate-30000-souffle-sur-les-cigarettes-electroniques-jetables-de-19-ml-avec-la-banque-dalimentation-dorigine\/\" \/>\n<meta property=\"og:site_name\" content=\"ShopVapor\" \/>\n<meta property=\"article:modified_time\" content=\"2025-07-15T08:24:42+00:00\" \/>\n<meta property=\"og:image\" content=\"https:\/\/shopvapor.de\/wp-content\/uploads\/2025\/07\/jnr-power-mate-30000-puffs-19ml-einweg-e-zigaretten-smart-screen-with-power-bank-original-10.webp\" \/>\n\t<meta property=\"og:image:width\" content=\"945\" \/>\n\t<meta property=\"og:image:height\" content=\"948\" \/>\n\t<meta property=\"og:image:type\" content=\"image\/webp\" \/>\n<meta name=\"twitter:card\" content=\"summary_large_image\" \/>\n<meta name=\"twitter:label1\" content=\"Dur\u00e9e de lecture estim\u00e9e\" \/>\n\t<meta name=\"twitter:data1\" content=\"4 minutes\" \/>\n<!-- \/ Yoast SEO plugin. -->","yoast_head_json":{"title":"JNR Power Mate 30000 bouff\u00e9es de 19 ml E-cigarettes jetables \u00c9cran intelligent avec banque d'alimentation d'origine - ShopVapor","description":"JNR Power Mate 30000 bouff\u00e9es de e-cigarette jetable avec jusqu'\u00e0 30\u00a0000 bouff\u00e9es, 19\u00a0mL de e-liquide, 2 %, une puissance de nicotine de 5\u00a0000 mAh, une bobine double maille, une charge rapide de type C et un \u00e9cran intelligent pour un go\u00fbt durable et une convivialit\u00e9.","robots":{"index":"index","follow":"follow","max-snippet":"max-snippet:-1","max-image-preview":"max-image-preview:large","max-video-preview":"max-video-preview:-1"},"canonical":"https:\/\/shopvapor.de\/fr\/product\/jnr-power-mate-30000-souffle-sur-les-cigarettes-electroniques-jetables-de-19-ml-avec-la-banque-dalimentation-dorigine\/","og_locale":"fr_FR","og_type":"article","og_title":"JNR Power Mate 30000 Puffs 19ml Einweg-E-Zigaretten Smart Screen With Power Bank Original - ShopVapor","og_description":"JNR Power Mate 30000 Puffs Einweg-E-Zigarette mit bis zu 30.000 Z\u00fcgen, 19 ml E-Liquid, 2 % Nikotinst\u00e4rke, 5000-mAh-Powerbank, Dual-Mesh-Spule, Typ-C-Schnellladung und intelligentem Bildschirm f\u00fcr langanhaltenden Geschmack und Benutzerfreundlichkeit.","og_url":"https:\/\/shopvapor.de\/fr\/product\/jnr-power-mate-30000-souffle-sur-les-cigarettes-electroniques-jetables-de-19-ml-avec-la-banque-dalimentation-dorigine\/","og_site_name":"ShopVapor","article_modified_time":"2025-07-15T08:24:42+00:00","og_image":[{"width":945,"height":948,"url":"https:\/\/shopvapor.de\/wp-content\/uploads\/2025\/07\/jnr-power-mate-30000-puffs-19ml-einweg-e-zigaretten-smart-screen-with-power-bank-original-10.webp","type":"image\/webp"}],"twitter_card":"summary_large_image","twitter_misc":{"Dur\u00e9e de lecture estim\u00e9e":"4 minutes"},"schema":{"@context":"https:\/\/schema.org","@graph":[{"@type":"WebPage","@id":"https:\/\/shopvapor.de\/produkt\/jnr-power-mate-30000-puffs-19ml-einweg-e-zigaretten-smart-screen-with-power-bank-original\/","url":"https:\/\/shopvapor.de\/produkt\/jnr-power-mate-30000-puffs-19ml-einweg-e-zigaretten-smart-screen-with-power-bank-original\/","name":"JNR Power Mate 30000 bouff\u00e9es de 19 ml E-cigarettes jetables \u00c9cran intelligent avec banque d'alimentation d'origine - ShopVapor","isPartOf":{"@id":"https:\/\/shopvapor.de\/#website"},"primaryImageOfPage":{"@id":"https:\/\/shopvapor.de\/produkt\/jnr-power-mate-30000-puffs-19ml-einweg-e-zigaretten-smart-screen-with-power-bank-original\/#primaryimage"},"image":{"@id":"https:\/\/shopvapor.de\/produkt\/jnr-power-mate-30000-puffs-19ml-einweg-e-zigaretten-smart-screen-with-power-bank-original\/#primaryimage"},"thumbnailUrl":"https:\/\/shopvapor.de\/wp-content\/uploads\/2025\/07\/jnr-power-mate-30000-puffs-19ml-einweg-e-zigaretten-smart-screen-with-power-bank-original-10.webp","datePublished":"2025-07-02T06:46:43+00:00","dateModified":"2025-07-15T08:24:42+00:00","description":"JNR Power Mate 30000 bouff\u00e9es de e-cigarette jetable avec jusqu'\u00e0 30\u00a0000 bouff\u00e9es, 19\u00a0mL de e-liquide, 2 %, une puissance de nicotine de 5\u00a0000 mAh, une bobine double maille, une charge rapide de type C et un \u00e9cran intelligent pour un go\u00fbt durable et une convivialit\u00e9.","breadcrumb":{"@id":"https:\/\/shopvapor.de\/produkt\/jnr-power-mate-30000-puffs-19ml-einweg-e-zigaretten-smart-screen-with-power-bank-original\/#breadcrumb"},"inLanguage":"fr-FR","potentialAction":[{"@type":"ReadAction","target":["https:\/\/shopvapor.de\/produkt\/jnr-power-mate-30000-puffs-19ml-einweg-e-zigaretten-smart-screen-with-power-bank-original\/"]}]},{"@type":"ImageObject","inLanguage":"fr-FR","@id":"https:\/\/shopvapor.de\/produkt\/jnr-power-mate-30000-puffs-19ml-einweg-e-zigaretten-smart-screen-with-power-bank-original\/#primaryimage","url":"https:\/\/shopvapor.de\/wp-content\/uploads\/2025\/07\/jnr-power-mate-30000-puffs-19ml-einweg-e-zigaretten-smart-screen-with-power-bank-original-10.webp","contentUrl":"https:\/\/shopvapor.de\/wp-content\/uploads\/2025\/07\/jnr-power-mate-30000-puffs-19ml-einweg-e-zigaretten-smart-screen-with-power-bank-original-10.webp","width":945,"height":948},{"@type":"BreadcrumbList","@id":"https:\/\/shopvapor.de\/produkt\/jnr-power-mate-30000-puffs-19ml-einweg-e-zigaretten-smart-screen-with-power-bank-original\/#breadcrumb","itemListElement":[{"@type":"ListItem","position":1,"name":"Startseite","item":"https:\/\/shopvapor.de\/"},{"@type":"ListItem","position":2,"name":"Shop","item":"https:\/\/shopvapor.de\/shop\/"},{"@type":"ListItem","position":3,"name":"JNR Power Mate 30000 Puffs 19ml Einweg-E-Zigaretten Smart Screen With Power Bank Original"}]},{"@type":"WebSite","@id":"https:\/\/shopvapor.de\/#website","url":"https:\/\/shopvapor.de\/","name":"ShopVapor","description":"","potentialAction":[{"@type":"SearchAction","target":{"@type":"EntryPoint","urlTemplate":"https:\/\/shopvapor.de\/?s={search_term_string}"},"query-input":{"@type":"PropertyValueSpecification","valueRequired":true,"valueName":"search_term_string"}}],"inLanguage":"fr-FR"}]}},"_links":{"self":[{"href":"https:\/\/shopvapor.de\/fr\/wp-json\/wp\/v2\/product\/9140","targetHints":{"allow":["GET"]}}],"collection":[{"href":"https:\/\/shopvapor.de\/fr\/wp-json\/wp\/v2\/product"}],"about":[{"href":"https:\/\/shopvapor.de\/fr\/wp-json\/wp\/v2\/types\/product"}],"replies":[{"embeddable":true,"href":"https:\/\/shopvapor.de\/fr\/wp-json\/wp\/v2\/comments?post=9140"}],"version-history":[{"count":3,"href":"https:\/\/shopvapor.de\/fr\/wp-json\/wp\/v2\/product\/9140\/revisions"}],"predecessor-version":[{"id":11929,"href":"https:\/\/shopvapor.de\/fr\/wp-json\/wp\/v2\/product\/9140\/revisions\/11929"}],"wp:featuredmedia":[{"embeddable":true,"href":"https:\/\/shopvapor.de\/fr\/wp-json\/wp\/v2\/media\/9162"}],"wp:attachment":[{"href":"https:\/\/shopvapor.de\/fr\/wp-json\/wp\/v2\/media?parent=9140"}],"wp:term":[{"taxonomy":"product_brand","embeddable":true,"href":"https:\/\/shopvapor.de\/fr\/wp-json\/wp\/v2\/product_brand?post=9140"},{"taxonomy":"product_cat","embeddable":true,"href":"https:\/\/shopvapor.de\/fr\/wp-json\/wp\/v2\/product_cat?post=9140"},{"taxonomy":"product_tag","embeddable":true,"href":"https:\/\/shopvapor.de\/fr\/wp-json\/wp\/v2\/product_tag?post=9140"}],"curies":[{"name":"WP","href":"https:\/\/api.w.org\/{rel}","templated":true}]}}