{"id":11635,"date":"2025-07-13T11:31:03","date_gmt":"2025-07-13T11:31:03","guid":{"rendered":"https:\/\/shopvapor.de\/?page_id=11635"},"modified":"2025-07-13T11:31:04","modified_gmt":"2025-07-13T11:31:04","slug":"termini-e-condizioni","status":"publish","type":"page","link":"https:\/\/shopvapor.de\/it\/termini-e-condizioni\/","title":{"rendered":"Termini e condizioni"},"content":{"rendered":"<h1 class=\"wp-block-heading\">Termini e condizioni generali di Shopvapor<\/h1>\n\n\n\n<p><strong>Stato: Luglio 2025<\/strong><\/p>\n\n\n\n<h2 class=\"wp-block-heading\">sommario<\/h2>\n\n\n\n<ol class=\"wp-block-list\">\n<li>campo di vista<\/li>\n\n\n\n<li>Conclusione del contratto<\/li>\n\n\n\n<li>Diritto di recesso<\/li>\n\n\n\n<li>Prezzi e termini di pagamento<\/li>\n\n\n\n<li>Condizioni di spedizione e spedizione<\/li>\n\n\n\n<li>Ritenzione del titolo<\/li>\n\n\n\n<li>Responsabilit\u00e0 per difetti (garanzia)<\/li>\n\n\n\n<li>attaccamento<\/li>\n\n\n\n<li>Protezione dei minori e istruzioni sanitarie<\/li>\n\n\n\n<li>Riscatto di buoni<\/li>\n\n\n\n<li>Legge e giurisdizione applicabili<\/li>\n\n\n\n<li>Risoluzione alternativa delle controversi<\/li>\n<\/ol>\n\n\n\n<h2 class=\"wp-block-heading\">1. Ambito<\/h2>\n\n\n\n<p>1.1 Le presenti Condizioni Generali (di seguito \"GTC\") del ShopVapor (in seguito \"Venditore\") si applicano a tutti i contratti per la consegna di beni che un consumatore o un imprenditore (di seguito \"Cliente\") si conclude con il Venditore in merito ai beni presentati dal Venditore nel suo negozio online. Ci\u00f2 avviene in assenza dei termini e condizioni del cliente, salvo diversamente concordato.<\/p>\n\n\n\n<p>1.2 I presenti Termini e condizioni si applicano di conseguenza ai contratti per la consegna dei voucher, a meno che non sia regolamentato in questo senso qualcosa di diverso.<\/p>\n\n\n\n<p>1.3 Il consumatore ai sensi del presente CG \u00e8 qualsiasi persona fisica che conclude un'operazione legale per scopi che possono essere attribuiti prevalentemente a attivit\u00e0 professionale n\u00e9 commerciale n\u00e9 autonomo (\u00a7 13 BGB).<\/p>\n\n\n\n<p>1.4 Gli imprenditori ai sensi del presente CGC sono una persona fisica o giuridica o una partnership giuridicamente competente che agisce nell'esercizio della propria attivit\u00e0 professionale o autonomo al momento della conclusione di un'operazione legale (\u00a7 14 BGB).<\/p>\n\n\n\n<p>1.5 La vendita di sigarette elettroniche e prodotti correlati usa e getta \u00e8 soggetta alle disposizioni della legge sulla protezione dei giovani (JUSCHG) e della direttiva sui prodotti del tabacco (TPD). La vendita \u00e8 effettuata esclusivamente a persone di et\u00e0 superiore ai 18 anni. Il venditore si riserva il diritto di richiedere la prova dell'et\u00e0.<\/p>\n\n\n\n<h2 class=\"wp-block-heading\">2. Conclusione del contratto<\/h2>\n\n\n\n<p>2.1 Le descrizioni dei prodotti contenute nel negozio online del Venditore non costituiscono offerte vincolanti da parte del Venditore, ma servono a presentare un'offerta vincolante da parte del Cliente.<\/p>\n\n\n\n<p>2.2 Il cliente pu\u00f2 inviare l'offerta tramite il modulo d'ordine online integrato nel negozio online del venditore. Dopo aver inserito la merce selezionata nel carrello virtuale e aver superato il processo di ordinazione elettronica, il cliente presenta un'offerta di contratto legalmente vincolante per quanto riguarda i beni contenuti nel carrello facendo clic sul pulsante che conclude il processo di ordinazione. Inoltre, il cliente pu\u00f2 anche inviare l'offerta al venditore via e-mail, posta o tramite modulo di contatto online.<\/p>\n\n\n\n<p>2.3 Il venditore pu\u00f2 accettare l'offerta del cliente entro cinque giorni,<\/p>\n\n\n\n<ul class=\"wp-block-list\">\n<li>inviando una conferma d'ordine scritta o una conferma d'ordine in forma di testo (fax o e-mail) al cliente, in base al quale la ricezione della conferma d'ordine all'ordine del cliente \u00e8 determinante, oppure<\/li>\n\n\n\n<li>consegnando la merce ordinata al cliente, per cui l'accesso della merce al cliente \u00e8 decisivo, o<\/li>\n\n\n\n<li>chiedendo al cliente di pagare dopo aver effettuato l'ordine.<\/li>\n<\/ul>\n\n\n\n<p>Se ci sono diverse delle suddette alternative, il contratto si conclude nel momento in cui si verifica prima una delle alternative sopra menzionate. Il periodo di accettazione dell'offerta inizia il giorno successivo al cliente che ha inviato l'offerta per correre e termina alla fine del quinto giorno, che segue la spedizione dell'offerta. Se il Venditore non accetta l'offerta del Cliente entro il suddetto termine, questo sar\u00e0 considerato un rifiuto dell'Offerta, con il risultato che il Cliente non \u00e8 pi\u00f9 vincolato dalla sua dichiarazione di intenti.<\/p>\n\n\n\n<p>2.4 Invio di un'offerta tramite il modulo d'ordine online del Venditore, il testo del contratto dopo la conclusione del contratto \u00e8 stato salvato dal Venditore e inviato al Cliente in forma di testo (ad es. e-mail, fax o lettera) dopo che l'ordine \u00e8 stato inviato al Cliente. Il Venditore non ha alcun ulteriore accesso al testo del contratto.<\/p>\n\n\n\n<p>2.5 Prima di effettuare l'ordine in ordine vincolante, il cliente pu\u00f2 utilizzare il modulo d'ordine online del venditore per identificare possibili errori di input leggendo attentamente le informazioni visualizzate sullo schermo. Un mezzo tecnico efficace per un migliore rilevamento degli errori di input pu\u00f2 essere la funzione di ingrandimento del browser, con l'aiuto del quale viene ingrandito il display sullo schermo. Il cliente pu\u00f2 correggere le sue voci come parte del processo di ordinazione elettronica utilizzando le consuete funzioni di tastiera e mouse fino a quando non fa clic sul pulsante finale.<\/p>\n\n\n\n<p>2.6 La lingua tedesca \u00e8 disponibile solo per la conclusione del contratto.<\/p>\n\n\n\n<p>2.7 L'elaborazione degli ordini e il contatto avviene solitamente via e-mail e l'elaborazione automatizzata degli ordini. Il cliente deve assicurarsi che l'indirizzo e-mail da lui fornito per l'elaborazione dell'ordine sia corretto, in modo che le e-mail inviate dal venditore possano essere ricevute a questo indirizzo. In particolare, quando si utilizzano filtri antispam, il cliente deve assicurarsi che tutte le e-mail inviate dal venditore o dal venditore o da terzi incaricati di evadere l'ordine possano essere consegnati.<\/p>\n\n\n\n<h2 class=\"wp-block-heading\">3. Diritto di recesso<\/h2>\n\n\n\n<p>3.1 I consumatori hanno generalmente il diritto di recedere dal contratto.<\/p>\n\n\n\n<p>3.2 Ulteriori informazioni sul diritto di recesso sono disponibili nella politica di cancellazione del venditore.<\/p>\n\n\n\n<p>3.3 Il diritto di recesso non si applica ai consumatori che non appartengono a nessuno Stato membro dell'Unione europea al momento della conclusione del contratto e il cui unico luogo di residenza e indirizzo di consegna si trova al di fuori dell'Unione europea al momento della conclusione del contratto.<\/p>\n\n\n\n<p>3.4 Per i prodotti igienici quali le sigarette elettroniche monouso consegnate sigillate, il diritto di recesso scade se il sigillo \u00e8 stato rimosso dopo la consegna.<\/p>\n\n\n\n<h2 class=\"wp-block-heading\">4. Prezzi e termini di pagamento<\/h2>\n\n\n\n<p>4.1 Salvo diversa indicazione nella descrizione del prodotto del venditore, i prezzi indicati sono prezzi totali che includono l'imposta legale sulle vendite. Eventuali costi aggiuntivi di consegna e spedizione sostenuti saranno specificati separatamente nella rispettiva descrizione del prodotto.<\/p>\n\n\n\n<p>4.2 In caso di consegne in paesi al di fuori dell'Unione Europea, possono sorgere in singoli casi per i quali il Venditore non \u00e8 responsabile e che devono essere a carico del Cliente. Questi includono, ad esempio, i costi per il trasferimento di denaro da parte delle banche (ad es. commissioni di trasferimento, commissioni di cambio) o dazi o tasse all'importazione (ad es. dazi doganali). Tali spese possono essere sostenute anche in relazione alla trasmissione di denaro se la consegna non viene effettuata in un paese al di fuori dell'Unione Europea, ma il Cliente effettua il pagamento da un paese al di fuori dell'Unione Europea.<\/p>\n\n\n\n<p>4.3 L'opzione\/i di pagamento sar\u00e0 comunicata al cliente nel negozio online del venditore.<\/p>\n\n\n\n<p>4.4 Se il pagamento anticipato \u00e8 concordato tramite bonifico bancario, il pagamento \u00e8 dovuto immediatamente dopo la conclusione del contratto, a meno che le parti non abbiano concordato una data di scadenza successiva.<\/p>\n\n\n\n<p>4.5 Quando si effettua il pagamento tramite un metodo di pagamento offerto da PayPal, il pagamento viene elaborato tramite il fornitore di servizi di pagamento PayPal (Europe) S.\u00e0 R.L. et CIE, S.C.A., 22-24 Boulevard Royal, L-2449 Luxembourg (di seguito \u201cPayPal\u201d), ai sensi delle Condizioni d'uso PayPal, disponibile all'indirizzo <a href=\"https:\/\/www.paypal.com\/de\/webapps\/mpp\/ua\/useragreement-full\" target=\"_blank\" rel=\"noreferrer noopener\">https:\/\/www.paypal.com\/de\/webapps\/mpp\/ua\/useragreement-full<\/a> Oppure \u2013 se il cliente non ha un conto PayPal \u2013 soggetto ai termini per i pagamenti senza conto PayPal, disponibile all'indirizzo <a href=\"https:\/\/www.paypal.com\/de\/webapps\/mpp\/ua\/privacywax-full\" target=\"_blank\" rel=\"noreferrer noopener\">https:\/\/www.paypal.com\/de\/webapps\/mpp\/ua\/privacywax-full<\/a>.<\/p>\n\n\n\n<h2 class=\"wp-block-heading\">5. Condizioni di consegna e spedizione<\/h2>\n\n\n\n<p>5.1 Se il Venditore offre la merce da spedire, la consegna dovr\u00e0 essere effettuata all'interno dell'area di consegna indicata dal Venditore all'indirizzo di consegna indicato dal Cliente, salvo diverso accordo. Quando si elabora la transazione, l'indirizzo di consegna specificato nell'elaborazione dell'ordine del venditore \u00e8 determinante.<\/p>\n\n\n\n<p>5.2 Se la consegna della merce fallisce per i motivi per i quali il cliente \u00e8 responsabile, il cliente si assume i ragionevoli costi sostenuti dal venditore. Ci\u00f2 non si applica in relazione ai costi per l'invio se il cliente esercita efficacemente il suo diritto di recesso. Per le spese di restituzione, il regolamento emanato nella politica di cancellazione del venditore si applica se il cliente esercita efficacemente il suo diritto di recesso.<\/p>\n\n\n\n<p>5.3 Il Venditore si riserva il diritto di rifiutare la consegna se il Cliente non pu\u00f2 provare l'et\u00e0 minima richiesta di 18 anni.<\/p>\n\n\n\n<p>5.4 In linea di principio, il rischio di perdita accidentale e deterioramento accidentale della merce venduta passa alla spedizione o al soggetto di trasporto quando viene consegnata al cliente, in caso di ritiro, con consegna della merce al cliente.<\/p>\n\n\n\n<h2 class=\"wp-block-heading\">6. Ritenzione del titolo<\/h2>\n\n\n\n<p>Se il Venditore effettua il pagamento anticipato, si riserva il diritto di possedere la merce consegnata fino a quando il prezzo di acquisto dovuto per intero non sia stato pagato per intero.<\/p>\n\n\n\n<h2 class=\"wp-block-heading\">7 Responsabilit\u00e0 per difetti (garanzia)<\/h2>\n\n\n\n<p>Salvo diversa indicazione nei seguenti regolamenti, si applicano le disposizioni della responsabilit\u00e0 legale per i vizi. Di conseguenza, per i contratti per la consegna della merce si applica quanto segue:<\/p>\n\n\n\n<p>7.1 Se il cliente \u00e8 un imprenditore,<\/p>\n\n\n\n<ul class=\"wp-block-list\">\n<li>Il venditore deve scegliere il tipo di merce;<\/li>\n\n\n\n<li>Non avviene alcuna nuova produzione;<\/li>\n\n\n\n<li>Il periodo di prescrizione per i difetti di nuova merce \u00e8 di un anno dal trasferimento del rischio;<\/li>\n\n\n\n<li>Sono esclusi i diritti e le rivendicazioni dovute a difetti di beni usati;<\/li>\n\n\n\n<li>Il termine di prescrizione non ricomincia se una consegna sostitutiva avviene nell'ambito della responsabilit\u00e0 per difetti.<\/li>\n<\/ul>\n\n\n\n<p>7.2 Le limitazioni di responsabilit\u00e0 e l'abbreviazione del termine sopra disciplinato non si applicano<\/p>\n\n\n\n<ul class=\"wp-block-list\">\n<li>per richieste di risarcimento danni e spese del cliente,<\/li>\n\n\n\n<li>Nel caso in cui il venditore abbia nascosto fraudolentemente il difetto,<\/li>\n\n\n\n<li>per i beni che sono stati utilizzati per un edificio in conformit\u00e0 con il loro uso abituale e causato difettosit\u00e0,<\/li>\n\n\n\n<li>Per qualsiasi obbligo esistente del Venditore di fornire aggiornamenti per prodotti digitali, per contratti per la consegna di beni con elementi digitali.<\/li>\n<\/ul>\n\n\n\n<p>7.3 Inoltre, gli imprenditori non influiscono sui termini di prescrizione legali per il diritto di ricorso.<\/p>\n\n\n\n<p>7.4 Se il Cliente Commerciante I.S.D. \u00a7 1 HGB, \u00e8 soggetto all'esame commerciale e all'avviso di notifica degli obblighi in conformit\u00e0 con \u00a7 377 HGB. Se il cliente non esegue gli obblighi di notifica ivi regolati, i beni sono considerati approvati.<\/p>\n\n\n\n<p>7.5 Se il cliente \u00e8 un consumatore, gli viene chiesto di presentare un reclamo al consegnatore con evidenti danni al trasporto e di informarne il venditore. Se il Cliente non rispetta questo, ci\u00f2 non ha effetto sulle sue pretese legali o contrattuali per vizi.<\/p>\n\n\n\n<h2 class=\"wp-block-heading\">8. essere soggetto<\/h2>\n\n\n\n<p>Il Venditore \u00e8 responsabile nei confronti del Cliente da tutte le pretese contrattuali, contrattuali e legali, anche illecite per danni e rimborsi delle spese come segue:<\/p>\n\n\n\n<p>8.1 Il Venditore \u00e8 responsabile senza alcuna limitazione per alcun motivo legale<\/p>\n\n\n\n<ul class=\"wp-block-list\">\n<li>In caso di intenti o di grave negligenza,<\/li>\n\n\n\n<li>In caso di lesioni intenzionali o negligenti alla vita, al corpo o alla salute,<\/li>\n\n\n\n<li>In base a una promessa di garanzia, salvo diversamente regolato a tale riguardo,<\/li>\n\n\n\n<li>A causa di responsabilit\u00e0 obbligatoria, come ai sensi della legge sulla responsabilit\u00e0 del prodotto.<\/li>\n<\/ul>\n\n\n\n<p>8.2 Se il venditore viola un obbligo contrattuale significativo, la responsabilit\u00e0 \u00e8 limitata al danno tipico e prevedibile del contratto, a meno che non sia pienamente responsabile ai sensi del paragrafo precedente. Gli obblighi contrattuali essenziali sono obblighi che il contratto impone al Venditore in base ai suoi contenuti per raggiungere lo scopo del contratto, il cui adempimento consente in primo luogo la corretta esecuzione del contratto e sulla conformit\u00e0 il cliente pu\u00f2 regolarmente fare affidamento.<\/p>\n\n\n\n<p>8.3 In caso contrario, la responsabilit\u00e0 del Venditore \u00e8 esclusa.<\/p>\n\n\n\n<p>8.4 I suddetti regolamenti di responsabilit\u00e0 si applicano anche in relazione alla responsabilit\u00e0 del Venditore per i suoi agenti vicari e rappresentanti legali.<\/p>\n\n\n\n<h2 class=\"wp-block-heading\">9. Protezione dei minori e istruzioni sanitarie<\/h2>\n\n\n\n<p>9.1 Le sigarette elettroniche e i prodotti contenenti nicotina sono venduti esclusivamente a persone di et\u00e0 adulta (dai 18 anni). Il cliente \u00e8 tenuto a dimostrare la sua et\u00e0 al momento dell'ordine, se necessario.<\/p>\n\n\n\n<p>9.2 Le sigarette elettroniche usa e getta contengono nicotina, una sostanza dipendente. Il venditore sottolinea che il consumo di nicotina pu\u00f2 essere dannoso per la salute. I prodotti non sono adatti per non fumatori, donne in gravidanza, allattamento al seno o persone con malattie cardiovascolari.<\/p>\n\n\n\n<p>9.3 Il Venditore non si assume alcuna responsabilit\u00e0 per danni alla salute dovuti all'uso improprio dei prodotti.<\/p>\n\n\n\n<h2 class=\"wp-block-heading\">10. Riscatto di buoni<\/h2>\n\n\n\n<p>10.1 I coupon emessi dal Venditore gratuitamente possono essere riscattati solo nel negozio online del Venditore e solo nel periodo specificato.<\/p>\n\n\n\n<p>10.2 I buoni possono essere riscattati solo dai consumatori.<\/p>\n\n\n\n<p>10.3 I singoli prodotti possono essere esclusi dalla campagna dei voucher, a condizione che vi sia una corrispondente restrizione dal contenuto del voucher.<\/p>\n\n\n\n<p>10.4 I coupon devono essere riscattati prima di completare l'ordine. Il successivo regolamento non \u00e8 possibile.<\/p>\n\n\n\n<p>10,5 per ordine possono essere riscattati solo alla volta.<\/p>\n\n\n\n<p>10.6 Il valore della merce deve corrispondere almeno all'importo del voucher. Qualsiasi credito residuo non sar\u00e0 rimborsato dal venditore.<\/p>\n\n\n\n<p>10.7 Se il valore del voucher non \u00e8 sufficiente a coprire l'ordine, \u00e8 possibile selezionare uno degli altri metodi di pagamento offerti dal venditore per pagare la differenza.<\/p>\n\n\n\n<p>10.8 Il credito di un voucher non viene pagato in contanti n\u00e9 con interessi.<\/p>\n\n\n\n<p>10.9 Il voucher non sar\u00e0 rimborsato se il cliente restituisce la merce, che \u00e8 stata pagata in tutto o in parte con il voucher, nell'ambito del suo diritto contrattuale di recesso.<\/p>\n\n\n\n<p>10.10 Il voucher \u00e8 trasferibile. Il venditore pu\u00f2 pagare al rispettivo proprietario che riscatta il voucher nel negozio online del venditore con un effetto liberatorio. Ci\u00f2 non si applica se il venditore ha conoscenza o ignoranza gravemente negligente dell'ineleggibile, dell'incapacit\u00e0 o della mancanza di autorit\u00e0 per rappresentare il rispettivo proprietario.<\/p>\n\n\n\n<h2 class=\"wp-block-heading\">11. Legge e giurisdizione applicabili<\/h2>\n\n\n\n<p>11.1 La legge della Repubblica federale di Germania si applica a tutti i rapporti giuridici delle parti, escluse le leggi sull'acquisto internazionale di beni mobili. Questa scelta di legge si applica ai consumatori solo nella misura in cui la protezione concessa non viene revocata da disposizioni obbligatorie della legge dello Stato in cui il consumatore risiede abitualmente.<\/p>\n\n\n\n<p>11.2 Inoltre, tale scelta di legge in materia di diritto di recesso non si applica ai consumatori che non appartengono a nessuno Stato membro dell'Unione europea al momento della conclusione del contratto e il cui unico luogo di residenza e indirizzo di consegna al momento della conclusione del contratto \u00e8 al di fuori dell'Unione europea.<\/p>\n\n\n\n<p>11.3 Se il cliente \u00e8 un commerciante, un'entit\u00e0 legale di diritto pubblico o un fondo speciale di diritto pubblico con sede nel territorio della Repubblica federale di Germania, il luogo di competenza esclusivo per tutte le controversie derivanti dal presente contratto \u00e8 il luogo di attivit\u00e0 del venditore. Se il cliente ha sede al di fuori del territorio della Repubblica federale di Germania, la sede del venditore \u00e8 il luogo di competenza esclusivo per tutte le controversie derivanti dal presente contratto se il contratto o le rivendicazioni del contratto possono essere attribuite all'attivit\u00e0 professionale o commerciale del cliente. Nei casi di cui sopra, tuttavia, il Venditore ha comunque il diritto di appellarsi al tribunale presso la sede legale del cliente.<\/p>\n\n\n\n<h2 class=\"wp-block-heading\">12. Risoluzione alternativa delle controversi<\/h2>\n\n\n\n<p>12.1 La Commissione UE fornisce una piattaforma per la risoluzione delle controversie online su Internet tramite il seguente link: <a href=\"https:\/\/ec.europa.eu\/consumers\/odr\" target=\"_blank\" rel=\"noreferrer noopener\">https:\/\/ec.europa.eu\/consumers\/odr<\/a><\/p>\n\n\n\n<p>Questa piattaforma funge da punto di contatto per la risoluzione extragiudiziale delle controversie derivanti da contratti di acquisto online o di servizio che coinvolgono un consumatore.<\/p>\n\n\n\n<p>12.2 Il Venditore non \u00e8 n\u00e9 obbligato n\u00e9 disposto a partecipare a una procedura di risoluzione delle controversie davanti a un consiglio di arbitrato del consumatore.<\/p>","protected":false},"excerpt":{"rendered":"<p>Termini e condizioni generali (GTC) Status di ShopVapor: luglio 2025 Sommario 1. Ambito 1.1 Le presenti Condizioni Generali (di seguito \"GTC\") del negozio Vapor (di seguito<\/p>","protected":false},"author":1,"featured_media":0,"parent":0,"menu_order":0,"comment_status":"closed","ping_status":"closed","template":"","meta":{"footnotes":""},"class_list":["post-11635","page","type-page","status-publish","hentry"],"yoast_head":"<!-- This site is optimized with the Yoast SEO plugin v25.8 - https:\/\/yoast.com\/wordpress\/plugins\/seo\/ -->\n<title>Terms and Conditions - ShopVapor<\/title>\n<meta name=\"description\" content=\"Allgemeine Gesch\u00e4ftsbedingungen (AGB) von ShopVapor Stand: Juli 2025 Inhaltsverzeichnis Geltungsbereich Vertragsschluss Widerrufsrecht Preise und\" \/>\n<meta name=\"robots\" content=\"index, follow, max-snippet:-1, max-image-preview:large, max-video-preview:-1\" \/>\n<link rel=\"canonical\" href=\"https:\/\/shopvapor.de\/it\/termini-e-condizioni\/\" \/>\n<meta property=\"og:locale\" content=\"it_IT\" \/>\n<meta property=\"og:type\" content=\"article\" \/>\n<meta property=\"og:title\" content=\"Terms and Conditions - ShopVapor\" \/>\n<meta property=\"og:description\" content=\"Allgemeine Gesch\u00e4ftsbedingungen (AGB) von ShopVapor Stand: Juli 2025 Inhaltsverzeichnis Geltungsbereich Vertragsschluss Widerrufsrecht Preise und\" \/>\n<meta property=\"og:url\" content=\"https:\/\/shopvapor.de\/it\/termini-e-condizioni\/\" \/>\n<meta property=\"og:site_name\" content=\"ShopVapor\" \/>\n<meta property=\"article:modified_time\" content=\"2025-07-13T11:31:04+00:00\" \/>\n<meta name=\"twitter:card\" content=\"summary_large_image\" \/>\n<meta name=\"twitter:label1\" content=\"Tempo di lettura stimato\" \/>\n\t<meta name=\"twitter:data1\" content=\"11 minuti\" \/>\n<!-- \/ Yoast SEO plugin. -->","yoast_head_json":{"title":"Termini e condizioni - Negozio Vapore","description":"Termini e condizioni generali (GTC) Stato di negozio Vapor: luglio 2025 Indice Ambito di applicazione Conclusione del contratto Diritto di recesso Prezzi e","robots":{"index":"index","follow":"follow","max-snippet":"max-snippet:-1","max-image-preview":"max-image-preview:large","max-video-preview":"max-video-preview:-1"},"canonical":"https:\/\/shopvapor.de\/it\/termini-e-condizioni\/","og_locale":"it_IT","og_type":"article","og_title":"Terms and Conditions - ShopVapor","og_description":"Allgemeine Gesch\u00e4ftsbedingungen (AGB) von ShopVapor Stand: Juli 2025 Inhaltsverzeichnis Geltungsbereich Vertragsschluss Widerrufsrecht Preise und","og_url":"https:\/\/shopvapor.de\/it\/termini-e-condizioni\/","og_site_name":"ShopVapor","article_modified_time":"2025-07-13T11:31:04+00:00","twitter_card":"summary_large_image","twitter_misc":{"Tempo di lettura stimato":"11 minuti"},"schema":{"@context":"https:\/\/schema.org","@graph":[{"@type":"WebPage","@id":"https:\/\/shopvapor.de\/terms-and-conditions\/","url":"https:\/\/shopvapor.de\/terms-and-conditions\/","name":"Termini e condizioni - Negozio Vapore","isPartOf":{"@id":"https:\/\/shopvapor.de\/#website"},"datePublished":"2025-07-13T11:31:03+00:00","dateModified":"2025-07-13T11:31:04+00:00","description":"Termini e condizioni generali (GTC) Stato di negozio Vapor: luglio 2025 Indice Ambito di applicazione Conclusione del contratto Diritto di recesso Prezzi e","breadcrumb":{"@id":"https:\/\/shopvapor.de\/terms-and-conditions\/#breadcrumb"},"inLanguage":"it-IT","potentialAction":[{"@type":"ReadAction","target":["https:\/\/shopvapor.de\/terms-and-conditions\/"]}]},{"@type":"BreadcrumbList","@id":"https:\/\/shopvapor.de\/terms-and-conditions\/#breadcrumb","itemListElement":[{"@type":"ListItem","position":1,"name":"Startseite","item":"https:\/\/shopvapor.de\/"},{"@type":"ListItem","position":2,"name":"Terms and Conditions"}]},{"@type":"WebSite","@id":"https:\/\/shopvapor.de\/#website","url":"https:\/\/shopvapor.de\/","name":"NegozioVapor","description":"","potentialAction":[{"@type":"SearchAction","target":{"@type":"EntryPoint","urlTemplate":"https:\/\/shopvapor.de\/?s={search_term_string}"},"query-input":{"@type":"PropertyValueSpecification","valueRequired":true,"valueName":"search_term_string"}}],"inLanguage":"it-IT"}]}},"_links":{"self":[{"href":"https:\/\/shopvapor.de\/it\/wp-json\/wp\/v2\/pages\/11635","targetHints":{"allow":["GET"]}}],"collection":[{"href":"https:\/\/shopvapor.de\/it\/wp-json\/wp\/v2\/pages"}],"about":[{"href":"https:\/\/shopvapor.de\/it\/wp-json\/wp\/v2\/types\/page"}],"author":[{"embeddable":true,"href":"https:\/\/shopvapor.de\/it\/wp-json\/wp\/v2\/users\/1"}],"replies":[{"embeddable":true,"href":"https:\/\/shopvapor.de\/it\/wp-json\/wp\/v2\/comments?post=11635"}],"version-history":[{"count":1,"href":"https:\/\/shopvapor.de\/it\/wp-json\/wp\/v2\/pages\/11635\/revisions"}],"predecessor-version":[{"id":11636,"href":"https:\/\/shopvapor.de\/it\/wp-json\/wp\/v2\/pages\/11635\/revisions\/11636"}],"wp:attachment":[{"href":"https:\/\/shopvapor.de\/it\/wp-json\/wp\/v2\/media?parent=11635"}],"curies":[{"name":"WP","href":"https:\/\/api.w.org\/{rel}","templated":true}]}}