{"id":11639,"date":"2025-07-13T12:05:45","date_gmt":"2025-07-13T12:05:45","guid":{"rendered":"https:\/\/shopvapor.de\/?page_id=11639"},"modified":"2025-07-13T12:05:45","modified_gmt":"2025-07-13T12:05:45","slug":"pagamento-sicuro","status":"publish","type":"page","link":"https:\/\/shopvapor.de\/it\/pagamento-sicuro\/","title":{"rendered":"Pagamento sicuro"},"content":{"rendered":"<div>\n<p dir=\"auto\">Benvenuto nella nostra pagina di pagamento sicuro. In ShopVapor, il tuo specialista per sigarette elettroniche usa e getta di alta qualit\u00e0, la sicurezza delle tue transazioni \u00e8 la massima priorit\u00e0. Conosciamo l'importanza della protezione dei tuoi dati personali e finanziari, soprattutto nell'area dei prodotti per sigarette elettroniche. Sulla base di best practice comprovate per pagamenti sicuri nel settore (come la crittografia SSL e la conformit\u00e0 con gli standard PCI DSS), assicuriamo che ogni acquisto funzioni senza rischi e senza rischi. La nostra piattaforma soddisfa i severi requisiti normativi, inclusa la verifica dell'et\u00e0, per garantire che solo i clienti adulti (18+) possano fare acquisti.<\/p>\n<h4 dir=\"auto\">I nostri metodi di pagamento<\/h4>\n<p dir=\"auto\">Offriamo una selezione di opzioni di pagamento affidabili e flessibili su misura per le tue esigenze. Tutti i metodi sono forniti con i pi\u00f9 alti standard di sicurezza per prevenire le frodi e crittografare i tuoi dati:<\/p>\n<ul dir=\"auto\">\n<li><strong>paypal<\/strong>: la popolare e sicura soluzione di portafoglio per pagamenti veloci. Con PayPal beneficiate della protezione dell'acquirente e non avete bisogno di dettagli sulla carta di credito direttamente sul nostro sito. Basta effettuare il login e pagare - ideale per acquisti online sicuri di sigarette elettroniche usa e getta.<\/li>\n<li><strong>carta di credito<\/strong>: Accettiamo carte comuni come Visa, Mastercard e American Express. Tutte le transazioni vengono elaborate tramite un fornitore di pagamenti certificato conforme a PCI-DSS. I dati della tua carta non vengono mai archiviati sui nostri server, ma trasmessi direttamente crittografati.<\/li>\n<li><strong>criptovaluta<\/strong>: Per pagamenti moderni e anonimi, supportiamo valute virtuali comuni come Bitcoin (BTC) ed Ethereum (ETH). Questa opzione fornisce maggiore privacy e viene elaborata tramite la tecnologia blockchain sicura. Non sono richiesti dettagli bancari sensibili, perfetti per acquisti discreti.<\/li>\n<\/ul>\n<h4 dir=\"auto\">Perch\u00e9 il nostro pagamento \u00e8 sicuro?<\/h4>\n<ul dir=\"auto\">\n<li><strong>crittografia<\/strong>: Ogni pagamento \u00e8 protetto dalla crittografia SSL a 256 bit che protegge i tuoi dati da accessi non autorizzati. Ci\u00f2 \u00e8 in linea con i pi\u00f9 alti standard nel settore dell'e-commerce per prodotti sensibili come le sigarette elettroniche usa e getta.<\/li>\n<li><strong>Verifica dell'et\u00e0 e dell'identit\u00e0<\/strong>: In conformit\u00e0 con i requisiti legali (ad es. legge sulla protezione dei giovani), eseguiamo una verifica automatizzata dell'et\u00e0. Solo gli acquirenti confermati dai 18 anni in su possono completare l'acquisto.<\/li>\n<li><strong>Protezione contro le<\/strong>: I nostri sistemi monitorano le transazioni in tempo reale per attivit\u00e0 sospette. In caso di problemi, il nostro team di supporto \u00e8 disponibile 24 ore su 24, 7 giorni su 7.<\/li>\n<li><strong>privacy<\/strong>: Trattiamo i tuoi dati esclusivamente in conformit\u00e0 con il GDPR. leggi il nostro <a href=\"https:\/\/www.shopvapor.com\/datenschutz\" target=\"_blank\" rel=\"noopener noreferrer nofollow\">Informativa sulla privacy<\/a> per informazioni dettagliate. Nessun trasferimento a terzi senza il tuo consenso.<\/li>\n<\/ul>\n<p dir=\"auto\">Se hai domande sui nostri metodi di pagamento o hai bisogno di supporto, contattaci a <a href=\"mailto:support@shopvapor.com\" target=\"_blank\" rel=\"noopener noreferrer nofollow\">support@shopvapor.com<\/a> o tramite chat. Grazie per aver fiducia in ShopVapor - il tuo partner per sigarette elettroniche usa e getta sicure e piacevoli!<\/p>\n<\/div>","protected":false},"excerpt":{"rendered":"<p>Benvenuto nella nostra pagina di pagamento sicuro. In ShopVapor, il tuo specialista per sigarette elettroniche usa e getta di alta qualit\u00e0, la sicurezza delle tue transazioni \u00e8 la massima priorit\u00e0.<\/p>","protected":false},"author":1,"featured_media":0,"parent":0,"menu_order":0,"comment_status":"closed","ping_status":"closed","template":"","meta":{"footnotes":""},"class_list":["post-11639","page","type-page","status-publish","hentry"],"yoast_head":"<!-- This site is optimized with the Yoast SEO plugin v25.8 - https:\/\/yoast.com\/wordpress\/plugins\/seo\/ -->\n<title>Sichere Zahlung - ShopVapor<\/title>\n<meta name=\"description\" content=\"Willkommen auf unserer sicheren Zahlungsseite. Bei ShopVapor, Ihrem Spezialisten f\u00fcr hochwertige Einweg-E-Zigaretten, steht die Sicherheit Ihrer\" \/>\n<meta name=\"robots\" content=\"index, follow, max-snippet:-1, max-image-preview:large, max-video-preview:-1\" \/>\n<link rel=\"canonical\" href=\"https:\/\/shopvapor.de\/it\/pagamento-sicuro\/\" \/>\n<meta property=\"og:locale\" content=\"it_IT\" \/>\n<meta property=\"og:type\" content=\"article\" \/>\n<meta property=\"og:title\" content=\"Sichere Zahlung - ShopVapor\" \/>\n<meta property=\"og:description\" content=\"Willkommen auf unserer sicheren Zahlungsseite. Bei ShopVapor, Ihrem Spezialisten f\u00fcr hochwertige Einweg-E-Zigaretten, steht die Sicherheit Ihrer\" \/>\n<meta property=\"og:url\" content=\"https:\/\/shopvapor.de\/it\/pagamento-sicuro\/\" \/>\n<meta property=\"og:site_name\" content=\"ShopVapor\" \/>\n<meta name=\"twitter:card\" content=\"summary_large_image\" \/>\n<meta name=\"twitter:label1\" content=\"Tempo di lettura stimato\" \/>\n\t<meta name=\"twitter:data1\" content=\"2 minuti\" \/>\n<!-- \/ Yoast SEO plugin. -->","yoast_head_json":{"title":"Pagamento sicuro - Negozio Vapore","description":"Benvenuto nella nostra pagina di pagamento sicuro. In ShopVapor, il tuo specialista per sigarette elettroniche usa e getta di alta qualit\u00e0, la sicurezza del tuo","robots":{"index":"index","follow":"follow","max-snippet":"max-snippet:-1","max-image-preview":"max-image-preview:large","max-video-preview":"max-video-preview:-1"},"canonical":"https:\/\/shopvapor.de\/it\/pagamento-sicuro\/","og_locale":"it_IT","og_type":"article","og_title":"Sichere Zahlung - ShopVapor","og_description":"Willkommen auf unserer sicheren Zahlungsseite. Bei ShopVapor, Ihrem Spezialisten f\u00fcr hochwertige Einweg-E-Zigaretten, steht die Sicherheit Ihrer","og_url":"https:\/\/shopvapor.de\/it\/pagamento-sicuro\/","og_site_name":"ShopVapor","twitter_card":"summary_large_image","twitter_misc":{"Tempo di lettura stimato":"2 minuti"},"schema":{"@context":"https:\/\/schema.org","@graph":[{"@type":"WebPage","@id":"https:\/\/shopvapor.de\/sichere-zahlung\/","url":"https:\/\/shopvapor.de\/sichere-zahlung\/","name":"Pagamento sicuro - Negozio Vapore","isPartOf":{"@id":"https:\/\/shopvapor.de\/#website"},"datePublished":"2025-07-13T12:05:45+00:00","description":"Benvenuto nella nostra pagina di pagamento sicuro. In ShopVapor, il tuo specialista per sigarette elettroniche usa e getta di alta qualit\u00e0, la sicurezza del tuo","breadcrumb":{"@id":"https:\/\/shopvapor.de\/sichere-zahlung\/#breadcrumb"},"inLanguage":"it-IT","potentialAction":[{"@type":"ReadAction","target":["https:\/\/shopvapor.de\/sichere-zahlung\/"]}]},{"@type":"BreadcrumbList","@id":"https:\/\/shopvapor.de\/sichere-zahlung\/#breadcrumb","itemListElement":[{"@type":"ListItem","position":1,"name":"Startseite","item":"https:\/\/shopvapor.de\/"},{"@type":"ListItem","position":2,"name":"Sichere Zahlung"}]},{"@type":"WebSite","@id":"https:\/\/shopvapor.de\/#website","url":"https:\/\/shopvapor.de\/","name":"NegozioVapor","description":"","potentialAction":[{"@type":"SearchAction","target":{"@type":"EntryPoint","urlTemplate":"https:\/\/shopvapor.de\/?s={search_term_string}"},"query-input":{"@type":"PropertyValueSpecification","valueRequired":true,"valueName":"search_term_string"}}],"inLanguage":"it-IT"}]}},"_links":{"self":[{"href":"https:\/\/shopvapor.de\/it\/wp-json\/wp\/v2\/pages\/11639","targetHints":{"allow":["GET"]}}],"collection":[{"href":"https:\/\/shopvapor.de\/it\/wp-json\/wp\/v2\/pages"}],"about":[{"href":"https:\/\/shopvapor.de\/it\/wp-json\/wp\/v2\/types\/page"}],"author":[{"embeddable":true,"href":"https:\/\/shopvapor.de\/it\/wp-json\/wp\/v2\/users\/1"}],"replies":[{"embeddable":true,"href":"https:\/\/shopvapor.de\/it\/wp-json\/wp\/v2\/comments?post=11639"}],"version-history":[{"count":1,"href":"https:\/\/shopvapor.de\/it\/wp-json\/wp\/v2\/pages\/11639\/revisions"}],"predecessor-version":[{"id":11640,"href":"https:\/\/shopvapor.de\/it\/wp-json\/wp\/v2\/pages\/11639\/revisions\/11640"}],"wp:attachment":[{"href":"https:\/\/shopvapor.de\/it\/wp-json\/wp\/v2\/media?parent=11639"}],"curies":[{"name":"WP","href":"https:\/\/api.w.org\/{rel}","templated":true}]}}