{"id":10799,"date":"2025-07-02T08:15:14","date_gmt":"2025-07-02T08:15:14","guid":{"rendered":"https:\/\/shopvapor.de\/?post_type=product&#038;p=10799"},"modified":"2025-07-15T03:12:06","modified_gmt":"2025-07-15T03:12:06","slug":"vapsolo-galaxy-30000-30k-soffie-monouso-sigaretta-con-display-digitale","status":"publish","type":"product","link":"https:\/\/shopvapor.de\/it\/product\/vapsolo-galaxy-30000-30k-soffie-monouso-sigaretta-con-display-digitale\/","title":{"rendered":"Vapsolo Galaxy 30000 30K Puffs sigaretta elettronica monouso con display digitale"},"content":{"rendered":"<h2>Introduzione alla galassia Vapsolo 30000<\/h2>\n<p>Il Vapsolo Galaxy 30000 \u00e8 una sigaretta elettronica usa e getta all'avanguardia che colpisce per le sue impressionanti prestazioni e facilit\u00e0 d'uso. Con una capacit\u00e0 fino a 30.000 treni, questo dispositivo offre un uso duraturo e una variet\u00e0 di gusti che forniscono variet\u00e0. Il marchio Vapsolo \u00e8 sinonimo di qualit\u00e0 e innovazione e il Galaxy 30000 rappresenta questi valori attraverso la sua tecnologia avanzata e il design accattivante. Sviluppato per utenti esigenti, questo prodotto combina un'elevata funzionalit\u00e0 con una chiara attenzione alla soddisfazione dell'utente.<\/p>\n<h2>Parametri del prodotto in dettaglio<\/h2>\n<h3>Introduzione di parametri<\/h3>\n<p>Il Vapsolo Galaxy 30000 \u00e8 dotato di una serie di caratteristiche tecniche che ti distinguono dalle altre sigarette elettroniche usa e getta. Dall'ampia capacit\u00e0 di e-liquid al display intelligente, questo dispositivo offre una combinazione di prestazioni e comfort. I seguenti dettagli sono descritti in dettaglio di seguito per fornire una panoramica completa delle capacit\u00e0 di questo prodotto.<\/p>\n<h3>Treni: fino a 30.000<\/h3>\n<p>Il Vapsolo Galaxy 30000 consente fino a 30.000 treni, rendendolo una delle sigarette elettroniche usa e getta pi\u00f9 durevoli sul mercato. Questo parametro assicura che gli utenti possano utilizzare il dispositivo per un periodo di tempo pi\u00f9 lungo senza doverlo sostituire. <strong>Vantaggio:<\/strong> L'elevato numero di treni riduce pi\u00f9 frequentemente la necessit\u00e0 di nuovi acquisti e offre un'esperienza costantemente affidabile.<\/p>\n<h3>Capacit\u00e0 del liquido: 40 ml<\/h3>\n<p>Con una capacit\u00e0 di e-liquido di 40 ml, il Galaxy 30000 offre una generosa quantit\u00e0 di liquido necessaria per l'impressionante numero di treni. Questa capacit\u00e0 garantisce una qualit\u00e0 costante del gusto durante l'intera durata. <strong>Vantaggio:<\/strong> La grande capacit\u00e0 minimizza il rischio di perdita di gusto e garantisce un'intensit\u00e0 costante su ogni traino.<\/p>\n<h3>Batteria: 850 mAh, ricaricabile<\/h3>\n<p>La batteria integrata da 850 mAh \u00e8 ricaricabile e utilizza una porta di tipo C per una ricarica rapida ed efficiente. Ci\u00f2 consente un uso ininterrotto anche con uso intensivo. <strong>Vantaggio:<\/strong> La ricaricabilit\u00e0 prolunga la durata del dispositivo e offre flessibilit\u00e0, mentre la porta di tipo C \u00e8 una soluzione di ricarica moderna e universale.<\/p>\n<h3>Nicotina: 0 %, 2 %, 5 %<\/h3>\n<p>Il Vapsolo Galaxy 30000 \u00e8 disponibile in tre punti di forza alla nicotina: 0 %, 2 % e 5 %. Ci\u00f2 consente agli utenti di scegliere l'opzione giusta per loro, che si tratti di un'esperienza senza nicotina o di un'alternativa pi\u00f9 forte. <strong>Vantaggio:<\/strong> La selezione dei punti di forza della nicotina rende il dispositivo versatile e attrae sia gli utenti occasionali che gli utenti esperti.<\/p>\n<h3>Tipo di bobina: bobina a maglia da 1,0 \u03a9<\/h3>\n<p>La bobina a rete da 1,0 \u03a9 garantisce un riscaldamento ottimizzato e una distribuzione uniforme del liquido, con conseguente sapore intenso e nuvole dense. <strong>Vantaggio:<\/strong> La tecnologia mesh migliora la qualit\u00e0 del sapore e garantisce un'esperienza piacevole e uniforme ad ogni traino.<\/p>\n<h3>display digitale<\/h3>\n<p>Il display digitale mostra in tempo reale lo stato dell'e-liquid rimanente e le prestazioni della batteria. Ci\u00f2 consente un facile monitoraggio e previene interruzioni impreviste. <strong>Vantaggio:<\/strong> La trasparenza del display aumenta la facilit\u00e0 d'uso e offre agli utenti il pieno controllo del proprio dispositivo.<\/p>\n<h3>Touchscreen e 4 modalit\u00e0<\/h3>\n<p>Il touchscreen consente un funzionamento intuitivo, mentre le quattro diverse modalit\u00e0 (anche ritmiche, equilibrate, intense) consentono agli utenti di personalizzare la propria esperienza. <strong>Vantaggio:<\/strong> Le opzioni di personalizzazione rendono il dispositivo versatile e offrono l'impostazione giusta per ogni preferenza.<\/p>\n<h2>sapori<\/h2>\n<p>Il Vapsolo Galaxy 30000 \u00e8 disponibile in 12 diversi gusti, accuratamente progettati per fornire un'esperienza diversificata e accattivante. Ogni gusto \u00e8 stato testato per qualit\u00e0 e intensit\u00e0 per soddisfare gli elevati standard del marchio Vapsolo. I gusti disponibili sono:<\/p>\n<p><strong>1. Ghiaccio di anguria<\/strong><br \/>\n<strong>2. Kiwi di fragole<\/strong><br \/>\n<strong>3. Razz blu<\/strong><br \/>\n<strong>4. Lime di limone<\/strong><br \/>\n<strong>5. Pesca di limone<\/strong><br \/>\n<strong>6. Melone triplo<\/strong><br \/>\n<strong>7.Anguria al lampone<\/strong><br \/>\n<strong>8. Cocco di ananas<\/strong><br \/>\n<strong>9. Bull rosso di fragola<\/strong><br \/>\n<strong>10. Banana di Stawberry<\/strong><br \/>\n<strong>11. Ghiaccio di ciliegie al lampone alla fragola<\/strong><br \/>\n<strong>12. Fragola di drago di ghiaccio nero<\/strong><\/p>\n<p>Questi sapori offrono una vasta gamma di opzioni, dalle combinazioni fruttate a rinfrescanti, e garantiscono che ce ne sia per tutti i gusti.<\/p>\n<p><img fetchpriority=\"high\" decoding=\"async\" class=\"wp-image-11790 size-large\" title=\"Vapsolo Galaxy 30000 30K soffi\" src=\"https:\/\/shopvapor.de\/wp-content\/uploads\/2025\/07\/Vapsolo-Galaxy-30000-30K-Puffs-1300x731.webp\" alt=\"Vapsolo Galaxy 30000 30K soffi\" width=\"1300\" height=\"731\" srcset=\"https:\/\/shopvapor.de\/wp-content\/uploads\/2025\/07\/Vapsolo-Galaxy-30000-30K-Puffs-1300x731.webp 1300w, https:\/\/shopvapor.de\/wp-content\/uploads\/2025\/07\/Vapsolo-Galaxy-30000-30K-Puffs-400x225.webp 400w, https:\/\/shopvapor.de\/wp-content\/uploads\/2025\/07\/Vapsolo-Galaxy-30000-30K-Puffs-768x432.webp 768w, https:\/\/shopvapor.de\/wp-content\/uploads\/2025\/07\/Vapsolo-Galaxy-30000-30K-Puffs-1536x864.webp 1536w, https:\/\/shopvapor.de\/wp-content\/uploads\/2025\/07\/Vapsolo-Galaxy-30000-30K-Puffs-430x242.webp 430w, https:\/\/shopvapor.de\/wp-content\/uploads\/2025\/07\/Vapsolo-Galaxy-30000-30K-Puffs-700x394.webp 700w, https:\/\/shopvapor.de\/wp-content\/uploads\/2025\/07\/Vapsolo-Galaxy-30000-30K-Puffs-180x101.webp 180w, https:\/\/shopvapor.de\/wp-content\/uploads\/2025\/07\/Vapsolo-Galaxy-30000-30K-Puffs.webp 1920w\" sizes=\"(max-width: 1300px) 100vw, 1300px\" \/><\/p>\n<h2>Domande frequenti (FAQ)<\/h2>\n<p>Di seguito rispondiamo alle domande pi\u00f9 comuni sul Vapsolo Galaxy 30000 per aiutarti con l'uso ottimale del prodotto.<\/p>\n<p><strong>quanto dura la batteria vapsolo 30000?<\/strong><br \/>\nLa batteria da 850 mAh offre una lunga durata, a seconda della frequenza di utilizzo e della modalit\u00e0 che scegli. Con l'uso medio, la batteria pu\u00f2 durare diversi giorni prima che sia necessaria la ricarica. Utilizzare la porta di tipo C per la ricarica rapida.<\/p>\n<p><strong>Posso cambiare l'aroma durante l'uso?<\/strong><br \/>\nIl Vapsolo Galaxy 30000 \u00e8 una sigaretta elettronica monouso con un sapore solido per dispositivo. Per gustare un sapore diverso, scegli un nuovo dispositivo con il sapore desiderato.<\/p>\n<p><strong>Cosa succede quando l'e-liquid \u00e8 esaurito?<\/strong><br \/>\nUna volta consumato l'e-liquid da 40 ml, il dispositivo non pu\u00f2 essere ricaricato. Il display digitale mostra il supporto per e-liquid in modo da poter acquistare un nuovo dispositivo in tempo.<\/p>\n<p><strong>Il Vapsolo Galaxy 30000 \u00e8 adatto ai principianti?<\/strong><br \/>\nS\u00ec, il funzionamento intuitivo tramite touchscreen e display digitale rendono il Galaxy 30000 ideale sia per i principianti che per gli utenti esperti. I diversi punti di forza della nicotina offrono ulteriore flessibilit\u00e0.<\/p>\n<p><strong>Come faccio a smaltire il Vapsolo Galaxy 30000?<\/strong><br \/>\nCome sigaretta elettronica monouso, il Vapsolo Galaxy 30000 dovrebbe essere smaltito in conformit\u00e0 con le normative locali sui rifiuti elettronici. Inserire il dispositivo in un punto di raccolta corrispondente per garantire lo smaltimento ecologico.<\/p>\n<p><strong>Perch\u00e9 il display non mostra il livello della batteria?<\/strong><br \/>\nSe il display non mostra il livello della batteria, controllare che il dispositivo sia carico. Se il problema persiste, contattare il servizio clienti Vapsolo per ulteriore supporto.<\/p>","protected":false},"excerpt":{"rendered":"<p>Scopri il Vapsolo Galaxy 30000 - una sigaretta elettronica usa e getta con fino a 30.000 soffi, 40 ml di e-liquid, batteria da 850 mAh e 12 gusti. Con touchscreen, display digitale e 4 modalit\u00e0 per un'esperienza individuale.<\/p>","protected":false},"featured_media":10803,"comment_status":"open","ping_status":"closed","template":"","meta":[],"product_brand":[1152],"product_cat":[1167],"product_tag":[1013,1014,1015,1016,1017,1018],"class_list":{"0":"post-10799","1":"product","2":"type-product","3":"status-publish","4":"has-post-thumbnail","6":"product_brand-vapsolo","7":"product_cat-30000-puffs","8":"product_tag-all-product","9":"product_tag-brand","10":"product_tag-disposable","11":"product_tag-eu-warehouse-vape","12":"product_tag-new-arrival","13":"product_tag-vapsolo","15":"first","16":"instock","17":"sale","18":"shipping-taxable","19":"purchasable","20":"product-type-variable"},"yoast_head":"<!-- This site is optimized with the Yoast SEO plugin v25.8 - https:\/\/yoast.com\/wordpress\/plugins\/seo\/ -->\n<title>Vapsolo Galaxy 30000 30K Puffs Einweg-E-Zigarette mit digitalem Display - ShopVapor<\/title>\n<meta name=\"description\" content=\"Entdecken Sie die Vapsolo Galaxy 30000 \u2013 eine Einweg-E-Zigarette mit bis zu 30.000 Z\u00fcgen, 40 ml E-Liquid, 850 mAh Akku und 12 Geschmacksrichtungen. Mit Touchscreen, digitalem Display und 4 Modi f\u00fcr ein individuelles Erlebnis.\" \/>\n<meta name=\"robots\" content=\"index, follow, max-snippet:-1, max-image-preview:large, max-video-preview:-1\" \/>\n<link rel=\"canonical\" href=\"https:\/\/shopvapor.de\/it\/product\/vapsolo-galaxy-30000-30k-soffie-monouso-sigaretta-con-display-digitale\/\" \/>\n<meta property=\"og:locale\" content=\"it_IT\" \/>\n<meta property=\"og:type\" content=\"article\" \/>\n<meta property=\"og:title\" content=\"Vapsolo Galaxy 30000 30K Puffs Einweg-E-Zigarette mit digitalem Display - ShopVapor\" \/>\n<meta property=\"og:description\" content=\"Entdecken Sie die Vapsolo Galaxy 30000 \u2013 eine Einweg-E-Zigarette mit bis zu 30.000 Z\u00fcgen, 40 ml E-Liquid, 850 mAh Akku und 12 Geschmacksrichtungen. Mit Touchscreen, digitalem Display und 4 Modi f\u00fcr ein individuelles Erlebnis.\" \/>\n<meta property=\"og:url\" content=\"https:\/\/shopvapor.de\/it\/product\/vapsolo-galaxy-30000-30k-soffie-monouso-sigaretta-con-display-digitale\/\" \/>\n<meta property=\"og:site_name\" content=\"ShopVapor\" \/>\n<meta property=\"article:modified_time\" content=\"2025-07-15T03:12:06+00:00\" \/>\n<meta property=\"og:image\" content=\"https:\/\/shopvapor.de\/wp-content\/uploads\/2025\/07\/vapsolo-galaxy-30000-30k-puffs-einweg-e-zigarette-mit-digitalem-display-3.jpg\" \/>\n\t<meta property=\"og:image:width\" content=\"800\" \/>\n\t<meta property=\"og:image:height\" content=\"800\" \/>\n\t<meta property=\"og:image:type\" content=\"image\/jpeg\" \/>\n<meta name=\"twitter:card\" content=\"summary_large_image\" \/>\n<meta name=\"twitter:label1\" content=\"Tempo di lettura stimato\" \/>\n\t<meta name=\"twitter:data1\" content=\"5 minuti\" \/>\n<!-- \/ Yoast SEO plugin. -->","yoast_head_json":{"title":"Vapsolo Galaxy 30000 30K Puffs Display Digitale Monouso E-Sigaretta - ShopVapor","description":"Scopri il Vapsolo Galaxy 30000 - una sigaretta elettronica usa e getta con fino a 30.000 soffi, 40 ml di e-liquid, batteria da 850 mAh e 12 gusti. Con touchscreen, display digitale e 4 modalit\u00e0 per un'esperienza individuale.","robots":{"index":"index","follow":"follow","max-snippet":"max-snippet:-1","max-image-preview":"max-image-preview:large","max-video-preview":"max-video-preview:-1"},"canonical":"https:\/\/shopvapor.de\/it\/product\/vapsolo-galaxy-30000-30k-soffie-monouso-sigaretta-con-display-digitale\/","og_locale":"it_IT","og_type":"article","og_title":"Vapsolo Galaxy 30000 30K Puffs Einweg-E-Zigarette mit digitalem Display - ShopVapor","og_description":"Entdecken Sie die Vapsolo Galaxy 30000 \u2013 eine Einweg-E-Zigarette mit bis zu 30.000 Z\u00fcgen, 40 ml E-Liquid, 850 mAh Akku und 12 Geschmacksrichtungen. Mit Touchscreen, digitalem Display und 4 Modi f\u00fcr ein individuelles Erlebnis.","og_url":"https:\/\/shopvapor.de\/it\/product\/vapsolo-galaxy-30000-30k-soffie-monouso-sigaretta-con-display-digitale\/","og_site_name":"ShopVapor","article_modified_time":"2025-07-15T03:12:06+00:00","og_image":[{"width":800,"height":800,"url":"https:\/\/shopvapor.de\/wp-content\/uploads\/2025\/07\/vapsolo-galaxy-30000-30k-puffs-einweg-e-zigarette-mit-digitalem-display-3.jpg","type":"image\/jpeg"}],"twitter_card":"summary_large_image","twitter_misc":{"Tempo di lettura stimato":"5 minuti"},"schema":{"@context":"https:\/\/schema.org","@graph":[{"@type":"WebPage","@id":"https:\/\/shopvapor.de\/produkt\/vapsolo-galaxy-30000-30k-puffs-einweg-e-zigarette-mit-digitalem-display\/","url":"https:\/\/shopvapor.de\/produkt\/vapsolo-galaxy-30000-30k-puffs-einweg-e-zigarette-mit-digitalem-display\/","name":"Vapsolo Galaxy 30000 30K Puffs Display Digitale Monouso E-Sigaretta - ShopVapor","isPartOf":{"@id":"https:\/\/shopvapor.de\/#website"},"primaryImageOfPage":{"@id":"https:\/\/shopvapor.de\/produkt\/vapsolo-galaxy-30000-30k-puffs-einweg-e-zigarette-mit-digitalem-display\/#primaryimage"},"image":{"@id":"https:\/\/shopvapor.de\/produkt\/vapsolo-galaxy-30000-30k-puffs-einweg-e-zigarette-mit-digitalem-display\/#primaryimage"},"thumbnailUrl":"https:\/\/shopvapor.de\/wp-content\/uploads\/2025\/07\/vapsolo-galaxy-30000-30k-puffs-einweg-e-zigarette-mit-digitalem-display-3.jpg","datePublished":"2025-07-02T08:15:14+00:00","dateModified":"2025-07-15T03:12:06+00:00","description":"Scopri il Vapsolo Galaxy 30000 - una sigaretta elettronica usa e getta con fino a 30.000 soffi, 40 ml di e-liquid, batteria da 850 mAh e 12 gusti. Con touchscreen, display digitale e 4 modalit\u00e0 per un'esperienza individuale.","breadcrumb":{"@id":"https:\/\/shopvapor.de\/produkt\/vapsolo-galaxy-30000-30k-puffs-einweg-e-zigarette-mit-digitalem-display\/#breadcrumb"},"inLanguage":"it-IT","potentialAction":[{"@type":"ReadAction","target":["https:\/\/shopvapor.de\/produkt\/vapsolo-galaxy-30000-30k-puffs-einweg-e-zigarette-mit-digitalem-display\/"]}]},{"@type":"ImageObject","inLanguage":"it-IT","@id":"https:\/\/shopvapor.de\/produkt\/vapsolo-galaxy-30000-30k-puffs-einweg-e-zigarette-mit-digitalem-display\/#primaryimage","url":"https:\/\/shopvapor.de\/wp-content\/uploads\/2025\/07\/vapsolo-galaxy-30000-30k-puffs-einweg-e-zigarette-mit-digitalem-display-3.jpg","contentUrl":"https:\/\/shopvapor.de\/wp-content\/uploads\/2025\/07\/vapsolo-galaxy-30000-30k-puffs-einweg-e-zigarette-mit-digitalem-display-3.jpg","width":800,"height":800},{"@type":"BreadcrumbList","@id":"https:\/\/shopvapor.de\/produkt\/vapsolo-galaxy-30000-30k-puffs-einweg-e-zigarette-mit-digitalem-display\/#breadcrumb","itemListElement":[{"@type":"ListItem","position":1,"name":"Startseite","item":"https:\/\/shopvapor.de\/"},{"@type":"ListItem","position":2,"name":"Shop","item":"https:\/\/shopvapor.de\/shop\/"},{"@type":"ListItem","position":3,"name":"Vapsolo Galaxy 30000 30K Puffs Einweg-E-Zigarette mit digitalem Display"}]},{"@type":"WebSite","@id":"https:\/\/shopvapor.de\/#website","url":"https:\/\/shopvapor.de\/","name":"NegozioVapor","description":"","potentialAction":[{"@type":"SearchAction","target":{"@type":"EntryPoint","urlTemplate":"https:\/\/shopvapor.de\/?s={search_term_string}"},"query-input":{"@type":"PropertyValueSpecification","valueRequired":true,"valueName":"search_term_string"}}],"inLanguage":"it-IT"}]}},"_links":{"self":[{"href":"https:\/\/shopvapor.de\/it\/wp-json\/wp\/v2\/product\/10799","targetHints":{"allow":["GET"]}}],"collection":[{"href":"https:\/\/shopvapor.de\/it\/wp-json\/wp\/v2\/product"}],"about":[{"href":"https:\/\/shopvapor.de\/it\/wp-json\/wp\/v2\/types\/product"}],"replies":[{"embeddable":true,"href":"https:\/\/shopvapor.de\/it\/wp-json\/wp\/v2\/comments?post=10799"}],"version-history":[{"count":1,"href":"https:\/\/shopvapor.de\/it\/wp-json\/wp\/v2\/product\/10799\/revisions"}],"predecessor-version":[{"id":11791,"href":"https:\/\/shopvapor.de\/it\/wp-json\/wp\/v2\/product\/10799\/revisions\/11791"}],"wp:featuredmedia":[{"embeddable":true,"href":"https:\/\/shopvapor.de\/it\/wp-json\/wp\/v2\/media\/10803"}],"wp:attachment":[{"href":"https:\/\/shopvapor.de\/it\/wp-json\/wp\/v2\/media?parent=10799"}],"wp:term":[{"taxonomy":"product_brand","embeddable":true,"href":"https:\/\/shopvapor.de\/it\/wp-json\/wp\/v2\/product_brand?post=10799"},{"taxonomy":"product_cat","embeddable":true,"href":"https:\/\/shopvapor.de\/it\/wp-json\/wp\/v2\/product_cat?post=10799"},{"taxonomy":"product_tag","embeddable":true,"href":"https:\/\/shopvapor.de\/it\/wp-json\/wp\/v2\/product_tag?post=10799"}],"curies":[{"name":"WP","href":"https:\/\/api.w.org\/{rel}","templated":true}]}}