{"id":10292,"date":"2025-07-02T07:31:16","date_gmt":"2025-07-02T07:31:16","guid":{"rendered":"https:\/\/shopvapor.de\/?post_type=product&#038;p=10292"},"modified":"2025-07-15T06:04:35","modified_gmt":"2025-07-15T06:04:35","slug":"waspe-fihp-30000-30k-%e3%83%91%e3%83%95-28-ml-%e4%bd%bf%e3%81%84%e6%8d%a8%e3%81%a6-e-%e3%82%b7%e3%82%ac%e3%83%ac%e3%83%83%e3%83%88-%e3%83%87%e3%83%a5%e3%82%a2%e3%83%ab-%e3%83%a1%e3%83%83%e3%82%b7","status":"publish","type":"product","link":"https:\/\/shopvapor.de\/ja\/product\/waspe-fihp-30000-30k-%e3%83%91%e3%83%95-28-ml-%e4%bd%bf%e3%81%84%e6%8d%a8%e3%81%a6-e-%e3%82%b7%e3%82%ac%e3%83%ac%e3%83%83%e3%83%88-%e3%83%87%e3%83%a5%e3%82%a2%e3%83%ab-%e3%83%a1%e3%83%83%e3%82%b7\/","title":{"rendered":"WASP FIHP 30000 30K \u30d1\u30d5 28ml \u4f7f\u3044\u6368\u3066\u96fb\u5b50\u30bf\u30d0\u30b3 \u30c7\u30e5\u30a2\u30eb\u30e1\u30c3\u30b7\u30e5 \u30aa\u30ea\u30b8\u30ca\u30eb"},"content":{"rendered":"<h2>WASPE FIHP 30000 \u306e\u6982\u8981<\/h2>\n<p>WASP FIHP 30000 \u306f\u3001\u9577\u6301\u3061\u3059\u308b\u697d\u3057\u307f\u3068\u5f37\u70c8\u306a\u98a8\u5473\u3092\u5b9f\u73fe\u3059\u308b\u305f\u3081\u306b\u8a2d\u8a08\u3055\u308c\u305f\u9ad8\u6027\u80fd\u4f7f\u3044\u6368\u3066\u96fb\u5b50\u30bf\u30d0\u30b3\u88fd\u54c1\u3067\u3059\u3002 \u6700\u5927 30,000 \u5217\u306e\u5217\u8eca\u306e\u5370\u8c61\u7684\u306a\u5bb9\u91cf\u3092\u6301\u3064\u3053\u306e\u30c7\u30d0\u30a4\u30b9\u306f\u3001\u54c1\u8cea\u3068\u5feb\u9069\u3055\u3092\u91cd\u8996\u3059\u308b\u8981\u6c42\u306e\u9ad8\u3044\u30e6\u30fc\u30b6\u30fc\u306b\u4fe1\u983c\u3067\u304d\u308b\u30bd\u30ea\u30e5\u30fc\u30b7\u30e7\u30f3\u3092\u63d0\u4f9b\u3057\u307e\u3059\u3002 WASPE \u30d6\u30e9\u30f3\u30c9\u306f\u3001\u9769\u65b0\u7684\u306a\u30c6\u30af\u30ce\u30ed\u30b8\u30fc\u3068\u7cbe\u5bc6\u306a\u6280\u91cf\u3092\u8868\u3057\u3001FIHP 30000 \u3092\u4e00\u6d41\u306e\u9078\u629e\u80a2\u306b\u3057\u3066\u3044\u307e\u3059\u3002 \u30c7\u30e5\u30a2\u30eb \u30e1\u30c3\u30b7\u30e5 \u30b3\u30a4\u30eb\u3001\u8abf\u6574\u53ef\u80fd\u306a\u30a8\u30a2\u30d5\u30ed\u30fc\u3001LED \u30c7\u30a3\u30b9\u30d7\u30ec\u30a4\u306a\u3069\u306e\u9ad8\u5ea6\u306a\u6a5f\u80fd\u3092\u5099\u3048\u305f\u3053\u306e\u88fd\u54c1\u306f\u3001\u4e00\u8cab\u3057\u305f\u30ab\u30b9\u30bf\u30de\u30a4\u30ba\u53ef\u80fd\u306a\u30a8\u30af\u30b9\u30da\u30ea\u30a8\u30f3\u30b9\u3092\u63d0\u4f9b\u3057\u307e\u3059\u3002<\/p>\n<h2>\u88fd\u54c1\u30d1\u30e9\u30e1\u30fc\u30bf\u30fc\u8a73\u7d30<\/h2>\n<p>WASP FIHP 30000 \u306f\u3001\u6700\u5148\u7aef\u306e\u30c6\u30af\u30ce\u30ed\u30b8\u30fc\u3068\u30e6\u30fc\u30b6\u30fc \u30d5\u30ec\u30f3\u30c9\u30ea\u30fc\u306a\u30c7\u30b6\u30a4\u30f3\u3092\u7d44\u307f\u5408\u308f\u305b\u3066\u3044\u307e\u3059\u3002 \u3053\u306e\u88fd\u54c1\u306e\u512a\u308c\u305f\u7279\u6027\u3092\u8aac\u660e\u3059\u308b\u305f\u3081\u306e\u91cd\u8981\u306a\u30d1\u30e9\u30e1\u30fc\u30bf\u306f\u6b21\u306e\u3068\u304a\u308a\u3067\u3059\u3002<\/p>\n<h3>\u5217\u8eca\u306e\u5b9a\u54e1: \u6700\u5927 30,000 \u5217\u306e\u5217\u8eca<\/h3>\n<p>\u901a\u5e38\u30e2\u30fc\u30c9\u3067\u306f\u6700\u5927 30,000 \u5217\u306e\u5217\u8eca (\u30d1\u30eb\u30b9 \u30e2\u30fc\u30c9\u3067 15,000 \u5217\u8eca) \u306e\u5bb9\u91cf\u3092\u5099\u3048\u305f Waspe \u306f\u3001FIHP 30000 \u306b\u975e\u5e38\u306b\u9577\u3044\u5bff\u547d\u3092\u63d0\u4f9b\u3057\u307e\u3059\u3002 \u3053\u306e\u5927\u5bb9\u91cf\u306b\u3088\u308a\u3001\u983b\u7e41\u306a\u30c7\u30d0\u30a4\u30b9\u306e\u4ea4\u63db\u306e\u5fc5\u8981\u6027\u304c\u6e1b\u308a\u3001\u4f55\u9031\u9593\u306b\u3082\u308f\u305f\u3063\u3066\u9577\u7d9a\u304d\u3059\u308b\u3053\u3068\u304c\u3067\u304d\u307e\u3059\u3002<\/p>\n<h3>\u96fb\u5b50\u6db2\u4f53\u5bb9\u91cf: 28 ml<\/h3>\n<p>\u30c7\u30d0\u30a4\u30b9\u306b\u306f 28 ml \u306e\u9ad8\u54c1\u8cea\u306e\u30ea\u30ad\u30c3\u30c9\u304c\u3042\u3089\u304b\u3058\u3081\u5145\u586b\u3055\u308c\u3066\u3044\u308b\u305f\u3081\u3001\u6700\u5f8c\u306e\u52d5\u304d\u306e\u5747\u4e00\u306a\u5473\u3092\u4fdd\u8a3c\u3057\u307e\u3059\u3002 \u5bb9\u91cf\u304c\u5927\u304d\u3044\u305f\u3081\u3001\u30e1\u30f3\u30c6\u30ca\u30f3\u30b9\u304c\u6700\u5c0f\u9650\u306b\u6291\u3048\u3089\u308c\u3001\u5fc3\u914d\u306e\u306a\u3044\u30e6\u30fc\u30b6\u30fc \u30a8\u30af\u30b9\u30da\u30ea\u30a8\u30f3\u30b9\u304c\u53ef\u80fd\u306b\u306a\u308a\u307e\u3059\u3002<\/p>\n<h3>\u30cb\u30b3\u30c1\u30f3\u5f37\u5ea6: 0 %\u30012 %\u30015 %<\/h3>\n<p>WASP FIHP 30000 \u306f\u3001\u30e6\u30fc\u30b6\u30fc\u306e\u500b\u3005\u306e\u30cb\u30fc\u30ba\u3092\u6e80\u305f\u3059\u305f\u3081\u306b\u30013 \u3064\u306e\u30cb\u30b3\u30c1\u30f3\u5f37\u5ea6 (0 %\u30012 %\u30015 %) \u3067\u5229\u7528\u3067\u304d\u307e\u3059\u3002 0 % \u30aa\u30d7\u30b7\u30e7\u30f3\u306f\u30cb\u30b3\u30c1\u30f3\u30d5\u30ea\u30fc\u306e\u697d\u3057\u307f\u3092\u597d\u3080\u4eba\u306b\u6700\u9069\u3067\u3059\u304c\u30012 % \u304a\u3088\u3073 5 % \u30aa\u30d7\u30b7\u30e7\u30f3\u306f\u3055\u307e\u3056\u307e\u306a\u597d\u307f\u306b\u9069\u3057\u3066\u3044\u307e\u3059\u3002<\/p>\n<h3>\u30d0\u30c3\u30c6\u30ea\u30fc\u5bb9\u91cf: 850 mAh\u3001\u5145\u96fb\u5f0f<\/h3>\n<p>\u5f37\u529b\u306a 850 mAh \u30d0\u30c3\u30c6\u30ea\u30fc\u306f\u3001\u30c7\u30d0\u30a4\u30b9\u306b\u4fe1\u983c\u6027\u306e\u9ad8\u3044\u30a8\u30cd\u30eb\u30ae\u30fc\u3092\u63d0\u4f9b\u3057\u307e\u3059\u3002 Type-C \u306e\u5145\u96fb\u30dd\u30fc\u30c8\u306e\u304a\u304b\u3052\u3067\u3001\u30d0\u30c3\u30c6\u30ea\u30fc\u306f\u8fc5\u901f\u304b\u3064\u52b9\u7387\u7684\u306b\u5145\u96fb\u3067\u304d\u308b\u305f\u3081\u3001\u30c0\u30a6\u30f3\u30bf\u30a4\u30e0\u3092\u6700\u5c0f\u9650\u306b\u6291\u3048\u3001\u7d99\u7d9a\u7684\u306a\u4f7f\u7528\u3092\u53ef\u80fd\u306b\u3057\u307e\u3059\u3002<\/p>\n<h3>\u30b3\u30a4\u30eb\u6280\u8853: \u30c7\u30e5\u30a2\u30eb \u30e1\u30c3\u30b7\u30e5 \u30b3\u30a4\u30eb (1.0 \u30aa\u30fc\u30e0)<\/h3>\n<p>1.0 \u30aa\u30fc\u30e0\u306e\u62b5\u6297\u3092\u6301\u3064\u9ad8\u5ea6\u306a\u30c7\u30e5\u30a2\u30eb \u30e1\u30c3\u30b7\u30e5 \u30b3\u30a4\u30eb\u306f\u3001\u6700\u9069\u306a\u5473\u3068\u84b8\u6c17\u306e\u751f\u6210\u3092\u4fdd\u8a3c\u3057\u307e\u3059\u3002 \u3053\u306e\u30c6\u30af\u30ce\u30ed\u30b8\u30fc\u306f\u3001\u5f15\u3063\u5f35\u308b\u305f\u3073\u306b\u5f37\u70c8\u3067\u5747\u4e00\u306a\u98a8\u5473\u3068\u9ad8\u3044\u4e00\u8cab\u6027\u3092\u4fdd\u8a3c\u3057\u307e\u3059\u3002<\/p>\n<h3>\u6c17\u6d41: \u8abf\u6574\u53ef\u80fd<\/h3>\n<p>\u8abf\u6574\u53ef\u80fd\u306a\u6c17\u6d41\u306b\u3088\u308a\u3001\u30e6\u30fc\u30b6\u30fc\u306f\u5217\u8eca\u306e\u5f37\u5ea6\u3092\u30ab\u30b9\u30bf\u30de\u30a4\u30ba\u3067\u304d\u307e\u3059\u3002 \u3088\u308a\u5f37\u70c8\u306a\u5473\u3092\u5f97\u308b\u305f\u3081\u306b\u3088\u308a\u304d\u3064\u3044\u5217\u8eca\u304c\u3088\u308a\u5f37\u56fa\u306b\u3001\u307e\u305f\u306f\u3088\u308a\u30dc\u30ea\u30e5\u30fc\u30e0\u306e\u3042\u308b\u7de9\u3044\u5217\u8eca\u3067\u3042\u308d\u3046\u3068\u3001WASP FIHP 30000 \u306f\u67d4\u8edf\u306b\u9069\u5fdc\u3057\u307e\u3059\u3002<\/p>\n<h3>LED \u30a4\u30f3\u30b8\u30b1\u30fc\u30bf: \u30d0\u30c3\u30c6\u30ea\u30fc\u3068\u96fb\u5b50\u6db2\u4f53\u306e\u72b6\u614b<\/h3>\n<p>LED \u30c7\u30a3\u30b9\u30d7\u30ec\u30a4\u306f\u3001\u30d0\u30c3\u30c6\u30ea\u30fc \u30ec\u30d9\u30eb\u3068\u30ea\u30ad\u30c3\u30c9 \u30ec\u30d9\u30eb\u3092\u30ea\u30a2\u30eb\u30bf\u30a4\u30e0\u3067\u8868\u793a\u3057\u307e\u3059\u3002 \u3053\u306e\u6a5f\u80fd\u306b\u3088\u308a\u3001\u30e6\u30fc\u30b6\u30fc\u306f\u5e38\u306b\u60c5\u5831\u3092\u76e3\u8996\u3057\u3001\u4f7f\u7528\u306e\u8a08\u753b\u3092\u7acb\u3066\u308b\u3053\u3068\u304c\u3067\u304d\u307e\u3059\u3002<\/p>\n<h3>\u64cd\u4f5c: \u5217\u8eca\u306e\u8d77\u52d5<\/h3>\n<p>\u30b7\u30f3\u30d7\u30eb\u306a\u30d7\u30eb \u30a2\u30af\u30c6\u30a3\u30d9\u30fc\u30b7\u30e7\u30f3\u306b\u3088\u308a\u3001WASP FIHP 30000 \u306f\u7279\u306b\u4f7f\u3044\u3084\u3059\u304f\u306a\u308a\u307e\u3059\u3002 \u30dc\u30bf\u30f3\u3084\u8907\u96d1\u306a\u8a2d\u5b9a\u304c\u306a\u3044\u3068\u3001\u958b\u68b1\u3055\u308c\u305f\u30c7\u30d0\u30a4\u30b9\u306f\u3059\u3050\u306b\u4f7f\u7528\u3067\u304d\u308b\u3088\u3046\u306b\u306a\u308a\u307e\u3059\u3002<\/p>\n<h3>\u91cd\u91cf: 107g<\/h3>\n<p>\u91cd\u91cf\u304c\u308f\u305a\u304b 107 g \u3067\u3042\u308b WASP FIHP 30000 \u306f\u8efd\u91cf\u3067\u30b3\u30f3\u30d1\u30af\u30c8\u3067\u3001\u5916\u51fa\u5148\u3067\u306e\u4f7f\u7528\u306b\u6700\u9069\u3067\u3059\u3002 \u4eba\u9593\u5de5\u5b66\u306b\u57fa\u3065\u3044\u305f\u30c7\u30b6\u30a4\u30f3\u306f\u6301\u3061\u3084\u3059\u304f\u3001\u30dd\u30b1\u30c3\u30c8\u306b\u7c21\u5358\u306b\u53ce\u307e\u308a\u307e\u3059\u3002<\/p>\n<h2>\u591a\u69d8\u306a\u5473<\/h2>\n<p>WASP FIHP 30000 \u306f\u3001\u3055\u307e\u3056\u307e\u306a\u30d5\u30ec\u30fc\u30d0\u30fc\u3092\u63d0\u4f9b\u3057\u3001\u591a\u69d8\u6027\u3068\u697d\u3057\u307f\u3092\u63d0\u4f9b\u3057\u307e\u3059\u3002 \u305d\u308c\u305e\u308c\u306e\u30d5\u30ec\u30fc\u30d0\u30fc\u306f\u3001\u5f37\u70c8\u3067\u672c\u683c\u7684\u306a\u9999\u308a\u3092\u5c4a\u3051\u308b\u305f\u3081\u306b\u614e\u91cd\u306b\u8a2d\u8a08\u3055\u308c\u3066\u3044\u307e\u3059\u3002 \u5229\u7528\u53ef\u80fd\u306a\u30d5\u30ec\u30fc\u30d0\u30fc\u306f\u6b21\u306e\u3068\u304a\u308a\u3067\u3059\u3002<\/p>\n<ul>\n<li>\u30b9\u30c8\u30ed\u30d9\u30ea\u30fc\u30de\u30f3\u30b4\u30fc<\/li>\n<li>\u30df\u30c3\u30af\u30b9\u30fb\u30d9\u30ea\u30fc<\/li>\n<li>\u30b9\u30a4\u30ab\u306e\u6c37<\/li>\n<li>\u30b9\u30c8\u30ed\u30d9\u30ea\u30fc\u30fb\u30b9\u30a4\u30ab<\/li>\n<li>\u30b9\u30c8\u30ed\u30d9\u30ea\u30fc\u30ec\u30c3\u30c9\u30d6\u30eb<\/li>\n<li>\u30ad\u30a6\u30a4 \u30d1\u30c3\u30b7\u30e7\u30f3 \u30d5\u30eb\u30fc\u30c4 \u30b0\u30a2\u30d0<\/li>\n<li>\u30b0\u30ec\u30fc\u30d7\u30a2\u30a4\u30b9<\/li>\n<li>\u30c0\u30d6\u30eb\u30a2\u30c3\u30d7\u30eb\u30a2\u30a4\u30b9<\/li>\n<li>\u30d6\u30eb\u30fc\u30d9\u30ea\u30fc\u30fb\u30e9\u30ba\u30d9\u30ea\u30fc<\/li>\n<li>\u30a6\u30a9\u30fc\u30bf\u30fc\u30e1\u30ec\u30de\u30f3\u30b4\u30fc\u30d4\u30fc\u30c1<\/li>\n<li>\u30d6\u30eb\u30fc\u30d9\u30ea\u30fc\u30a2\u30a4\u30b9<\/li>\n<li>\u30d4\u30fc\u30c1\u30d9\u30ea\u30fc<\/li>\n<li>\u30b9\u30c8\u30ed\u30d9\u30ea\u30fc\u30fb\u30ad\u30a6\u30a4<\/li>\n<li>\u30c1\u30a7\u30ea\u30fc\u30a2\u30a4\u30b9<\/li>\n<li>\u30b9\u30c8\u30ed\u30d9\u30ea\u30fc\u30e9\u30ba\u30d9\u30ea\u30fc\u30c1\u30a7\u30ea\u30fc<\/li>\n<li>\u30b9\u30a4\u30ab\u30d0\u30d6\u30eb\u30ac\u30e0<\/li>\n<\/ul>\n<div id=\"attachment_11818\" style=\"width: 1010px\" class=\"wp-caption alignnone\"><img fetchpriority=\"high\" decoding=\"async\" aria-describedby=\"caption-attachment-11818\" class=\"wp-image-11818 size-full\" title=\"WASP FIHP 30000 30K \u30d1\u30d5\" src=\"https:\/\/shopvapor.de\/wp-content\/uploads\/2025\/07\/WASPE-FIHP-30000-30K-Puffs.webp\" alt=\"Wape FiHP 30000 30K \u30d1\u30d5\" width=\"1000\" height=\"1000\" srcset=\"https:\/\/shopvapor.de\/wp-content\/uploads\/2025\/07\/WASPE-FIHP-30000-30K-Puffs.webp 1000w, https:\/\/shopvapor.de\/wp-content\/uploads\/2025\/07\/WASPE-FIHP-30000-30K-Puffs-300x300.webp 300w, https:\/\/shopvapor.de\/wp-content\/uploads\/2025\/07\/WASPE-FIHP-30000-30K-Puffs-800x800.webp 800w, https:\/\/shopvapor.de\/wp-content\/uploads\/2025\/07\/WASPE-FIHP-30000-30K-Puffs-150x150.webp 150w, https:\/\/shopvapor.de\/wp-content\/uploads\/2025\/07\/WASPE-FIHP-30000-30K-Puffs-768x768.webp 768w, https:\/\/shopvapor.de\/wp-content\/uploads\/2025\/07\/WASPE-FIHP-30000-30K-Puffs-430x430.webp 430w, https:\/\/shopvapor.de\/wp-content\/uploads\/2025\/07\/WASPE-FIHP-30000-30K-Puffs-700x700.webp 700w, https:\/\/shopvapor.de\/wp-content\/uploads\/2025\/07\/WASPE-FIHP-30000-30K-Puffs-180x180.webp 180w\" sizes=\"(max-width: 1000px) 100vw, 1000px\" \/><p id=\"caption-attachment-11818\" class=\"wp-caption-text\">\u00a0<\/p><\/div>\n<h2>\u3088\u304f\u3042\u308b\u8cea\u554f (FAQ)<\/h2>\n<p>\u3053\u3053\u3067\u306f\u3001WASP FIHP 30000 \u306b\u95a2\u3059\u308b\u6700\u3082\u3088\u304f\u5bc4\u305b\u3089\u308c\u308b\u8cea\u554f\u306b\u7b54\u3048\u3066\u3001\u6700\u5927\u9650\u306e\u660e\u77ad\u3055\u3092\u63d0\u4f9b\u3057\u307e\u3059\u3002<\/p>\n<p><strong>\u30ef\u30b9\u30d7\u306e\u30d0\u30c3\u30c6\u30ea\u30fc\u306f\u3069\u306e\u304f\u3089\u3044\u6301\u3061\u307e\u3059\u304b? FIHP 30000?<\/strong><br \/>\n850 mAh \u306e\u30d0\u30c3\u30c6\u30ea\u30fc\u306f\u3001\u5217\u8eca\u306e\u5468\u6ce2\u6570\u306b\u5fdc\u3058\u3066\u3001\u9577\u6301\u3061\u3057\u307e\u3059\u3002 \u5e73\u5747\u7684\u306a\u4f7f\u7528\u3067\u306f\u3001\u5145\u96fb\u304c\u5fc5\u8981\u306b\u306a\u308b\u307e\u3067\u6570\u65e5\u9593\u30d0\u30c3\u30c6\u30ea\u30fc\u304c\u6301\u7d9a\u3059\u308b\u5834\u5408\u304c\u3042\u308a\u307e\u3059\u3002 LED \u30c7\u30a3\u30b9\u30d7\u30ec\u30a4\u306f\u3001\u30d0\u30c3\u30c6\u30ea\u30fc\u6b8b\u91cf\u306b\u3064\u3044\u3066\u306e\u60c5\u5831\u3092\u9069\u5207\u306a\u30bf\u30a4\u30df\u30f3\u30b0\u3067\u901a\u77e5\u3057\u307e\u3059\u3002<\/p>\n<p><strong>\u4f7f\u7528\u4e2d\u306b\u5473\u3092\u5909\u3048\u308b\u3053\u3068\u306f\u3067\u304d\u307e\u3059\u304b\uff1f<\/strong><br \/>\n\u3044\u3044\u3048\u3001WASP FIHP 30000 \u306b\u306f\u3001\u30c7\u30d0\u30a4\u30b9\u3054\u3068\u306b\u3057\u3063\u304b\u308a\u3068\u3057\u305f\u30d5\u30ec\u30fc\u30d0\u30fc\u304c\u88c5\u5099\u3055\u308c\u3066\u3044\u307e\u3059\u3002 \u3055\u307e\u3056\u307e\u306a\u30d5\u30ec\u30fc\u30d0\u30fc\u3092\u697d\u3057\u3080\u305f\u3081\u306b\u3001\u3055\u307e\u3056\u307e\u306a\u30d5\u30ec\u30fc\u30d0\u30fc\u3092\u6301\u3064\u8907\u6570\u306e\u30c7\u30d0\u30a4\u30b9\u3092\u8cfc\u5165\u3067\u304d\u307e\u3059\u3002<\/p>\n<p><strong>\u30c7\u30d0\u30a4\u30b9\u306f\u65e5\u5e38\u4f7f\u7528\u306b\u9069\u3057\u3066\u3044\u307e\u3059\u304b?<\/strong><br \/>\n\u306f\u3044\u3001\u9ad8\u3044\u30d7\u30eb\u5bb9\u91cf\u3001\u5145\u96fb\u5f0f\u30d0\u30c3\u30c6\u30ea\u30fc\u3001\u30b3\u30f3\u30d1\u30af\u30c8\u306a\u30c7\u30b6\u30a4\u30f3\u306e\u304a\u304b\u3052\u3067\u3001Waspe \u306f\u5bb6\u5ead\u3067\u3082\u5916\u51fa\u5148\u3067\u3082\u6bce\u65e5\u306e\u4f7f\u7528\u306b\u6700\u9069\u306a FIHP 30000 \u3067\u3059\u3002<\/p>\n<p><strong>\u96fb\u5b50\u6db2\u4f53\u3092\u4f7f\u3044\u5207\u308b\u3068\u3069\u3046\u306a\u308b\u306e?<\/strong><br \/>\n28 ml \u306e\u96fb\u5b50\u6db2\u4f53\u304c\u6d88\u8cbb\u3055\u308c\u308b\u3068\u3001\u30c7\u30d0\u30a4\u30b9\u3092\u518d\u5145\u586b\u3067\u304d\u307e\u305b\u3093\u3002 \u4f7f\u3044\u6368\u3066\u88fd\u54c1\u3068\u3057\u3066\u8a2d\u8a08\u3055\u308c\u3066\u304a\u308a\u3001\u6d88\u8cbb\u5f8c\u306b\u9069\u5207\u306b\u5ec3\u68c4\u3059\u308b\u5fc5\u8981\u304c\u3042\u308a\u307e\u3059\u3002<\/p>\n<p><strong>\u8abf\u6574\u53ef\u80fd\u306a\u6c17\u6d41\u306f\u3069\u306e\u3088\u3046\u306b\u6a5f\u80fd\u3057\u307e\u3059\u304b?<\/strong><br \/>\n\u7a7a\u6c17\u306e\u6d41\u308c\u306f\u3001\u30c7\u30d0\u30a4\u30b9\u306e\u30b3\u30f3\u30c8\u30ed\u30fc\u30e9\u30fc\u3092\u56de\u3059\u3053\u3068\u3067\u8abf\u6574\u3067\u304d\u307e\u3059\u3002 \u3053\u308c\u306b\u3088\u308a\u3001\u597d\u307f\u306b\u5fdc\u3058\u3066\u3001\u3088\u308a\u304d\u3064\u304f\u5f15\u304f (\u3088\u308a\u98a8\u5473\u304c\u5897\u3059) \u3068\u3088\u308a\u30aa\u30fc\u30d7\u30f3\u306a\u30d7\u30eb (\u3088\u308a\u5927\u304d\u306a\u30dc\u30ea\u30e5\u30fc\u30e0) \u3092\u9078\u629e\u3067\u304d\u307e\u3059\u3002<\/p>\n<p><strong>WASP FIHP 30000 \u306f\u30a2\u30d7\u30ea\u30b1\u30fc\u30b7\u30e7\u30f3\u3067\u5b89\u5168\u3067\u3059\u304b?<\/strong><br \/>\n\u306f\u3044\u3001\u30c7\u30d0\u30a4\u30b9\u306f\u73fe\u5728\u306e\u5b89\u5168\u57fa\u6e96 (CE\u3001RoHS\u3001FCC\u3001PSE) \u306b\u6e96\u62e0\u3057\u3066\u304a\u308a\u3001\u5b89\u5168\u306a\u4f7f\u7528\u3092\u4fdd\u8a3c\u3059\u308b\u305f\u3081\u306b\u30a2\u30eb\u30df\u30cb\u30a6\u30e0\u5408\u91d1\u3084 PCGT \u306a\u3069\u306e\u9ad8\u54c1\u8cea\u306e\u7d20\u6750\u3067\u4f5c\u3089\u308c\u3066\u3044\u307e\u3059\u3002<\/p>\n<p><strong>\u4f7f\u7528\u5f8c\u306e\u30c7\u30d0\u30a4\u30b9\u306e\u5ec3\u68c4\u65b9\u6cd5\u3092\u6559\u3048\u3066\u304f\u3060\u3055\u3044\u3002<\/strong><br \/>\nWASP FIHP 30000 \u306f\u3001\u5730\u5143\u306e\u96fb\u6c17\u6a5f\u5668\u304a\u3088\u3073\u30d0\u30c3\u30c6\u30ea\u30fc\u306e\u898f\u5236\u306b\u5f93\u3063\u3066\u51e6\u5206\u3059\u308b\u5fc5\u8981\u304c\u3042\u308a\u307e\u3059\u3002 \u74b0\u5883\u3092\u4fdd\u8b77\u3059\u308b\u305f\u3081\u306b\u3001\u9069\u5207\u306a\u53ce\u96c6\u5834\u6240\u306b\u30c7\u30d0\u30a4\u30b9\u3092\u63d0\u51fa\u3057\u3066\u304f\u3060\u3055\u3044\u3002<\/p>","protected":false},"excerpt":{"rendered":"<p>WASP FIHP 30000 \u4f7f\u3044\u6368\u3066\u96fb\u5b50\u30bf\u30d0\u30b3\u306f\u3001\u6700\u5927 30,000 \u30d1\u30d5\u300128 ml \u96fb\u5b50\u6db2\u4f53\u3001\u30c7\u30e5\u30a2\u30eb\u30e1\u30c3\u30b7\u30e5 \u30b3\u30a4\u30eb\u3001\u8abf\u6574\u53ef\u80fd\u306a\u30a8\u30a2\u30d5\u30ed\u30fc\u3001850 mAh \u306e\u30d0\u30c3\u30c6\u30ea\u30fc\u3001LED \u30c7\u30a3\u30b9\u30d7\u30ec\u30a4\u3092\u5099\u3048\u3066\u3044\u307e\u3059\u3002 0 %\u30012 %\u30015 % \u30cb\u30b3\u30c1\u30f3\u5f37\u5ea6\u3068\u591a\u69d8\u306a\u30d5\u30ec\u30fc\u30d0\u30fc\u3067\u5229\u7528\u3067\u304d\u307e\u3059\u3002<\/p>\n<p>&nbsp;<\/p>","protected":false},"featured_media":10314,"comment_status":"open","ping_status":"closed","template":"","meta":[],"product_brand":[1158],"product_cat":[1167],"product_tag":[958,960,959],"class_list":{"0":"post-10292","1":"product","2":"type-product","3":"status-publish","4":"has-post-thumbnail","6":"product_brand-waspe","7":"product_cat-30000-puffs","8":"product_tag-21k30kpuffs","9":"product_tag-30k-puffs","10":"product_tag-more-than-10kpuffs","12":"first","13":"instock","14":"sale","15":"shipping-taxable","16":"purchasable","17":"product-type-variable"},"yoast_head":"<!-- This site is optimized with the Yoast SEO plugin v25.8 - https:\/\/yoast.com\/wordpress\/plugins\/seo\/ -->\n<title>WASPE FIHP 30000 30K Puffs 28ml Einweg-E-Zigaretten Dual Mesh Original - ShopVapor<\/title>\n<meta name=\"description\" content=\"WASPE FIHP 30000 Einweg-E-Zigarette mit bis zu 30.000 Z\u00fcgen, 28 ml E-Liquid, Dual-Mesh-Coils, einstellbarem Luftstrom, 850 mAh Akku und LED-Anzeige. Erh\u00e4ltlich in 0 %, 2 %, 5 % Nikotinst\u00e4rke und vielf\u00e4ltigen Geschmacksrichtungen.  &nbsp;\" \/>\n<meta name=\"robots\" content=\"index, follow, max-snippet:-1, max-image-preview:large, max-video-preview:-1\" \/>\n<link rel=\"canonical\" href=\"https:\/\/shopvapor.de\/ja\/product\/waspe-fihp-30000-30k-\u30d1\u30d5-28-ml-\u4f7f\u3044\u6368\u3066-e-\u30b7\u30ac\u30ec\u30c3\u30c8-\u30c7\u30e5\u30a2\u30eb-\u30e1\u30c3\u30b7\/\" \/>\n<meta property=\"og:locale\" content=\"ja_JP\" \/>\n<meta property=\"og:type\" content=\"article\" \/>\n<meta property=\"og:title\" content=\"WASPE FIHP 30000 30K Puffs 28ml Einweg-E-Zigaretten Dual Mesh Original - ShopVapor\" \/>\n<meta property=\"og:description\" content=\"WASPE FIHP 30000 Einweg-E-Zigarette mit bis zu 30.000 Z\u00fcgen, 28 ml E-Liquid, Dual-Mesh-Coils, einstellbarem Luftstrom, 850 mAh Akku und LED-Anzeige. Erh\u00e4ltlich in 0 %, 2 %, 5 % Nikotinst\u00e4rke und vielf\u00e4ltigen Geschmacksrichtungen.  &nbsp;\" \/>\n<meta property=\"og:url\" content=\"https:\/\/shopvapor.de\/ja\/product\/waspe-fihp-30000-30k-\u30d1\u30d5-28-ml-\u4f7f\u3044\u6368\u3066-e-\u30b7\u30ac\u30ec\u30c3\u30c8-\u30c7\u30e5\u30a2\u30eb-\u30e1\u30c3\u30b7\/\" \/>\n<meta property=\"og:site_name\" content=\"ShopVapor\" \/>\n<meta property=\"article:modified_time\" content=\"2025-07-15T06:04:35+00:00\" \/>\n<meta property=\"og:image\" content=\"https:\/\/shopvapor.de\/wp-content\/uploads\/2025\/07\/waspe-fihp-30000-30k-puffs-28ml-einweg-e-zigaretten-dual-mesh-original-7.jpg\" \/>\n\t<meta property=\"og:image:width\" content=\"1600\" \/>\n\t<meta property=\"og:image:height\" content=\"1600\" \/>\n\t<meta property=\"og:image:type\" content=\"image\/jpeg\" \/>\n<meta name=\"twitter:card\" content=\"summary_large_image\" \/>\n<meta name=\"twitter:label1\" content=\"\u63a8\u5b9a\u8aad\u307f\u53d6\u308a\u6642\u9593\" \/>\n\t<meta name=\"twitter:data1\" content=\"4\u5206\" \/>\n<!-- \/ Yoast SEO plugin. -->","yoast_head_json":{"title":"Wasp FiHP 30000 30K \u30d1\u30d5 28ml \u4f7f\u3044\u6368\u3066\u96fb\u5b50\u30bf\u30d0\u30b3 \u30c7\u30e5\u30a2\u30eb\u30e1\u30c3\u30b7\u30e5 \u30aa\u30ea\u30b8\u30ca\u30eb - ShopVapor","description":"WASP FIHP 30000 \u4f7f\u3044\u6368\u3066\u96fb\u5b50\u30bf\u30d0\u30b3\u306f\u3001\u6700\u5927 30,000 \u30d1\u30d5\u300128 ml \u96fb\u5b50\u6db2\u4f53\u3001\u30c7\u30e5\u30a2\u30eb\u30e1\u30c3\u30b7\u30e5 \u30b3\u30a4\u30eb\u3001\u8abf\u6574\u53ef\u80fd\u306a\u30a8\u30a2\u30d5\u30ed\u30fc\u3001850 mAh \u306e\u30d0\u30c3\u30c6\u30ea\u30fc\u3001LED \u30c7\u30a3\u30b9\u30d7\u30ec\u30a4\u3092\u5099\u3048\u3066\u3044\u307e\u3059\u3002 0 %\u30012 %\u30015 % \u30cb\u30b3\u30c1\u30f3\u5f37\u5ea6\u3068\u591a\u69d8\u306a\u30d5\u30ec\u30fc\u30d0\u30fc\u3067\u5229\u7528\u3067\u304d\u307e\u3059\u3002  &nbsp;","robots":{"index":"index","follow":"follow","max-snippet":"max-snippet:-1","max-image-preview":"max-image-preview:large","max-video-preview":"max-video-preview:-1"},"canonical":"https:\/\/shopvapor.de\/ja\/product\/waspe-fihp-30000-30k-\u30d1\u30d5-28-ml-\u4f7f\u3044\u6368\u3066-e-\u30b7\u30ac\u30ec\u30c3\u30c8-\u30c7\u30e5\u30a2\u30eb-\u30e1\u30c3\u30b7\/","og_locale":"ja_JP","og_type":"article","og_title":"WASPE FIHP 30000 30K Puffs 28ml Einweg-E-Zigaretten Dual Mesh Original - ShopVapor","og_description":"WASPE FIHP 30000 Einweg-E-Zigarette mit bis zu 30.000 Z\u00fcgen, 28 ml E-Liquid, Dual-Mesh-Coils, einstellbarem Luftstrom, 850 mAh Akku und LED-Anzeige. Erh\u00e4ltlich in 0 %, 2 %, 5 % Nikotinst\u00e4rke und vielf\u00e4ltigen Geschmacksrichtungen.  &nbsp;","og_url":"https:\/\/shopvapor.de\/ja\/product\/waspe-fihp-30000-30k-\u30d1\u30d5-28-ml-\u4f7f\u3044\u6368\u3066-e-\u30b7\u30ac\u30ec\u30c3\u30c8-\u30c7\u30e5\u30a2\u30eb-\u30e1\u30c3\u30b7\/","og_site_name":"ShopVapor","article_modified_time":"2025-07-15T06:04:35+00:00","og_image":[{"width":1600,"height":1600,"url":"https:\/\/shopvapor.de\/wp-content\/uploads\/2025\/07\/waspe-fihp-30000-30k-puffs-28ml-einweg-e-zigaretten-dual-mesh-original-7.jpg","type":"image\/jpeg"}],"twitter_card":"summary_large_image","twitter_misc":{"\u63a8\u5b9a\u8aad\u307f\u53d6\u308a\u6642\u9593":"4\u5206"},"schema":{"@context":"https:\/\/schema.org","@graph":[{"@type":"WebPage","@id":"https:\/\/shopvapor.de\/produkt\/waspe-fihp-30000-30k-puffs-28ml-einweg-e-zigaretten-dual-mesh-original\/","url":"https:\/\/shopvapor.de\/produkt\/waspe-fihp-30000-30k-puffs-28ml-einweg-e-zigaretten-dual-mesh-original\/","name":"Wasp FiHP 30000 30K \u30d1\u30d5 28ml \u4f7f\u3044\u6368\u3066\u96fb\u5b50\u30bf\u30d0\u30b3 \u30c7\u30e5\u30a2\u30eb\u30e1\u30c3\u30b7\u30e5 \u30aa\u30ea\u30b8\u30ca\u30eb - ShopVapor","isPartOf":{"@id":"https:\/\/shopvapor.de\/#website"},"primaryImageOfPage":{"@id":"https:\/\/shopvapor.de\/produkt\/waspe-fihp-30000-30k-puffs-28ml-einweg-e-zigaretten-dual-mesh-original\/#primaryimage"},"image":{"@id":"https:\/\/shopvapor.de\/produkt\/waspe-fihp-30000-30k-puffs-28ml-einweg-e-zigaretten-dual-mesh-original\/#primaryimage"},"thumbnailUrl":"https:\/\/shopvapor.de\/wp-content\/uploads\/2025\/07\/waspe-fihp-30000-30k-puffs-28ml-einweg-e-zigaretten-dual-mesh-original-7.jpg","datePublished":"2025-07-02T07:31:16+00:00","dateModified":"2025-07-15T06:04:35+00:00","description":"WASP FIHP 30000 \u4f7f\u3044\u6368\u3066\u96fb\u5b50\u30bf\u30d0\u30b3\u306f\u3001\u6700\u5927 30,000 \u30d1\u30d5\u300128 ml \u96fb\u5b50\u6db2\u4f53\u3001\u30c7\u30e5\u30a2\u30eb\u30e1\u30c3\u30b7\u30e5 \u30b3\u30a4\u30eb\u3001\u8abf\u6574\u53ef\u80fd\u306a\u30a8\u30a2\u30d5\u30ed\u30fc\u3001850 mAh \u306e\u30d0\u30c3\u30c6\u30ea\u30fc\u3001LED \u30c7\u30a3\u30b9\u30d7\u30ec\u30a4\u3092\u5099\u3048\u3066\u3044\u307e\u3059\u3002 0 %\u30012 %\u30015 % \u30cb\u30b3\u30c1\u30f3\u5f37\u5ea6\u3068\u591a\u69d8\u306a\u30d5\u30ec\u30fc\u30d0\u30fc\u3067\u5229\u7528\u3067\u304d\u307e\u3059\u3002 &nbsp;","breadcrumb":{"@id":"https:\/\/shopvapor.de\/produkt\/waspe-fihp-30000-30k-puffs-28ml-einweg-e-zigaretten-dual-mesh-original\/#breadcrumb"},"inLanguage":"ja","potentialAction":[{"@type":"ReadAction","target":["https:\/\/shopvapor.de\/produkt\/waspe-fihp-30000-30k-puffs-28ml-einweg-e-zigaretten-dual-mesh-original\/"]}]},{"@type":"ImageObject","inLanguage":"ja","@id":"https:\/\/shopvapor.de\/produkt\/waspe-fihp-30000-30k-puffs-28ml-einweg-e-zigaretten-dual-mesh-original\/#primaryimage","url":"https:\/\/shopvapor.de\/wp-content\/uploads\/2025\/07\/waspe-fihp-30000-30k-puffs-28ml-einweg-e-zigaretten-dual-mesh-original-7.jpg","contentUrl":"https:\/\/shopvapor.de\/wp-content\/uploads\/2025\/07\/waspe-fihp-30000-30k-puffs-28ml-einweg-e-zigaretten-dual-mesh-original-7.jpg","width":1600,"height":1600},{"@type":"BreadcrumbList","@id":"https:\/\/shopvapor.de\/produkt\/waspe-fihp-30000-30k-puffs-28ml-einweg-e-zigaretten-dual-mesh-original\/#breadcrumb","itemListElement":[{"@type":"ListItem","position":1,"name":"Startseite","item":"https:\/\/shopvapor.de\/"},{"@type":"ListItem","position":2,"name":"Shop","item":"https:\/\/shopvapor.de\/shop\/"},{"@type":"ListItem","position":3,"name":"WASPE FIHP 30000 30K Puffs 28ml Einweg-E-Zigaretten Dual Mesh Original"}]},{"@type":"WebSite","@id":"https:\/\/shopvapor.de\/#website","url":"https:\/\/shopvapor.de\/","name":"\u30b7\u30e7\u30c3\u30d7\u30d9\u30fc\u30d1\u30fc","description":"","potentialAction":[{"@type":"SearchAction","target":{"@type":"EntryPoint","urlTemplate":"https:\/\/shopvapor.de\/?s={search_term_string}"},"query-input":{"@type":"PropertyValueSpecification","valueRequired":true,"valueName":"search_term_string"}}],"inLanguage":"ja"}]}},"_links":{"self":[{"href":"https:\/\/shopvapor.de\/ja\/wp-json\/wp\/v2\/product\/10292","targetHints":{"allow":["GET"]}}],"collection":[{"href":"https:\/\/shopvapor.de\/ja\/wp-json\/wp\/v2\/product"}],"about":[{"href":"https:\/\/shopvapor.de\/ja\/wp-json\/wp\/v2\/types\/product"}],"replies":[{"embeddable":true,"href":"https:\/\/shopvapor.de\/ja\/wp-json\/wp\/v2\/comments?post=10292"}],"version-history":[{"count":3,"href":"https:\/\/shopvapor.de\/ja\/wp-json\/wp\/v2\/product\/10292\/revisions"}],"predecessor-version":[{"id":11819,"href":"https:\/\/shopvapor.de\/ja\/wp-json\/wp\/v2\/product\/10292\/revisions\/11819"}],"wp:featuredmedia":[{"embeddable":true,"href":"https:\/\/shopvapor.de\/ja\/wp-json\/wp\/v2\/media\/10314"}],"wp:attachment":[{"href":"https:\/\/shopvapor.de\/ja\/wp-json\/wp\/v2\/media?parent=10292"}],"wp:term":[{"taxonomy":"product_brand","embeddable":true,"href":"https:\/\/shopvapor.de\/ja\/wp-json\/wp\/v2\/product_brand?post=10292"},{"taxonomy":"product_cat","embeddable":true,"href":"https:\/\/shopvapor.de\/ja\/wp-json\/wp\/v2\/product_cat?post=10292"},{"taxonomy":"product_tag","embeddable":true,"href":"https:\/\/shopvapor.de\/ja\/wp-json\/wp\/v2\/product_tag?post=10292"}],"curies":[{"name":"wp","href":"https:\/\/api.w.org\/{rel}","templated":true}]}}