{"id":10420,"date":"2025-07-02T07:32:12","date_gmt":"2025-07-02T07:32:12","guid":{"rendered":"https:\/\/shopvapor.de\/?post_type=product&#038;p=10420"},"modified":"2025-07-15T04:00:29","modified_gmt":"2025-07-15T04:00:29","slug":"waspe-20000-20k-%e3%83%91%e3%83%95-%e3%83%87%e3%83%a5%e3%82%a2%e3%83%ab-%e3%83%a1%e3%83%83%e3%82%b7%e3%83%a5-%e3%83%9c%e3%83%83%e3%82%af%e3%82%b9%e4%bd%bf%e3%81%84%e6%8d%a8%e3%81%a6-e-%e3%82%bf","status":"publish","type":"product","link":"https:\/\/shopvapor.de\/ja\/product\/waspe-20000-20k-%e3%83%91%e3%83%95-%e3%83%87%e3%83%a5%e3%82%a2%e3%83%ab-%e3%83%a1%e3%83%83%e3%82%b7%e3%83%a5-%e3%83%9c%e3%83%83%e3%82%af%e3%82%b9%e4%bd%bf%e3%81%84%e6%8d%a8%e3%81%a6-e-%e3%82%bf\/","title":{"rendered":"WASPE 20000 20K \u30d1\u30d5 \u30c7\u30e5\u30a2\u30eb \u30e1\u30c3\u30b7\u30e5 \u30dc\u30c3\u30af\u30b9\u4f7f\u3044\u6368\u3066\u96fb\u5b50\u30bf\u30d0\u30b3 \u30aa\u30ea\u30b8\u30ca\u30eb"},"content":{"rendered":"<h2>WASPE 20000 \u30d1\u30d5\u306e\u4f7f\u3044\u6368\u3066\u96fb\u5b50\u30bf\u30d0\u30b3\u306e\u3054\u7d39\u4ecb<\/h2>\n<p>WASPE 20000 PUFS \u4f7f\u3044\u6368\u3066\u96fb\u5b50\u30bf\u30d0\u30b3\u306f\u3001\u9577\u5bff\u3001\u5f37\u70c8\u306a\u5473\u3001\u305d\u3057\u3066\u4f7f\u3044\u3084\u3059\u3044\u30c7\u30b6\u30a4\u30f3\u306e\u5370\u8c61\u7684\u306a\u7d44\u307f\u5408\u308f\u305b\u3092\u63d0\u4f9b\u3057\u307e\u3059\u3002 \u6700\u5927 20,000 \u5217\u306e\u5217\u8eca\u306e\u5bb9\u91cf\u3068\u3055\u307e\u3056\u307e\u306a\u30d5\u30ec\u30fc\u30d0\u30fc\u3092\u5099\u3048\u305f\u3053\u306e\u30c7\u30d0\u30a4\u30b9\u306f\u3001\u54c1\u8cea\u3068\u5feb\u9069\u3055\u3092\u91cd\u8996\u3059\u308b\u8981\u6c42\u306e\u9ad8\u3044\u30e6\u30fc\u30b6\u30fc\u306b\u30a2\u30d4\u30fc\u30eb\u3057\u307e\u3059\u3002 WASPE \u30d6\u30e9\u30f3\u30c9\u306f\u9769\u65b0\u7684\u306a\u6280\u8853\u3068\u4fe1\u983c\u6027\u306e\u9ad8\u3044\u6027\u80fd\u3092\u8868\u3057\u3001\u3053\u306e\u88fd\u54c1\u306f\u611b\u597d\u5bb6\u306b\u3068\u3063\u3066\u4e00\u6d41\u306e\u9078\u629e\u80a2\u3068\u306a\u308a\u307e\u3059\u3002 \u9ad8\u5ea6\u306a\u30c7\u30e5\u30a2\u30eb \u30e1\u30c3\u30b7\u30e5 \u30b3\u30a4\u30eb\u6280\u8853\u3068\u5f37\u529b\u306a\u30d0\u30c3\u30c6\u30ea\u30fc\u306e\u304a\u304b\u3052\u3067\u3001Waspe 20000 \u30d1\u30d5\u306f\u3001\u6700\u7d42\u5217\u8eca\u307e\u3067\u4e00\u8cab\u3057\u305f\u4e0a\u54c1\u306a\u4f53\u9a13\u3092\u63d0\u4f9b\u3057\u307e\u3059\u3002<\/p>\n<h2>WASP 20000 \u30d1\u30d5 \u88fd\u54c1\u30d1\u30e9\u30e1\u30fc\u30bf<\/h2>\n<p>WASPE 20000 PUFFS \u306b\u306f\u3001\u6700\u9069\u306a\u30d1\u30d5\u30a9\u30fc\u30de\u30f3\u30b9\u3068\u4f7f\u3044\u3084\u3059\u3055\u3092\u4fdd\u8a3c\u3059\u308b\u6280\u8853\u6a5f\u80fd\u304c\u88c5\u5099\u3055\u308c\u3066\u3044\u307e\u3059\u3002 \u3053\u306e\u30c7\u30d0\u30a4\u30b9\u306e\u5f37\u307f\u3092\u5f37\u8abf\u3059\u308b\u305f\u3081\u306b\u3001\u4ee5\u4e0b\u306e\u4e3b\u8981\u306a\u30d1\u30e9\u30e1\u30fc\u30bf\u306b\u3064\u3044\u3066\u8a73\u3057\u304f\u8aac\u660e\u3057\u307e\u3059\u3002<\/p>\n<h3>\u5217\u8eca\u306e\u5b9a\u54e1: \u6700\u5927 20,000 \u5217\u306e\u5217\u8eca<\/h3>\n<p>\u6700\u5927 20,000 \u5217\u306e\u5217\u8eca\u306e\u5bb9\u91cf\u3092\u6301\u3064 Waspe 20000 \u30d1\u30d5\u306f\u3001\u975e\u5e38\u306b\u9577\u3044\u8010\u7528\u5e74\u6570\u3092\u63d0\u4f9b\u3057\u307e\u3059\u3002 \u3053\u306e\u6570\u306e\u5217\u8eca\u306b\u3088\u308a\u3001\u4ea4\u63db\u3092\u5fc5\u8981\u3068\u305b\u305a\u306b\u9577\u671f\u9593\u4f7f\u7528\u3067\u304d\u307e\u3059\u3002 \u4e00\u5b9a\u306e\u30d1\u30d5\u30a9\u30fc\u30de\u30f3\u30b9\u306b\u3088\u308a\u3001\u5404\u5217\u8eca\u304c\u540c\u3058\u5f37\u5ea6\u3068\u5473\u306e\u54c1\u8cea\u3092\u63d0\u4f9b\u3059\u308b\u3053\u3068\u304c\u4fdd\u8a3c\u3055\u308c\u3001WASP \u306f\u4ed6\u306e\u4f7f\u3044\u6368\u3066\u96fb\u5b50\u30bf\u30d0\u30b3\u3068\u306f\u4e00\u7dda\u3092\u753b\u3057\u3066\u3044\u307e\u3059\u3002<\/p>\n<h3>\u96fb\u5b50\u6db2\u4f53\u5bb9\u91cf: 24ml<\/h3>\n<p>\u30c7\u30d0\u30a4\u30b9\u306b\u306f\u300124 ml \u306e\u9ad8\u54c1\u8cea\u306e\u30ea\u30ad\u30c3\u30c9\u304c\u3042\u3089\u304b\u3058\u3081\u5145\u586b\u3055\u308c\u3066\u304a\u308a\u3001\u9577\u6642\u9593\u306e\u697d\u3057\u307f\u306b\u3059\u308b\u305f\u3081\u306b\u305f\u3063\u3077\u308a\u3068\u306a\u308a\u307e\u3059\u3002 \u3053\u306e\u5bb9\u91cf\u306b\u3088\u308a\u3001\u88dc\u5145\u306e\u5fc5\u8981\u6027\u304c\u6700\u5c0f\u9650\u306b\u6291\u3048\u3089\u308c\u3001\u591a\u6570\u306e\u5217\u8eca\u304c\u30b5\u30dd\u30fc\u30c8\u3055\u308c\u307e\u3059\u3002 E-Liquid \u306f\u3001\u30c7\u30e5\u30a2\u30eb \u30e1\u30c3\u30b7\u30e5 \u30b3\u30a4\u30eb\u3068\u8abf\u548c\u3057\u3001\u5f37\u70c8\u3067\u7d14\u7c8b\u306a\u98a8\u5473\u3092\u63d0\u4f9b\u3059\u308b\u3088\u3046\u306b\u7279\u5225\u306b\u914d\u5408\u3055\u308c\u3066\u3044\u307e\u3059\u3002<\/p>\n<h3>\u30cb\u30b3\u30c1\u30f3\u5f37\u5ea6: 0 %\u30012 %\u30013 %\u30015 %<\/h3>\n<p>Waspe 20000 \u30d1\u30d5\u306f\u3001\u30e6\u30fc\u30b6\u30fc\u306e\u500b\u3005\u306e\u597d\u307f\u306b\u5408\u308f\u305b\u3066\u30014 \u3064\u306e\u30cb\u30b3\u30c1\u30f3\u5f37\u5ea6 (0 %\u30012 %\u30013 %\u30015 %) \u3067\u5229\u7528\u3067\u304d\u307e\u3059\u3002 \u3053\u306e\u67d4\u8edf\u6027\u306b\u3088\u308a\u3001\u30cb\u30b3\u30c1\u30f3\u3092\u542b\u307e\u306a\u3044\u4f53\u9a13\u3084\u3088\u308a\u5f37\u529b\u306a\u52b9\u679c\u306e\u3044\u305a\u308c\u3067\u3042\u3063\u3066\u3082\u3001\u500b\u4eba\u306e\u30cb\u30fc\u30ba\u306b\u5fdc\u3058\u3066\u30cb\u30b3\u30c1\u30f3\u306e\u5f37\u5ea6\u3092\u8abf\u6574\u3067\u304d\u307e\u3059\u3002 \u4e00\u8cab\u3057\u305f\u54c1\u8cea\u3092\u78ba\u4fdd\u3059\u308b\u305f\u3081\u306b\u3001\u5404\u30aa\u30d7\u30b7\u30e7\u30f3\u3092\u6b63\u78ba\u306b\u6295\u4e0e\u3057\u307e\u3059\u3002<\/p>\n<h3>\u30c7\u30e5\u30a2\u30eb \u30e1\u30c3\u30b7\u30e5 \u30b3\u30a4\u30eb: 0.8\u03a9 \u62b5\u6297<\/h3>\n<p>0.8 \u03a9 \u306e\u62b5\u6297\u3092\u6301\u3064\u9ad8\u5ea6\u306a\u30c7\u30e5\u30a2\u30eb \u30e1\u30c3\u30b7\u30e5 \u30b3\u30a4\u30eb\u6280\u8853\u306b\u3088\u308a\u3001\u96fb\u5b50\u6db2\u4f53\u306e\u5747\u4e00\u306a\u52a0\u71b1\u304c\u4fdd\u8a3c\u3055\u308c\u3001\u5f37\u70c8\u306a\u30d5\u30ec\u30fc\u30d0\u30fc\u304c\u767a\u751f\u3057\u3001\u7a4f\u3084\u304b\u306a\u84b8\u6c17\u304c\u751f\u6210\u3055\u308c\u307e\u3059\u3002 \u3053\u306e\u30c6\u30af\u30ce\u30ed\u30b8\u30fc\u306f\u3001\u52b9\u7387\u3092\u6700\u5927\u5316\u3057\u3001\u5bff\u547d\u5168\u4f53\u306b\u308f\u305f\u3063\u3066\u4e00\u8cab\u3057\u305f\u30d1\u30d5\u30a9\u30fc\u30de\u30f3\u30b9\u3092\u63d0\u4f9b\u3059\u308b\u3053\u3068\u3067\u3001\u30c7\u30d0\u30a4\u30b9\u306e\u5bff\u547d\u3092\u5ef6\u3070\u3057\u307e\u3059\u3002<\/p>\n<h3>\u30d0\u30c3\u30c6\u30ea\u30fc: 900 mAh\u3001Type-C \u3067\u5145\u96fb\u53ef\u80fd<\/h3>\n<p>\u5f37\u529b\u306a 900 mAh \u30d0\u30c3\u30c6\u30ea\u30fc\u306f\u3001\u7dcf\u5217\u8eca\u306e\u5bb9\u91cf\u306b\u5341\u5206\u306a\u30a8\u30cd\u30eb\u30ae\u30fc\u3092 Waspe 20000 \u30d1\u30d5\u306b\u4f9b\u7d66\u3057\u307e\u3059\u3002 Type-C \u30dd\u30fc\u30c8\u3092\u4ecb\u3057\u3066\u30d0\u30c3\u30c6\u30ea\u30fc\u3092\u8fc5\u901f\u304b\u3064\u52b9\u7387\u7684\u306b\u5145\u96fb\u3067\u304d\u308b\u305f\u3081\u3001\u6545\u969c\u3092\u6700\u5c0f\u9650\u306b\u6291\u3048\u3001\u6700\u5927\u9650\u306e\u5feb\u9069\u3055\u3092\u5b9f\u73fe\u3057\u307e\u3059\u3002 Type-C \u30dd\u30fc\u30c8\u306f\u6700\u65b0\u3067\u5e83\u304f\u4f7f\u7528\u3055\u308c\u3066\u3044\u308b\u305f\u3081\u3001\u53d6\u308a\u6271\u3044\u304c\u5bb9\u6613\u306b\u306a\u308a\u307e\u3059\u3002<\/p>\n<h3>LCD\u30c7\u30a3\u30b9\u30d7\u30ec\u30a4\uff1a\u30ea\u30a2\u30eb\u30bf\u30a4\u30e0\u60c5\u5831<\/h3>\n<p>\u7d71\u5408 LCD \u30c7\u30a3\u30b9\u30d7\u30ec\u30a4\u306f\u3001\u30d0\u30c3\u30c6\u30ea\u30fc\u6b8b\u91cf\u3001\u6b8b\u7559\u96fb\u5b50\u91cf\u3001\u5217\u8eca\u306e\u6570\u306b\u95a2\u3059\u308b\u660e\u78ba\u306a\u60c5\u5831\u3092\u63d0\u4f9b\u3057\u307e\u3059\u3002 \u3053\u306e\u6a5f\u80fd\u306b\u3088\u308a\u3001\u30e6\u30fc\u30b6\u30fc\u306f\u30c7\u30d0\u30a4\u30b9\u306e\u72b6\u614b\u3092\u5e38\u306b\u76e3\u8996\u3057\u3001\u305d\u308c\u306b\u5fdc\u3058\u3066\u4f7f\u7528\u3092\u8a08\u753b\u3067\u304d\u307e\u3059\u3002 \u30c7\u30a3\u30b9\u30d7\u30ec\u30a4\u306f\u76f4\u611f\u7684\u3067\u4f7f\u3044\u3084\u3059\u3044\u3067\u3059\u3002<\/p>\n<h2>\u30ef\u30b9\u30d7 20000 \u30d1\u30d5\u306e\u30d5\u30ec\u30fc\u30d0\u30fc<\/h2>\n<p>Waspe 20000 \u30d1\u30d5\u306f\u3001\u3042\u3089\u3086\u308b\u5473\u306b\u5408\u3046\u5e45\u5e83\u3044\u30d5\u30ec\u30fc\u30d0\u30fc\u3092\u63d0\u4f9b\u3057\u307e\u3059\u3002 \u305d\u308c\u305e\u308c\u306e\u30d5\u30ec\u30fc\u30d0\u30fc\u306f\u3001\u5f37\u70c8\u3067\u672c\u683c\u7684\u306a\u4f53\u9a13\u3092\u63d0\u4f9b\u3059\u308b\u3088\u3046\u306b\u614e\u91cd\u306b\u8a2d\u8a08\u3055\u308c\u3066\u3044\u307e\u3059\u3002 \u5229\u7528\u53ef\u80fd\u306a\u30d5\u30ec\u30fc\u30d0\u30fc\u306f\u6b21\u306e\u3068\u304a\u308a\u3067\u3059\u3002<\/p>\n<ul>\n<li>\u30e9\u30c3\u30b7\u30e5 \u30a2\u30a4\u30b9: \u30b8\u30e5\u30fc\u30b7\u30fc\u306a\u30b9\u30a4\u30ab\u3068\u30af\u30fc\u30eb\u306a\u30d5\u30a3\u30cb\u30c3\u30b7\u30e5\u306e\u3055\u308f\u3084\u304b\u306a\u7d44\u307f\u5408\u308f\u305b\u3002<\/li>\n<li>\u30b9\u30c8\u30ed\u30d9\u30ea\u30fc \u30b9\u30a4\u30ab: \u7518\u3044\u30a4\u30c1\u30b4\u3068\u65b0\u9bae\u306a\u30b9\u30a4\u30ab\u3092\u7d44\u307f\u5408\u308f\u305b\u3066\u3001\u30d5\u30eb\u30fc\u30c6\u30a3\u30fc\u306a\u3054\u3061\u305d\u3046\u3092\u3002<\/li>\n<li>\u30d6\u30eb\u30fc\u30d9\u30ea\u30fc \u30a2\u30a4\u30b9: \u30b8\u30e5\u30fc\u30b7\u30fc\u306a\u30d6\u30eb\u30fc\u30d9\u30ea\u30fc\u3067\u3001\u3055\u308f\u3084\u304b\u3067\u30af\u30fc\u30eb\u306a\u4ed5\u4e0a\u304c\u308a\u3067\u3059\u3002<\/li>\n<li>\u30df\u30c3\u30af\u30b9\u30d9\u30ea\u30fc: \u591a\u5c64\u306e\u30d5\u30eb\u30fc\u30c6\u30a3\u30fc\u306a\u5473\u306e\u305f\u3081\u3001\u3055\u307e\u3056\u307e\u306a\u30d9\u30ea\u30fc\u306e\u30df\u30c3\u30af\u30b9\u3002<\/li>\n<li>\u30b0\u30ec\u30fc\u30d7 \u30a2\u30a4\u30b9: \u7518\u3044\u30b0\u30ec\u30fc\u30d7\u306e\u98a8\u5473\u3068\u30af\u30fc\u30eb\u306a\u9999\u308a\u3002<\/li>\n<li>\u30d4\u30fc\u30c1\u30a2\u30a4\u30b9\uff1a\u3055\u308f\u3084\u304b\u306a\u30bf\u30c3\u30c1\u306e\u7e4a\u7d30\u306a\u30d4\u30fc\u30c1\u306e\u98a8\u5473\u3002<\/li>\n<li>\u30c0\u30d6\u30eb \u30a2\u30c3\u30d7\u30eb \u30a2\u30a4\u30b9: \u7dd1\u3068\u8d64\u306e\u30ea\u30f3\u30b4\u306e\u6df7\u5408\u7269\u3067\u3001\u51b7\u305f\u3044\u4ed5\u4e0a\u3052\u3067\u3059\u3002<\/li>\n<li>\u30b9\u30c8\u30ed\u30d9\u30ea\u30fc \u30ad\u30a6\u30a4: \u7518\u3044\u30a4\u30c1\u30b4\u3068\u30d4\u30ea\u30c3\u3068\u3057\u305f\u30ad\u30a6\u30a4\u3092\u7d44\u307f\u5408\u308f\u305b\u305f\u7518\u3044\u3082\u306e\u3002<\/li>\n<li>\u30d4\u30fc\u30c1 \u30d6\u30eb\u30fc\u30d9\u30ea\u30fc \u30d5\u30a1\u30c3\u30b8: \u30d4\u30fc\u30c1\u3068\u30d6\u30eb\u30fc\u30d9\u30ea\u30fc\u306e\u30af\u30ea\u30fc\u30df\u30fc\u306a\u30d6\u30ec\u30f3\u30c9\u3067\u3001\u30d5\u30a1\u30c3\u30b8\u306e\u30bf\u30c3\u30c1\u304c\u3042\u308a\u307e\u3059\u3002<\/li>\n<li>\u30e9\u30ba\u30d9\u30ea\u30fc \u30c1\u30a7\u30ea\u30fc: \u30bf\u30eb\u30c8 \u30e9\u30ba\u30d9\u30ea\u30fc\u3068\u30b8\u30e5\u30fc\u30b7\u30fc \u30c1\u30a7\u30ea\u30fc\u3067\u30d0\u30e9\u30f3\u30b9\u306e\u53d6\u308c\u305f\u5473\u3092\u5b9f\u73fe\u3057\u307e\u3059\u3002<\/li>\n<li>\u30d6\u30eb\u30fc\u30d9\u30ea\u30fc \u30e9\u30ba\u30d9\u30ea\u30fc \u30ec\u30e2\u30cd\u30fc\u30c9: \u30d6\u30eb\u30fc\u30d9\u30ea\u30fc\u3068\u30e9\u30ba\u30d9\u30ea\u30fc\u3092\u6dfb\u3048\u305f\u30b9\u30d1\u30fc\u30af\u30ea\u30f3\u30b0 \u30ec\u30e2\u30cd\u30fc\u30c9\u3002<\/li>\n<li>\u30b9\u30a4\u30ab \u30d0\u30d6\u30eb\u30ac\u30e0: \u30ce\u30b9\u30bf\u30eb\u30b8\u30c3\u30af\u306a\u30c1\u30e5\u30fc\u30a4\u30f3\u30ac\u30e0\u306e\u98a8\u5473\u306e\u7518\u3044\u30b9\u30a4\u30ab\u3002<\/li>\n<\/ul>\n<div id=\"attachment_11814\" style=\"width: 1010px\" class=\"wp-caption alignnone\"><img fetchpriority=\"high\" decoding=\"async\" aria-describedby=\"caption-attachment-11814\" class=\"wp-image-11814 size-full\" title=\"WASPE 20000 20K \u30d1\u30d5\" src=\"https:\/\/shopvapor.de\/wp-content\/uploads\/2025\/07\/WASPE-20000-20K-Puffs.webp\" alt=\"WASPE 20000 20K \u30d1\u30d5\" width=\"1000\" height=\"1000\" srcset=\"https:\/\/shopvapor.de\/wp-content\/uploads\/2025\/07\/WASPE-20000-20K-Puffs.webp 1000w, https:\/\/shopvapor.de\/wp-content\/uploads\/2025\/07\/WASPE-20000-20K-Puffs-300x300.webp 300w, https:\/\/shopvapor.de\/wp-content\/uploads\/2025\/07\/WASPE-20000-20K-Puffs-800x800.webp 800w, https:\/\/shopvapor.de\/wp-content\/uploads\/2025\/07\/WASPE-20000-20K-Puffs-150x150.webp 150w, https:\/\/shopvapor.de\/wp-content\/uploads\/2025\/07\/WASPE-20000-20K-Puffs-768x768.webp 768w, https:\/\/shopvapor.de\/wp-content\/uploads\/2025\/07\/WASPE-20000-20K-Puffs-430x430.webp 430w, https:\/\/shopvapor.de\/wp-content\/uploads\/2025\/07\/WASPE-20000-20K-Puffs-700x700.webp 700w, https:\/\/shopvapor.de\/wp-content\/uploads\/2025\/07\/WASPE-20000-20K-Puffs-180x180.webp 180w\" sizes=\"(max-width: 1000px) 100vw, 1000px\" \/><p id=\"caption-attachment-11814\" class=\"wp-caption-text\">\u00a0<\/p><\/div>\n<h2>\u3088\u304f\u3042\u308b\u8cea\u554f (FAQ) WASPE 20000 \u30d1\u30d5\u306b\u3064\u3044\u3066<\/h2>\n<p>\u30e6\u30fc\u30b6\u30fc\u306e\u6f5c\u5728\u7684\u306a\u8cea\u554f\u306b\u7b54\u3048\u308b\u305f\u3081\u306b\u3001WASPE 20000 \u30d1\u30d5\u306b\u95a2\u3059\u308b\u6700\u3082\u4e00\u822c\u7684\u306a\u61f8\u5ff5\u4e8b\u9805\u3092\u307e\u3068\u3081\u307e\u3057\u305f\u3002<\/p>\n<p><strong>\u30b9\u30ba\u30e1\u30d0\u30c1\u306f\u3069\u306e\u304f\u3089\u3044\u306e\u671f\u9593\u6301\u7d9a\u3057\u307e\u3059\u304b?<\/strong><br \/>\n\u5bff\u547d\u306f\u4f7f\u7528\u983b\u5ea6\u306b\u3088\u3063\u3066\u7570\u306a\u308a\u307e\u3059\u3002 \u5e73\u5747\u7684\u306a\u4f7f\u7528\u3067\uff08\u7d04 300 - 1 \u65e5\u3042\u305f\u308a 500 \u5217\u306e\u5217\u8eca)\u3001\u30c7\u30d0\u30a4\u30b9\u306f\u6700\u5927 20,000 \u5217\u306e\u5217\u8eca\u3092\u63d0\u4f9b\u3059\u308b\u305f\u3081\u3001\u6570\u9031\u9593\u6301\u7d9a\u3059\u308b\u3053\u3068\u304c\u3067\u304d\u307e\u3059\u3002<\/p>\n<p><strong>\u30d0\u30c3\u30c6\u30ea\u30fc\u306f\u672c\u5f53\u306b\u5145\u96fb\u5f0f\u3067\u3001\u3069\u306e\u304f\u3089\u3044\u306e\u983b\u5ea6\u3067\u5145\u96fb\u3059\u308b\u5fc5\u8981\u304c\u3042\u308a\u307e\u3059\u304b?<\/strong><br \/>\n900mAh \u306e\u30d0\u30c3\u30c6\u30ea\u30fc\u306f Type-C \u3067\u5145\u96fb\u3067\u304d\u307e\u3059\u3002\u5145\u96fb\u306e\u983b\u5ea6\u306f\u4f7f\u7528\u72b6\u6cc1\u306b\u3088\u3063\u3066\u7570\u306a\u308a\u307e\u3059\u304c\u3001\u901a\u5e38\u30011 \u56de\u306e\u5145\u96fb\u3067\u6570\u65e5\u9593\u306e\u96c6\u4e2d\u7684\u306a\u4f7f\u7528\u306b\u5341\u5206\u3067\u3059\u3002<\/p>\n<p><strong>\u4f7f\u7528\u4e2d\u306b\u5473\u3092\u5909\u3048\u308b\u3053\u3068\u306f\u3067\u304d\u307e\u3059\u304b?<\/strong><br \/>\n\u3044\u3044\u3048\u3001Waspe 20000 Puffs \u306f\u3001\u30c7\u30d0\u30a4\u30b9\u3054\u3068\u306b\u3057\u3063\u304b\u308a\u3068\u3057\u305f\u5473\u308f\u3044\u306e\u4f7f\u3044\u6368\u3066\u30c7\u30d0\u30a4\u30b9\u3067\u3059\u3002 \u4ed6\u306e\u30e2\u30c7\u30eb\u306e\u3088\u3046\u306a\u30c7\u30e5\u30a2\u30eb \u30d5\u30ec\u30fc\u30d0\u30fc \u30b7\u30b9\u30c6\u30e0\u306f\u3042\u308a\u307e\u305b\u3093\u3002<\/p>\n<p><strong>20,000 \u5217\u8eca\u306e\u524d\u306b\u96fb\u5b50\u6db2\u4f53\u3092\u4f7f\u3044\u5207\u3063\u305f\u5834\u5408\u306f\u3069\u3046\u306a\u308a\u307e\u3059\u304b?<\/strong><br \/>\n24 ml \u306e\u96fb\u5b50\u6db2\u4f53\u306f\u300120,000 \u5217\u306e\u5217\u8eca\u3092\u30b5\u30dd\u30fc\u30c8\u3059\u308b\u305f\u3081\u306b\u8abf\u6574\u3055\u308c\u3066\u3044\u307e\u3059\u3002 e-Liquid \u304c\u4e88\u671f\u305b\u305a\u306b\u4f7f\u7528\u3055\u308c\u3066\u3044\u305f\u5834\u5408\u306f\u3001\u751f\u7523\u30a8\u30e9\u30fc\u306e\u53ef\u80fd\u6027\u304c\u3042\u308b\u305f\u3081\u3001\u30ab\u30b9\u30bf\u30de\u30fc \u30b5\u30fc\u30d3\u30b9\u306b\u304a\u554f\u3044\u5408\u308f\u305b\u304f\u3060\u3055\u3044\u3002<\/p>\n<p><strong>LCD \u30c7\u30a3\u30b9\u30d7\u30ec\u30a4\u306f\u5e38\u306b\u30a2\u30af\u30c6\u30a3\u30d6\u3067\u3001\u30d0\u30c3\u30c6\u30ea\u30fc\u306e\u5bff\u547d\u306b\u5f71\u97ff\u3092\u4e0e\u3048\u307e\u3059\u304b?<\/strong><br \/>\nLCD \u30c7\u30a3\u30b9\u30d7\u30ec\u30a4\u306f\u3001\u4f7f\u7528\u4e2d\u307e\u305f\u306f\u30d0\u30c3\u30c6\u30ea\u30fc\u306e\u72b6\u614b\u3092\u78ba\u8a8d\u3059\u308b\u3068\u304d\u306b\u306e\u307f\u30a2\u30af\u30c6\u30a3\u30d6\u306b\u306a\u308a\u307e\u3059\u3002 \u30d0\u30c3\u30c6\u30ea\u30fc\u306e\u5bff\u547d\u3078\u306e\u5f71\u97ff\u306f\u6700\u5c0f\u9650\u3067\u3059\u3002<\/p>\n<p><strong>\u3059\u3079\u3066\u306e\u30d5\u30ec\u30fc\u30d0\u30fc\u306f\u30cb\u30b3\u30c1\u30f3\u306e\u5f37\u3055\u3067\u5229\u7528\u3067\u304d\u307e\u3059\u304b?<\/strong><br \/>\n\u306f\u3044\u300112 \u7a2e\u985e\u306e\u30d5\u30ec\u30fc\u30d0\u30fc\u306f\u3059\u3079\u3066\u30cb\u30b3\u30c1\u30f3\u5f37\u5ea6 0 %\u30012 %\u30013 %\u30015 % \u3067\u3054\u5229\u7528\u3044\u305f\u3060\u3051\u307e\u3059\u3002\u304a\u597d\u307f\u306e\u7d44\u307f\u5408\u308f\u305b\u3092\u9078\u629e\u3067\u304d\u307e\u3059\u3002<\/p>\n<p><strong>\u4f7f\u7528\u5f8c\u306b Waspe 20000 \u30d1\u30d5\u3092\u51e6\u5206\u3059\u308b\u306b\u306f\u3069\u3046\u3059\u308c\u3070\u3088\u3044\u3067\u3059\u304b?<\/strong><br \/>\n\u30c7\u30d0\u30a4\u30b9\u306f\u3001\u5730\u5143\u306e\u96fb\u5b50\u5ec3\u68c4\u7269\u306e\u898f\u5236\u306b\u5f93\u3063\u3066\u51e6\u5206\u3059\u308b\u5fc5\u8981\u304c\u3042\u308a\u307e\u3059\u3002 \u81ea\u5206\u3067\u30d0\u30c3\u30c6\u30ea\u30fc\u3092\u53d6\u308a\u5916\u3059\u306e\u3067\u306f\u306a\u304f\u3001\u96fb\u6c17\u6a5f\u5668\u306e\u53ce\u96c6\u5834\u6240\u306b\u30c7\u30d0\u30a4\u30b9\u3092\u5f15\u304d\u7d99\u304e\u307e\u3059\u3002<\/p>","protected":false},"excerpt":{"rendered":"<p dir=\"auto\">WASP 20000 \u30d1\u30d5 20,000 \u30d1\u30d5\u307e\u3067\u306e\u4f7f\u3044\u6368\u3066\u96fb\u5b50\u30bf\u30d0\u30b3\u300124 ml \u96fb\u5b50\u6db2\u4f53\u3001\u30c7\u30e5\u30a2\u30eb \u30e1\u30c3\u30b7\u30e5 \u30b3\u30a4\u30eb\u3001900 mAh \u306e\u5145\u96fb\u5f0f\u30d0\u30c3\u30c6\u30ea\u30fc\u3001LCD \u30c7\u30a3\u30b9\u30d7\u30ec\u30a4\u3002 0 % \u304b\u3089 5 % \u307e\u3067\u306e 12 \u7a2e\u985e\u306e\u30d5\u30ec\u30fc\u30d0\u30fc\u3068\u30cb\u30b3\u30c1\u30f3\u5f37\u5ea6\u304c\u3042\u308a\u307e\u3059\u3002<\/p>","protected":false},"featured_media":10424,"comment_status":"open","ping_status":"closed","template":"","meta":[],"product_brand":[1158],"product_cat":[1164],"product_tag":[957,959],"class_list":{"0":"post-10420","1":"product","2":"type-product","3":"status-publish","4":"has-post-thumbnail","6":"product_brand-waspe","7":"product_cat-20000-puffs","8":"product_tag-20k-puffs","9":"product_tag-more-than-10kpuffs","11":"first","12":"instock","13":"sale","14":"shipping-taxable","15":"purchasable","16":"product-type-variable"},"yoast_head":"<!-- This site is optimized with the Yoast SEO plugin v25.8 - https:\/\/yoast.com\/wordpress\/plugins\/seo\/ -->\n<title>WASPE 20000 20K Puffs Dual Mesh Box Einweg-E-Zigarette Original - ShopVapor<\/title>\n<meta name=\"description\" content=\"WASPE 20000 PUFFS Einweg-E-Zigarette mit bis zu 20.000 Z\u00fcgen, 24 ml E-Liquid, Dual-Mesh-Coils, 900 mAh wiederaufladbarem Akku und LCD-Display. Erh\u00e4ltlich in 12 Geschmacksrichtungen und Nikotinst\u00e4rken von 0 % bis 5 %.\" \/>\n<meta name=\"robots\" content=\"index, follow, max-snippet:-1, max-image-preview:large, max-video-preview:-1\" \/>\n<link rel=\"canonical\" href=\"https:\/\/shopvapor.de\/ja\/product\/waspe-20000-20k-\u30d1\u30d5-\u30c7\u30e5\u30a2\u30eb-\u30e1\u30c3\u30b7\u30e5-\u30dc\u30c3\u30af\u30b9\u4f7f\u3044\u6368\u3066-e-\u30bf\/\" \/>\n<meta property=\"og:locale\" content=\"ja_JP\" \/>\n<meta property=\"og:type\" content=\"article\" \/>\n<meta property=\"og:title\" content=\"WASPE 20000 20K Puffs Dual Mesh Box Einweg-E-Zigarette Original - ShopVapor\" \/>\n<meta property=\"og:description\" content=\"WASPE 20000 PUFFS Einweg-E-Zigarette mit bis zu 20.000 Z\u00fcgen, 24 ml E-Liquid, Dual-Mesh-Coils, 900 mAh wiederaufladbarem Akku und LCD-Display. Erh\u00e4ltlich in 12 Geschmacksrichtungen und Nikotinst\u00e4rken von 0 % bis 5 %.\" \/>\n<meta property=\"og:url\" content=\"https:\/\/shopvapor.de\/ja\/product\/waspe-20000-20k-\u30d1\u30d5-\u30c7\u30e5\u30a2\u30eb-\u30e1\u30c3\u30b7\u30e5-\u30dc\u30c3\u30af\u30b9\u4f7f\u3044\u6368\u3066-e-\u30bf\/\" \/>\n<meta property=\"og:site_name\" content=\"ShopVapor\" \/>\n<meta property=\"article:modified_time\" content=\"2025-07-15T04:00:29+00:00\" \/>\n<meta property=\"og:image\" content=\"https:\/\/shopvapor.de\/wp-content\/uploads\/2025\/07\/waspe-20000-20k-puffs-dual-mesh-box-einweg-e-zigarette-original-10.png\" \/>\n\t<meta property=\"og:image:width\" content=\"800\" \/>\n\t<meta property=\"og:image:height\" content=\"610\" \/>\n\t<meta property=\"og:image:type\" content=\"image\/png\" \/>\n<meta name=\"twitter:card\" content=\"summary_large_image\" \/>\n<meta name=\"twitter:label1\" content=\"\u63a8\u5b9a\u8aad\u307f\u53d6\u308a\u6642\u9593\" \/>\n\t<meta name=\"twitter:data1\" content=\"5\u5206\" \/>\n<!-- \/ Yoast SEO plugin. -->","yoast_head_json":{"title":"Waspe 20000 20K \u30d1\u30d5 \u30c7\u30e5\u30a2\u30eb \u30e1\u30c3\u30b7\u30e5 \u30dc\u30c3\u30af\u30b9\u4f7f\u3044\u6368\u3066\u96fb\u5b50\u30bf\u30d0\u30b3 - ShopVapor","description":"WASP 20000 \u30d1\u30d5 20,000 \u30d1\u30d5\u307e\u3067\u306e\u4f7f\u3044\u6368\u3066\u96fb\u5b50\u30bf\u30d0\u30b3\u300124 ml \u96fb\u5b50\u6db2\u4f53\u3001\u30c7\u30e5\u30a2\u30eb \u30e1\u30c3\u30b7\u30e5 \u30b3\u30a4\u30eb\u3001900 mAh \u306e\u5145\u96fb\u5f0f\u30d0\u30c3\u30c6\u30ea\u30fc\u3001LCD \u30c7\u30a3\u30b9\u30d7\u30ec\u30a4\u3002 0 % \u304b\u3089 5 % \u307e\u3067\u306e 12 \u7a2e\u985e\u306e\u30d5\u30ec\u30fc\u30d0\u30fc\u3068\u30cb\u30b3\u30c1\u30f3\u5f37\u5ea6\u304c\u3042\u308a\u307e\u3059\u3002","robots":{"index":"index","follow":"follow","max-snippet":"max-snippet:-1","max-image-preview":"max-image-preview:large","max-video-preview":"max-video-preview:-1"},"canonical":"https:\/\/shopvapor.de\/ja\/product\/waspe-20000-20k-\u30d1\u30d5-\u30c7\u30e5\u30a2\u30eb-\u30e1\u30c3\u30b7\u30e5-\u30dc\u30c3\u30af\u30b9\u4f7f\u3044\u6368\u3066-e-\u30bf\/","og_locale":"ja_JP","og_type":"article","og_title":"WASPE 20000 20K Puffs Dual Mesh Box Einweg-E-Zigarette Original - ShopVapor","og_description":"WASPE 20000 PUFFS Einweg-E-Zigarette mit bis zu 20.000 Z\u00fcgen, 24 ml E-Liquid, Dual-Mesh-Coils, 900 mAh wiederaufladbarem Akku und LCD-Display. Erh\u00e4ltlich in 12 Geschmacksrichtungen und Nikotinst\u00e4rken von 0 % bis 5 %.","og_url":"https:\/\/shopvapor.de\/ja\/product\/waspe-20000-20k-\u30d1\u30d5-\u30c7\u30e5\u30a2\u30eb-\u30e1\u30c3\u30b7\u30e5-\u30dc\u30c3\u30af\u30b9\u4f7f\u3044\u6368\u3066-e-\u30bf\/","og_site_name":"ShopVapor","article_modified_time":"2025-07-15T04:00:29+00:00","og_image":[{"width":800,"height":610,"url":"https:\/\/shopvapor.de\/wp-content\/uploads\/2025\/07\/waspe-20000-20k-puffs-dual-mesh-box-einweg-e-zigarette-original-10.png","type":"image\/png"}],"twitter_card":"summary_large_image","twitter_misc":{"\u63a8\u5b9a\u8aad\u307f\u53d6\u308a\u6642\u9593":"5\u5206"},"schema":{"@context":"https:\/\/schema.org","@graph":[{"@type":"WebPage","@id":"https:\/\/shopvapor.de\/produkt\/waspe-20000-20k-puffs-dual-mesh-box-einweg-e-zigarette-original\/","url":"https:\/\/shopvapor.de\/produkt\/waspe-20000-20k-puffs-dual-mesh-box-einweg-e-zigarette-original\/","name":"Waspe 20000 20K \u30d1\u30d5 \u30c7\u30e5\u30a2\u30eb \u30e1\u30c3\u30b7\u30e5 \u30dc\u30c3\u30af\u30b9\u4f7f\u3044\u6368\u3066\u96fb\u5b50\u30bf\u30d0\u30b3 - ShopVapor","isPartOf":{"@id":"https:\/\/shopvapor.de\/#website"},"primaryImageOfPage":{"@id":"https:\/\/shopvapor.de\/produkt\/waspe-20000-20k-puffs-dual-mesh-box-einweg-e-zigarette-original\/#primaryimage"},"image":{"@id":"https:\/\/shopvapor.de\/produkt\/waspe-20000-20k-puffs-dual-mesh-box-einweg-e-zigarette-original\/#primaryimage"},"thumbnailUrl":"https:\/\/shopvapor.de\/wp-content\/uploads\/2025\/07\/waspe-20000-20k-puffs-dual-mesh-box-einweg-e-zigarette-original-10.png","datePublished":"2025-07-02T07:32:12+00:00","dateModified":"2025-07-15T04:00:29+00:00","description":"WASP 20000 \u30d1\u30d5 20,000 \u30d1\u30d5\u307e\u3067\u306e\u4f7f\u3044\u6368\u3066\u96fb\u5b50\u30bf\u30d0\u30b3\u300124 ml \u96fb\u5b50\u6db2\u4f53\u3001\u30c7\u30e5\u30a2\u30eb \u30e1\u30c3\u30b7\u30e5 \u30b3\u30a4\u30eb\u3001900 mAh \u306e\u5145\u96fb\u5f0f\u30d0\u30c3\u30c6\u30ea\u30fc\u3001LCD \u30c7\u30a3\u30b9\u30d7\u30ec\u30a4\u3002 0 % \u304b\u3089 5 % \u307e\u3067\u306e 12 \u7a2e\u985e\u306e\u30d5\u30ec\u30fc\u30d0\u30fc\u3068\u30cb\u30b3\u30c1\u30f3\u5f37\u5ea6\u304c\u3042\u308a\u307e\u3059\u3002","breadcrumb":{"@id":"https:\/\/shopvapor.de\/produkt\/waspe-20000-20k-puffs-dual-mesh-box-einweg-e-zigarette-original\/#breadcrumb"},"inLanguage":"ja","potentialAction":[{"@type":"ReadAction","target":["https:\/\/shopvapor.de\/produkt\/waspe-20000-20k-puffs-dual-mesh-box-einweg-e-zigarette-original\/"]}]},{"@type":"ImageObject","inLanguage":"ja","@id":"https:\/\/shopvapor.de\/produkt\/waspe-20000-20k-puffs-dual-mesh-box-einweg-e-zigarette-original\/#primaryimage","url":"https:\/\/shopvapor.de\/wp-content\/uploads\/2025\/07\/waspe-20000-20k-puffs-dual-mesh-box-einweg-e-zigarette-original-10.png","contentUrl":"https:\/\/shopvapor.de\/wp-content\/uploads\/2025\/07\/waspe-20000-20k-puffs-dual-mesh-box-einweg-e-zigarette-original-10.png","width":800,"height":610},{"@type":"BreadcrumbList","@id":"https:\/\/shopvapor.de\/produkt\/waspe-20000-20k-puffs-dual-mesh-box-einweg-e-zigarette-original\/#breadcrumb","itemListElement":[{"@type":"ListItem","position":1,"name":"Startseite","item":"https:\/\/shopvapor.de\/"},{"@type":"ListItem","position":2,"name":"Shop","item":"https:\/\/shopvapor.de\/shop\/"},{"@type":"ListItem","position":3,"name":"WASPE 20000 20K Puffs Dual Mesh Box Einweg-E-Zigarette Original"}]},{"@type":"WebSite","@id":"https:\/\/shopvapor.de\/#website","url":"https:\/\/shopvapor.de\/","name":"\u30b7\u30e7\u30c3\u30d7\u30d9\u30fc\u30d1\u30fc","description":"","potentialAction":[{"@type":"SearchAction","target":{"@type":"EntryPoint","urlTemplate":"https:\/\/shopvapor.de\/?s={search_term_string}"},"query-input":{"@type":"PropertyValueSpecification","valueRequired":true,"valueName":"search_term_string"}}],"inLanguage":"ja"}]}},"_links":{"self":[{"href":"https:\/\/shopvapor.de\/ja\/wp-json\/wp\/v2\/product\/10420","targetHints":{"allow":["GET"]}}],"collection":[{"href":"https:\/\/shopvapor.de\/ja\/wp-json\/wp\/v2\/product"}],"about":[{"href":"https:\/\/shopvapor.de\/ja\/wp-json\/wp\/v2\/types\/product"}],"replies":[{"embeddable":true,"href":"https:\/\/shopvapor.de\/ja\/wp-json\/wp\/v2\/comments?post=10420"}],"version-history":[{"count":3,"href":"https:\/\/shopvapor.de\/ja\/wp-json\/wp\/v2\/product\/10420\/revisions"}],"predecessor-version":[{"id":11815,"href":"https:\/\/shopvapor.de\/ja\/wp-json\/wp\/v2\/product\/10420\/revisions\/11815"}],"wp:featuredmedia":[{"embeddable":true,"href":"https:\/\/shopvapor.de\/ja\/wp-json\/wp\/v2\/media\/10424"}],"wp:attachment":[{"href":"https:\/\/shopvapor.de\/ja\/wp-json\/wp\/v2\/media?parent=10420"}],"wp:term":[{"taxonomy":"product_brand","embeddable":true,"href":"https:\/\/shopvapor.de\/ja\/wp-json\/wp\/v2\/product_brand?post=10420"},{"taxonomy":"product_cat","embeddable":true,"href":"https:\/\/shopvapor.de\/ja\/wp-json\/wp\/v2\/product_cat?post=10420"},{"taxonomy":"product_tag","embeddable":true,"href":"https:\/\/shopvapor.de\/ja\/wp-json\/wp\/v2\/product_tag?post=10420"}],"curies":[{"name":"wp","href":"https:\/\/api.w.org\/{rel}","templated":true}]}}