{"id":10461,"date":"2025-07-02T07:32:49","date_gmt":"2025-07-02T07:32:49","guid":{"rendered":"https:\/\/shopvapor.de\/?post_type=product&#038;p=10461"},"modified":"2025-07-15T03:57:43","modified_gmt":"2025-07-15T03:57:43","slug":"wape-digital-box-12000-12k-%e3%83%91%e3%83%95-20ml-%e4%bd%bf%e3%81%84%e6%8d%a8%e3%81%a6-e-%e3%82%bf%e3%83%90%e3%82%b3-%e3%82%aa%e3%83%aa%e3%82%b8%e3%83%8a%e3%83%ab","status":"publish","type":"product","link":"https:\/\/shopvapor.de\/ja\/product\/wape-digital-box-12000-12k-%e3%83%91%e3%83%95-20ml-%e4%bd%bf%e3%81%84%e6%8d%a8%e3%81%a6-e-%e3%82%bf%e3%83%90%e3%82%b3-%e3%82%aa%e3%83%aa%e3%82%b8%e3%83%8a%e3%83%ab\/","title":{"rendered":"Wape Digital Box 12000 12K \u30d1\u30d5 20ml \u4f7f\u3044\u6368\u3066\u96fb\u5b50\u30bf\u30d0\u30b3 \u30aa\u30ea\u30b8\u30ca\u30eb"},"content":{"rendered":"<h2>WAPE Digital Box 12000 - \u4f7f\u3044\u6368\u3066\u96fb\u5b50\u30bf\u30d0\u30b3\u306e\u9769\u65b0\u3068\u54c1\u8cea<\/h2>\n<p>WASPE Digital Box 12000 \u306f\u3001\u305d\u306e\u5370\u8c61\u7684\u306a\u30d1\u30d5\u30a9\u30fc\u30de\u30f3\u30b9\u3001\u4f7f\u3044\u3084\u3059\u3044\u30cf\u30f3\u30c9\u30ea\u30f3\u30b0\u3001\u305d\u3057\u3066\u5e45\u5e83\u3044\u30d5\u30ec\u30fc\u30d0\u30fc\u306b\u611f\u52d5\u3059\u308b\u3001\u6700\u5148\u7aef\u306e\u4f7f\u3044\u6368\u3066\u96fb\u5b50\u30bf\u30d0\u30b3\u3067\u3059\u3002 \u8981\u6c42\u306e\u53b3\u3057\u3044\u30e6\u30fc\u30b6\u30fc\u5411\u3051\u306b\u8a2d\u8a08\u3055\u308c\u305f\u3053\u306e\u30c7\u30d0\u30a4\u30b9\u306f\u3001\u9ad8\u5ea6\u306a\u30c6\u30af\u30ce\u30ed\u30b8\u30fc\u3068\u30b9\u30bf\u30a4\u30ea\u30c3\u30b7\u30e5\u306a\u30c7\u30b6\u30a4\u30f3\u306e\u7d44\u307f\u5408\u308f\u305b\u3092\u63d0\u4f9b\u3057\u307e\u3059\u3002 \u6700\u5927 12,000 \u5217\u306e\u5217\u8eca\u306e\u5bb9\u91cf\u3068\u5145\u96fb\u5f0f\u30d0\u30c3\u30c6\u30ea\u30fc\u3092\u5099\u3048\u305f WAPE \u30c7\u30b8\u30bf\u30eb \u30dc\u30c3\u30af\u30b9 12000 \u306f\u3001\u4f7f\u3044\u6368\u3066\u96fb\u5b50\u30bf\u30d0\u30b3\u306e\u5206\u91ce\u3067\u65b0\u3057\u3044\u57fa\u6e96\u3092\u8a2d\u5b9a\u3057\u3066\u3044\u307e\u3059\u3002 WASPE \u306e\u54c1\u8cea\u3092\u4fe1\u983c\u3057\u3001\u4fe1\u983c\u6027\u3068\u5f37\u70c8\u306a\u5473\u899a\u4f53\u9a13\u3092\u8868\u3057\u3066\u3044\u307e\u3059\u3002<\/p>\n<h2>\u88fd\u54c1\u30d1\u30e9\u30e1\u30fc\u30bf\u30fc\u8a73\u7d30<\/h2>\n<p>WAPE \u30c7\u30b8\u30bf\u30eb \u30dc\u30c3\u30af\u30b9 12000 \u306b\u306f\u3001\u30e6\u30fc\u30b6\u30fc\u306b\u3068\u3063\u3066\u6700\u9069\u306a\u3055\u307e\u3056\u307e\u306a\u601d\u616e\u6df1\u3044\u6a5f\u80fd\u304c\u88c5\u5099\u3055\u308c\u3066\u3044\u307e\u3059\u3002 \u4ee5\u4e0b\u306f\u3001\u6280\u8853\u4ed5\u69d8\u3068\u305d\u306e\u5229\u70b9\u306e\u8a73\u7d30\u306a\u6982\u8981\u3067\u3059\u3002<\/p>\n<h3>\u96fb\u5b50\u6db2\u4f53\u5bb9\u91cf: 20ml<\/h3>\n<p>20 ml \u306e\u5927\u91cf\u306e\u96fb\u5b50\u6db2\u4f53\u5bb9\u91cf\u3067\u3001Waspe \u30c7\u30b8\u30bf\u30eb \u30dc\u30c3\u30af\u30b9 12000 \u306f\u3001\u983b\u7e41\u306b\u88dc\u5145\u3059\u308b\u3053\u3068\u306a\u304f\u3001\u9577\u6301\u3061\u3059\u308b\u3053\u3068\u304c\u3067\u304d\u307e\u3059\u3002 \u3053\u306e\u5927\u5bb9\u91cf\u306b\u3088\u308a\u3001\u6bce\u65e5\u306e\u4f7f\u7528\u306b\u7406\u60f3\u7684\u306a\u3001\u3088\u308a\u9577\u3044\u671f\u9593\u306b\u308f\u305f\u3063\u3066\u3042\u3089\u3086\u308b\u7a2e\u985e\u306e\u30d5\u30ec\u30fc\u30d0\u30fc\u3092\u4f53\u9a13\u3067\u304d\u307e\u3059\u3002<\/p>\n<h3>\u5217\u8eca\u756a\u53f7: \u6700\u5927 12,000 \u5217\u306e\u5217\u8eca<\/h3>\n<p>\u6700\u5927 12,000 \u5217\u306e\u5217\u8eca\u306e\u5bff\u547d\u304c\u9577\u3044\u305f\u3081\u3001Waspe Digital Box 12000 \u306f\u7279\u306b\u8010\u4e45\u6027\u304c\u3042\u308a\u307e\u3059\u3002 \u305f\u307e\u306b\u307e\u305f\u306f\u5b9a\u671f\u7684\u306b\u96fb\u5b50\u30bf\u30d0\u30b3\u3092\u5438\u3046\u304b\u3069\u3046\u304b\u306b\u304b\u304b\u308f\u3089\u305a\u3001\u3053\u306e\u30c7\u30d0\u30a4\u30b9\u306f\u4fe1\u983c\u3067\u304d\u308b\u30d1\u30d5\u30a9\u30fc\u30de\u30f3\u30b9\u3092\u63d0\u4f9b\u3057\u3001\u983b\u7e41\u306a\u4ea4\u63db\u306e\u5fc5\u8981\u6027\u3092\u6700\u5c0f\u9650\u306b\u6291\u3048\u307e\u3059\u3002<\/p>\n<h3>\u30cb\u30b3\u30c1\u30f3\u5f37\u5ea6: 0 %\u30012 %\u30013 %\u30015 %<\/h3>\n<p>WASPE Digital Box 12000 \u306f\u3001\u500b\u3005\u306e\u597d\u307f\u306b\u5408\u308f\u305b\u3066 0 % \u304b\u3089 5 % \u307e\u3067\u67d4\u8edf\u306a\u30cb\u30b3\u30c1\u30f3\u5f37\u5ea6\u3092\u63d0\u4f9b\u3057\u307e\u3059\u3002 \u30cb\u30b3\u30c1\u30f3\u3092\u542b\u307e\u306a\u3044\u5834\u5408\u3067\u3082\u3001\u96c6\u4e2d\u529b\u304c\u5f37\u3044\u5834\u5408\u3067\u3082\u3001\u3053\u306e\u88fd\u54c1\u306e\u9069\u5fdc\u6027\u3092\u5f37\u8abf\u3059\u308b\u3001\u30cb\u30fc\u30ba\u306b\u6700\u9069\u306a\u30aa\u30d7\u30b7\u30e7\u30f3\u3092\u9078\u629e\u3067\u304d\u307e\u3059\u3002<\/p>\n<h3>\u30d0\u30c3\u30c6\u30ea\u30fc: 850 mAh\u3001Type-C \u7d4c\u7531\u3067\u5145\u96fb\u53ef\u80fd<\/h3>\n<p>850 mAh \u306e\u5185\u8535\u30d0\u30c3\u30c6\u30ea\u30fc\u306f\u3001\u5b89\u5b9a\u3057\u305f\u9577\u6301\u3061\u3059\u308b\u96fb\u6e90\u3092\u63d0\u4f9b\u3057\u307e\u3059\u3002 Type-C \u306e\u6025\u901f\u5145\u96fb\u6a5f\u80fd\u306b\u3088\u308a\u3001\u30c7\u30d0\u30a4\u30b9\u306f\u8fc5\u901f\u304b\u3064\u4fbf\u5229\u306b\u5145\u96fb\u3067\u304d\u308b\u306e\u3067\u3001\u3044\u3064\u3067\u3082\u4f7f\u7528\u3067\u304d\u307e\u3059\u3002 \u518d\u5145\u96fb\u6027\u306b\u3088\u308a\u3001\u5b9f\u7528\u6027\u304c\u5411\u4e0a\u3057\u3001\u8010\u7528\u5e74\u6570\u304c\u5ef6\u9577\u3055\u308c\u307e\u3059\u3002<\/p>\n<h3>\u30c7\u30a3\u30b9\u30d7\u30ec\u30a4: \u30d0\u30c3\u30c6\u30ea\u30fc\u3068\u96fb\u5b50\u6db2\u4f53\u306e\u72b6\u614b<\/h3>\n<p>\u9769\u65b0\u7684\u306a\u30d0\u30c3\u30c6\u30ea\u30fc\u3068\u96fb\u5b50\u6db2\u4f53\u30b9\u30c6\u30fc\u30bf\u30b9\u8868\u793a\u306b\u3088\u308a\u3001\u30c7\u30d0\u30a4\u30b9\u3092\u7c21\u5358\u306b\u30ea\u30a2\u30eb\u30bf\u30a4\u30e0\u3067\u76e3\u8996\u3067\u304d\u307e\u3059\u3002 \u3053\u306e\u6a5f\u80fd\u306b\u3088\u308a\u3001\u96fb\u5b50\u6db2\u4f53\u3084\u30d0\u30c3\u30c6\u30ea\u30fc\u306e\u6027\u80fd\u304c\u306a\u304f\u3066\u3082\u3001\u5e38\u306b\u60c5\u5831\u3092\u5f97\u3066\u3001\u601d\u3044\u304c\u3051\u306a\u3044\u3053\u3068\u304c\u306a\u3044\u3088\u3046\u306b\u3057\u307e\u3059\u3002<\/p>\n<h3>\u30e1\u30c3\u30b7\u30e5\u30b3\u30a4\u30eb: 0.8\u30aa\u30fc\u30e0<\/h3>\n<p>Waspe Digital Box 12000 \u306b\u306f 0.8 \u30aa\u30fc\u30e0\u306e\u30e1\u30c3\u30b7\u30e5 \u30b3\u30a4\u30eb\u304c\u88c5\u5099\u3055\u308c\u3066\u304a\u308a\u3001\u6e29\u3082\u308a\u3068\u5f37\u70c8\u306a\u98a8\u5473\u3092\u4fdd\u8a3c\u3057\u307e\u3059\u3002 \u3053\u306e\u30c6\u30af\u30ce\u30ed\u30b8\u30fc\u306f\u3001\u3042\u3089\u3086\u308b\u52d5\u304d\u3067\u7d14\u7c8b\u3067\u8c4a\u304b\u306a\u5473\u3092\u518d\u73fe\u3059\u308b\u305f\u3081\u3001\u7279\u306b\u5feb\u9069\u306a\u4f53\u9a13\u3092\u63d0\u4f9b\u3057\u307e\u3059\u3002<\/p>\n<h2>WASPE DIGITAL BOX 12000 \u306e\u3055\u307e\u3056\u307e\u306a\u30d5\u30ec\u30fc\u30d0\u30fc<\/h2>\n<p>WASPE Digital Box 12000 \u306f\u3001\u3042\u3089\u3086\u308b\u5473\u306b\u5408\u3046\u3088\u3046\u306b\u614e\u91cd\u306b\u958b\u767a\u3055\u308c\u305f\u30d5\u30ec\u30fc\u30d0\u30fc\u3092\u63d0\u4f9b\u3057\u307e\u3059\u3002 \u30d5\u30eb\u30fc\u30c6\u30a3\u30fc\u306a\u3082\u306e\u304b\u3089\u723d\u3084\u304b\u306a\u30ce\u30fc\u30c8\u307e\u3067 - \u5404\u30d0\u30ea\u30a8\u30fc\u30b7\u30e7\u30f3\u306f\u3001\u5f37\u70c8\u3067\u6e80\u8db3\u306e\u3044\u304f\u4f53\u9a13\u3092\u63d0\u4f9b\u3059\u308b\u3088\u3046\u306b\u8a2d\u8a08\u3055\u308c\u3066\u3044\u307e\u3059\u3002 \u5229\u7528\u53ef\u80fd\u306a\u30d5\u30ec\u30fc\u30d0\u30fc\u306f\u6b21\u306e\u3068\u304a\u308a\u3067\u3059\u3002<\/p>\n<ul>\n<li>\u30e9\u30f3\u30c0\u30e0\u306a\u30d5\u30ec\u30fc\u30d0\u30fc (\u77ed\u7d0d\u671f)<\/li>\n<li>\u30b9\u30a4\u30ab\u306e\u6c37<\/li>\n<li>\u30b0\u30ec\u30fc\u30d7\u30a2\u30a4\u30b9<\/li>\n<li>\u30b9\u30c8\u30ed\u30d9\u30ea\u30fc\u30fb\u30b9\u30a4\u30ab<\/li>\n<li>\u30df\u30c3\u30af\u30b9\u30d9\u30ea\u30fc<\/li>\n<li>\u30c1\u30a7\u30ea\u30fc\u30a2\u30a4\u30b9<\/li>\n<li>\u30d6\u30eb\u30fc\u30d9\u30ea\u30fc\u30fb\u30e9\u30ba\u30d9\u30ea\u30fc<\/li>\n<li>\u30a6\u30a9\u30fc\u30bf\u30fc\u30e1\u30ec\u30de\u30f3\u30b4\u30fc\u30d4\u30fc\u30c1<\/li>\n<li>\u30b9\u30c8\u30ed\u30d9\u30ea\u30fc\u30e9\u30ba\u30d9\u30ea\u30fc\u30c1\u30a7\u30ea\u30fc<\/li>\n<li>\u30d6\u30eb\u30fc\u30e9\u30ba\u30a2\u30a4\u30b9<\/li>\n<li>\u30d4\u30fc\u30c1\u30fb\u30a2\u30a4\u30b9<\/li>\n<\/ul>\n<p>\u5404\u30d5\u30ec\u30fc\u30d0\u30fc\u306f\u3001\u611f\u899a\u306b\u8a34\u3048\u308b\u3088\u3046\u306b\u69cb\u6210\u3055\u308c\u3001Waspe \u30d6\u30e9\u30f3\u30c9\u304c\u77e5\u3089\u308c\u3066\u3044\u308b\u4e00\u8cab\u3057\u3066\u9ad8\u3044\u30ec\u30d9\u30eb\u306e\u54c1\u8cea\u3092\u63d0\u4f9b\u3057\u307e\u3059\u3002<\/p>\n<div id=\"attachment_11811\" style=\"width: 1010px\" class=\"wp-caption alignnone\"><img fetchpriority=\"high\" decoding=\"async\" aria-describedby=\"caption-attachment-11811\" class=\"wp-image-11811 size-full\" title=\"Wape Digital Box 12000 12K \u30d1\u30d5\" src=\"https:\/\/shopvapor.de\/wp-content\/uploads\/2025\/07\/WASPE-Digital-Box-12000-12K-Puffs.webp\" alt=\"Wape Digital Box 12000 12K \u30d1\u30d5\" width=\"1000\" height=\"1000\" srcset=\"https:\/\/shopvapor.de\/wp-content\/uploads\/2025\/07\/WASPE-Digital-Box-12000-12K-Puffs.webp 1000w, https:\/\/shopvapor.de\/wp-content\/uploads\/2025\/07\/WASPE-Digital-Box-12000-12K-Puffs-300x300.webp 300w, https:\/\/shopvapor.de\/wp-content\/uploads\/2025\/07\/WASPE-Digital-Box-12000-12K-Puffs-800x800.webp 800w, https:\/\/shopvapor.de\/wp-content\/uploads\/2025\/07\/WASPE-Digital-Box-12000-12K-Puffs-150x150.webp 150w, https:\/\/shopvapor.de\/wp-content\/uploads\/2025\/07\/WASPE-Digital-Box-12000-12K-Puffs-768x768.webp 768w, https:\/\/shopvapor.de\/wp-content\/uploads\/2025\/07\/WASPE-Digital-Box-12000-12K-Puffs-430x430.webp 430w, https:\/\/shopvapor.de\/wp-content\/uploads\/2025\/07\/WASPE-Digital-Box-12000-12K-Puffs-700x700.webp 700w, https:\/\/shopvapor.de\/wp-content\/uploads\/2025\/07\/WASPE-Digital-Box-12000-12K-Puffs-180x180.webp 180w\" sizes=\"(max-width: 1000px) 100vw, 1000px\" \/><p id=\"caption-attachment-11811\" class=\"wp-caption-text\">\u00a0<\/p><\/div>\n<h2>\u3088\u304f\u3042\u308b\u8cea\u554f (FAQ) WASPE \u30c7\u30b8\u30bf\u30eb \u30dc\u30c3\u30af\u30b9 12000 \u306b\u3064\u3044\u3066<\/h2>\n<p>WAPE \u30c7\u30b8\u30bf\u30eb \u30dc\u30c3\u30af\u30b9 12000 \u3092\u6700\u5927\u9650\u306b\u6d3b\u7528\u3059\u308b\u305f\u3081\u306b\u3001\u3053\u306e\u88fd\u54c1\u306b\u5f71\u97ff\u3092\u4e0e\u3048\u308b\u6700\u3082\u3088\u304f\u3042\u308b\u304a\u5ba2\u69d8\u304b\u3089\u306e\u8cea\u554f\u3092\u307e\u3068\u3081\u307e\u3057\u305f\u3002<\/p>\n<p><strong>WAPE \u30c7\u30b8\u30bf\u30eb \u30dc\u30c3\u30af\u30b9 12000 \u306f\u3069\u306e\u304f\u3089\u3044\u6301\u3061\u307e\u3059\u304b?<\/strong><br \/>\n\u5bff\u547d\u306f\u4f7f\u7528\u983b\u5ea6\u306b\u3088\u3063\u3066\u7570\u306a\u308a\u307e\u3059\u304c\u3001\u5e73\u5747\u7684\u306a\u4f7f\u7528\u3067\u3001WAPE \u30c7\u30b8\u30bf\u30eb \u30dc\u30c3\u30af\u30b9 12000 \u306f\u6700\u5927 12,000 \u5217\u306e\u5217\u8eca\u3092\u63d0\u4f9b\u3057\u307e\u3059\u3002 20 mL \u306e\u96fb\u5b50\u6db2\u4f53\u5bb9\u91cf\u3068 850 mAh \u306e\u30d0\u30c3\u30c6\u30ea\u30fc\u306b\u3088\u308a\u3001\u9577\u6642\u9593\u306e\u4f7f\u7528\u304c\u4fdd\u8a3c\u3055\u308c\u307e\u3059\u3002<\/p>\n<p><strong>\u8cfc\u5165\u5f8c\u306b\u30cb\u30b3\u30c1\u30f3\u30c7\u30f3\u30d7\u30f3\u3092\u4ea4\u63db\u3067\u304d\u307e\u3059\u304b?<\/strong><br \/>\n\u3044\u3044\u3048\u3001\u30cb\u30b3\u30c1\u30f3\u5f37\u5ea6\u306f\u30c7\u30d0\u30a4\u30b9\u306b\u3057\u3063\u304b\u308a\u3068\u7d71\u5408\u3055\u308c\u3066\u3044\u307e\u3059\u3002 \u8cfc\u5165\u3059\u308b\u3068\u304d\u306f\u3001\u5fc5\u8981\u306a\u6fc3\u5ea6 (0 %\u30012 %\u30013 % \u307e\u305f\u306f 5 %) \u3092\u9078\u629e\u3057\u3066\u304f\u3060\u3055\u3044\u3002<\/p>\n<p><strong>\u30d0\u30c3\u30c6\u30ea\u30fc\u3068\u30ea\u30ad\u30c3\u30c9\u30c7\u30a3\u30b9\u30d7\u30ec\u30a4\u306f\u3069\u306e\u3088\u3046\u306b\u6a5f\u80fd\u3057\u307e\u3059\u304b?<\/strong><br \/>\n\u30c7\u30a3\u30b9\u30d7\u30ec\u30a4\u306b\u306f\u3001\u73fe\u5728\u306e\u30d0\u30c3\u30c6\u30ea\u30fc \u30ec\u30d9\u30eb\u3068\u30ea\u30ad\u30c3\u30c9 \u30ec\u30d9\u30eb\u304c\u30ea\u30a2\u30eb\u30bf\u30a4\u30e0\u3067\u8868\u793a\u3055\u308c\u307e\u3059\u3002 \u3053\u306e\u3088\u3046\u306b\u3057\u3066\u3001\u5145\u96fb\u304c\u5fc5\u8981\u306a\u3068\u304d\u3084\u3001\u30ea\u30ad\u30c3\u30c9\u304c\u6e1b\u3063\u3066\u3044\u308b\u3068\u304d\u306b\u3044\u3064\u3067\u3082\u898b\u308b\u3053\u3068\u304c\u3067\u304d\u307e\u3059\u3002<\/p>\n<p><strong>WASPE \u30c7\u30b8\u30bf\u30eb \u30dc\u30c3\u30af\u30b9 12000 \u306b\u9069\u3057\u305f\u5145\u96fb\u30b1\u30fc\u30d6\u30eb\u306f\u3069\u308c\u3067\u3059\u304b?<\/strong><br \/>\n\u30c7\u30d0\u30a4\u30b9\u306f Type-C \u30dd\u30fc\u30c8\u3092\u4f7f\u7528\u3057\u307e\u3059\u3002 \u6a19\u6e96\u306e Type-C \u30b1\u30fc\u30d6\u30eb\u3092\u4f7f\u7528\u3057\u307e\u3059\u304c\u3001\u30d0\u30c3\u30c6\u30ea\u30fc\u5bff\u547d\u3092\u4fdd\u8b77\u3059\u308b\u305f\u3081\u306b\u8d85\u9ad8\u901f\u5145\u96fb\u5668\u306f\u907f\u3051\u3066\u304f\u3060\u3055\u3044\u3002<\/p>\n<p><strong>\u300c\u30e9\u30f3\u30c0\u30e0\u306a\u30d5\u30ec\u30fc\u30d0\u30fc (\u77ed\u7d0d\u671f)\u300d\u3068\u306f\u3069\u3046\u3044\u3046\u610f\u5473\u3067\u3059\u304b?<\/strong><br \/>\n\u3053\u306e\u30aa\u30d7\u30b7\u30e7\u30f3\u306f\u3001\u3088\u308a\u8fc5\u901f\u306a\u914d\u9001\u306e\u305f\u3081\u306e\u30e9\u30f3\u30c0\u30e0\u306a\u30d5\u30ec\u30fc\u30d0\u30fc\u3092\u63d0\u4f9b\u3057\u307e\u3059\u3002 \u5229\u7528\u53ef\u80fd\u306a\u30d5\u30ec\u30fc\u30d0\u30fc\u306e 1 \u3064\u3092\u624b\u306b\u5165\u308c\u308b\u3053\u3068\u304c\u3067\u304d\u307e\u3059\u3002\u3053\u308c\u306f\u3001\u65b0\u3057\u3044\u30d5\u30ec\u30fc\u30d0\u30fc\u306b\u30aa\u30fc\u30d7\u30f3\u306a\u5834\u5408\u306b\u6700\u9069\u3067\u3059\u3002<\/p>\n<p><strong>Wape Digital Box 12000 \u306f\u521d\u5fc3\u8005\u306b\u9069\u3057\u3066\u3044\u307e\u3059\u304b?<\/strong><br \/>\n\u306f\u3044\u3001\u53d6\u308a\u6271\u3044\u304c\u7c21\u5358\u3067\u3001\u8868\u793a\u304c\u660e\u78ba\u3067\u3001\u30cb\u30b3\u30c1\u30f3\u306e\u5f37\u307f\u304c\u9078\u5b9a\u3055\u308c\u3066\u3044\u308b\u305f\u3081\u3001\u3053\u306e\u30c7\u30d0\u30a4\u30b9\u306f\u521d\u5fc3\u8005\u304b\u3089\u7d4c\u9a13\u8c4a\u5bcc\u306a\u30e6\u30fc\u30b6\u30fc\u306b\u3082\u6700\u9069\u3067\u3059\u3002<\/p>\n<p><strong>\u81ea\u5206\u306e\u30c7\u30d0\u30a4\u30b9\u304c\u5b8c\u5168\u306b\u5145\u96fb\u3055\u308c\u3066\u3044\u308b\u304b\u3069\u3046\u304b\u306f\u3069\u3046\u3059\u308c\u3070\u308f\u304b\u308a\u307e\u3059\u304b?<\/strong><br \/>\n\u5145\u96fb\u4e2d\u3001\u30c7\u30d0\u30a4\u30b9\u306e\u9752\u3044\u30a4\u30f3\u30b8\u30b1\u30fc\u30bf\u30fc\u304c\u70b9\u706f\u3057\u307e\u3059\u3002 \u30d0\u30c3\u30c6\u30ea\u30fc\u304c\u5b8c\u5168\u306b\u5145\u96fb\u3055\u308c\u308b\u3068\u3001\u30c7\u30a3\u30b9\u30d7\u30ec\u30a4\u304c\u6d88\u3048\u3001\u5145\u96fb\u30d7\u30ed\u30bb\u30b9\u304c\u901a\u77e5\u3055\u308c\u307e\u3059\u3002<\/p>\n<p><strong>\u6642\u9593\u304c\u7d4c\u3064\u3068\u5473\u304c\u5f31\u304f\u306a\u308b\uff1f<\/strong><br \/>\nWaspe \u30c7\u30b8\u30bf\u30eb \u30dc\u30c3\u30af\u30b9 12000 \u306f\u3001\u6700\u5f8c\u306e\u52d5\u304d\u307e\u3067\u5473\u3092\u4e00\u8cab\u3057\u3066\u4fdd\u3064\u3088\u3046\u306b\u8a2d\u8a08\u3055\u308c\u3066\u3044\u307e\u3059\u3002 0.8 \u30aa\u30fc\u30e0\u306e\u30e1\u30c3\u30b7\u30e5 \u30b3\u30a4\u30eb\u306f\u3001\u5747\u4e00\u306a\u98a8\u5473\u3092\u4fdd\u8a3c\u3057\u307e\u3059\u3002<\/p>","protected":false},"excerpt":{"rendered":"<p dir=\"auto\">WASPE DIGITAL BOX 12000 \u2013 \u6700\u5927 12,000 \u5217\u306e\u5217\u8eca\u300120 ml \u306e\u96fb\u5b50\u6db2\u4f53\u3001850 mAh \u306e\u30bf\u30a4\u30d7 C \u30d0\u30c3\u30c6\u30ea\u30fc\u3068\u3001\u5f37\u70c8\u306a\u5473\u3092\u5b9f\u73fe\u3059\u308b\u30e1\u30c3\u30b7\u30e5 \u30b3\u30a4\u30eb\u3002 0-5 % \u30cb\u30b3\u30c1\u30f3\u3068\u591a\u69d8\u306a\u30d5\u30ec\u30fc\u30d0\u30fc\u304b\u3089\u304a\u9078\u3073\u304f\u3060\u3055\u3044\u3002 WASPE \u306e\u54c1\u8cea\u3068\u5bff\u547d\uff01<\/p>","protected":false},"featured_media":10476,"comment_status":"open","ping_status":"closed","template":"","meta":[],"product_brand":[1158],"product_cat":[1179],"product_tag":[962,959],"class_list":{"0":"post-10461","1":"product","2":"type-product","3":"status-publish","4":"has-post-thumbnail","6":"product_brand-waspe","7":"product_cat-12000-puffs","8":"product_tag-12k-puffs","9":"product_tag-more-than-10kpuffs","11":"first","12":"instock","13":"sale","14":"shipping-taxable","15":"purchasable","16":"product-type-variable"},"yoast_head":"<!-- This site is optimized with the Yoast SEO plugin v25.8 - https:\/\/yoast.com\/wordpress\/plugins\/seo\/ -->\n<title>WASPE Digital Box 12000 12K Puffs 20ml Einweg-E-Zigarette Original - ShopVapor<\/title>\n<meta name=\"description\" content=\"WASPE Digital Box 12000 \u2013 Bis zu 12.000 Z\u00fcge, 20 ml E-Liquid, 850 mAh Typ-C-Akku und Mesh-Coil f\u00fcr intensiven Geschmack. W\u00e4hlen Sie aus 0\u20135 % Nikotin und vielf\u00e4ltigen Aromen. Qualit\u00e4t und Langlebigkeit von WASPE!\" \/>\n<meta name=\"robots\" content=\"index, follow, max-snippet:-1, max-image-preview:large, max-video-preview:-1\" \/>\n<link rel=\"canonical\" href=\"https:\/\/shopvapor.de\/ja\/product\/wape-digital-box-12000-12k-\u30d1\u30d5-20ml-\u4f7f\u3044\u6368\u3066-e-\u30bf\u30d0\u30b3-\u30aa\u30ea\u30b8\u30ca\u30eb\/\" \/>\n<meta property=\"og:locale\" content=\"ja_JP\" \/>\n<meta property=\"og:type\" content=\"article\" \/>\n<meta property=\"og:title\" content=\"WASPE Digital Box 12000 12K Puffs 20ml Einweg-E-Zigarette Original - ShopVapor\" \/>\n<meta property=\"og:description\" content=\"WASPE Digital Box 12000 \u2013 Bis zu 12.000 Z\u00fcge, 20 ml E-Liquid, 850 mAh Typ-C-Akku und Mesh-Coil f\u00fcr intensiven Geschmack. W\u00e4hlen Sie aus 0\u20135 % Nikotin und vielf\u00e4ltigen Aromen. Qualit\u00e4t und Langlebigkeit von WASPE!\" \/>\n<meta property=\"og:url\" content=\"https:\/\/shopvapor.de\/ja\/product\/wape-digital-box-12000-12k-\u30d1\u30d5-20ml-\u4f7f\u3044\u6368\u3066-e-\u30bf\u30d0\u30b3-\u30aa\u30ea\u30b8\u30ca\u30eb\/\" \/>\n<meta property=\"og:site_name\" content=\"ShopVapor\" \/>\n<meta property=\"article:modified_time\" content=\"2025-07-15T03:57:43+00:00\" \/>\n<meta property=\"og:image\" content=\"https:\/\/shopvapor.de\/wp-content\/uploads\/2025\/07\/waspe-digital-box-12000-12k-puffs-20ml-einweg-e-zigarette-original-12.jpg\" \/>\n\t<meta property=\"og:image:width\" content=\"980\" \/>\n\t<meta property=\"og:image:height\" content=\"980\" \/>\n\t<meta property=\"og:image:type\" content=\"image\/jpeg\" \/>\n<meta name=\"twitter:card\" content=\"summary_large_image\" \/>\n<meta name=\"twitter:label1\" content=\"\u63a8\u5b9a\u8aad\u307f\u53d6\u308a\u6642\u9593\" \/>\n\t<meta name=\"twitter:data1\" content=\"4\u5206\" \/>\n<!-- \/ Yoast SEO plugin. -->","yoast_head_json":{"title":"Wape Digital Box 12000 12K \u30d1\u30d5 20ml \u4f7f\u3044\u6368\u3066\u96fb\u5b50\u30bf\u30d0\u30b3 \u30aa\u30ea\u30b8\u30ca\u30eb - ShopVapor","description":"WASPE DIGITAL BOX 12000 \u2013 \u6700\u5927 12,000 \u5217\u306e\u5217\u8eca\u300120 ml \u306e\u96fb\u5b50\u6db2\u4f53\u3001850 mAh \u306e\u30bf\u30a4\u30d7 C \u30d0\u30c3\u30c6\u30ea\u30fc\u3068\u3001\u5f37\u70c8\u306a\u5473\u3092\u5b9f\u73fe\u3059\u308b\u30e1\u30c3\u30b7\u30e5 \u30b3\u30a4\u30eb\u3002 0-5 % \u30cb\u30b3\u30c1\u30f3\u3068\u591a\u69d8\u306a\u30d5\u30ec\u30fc\u30d0\u30fc\u304b\u3089\u304a\u9078\u3073\u304f\u3060\u3055\u3044\u3002 WASPE \u306e\u54c1\u8cea\u3068\u5bff\u547d\uff01","robots":{"index":"index","follow":"follow","max-snippet":"max-snippet:-1","max-image-preview":"max-image-preview:large","max-video-preview":"max-video-preview:-1"},"canonical":"https:\/\/shopvapor.de\/ja\/product\/wape-digital-box-12000-12k-\u30d1\u30d5-20ml-\u4f7f\u3044\u6368\u3066-e-\u30bf\u30d0\u30b3-\u30aa\u30ea\u30b8\u30ca\u30eb\/","og_locale":"ja_JP","og_type":"article","og_title":"WASPE Digital Box 12000 12K Puffs 20ml Einweg-E-Zigarette Original - ShopVapor","og_description":"WASPE Digital Box 12000 \u2013 Bis zu 12.000 Z\u00fcge, 20 ml E-Liquid, 850 mAh Typ-C-Akku und Mesh-Coil f\u00fcr intensiven Geschmack. W\u00e4hlen Sie aus 0\u20135 % Nikotin und vielf\u00e4ltigen Aromen. Qualit\u00e4t und Langlebigkeit von WASPE!","og_url":"https:\/\/shopvapor.de\/ja\/product\/wape-digital-box-12000-12k-\u30d1\u30d5-20ml-\u4f7f\u3044\u6368\u3066-e-\u30bf\u30d0\u30b3-\u30aa\u30ea\u30b8\u30ca\u30eb\/","og_site_name":"ShopVapor","article_modified_time":"2025-07-15T03:57:43+00:00","og_image":[{"width":980,"height":980,"url":"https:\/\/shopvapor.de\/wp-content\/uploads\/2025\/07\/waspe-digital-box-12000-12k-puffs-20ml-einweg-e-zigarette-original-12.jpg","type":"image\/jpeg"}],"twitter_card":"summary_large_image","twitter_misc":{"\u63a8\u5b9a\u8aad\u307f\u53d6\u308a\u6642\u9593":"4\u5206"},"schema":{"@context":"https:\/\/schema.org","@graph":[{"@type":"WebPage","@id":"https:\/\/shopvapor.de\/produkt\/waspe-digital-box-12000-12k-puffs-20ml-einweg-e-zigarette-original\/","url":"https:\/\/shopvapor.de\/produkt\/waspe-digital-box-12000-12k-puffs-20ml-einweg-e-zigarette-original\/","name":"Wape Digital Box 12000 12K \u30d1\u30d5 20ml \u4f7f\u3044\u6368\u3066\u96fb\u5b50\u30bf\u30d0\u30b3 \u30aa\u30ea\u30b8\u30ca\u30eb - ShopVapor","isPartOf":{"@id":"https:\/\/shopvapor.de\/#website"},"primaryImageOfPage":{"@id":"https:\/\/shopvapor.de\/produkt\/waspe-digital-box-12000-12k-puffs-20ml-einweg-e-zigarette-original\/#primaryimage"},"image":{"@id":"https:\/\/shopvapor.de\/produkt\/waspe-digital-box-12000-12k-puffs-20ml-einweg-e-zigarette-original\/#primaryimage"},"thumbnailUrl":"https:\/\/shopvapor.de\/wp-content\/uploads\/2025\/07\/waspe-digital-box-12000-12k-puffs-20ml-einweg-e-zigarette-original-12.jpg","datePublished":"2025-07-02T07:32:49+00:00","dateModified":"2025-07-15T03:57:43+00:00","description":"WASPE DIGITAL BOX 12000 \u2013 \u6700\u5927 12,000 \u5217\u306e\u5217\u8eca\u300120 ml \u306e\u96fb\u5b50\u6db2\u4f53\u3001850 mAh \u306e\u30bf\u30a4\u30d7 C \u30d0\u30c3\u30c6\u30ea\u30fc\u3068\u3001\u5f37\u70c8\u306a\u5473\u3092\u5b9f\u73fe\u3059\u308b\u30e1\u30c3\u30b7\u30e5 \u30b3\u30a4\u30eb\u3002 0-5 % \u30cb\u30b3\u30c1\u30f3\u3068\u591a\u69d8\u306a\u30d5\u30ec\u30fc\u30d0\u30fc\u304b\u3089\u304a\u9078\u3073\u304f\u3060\u3055\u3044\u3002 WASPE \u306e\u54c1\u8cea\u3068\u5bff\u547d\uff01","breadcrumb":{"@id":"https:\/\/shopvapor.de\/produkt\/waspe-digital-box-12000-12k-puffs-20ml-einweg-e-zigarette-original\/#breadcrumb"},"inLanguage":"ja","potentialAction":[{"@type":"ReadAction","target":["https:\/\/shopvapor.de\/produkt\/waspe-digital-box-12000-12k-puffs-20ml-einweg-e-zigarette-original\/"]}]},{"@type":"ImageObject","inLanguage":"ja","@id":"https:\/\/shopvapor.de\/produkt\/waspe-digital-box-12000-12k-puffs-20ml-einweg-e-zigarette-original\/#primaryimage","url":"https:\/\/shopvapor.de\/wp-content\/uploads\/2025\/07\/waspe-digital-box-12000-12k-puffs-20ml-einweg-e-zigarette-original-12.jpg","contentUrl":"https:\/\/shopvapor.de\/wp-content\/uploads\/2025\/07\/waspe-digital-box-12000-12k-puffs-20ml-einweg-e-zigarette-original-12.jpg","width":980,"height":980},{"@type":"BreadcrumbList","@id":"https:\/\/shopvapor.de\/produkt\/waspe-digital-box-12000-12k-puffs-20ml-einweg-e-zigarette-original\/#breadcrumb","itemListElement":[{"@type":"ListItem","position":1,"name":"Startseite","item":"https:\/\/shopvapor.de\/"},{"@type":"ListItem","position":2,"name":"Shop","item":"https:\/\/shopvapor.de\/shop\/"},{"@type":"ListItem","position":3,"name":"WASPE Digital Box 12000 12K Puffs 20ml Einweg-E-Zigarette Original"}]},{"@type":"WebSite","@id":"https:\/\/shopvapor.de\/#website","url":"https:\/\/shopvapor.de\/","name":"\u30b7\u30e7\u30c3\u30d7\u30d9\u30fc\u30d1\u30fc","description":"","potentialAction":[{"@type":"SearchAction","target":{"@type":"EntryPoint","urlTemplate":"https:\/\/shopvapor.de\/?s={search_term_string}"},"query-input":{"@type":"PropertyValueSpecification","valueRequired":true,"valueName":"search_term_string"}}],"inLanguage":"ja"}]}},"_links":{"self":[{"href":"https:\/\/shopvapor.de\/ja\/wp-json\/wp\/v2\/product\/10461","targetHints":{"allow":["GET"]}}],"collection":[{"href":"https:\/\/shopvapor.de\/ja\/wp-json\/wp\/v2\/product"}],"about":[{"href":"https:\/\/shopvapor.de\/ja\/wp-json\/wp\/v2\/types\/product"}],"replies":[{"embeddable":true,"href":"https:\/\/shopvapor.de\/ja\/wp-json\/wp\/v2\/comments?post=10461"}],"version-history":[{"count":3,"href":"https:\/\/shopvapor.de\/ja\/wp-json\/wp\/v2\/product\/10461\/revisions"}],"predecessor-version":[{"id":11813,"href":"https:\/\/shopvapor.de\/ja\/wp-json\/wp\/v2\/product\/10461\/revisions\/11813"}],"wp:featuredmedia":[{"embeddable":true,"href":"https:\/\/shopvapor.de\/ja\/wp-json\/wp\/v2\/media\/10476"}],"wp:attachment":[{"href":"https:\/\/shopvapor.de\/ja\/wp-json\/wp\/v2\/media?parent=10461"}],"wp:term":[{"taxonomy":"product_brand","embeddable":true,"href":"https:\/\/shopvapor.de\/ja\/wp-json\/wp\/v2\/product_brand?post=10461"},{"taxonomy":"product_cat","embeddable":true,"href":"https:\/\/shopvapor.de\/ja\/wp-json\/wp\/v2\/product_cat?post=10461"},{"taxonomy":"product_tag","embeddable":true,"href":"https:\/\/shopvapor.de\/ja\/wp-json\/wp\/v2\/product_tag?post=10461"}],"curies":[{"name":"wp","href":"https:\/\/api.w.org\/{rel}","templated":true}]}}